{"id":1651,"date":"2024-12-19T20:29:10","date_gmt":"2024-12-19T18:29:10","guid":{"rendered":"https:\/\/equidash.eu\/?post_type=product&#038;p=1651"},"modified":"2025-06-08T16:34:17","modified_gmt":"2025-06-08T14:34:17","slug":"hv-polo-outdoor-blanket-3in1-jet","status":"publish","type":"product","link":"https:\/\/equidash.eu\/et\/shop\/horse\/hv-polo-outdoor-blanket-3in1-jet\/","title":{"rendered":"HV Polo 3in1 tekkide komplekt Jet"},"content":{"rendered":"<p>HV Polo kolm \u00fches tekkide komplekt Jet sisaldab kolme kihti: veekindlat \u00f5uetekki (0g), sooja tallitekki (200g) ja m\u00f5nusat fliistekki. Neid kihte saab kasutada nii koos kui ka eraldi, et tagada maksimaalne paindlikkus ja mugavus. Valmistatud vastupidavatest materjalidest, on komplekt sobilik igasugustes ilmastikutingimustes.<\/p>\n<p>\u00d5UETEKK:<\/p>\n<ul>\n<li>\u00d5uetekk on valmistatud tugevast ja vastupidavast 600 den materjalist, mis on veekindel ja hingav. T\u00e4idise paksus 0g.<\/li>\n<li>Sisemus libedast pol\u00fcestervoodrist, mida on lihtne puhastada.<\/li>\n<li>Topelt T-klambri kinnitus rinnal.<\/li>\n<li>Eemaldatavad ja reguleeritavad k\u00f5hualused rihmad.<\/li>\n<li>Sammul\u00f5hikud k\u00fclgedel t\u00e4iendavaks liikumisvabaduseks.<\/li>\n<li>Pikk sabaosa koos helkurtriipudega.<\/li>\n<li>Reguleeeritavad jalarihmad.<\/li>\n<\/ul>\n<p>TALLITEKK:<\/p>\n<ul>\n<li>Tallitekk on valmistatud tugevast ja vastupidavast 420 den materjalist, mis on veekindel ja hingav, ning sisaldab 200-grammist t\u00e4idist.<\/li>\n<li>Sisemus libedast pol\u00fcestervoodrist, mida on lihtne puhastada.<\/li>\n<li>T-klabri kinnitus rinnal koos kr\u00f5psuga kaitseklapiga.<\/li>\n<li>Pehme fliisiosa turjal, et pakkuda t\u00e4iendavat kaitset.<\/li>\n<li>Sabarihm<\/li>\n<\/ul>\n<p>FLIISTEKK:<\/p>\n<ul>\n<li>Fliistekk on valmistatud pehmest 260-grammi tihetusega fliiskangast, mis on hingav ja niiskust l\u00e4bilaskev. Higi imendub kiiresti v\u00e4lja teki peale.<\/li>\n<li>T-klabri kinnitus rinnal koos kr\u00f5psuga kaitseklapiga.<\/li>\n<li>Pehme fliisiosa turjal, et pakkuda t\u00e4iendavat kaitset.<\/li>\n<li>Sabarihm<\/li>\n<\/ul>\n<p>Tekk tuleb eemaldatava kaelaosaga, mis on veekindel ja hingav 0g. Kaelaosa saab kinnitada k\u00f5igile kolmele tekile.<\/p>\n<div class=\"product-sub-infomation\"><\/div>","protected":false},"excerpt":{"rendered":"<p class=\"ai-optimize-23 ai-optimize-introduction\"><a href=\"https:\/\/equidash.es\/product-tag\/hv-polo\/\"><img decoding=\"async\" style=\"height: 60px; margin-top: 20px;\" src=\"https:\/\/equidash.eu\/wp-content\/uploads\/2024\/10\/HVP-1.png\" alt=\"\" \/><\/a><\/p>","protected":false},"featured_media":1653,"template":"","meta":{"_acf_changed":false,"_joinchat":[]},"product_brand":[511],"product_cat":[236,27,233,235,234],"product_tag":[319,280,28,277,275],"class_list":{"0":"post-1651","1":"product","2":"type-product","3":"status-publish","4":"has-post-thumbnail","6":"product_brand-hv-polo","7":"product_cat-coolers-fleece-rugs","8":"product_cat-horse","9":"product_cat-horse-rugs","10":"product_cat-stable-rugs","11":"product_cat-turnout-rugs","12":"product_tag-3in1","13":"product_tag-fleece-rug","14":"product_tag-hv-polo","15":"product_tag-stable-rug","16":"product_tag-turnout-rug","17":"pa_colors-navy","18":"pa_size-156","19":"pa_size-157","20":"pa_size-158","21":"pa_size-159","22":"pa_size-160","24":"first","25":"onbackorder","26":"taxable","27":"shipping-taxable","28":"purchasable","29":"product-type-variable"},"acf":[],"yoast_head":"<!-- This site is optimized with the Yoast SEO Premium plugin v26.2 (Yoast SEO v27.2) - https:\/\/yoast.com\/product\/yoast-seo-premium-wordpress\/ -->\n<title>HV Polo Outdoor Blanket 3in1 Jet | Parima hinnaga ratsavarustuse e-pood<\/title>\n<meta name=\"description\" content=\"HV Polo Outdoor Blanket 3in1 Jet\" \/>\n<meta name=\"robots\" content=\"index, follow, max-snippet:-1, max-image-preview:large, max-video-preview:-1\" \/>\n<link rel=\"canonical\" href=\"https:\/\/equidash.eu\/et\/shop\/hobune\/hv-polo-outdoor-blanket-3in1-jet\/\" \/>\n<meta property=\"og:locale\" content=\"et_EE\" \/>\n<meta property=\"og:type\" content=\"article\" \/>\n<meta property=\"og:title\" content=\"HV Polo Outdoor Blanket 3in1 Jet\" \/>\n<meta property=\"og:description\" content=\"HV Polo Outdoor Blanket 3in1 Jet\" \/>\n<meta property=\"og:url\" content=\"https:\/\/equidash.eu\/et\/shop\/hobune\/hv-polo-outdoor-blanket-3in1-jet\/\" \/>\n<meta property=\"og:site_name\" content=\"Parima hinnaga ratsavarustuse e-pood\" \/>\n<meta property=\"article:publisher\" content=\"https:\/\/www.facebook.com\/people\/EquiDash\/61560864479586\/\" \/>\n<meta property=\"article:modified_time\" content=\"2025-06-08T14:34:17+00:00\" \/>\n<meta property=\"og:image\" content=\"https:\/\/equidash.eu\/wp-content\/uploads\/2024\/12\/HVP_Outdoor-Blanket_3in1_All-scaled.jpg\" \/>\n\t<meta property=\"og:image:width\" content=\"2560\" \/>\n\t<meta property=\"og:image:height\" content=\"2560\" \/>\n\t<meta property=\"og:image:type\" content=\"image\/jpeg\" \/>\n<meta name=\"twitter:card\" content=\"summary_large_image\" \/>\n<meta name=\"twitter:label1\" content=\"Availability\" \/>\n\t<meta name=\"twitter:data1\" content=\"On backorder\" \/>\n<script type=\"application\/ld+json\" class=\"yoast-schema-graph\">{\"@context\":\"https:\/\/schema.org\",\"@graph\":[{\"@type\":\"WebPage\",\"@id\":\"https:\/\/equidash.eu\/shop\/horse\/hv-polo-outdoor-blanket-3in1-jet\/\",\"url\":\"https:\/\/equidash.eu\/shop\/horse\/hv-polo-outdoor-blanket-3in1-jet\/\",\"name\":\"HV Polo Outdoor Blanket 3in1 Jet | Parima hinnaga ratsavarustuse e-pood\",\"isPartOf\":{\"@id\":\"https:\/\/equidash.eu\/#website\"},\"primaryImageOfPage\":{\"@id\":\"https:\/\/equidash.eu\/shop\/horse\/hv-polo-outdoor-blanket-3in1-jet\/#primaryimage\"},\"image\":{\"@id\":\"https:\/\/equidash.eu\/shop\/horse\/hv-polo-outdoor-blanket-3in1-jet\/#primaryimage\"},\"thumbnailUrl\":\"https:\/\/equidash.eu\/wp-content\/uploads\/2024\/12\/HVP_Outdoor-Blanket_3in1_All-scaled.jpg\",\"datePublished\":\"2024-12-19T18:29:10+00:00\",\"dateModified\":\"2025-06-08T14:34:17+00:00\",\"description\":\"HV Polo Outdoor Blanket 3in1 Jet\",\"breadcrumb\":{\"@id\":\"https:\/\/equidash.eu\/shop\/horse\/hv-polo-outdoor-blanket-3in1-jet\/#breadcrumb\"},\"inLanguage\":\"et\",\"potentialAction\":[{\"@type\":\"ReadAction\",\"target\":[\"https:\/\/equidash.eu\/shop\/horse\/hv-polo-outdoor-blanket-3in1-jet\/\"]}]},{\"@type\":\"ImageObject\",\"inLanguage\":\"et\",\"@id\":\"https:\/\/equidash.eu\/shop\/horse\/hv-polo-outdoor-blanket-3in1-jet\/#primaryimage\",\"url\":\"https:\/\/equidash.eu\/wp-content\/uploads\/2024\/12\/HVP_Outdoor-Blanket_3in1_All-scaled.jpg\",\"contentUrl\":\"https:\/\/equidash.eu\/wp-content\/uploads\/2024\/12\/HVP_Outdoor-Blanket_3in1_All-scaled.jpg\",\"width\":2560,\"height\":2560},{\"@type\":\"BreadcrumbList\",\"@id\":\"https:\/\/equidash.eu\/shop\/horse\/hv-polo-outdoor-blanket-3in1-jet\/#breadcrumb\",\"itemListElement\":[{\"@type\":\"ListItem\",\"position\":1,\"name\":\"Home\",\"item\":\"https:\/\/equidash.eu\/\"},{\"@type\":\"ListItem\",\"position\":2,\"name\":\"Shop\",\"item\":\"https:\/\/equidash.eu\/shop\/\"},{\"@type\":\"ListItem\",\"position\":3,\"name\":\"HV Polo Outdoor Blanket 3in1 Jet\"}]},{\"@type\":\"WebSite\",\"@id\":\"https:\/\/equidash.eu\/#website\",\"url\":\"https:\/\/equidash.eu\/\",\"name\":\"EquiDash\",\"description\":\"Horse Riding Equipment and Accessories\",\"publisher\":{\"@id\":\"https:\/\/equidash.eu\/#organization\"},\"alternateName\":\"EquiDash\",\"potentialAction\":[{\"@type\":\"SearchAction\",\"target\":{\"@type\":\"EntryPoint\",\"urlTemplate\":\"https:\/\/equidash.eu\/?s={search_term_string}\"},\"query-input\":{\"@type\":\"PropertyValueSpecification\",\"valueRequired\":true,\"valueName\":\"search_term_string\"}}],\"inLanguage\":\"et\"},{\"@type\":\"Organization\",\"@id\":\"https:\/\/equidash.eu\/#organization\",\"name\":\"EquiDash\",\"alternateName\":\"EquiDash\",\"url\":\"https:\/\/equidash.eu\/\",\"logo\":{\"@type\":\"ImageObject\",\"inLanguage\":\"et\",\"@id\":\"https:\/\/equidash.eu\/#\/schema\/logo\/image\/\",\"url\":\"https:\/\/equidash.eu\/wp-content\/uploads\/2024\/09\/EQUIDASH_Logo_Raud-1.png\",\"contentUrl\":\"https:\/\/equidash.eu\/wp-content\/uploads\/2024\/09\/EQUIDASH_Logo_Raud-1.png\",\"width\":393,\"height\":422,\"caption\":\"EquiDash\"},\"image\":{\"@id\":\"https:\/\/equidash.eu\/#\/schema\/logo\/image\/\"},\"sameAs\":[\"https:\/\/www.facebook.com\/people\/EquiDash\/61560864479586\/\",\"https:\/\/www.instagram.com\/equidash.eshop\/\"],\"email\":\"info@equidash.eu\",\"telephone\":\"+372 59007334\",\"legalName\":\"Takian Corporation O\u00dc\",\"foundingDate\":\"2020-10-21\",\"vatID\":\"EE102301283\",\"numberOfEmployees\":{\"@type\":\"QuantitativeValue\",\"minValue\":\"1\",\"maxValue\":\"10\"},\"hasMerchantReturnPolicy\":{\"@type\":\"MerchantReturnPolicy\",\"merchantReturnLink\":\"https:\/\/equidash.eu\/et\/return-privacy\/\"}}]}<\/script>\n<meta property=\"product:brand\" content=\"HV Polo\" \/>\n<meta property=\"og:availability\" content=\"backorder\" \/>\n<meta property=\"product:availability\" content=\"available for order\" \/>\n<meta property=\"product:retailer_item_id\" content=\"2402093500\" \/>\n<meta property=\"product:condition\" content=\"new\" \/>\n<!-- \/ Yoast SEO Premium plugin. -->","yoast_head_json":{"title":"HV Polo Outdoor Blanket 3in1 Jet | Parima hinnaga ratsavarustuse e-pood","description":"HV Polo 3in1 tekkide komplekt Jet","robots":{"index":"index","follow":"follow","max-snippet":"max-snippet:-1","max-image-preview":"max-image-preview:large","max-video-preview":"max-video-preview:-1"},"canonical":"https:\/\/equidash.eu\/et\/shop\/hobune\/hv-polo-outdoor-blanket-3in1-jet\/","og_locale":"et_EE","og_type":"article","og_title":"HV Polo Outdoor Blanket 3in1 Jet","og_description":"HV Polo Outdoor Blanket 3in1 Jet","og_url":"https:\/\/equidash.eu\/et\/shop\/hobune\/hv-polo-outdoor-blanket-3in1-jet\/","og_site_name":"Parima hinnaga ratsavarustuse e-pood","article_publisher":"https:\/\/www.facebook.com\/people\/EquiDash\/61560864479586\/","article_modified_time":"2025-06-08T14:34:17+00:00","og_image":[{"width":2560,"height":2560,"url":"https:\/\/equidash.eu\/wp-content\/uploads\/2024\/12\/HVP_Outdoor-Blanket_3in1_All-scaled.jpg","type":"image\/jpeg"}],"twitter_card":"summary_large_image","twitter_misc":{"Availability":"On backorder"},"schema":{"@context":"https:\/\/schema.org","@graph":[{"@type":"WebPage","@id":"https:\/\/equidash.eu\/shop\/horse\/hv-polo-outdoor-blanket-3in1-jet\/","url":"https:\/\/equidash.eu\/shop\/horse\/hv-polo-outdoor-blanket-3in1-jet\/","name":"HV Polo Outdoor Blanket 3in1 Jet | Parima hinnaga ratsavarustuse e-pood","isPartOf":{"@id":"https:\/\/equidash.eu\/#website"},"primaryImageOfPage":{"@id":"https:\/\/equidash.eu\/shop\/horse\/hv-polo-outdoor-blanket-3in1-jet\/#primaryimage"},"image":{"@id":"https:\/\/equidash.eu\/shop\/horse\/hv-polo-outdoor-blanket-3in1-jet\/#primaryimage"},"thumbnailUrl":"https:\/\/equidash.eu\/wp-content\/uploads\/2024\/12\/HVP_Outdoor-Blanket_3in1_All-scaled.jpg","datePublished":"2024-12-19T18:29:10+00:00","dateModified":"2025-06-08T14:34:17+00:00","description":"HV Polo 3in1 tekkide komplekt Jet","breadcrumb":{"@id":"https:\/\/equidash.eu\/shop\/horse\/hv-polo-outdoor-blanket-3in1-jet\/#breadcrumb"},"inLanguage":"et","potentialAction":[{"@type":"ReadAction","target":["https:\/\/equidash.eu\/shop\/horse\/hv-polo-outdoor-blanket-3in1-jet\/"]}]},{"@type":"ImageObject","inLanguage":"et","@id":"https:\/\/equidash.eu\/shop\/horse\/hv-polo-outdoor-blanket-3in1-jet\/#primaryimage","url":"https:\/\/equidash.eu\/wp-content\/uploads\/2024\/12\/HVP_Outdoor-Blanket_3in1_All-scaled.jpg","contentUrl":"https:\/\/equidash.eu\/wp-content\/uploads\/2024\/12\/HVP_Outdoor-Blanket_3in1_All-scaled.jpg","width":2560,"height":2560},{"@type":"BreadcrumbList","@id":"https:\/\/equidash.eu\/shop\/horse\/hv-polo-outdoor-blanket-3in1-jet\/#breadcrumb","itemListElement":[{"@type":"ListItem","position":1,"name":"Home","item":"https:\/\/equidash.eu\/"},{"@type":"ListItem","position":2,"name":"Shop","item":"https:\/\/equidash.eu\/shop\/"},{"@type":"ListItem","position":3,"name":"HV Polo Outdoor Blanket 3in1 Jet"}]},{"@type":"WebSite","@id":"https:\/\/equidash.eu\/#website","url":"https:\/\/equidash.eu\/","name":"EquiDash","description":"Horse Riding Equipment and Accessories","publisher":{"@id":"https:\/\/equidash.eu\/#organization"},"alternateName":"EquiDash","potentialAction":[{"@type":"SearchAction","target":{"@type":"EntryPoint","urlTemplate":"https:\/\/equidash.eu\/?s={search_term_string}"},"query-input":{"@type":"PropertyValueSpecification","valueRequired":true,"valueName":"search_term_string"}}],"inLanguage":"et"},{"@type":"Organization","@id":"https:\/\/equidash.eu\/#organization","name":"EquiDash","alternateName":"EquiDash","url":"https:\/\/equidash.eu\/","logo":{"@type":"ImageObject","inLanguage":"et","@id":"https:\/\/equidash.eu\/#\/schema\/logo\/image\/","url":"https:\/\/equidash.eu\/wp-content\/uploads\/2024\/09\/EQUIDASH_Logo_Raud-1.png","contentUrl":"https:\/\/equidash.eu\/wp-content\/uploads\/2024\/09\/EQUIDASH_Logo_Raud-1.png","width":393,"height":422,"caption":"EquiDash"},"image":{"@id":"https:\/\/equidash.eu\/#\/schema\/logo\/image\/"},"sameAs":["https:\/\/www.facebook.com\/people\/EquiDash\/61560864479586\/","https:\/\/www.instagram.com\/equidash.eshop\/"],"email":"info@equidash.eu","telephone":"+372 59007334","legalName":"Takian Corporation O\u00dc","foundingDate":"2020-10-21","vatID":"EE102301283","numberOfEmployees":{"@type":"QuantitativeValue","minValue":"1","maxValue":"10"},"hasMerchantReturnPolicy":{"@type":"MerchantReturnPolicy","merchantReturnLink":"https:\/\/equidash.eu\/et\/return-privacy\/"}}]},"product_brand":"HV Polo","og_availability":"backorder","product_availability":"available for order","product_retailer_item_id":"2402093500","product_condition":"new"},"_links":{"self":[{"href":"https:\/\/equidash.eu\/et\/wp-json\/wp\/v2\/product\/1651","targetHints":{"allow":["GET"]}}],"collection":[{"href":"https:\/\/equidash.eu\/et\/wp-json\/wp\/v2\/product"}],"about":[{"href":"https:\/\/equidash.eu\/et\/wp-json\/wp\/v2\/types\/product"}],"wp:featuredmedia":[{"embeddable":true,"href":"https:\/\/equidash.eu\/et\/wp-json\/wp\/v2\/media\/1653"}],"wp:attachment":[{"href":"https:\/\/equidash.eu\/et\/wp-json\/wp\/v2\/media?parent=1651"}],"wp:term":[{"taxonomy":"product_brand","embeddable":true,"href":"https:\/\/equidash.eu\/et\/wp-json\/wp\/v2\/product_brand?post=1651"},{"taxonomy":"product_cat","embeddable":true,"href":"https:\/\/equidash.eu\/et\/wp-json\/wp\/v2\/product_cat?post=1651"},{"taxonomy":"product_tag","embeddable":true,"href":"https:\/\/equidash.eu\/et\/wp-json\/wp\/v2\/product_tag?post=1651"}],"curies":[{"name":"wp","href":"https:\/\/api.w.org\/{rel}","templated":true}]}}