{"id":1721,"date":"2024-12-21T15:04:03","date_gmt":"2024-12-21T13:04:03","guid":{"rendered":"https:\/\/equidash.eu\/?post_type=product&#038;p=1721"},"modified":"2025-06-08T16:43:16","modified_gmt":"2025-06-08T14:43:16","slug":"mountain-horse-jodhpur-boots-arctica-zip-paddock","status":"publish","type":"product","link":"https:\/\/equidash.eu\/et\/shop\/rider\/mountain-horse-jodhpur-boots-arctica-zip-paddock\/","title":{"rendered":"Mountain Horse lukuga soojad poolsaapad Arctica"},"content":{"rendered":"<p>Mountain Horse soojad ratsasaapad Arctica Zip Paddock kuuluvad vastupidavasse ja kvaliteetsesse Arctica sarja, paistavad silma arenenud tehnoloogia, \u00fclimugavuse ja erakordse haarduvusega. Loodud, et muuta teie igap\u00e4evaelu lihtsamaks k\u00f5ige k\u00fclmematel ja libedamatel talvep\u00e4evadel!<\/p>\n<p>Arctica Zip Paddock on veekindlad pealt lukug poolsaapad, mis valmistatud  vastupidavatest materjalidest, mis t\u00f5husalt blokeerivad k\u00fclma ja niiskuse. Poolsaapad hoiavad jalad kogu p\u00e4eva sooja ja kuivana. Talla all on v\u00e4ljat\u00f5mmatav Ice Hook Technology\u2122 j\u00e4\u00e4konksus\u00fcsteem, mis tagab v\u00e4ga hea haarduvuse libedaga. Lisaks on saabaste sisetald l\u00f6\u00f6ke neelavast materjalist, et tagada maksimaalne mugavust igas tegevuses.<\/p>\n<p>Talvesaapad on varustatud helkurpaneelide ja pealt YKK\u00ae t\u00f5mblukuga.<\/p>\n<ul>\n<li>Tugevast ja kauakestvast materjalist<\/li>\n<li>Veekindlad<\/li>\n<li>Tugevad ja mustrilised tallad koos sisseehitatud Ice Hook TechnologyTM ehk v\u00e4ljat\u00f5mmatav j\u00e4\u00e4konksus\u00fcsteem kanna osas, tagamaks maksimaalse haarde<\/li>\n<li>Paindlikud osad pehmest vylonist (tagamaks mugavuse ja liikumisvabaduse)<\/li>\n<li>Integreeritud helkurpaneelid<\/li>\n<li>Valmistatud 3M Thinsulate\u2122 isolatsioonist - Thinsulate\u2122 on kerge ja \u00f5huke kiht jalan\u00f5ude sees, mis pakub suurep\u00e4rast soojust, kuid ei lisa saabastele liigset kaalu<\/li>\n<li>Niiskust imavast s\u00fcnteetilisest voodrist<\/li>\n<li>P\u00f5rutusi neelav Vertycore sisetallad - tehnoloogia on m\u00f5eldud v\u00e4hendama jalgadele m\u00f5juvaid l\u00f6\u00f6ke ja surveid, et tagad mugavus ka pikaajalise liikumise v\u00f5i aktiivsuse ajal.<\/li>\n<li>Vastupidav YKK\u00ae t\u00f5mblukk pealpool<\/li>\n<\/ul>\n<p>Rootsi br\u00e4nd Mountain Horse on \u00fcks tuntumaid nimesid ratsutamismaailmas ja on saanud ratsanike seas tohutult populaarseks t\u00e4nu oma funktsionaalsetele disainidele, mis on kohandatud P\u00f5hjamaade kliimatingimustega. J\u00e4tkusuutlikkus on p\u00f5hiprintsiip, mis l\u00e4bib kogu br\u00e4ndi tegevust, nii inimeste kui ka keskkonnam\u00f5jude osas, muutes Mountain Horse\u2019i t\u00e4pselt samamoodi armastatud br\u00e4ndiks t\u00e4na, nagu see oli 30 aastat tagasi.<\/p>","protected":false},"excerpt":{"rendered":"<p class=\"ai-optimize-23 ai-optimize-introduction\"><a href=\"https:\/\/equidash.eu\/et\/tootesilt\/mountain-horse\/\"><img decoding=\"async\" style=\"height: 60px; margin-top: 20px;\" src=\"https:\/\/equidash.eu\/wp-content\/uploads\/2024\/10\/Mountain-Horse-1.png\" alt=\"\" \/><\/a><\/p>","protected":false},"featured_media":1738,"template":"","meta":{"_acf_changed":false,"_joinchat":[]},"product_brand":[505],"product_cat":[332,22,354,331],"product_tag":[351,352,18,297],"class_list":{"0":"post-1721","1":"product","2":"type-product","3":"status-publish","4":"has-post-thumbnail","6":"product_brand-mountain-horse","7":"product_cat-riding-boots-jodhpur-boots","8":"product_cat-rider","9":"product_cat-riding-boots-rider","10":"product_cat-riding-boots-stable-boots","11":"product_tag-arctica","12":"product_tag-jodhpur","13":"product_tag-mountain-horse","14":"product_tag-winter","15":"pa_colors-black","16":"pa_footwear-333","17":"pa_footwear-341","18":"pa_footwear-340","19":"pa_footwear-339","20":"pa_footwear-338","21":"pa_footwear-337","22":"pa_footwear-336","24":"first","25":"onbackorder","26":"taxable","27":"shipping-taxable","28":"purchasable","29":"product-type-variable"},"acf":[],"yoast_head":"<!-- This site is optimized with the Yoast SEO Premium plugin v26.2 (Yoast SEO v27.2) - https:\/\/yoast.com\/product\/yoast-seo-premium-wordpress\/ -->\n<title>Mountain Horse Jodhpur Boots Arctica Zip Paddock | Parima hinnaga ratsavarustuse e-pood<\/title>\n<meta name=\"description\" content=\"Mountain Horse Jodhpur Boots Arctica Zip Paddock. Mountain Horse soojad ratsasaapad Arctica on parim valik k\u00f5ige libedamatel ja k\u00fclmematel p\u00e4evadel.\" \/>\n<meta name=\"robots\" content=\"index, follow, max-snippet:-1, max-image-preview:large, max-video-preview:-1\" \/>\n<link rel=\"canonical\" href=\"https:\/\/equidash.eu\/et\/shop\/ratsanik\/mountain-horse-jodhpur-boots-arctica-zip-paddock\/\" \/>\n<meta property=\"og:locale\" content=\"et_EE\" \/>\n<meta property=\"og:type\" content=\"article\" \/>\n<meta property=\"og:title\" content=\"Mountain Horse Jodhpur Boots Arctica Zip Paddock\" \/>\n<meta property=\"og:description\" content=\"Mountain Horse Jodhpur Boots Arctica Zip Paddock. Mountain Horse soojad ratsasaapad Arctica on parim valik k\u00f5ige libedamatel ja k\u00fclmematel p\u00e4evadel.\" \/>\n<meta property=\"og:url\" content=\"https:\/\/equidash.eu\/et\/shop\/ratsanik\/mountain-horse-jodhpur-boots-arctica-zip-paddock\/\" \/>\n<meta property=\"og:site_name\" content=\"Parima hinnaga ratsavarustuse e-pood\" \/>\n<meta property=\"article:publisher\" content=\"https:\/\/www.facebook.com\/people\/EquiDash\/61560864479586\/\" \/>\n<meta property=\"article:modified_time\" content=\"2025-06-08T14:43:16+00:00\" \/>\n<meta property=\"og:image\" content=\"https:\/\/equidash.eu\/wp-content\/uploads\/2024\/12\/Mountain-Horse_poolsaapad_arctica_zip.png\" \/>\n\t<meta property=\"og:image:width\" content=\"1080\" \/>\n\t<meta property=\"og:image:height\" content=\"1080\" \/>\n\t<meta property=\"og:image:type\" content=\"image\/png\" \/>\n<meta name=\"twitter:card\" content=\"summary_large_image\" \/>\n<meta name=\"twitter:label1\" content=\"Availability\" \/>\n\t<meta name=\"twitter:data1\" content=\"On backorder\" \/>\n<script type=\"application\/ld+json\" class=\"yoast-schema-graph\">{\"@context\":\"https:\/\/schema.org\",\"@graph\":[{\"@type\":\"WebPage\",\"@id\":\"https:\/\/equidash.eu\/shop\/rider\/mountain-horse-jodhpur-boots-arctica-zip-paddock\/\",\"url\":\"https:\/\/equidash.eu\/shop\/rider\/mountain-horse-jodhpur-boots-arctica-zip-paddock\/\",\"name\":\"Mountain Horse Jodhpur Boots Arctica Zip Paddock | Parima hinnaga ratsavarustuse e-pood\",\"isPartOf\":{\"@id\":\"https:\/\/equidash.eu\/#website\"},\"primaryImageOfPage\":{\"@id\":\"https:\/\/equidash.eu\/shop\/rider\/mountain-horse-jodhpur-boots-arctica-zip-paddock\/#primaryimage\"},\"image\":{\"@id\":\"https:\/\/equidash.eu\/shop\/rider\/mountain-horse-jodhpur-boots-arctica-zip-paddock\/#primaryimage\"},\"thumbnailUrl\":\"https:\/\/equidash.eu\/wp-content\/uploads\/2024\/12\/Mountain-Horse_poolsaapad_arctica_zip.png\",\"datePublished\":\"2024-12-21T13:04:03+00:00\",\"dateModified\":\"2025-06-08T14:43:16+00:00\",\"description\":\"Mountain Horse Jodhpur Boots Arctica Zip Paddock. Mountain Horse soojad ratsasaapad Arctica on parim valik k\u00f5ige libedamatel ja k\u00fclmematel p\u00e4evadel.\",\"breadcrumb\":{\"@id\":\"https:\/\/equidash.eu\/shop\/rider\/mountain-horse-jodhpur-boots-arctica-zip-paddock\/#breadcrumb\"},\"inLanguage\":\"et\",\"potentialAction\":[{\"@type\":\"ReadAction\",\"target\":[\"https:\/\/equidash.eu\/shop\/rider\/mountain-horse-jodhpur-boots-arctica-zip-paddock\/\"]}]},{\"@type\":\"ImageObject\",\"inLanguage\":\"et\",\"@id\":\"https:\/\/equidash.eu\/shop\/rider\/mountain-horse-jodhpur-boots-arctica-zip-paddock\/#primaryimage\",\"url\":\"https:\/\/equidash.eu\/wp-content\/uploads\/2024\/12\/Mountain-Horse_poolsaapad_arctica_zip.png\",\"contentUrl\":\"https:\/\/equidash.eu\/wp-content\/uploads\/2024\/12\/Mountain-Horse_poolsaapad_arctica_zip.png\",\"width\":1080,\"height\":1080,\"caption\":\"Mountain Horse Arctica Zip Paddock talvesaapad - tehnoloogia, mugavus ja haarduvus k\u00fclmadeks p\u00e4evadeks.\"},{\"@type\":\"BreadcrumbList\",\"@id\":\"https:\/\/equidash.eu\/shop\/rider\/mountain-horse-jodhpur-boots-arctica-zip-paddock\/#breadcrumb\",\"itemListElement\":[{\"@type\":\"ListItem\",\"position\":1,\"name\":\"Home\",\"item\":\"https:\/\/equidash.eu\/\"},{\"@type\":\"ListItem\",\"position\":2,\"name\":\"Shop\",\"item\":\"https:\/\/equidash.eu\/shop\/\"},{\"@type\":\"ListItem\",\"position\":3,\"name\":\"Mountain Horse Jodhpur Boots Arctica Zip Paddock\"}]},{\"@type\":\"WebSite\",\"@id\":\"https:\/\/equidash.eu\/#website\",\"url\":\"https:\/\/equidash.eu\/\",\"name\":\"EquiDash\",\"description\":\"Horse Riding Equipment and Accessories\",\"publisher\":{\"@id\":\"https:\/\/equidash.eu\/#organization\"},\"alternateName\":\"EquiDash\",\"potentialAction\":[{\"@type\":\"SearchAction\",\"target\":{\"@type\":\"EntryPoint\",\"urlTemplate\":\"https:\/\/equidash.eu\/?s={search_term_string}\"},\"query-input\":{\"@type\":\"PropertyValueSpecification\",\"valueRequired\":true,\"valueName\":\"search_term_string\"}}],\"inLanguage\":\"et\"},{\"@type\":\"Organization\",\"@id\":\"https:\/\/equidash.eu\/#organization\",\"name\":\"EquiDash\",\"alternateName\":\"EquiDash\",\"url\":\"https:\/\/equidash.eu\/\",\"logo\":{\"@type\":\"ImageObject\",\"inLanguage\":\"et\",\"@id\":\"https:\/\/equidash.eu\/#\/schema\/logo\/image\/\",\"url\":\"https:\/\/equidash.eu\/wp-content\/uploads\/2024\/09\/EQUIDASH_Logo_Raud-1.png\",\"contentUrl\":\"https:\/\/equidash.eu\/wp-content\/uploads\/2024\/09\/EQUIDASH_Logo_Raud-1.png\",\"width\":393,\"height\":422,\"caption\":\"EquiDash\"},\"image\":{\"@id\":\"https:\/\/equidash.eu\/#\/schema\/logo\/image\/\"},\"sameAs\":[\"https:\/\/www.facebook.com\/people\/EquiDash\/61560864479586\/\",\"https:\/\/www.instagram.com\/equidash.eshop\/\"],\"email\":\"info@equidash.eu\",\"telephone\":\"+372 59007334\",\"legalName\":\"Takian Corporation O\u00dc\",\"foundingDate\":\"2020-10-21\",\"vatID\":\"EE102301283\",\"numberOfEmployees\":{\"@type\":\"QuantitativeValue\",\"minValue\":\"1\",\"maxValue\":\"10\"},\"hasMerchantReturnPolicy\":{\"@type\":\"MerchantReturnPolicy\",\"merchantReturnLink\":\"https:\/\/equidash.eu\/et\/return-privacy\/\"}}]}<\/script>\n<meta property=\"product:brand\" content=\"Mountain Horse\" \/>\n<meta property=\"og:availability\" content=\"backorder\" \/>\n<meta property=\"product:availability\" content=\"available for order\" \/>\n<meta property=\"product:retailer_item_id\" content=\"01092\" \/>\n<meta property=\"product:condition\" content=\"new\" \/>\n<!-- \/ Yoast SEO Premium plugin. -->","yoast_head_json":{"title":"Mountain Horse Jodhpur Boots Arctica Zip Paddock | Parima hinnaga ratsavarustuse e-pood","description":"Mountain Horse Jodhpur Boots Arctica Zip Paddock. Mountain Horse soojad ratsasaapad Arctica on parim valik k\u00f5ige libedamatel ja k\u00fclmematel p\u00e4evadel.","robots":{"index":"index","follow":"follow","max-snippet":"max-snippet:-1","max-image-preview":"max-image-preview:large","max-video-preview":"max-video-preview:-1"},"canonical":"https:\/\/equidash.eu\/et\/shop\/ratsanik\/mountain-horse-jodhpur-boots-arctica-zip-paddock\/","og_locale":"et_EE","og_type":"article","og_title":"Mountain Horse Jodhpur Boots Arctica Zip Paddock","og_description":"Mountain Horse Jodhpur Boots Arctica Zip Paddock. Mountain Horse soojad ratsasaapad Arctica on parim valik k\u00f5ige libedamatel ja k\u00fclmematel p\u00e4evadel.","og_url":"https:\/\/equidash.eu\/et\/shop\/ratsanik\/mountain-horse-jodhpur-boots-arctica-zip-paddock\/","og_site_name":"Parima hinnaga ratsavarustuse e-pood","article_publisher":"https:\/\/www.facebook.com\/people\/EquiDash\/61560864479586\/","article_modified_time":"2025-06-08T14:43:16+00:00","og_image":[{"width":1080,"height":1080,"url":"https:\/\/equidash.eu\/wp-content\/uploads\/2024\/12\/Mountain-Horse_poolsaapad_arctica_zip.png","type":"image\/png"}],"twitter_card":"summary_large_image","twitter_misc":{"Availability":"On backorder"},"schema":{"@context":"https:\/\/schema.org","@graph":[{"@type":"WebPage","@id":"https:\/\/equidash.eu\/shop\/rider\/mountain-horse-jodhpur-boots-arctica-zip-paddock\/","url":"https:\/\/equidash.eu\/shop\/rider\/mountain-horse-jodhpur-boots-arctica-zip-paddock\/","name":"Mountain Horse Jodhpur Boots Arctica Zip Paddock | Parima hinnaga ratsavarustuse e-pood","isPartOf":{"@id":"https:\/\/equidash.eu\/#website"},"primaryImageOfPage":{"@id":"https:\/\/equidash.eu\/shop\/rider\/mountain-horse-jodhpur-boots-arctica-zip-paddock\/#primaryimage"},"image":{"@id":"https:\/\/equidash.eu\/shop\/rider\/mountain-horse-jodhpur-boots-arctica-zip-paddock\/#primaryimage"},"thumbnailUrl":"https:\/\/equidash.eu\/wp-content\/uploads\/2024\/12\/Mountain-Horse_poolsaapad_arctica_zip.png","datePublished":"2024-12-21T13:04:03+00:00","dateModified":"2025-06-08T14:43:16+00:00","description":"Mountain Horse Jodhpur Boots Arctica Zip Paddock. Mountain Horse soojad ratsasaapad Arctica on parim valik k\u00f5ige libedamatel ja k\u00fclmematel p\u00e4evadel.","breadcrumb":{"@id":"https:\/\/equidash.eu\/shop\/rider\/mountain-horse-jodhpur-boots-arctica-zip-paddock\/#breadcrumb"},"inLanguage":"et","potentialAction":[{"@type":"ReadAction","target":["https:\/\/equidash.eu\/shop\/rider\/mountain-horse-jodhpur-boots-arctica-zip-paddock\/"]}]},{"@type":"ImageObject","inLanguage":"et","@id":"https:\/\/equidash.eu\/shop\/rider\/mountain-horse-jodhpur-boots-arctica-zip-paddock\/#primaryimage","url":"https:\/\/equidash.eu\/wp-content\/uploads\/2024\/12\/Mountain-Horse_poolsaapad_arctica_zip.png","contentUrl":"https:\/\/equidash.eu\/wp-content\/uploads\/2024\/12\/Mountain-Horse_poolsaapad_arctica_zip.png","width":1080,"height":1080,"caption":"Mountain Horse Arctica Zip Paddock talvesaapad - tehnoloogia, mugavus ja haarduvus k\u00fclmadeks p\u00e4evadeks."},{"@type":"BreadcrumbList","@id":"https:\/\/equidash.eu\/shop\/rider\/mountain-horse-jodhpur-boots-arctica-zip-paddock\/#breadcrumb","itemListElement":[{"@type":"ListItem","position":1,"name":"Home","item":"https:\/\/equidash.eu\/"},{"@type":"ListItem","position":2,"name":"Shop","item":"https:\/\/equidash.eu\/shop\/"},{"@type":"ListItem","position":3,"name":"Mountain Horse Jodhpur Boots Arctica Zip Paddock"}]},{"@type":"WebSite","@id":"https:\/\/equidash.eu\/#website","url":"https:\/\/equidash.eu\/","name":"EquiDash","description":"Horse Riding Equipment and Accessories","publisher":{"@id":"https:\/\/equidash.eu\/#organization"},"alternateName":"EquiDash","potentialAction":[{"@type":"SearchAction","target":{"@type":"EntryPoint","urlTemplate":"https:\/\/equidash.eu\/?s={search_term_string}"},"query-input":{"@type":"PropertyValueSpecification","valueRequired":true,"valueName":"search_term_string"}}],"inLanguage":"et"},{"@type":"Organization","@id":"https:\/\/equidash.eu\/#organization","name":"EquiDash","alternateName":"EquiDash","url":"https:\/\/equidash.eu\/","logo":{"@type":"ImageObject","inLanguage":"et","@id":"https:\/\/equidash.eu\/#\/schema\/logo\/image\/","url":"https:\/\/equidash.eu\/wp-content\/uploads\/2024\/09\/EQUIDASH_Logo_Raud-1.png","contentUrl":"https:\/\/equidash.eu\/wp-content\/uploads\/2024\/09\/EQUIDASH_Logo_Raud-1.png","width":393,"height":422,"caption":"EquiDash"},"image":{"@id":"https:\/\/equidash.eu\/#\/schema\/logo\/image\/"},"sameAs":["https:\/\/www.facebook.com\/people\/EquiDash\/61560864479586\/","https:\/\/www.instagram.com\/equidash.eshop\/"],"email":"info@equidash.eu","telephone":"+372 59007334","legalName":"Takian Corporation O\u00dc","foundingDate":"2020-10-21","vatID":"EE102301283","numberOfEmployees":{"@type":"QuantitativeValue","minValue":"1","maxValue":"10"},"hasMerchantReturnPolicy":{"@type":"MerchantReturnPolicy","merchantReturnLink":"https:\/\/equidash.eu\/et\/return-privacy\/"}}]},"product_brand":"Mountain Horse","og_availability":"backorder","product_availability":"available for order","product_retailer_item_id":"01092","product_condition":"new"},"_links":{"self":[{"href":"https:\/\/equidash.eu\/et\/wp-json\/wp\/v2\/product\/1721","targetHints":{"allow":["GET"]}}],"collection":[{"href":"https:\/\/equidash.eu\/et\/wp-json\/wp\/v2\/product"}],"about":[{"href":"https:\/\/equidash.eu\/et\/wp-json\/wp\/v2\/types\/product"}],"wp:featuredmedia":[{"embeddable":true,"href":"https:\/\/equidash.eu\/et\/wp-json\/wp\/v2\/media\/1738"}],"wp:attachment":[{"href":"https:\/\/equidash.eu\/et\/wp-json\/wp\/v2\/media?parent=1721"}],"wp:term":[{"taxonomy":"product_brand","embeddable":true,"href":"https:\/\/equidash.eu\/et\/wp-json\/wp\/v2\/product_brand?post=1721"},{"taxonomy":"product_cat","embeddable":true,"href":"https:\/\/equidash.eu\/et\/wp-json\/wp\/v2\/product_cat?post=1721"},{"taxonomy":"product_tag","embeddable":true,"href":"https:\/\/equidash.eu\/et\/wp-json\/wp\/v2\/product_tag?post=1721"}],"curies":[{"name":"wp","href":"https:\/\/api.w.org\/{rel}","templated":true}]}}