{"id":1740,"date":"2024-12-21T18:35:25","date_gmt":"2024-12-21T16:35:25","guid":{"rendered":"https:\/\/equidash.eu\/?post_type=product&#038;p=1740"},"modified":"2025-06-08T16:39:43","modified_gmt":"2025-06-08T14:39:43","slug":"mountain-horse-winter-tall-boots-snowy-river","status":"publish","type":"product","link":"https:\/\/equidash.eu\/et\/shop\/rider\/mountain-horse-winter-tall-boots-snowy-river\/","title":{"rendered":"Mountain Horse soojad ratsasaapad Snowy River"},"content":{"rendered":"<p>Mountain Horse soojad ratsasaapad Snowy River \u00fchendab ilu ja funktsionaalsuse. Soojad saapad on m\u00f5eldud igap\u00e4evaseks talviseks ratsutamiseks,  millel on sooja voodriga s\u00e4\u00e4reosa ja veekindel alaosa. S\u00e4\u00e4re sisemus on kaetud kunstkarusnahaga, et hoida sind k\u00fclmadel p\u00e4evadel soojas.<\/p>\n<p>Saapad on valmistatud k\u00f5rgekvaliteedilisest ja vastupidavast t\u00e4isnahast. Samuti on neil k\u00fclgedel peidetud elastsus, mis tagab suurema paindlikkuse ja t\u00e4iusliku sobivuse.<\/p>\n<ul>\n<li>Talda integreeritud teras tagab mugavuse ja stabiilsus<\/li>\n<li>Peidetud elastikriba sisek\u00fcljel, et tagada parem paindlikkus ja mugavus<\/li>\n<li>T\u00f5mbluku \u00e4\u00e4res t\u00e4ispikkuses kaitseriba<\/li>\n<li>Eriline, mustust mitte koguv tald tagab parema kontakti jalusega.<\/li>\n<\/ul>\n<p>Suurus: M\u00f5\u00f5da oma jala k\u00f5rgus kannast kuni p\u00f5lvek\u00f5verduseni (A) ja s\u00e4\u00e4re\u00fcmberm\u00f5\u00f5t k\u00f5ige laiemal kohal (B). Hoia jalga m\u00f5\u00f5tmise ajal kergelt k\u00f5verdatult, nagu sadulas. Kasuta suuruse tabelit, et leida omale \u00f5ige suurusega saapad.<\/p>\n<p><img loading=\"lazy\" decoding=\"async\" class=\"alignnone size-medium wp-image-1779\" src=\"https:\/\/equidash.eu\/wp-content\/uploads\/2024\/12\/Size_Snowy-River-300x300.png\" alt=\"\" width=\"300\" height=\"300\" srcset=\"https:\/\/equidash.eu\/wp-content\/uploads\/2024\/12\/Size_Snowy-River-300x300.png 300w, https:\/\/equidash.eu\/wp-content\/uploads\/2024\/12\/Size_Snowy-River-1024x1024.png 1024w, https:\/\/equidash.eu\/wp-content\/uploads\/2024\/12\/Size_Snowy-River-150x150.png 150w, https:\/\/equidash.eu\/wp-content\/uploads\/2024\/12\/Size_Snowy-River-768x768.png 768w, https:\/\/equidash.eu\/wp-content\/uploads\/2024\/12\/Size_Snowy-River-12x12.png 12w, https:\/\/equidash.eu\/wp-content\/uploads\/2024\/12\/Size_Snowy-River-510x510.png 510w, https:\/\/equidash.eu\/wp-content\/uploads\/2024\/12\/Size_Snowy-River-100x100.png 100w, https:\/\/equidash.eu\/wp-content\/uploads\/2024\/12\/Size_Snowy-River.png 1080w\" sizes=\"auto, (max-width: 300px) 100vw, 300px\" \/><\/p>\n<ul>\n<li>Tavaline k\u00f5rgus \/ Tavaline laius (Regular\/Regular)<\/li>\n<li>Tavaline k\u00f5rgus\/Lai s\u00e4\u00e4r (Regular\/Wide)<\/li>\n<\/ul>\n<p>Rootsi br\u00e4nd Mountain Horse on \u00fcks tuntumaid nimesid ratsaspordimaailmas ja on ratsutajate seas saavutanud tohutu populaarsuse, t\u00e4nu oma funktsionaalsele disainile, mis on kohandatud p\u00f5hjamaade kliimale.<\/p>","protected":false},"excerpt":{"rendered":"<p class=\"ai-optimize-23 ai-optimize-introduction\"><a href=\"https:\/\/equidash.eu\/et\/tootesilt\/mountain-horse\/\"><img decoding=\"async\" style=\"height: 60px; margin-top: 20px;\" src=\"https:\/\/equidash.eu\/wp-content\/uploads\/2024\/10\/Mountain-Horse-1.png\" alt=\"\" \/><\/a><\/p>","protected":false},"featured_media":1776,"template":"","meta":{"_acf_changed":false,"_joinchat":[]},"product_brand":[505],"product_cat":[22,354,331,330],"product_tag":[18,353,297],"class_list":{"0":"post-1740","1":"product","2":"type-product","3":"status-publish","4":"has-post-thumbnail","6":"product_brand-mountain-horse","7":"product_cat-rider","8":"product_cat-riding-boots-rider","9":"product_cat-riding-boots-stable-boots","10":"product_cat-tall-boots","11":"product_tag-mountain-horse","12":"product_tag-tall-boots","13":"product_tag-winter","14":"pa_colors-black","15":"pa_colors-brown","16":"pa_footwear-333","17":"pa_footwear-341","18":"pa_footwear-340","19":"pa_footwear-339","20":"pa_footwear-338","21":"pa_footwear-337","22":"pa_footwear-336","23":"pa_footwear-335","24":"pa_style-regular-regular","25":"pa_style-regular-wide","27":"first","28":"onbackorder","29":"taxable","30":"shipping-taxable","31":"purchasable","32":"product-type-variable"},"acf":[],"yoast_head":"<!-- This site is optimized with the Yoast SEO Premium plugin v26.2 (Yoast SEO v27.6) - https:\/\/yoast.com\/product\/yoast-seo-premium-wordpress\/ -->\n<title>Mountain Horse Winter Tall Boots Snowy River | Parima hinnaga ratsavarustuse e-pood<\/title>\n<meta name=\"description\" content=\"Mountain Horse Winter Tall Boots Snowy River. Soojad t\u00e4isnahast ratsasaapad ratsutamiseks ja tallit\u00f6\u00f6deks. Tegemist on kvaliteetsete talvesaabastega.\" \/>\n<meta name=\"robots\" content=\"index, follow, max-snippet:-1, max-image-preview:large, max-video-preview:-1\" \/>\n<link rel=\"canonical\" href=\"https:\/\/equidash.eu\/et\/shop\/ratsanik\/mountain-horse-winter-tall-boots-snowy-river\/\" \/>\n<meta property=\"og:locale\" content=\"et_EE\" \/>\n<meta property=\"og:type\" content=\"article\" \/>\n<meta property=\"og:title\" content=\"Mountain Horse Winter Tall Boots Snowy River\" \/>\n<meta property=\"og:description\" content=\"Mountain Horse Winter Tall Boots Snowy River. Soojad t\u00e4isnahast ratsasaapad ratsutamiseks ja tallit\u00f6\u00f6deks. Tegemist on kvaliteetsete talvesaabastega.\" \/>\n<meta property=\"og:url\" content=\"https:\/\/equidash.eu\/et\/shop\/ratsanik\/mountain-horse-winter-tall-boots-snowy-river\/\" \/>\n<meta property=\"og:site_name\" content=\"Parima hinnaga ratsavarustuse e-pood\" \/>\n<meta property=\"article:publisher\" content=\"https:\/\/www.facebook.com\/people\/EquiDash\/61560864479586\/\" \/>\n<meta property=\"article:modified_time\" content=\"2025-06-08T14:39:43+00:00\" \/>\n<meta property=\"og:image\" content=\"https:\/\/equidash.eu\/wp-content\/uploads\/2024\/12\/Mountain-Horse_saapad_Snowy-River_Brown.png\" \/>\n\t<meta property=\"og:image:width\" content=\"1080\" \/>\n\t<meta property=\"og:image:height\" content=\"1080\" \/>\n\t<meta property=\"og:image:type\" content=\"image\/png\" \/>\n<meta name=\"twitter:card\" content=\"summary_large_image\" \/>\n<meta name=\"twitter:label1\" content=\"Availability\" \/>\n\t<meta name=\"twitter:data1\" content=\"On backorder\" \/>\n<script type=\"application\/ld+json\" class=\"yoast-schema-graph\">{\"@context\":\"https:\\\/\\\/schema.org\",\"@graph\":[{\"@type\":\"WebPage\",\"@id\":\"https:\\\/\\\/equidash.eu\\\/shop\\\/rider\\\/mountain-horse-winter-tall-boots-snowy-river\\\/\",\"url\":\"https:\\\/\\\/equidash.eu\\\/shop\\\/rider\\\/mountain-horse-winter-tall-boots-snowy-river\\\/\",\"name\":\"Mountain Horse Winter Tall Boots Snowy River | Parima hinnaga ratsavarustuse e-pood\",\"isPartOf\":{\"@id\":\"https:\\\/\\\/equidash.eu\\\/#website\"},\"primaryImageOfPage\":{\"@id\":\"https:\\\/\\\/equidash.eu\\\/shop\\\/rider\\\/mountain-horse-winter-tall-boots-snowy-river\\\/#primaryimage\"},\"image\":{\"@id\":\"https:\\\/\\\/equidash.eu\\\/shop\\\/rider\\\/mountain-horse-winter-tall-boots-snowy-river\\\/#primaryimage\"},\"thumbnailUrl\":\"https:\\\/\\\/equidash.eu\\\/wp-content\\\/uploads\\\/2024\\\/12\\\/Mountain-Horse_saapad_Snowy-River_Brown.png\",\"datePublished\":\"2024-12-21T16:35:25+00:00\",\"dateModified\":\"2025-06-08T14:39:43+00:00\",\"description\":\"Mountain Horse Winter Tall Boots Snowy River. Soojad t\u00e4isnahast ratsasaapad ratsutamiseks ja tallit\u00f6\u00f6deks. Tegemist on kvaliteetsete talvesaabastega.\",\"breadcrumb\":{\"@id\":\"https:\\\/\\\/equidash.eu\\\/shop\\\/rider\\\/mountain-horse-winter-tall-boots-snowy-river\\\/#breadcrumb\"},\"inLanguage\":\"et\",\"potentialAction\":[{\"@type\":\"ReadAction\",\"target\":[\"https:\\\/\\\/equidash.eu\\\/shop\\\/rider\\\/mountain-horse-winter-tall-boots-snowy-river\\\/\"]}]},{\"@type\":\"ImageObject\",\"inLanguage\":\"et\",\"@id\":\"https:\\\/\\\/equidash.eu\\\/shop\\\/rider\\\/mountain-horse-winter-tall-boots-snowy-river\\\/#primaryimage\",\"url\":\"https:\\\/\\\/equidash.eu\\\/wp-content\\\/uploads\\\/2024\\\/12\\\/Mountain-Horse_saapad_Snowy-River_Brown.png\",\"contentUrl\":\"https:\\\/\\\/equidash.eu\\\/wp-content\\\/uploads\\\/2024\\\/12\\\/Mountain-Horse_saapad_Snowy-River_Brown.png\",\"width\":1080,\"height\":1080},{\"@type\":\"BreadcrumbList\",\"@id\":\"https:\\\/\\\/equidash.eu\\\/shop\\\/rider\\\/mountain-horse-winter-tall-boots-snowy-river\\\/#breadcrumb\",\"itemListElement\":[{\"@type\":\"ListItem\",\"position\":1,\"name\":\"Home\",\"item\":\"https:\\\/\\\/equidash.eu\\\/\"},{\"@type\":\"ListItem\",\"position\":2,\"name\":\"Shop\",\"item\":\"https:\\\/\\\/equidash.eu\\\/shop\\\/\"},{\"@type\":\"ListItem\",\"position\":3,\"name\":\"Mountain Horse Winter Tall Boots Snowy River\"}]},{\"@type\":\"WebSite\",\"@id\":\"https:\\\/\\\/equidash.eu\\\/#website\",\"url\":\"https:\\\/\\\/equidash.eu\\\/\",\"name\":\"EquiDash\",\"description\":\"Horse Riding Equipment and Accessories\",\"publisher\":{\"@id\":\"https:\\\/\\\/equidash.eu\\\/#organization\"},\"alternateName\":\"EquiDash\",\"potentialAction\":[{\"@type\":\"SearchAction\",\"target\":{\"@type\":\"EntryPoint\",\"urlTemplate\":\"https:\\\/\\\/equidash.eu\\\/?s={search_term_string}\"},\"query-input\":{\"@type\":\"PropertyValueSpecification\",\"valueRequired\":true,\"valueName\":\"search_term_string\"}}],\"inLanguage\":\"et\"},{\"@type\":\"Organization\",\"@id\":\"https:\\\/\\\/equidash.eu\\\/#organization\",\"name\":\"EquiDash\",\"alternateName\":\"EquiDash\",\"url\":\"https:\\\/\\\/equidash.eu\\\/\",\"logo\":{\"@type\":\"ImageObject\",\"inLanguage\":\"et\",\"@id\":\"https:\\\/\\\/equidash.eu\\\/#\\\/schema\\\/logo\\\/image\\\/\",\"url\":\"https:\\\/\\\/equidash.eu\\\/wp-content\\\/uploads\\\/2024\\\/09\\\/EQUIDASH_Logo_Raud-1.png\",\"contentUrl\":\"https:\\\/\\\/equidash.eu\\\/wp-content\\\/uploads\\\/2024\\\/09\\\/EQUIDASH_Logo_Raud-1.png\",\"width\":393,\"height\":422,\"caption\":\"EquiDash\"},\"image\":{\"@id\":\"https:\\\/\\\/equidash.eu\\\/#\\\/schema\\\/logo\\\/image\\\/\"},\"sameAs\":[\"https:\\\/\\\/www.facebook.com\\\/people\\\/EquiDash\\\/61560864479586\\\/\",\"https:\\\/\\\/www.instagram.com\\\/equidash.eshop\\\/\"],\"email\":\"info@equidash.eu\",\"telephone\":\"+372 59007334\",\"legalName\":\"Takian Corporation O\u00dc\",\"foundingDate\":\"2020-10-21\",\"vatID\":\"EE102301283\",\"numberOfEmployees\":{\"@type\":\"QuantitativeValue\",\"minValue\":\"1\",\"maxValue\":\"10\"},\"hasMerchantReturnPolicy\":{\"@type\":\"MerchantReturnPolicy\",\"merchantReturnLink\":\"https:\\\/\\\/equidash.eu\\\/et\\\/return-privacy\\\/\"}}]}<\/script>\n<meta property=\"product:brand\" content=\"Mountain Horse\" \/>\n<meta property=\"og:availability\" content=\"backorder\" \/>\n<meta property=\"product:availability\" content=\"available for order\" \/>\n<meta property=\"product:condition\" content=\"new\" \/>\n<!-- \/ Yoast SEO Premium plugin. -->","yoast_head_json":{"title":"Mountain Horse Winter Tall Boots Snowy River | Parima hinnaga ratsavarustuse e-pood","description":"Mountain Horse Winter Tall Boots Snowy River. Soojad t\u00e4isnahast ratsasaapad ratsutamiseks ja tallit\u00f6\u00f6deks. Tegemist on kvaliteetsete talvesaabastega.","robots":{"index":"index","follow":"follow","max-snippet":"max-snippet:-1","max-image-preview":"max-image-preview:large","max-video-preview":"max-video-preview:-1"},"canonical":"https:\/\/equidash.eu\/et\/shop\/ratsanik\/mountain-horse-winter-tall-boots-snowy-river\/","og_locale":"et_EE","og_type":"article","og_title":"Mountain Horse Winter Tall Boots Snowy River","og_description":"Mountain Horse Winter Tall Boots Snowy River. Soojad t\u00e4isnahast ratsasaapad ratsutamiseks ja tallit\u00f6\u00f6deks. Tegemist on kvaliteetsete talvesaabastega.","og_url":"https:\/\/equidash.eu\/et\/shop\/ratsanik\/mountain-horse-winter-tall-boots-snowy-river\/","og_site_name":"Parima hinnaga ratsavarustuse e-pood","article_publisher":"https:\/\/www.facebook.com\/people\/EquiDash\/61560864479586\/","article_modified_time":"2025-06-08T14:39:43+00:00","og_image":[{"width":1080,"height":1080,"url":"https:\/\/equidash.eu\/wp-content\/uploads\/2024\/12\/Mountain-Horse_saapad_Snowy-River_Brown.png","type":"image\/png"}],"twitter_card":"summary_large_image","twitter_misc":{"Availability":"On backorder"},"schema":{"@context":"https:\/\/schema.org","@graph":[{"@type":"WebPage","@id":"https:\/\/equidash.eu\/shop\/rider\/mountain-horse-winter-tall-boots-snowy-river\/","url":"https:\/\/equidash.eu\/shop\/rider\/mountain-horse-winter-tall-boots-snowy-river\/","name":"Mountain Horse Winter Tall Boots Snowy River | Parima hinnaga ratsavarustuse e-pood","isPartOf":{"@id":"https:\/\/equidash.eu\/#website"},"primaryImageOfPage":{"@id":"https:\/\/equidash.eu\/shop\/rider\/mountain-horse-winter-tall-boots-snowy-river\/#primaryimage"},"image":{"@id":"https:\/\/equidash.eu\/shop\/rider\/mountain-horse-winter-tall-boots-snowy-river\/#primaryimage"},"thumbnailUrl":"https:\/\/equidash.eu\/wp-content\/uploads\/2024\/12\/Mountain-Horse_saapad_Snowy-River_Brown.png","datePublished":"2024-12-21T16:35:25+00:00","dateModified":"2025-06-08T14:39:43+00:00","description":"Mountain Horse Winter Tall Boots Snowy River. Soojad t\u00e4isnahast ratsasaapad ratsutamiseks ja tallit\u00f6\u00f6deks. Tegemist on kvaliteetsete talvesaabastega.","breadcrumb":{"@id":"https:\/\/equidash.eu\/shop\/rider\/mountain-horse-winter-tall-boots-snowy-river\/#breadcrumb"},"inLanguage":"et","potentialAction":[{"@type":"ReadAction","target":["https:\/\/equidash.eu\/shop\/rider\/mountain-horse-winter-tall-boots-snowy-river\/"]}]},{"@type":"ImageObject","inLanguage":"et","@id":"https:\/\/equidash.eu\/shop\/rider\/mountain-horse-winter-tall-boots-snowy-river\/#primaryimage","url":"https:\/\/equidash.eu\/wp-content\/uploads\/2024\/12\/Mountain-Horse_saapad_Snowy-River_Brown.png","contentUrl":"https:\/\/equidash.eu\/wp-content\/uploads\/2024\/12\/Mountain-Horse_saapad_Snowy-River_Brown.png","width":1080,"height":1080},{"@type":"BreadcrumbList","@id":"https:\/\/equidash.eu\/shop\/rider\/mountain-horse-winter-tall-boots-snowy-river\/#breadcrumb","itemListElement":[{"@type":"ListItem","position":1,"name":"Home","item":"https:\/\/equidash.eu\/"},{"@type":"ListItem","position":2,"name":"Shop","item":"https:\/\/equidash.eu\/shop\/"},{"@type":"ListItem","position":3,"name":"Mountain Horse Winter Tall Boots Snowy River"}]},{"@type":"WebSite","@id":"https:\/\/equidash.eu\/#website","url":"https:\/\/equidash.eu\/","name":"EquiDash","description":"Horse Riding Equipment and Accessories","publisher":{"@id":"https:\/\/equidash.eu\/#organization"},"alternateName":"EquiDash","potentialAction":[{"@type":"SearchAction","target":{"@type":"EntryPoint","urlTemplate":"https:\/\/equidash.eu\/?s={search_term_string}"},"query-input":{"@type":"PropertyValueSpecification","valueRequired":true,"valueName":"search_term_string"}}],"inLanguage":"et"},{"@type":"Organization","@id":"https:\/\/equidash.eu\/#organization","name":"EquiDash","alternateName":"EquiDash","url":"https:\/\/equidash.eu\/","logo":{"@type":"ImageObject","inLanguage":"et","@id":"https:\/\/equidash.eu\/#\/schema\/logo\/image\/","url":"https:\/\/equidash.eu\/wp-content\/uploads\/2024\/09\/EQUIDASH_Logo_Raud-1.png","contentUrl":"https:\/\/equidash.eu\/wp-content\/uploads\/2024\/09\/EQUIDASH_Logo_Raud-1.png","width":393,"height":422,"caption":"EquiDash"},"image":{"@id":"https:\/\/equidash.eu\/#\/schema\/logo\/image\/"},"sameAs":["https:\/\/www.facebook.com\/people\/EquiDash\/61560864479586\/","https:\/\/www.instagram.com\/equidash.eshop\/"],"email":"info@equidash.eu","telephone":"+372 59007334","legalName":"Takian Corporation O\u00dc","foundingDate":"2020-10-21","vatID":"EE102301283","numberOfEmployees":{"@type":"QuantitativeValue","minValue":"1","maxValue":"10"},"hasMerchantReturnPolicy":{"@type":"MerchantReturnPolicy","merchantReturnLink":"https:\/\/equidash.eu\/et\/return-privacy\/"}}]},"product_brand":"Mountain Horse","og_availability":"backorder","product_availability":"available for order","product_condition":"new"},"_links":{"self":[{"href":"https:\/\/equidash.eu\/et\/wp-json\/wp\/v2\/product\/1740","targetHints":{"allow":["GET"]}}],"collection":[{"href":"https:\/\/equidash.eu\/et\/wp-json\/wp\/v2\/product"}],"about":[{"href":"https:\/\/equidash.eu\/et\/wp-json\/wp\/v2\/types\/product"}],"wp:featuredmedia":[{"embeddable":true,"href":"https:\/\/equidash.eu\/et\/wp-json\/wp\/v2\/media\/1776"}],"wp:attachment":[{"href":"https:\/\/equidash.eu\/et\/wp-json\/wp\/v2\/media?parent=1740"}],"wp:term":[{"taxonomy":"product_brand","embeddable":true,"href":"https:\/\/equidash.eu\/et\/wp-json\/wp\/v2\/product_brand?post=1740"},{"taxonomy":"product_cat","embeddable":true,"href":"https:\/\/equidash.eu\/et\/wp-json\/wp\/v2\/product_cat?post=1740"},{"taxonomy":"product_tag","embeddable":true,"href":"https:\/\/equidash.eu\/et\/wp-json\/wp\/v2\/product_tag?post=1740"}],"curies":[{"name":"wp","href":"https:\/\/api.w.org\/{rel}","templated":true}]}}