{"id":1843,"date":"2024-12-26T15:16:15","date_gmt":"2024-12-26T13:16:15","guid":{"rendered":"https:\/\/equidash.eu\/?post_type=product&#038;p=1843"},"modified":"2025-02-17T13:36:40","modified_gmt":"2025-02-17T11:36:40","slug":"lami-cell-helmet-alicia","status":"publish","type":"product","link":"https:\/\/equidash.eu\/et\/shop\/rider\/lami-cell-helmet-alicia\/","title":{"rendered":"Lami-Cell kaska Alicia"},"content":{"rendered":"<p>Lami-Cell ratsakiiver Alicia \u00fchendab elegantsi ja turvalisuse, olles silmapaistev valik igale ratsutajale. L\u00e4ikiv v\u00e4limus ja eemaldatav mustade kristallidega nahkrihm lisab glamuuri. Laiema nokaga disain mitte ainult ei t\u00e4iusta stiili, vaid pakub ka lisakaitset p\u00e4ikese eest. Vastavuses CE1384:2023 turvastandardiga tagab tipptasemel kaitse.<\/p>\n<ul>\n<li>Elegants ja turvalisus samal ajal<\/li>\n<li>Kauni l\u00e4ikiva v\u00e4limusega<\/li>\n<li>Eemaldatav nahkrihm mustade kristallidega lisab glamuuri<\/li>\n<li>Laiem nokk t\u00e4iustab stiili ja pakub lisakaitset p\u00e4ikese eest<\/li>\n<li>Vastab CE1384:2023 ohutusstandardile<\/li>\n<\/ul>\n<p>Saadaval kahes reguleeritavas suuruses: S\/M (52-56 cm) ja M\/L (56-59 cm)<\/p>","protected":false},"excerpt":{"rendered":"<p><a href=\"https:\/\/equidash.eu\/et\/tootesilt\/lamicell\/\"><img decoding=\"async\" style=\"height: 60px; margin-top: 20px;\" src=\"https:\/\/equidash.eu\/wp-content\/uploads\/2024\/10\/lamicell-logo-1.png\" alt=\"\" \/><\/a><\/p>","protected":false},"featured_media":1849,"template":"","meta":{"_acf_changed":false,"_joinchat":[]},"product_brand":[512],"product_cat":[357,22,490],"product_tag":[361,273,360],"class_list":{"0":"post-1843","1":"product","2":"type-product","3":"status-publish","4":"has-post-thumbnail","6":"product_brand-lami-cell","7":"product_cat-protectors-rider","8":"product_cat-rider","9":"product_cat-riding-hats","10":"product_tag-alicia","11":"product_tag-lami-cell","12":"product_tag-riding-helmet","13":"pa_colors-black","14":"pa_size-52-56","15":"pa_size-56-59","17":"first","18":"onbackorder","19":"taxable","20":"shipping-taxable","21":"purchasable","22":"product-type-variable"},"acf":[],"yoast_head":"<!-- This site is optimized with the Yoast SEO Premium plugin v26.2 (Yoast SEO v27.2) - https:\/\/yoast.com\/product\/yoast-seo-premium-wordpress\/ -->\n<title>Lami-Cell Helmet Alicia | Parima hinnaga ratsavarustuse e-pood<\/title>\n<meta name=\"description\" content=\"Lami-Cell Helmet Alicia - Ratsakiiver Alicia on l\u00e4ikiva viimistlusega ja mustade kristallidega kvaliteetne kaska ratsutamiseks.\" \/>\n<meta name=\"robots\" content=\"index, follow, max-snippet:-1, max-image-preview:large, max-video-preview:-1\" \/>\n<link rel=\"canonical\" href=\"https:\/\/equidash.eu\/et\/shop\/ratsanik\/lami-cell-helmet-alicia\/\" \/>\n<meta property=\"og:locale\" content=\"et_EE\" \/>\n<meta property=\"og:type\" content=\"article\" \/>\n<meta property=\"og:title\" content=\"Lami-Cell Helmet Alicia\" \/>\n<meta property=\"og:description\" content=\"Lami-Cell Helmet Alicia - Ratsakiiver Alicia on l\u00e4ikiva viimistlusega ja mustade kristallidega kvaliteetne kaska ratsutamiseks.\" \/>\n<meta property=\"og:url\" content=\"https:\/\/equidash.eu\/et\/shop\/ratsanik\/lami-cell-helmet-alicia\/\" \/>\n<meta property=\"og:site_name\" content=\"Parima hinnaga ratsavarustuse e-pood\" \/>\n<meta property=\"article:publisher\" content=\"https:\/\/www.facebook.com\/people\/EquiDash\/61560864479586\/\" \/>\n<meta property=\"article:modified_time\" content=\"2025-02-17T11:36:40+00:00\" \/>\n<meta property=\"og:image\" content=\"https:\/\/equidash.eu\/wp-content\/uploads\/2024\/12\/Lami-Cell_Helmet_Alicia_Black_Front.png\" \/>\n\t<meta property=\"og:image:width\" content=\"1080\" \/>\n\t<meta property=\"og:image:height\" content=\"1080\" \/>\n\t<meta property=\"og:image:type\" content=\"image\/png\" \/>\n<meta name=\"twitter:card\" content=\"summary_large_image\" \/>\n<meta name=\"twitter:label1\" content=\"Availability\" \/>\n\t<meta name=\"twitter:data1\" content=\"On backorder\" \/>\n<script type=\"application\/ld+json\" class=\"yoast-schema-graph\">{\"@context\":\"https:\/\/schema.org\",\"@graph\":[{\"@type\":\"WebPage\",\"@id\":\"https:\/\/equidash.eu\/shop\/rider\/lami-cell-helmet-alicia\/\",\"url\":\"https:\/\/equidash.eu\/shop\/rider\/lami-cell-helmet-alicia\/\",\"name\":\"Lami-Cell Helmet Alicia | Parima hinnaga ratsavarustuse e-pood\",\"isPartOf\":{\"@id\":\"https:\/\/equidash.eu\/#website\"},\"primaryImageOfPage\":{\"@id\":\"https:\/\/equidash.eu\/shop\/rider\/lami-cell-helmet-alicia\/#primaryimage\"},\"image\":{\"@id\":\"https:\/\/equidash.eu\/shop\/rider\/lami-cell-helmet-alicia\/#primaryimage\"},\"thumbnailUrl\":\"https:\/\/equidash.eu\/wp-content\/uploads\/2024\/12\/Lami-Cell_Helmet_Alicia_Black_Front.png\",\"datePublished\":\"2024-12-26T13:16:15+00:00\",\"dateModified\":\"2025-02-17T11:36:40+00:00\",\"description\":\"Lami-Cell Helmet Alicia - Ratsakiiver Alicia on l\u00e4ikiva viimistlusega ja mustade kristallidega kvaliteetne kaska ratsutamiseks.\",\"breadcrumb\":{\"@id\":\"https:\/\/equidash.eu\/shop\/rider\/lami-cell-helmet-alicia\/#breadcrumb\"},\"inLanguage\":\"et\",\"potentialAction\":[{\"@type\":\"ReadAction\",\"target\":[\"https:\/\/equidash.eu\/shop\/rider\/lami-cell-helmet-alicia\/\"]}]},{\"@type\":\"ImageObject\",\"inLanguage\":\"et\",\"@id\":\"https:\/\/equidash.eu\/shop\/rider\/lami-cell-helmet-alicia\/#primaryimage\",\"url\":\"https:\/\/equidash.eu\/wp-content\/uploads\/2024\/12\/Lami-Cell_Helmet_Alicia_Black_Front.png\",\"contentUrl\":\"https:\/\/equidash.eu\/wp-content\/uploads\/2024\/12\/Lami-Cell_Helmet_Alicia_Black_Front.png\",\"width\":1080,\"height\":1080,\"caption\":\"Lami-Cell Alicia ratsakiiver - elegantne disain, lai nokk ja CE1384:2023 turvastandard. Must\"},{\"@type\":\"BreadcrumbList\",\"@id\":\"https:\/\/equidash.eu\/shop\/rider\/lami-cell-helmet-alicia\/#breadcrumb\",\"itemListElement\":[{\"@type\":\"ListItem\",\"position\":1,\"name\":\"Home\",\"item\":\"https:\/\/equidash.eu\/\"},{\"@type\":\"ListItem\",\"position\":2,\"name\":\"Shop\",\"item\":\"https:\/\/equidash.eu\/shop\/\"},{\"@type\":\"ListItem\",\"position\":3,\"name\":\"Lami-Cell Helmet Alicia\"}]},{\"@type\":\"WebSite\",\"@id\":\"https:\/\/equidash.eu\/#website\",\"url\":\"https:\/\/equidash.eu\/\",\"name\":\"EquiDash\",\"description\":\"Horse Riding Equipment and Accessories\",\"publisher\":{\"@id\":\"https:\/\/equidash.eu\/#organization\"},\"alternateName\":\"EquiDash\",\"potentialAction\":[{\"@type\":\"SearchAction\",\"target\":{\"@type\":\"EntryPoint\",\"urlTemplate\":\"https:\/\/equidash.eu\/?s={search_term_string}\"},\"query-input\":{\"@type\":\"PropertyValueSpecification\",\"valueRequired\":true,\"valueName\":\"search_term_string\"}}],\"inLanguage\":\"et\"},{\"@type\":\"Organization\",\"@id\":\"https:\/\/equidash.eu\/#organization\",\"name\":\"EquiDash\",\"alternateName\":\"EquiDash\",\"url\":\"https:\/\/equidash.eu\/\",\"logo\":{\"@type\":\"ImageObject\",\"inLanguage\":\"et\",\"@id\":\"https:\/\/equidash.eu\/#\/schema\/logo\/image\/\",\"url\":\"https:\/\/equidash.eu\/wp-content\/uploads\/2024\/09\/EQUIDASH_Logo_Raud-1.png\",\"contentUrl\":\"https:\/\/equidash.eu\/wp-content\/uploads\/2024\/09\/EQUIDASH_Logo_Raud-1.png\",\"width\":393,\"height\":422,\"caption\":\"EquiDash\"},\"image\":{\"@id\":\"https:\/\/equidash.eu\/#\/schema\/logo\/image\/\"},\"sameAs\":[\"https:\/\/www.facebook.com\/people\/EquiDash\/61560864479586\/\",\"https:\/\/www.instagram.com\/equidash.eshop\/\"],\"email\":\"info@equidash.eu\",\"telephone\":\"+372 59007334\",\"legalName\":\"Takian Corporation O\u00dc\",\"foundingDate\":\"2020-10-21\",\"vatID\":\"EE102301283\",\"numberOfEmployees\":{\"@type\":\"QuantitativeValue\",\"minValue\":\"1\",\"maxValue\":\"10\"},\"hasMerchantReturnPolicy\":{\"@type\":\"MerchantReturnPolicy\",\"merchantReturnLink\":\"https:\/\/equidash.eu\/et\/return-privacy\/\"}}]}<\/script>\n<meta property=\"product:brand\" content=\"Lami-Cell\" \/>\n<meta property=\"og:availability\" content=\"backorder\" \/>\n<meta property=\"product:availability\" content=\"available for order\" \/>\n<meta property=\"product:retailer_item_id\" content=\"05262\" \/>\n<meta property=\"product:condition\" content=\"new\" \/>\n<!-- \/ Yoast SEO Premium plugin. -->","yoast_head_json":{"title":"Lami-Cell Helmet Alicia | Parima hinnaga ratsavarustuse e-pood","description":"Lami-Cell Helmet Alicia - Ratsakiiver Alicia on l\u00e4ikiva viimistlusega ja mustade kristallidega kvaliteetne kaska ratsutamiseks.","robots":{"index":"index","follow":"follow","max-snippet":"max-snippet:-1","max-image-preview":"max-image-preview:large","max-video-preview":"max-video-preview:-1"},"canonical":"https:\/\/equidash.eu\/et\/shop\/ratsanik\/lami-cell-helmet-alicia\/","og_locale":"et_EE","og_type":"article","og_title":"Lami-Cell Helmet Alicia","og_description":"Lami-Cell Helmet Alicia - Ratsakiiver Alicia on l\u00e4ikiva viimistlusega ja mustade kristallidega kvaliteetne kaska ratsutamiseks.","og_url":"https:\/\/equidash.eu\/et\/shop\/ratsanik\/lami-cell-helmet-alicia\/","og_site_name":"Parima hinnaga ratsavarustuse e-pood","article_publisher":"https:\/\/www.facebook.com\/people\/EquiDash\/61560864479586\/","article_modified_time":"2025-02-17T11:36:40+00:00","og_image":[{"width":1080,"height":1080,"url":"https:\/\/equidash.eu\/wp-content\/uploads\/2024\/12\/Lami-Cell_Helmet_Alicia_Black_Front.png","type":"image\/png"}],"twitter_card":"summary_large_image","twitter_misc":{"Availability":"On backorder"},"schema":{"@context":"https:\/\/schema.org","@graph":[{"@type":"WebPage","@id":"https:\/\/equidash.eu\/shop\/rider\/lami-cell-helmet-alicia\/","url":"https:\/\/equidash.eu\/shop\/rider\/lami-cell-helmet-alicia\/","name":"Lami-Cell Helmet Alicia | Parima hinnaga ratsavarustuse e-pood","isPartOf":{"@id":"https:\/\/equidash.eu\/#website"},"primaryImageOfPage":{"@id":"https:\/\/equidash.eu\/shop\/rider\/lami-cell-helmet-alicia\/#primaryimage"},"image":{"@id":"https:\/\/equidash.eu\/shop\/rider\/lami-cell-helmet-alicia\/#primaryimage"},"thumbnailUrl":"https:\/\/equidash.eu\/wp-content\/uploads\/2024\/12\/Lami-Cell_Helmet_Alicia_Black_Front.png","datePublished":"2024-12-26T13:16:15+00:00","dateModified":"2025-02-17T11:36:40+00:00","description":"Lami-Cell Helmet Alicia - Ratsakiiver Alicia on l\u00e4ikiva viimistlusega ja mustade kristallidega kvaliteetne kaska ratsutamiseks.","breadcrumb":{"@id":"https:\/\/equidash.eu\/shop\/rider\/lami-cell-helmet-alicia\/#breadcrumb"},"inLanguage":"et","potentialAction":[{"@type":"ReadAction","target":["https:\/\/equidash.eu\/shop\/rider\/lami-cell-helmet-alicia\/"]}]},{"@type":"ImageObject","inLanguage":"et","@id":"https:\/\/equidash.eu\/shop\/rider\/lami-cell-helmet-alicia\/#primaryimage","url":"https:\/\/equidash.eu\/wp-content\/uploads\/2024\/12\/Lami-Cell_Helmet_Alicia_Black_Front.png","contentUrl":"https:\/\/equidash.eu\/wp-content\/uploads\/2024\/12\/Lami-Cell_Helmet_Alicia_Black_Front.png","width":1080,"height":1080,"caption":"Lami-Cell Alicia ratsakiiver - elegantne disain, lai nokk ja CE1384:2023 turvastandard. Must"},{"@type":"BreadcrumbList","@id":"https:\/\/equidash.eu\/shop\/rider\/lami-cell-helmet-alicia\/#breadcrumb","itemListElement":[{"@type":"ListItem","position":1,"name":"Home","item":"https:\/\/equidash.eu\/"},{"@type":"ListItem","position":2,"name":"Shop","item":"https:\/\/equidash.eu\/shop\/"},{"@type":"ListItem","position":3,"name":"Lami-Cell Helmet Alicia"}]},{"@type":"WebSite","@id":"https:\/\/equidash.eu\/#website","url":"https:\/\/equidash.eu\/","name":"EquiDash","description":"Horse Riding Equipment and Accessories","publisher":{"@id":"https:\/\/equidash.eu\/#organization"},"alternateName":"EquiDash","potentialAction":[{"@type":"SearchAction","target":{"@type":"EntryPoint","urlTemplate":"https:\/\/equidash.eu\/?s={search_term_string}"},"query-input":{"@type":"PropertyValueSpecification","valueRequired":true,"valueName":"search_term_string"}}],"inLanguage":"et"},{"@type":"Organization","@id":"https:\/\/equidash.eu\/#organization","name":"EquiDash","alternateName":"EquiDash","url":"https:\/\/equidash.eu\/","logo":{"@type":"ImageObject","inLanguage":"et","@id":"https:\/\/equidash.eu\/#\/schema\/logo\/image\/","url":"https:\/\/equidash.eu\/wp-content\/uploads\/2024\/09\/EQUIDASH_Logo_Raud-1.png","contentUrl":"https:\/\/equidash.eu\/wp-content\/uploads\/2024\/09\/EQUIDASH_Logo_Raud-1.png","width":393,"height":422,"caption":"EquiDash"},"image":{"@id":"https:\/\/equidash.eu\/#\/schema\/logo\/image\/"},"sameAs":["https:\/\/www.facebook.com\/people\/EquiDash\/61560864479586\/","https:\/\/www.instagram.com\/equidash.eshop\/"],"email":"info@equidash.eu","telephone":"+372 59007334","legalName":"Takian Corporation O\u00dc","foundingDate":"2020-10-21","vatID":"EE102301283","numberOfEmployees":{"@type":"QuantitativeValue","minValue":"1","maxValue":"10"},"hasMerchantReturnPolicy":{"@type":"MerchantReturnPolicy","merchantReturnLink":"https:\/\/equidash.eu\/et\/return-privacy\/"}}]},"product_brand":"Lami-Cell","og_availability":"backorder","product_availability":"available for order","product_retailer_item_id":"05262","product_condition":"new"},"_links":{"self":[{"href":"https:\/\/equidash.eu\/et\/wp-json\/wp\/v2\/product\/1843","targetHints":{"allow":["GET"]}}],"collection":[{"href":"https:\/\/equidash.eu\/et\/wp-json\/wp\/v2\/product"}],"about":[{"href":"https:\/\/equidash.eu\/et\/wp-json\/wp\/v2\/types\/product"}],"wp:featuredmedia":[{"embeddable":true,"href":"https:\/\/equidash.eu\/et\/wp-json\/wp\/v2\/media\/1849"}],"wp:attachment":[{"href":"https:\/\/equidash.eu\/et\/wp-json\/wp\/v2\/media?parent=1843"}],"wp:term":[{"taxonomy":"product_brand","embeddable":true,"href":"https:\/\/equidash.eu\/et\/wp-json\/wp\/v2\/product_brand?post=1843"},{"taxonomy":"product_cat","embeddable":true,"href":"https:\/\/equidash.eu\/et\/wp-json\/wp\/v2\/product_cat?post=1843"},{"taxonomy":"product_tag","embeddable":true,"href":"https:\/\/equidash.eu\/et\/wp-json\/wp\/v2\/product_tag?post=1843"}],"curies":[{"name":"wp","href":"https:\/\/api.w.org\/{rel}","templated":true}]}}