{"id":1868,"date":"2024-12-26T20:09:33","date_gmt":"2024-12-26T18:09:33","guid":{"rendered":"https:\/\/equidash.eu\/?post_type=product&#038;p=1868"},"modified":"2025-06-11T20:48:25","modified_gmt":"2025-06-11T18:48:25","slug":"metalab-stirrup-air-system","status":"publish","type":"product","link":"https:\/\/equidash.eu\/et\/shop\/horse\/saddles-girths-stirrups\/stirrups\/metalab-stirrup-air-system\/","title":{"rendered":"Metalab jalused Air System"},"content":{"rendered":"<p>Metalab jalused Air System disainitud v\u00e4hendaba p\u00f5rutusi. Roostevabast terasest jalusel on pehmendatud, eemaldatav ja libisemisvastane jalapadi. Paindlik, \u00f5hkpolsterdatud jalus hoolitseb teie pahkluude ja p\u00f5lveliigeste eest.<\/p>\n<ul>\n<li>Roostevabast terasest<\/li>\n<li>Eemaldatavad libisemisvastased tallad<\/li>\n<li>Paindlikud ja pehmed tallad<\/li>\n<li>Libisemisvastane, \u0161oki neelav tald<\/li>\n<li>M\u00fc\u00fcakse paarina<\/li>\n<\/ul>\n<p>Regulaarne treenimine uuenduslikuga \"AIR SYSTEM\" jaluse abil aktiveerib sinu lihased ja hoolitseb samal ajal liigeste eest. Jaluse tallal olev \u00f5hukindel padja s\u00fcsteem kohandub t\u00e4pselt ratsaniku liikumisega. Erinevalt tavap\u00e4rastest jalustest tagab \"AIR SYSTEM\" t\u00e4iusliku l\u00f6\u00f6kide neeldumise!<\/p>","protected":false},"excerpt":{"rendered":"<p class=\"ai-optimize-23 ai-optimize-introduction\"><a href=\"https:\/\/equidash.eu\/et\/tootesilt\/metalab\/\"><img decoding=\"async\" style=\"height: 60px; margin-top: 20px;\" src=\"https:\/\/equidash.eu\/wp-content\/uploads\/2024\/12\/metalab-logo-ss.png\" alt=\"\" \/><\/a><\/p>","protected":false},"featured_media":1871,"template":"","meta":{"_acf_changed":false,"_joinchat":[]},"product_brand":[672],"product_cat":[27,216,220],"product_tag":[374,369,373],"class_list":{"0":"post-1868","1":"product","2":"type-product","3":"status-publish","4":"has-post-thumbnail","6":"product_brand-metalab","7":"product_cat-horse","8":"product_cat-saddles-girths-stirrups","9":"product_cat-stirrups","10":"product_tag-air-system","11":"product_tag-metalab","12":"product_tag-stirrups","13":"pa_size-12-cm","15":"first","16":"onbackorder","17":"taxable","18":"shipping-taxable","19":"purchasable","20":"product-type-variable"},"acf":[],"yoast_head":"<!-- This site is optimized with the Yoast SEO Premium plugin v26.2 (Yoast SEO v27.3) - https:\/\/yoast.com\/product\/yoast-seo-premium-wordpress\/ -->\n<title>Metalab Stirrup Air System | Parima hinnaga ratsavarustuse e-pood<\/title>\n<meta name=\"description\" content=\"Metalab Stirrup Air System - Jalused on l\u00f6\u00f6ke neelavad ning ideaalne valik igale ratsutajale. Eemaldatav libisemisvastane tald.\" \/>\n<meta name=\"robots\" content=\"index, follow, max-snippet:-1, max-image-preview:large, max-video-preview:-1\" \/>\n<link rel=\"canonical\" href=\"https:\/\/equidash.eu\/et\/shop\/hobune\/saddles-girths-stirrups\/stirrups\/metalab-stirrup-air-system\/\" \/>\n<meta property=\"og:locale\" content=\"et_EE\" \/>\n<meta property=\"og:type\" content=\"article\" \/>\n<meta property=\"og:title\" content=\"Metalab Stirrup Air System\" \/>\n<meta property=\"og:description\" content=\"Metalab Stirrup Air System - Jalused on l\u00f6\u00f6ke neelavad ning ideaalne valik igale ratsutajale. Eemaldatav libisemisvastane tald.\" \/>\n<meta property=\"og:url\" content=\"https:\/\/equidash.eu\/et\/shop\/hobune\/saddles-girths-stirrups\/stirrups\/metalab-stirrup-air-system\/\" \/>\n<meta property=\"og:site_name\" content=\"Parima hinnaga ratsavarustuse e-pood\" \/>\n<meta property=\"article:publisher\" content=\"https:\/\/www.facebook.com\/people\/EquiDash\/61560864479586\/\" \/>\n<meta property=\"article:modified_time\" content=\"2025-06-11T18:48:25+00:00\" \/>\n<meta property=\"og:image\" content=\"https:\/\/equidash.eu\/wp-content\/uploads\/2024\/12\/Metalab_Stirrup_Air-system.png\" \/>\n\t<meta property=\"og:image:width\" content=\"1080\" \/>\n\t<meta property=\"og:image:height\" content=\"1080\" \/>\n\t<meta property=\"og:image:type\" content=\"image\/png\" \/>\n<meta name=\"twitter:card\" content=\"summary_large_image\" \/>\n<meta name=\"twitter:label1\" content=\"Availability\" \/>\n\t<meta name=\"twitter:data1\" content=\"On backorder\" \/>\n<script type=\"application\/ld+json\" class=\"yoast-schema-graph\">{\"@context\":\"https:\\\/\\\/schema.org\",\"@graph\":[{\"@type\":\"WebPage\",\"@id\":\"https:\\\/\\\/equidash.eu\\\/shop\\\/horse\\\/saddles-girths-stirrups\\\/stirrups\\\/metalab-stirrup-air-system\\\/\",\"url\":\"https:\\\/\\\/equidash.eu\\\/shop\\\/horse\\\/saddles-girths-stirrups\\\/stirrups\\\/metalab-stirrup-air-system\\\/\",\"name\":\"Metalab Stirrup Air System | Parima hinnaga ratsavarustuse e-pood\",\"isPartOf\":{\"@id\":\"https:\\\/\\\/equidash.eu\\\/#website\"},\"primaryImageOfPage\":{\"@id\":\"https:\\\/\\\/equidash.eu\\\/shop\\\/horse\\\/saddles-girths-stirrups\\\/stirrups\\\/metalab-stirrup-air-system\\\/#primaryimage\"},\"image\":{\"@id\":\"https:\\\/\\\/equidash.eu\\\/shop\\\/horse\\\/saddles-girths-stirrups\\\/stirrups\\\/metalab-stirrup-air-system\\\/#primaryimage\"},\"thumbnailUrl\":\"https:\\\/\\\/equidash.eu\\\/wp-content\\\/uploads\\\/2024\\\/12\\\/Metalab_Stirrup_Air-system.png\",\"datePublished\":\"2024-12-26T18:09:33+00:00\",\"dateModified\":\"2025-06-11T18:48:25+00:00\",\"description\":\"Metalab Stirrup Air System - Jalused on l\u00f6\u00f6ke neelavad ning ideaalne valik igale ratsutajale. Eemaldatav libisemisvastane tald.\",\"breadcrumb\":{\"@id\":\"https:\\\/\\\/equidash.eu\\\/shop\\\/horse\\\/saddles-girths-stirrups\\\/stirrups\\\/metalab-stirrup-air-system\\\/#breadcrumb\"},\"inLanguage\":\"et\",\"potentialAction\":[{\"@type\":\"ReadAction\",\"target\":[\"https:\\\/\\\/equidash.eu\\\/shop\\\/horse\\\/saddles-girths-stirrups\\\/stirrups\\\/metalab-stirrup-air-system\\\/\"]}]},{\"@type\":\"ImageObject\",\"inLanguage\":\"et\",\"@id\":\"https:\\\/\\\/equidash.eu\\\/shop\\\/horse\\\/saddles-girths-stirrups\\\/stirrups\\\/metalab-stirrup-air-system\\\/#primaryimage\",\"url\":\"https:\\\/\\\/equidash.eu\\\/wp-content\\\/uploads\\\/2024\\\/12\\\/Metalab_Stirrup_Air-system.png\",\"contentUrl\":\"https:\\\/\\\/equidash.eu\\\/wp-content\\\/uploads\\\/2024\\\/12\\\/Metalab_Stirrup_Air-system.png\",\"width\":1080,\"height\":1080,\"caption\":\"Metalab Stirrup Air System jalused.\"},{\"@type\":\"BreadcrumbList\",\"@id\":\"https:\\\/\\\/equidash.eu\\\/shop\\\/horse\\\/saddles-girths-stirrups\\\/stirrups\\\/metalab-stirrup-air-system\\\/#breadcrumb\",\"itemListElement\":[{\"@type\":\"ListItem\",\"position\":1,\"name\":\"Home\",\"item\":\"https:\\\/\\\/equidash.eu\\\/\"},{\"@type\":\"ListItem\",\"position\":2,\"name\":\"Shop\",\"item\":\"https:\\\/\\\/equidash.eu\\\/shop\\\/\"},{\"@type\":\"ListItem\",\"position\":3,\"name\":\"Metalab Stirrup Air System\"}]},{\"@type\":\"WebSite\",\"@id\":\"https:\\\/\\\/equidash.eu\\\/#website\",\"url\":\"https:\\\/\\\/equidash.eu\\\/\",\"name\":\"EquiDash\",\"description\":\"Horse Riding Equipment and Accessories\",\"publisher\":{\"@id\":\"https:\\\/\\\/equidash.eu\\\/#organization\"},\"alternateName\":\"EquiDash\",\"potentialAction\":[{\"@type\":\"SearchAction\",\"target\":{\"@type\":\"EntryPoint\",\"urlTemplate\":\"https:\\\/\\\/equidash.eu\\\/?s={search_term_string}\"},\"query-input\":{\"@type\":\"PropertyValueSpecification\",\"valueRequired\":true,\"valueName\":\"search_term_string\"}}],\"inLanguage\":\"et\"},{\"@type\":\"Organization\",\"@id\":\"https:\\\/\\\/equidash.eu\\\/#organization\",\"name\":\"EquiDash\",\"alternateName\":\"EquiDash\",\"url\":\"https:\\\/\\\/equidash.eu\\\/\",\"logo\":{\"@type\":\"ImageObject\",\"inLanguage\":\"et\",\"@id\":\"https:\\\/\\\/equidash.eu\\\/#\\\/schema\\\/logo\\\/image\\\/\",\"url\":\"https:\\\/\\\/equidash.eu\\\/wp-content\\\/uploads\\\/2024\\\/09\\\/EQUIDASH_Logo_Raud-1.png\",\"contentUrl\":\"https:\\\/\\\/equidash.eu\\\/wp-content\\\/uploads\\\/2024\\\/09\\\/EQUIDASH_Logo_Raud-1.png\",\"width\":393,\"height\":422,\"caption\":\"EquiDash\"},\"image\":{\"@id\":\"https:\\\/\\\/equidash.eu\\\/#\\\/schema\\\/logo\\\/image\\\/\"},\"sameAs\":[\"https:\\\/\\\/www.facebook.com\\\/people\\\/EquiDash\\\/61560864479586\\\/\",\"https:\\\/\\\/www.instagram.com\\\/equidash.eshop\\\/\"],\"email\":\"info@equidash.eu\",\"telephone\":\"+372 59007334\",\"legalName\":\"Takian Corporation O\u00dc\",\"foundingDate\":\"2020-10-21\",\"vatID\":\"EE102301283\",\"numberOfEmployees\":{\"@type\":\"QuantitativeValue\",\"minValue\":\"1\",\"maxValue\":\"10\"},\"hasMerchantReturnPolicy\":{\"@type\":\"MerchantReturnPolicy\",\"merchantReturnLink\":\"https:\\\/\\\/equidash.eu\\\/et\\\/return-privacy\\\/\"}}]}<\/script>\n<meta property=\"product:brand\" content=\"Metalab\" \/>\n<meta property=\"og:availability\" content=\"backorder\" \/>\n<meta property=\"product:availability\" content=\"available for order\" \/>\n<meta property=\"product:retailer_item_id\" content=\"330615\" \/>\n<meta property=\"product:condition\" content=\"new\" \/>\n<!-- \/ Yoast SEO Premium plugin. -->","yoast_head_json":{"title":"Metalab Stirrup Air System | Parima hinnaga ratsavarustuse e-pood","description":"Metalab Stirrup Air System - Jalused on l\u00f6\u00f6ke neelavad ning ideaalne valik igale ratsutajale. Eemaldatav libisemisvastane tald.","robots":{"index":"index","follow":"follow","max-snippet":"max-snippet:-1","max-image-preview":"max-image-preview:large","max-video-preview":"max-video-preview:-1"},"canonical":"https:\/\/equidash.eu\/et\/shop\/hobune\/saddles-girths-stirrups\/stirrups\/metalab-stirrup-air-system\/","og_locale":"et_EE","og_type":"article","og_title":"Metalab Stirrup Air System","og_description":"Metalab Stirrup Air System - Jalused on l\u00f6\u00f6ke neelavad ning ideaalne valik igale ratsutajale. Eemaldatav libisemisvastane tald.","og_url":"https:\/\/equidash.eu\/et\/shop\/hobune\/saddles-girths-stirrups\/stirrups\/metalab-stirrup-air-system\/","og_site_name":"Parima hinnaga ratsavarustuse e-pood","article_publisher":"https:\/\/www.facebook.com\/people\/EquiDash\/61560864479586\/","article_modified_time":"2025-06-11T18:48:25+00:00","og_image":[{"width":1080,"height":1080,"url":"https:\/\/equidash.eu\/wp-content\/uploads\/2024\/12\/Metalab_Stirrup_Air-system.png","type":"image\/png"}],"twitter_card":"summary_large_image","twitter_misc":{"Availability":"On backorder"},"schema":{"@context":"https:\/\/schema.org","@graph":[{"@type":"WebPage","@id":"https:\/\/equidash.eu\/shop\/horse\/saddles-girths-stirrups\/stirrups\/metalab-stirrup-air-system\/","url":"https:\/\/equidash.eu\/shop\/horse\/saddles-girths-stirrups\/stirrups\/metalab-stirrup-air-system\/","name":"Metalab Stirrup Air System | Parima hinnaga ratsavarustuse e-pood","isPartOf":{"@id":"https:\/\/equidash.eu\/#website"},"primaryImageOfPage":{"@id":"https:\/\/equidash.eu\/shop\/horse\/saddles-girths-stirrups\/stirrups\/metalab-stirrup-air-system\/#primaryimage"},"image":{"@id":"https:\/\/equidash.eu\/shop\/horse\/saddles-girths-stirrups\/stirrups\/metalab-stirrup-air-system\/#primaryimage"},"thumbnailUrl":"https:\/\/equidash.eu\/wp-content\/uploads\/2024\/12\/Metalab_Stirrup_Air-system.png","datePublished":"2024-12-26T18:09:33+00:00","dateModified":"2025-06-11T18:48:25+00:00","description":"Metalab Stirrup Air System - Jalused on l\u00f6\u00f6ke neelavad ning ideaalne valik igale ratsutajale. Eemaldatav libisemisvastane tald.","breadcrumb":{"@id":"https:\/\/equidash.eu\/shop\/horse\/saddles-girths-stirrups\/stirrups\/metalab-stirrup-air-system\/#breadcrumb"},"inLanguage":"et","potentialAction":[{"@type":"ReadAction","target":["https:\/\/equidash.eu\/shop\/horse\/saddles-girths-stirrups\/stirrups\/metalab-stirrup-air-system\/"]}]},{"@type":"ImageObject","inLanguage":"et","@id":"https:\/\/equidash.eu\/shop\/horse\/saddles-girths-stirrups\/stirrups\/metalab-stirrup-air-system\/#primaryimage","url":"https:\/\/equidash.eu\/wp-content\/uploads\/2024\/12\/Metalab_Stirrup_Air-system.png","contentUrl":"https:\/\/equidash.eu\/wp-content\/uploads\/2024\/12\/Metalab_Stirrup_Air-system.png","width":1080,"height":1080,"caption":"Metalab Stirrup Air System jalused."},{"@type":"BreadcrumbList","@id":"https:\/\/equidash.eu\/shop\/horse\/saddles-girths-stirrups\/stirrups\/metalab-stirrup-air-system\/#breadcrumb","itemListElement":[{"@type":"ListItem","position":1,"name":"Home","item":"https:\/\/equidash.eu\/"},{"@type":"ListItem","position":2,"name":"Shop","item":"https:\/\/equidash.eu\/shop\/"},{"@type":"ListItem","position":3,"name":"Metalab Stirrup Air System"}]},{"@type":"WebSite","@id":"https:\/\/equidash.eu\/#website","url":"https:\/\/equidash.eu\/","name":"EquiDash","description":"Horse Riding Equipment and Accessories","publisher":{"@id":"https:\/\/equidash.eu\/#organization"},"alternateName":"EquiDash","potentialAction":[{"@type":"SearchAction","target":{"@type":"EntryPoint","urlTemplate":"https:\/\/equidash.eu\/?s={search_term_string}"},"query-input":{"@type":"PropertyValueSpecification","valueRequired":true,"valueName":"search_term_string"}}],"inLanguage":"et"},{"@type":"Organization","@id":"https:\/\/equidash.eu\/#organization","name":"EquiDash","alternateName":"EquiDash","url":"https:\/\/equidash.eu\/","logo":{"@type":"ImageObject","inLanguage":"et","@id":"https:\/\/equidash.eu\/#\/schema\/logo\/image\/","url":"https:\/\/equidash.eu\/wp-content\/uploads\/2024\/09\/EQUIDASH_Logo_Raud-1.png","contentUrl":"https:\/\/equidash.eu\/wp-content\/uploads\/2024\/09\/EQUIDASH_Logo_Raud-1.png","width":393,"height":422,"caption":"EquiDash"},"image":{"@id":"https:\/\/equidash.eu\/#\/schema\/logo\/image\/"},"sameAs":["https:\/\/www.facebook.com\/people\/EquiDash\/61560864479586\/","https:\/\/www.instagram.com\/equidash.eshop\/"],"email":"info@equidash.eu","telephone":"+372 59007334","legalName":"Takian Corporation O\u00dc","foundingDate":"2020-10-21","vatID":"EE102301283","numberOfEmployees":{"@type":"QuantitativeValue","minValue":"1","maxValue":"10"},"hasMerchantReturnPolicy":{"@type":"MerchantReturnPolicy","merchantReturnLink":"https:\/\/equidash.eu\/et\/return-privacy\/"}}]},"product_brand":"Metalab","og_availability":"backorder","product_availability":"available for order","product_retailer_item_id":"330615","product_condition":"new"},"_links":{"self":[{"href":"https:\/\/equidash.eu\/et\/wp-json\/wp\/v2\/product\/1868","targetHints":{"allow":["GET"]}}],"collection":[{"href":"https:\/\/equidash.eu\/et\/wp-json\/wp\/v2\/product"}],"about":[{"href":"https:\/\/equidash.eu\/et\/wp-json\/wp\/v2\/types\/product"}],"wp:featuredmedia":[{"embeddable":true,"href":"https:\/\/equidash.eu\/et\/wp-json\/wp\/v2\/media\/1871"}],"wp:attachment":[{"href":"https:\/\/equidash.eu\/et\/wp-json\/wp\/v2\/media?parent=1868"}],"wp:term":[{"taxonomy":"product_brand","embeddable":true,"href":"https:\/\/equidash.eu\/et\/wp-json\/wp\/v2\/product_brand?post=1868"},{"taxonomy":"product_cat","embeddable":true,"href":"https:\/\/equidash.eu\/et\/wp-json\/wp\/v2\/product_cat?post=1868"},{"taxonomy":"product_tag","embeddable":true,"href":"https:\/\/equidash.eu\/et\/wp-json\/wp\/v2\/product_tag?post=1868"}],"curies":[{"name":"wp","href":"https:\/\/api.w.org\/{rel}","templated":true}]}}