{"id":1970,"date":"2024-12-28T16:26:10","date_gmt":"2024-12-28T14:26:10","guid":{"rendered":"https:\/\/equidash.eu\/?post_type=product&#038;p=1970"},"modified":"2025-08-05T11:37:22","modified_gmt":"2025-08-05T09:37:22","slug":"excellent-horse-foodie-friends-cherry","status":"publish","type":"product","link":"https:\/\/equidash.eu\/et\/shop\/horse\/excellent-horse-foodie-friends-cherry\/","title":{"rendered":"Excellent kirsi m\u00e4nguasi hobusele"},"content":{"rendered":"<p>Excellent Horse m\u00e4nguasi hobusele Foodie Friends Cherry on v\u00e4lja t\u00f6\u00f6tatud spetsiaalselt igavuse vastu v\u00f5itlemiseks. Ideaalne hobustele, kes kannatavad tallis igavuse k\u00e4es v\u00f5i muutuvad kergesti rahutuks. See kirsikujuline mahlakas s\u00f5ber mitte ainult ei r\u00f5\u00f5musta talli vaid pakub ka hobusele vaheldust n\u00e4ksides ja m\u00e4ngides m\u00e4nguasjaga.<\/p>\n<p>Foodie Friends on v\u00e4ga vastupidav ja hobustele ohutu m\u00e4nguasi. See on valmistatud naturaalsest nahast ja tugevast k\u00f6iest ning viimistletud topelt\u00f5mblustega.<\/p>\n<p>Neile s\u00f5pradele meeldib hobustele seltsi pakkuda nii tallis kui ka transportimisel treileris. T\u00e4nu aasale saate m\u00e4nguasja h\u00f5lpsalt riputada v\u00f5i saate siduda m\u00e4nguasja n\u00f6\u00f6riga soovitud kohta.<\/p>\n<p><strong>Valikus 2 erinevat t\u00e4idist (d\u017euudist ja plastpudelid):<\/strong><\/p>\n<ul>\n<li>\u00d5un, banaan, porgand, pirn ja vaarikas on t\u00e4idetud d\u017euudiga (looduslik materjal). Ideaalne hobustele, kellele ei meeldi praksumine.<\/li>\n<li>Arbuus, ananass, maasikas ja <strong>kirss<\/strong> on t\u00e4idetud taaskasutatud plastpudelitega, mis tekitavad stimuleerivat kr\u00f5bisemisheli.<\/li>\n<\/ul>\n<p><strong>Kirsi m\u00e4nguasja m\u00f5\u00f5tmed (ilma n\u00f6\u00f6rideta):\u00a0<\/strong><\/p>\n<p>Pikkus: 17 cm<br \/>\nLaius: 35 cm<br \/>\nPaksus: 7 cm<\/p>\n<p><iframe loading=\"lazy\" title=\"Excellent Horse -  Foodie Friends (EN)\" width=\"1020\" height=\"574\" src=\"https:\/\/www.youtube.com\/embed\/ubsrq-fxniM?feature=oembed&#038;enablejsapi=1&#038;origin=https:\/\/equidash.eu\" frameborder=\"0\" allow=\"accelerometer; autoplay; clipboard-write; encrypted-media; gyroscope; picture-in-picture; web-share\" referrerpolicy=\"strict-origin-when-cross-origin\" allowfullscreen><\/iframe><\/p>","protected":false},"excerpt":{"rendered":"<p><a href=\"https:\/\/equidash.eu\/et\/tootesilt\/excellent-horse\/\"><img decoding=\"async\" style=\"height: 60px; margin-top: 20px;\" src=\"https:\/\/equidash.eu\/wp-content\/uploads\/2024\/12\/Excellent-Horse-logo.png\" alt=\"\" \/><\/a><\/p>","protected":false},"featured_media":1971,"template":"","meta":{"_acf_changed":false,"_joinchat":[]},"product_brand":[508],"product_cat":[27,251,252],"product_tag":[402,406],"class_list":{"0":"post-1970","1":"product","2":"type-product","3":"status-publish","4":"has-post-thumbnail","6":"product_brand-excellent-horse","7":"product_cat-horse","8":"product_cat-horse-feed-nutrition","9":"product_cat-toys-for-horses","10":"product_tag-excellent-horse","11":"product_tag-foodie-friends","13":"first","14":"onbackorder","15":"taxable","16":"shipping-taxable","17":"purchasable","18":"product-type-simple"},"acf":[],"yoast_head":"<!-- This site is optimized with the Yoast SEO Premium plugin v26.2 (Yoast SEO v27.3) - https:\/\/yoast.com\/product\/yoast-seo-premium-wordpress\/ -->\n<title>Excellent Horse Foodie Friends Cherry | Parima hinnaga ratsavarustuse e-pood<\/title>\n<meta name=\"description\" content=\"Excellent Horse Foodie Friends Cherry | kirsikujuline ohutu ja vastupidav m\u00e4nguasi hobusele igavuse peletamise vastu. Sobib nii talli kui treilerisse.\" \/>\n<meta name=\"robots\" content=\"index, follow, max-snippet:-1, max-image-preview:large, max-video-preview:-1\" \/>\n<link rel=\"canonical\" href=\"https:\/\/equidash.eu\/et\/shop\/hobune\/excellent-horse-foodie-friends-cherry\/\" \/>\n<meta property=\"og:locale\" content=\"et_EE\" \/>\n<meta property=\"og:type\" content=\"article\" \/>\n<meta property=\"og:title\" content=\"Excellent Horse Foodie Friends Cherry\" \/>\n<meta property=\"og:description\" content=\"Excellent Horse Foodie Friends Cherry | kirsikujuline ohutu ja vastupidav m\u00e4nguasi hobusele igavuse peletamise vastu. Sobib nii talli kui treilerisse.\" \/>\n<meta property=\"og:url\" content=\"https:\/\/equidash.eu\/et\/shop\/hobune\/excellent-horse-foodie-friends-cherry\/\" \/>\n<meta property=\"og:site_name\" content=\"Parima hinnaga ratsavarustuse e-pood\" \/>\n<meta property=\"article:publisher\" content=\"https:\/\/www.facebook.com\/people\/EquiDash\/61560864479586\/\" \/>\n<meta property=\"article:modified_time\" content=\"2025-08-05T09:37:22+00:00\" \/>\n<meta property=\"og:image\" content=\"https:\/\/equidash.eu\/wp-content\/uploads\/2024\/12\/Excellent_Foodie-Friends_Cherry.png\" \/>\n\t<meta property=\"og:image:width\" content=\"1080\" \/>\n\t<meta property=\"og:image:height\" content=\"1080\" \/>\n\t<meta property=\"og:image:type\" content=\"image\/png\" \/>\n<meta name=\"twitter:card\" content=\"summary_large_image\" \/>\n<meta name=\"twitter:label1\" content=\"Price\" \/>\n\t<meta name=\"twitter:data1\" content=\"19,95&nbsp;&euro;\" \/>\n\t<meta name=\"twitter:label2\" content=\"Availability\" \/>\n\t<meta name=\"twitter:data2\" content=\"On backorder\" \/>\n<script type=\"application\/ld+json\" class=\"yoast-schema-graph\">{\"@context\":\"https:\\\/\\\/schema.org\",\"@graph\":[{\"@type\":\"WebPage\",\"@id\":\"https:\\\/\\\/equidash.eu\\\/shop\\\/horse\\\/excellent-horse-foodie-friends-cherry\\\/\",\"url\":\"https:\\\/\\\/equidash.eu\\\/shop\\\/horse\\\/excellent-horse-foodie-friends-cherry\\\/\",\"name\":\"Excellent Horse Foodie Friends Cherry | Parima hinnaga ratsavarustuse e-pood\",\"isPartOf\":{\"@id\":\"https:\\\/\\\/equidash.eu\\\/#website\"},\"primaryImageOfPage\":{\"@id\":\"https:\\\/\\\/equidash.eu\\\/shop\\\/horse\\\/excellent-horse-foodie-friends-cherry\\\/#primaryimage\"},\"image\":{\"@id\":\"https:\\\/\\\/equidash.eu\\\/shop\\\/horse\\\/excellent-horse-foodie-friends-cherry\\\/#primaryimage\"},\"thumbnailUrl\":\"https:\\\/\\\/equidash.eu\\\/wp-content\\\/uploads\\\/2024\\\/12\\\/Excellent_Foodie-Friends_Cherry.png\",\"datePublished\":\"2024-12-28T14:26:10+00:00\",\"dateModified\":\"2025-08-05T09:37:22+00:00\",\"description\":\"Excellent Horse Foodie Friends Cherry | kirsikujuline ohutu ja vastupidav m\u00e4nguasi hobusele igavuse peletamise vastu. Sobib nii talli kui treilerisse.\",\"breadcrumb\":{\"@id\":\"https:\\\/\\\/equidash.eu\\\/shop\\\/horse\\\/excellent-horse-foodie-friends-cherry\\\/#breadcrumb\"},\"inLanguage\":\"et\",\"potentialAction\":[{\"@type\":\"ReadAction\",\"target\":[\"https:\\\/\\\/equidash.eu\\\/shop\\\/horse\\\/excellent-horse-foodie-friends-cherry\\\/\"]}]},{\"@type\":\"ImageObject\",\"inLanguage\":\"et\",\"@id\":\"https:\\\/\\\/equidash.eu\\\/shop\\\/horse\\\/excellent-horse-foodie-friends-cherry\\\/#primaryimage\",\"url\":\"https:\\\/\\\/equidash.eu\\\/wp-content\\\/uploads\\\/2024\\\/12\\\/Excellent_Foodie-Friends_Cherry.png\",\"contentUrl\":\"https:\\\/\\\/equidash.eu\\\/wp-content\\\/uploads\\\/2024\\\/12\\\/Excellent_Foodie-Friends_Cherry.png\",\"width\":1080,\"height\":1080,\"caption\":\"Foodie Friends Cherry \u2013 hobustele m\u00f5eldud m\u00e4nguasi, mis leevendab igavust ja pakub meelelahutust! Kirss\"},{\"@type\":\"BreadcrumbList\",\"@id\":\"https:\\\/\\\/equidash.eu\\\/shop\\\/horse\\\/excellent-horse-foodie-friends-cherry\\\/#breadcrumb\",\"itemListElement\":[{\"@type\":\"ListItem\",\"position\":1,\"name\":\"Home\",\"item\":\"https:\\\/\\\/equidash.eu\\\/\"},{\"@type\":\"ListItem\",\"position\":2,\"name\":\"Shop\",\"item\":\"https:\\\/\\\/equidash.eu\\\/shop\\\/\"},{\"@type\":\"ListItem\",\"position\":3,\"name\":\"Excellent Horse Foodie Friends Cherry\"}]},{\"@type\":\"WebSite\",\"@id\":\"https:\\\/\\\/equidash.eu\\\/#website\",\"url\":\"https:\\\/\\\/equidash.eu\\\/\",\"name\":\"EquiDash\",\"description\":\"Horse Riding Equipment and Accessories\",\"publisher\":{\"@id\":\"https:\\\/\\\/equidash.eu\\\/#organization\"},\"alternateName\":\"EquiDash\",\"potentialAction\":[{\"@type\":\"SearchAction\",\"target\":{\"@type\":\"EntryPoint\",\"urlTemplate\":\"https:\\\/\\\/equidash.eu\\\/?s={search_term_string}\"},\"query-input\":{\"@type\":\"PropertyValueSpecification\",\"valueRequired\":true,\"valueName\":\"search_term_string\"}}],\"inLanguage\":\"et\"},{\"@type\":\"Organization\",\"@id\":\"https:\\\/\\\/equidash.eu\\\/#organization\",\"name\":\"EquiDash\",\"alternateName\":\"EquiDash\",\"url\":\"https:\\\/\\\/equidash.eu\\\/\",\"logo\":{\"@type\":\"ImageObject\",\"inLanguage\":\"et\",\"@id\":\"https:\\\/\\\/equidash.eu\\\/#\\\/schema\\\/logo\\\/image\\\/\",\"url\":\"https:\\\/\\\/equidash.eu\\\/wp-content\\\/uploads\\\/2024\\\/09\\\/EQUIDASH_Logo_Raud-1.png\",\"contentUrl\":\"https:\\\/\\\/equidash.eu\\\/wp-content\\\/uploads\\\/2024\\\/09\\\/EQUIDASH_Logo_Raud-1.png\",\"width\":393,\"height\":422,\"caption\":\"EquiDash\"},\"image\":{\"@id\":\"https:\\\/\\\/equidash.eu\\\/#\\\/schema\\\/logo\\\/image\\\/\"},\"sameAs\":[\"https:\\\/\\\/www.facebook.com\\\/people\\\/EquiDash\\\/61560864479586\\\/\",\"https:\\\/\\\/www.instagram.com\\\/equidash.eshop\\\/\"],\"email\":\"info@equidash.eu\",\"telephone\":\"+372 59007334\",\"legalName\":\"Takian Corporation O\u00dc\",\"foundingDate\":\"2020-10-21\",\"vatID\":\"EE102301283\",\"numberOfEmployees\":{\"@type\":\"QuantitativeValue\",\"minValue\":\"1\",\"maxValue\":\"10\"},\"hasMerchantReturnPolicy\":{\"@type\":\"MerchantReturnPolicy\",\"merchantReturnLink\":\"https:\\\/\\\/equidash.eu\\\/et\\\/return-privacy\\\/\"}}]}<\/script>\n<meta property=\"product:brand\" content=\"Excellent Horse\" \/>\n<meta property=\"product:price:amount\" content=\"19.95\" \/>\n<meta property=\"product:price:currency\" content=\"EUR\" \/>\n<meta property=\"og:availability\" content=\"backorder\" \/>\n<meta property=\"product:availability\" content=\"available for order\" \/>\n<meta property=\"product:retailer_item_id\" content=\"EXCE01050I\" \/>\n<meta property=\"product:condition\" content=\"new\" \/>\n<!-- \/ Yoast SEO Premium plugin. -->","yoast_head_json":{"title":"Excellent Horse Foodie Friends Cherry | Parima hinnaga ratsavarustuse e-pood","description":"Excellent Horse Foodie Friends Cherry | kirsikujuline ohutu ja vastupidav m\u00e4nguasi hobusele igavuse peletamise vastu. Sobib nii talli kui treilerisse.","robots":{"index":"index","follow":"follow","max-snippet":"max-snippet:-1","max-image-preview":"max-image-preview:large","max-video-preview":"max-video-preview:-1"},"canonical":"https:\/\/equidash.eu\/et\/shop\/hobune\/excellent-horse-foodie-friends-cherry\/","og_locale":"et_EE","og_type":"article","og_title":"Excellent Horse Foodie Friends Cherry","og_description":"Excellent Horse Foodie Friends Cherry | kirsikujuline ohutu ja vastupidav m\u00e4nguasi hobusele igavuse peletamise vastu. Sobib nii talli kui treilerisse.","og_url":"https:\/\/equidash.eu\/et\/shop\/hobune\/excellent-horse-foodie-friends-cherry\/","og_site_name":"Parima hinnaga ratsavarustuse e-pood","article_publisher":"https:\/\/www.facebook.com\/people\/EquiDash\/61560864479586\/","article_modified_time":"2025-08-05T09:37:22+00:00","og_image":[{"width":1080,"height":1080,"url":"https:\/\/equidash.eu\/wp-content\/uploads\/2024\/12\/Excellent_Foodie-Friends_Cherry.png","type":"image\/png"}],"twitter_card":"summary_large_image","twitter_misc":{"Price":"19,95&nbsp;&euro;","Availability":"On backorder"},"schema":{"@context":"https:\/\/schema.org","@graph":[{"@type":"WebPage","@id":"https:\/\/equidash.eu\/shop\/horse\/excellent-horse-foodie-friends-cherry\/","url":"https:\/\/equidash.eu\/shop\/horse\/excellent-horse-foodie-friends-cherry\/","name":"Excellent Horse Foodie Friends Cherry | Parima hinnaga ratsavarustuse e-pood","isPartOf":{"@id":"https:\/\/equidash.eu\/#website"},"primaryImageOfPage":{"@id":"https:\/\/equidash.eu\/shop\/horse\/excellent-horse-foodie-friends-cherry\/#primaryimage"},"image":{"@id":"https:\/\/equidash.eu\/shop\/horse\/excellent-horse-foodie-friends-cherry\/#primaryimage"},"thumbnailUrl":"https:\/\/equidash.eu\/wp-content\/uploads\/2024\/12\/Excellent_Foodie-Friends_Cherry.png","datePublished":"2024-12-28T14:26:10+00:00","dateModified":"2025-08-05T09:37:22+00:00","description":"Excellent Horse Foodie Friends Cherry | kirsikujuline ohutu ja vastupidav m\u00e4nguasi hobusele igavuse peletamise vastu. Sobib nii talli kui treilerisse.","breadcrumb":{"@id":"https:\/\/equidash.eu\/shop\/horse\/excellent-horse-foodie-friends-cherry\/#breadcrumb"},"inLanguage":"et","potentialAction":[{"@type":"ReadAction","target":["https:\/\/equidash.eu\/shop\/horse\/excellent-horse-foodie-friends-cherry\/"]}]},{"@type":"ImageObject","inLanguage":"et","@id":"https:\/\/equidash.eu\/shop\/horse\/excellent-horse-foodie-friends-cherry\/#primaryimage","url":"https:\/\/equidash.eu\/wp-content\/uploads\/2024\/12\/Excellent_Foodie-Friends_Cherry.png","contentUrl":"https:\/\/equidash.eu\/wp-content\/uploads\/2024\/12\/Excellent_Foodie-Friends_Cherry.png","width":1080,"height":1080,"caption":"Foodie Friends Cherry \u2013 hobustele m\u00f5eldud m\u00e4nguasi, mis leevendab igavust ja pakub meelelahutust! Kirss"},{"@type":"BreadcrumbList","@id":"https:\/\/equidash.eu\/shop\/horse\/excellent-horse-foodie-friends-cherry\/#breadcrumb","itemListElement":[{"@type":"ListItem","position":1,"name":"Home","item":"https:\/\/equidash.eu\/"},{"@type":"ListItem","position":2,"name":"Shop","item":"https:\/\/equidash.eu\/shop\/"},{"@type":"ListItem","position":3,"name":"Excellent Horse Foodie Friends Cherry"}]},{"@type":"WebSite","@id":"https:\/\/equidash.eu\/#website","url":"https:\/\/equidash.eu\/","name":"EquiDash","description":"Horse Riding Equipment and Accessories","publisher":{"@id":"https:\/\/equidash.eu\/#organization"},"alternateName":"EquiDash","potentialAction":[{"@type":"SearchAction","target":{"@type":"EntryPoint","urlTemplate":"https:\/\/equidash.eu\/?s={search_term_string}"},"query-input":{"@type":"PropertyValueSpecification","valueRequired":true,"valueName":"search_term_string"}}],"inLanguage":"et"},{"@type":"Organization","@id":"https:\/\/equidash.eu\/#organization","name":"EquiDash","alternateName":"EquiDash","url":"https:\/\/equidash.eu\/","logo":{"@type":"ImageObject","inLanguage":"et","@id":"https:\/\/equidash.eu\/#\/schema\/logo\/image\/","url":"https:\/\/equidash.eu\/wp-content\/uploads\/2024\/09\/EQUIDASH_Logo_Raud-1.png","contentUrl":"https:\/\/equidash.eu\/wp-content\/uploads\/2024\/09\/EQUIDASH_Logo_Raud-1.png","width":393,"height":422,"caption":"EquiDash"},"image":{"@id":"https:\/\/equidash.eu\/#\/schema\/logo\/image\/"},"sameAs":["https:\/\/www.facebook.com\/people\/EquiDash\/61560864479586\/","https:\/\/www.instagram.com\/equidash.eshop\/"],"email":"info@equidash.eu","telephone":"+372 59007334","legalName":"Takian Corporation O\u00dc","foundingDate":"2020-10-21","vatID":"EE102301283","numberOfEmployees":{"@type":"QuantitativeValue","minValue":"1","maxValue":"10"},"hasMerchantReturnPolicy":{"@type":"MerchantReturnPolicy","merchantReturnLink":"https:\/\/equidash.eu\/et\/return-privacy\/"}}]},"product_brand":"Excellent Horse","product_price_amount":"19.95","product_price_currency":"EUR","og_availability":"backorder","product_availability":"available for order","product_retailer_item_id":"EXCE01050I","product_condition":"new"},"_links":{"self":[{"href":"https:\/\/equidash.eu\/et\/wp-json\/wp\/v2\/product\/1970","targetHints":{"allow":["GET"]}}],"collection":[{"href":"https:\/\/equidash.eu\/et\/wp-json\/wp\/v2\/product"}],"about":[{"href":"https:\/\/equidash.eu\/et\/wp-json\/wp\/v2\/types\/product"}],"wp:featuredmedia":[{"embeddable":true,"href":"https:\/\/equidash.eu\/et\/wp-json\/wp\/v2\/media\/1971"}],"wp:attachment":[{"href":"https:\/\/equidash.eu\/et\/wp-json\/wp\/v2\/media?parent=1970"}],"wp:term":[{"taxonomy":"product_brand","embeddable":true,"href":"https:\/\/equidash.eu\/et\/wp-json\/wp\/v2\/product_brand?post=1970"},{"taxonomy":"product_cat","embeddable":true,"href":"https:\/\/equidash.eu\/et\/wp-json\/wp\/v2\/product_cat?post=1970"},{"taxonomy":"product_tag","embeddable":true,"href":"https:\/\/equidash.eu\/et\/wp-json\/wp\/v2\/product_tag?post=1970"}],"curies":[{"name":"wp","href":"https:\/\/api.w.org\/{rel}","templated":true}]}}