{"id":1987,"date":"2024-12-28T21:35:17","date_gmt":"2024-12-28T19:35:17","guid":{"rendered":"https:\/\/equidash.eu\/?post_type=product&#038;p=1987"},"modified":"2025-06-08T13:15:19","modified_gmt":"2025-06-08T11:15:19","slug":"excellent-horse-lead-rope-exclusive-reflective","status":"publish","type":"product","link":"https:\/\/equidash.eu\/et\/shop\/horse\/excellent-horse-lead-rope-exclusive-reflective\/","title":{"rendered":"Excellent helkuriga jalutusn\u00f6\u00f6r Reflective"},"content":{"rendered":"<p>Excellent Horse helkuriga jalutusn\u00f6\u00f6r Exclusive Reflective on saadaval viies erinevas v\u00e4rvitoonis. \nJalutusn\u00f6\u00f6ri sisse on p\u00f5imitud helkurdetailid ning n\u00f6\u00f6r ise on tehtud v\u00e4ga tugevast pol\u00fcestrit, mis on hinnatud materjal ka m\u00e4gironijate seas. Jalutusn\u00f6\u00f6ri kinnitus koosneb 360 kraadi p\u00f6\u00f6ratavast roostevabast terasest karabiinist (must), millel on kena kummiviimistlus. Jalutusn\u00f6\u00f6ri pikkus on 2 meetrit.<\/p>\n<ul>\n<li>Roostevabast terasest karabiin<\/li>\n<li>V\u00e4ga tugev materjal (m\u00e4gironimiskvaliteet)<\/li>\n<li>Helkurdetailid annavad hea n\u00e4htavuse pimedas<\/li>\n<li>N\u00f6\u00f6ri pikkus 2m<\/li>\n<\/ul>","protected":false},"excerpt":{"rendered":"<p class=\"ai-optimize-23 ai-optimize-introduction\"><a href=\"https:\/\/equidash.eu\/et\/tootesilt\/excellent-horse\/\"><img decoding=\"async\" style=\"height: 60px; margin-top: 20px;\" src=\"https:\/\/equidash.eu\/wp-content\/uploads\/2024\/12\/Excellent-Horse-logo.png\" alt=\"\" \/><\/a><\/p>","protected":false},"featured_media":1991,"template":"","meta":{"_acf_changed":false,"_joinchat":[]},"product_brand":[508],"product_cat":[193,27,222],"product_tag":[402,413,414],"class_list":{"0":"post-1987","1":"product","2":"type-product","3":"status-publish","4":"has-post-thumbnail","6":"product_brand-excellent-horse","7":"product_cat-halters-lead-ropes-horse","8":"product_cat-horse","9":"product_cat-lead-ropes","10":"product_tag-excellent-horse","11":"product_tag-lead-rope","12":"product_tag-reflective","13":"pa_colors-black","14":"pa_colors-blue","15":"pa_colors-gray","16":"pa_colors-pink","17":"pa_colors-red","19":"first","20":"instock","21":"taxable","22":"shipping-taxable","23":"purchasable","24":"product-type-variable"},"acf":[],"yoast_head":"<!-- This site is optimized with the Yoast SEO Premium plugin v26.2 (Yoast SEO v27.2) - https:\/\/yoast.com\/product\/yoast-seo-premium-wordpress\/ -->\n<title>Excellent Horse lead rope Exclusive Reflective | Parima hinnaga ratsavarustuse e-pood<\/title>\n<meta name=\"description\" content=\"Excellent Horse lead rope Exclusive Reflective - helkuriga jalutusn\u00f6\u00f6r on ideaalne valik ka pimedal ajal tagades parema n\u00e4htavuse. Pikkus on 2m.\" \/>\n<meta name=\"robots\" content=\"index, follow, max-snippet:-1, max-image-preview:large, max-video-preview:-1\" \/>\n<link rel=\"canonical\" href=\"https:\/\/equidash.eu\/et\/shop\/hobune\/excellent-horse-lead-rope-exclusive-reflective\/\" \/>\n<meta property=\"og:locale\" content=\"et_EE\" \/>\n<meta property=\"og:type\" content=\"article\" \/>\n<meta property=\"og:title\" content=\"Excellent Horse lead rope Exclusive Reflective\" \/>\n<meta property=\"og:description\" content=\"Excellent Horse lead rope Exclusive Reflective - helkuriga jalutusn\u00f6\u00f6r on ideaalne valik ka pimedal ajal tagades parema n\u00e4htavuse. Pikkus on 2m.\" \/>\n<meta property=\"og:url\" content=\"https:\/\/equidash.eu\/et\/shop\/hobune\/excellent-horse-lead-rope-exclusive-reflective\/\" \/>\n<meta property=\"og:site_name\" content=\"Parima hinnaga ratsavarustuse e-pood\" \/>\n<meta property=\"article:publisher\" content=\"https:\/\/www.facebook.com\/people\/EquiDash\/61560864479586\/\" \/>\n<meta property=\"article:modified_time\" content=\"2025-06-08T11:15:19+00:00\" \/>\n<meta property=\"og:image\" content=\"https:\/\/equidash.eu\/wp-content\/uploads\/2024\/12\/Excellent-Horse_Lead-rope_Blue_1.png\" \/>\n\t<meta property=\"og:image:width\" content=\"1024\" \/>\n\t<meta property=\"og:image:height\" content=\"1024\" \/>\n\t<meta property=\"og:image:type\" content=\"image\/png\" \/>\n<meta name=\"twitter:card\" content=\"summary_large_image\" \/>\n<meta name=\"twitter:label1\" content=\"Availability\" \/>\n\t<meta name=\"twitter:data1\" content=\"In stock\" \/>\n<script type=\"application\/ld+json\" class=\"yoast-schema-graph\">{\"@context\":\"https:\/\/schema.org\",\"@graph\":[{\"@type\":\"WebPage\",\"@id\":\"https:\/\/equidash.eu\/shop\/horse\/excellent-horse-lead-rope-exclusive-reflective\/\",\"url\":\"https:\/\/equidash.eu\/shop\/horse\/excellent-horse-lead-rope-exclusive-reflective\/\",\"name\":\"Excellent Horse lead rope Exclusive Reflective | Parima hinnaga ratsavarustuse e-pood\",\"isPartOf\":{\"@id\":\"https:\/\/equidash.eu\/#website\"},\"primaryImageOfPage\":{\"@id\":\"https:\/\/equidash.eu\/shop\/horse\/excellent-horse-lead-rope-exclusive-reflective\/#primaryimage\"},\"image\":{\"@id\":\"https:\/\/equidash.eu\/shop\/horse\/excellent-horse-lead-rope-exclusive-reflective\/#primaryimage\"},\"thumbnailUrl\":\"https:\/\/equidash.eu\/wp-content\/uploads\/2024\/12\/Excellent-Horse_Lead-rope_Blue_1.png\",\"datePublished\":\"2024-12-28T19:35:17+00:00\",\"dateModified\":\"2025-06-08T11:15:19+00:00\",\"description\":\"Excellent Horse lead rope Exclusive Reflective - helkuriga jalutusn\u00f6\u00f6r on ideaalne valik ka pimedal ajal tagades parema n\u00e4htavuse. Pikkus on 2m.\",\"breadcrumb\":{\"@id\":\"https:\/\/equidash.eu\/shop\/horse\/excellent-horse-lead-rope-exclusive-reflective\/#breadcrumb\"},\"inLanguage\":\"et\",\"potentialAction\":[{\"@type\":\"ReadAction\",\"target\":[\"https:\/\/equidash.eu\/shop\/horse\/excellent-horse-lead-rope-exclusive-reflective\/\"]}]},{\"@type\":\"ImageObject\",\"inLanguage\":\"et\",\"@id\":\"https:\/\/equidash.eu\/shop\/horse\/excellent-horse-lead-rope-exclusive-reflective\/#primaryimage\",\"url\":\"https:\/\/equidash.eu\/wp-content\/uploads\/2024\/12\/Excellent-Horse_Lead-rope_Blue_1.png\",\"contentUrl\":\"https:\/\/equidash.eu\/wp-content\/uploads\/2024\/12\/Excellent-Horse_Lead-rope_Blue_1.png\",\"width\":1024,\"height\":1024},{\"@type\":\"BreadcrumbList\",\"@id\":\"https:\/\/equidash.eu\/shop\/horse\/excellent-horse-lead-rope-exclusive-reflective\/#breadcrumb\",\"itemListElement\":[{\"@type\":\"ListItem\",\"position\":1,\"name\":\"Home\",\"item\":\"https:\/\/equidash.eu\/\"},{\"@type\":\"ListItem\",\"position\":2,\"name\":\"Shop\",\"item\":\"https:\/\/equidash.eu\/shop\/\"},{\"@type\":\"ListItem\",\"position\":3,\"name\":\"Excellent Horse lead rope Exclusive Reflective\"}]},{\"@type\":\"WebSite\",\"@id\":\"https:\/\/equidash.eu\/#website\",\"url\":\"https:\/\/equidash.eu\/\",\"name\":\"EquiDash\",\"description\":\"Horse Riding Equipment and Accessories\",\"publisher\":{\"@id\":\"https:\/\/equidash.eu\/#organization\"},\"alternateName\":\"EquiDash\",\"potentialAction\":[{\"@type\":\"SearchAction\",\"target\":{\"@type\":\"EntryPoint\",\"urlTemplate\":\"https:\/\/equidash.eu\/?s={search_term_string}\"},\"query-input\":{\"@type\":\"PropertyValueSpecification\",\"valueRequired\":true,\"valueName\":\"search_term_string\"}}],\"inLanguage\":\"et\"},{\"@type\":\"Organization\",\"@id\":\"https:\/\/equidash.eu\/#organization\",\"name\":\"EquiDash\",\"alternateName\":\"EquiDash\",\"url\":\"https:\/\/equidash.eu\/\",\"logo\":{\"@type\":\"ImageObject\",\"inLanguage\":\"et\",\"@id\":\"https:\/\/equidash.eu\/#\/schema\/logo\/image\/\",\"url\":\"https:\/\/equidash.eu\/wp-content\/uploads\/2024\/09\/EQUIDASH_Logo_Raud-1.png\",\"contentUrl\":\"https:\/\/equidash.eu\/wp-content\/uploads\/2024\/09\/EQUIDASH_Logo_Raud-1.png\",\"width\":393,\"height\":422,\"caption\":\"EquiDash\"},\"image\":{\"@id\":\"https:\/\/equidash.eu\/#\/schema\/logo\/image\/\"},\"sameAs\":[\"https:\/\/www.facebook.com\/people\/EquiDash\/61560864479586\/\",\"https:\/\/www.instagram.com\/equidash.eshop\/\"],\"email\":\"info@equidash.eu\",\"telephone\":\"+372 59007334\",\"legalName\":\"Takian Corporation O\u00dc\",\"foundingDate\":\"2020-10-21\",\"vatID\":\"EE102301283\",\"numberOfEmployees\":{\"@type\":\"QuantitativeValue\",\"minValue\":\"1\",\"maxValue\":\"10\"},\"hasMerchantReturnPolicy\":{\"@type\":\"MerchantReturnPolicy\",\"merchantReturnLink\":\"https:\/\/equidash.eu\/et\/return-privacy\/\"}}]}<\/script>\n<meta property=\"product:brand\" content=\"Excellent Horse\" \/>\n<meta property=\"og:availability\" content=\"instock\" \/>\n<meta property=\"product:availability\" content=\"instock\" \/>\n<meta property=\"product:condition\" content=\"new\" \/>\n<!-- \/ Yoast SEO Premium plugin. -->","yoast_head_json":{"title":"Excellent Horse lead rope Exclusive Reflective | Parima hinnaga ratsavarustuse e-pood","description":"Excellent Horse lead rope Exclusive Reflective - helkuriga jalutusn\u00f6\u00f6r on ideaalne valik ka pimedal ajal tagades parema n\u00e4htavuse. Pikkus on 2m.","robots":{"index":"index","follow":"follow","max-snippet":"max-snippet:-1","max-image-preview":"max-image-preview:large","max-video-preview":"max-video-preview:-1"},"canonical":"https:\/\/equidash.eu\/et\/shop\/hobune\/excellent-horse-lead-rope-exclusive-reflective\/","og_locale":"et_EE","og_type":"article","og_title":"Excellent Horse lead rope Exclusive Reflective","og_description":"Excellent Horse lead rope Exclusive Reflective - helkuriga jalutusn\u00f6\u00f6r on ideaalne valik ka pimedal ajal tagades parema n\u00e4htavuse. Pikkus on 2m.","og_url":"https:\/\/equidash.eu\/et\/shop\/hobune\/excellent-horse-lead-rope-exclusive-reflective\/","og_site_name":"Parima hinnaga ratsavarustuse e-pood","article_publisher":"https:\/\/www.facebook.com\/people\/EquiDash\/61560864479586\/","article_modified_time":"2025-06-08T11:15:19+00:00","og_image":[{"width":1024,"height":1024,"url":"https:\/\/equidash.eu\/wp-content\/uploads\/2024\/12\/Excellent-Horse_Lead-rope_Blue_1.png","type":"image\/png"}],"twitter_card":"summary_large_image","twitter_misc":{"Availability":"In stock"},"schema":{"@context":"https:\/\/schema.org","@graph":[{"@type":"WebPage","@id":"https:\/\/equidash.eu\/shop\/horse\/excellent-horse-lead-rope-exclusive-reflective\/","url":"https:\/\/equidash.eu\/shop\/horse\/excellent-horse-lead-rope-exclusive-reflective\/","name":"Excellent Horse lead rope Exclusive Reflective | Parima hinnaga ratsavarustuse e-pood","isPartOf":{"@id":"https:\/\/equidash.eu\/#website"},"primaryImageOfPage":{"@id":"https:\/\/equidash.eu\/shop\/horse\/excellent-horse-lead-rope-exclusive-reflective\/#primaryimage"},"image":{"@id":"https:\/\/equidash.eu\/shop\/horse\/excellent-horse-lead-rope-exclusive-reflective\/#primaryimage"},"thumbnailUrl":"https:\/\/equidash.eu\/wp-content\/uploads\/2024\/12\/Excellent-Horse_Lead-rope_Blue_1.png","datePublished":"2024-12-28T19:35:17+00:00","dateModified":"2025-06-08T11:15:19+00:00","description":"Excellent Horse lead rope Exclusive Reflective - helkuriga jalutusn\u00f6\u00f6r on ideaalne valik ka pimedal ajal tagades parema n\u00e4htavuse. Pikkus on 2m.","breadcrumb":{"@id":"https:\/\/equidash.eu\/shop\/horse\/excellent-horse-lead-rope-exclusive-reflective\/#breadcrumb"},"inLanguage":"et","potentialAction":[{"@type":"ReadAction","target":["https:\/\/equidash.eu\/shop\/horse\/excellent-horse-lead-rope-exclusive-reflective\/"]}]},{"@type":"ImageObject","inLanguage":"et","@id":"https:\/\/equidash.eu\/shop\/horse\/excellent-horse-lead-rope-exclusive-reflective\/#primaryimage","url":"https:\/\/equidash.eu\/wp-content\/uploads\/2024\/12\/Excellent-Horse_Lead-rope_Blue_1.png","contentUrl":"https:\/\/equidash.eu\/wp-content\/uploads\/2024\/12\/Excellent-Horse_Lead-rope_Blue_1.png","width":1024,"height":1024},{"@type":"BreadcrumbList","@id":"https:\/\/equidash.eu\/shop\/horse\/excellent-horse-lead-rope-exclusive-reflective\/#breadcrumb","itemListElement":[{"@type":"ListItem","position":1,"name":"Home","item":"https:\/\/equidash.eu\/"},{"@type":"ListItem","position":2,"name":"Shop","item":"https:\/\/equidash.eu\/shop\/"},{"@type":"ListItem","position":3,"name":"Excellent Horse lead rope Exclusive Reflective"}]},{"@type":"WebSite","@id":"https:\/\/equidash.eu\/#website","url":"https:\/\/equidash.eu\/","name":"EquiDash","description":"Horse Riding Equipment and Accessories","publisher":{"@id":"https:\/\/equidash.eu\/#organization"},"alternateName":"EquiDash","potentialAction":[{"@type":"SearchAction","target":{"@type":"EntryPoint","urlTemplate":"https:\/\/equidash.eu\/?s={search_term_string}"},"query-input":{"@type":"PropertyValueSpecification","valueRequired":true,"valueName":"search_term_string"}}],"inLanguage":"et"},{"@type":"Organization","@id":"https:\/\/equidash.eu\/#organization","name":"EquiDash","alternateName":"EquiDash","url":"https:\/\/equidash.eu\/","logo":{"@type":"ImageObject","inLanguage":"et","@id":"https:\/\/equidash.eu\/#\/schema\/logo\/image\/","url":"https:\/\/equidash.eu\/wp-content\/uploads\/2024\/09\/EQUIDASH_Logo_Raud-1.png","contentUrl":"https:\/\/equidash.eu\/wp-content\/uploads\/2024\/09\/EQUIDASH_Logo_Raud-1.png","width":393,"height":422,"caption":"EquiDash"},"image":{"@id":"https:\/\/equidash.eu\/#\/schema\/logo\/image\/"},"sameAs":["https:\/\/www.facebook.com\/people\/EquiDash\/61560864479586\/","https:\/\/www.instagram.com\/equidash.eshop\/"],"email":"info@equidash.eu","telephone":"+372 59007334","legalName":"Takian Corporation O\u00dc","foundingDate":"2020-10-21","vatID":"EE102301283","numberOfEmployees":{"@type":"QuantitativeValue","minValue":"1","maxValue":"10"},"hasMerchantReturnPolicy":{"@type":"MerchantReturnPolicy","merchantReturnLink":"https:\/\/equidash.eu\/et\/return-privacy\/"}}]},"product_brand":"Excellent Horse","og_availability":"instock","product_availability":"instock","product_condition":"new"},"_links":{"self":[{"href":"https:\/\/equidash.eu\/et\/wp-json\/wp\/v2\/product\/1987","targetHints":{"allow":["GET"]}}],"collection":[{"href":"https:\/\/equidash.eu\/et\/wp-json\/wp\/v2\/product"}],"about":[{"href":"https:\/\/equidash.eu\/et\/wp-json\/wp\/v2\/types\/product"}],"wp:featuredmedia":[{"embeddable":true,"href":"https:\/\/equidash.eu\/et\/wp-json\/wp\/v2\/media\/1991"}],"wp:attachment":[{"href":"https:\/\/equidash.eu\/et\/wp-json\/wp\/v2\/media?parent=1987"}],"wp:term":[{"taxonomy":"product_brand","embeddable":true,"href":"https:\/\/equidash.eu\/et\/wp-json\/wp\/v2\/product_brand?post=1987"},{"taxonomy":"product_cat","embeddable":true,"href":"https:\/\/equidash.eu\/et\/wp-json\/wp\/v2\/product_cat?post=1987"},{"taxonomy":"product_tag","embeddable":true,"href":"https:\/\/equidash.eu\/et\/wp-json\/wp\/v2\/product_tag?post=1987"}],"curies":[{"name":"wp","href":"https:\/\/api.w.org\/{rel}","templated":true}]}}