{"id":2018,"date":"2024-12-29T14:05:18","date_gmt":"2024-12-29T12:05:18","guid":{"rendered":"https:\/\/equidash.eu\/?post_type=product&#038;p=2018"},"modified":"2025-07-01T23:22:34","modified_gmt":"2025-07-01T21:22:34","slug":"back-on-track-ear-bonnet-airflow","status":"publish","type":"product","link":"https:\/\/equidash.eu\/et\/shop\/horse\/back-on-track-ear-bonnet-airflow\/","title":{"rendered":"Back on Track k\u00f5rvad Airflow"},"content":{"rendered":"<p>Back on Track k\u00f5rvad Airflow on l\u00e4bi aegade k\u00f5ige hingavamad k\u00f5rvad hobustele!<\/p>\n<p>T\u00e4nu v\u00f5rkmaterjalist k\u00f5rvade ja pea osale, saab \u00f5hk v\u00e4ga h\u00e4sti liikuda. See annab k\u00f5rvadele hea hingavuse ja kiire niiskuse \u00e4rajuhtimise. Kerge elastne materjal sobib v\u00e4ga h\u00e4sti k\u00f5rvade \u00fcmber. Kogu sisemus on vooderdatud Welltex\u00ae tehnoloogiaga, et suurendada vereringet ja aidata kaasa l\u00f5dvestumisele kaela piirkonnas. Welltex\u00ae-il on ka niiskust ja temperatuuri reguleerivad omadused.<\/p>\n<p>K\u00f5rvad on kaunistatud elegantse n\u00f6\u00f6riga ning  ees on tikitud Back on Track logo. See annab kena v\u00e4limuse ja kaitseb t\u00fc\u00fctute k\u00e4rbeste ja putukate eest, olenemata sellest, kas l\u00e4hete maastikule v\u00f5i v\u00f5istlustele.<\/p>\n<ul>\n<li>Welltex\u00ae tehnoloogia<\/li>\n<li>Kerge ja \u00f5huline v\u00f5rkkangas<\/li>\n<li>Hea hingavus<\/li>\n<li>Elastne k\u00f5rvade osa<\/li>\n<li>\u00c4\u00e4ris kaunistatud elegantse n\u00f6\u00f6riga<\/li>\n<li>Tikitud Back on Track logo<\/li>\n<\/ul>\n<p><strong>Materjal: <\/strong><\/p>\n<p>V\u00f5rk: 100% pol\u00fcester<br \/>\nMaterjal 1: 100% pol\u00fcester<br \/>\nVooder: 80% pol\u00fcester, 20% puuvill<\/p>","protected":false},"excerpt":{"rendered":"<p><a href=\"https:\/\/equidash.eu\/et\/tootesilt\/back-on-track\/\"><img decoding=\"async\" style=\"height: 20px;margin-top: 20px\" src=\"https:\/\/equidash.eu\/wp-content\/uploads\/2024\/10\/bot-1.png\" alt=\"\" \/><\/a><\/p>","protected":false},"featured_media":2023,"template":"","meta":{"_acf_changed":false,"_joinchat":[]},"product_brand":[667],"product_cat":[241,240,27],"product_tag":[416,417,415],"class_list":{"0":"post-2018","1":"product","2":"type-product","3":"status-publish","4":"has-post-thumbnail","6":"product_brand-back-on-track","7":"product_cat-ear-bonnet","8":"product_cat-ear-bonnet-fly-veils","9":"product_cat-horse","10":"product_tag-airflow","11":"product_tag-back-on-track","12":"product_tag-ear-bonnet","13":"pa_colors-black","14":"pa_colors-brown","15":"pa_size-full","17":"first","18":"instock","19":"taxable","20":"shipping-taxable","21":"purchasable","22":"product-type-variable"},"acf":[],"yoast_head":"<!-- This site is optimized with the Yoast SEO Premium plugin v26.2 (Yoast SEO v27.2) - https:\/\/yoast.com\/product\/yoast-seo-premium-wordpress\/ -->\n<title>Back on Track Ear Bonnet Airflow | Parima hinnaga ratsavarustuse e-pood<\/title>\n<meta name=\"description\" content=\"Back on Track Ear Bonnet Airflow - F\u00fcsioteraapilise toimega, v\u00f5rkmaterjalist k\u00f5rvad hobustele. Toode on v\u00e4ga hingav ja mugav.\" \/>\n<meta name=\"robots\" content=\"index, follow, max-snippet:-1, max-image-preview:large, max-video-preview:-1\" \/>\n<link rel=\"canonical\" href=\"https:\/\/equidash.eu\/et\/shop\/hobune\/back-on-track-ear-bonnet-airflow\/\" \/>\n<meta property=\"og:locale\" content=\"et_EE\" \/>\n<meta property=\"og:type\" content=\"article\" \/>\n<meta property=\"og:title\" content=\"Back on Track Ear Bonnet Airflow\" \/>\n<meta property=\"og:description\" content=\"Back on Track Ear Bonnet Airflow - F\u00fcsioteraapilise toimega, v\u00f5rkmaterjalist k\u00f5rvad hobustele. Toode on v\u00e4ga hingav ja mugav.\" \/>\n<meta property=\"og:url\" content=\"https:\/\/equidash.eu\/et\/shop\/hobune\/back-on-track-ear-bonnet-airflow\/\" \/>\n<meta property=\"og:site_name\" content=\"Parima hinnaga ratsavarustuse e-pood\" \/>\n<meta property=\"article:publisher\" content=\"https:\/\/www.facebook.com\/people\/EquiDash\/61560864479586\/\" \/>\n<meta property=\"article:modified_time\" content=\"2025-07-01T21:22:34+00:00\" \/>\n<meta property=\"og:image\" content=\"https:\/\/equidash.eu\/wp-content\/uploads\/2024\/12\/INSTA-POSTITUS-2-1.png\" \/>\n\t<meta property=\"og:image:width\" content=\"1080\" \/>\n\t<meta property=\"og:image:height\" content=\"1080\" \/>\n\t<meta property=\"og:image:type\" content=\"image\/png\" \/>\n<meta name=\"twitter:card\" content=\"summary_large_image\" \/>\n<meta name=\"twitter:label1\" content=\"Availability\" \/>\n\t<meta name=\"twitter:data1\" content=\"In stock\" \/>\n<script type=\"application\/ld+json\" class=\"yoast-schema-graph\">{\"@context\":\"https:\/\/schema.org\",\"@graph\":[{\"@type\":\"WebPage\",\"@id\":\"https:\/\/equidash.eu\/shop\/horse\/back-on-track-ear-bonnet-airflow\/\",\"url\":\"https:\/\/equidash.eu\/shop\/horse\/back-on-track-ear-bonnet-airflow\/\",\"name\":\"Back on Track Ear Bonnet Airflow | Parima hinnaga ratsavarustuse e-pood\",\"isPartOf\":{\"@id\":\"https:\/\/equidash.eu\/#website\"},\"primaryImageOfPage\":{\"@id\":\"https:\/\/equidash.eu\/shop\/horse\/back-on-track-ear-bonnet-airflow\/#primaryimage\"},\"image\":{\"@id\":\"https:\/\/equidash.eu\/shop\/horse\/back-on-track-ear-bonnet-airflow\/#primaryimage\"},\"thumbnailUrl\":\"https:\/\/equidash.eu\/wp-content\/uploads\/2024\/12\/INSTA-POSTITUS-2-1.png\",\"datePublished\":\"2024-12-29T12:05:18+00:00\",\"dateModified\":\"2025-07-01T21:22:34+00:00\",\"description\":\"Back on Track Ear Bonnet Airflow - F\u00fcsioteraapilise toimega, v\u00f5rkmaterjalist k\u00f5rvad hobustele. Toode on v\u00e4ga hingav ja mugav.\",\"breadcrumb\":{\"@id\":\"https:\/\/equidash.eu\/shop\/horse\/back-on-track-ear-bonnet-airflow\/#breadcrumb\"},\"inLanguage\":\"et\",\"potentialAction\":[{\"@type\":\"ReadAction\",\"target\":[\"https:\/\/equidash.eu\/shop\/horse\/back-on-track-ear-bonnet-airflow\/\"]}]},{\"@type\":\"ImageObject\",\"inLanguage\":\"et\",\"@id\":\"https:\/\/equidash.eu\/shop\/horse\/back-on-track-ear-bonnet-airflow\/#primaryimage\",\"url\":\"https:\/\/equidash.eu\/wp-content\/uploads\/2024\/12\/INSTA-POSTITUS-2-1.png\",\"contentUrl\":\"https:\/\/equidash.eu\/wp-content\/uploads\/2024\/12\/INSTA-POSTITUS-2-1.png\",\"width\":1080,\"height\":1080},{\"@type\":\"BreadcrumbList\",\"@id\":\"https:\/\/equidash.eu\/shop\/horse\/back-on-track-ear-bonnet-airflow\/#breadcrumb\",\"itemListElement\":[{\"@type\":\"ListItem\",\"position\":1,\"name\":\"Home\",\"item\":\"https:\/\/equidash.eu\/\"},{\"@type\":\"ListItem\",\"position\":2,\"name\":\"Shop\",\"item\":\"https:\/\/equidash.eu\/shop\/\"},{\"@type\":\"ListItem\",\"position\":3,\"name\":\"Back on Track Ear Bonnet Airflow\"}]},{\"@type\":\"WebSite\",\"@id\":\"https:\/\/equidash.eu\/#website\",\"url\":\"https:\/\/equidash.eu\/\",\"name\":\"EquiDash\",\"description\":\"Horse Riding Equipment and Accessories\",\"publisher\":{\"@id\":\"https:\/\/equidash.eu\/#organization\"},\"alternateName\":\"EquiDash\",\"potentialAction\":[{\"@type\":\"SearchAction\",\"target\":{\"@type\":\"EntryPoint\",\"urlTemplate\":\"https:\/\/equidash.eu\/?s={search_term_string}\"},\"query-input\":{\"@type\":\"PropertyValueSpecification\",\"valueRequired\":true,\"valueName\":\"search_term_string\"}}],\"inLanguage\":\"et\"},{\"@type\":\"Organization\",\"@id\":\"https:\/\/equidash.eu\/#organization\",\"name\":\"EquiDash\",\"alternateName\":\"EquiDash\",\"url\":\"https:\/\/equidash.eu\/\",\"logo\":{\"@type\":\"ImageObject\",\"inLanguage\":\"et\",\"@id\":\"https:\/\/equidash.eu\/#\/schema\/logo\/image\/\",\"url\":\"https:\/\/equidash.eu\/wp-content\/uploads\/2024\/09\/EQUIDASH_Logo_Raud-1.png\",\"contentUrl\":\"https:\/\/equidash.eu\/wp-content\/uploads\/2024\/09\/EQUIDASH_Logo_Raud-1.png\",\"width\":393,\"height\":422,\"caption\":\"EquiDash\"},\"image\":{\"@id\":\"https:\/\/equidash.eu\/#\/schema\/logo\/image\/\"},\"sameAs\":[\"https:\/\/www.facebook.com\/people\/EquiDash\/61560864479586\/\",\"https:\/\/www.instagram.com\/equidash.eshop\/\"],\"email\":\"info@equidash.eu\",\"telephone\":\"+372 59007334\",\"legalName\":\"Takian Corporation O\u00dc\",\"foundingDate\":\"2020-10-21\",\"vatID\":\"EE102301283\",\"numberOfEmployees\":{\"@type\":\"QuantitativeValue\",\"minValue\":\"1\",\"maxValue\":\"10\"},\"hasMerchantReturnPolicy\":{\"@type\":\"MerchantReturnPolicy\",\"merchantReturnLink\":\"https:\/\/equidash.eu\/et\/return-privacy\/\"}}]}<\/script>\n<meta property=\"product:brand\" content=\"Back on Track\" \/>\n<meta property=\"og:availability\" content=\"instock\" \/>\n<meta property=\"product:availability\" content=\"instock\" \/>\n<meta property=\"product:condition\" content=\"new\" \/>\n<!-- \/ Yoast SEO Premium plugin. -->","yoast_head_json":{"title":"Back on Track Ear Bonnet Airflow | Parima hinnaga ratsavarustuse e-pood","description":"Back on Track Ear Bonnet Airflow - F\u00fcsioteraapilise toimega, v\u00f5rkmaterjalist k\u00f5rvad hobustele. Toode on v\u00e4ga hingav ja mugav.","robots":{"index":"index","follow":"follow","max-snippet":"max-snippet:-1","max-image-preview":"max-image-preview:large","max-video-preview":"max-video-preview:-1"},"canonical":"https:\/\/equidash.eu\/et\/shop\/hobune\/back-on-track-ear-bonnet-airflow\/","og_locale":"et_EE","og_type":"article","og_title":"Back on Track Ear Bonnet Airflow","og_description":"Back on Track Ear Bonnet Airflow - F\u00fcsioteraapilise toimega, v\u00f5rkmaterjalist k\u00f5rvad hobustele. Toode on v\u00e4ga hingav ja mugav.","og_url":"https:\/\/equidash.eu\/et\/shop\/hobune\/back-on-track-ear-bonnet-airflow\/","og_site_name":"Parima hinnaga ratsavarustuse e-pood","article_publisher":"https:\/\/www.facebook.com\/people\/EquiDash\/61560864479586\/","article_modified_time":"2025-07-01T21:22:34+00:00","og_image":[{"width":1080,"height":1080,"url":"https:\/\/equidash.eu\/wp-content\/uploads\/2024\/12\/INSTA-POSTITUS-2-1.png","type":"image\/png"}],"twitter_card":"summary_large_image","twitter_misc":{"Availability":"In stock"},"schema":{"@context":"https:\/\/schema.org","@graph":[{"@type":"WebPage","@id":"https:\/\/equidash.eu\/shop\/horse\/back-on-track-ear-bonnet-airflow\/","url":"https:\/\/equidash.eu\/shop\/horse\/back-on-track-ear-bonnet-airflow\/","name":"Back on Track Ear Bonnet Airflow | Parima hinnaga ratsavarustuse e-pood","isPartOf":{"@id":"https:\/\/equidash.eu\/#website"},"primaryImageOfPage":{"@id":"https:\/\/equidash.eu\/shop\/horse\/back-on-track-ear-bonnet-airflow\/#primaryimage"},"image":{"@id":"https:\/\/equidash.eu\/shop\/horse\/back-on-track-ear-bonnet-airflow\/#primaryimage"},"thumbnailUrl":"https:\/\/equidash.eu\/wp-content\/uploads\/2024\/12\/INSTA-POSTITUS-2-1.png","datePublished":"2024-12-29T12:05:18+00:00","dateModified":"2025-07-01T21:22:34+00:00","description":"Back on Track Ear Bonnet Airflow - F\u00fcsioteraapilise toimega, v\u00f5rkmaterjalist k\u00f5rvad hobustele. Toode on v\u00e4ga hingav ja mugav.","breadcrumb":{"@id":"https:\/\/equidash.eu\/shop\/horse\/back-on-track-ear-bonnet-airflow\/#breadcrumb"},"inLanguage":"et","potentialAction":[{"@type":"ReadAction","target":["https:\/\/equidash.eu\/shop\/horse\/back-on-track-ear-bonnet-airflow\/"]}]},{"@type":"ImageObject","inLanguage":"et","@id":"https:\/\/equidash.eu\/shop\/horse\/back-on-track-ear-bonnet-airflow\/#primaryimage","url":"https:\/\/equidash.eu\/wp-content\/uploads\/2024\/12\/INSTA-POSTITUS-2-1.png","contentUrl":"https:\/\/equidash.eu\/wp-content\/uploads\/2024\/12\/INSTA-POSTITUS-2-1.png","width":1080,"height":1080},{"@type":"BreadcrumbList","@id":"https:\/\/equidash.eu\/shop\/horse\/back-on-track-ear-bonnet-airflow\/#breadcrumb","itemListElement":[{"@type":"ListItem","position":1,"name":"Home","item":"https:\/\/equidash.eu\/"},{"@type":"ListItem","position":2,"name":"Shop","item":"https:\/\/equidash.eu\/shop\/"},{"@type":"ListItem","position":3,"name":"Back on Track Ear Bonnet Airflow"}]},{"@type":"WebSite","@id":"https:\/\/equidash.eu\/#website","url":"https:\/\/equidash.eu\/","name":"EquiDash","description":"Horse Riding Equipment and Accessories","publisher":{"@id":"https:\/\/equidash.eu\/#organization"},"alternateName":"EquiDash","potentialAction":[{"@type":"SearchAction","target":{"@type":"EntryPoint","urlTemplate":"https:\/\/equidash.eu\/?s={search_term_string}"},"query-input":{"@type":"PropertyValueSpecification","valueRequired":true,"valueName":"search_term_string"}}],"inLanguage":"et"},{"@type":"Organization","@id":"https:\/\/equidash.eu\/#organization","name":"EquiDash","alternateName":"EquiDash","url":"https:\/\/equidash.eu\/","logo":{"@type":"ImageObject","inLanguage":"et","@id":"https:\/\/equidash.eu\/#\/schema\/logo\/image\/","url":"https:\/\/equidash.eu\/wp-content\/uploads\/2024\/09\/EQUIDASH_Logo_Raud-1.png","contentUrl":"https:\/\/equidash.eu\/wp-content\/uploads\/2024\/09\/EQUIDASH_Logo_Raud-1.png","width":393,"height":422,"caption":"EquiDash"},"image":{"@id":"https:\/\/equidash.eu\/#\/schema\/logo\/image\/"},"sameAs":["https:\/\/www.facebook.com\/people\/EquiDash\/61560864479586\/","https:\/\/www.instagram.com\/equidash.eshop\/"],"email":"info@equidash.eu","telephone":"+372 59007334","legalName":"Takian Corporation O\u00dc","foundingDate":"2020-10-21","vatID":"EE102301283","numberOfEmployees":{"@type":"QuantitativeValue","minValue":"1","maxValue":"10"},"hasMerchantReturnPolicy":{"@type":"MerchantReturnPolicy","merchantReturnLink":"https:\/\/equidash.eu\/et\/return-privacy\/"}}]},"product_brand":"Back on Track","og_availability":"instock","product_availability":"instock","product_condition":"new"},"_links":{"self":[{"href":"https:\/\/equidash.eu\/et\/wp-json\/wp\/v2\/product\/2018","targetHints":{"allow":["GET"]}}],"collection":[{"href":"https:\/\/equidash.eu\/et\/wp-json\/wp\/v2\/product"}],"about":[{"href":"https:\/\/equidash.eu\/et\/wp-json\/wp\/v2\/types\/product"}],"wp:featuredmedia":[{"embeddable":true,"href":"https:\/\/equidash.eu\/et\/wp-json\/wp\/v2\/media\/2023"}],"wp:attachment":[{"href":"https:\/\/equidash.eu\/et\/wp-json\/wp\/v2\/media?parent=2018"}],"wp:term":[{"taxonomy":"product_brand","embeddable":true,"href":"https:\/\/equidash.eu\/et\/wp-json\/wp\/v2\/product_brand?post=2018"},{"taxonomy":"product_cat","embeddable":true,"href":"https:\/\/equidash.eu\/et\/wp-json\/wp\/v2\/product_cat?post=2018"},{"taxonomy":"product_tag","embeddable":true,"href":"https:\/\/equidash.eu\/et\/wp-json\/wp\/v2\/product_tag?post=2018"}],"curies":[{"name":"wp","href":"https:\/\/api.w.org\/{rel}","templated":true}]}}