{"id":2025,"date":"2024-12-29T14:29:45","date_gmt":"2024-12-29T12:29:45","guid":{"rendered":"https:\/\/equidash.eu\/?post_type=product&#038;p=2025"},"modified":"2024-12-29T14:36:52","modified_gmt":"2024-12-29T12:36:52","slug":"tommy-hilfiger-soundless-ear-bonnet-london","status":"publish","type":"product","link":"https:\/\/equidash.eu\/et\/shop\/horse\/tommy-hilfiger-soundless-ear-bonnet-london\/","title":{"rendered":"Tommy Hilfiger helisummutavad k\u00f5rvad London"},"content":{"rendered":"<p>Tommy Hilfiger helisummutavad k\u00f5rvad London on m\u00f5eldud tundlikele hobustele. Sellel on klassikalised Tommy v\u00e4rvid, helkurmaterjalist TH-logo, silikoonist Tommy logo, dekoratiivne punutis \u00e4\u00e4risel ja heegeldatud servad. K\u00f5rvad on valmistatud funktsionaalsest, paksust elastsest materjalist, mis summutab k\u00f5rget m\u00fcra, s\u00e4ilitades samal ajal niiskust imavad omadused, lisades mugavust.<\/p>\n<ul>\n<li>M\u00f5eldud tundlikele hobustele<\/li>\n<li>Helkurist TH-logo<\/li>\n<li>Sisaldab klassikalisi Tommy br\u00e4ndi v\u00e4rve<\/li>\n<\/ul>\n<p>Materjal:<\/p>\n<p>Heegeldatud osa: 60% puuvill, 40% pol\u00fcester<\/p>\n<p>K\u00f5rvade osa: 95% pol\u00fcester, 5% elastaan.<\/p>","protected":false},"excerpt":{"rendered":"<p>The Tommy Hilfiger Soundless Ear Bonnet London has been designed for sensitive horses. It features classic Tommy sports colors, reflective TH logo, silicone Tommy logo, decorative rope trim and scalloped knit brim. The ears are made from a functional, thick, elastic material that absorbs high-pitched noise while retaining our moisture-wicking properties, for added comfort and [&#8230;]\n","protected":false},"featured_media":2028,"template":"","meta":{"_acf_changed":false,"_joinchat":[]},"product_brand":[],"product_cat":[241,240,27],"product_tag":[415,419,418,420],"class_list":{"0":"post-2025","1":"product","2":"type-product","3":"status-publish","4":"has-post-thumbnail","6":"product_cat-ear-bonnet","7":"product_cat-ear-bonnet-fly-veils","8":"product_cat-horse","9":"product_tag-ear-bonnet","10":"product_tag-london","11":"product_tag-soundless","12":"product_tag-tommy-hilfiger","13":"pa_colors-navy","14":"pa_size-full","16":"first","17":"onbackorder","18":"taxable","19":"shipping-taxable","20":"purchasable","21":"product-type-variable"},"acf":[],"yoast_head":"<!-- This site is optimized with the Yoast SEO Premium plugin v26.2 (Yoast SEO v27.3) - https:\/\/yoast.com\/product\/yoast-seo-premium-wordpress\/ -->\n<title>Tommy Hilfiger Soundless Ear Bonnet London | Parima hinnaga ratsavarustuse e-pood<\/title>\n<meta name=\"description\" content=\"Tommy Hilfiger Soundless Ear Bonnet London - Elegantsed,, helisummutavad k\u00f5rvad hobustele. Sobivad ideaalselt tundlikule hobusele.\" \/>\n<meta name=\"robots\" content=\"index, follow, max-snippet:-1, max-image-preview:large, max-video-preview:-1\" \/>\n<link rel=\"canonical\" href=\"https:\/\/equidash.eu\/et\/shop\/hobune\/tommy-hilfiger-soundless-ear-bonnet-london\/\" \/>\n<meta property=\"og:locale\" content=\"et_EE\" \/>\n<meta property=\"og:type\" content=\"article\" \/>\n<meta property=\"og:title\" content=\"Tommy Hilfiger Soundless Ear Bonnet London\" \/>\n<meta property=\"og:description\" content=\"Tommy Hilfiger Soundless Ear Bonnet London - Elegantsed,, helisummutavad k\u00f5rvad hobustele. Sobivad ideaalselt tundlikule hobusele.\" \/>\n<meta property=\"og:url\" content=\"https:\/\/equidash.eu\/et\/shop\/hobune\/tommy-hilfiger-soundless-ear-bonnet-london\/\" \/>\n<meta property=\"og:site_name\" content=\"Parima hinnaga ratsavarustuse e-pood\" \/>\n<meta property=\"article:publisher\" content=\"https:\/\/www.facebook.com\/people\/EquiDash\/61560864479586\/\" \/>\n<meta property=\"article:modified_time\" content=\"2024-12-29T12:36:52+00:00\" \/>\n<meta property=\"og:image\" content=\"https:\/\/equidash.eu\/wp-content\/uploads\/2024\/12\/TommyHilfiger_Soundless-Air-Bonnet_London.png\" \/>\n\t<meta property=\"og:image:width\" content=\"1080\" \/>\n\t<meta property=\"og:image:height\" content=\"1080\" \/>\n\t<meta property=\"og:image:type\" content=\"image\/png\" \/>\n<meta name=\"twitter:card\" content=\"summary_large_image\" \/>\n<meta name=\"twitter:label1\" content=\"Availability\" \/>\n\t<meta name=\"twitter:data1\" content=\"On backorder\" \/>\n<script type=\"application\/ld+json\" class=\"yoast-schema-graph\">{\"@context\":\"https:\\\/\\\/schema.org\",\"@graph\":[{\"@type\":\"WebPage\",\"@id\":\"https:\\\/\\\/equidash.eu\\\/shop\\\/horse\\\/tommy-hilfiger-soundless-ear-bonnet-london\\\/\",\"url\":\"https:\\\/\\\/equidash.eu\\\/shop\\\/horse\\\/tommy-hilfiger-soundless-ear-bonnet-london\\\/\",\"name\":\"Tommy Hilfiger Soundless Ear Bonnet London | Parima hinnaga ratsavarustuse e-pood\",\"isPartOf\":{\"@id\":\"https:\\\/\\\/equidash.eu\\\/#website\"},\"primaryImageOfPage\":{\"@id\":\"https:\\\/\\\/equidash.eu\\\/shop\\\/horse\\\/tommy-hilfiger-soundless-ear-bonnet-london\\\/#primaryimage\"},\"image\":{\"@id\":\"https:\\\/\\\/equidash.eu\\\/shop\\\/horse\\\/tommy-hilfiger-soundless-ear-bonnet-london\\\/#primaryimage\"},\"thumbnailUrl\":\"https:\\\/\\\/equidash.eu\\\/wp-content\\\/uploads\\\/2024\\\/12\\\/TommyHilfiger_Soundless-Air-Bonnet_London.png\",\"datePublished\":\"2024-12-29T12:29:45+00:00\",\"dateModified\":\"2024-12-29T12:36:52+00:00\",\"description\":\"Tommy Hilfiger Soundless Ear Bonnet London - Elegantsed,, helisummutavad k\u00f5rvad hobustele. Sobivad ideaalselt tundlikule hobusele.\",\"breadcrumb\":{\"@id\":\"https:\\\/\\\/equidash.eu\\\/shop\\\/horse\\\/tommy-hilfiger-soundless-ear-bonnet-london\\\/#breadcrumb\"},\"inLanguage\":\"et\",\"potentialAction\":[{\"@type\":\"ReadAction\",\"target\":[\"https:\\\/\\\/equidash.eu\\\/shop\\\/horse\\\/tommy-hilfiger-soundless-ear-bonnet-london\\\/\"]}]},{\"@type\":\"ImageObject\",\"inLanguage\":\"et\",\"@id\":\"https:\\\/\\\/equidash.eu\\\/shop\\\/horse\\\/tommy-hilfiger-soundless-ear-bonnet-london\\\/#primaryimage\",\"url\":\"https:\\\/\\\/equidash.eu\\\/wp-content\\\/uploads\\\/2024\\\/12\\\/TommyHilfiger_Soundless-Air-Bonnet_London.png\",\"contentUrl\":\"https:\\\/\\\/equidash.eu\\\/wp-content\\\/uploads\\\/2024\\\/12\\\/TommyHilfiger_Soundless-Air-Bonnet_London.png\",\"width\":1080,\"height\":1080},{\"@type\":\"BreadcrumbList\",\"@id\":\"https:\\\/\\\/equidash.eu\\\/shop\\\/horse\\\/tommy-hilfiger-soundless-ear-bonnet-london\\\/#breadcrumb\",\"itemListElement\":[{\"@type\":\"ListItem\",\"position\":1,\"name\":\"Home\",\"item\":\"https:\\\/\\\/equidash.eu\\\/\"},{\"@type\":\"ListItem\",\"position\":2,\"name\":\"Shop\",\"item\":\"https:\\\/\\\/equidash.eu\\\/shop\\\/\"},{\"@type\":\"ListItem\",\"position\":3,\"name\":\"Tommy Hilfiger Soundless Ear Bonnet London\"}]},{\"@type\":\"WebSite\",\"@id\":\"https:\\\/\\\/equidash.eu\\\/#website\",\"url\":\"https:\\\/\\\/equidash.eu\\\/\",\"name\":\"EquiDash\",\"description\":\"Horse Riding Equipment and Accessories\",\"publisher\":{\"@id\":\"https:\\\/\\\/equidash.eu\\\/#organization\"},\"alternateName\":\"EquiDash\",\"potentialAction\":[{\"@type\":\"SearchAction\",\"target\":{\"@type\":\"EntryPoint\",\"urlTemplate\":\"https:\\\/\\\/equidash.eu\\\/?s={search_term_string}\"},\"query-input\":{\"@type\":\"PropertyValueSpecification\",\"valueRequired\":true,\"valueName\":\"search_term_string\"}}],\"inLanguage\":\"et\"},{\"@type\":\"Organization\",\"@id\":\"https:\\\/\\\/equidash.eu\\\/#organization\",\"name\":\"EquiDash\",\"alternateName\":\"EquiDash\",\"url\":\"https:\\\/\\\/equidash.eu\\\/\",\"logo\":{\"@type\":\"ImageObject\",\"inLanguage\":\"et\",\"@id\":\"https:\\\/\\\/equidash.eu\\\/#\\\/schema\\\/logo\\\/image\\\/\",\"url\":\"https:\\\/\\\/equidash.eu\\\/wp-content\\\/uploads\\\/2024\\\/09\\\/EQUIDASH_Logo_Raud-1.png\",\"contentUrl\":\"https:\\\/\\\/equidash.eu\\\/wp-content\\\/uploads\\\/2024\\\/09\\\/EQUIDASH_Logo_Raud-1.png\",\"width\":393,\"height\":422,\"caption\":\"EquiDash\"},\"image\":{\"@id\":\"https:\\\/\\\/equidash.eu\\\/#\\\/schema\\\/logo\\\/image\\\/\"},\"sameAs\":[\"https:\\\/\\\/www.facebook.com\\\/people\\\/EquiDash\\\/61560864479586\\\/\",\"https:\\\/\\\/www.instagram.com\\\/equidash.eshop\\\/\"],\"email\":\"info@equidash.eu\",\"telephone\":\"+372 59007334\",\"legalName\":\"Takian Corporation O\u00dc\",\"foundingDate\":\"2020-10-21\",\"vatID\":\"EE102301283\",\"numberOfEmployees\":{\"@type\":\"QuantitativeValue\",\"minValue\":\"1\",\"maxValue\":\"10\"},\"hasMerchantReturnPolicy\":{\"@type\":\"MerchantReturnPolicy\",\"merchantReturnLink\":\"https:\\\/\\\/equidash.eu\\\/et\\\/return-privacy\\\/\"}}]}<\/script>\n<meta property=\"og:availability\" content=\"backorder\" \/>\n<meta property=\"product:availability\" content=\"available for order\" \/>\n<meta property=\"product:condition\" content=\"new\" \/>\n<!-- \/ Yoast SEO Premium plugin. -->","yoast_head_json":{"title":"Tommy Hilfiger Soundless Ear Bonnet London | Parima hinnaga ratsavarustuse e-pood","description":"Tommy Hilfiger Soundless Ear Bonnet London - Elegantsed,, helisummutavad k\u00f5rvad hobustele. Sobivad ideaalselt tundlikule hobusele.","robots":{"index":"index","follow":"follow","max-snippet":"max-snippet:-1","max-image-preview":"max-image-preview:large","max-video-preview":"max-video-preview:-1"},"canonical":"https:\/\/equidash.eu\/et\/shop\/hobune\/tommy-hilfiger-soundless-ear-bonnet-london\/","og_locale":"et_EE","og_type":"article","og_title":"Tommy Hilfiger Soundless Ear Bonnet London","og_description":"Tommy Hilfiger Soundless Ear Bonnet London - Elegantsed,, helisummutavad k\u00f5rvad hobustele. Sobivad ideaalselt tundlikule hobusele.","og_url":"https:\/\/equidash.eu\/et\/shop\/hobune\/tommy-hilfiger-soundless-ear-bonnet-london\/","og_site_name":"Parima hinnaga ratsavarustuse e-pood","article_publisher":"https:\/\/www.facebook.com\/people\/EquiDash\/61560864479586\/","article_modified_time":"2024-12-29T12:36:52+00:00","og_image":[{"width":1080,"height":1080,"url":"https:\/\/equidash.eu\/wp-content\/uploads\/2024\/12\/TommyHilfiger_Soundless-Air-Bonnet_London.png","type":"image\/png"}],"twitter_card":"summary_large_image","twitter_misc":{"Availability":"On backorder"},"schema":{"@context":"https:\/\/schema.org","@graph":[{"@type":"WebPage","@id":"https:\/\/equidash.eu\/shop\/horse\/tommy-hilfiger-soundless-ear-bonnet-london\/","url":"https:\/\/equidash.eu\/shop\/horse\/tommy-hilfiger-soundless-ear-bonnet-london\/","name":"Tommy Hilfiger Soundless Ear Bonnet London | Parima hinnaga ratsavarustuse e-pood","isPartOf":{"@id":"https:\/\/equidash.eu\/#website"},"primaryImageOfPage":{"@id":"https:\/\/equidash.eu\/shop\/horse\/tommy-hilfiger-soundless-ear-bonnet-london\/#primaryimage"},"image":{"@id":"https:\/\/equidash.eu\/shop\/horse\/tommy-hilfiger-soundless-ear-bonnet-london\/#primaryimage"},"thumbnailUrl":"https:\/\/equidash.eu\/wp-content\/uploads\/2024\/12\/TommyHilfiger_Soundless-Air-Bonnet_London.png","datePublished":"2024-12-29T12:29:45+00:00","dateModified":"2024-12-29T12:36:52+00:00","description":"Tommy Hilfiger Soundless Ear Bonnet London - Elegantsed,, helisummutavad k\u00f5rvad hobustele. Sobivad ideaalselt tundlikule hobusele.","breadcrumb":{"@id":"https:\/\/equidash.eu\/shop\/horse\/tommy-hilfiger-soundless-ear-bonnet-london\/#breadcrumb"},"inLanguage":"et","potentialAction":[{"@type":"ReadAction","target":["https:\/\/equidash.eu\/shop\/horse\/tommy-hilfiger-soundless-ear-bonnet-london\/"]}]},{"@type":"ImageObject","inLanguage":"et","@id":"https:\/\/equidash.eu\/shop\/horse\/tommy-hilfiger-soundless-ear-bonnet-london\/#primaryimage","url":"https:\/\/equidash.eu\/wp-content\/uploads\/2024\/12\/TommyHilfiger_Soundless-Air-Bonnet_London.png","contentUrl":"https:\/\/equidash.eu\/wp-content\/uploads\/2024\/12\/TommyHilfiger_Soundless-Air-Bonnet_London.png","width":1080,"height":1080},{"@type":"BreadcrumbList","@id":"https:\/\/equidash.eu\/shop\/horse\/tommy-hilfiger-soundless-ear-bonnet-london\/#breadcrumb","itemListElement":[{"@type":"ListItem","position":1,"name":"Home","item":"https:\/\/equidash.eu\/"},{"@type":"ListItem","position":2,"name":"Shop","item":"https:\/\/equidash.eu\/shop\/"},{"@type":"ListItem","position":3,"name":"Tommy Hilfiger Soundless Ear Bonnet London"}]},{"@type":"WebSite","@id":"https:\/\/equidash.eu\/#website","url":"https:\/\/equidash.eu\/","name":"EquiDash","description":"Horse Riding Equipment and Accessories","publisher":{"@id":"https:\/\/equidash.eu\/#organization"},"alternateName":"EquiDash","potentialAction":[{"@type":"SearchAction","target":{"@type":"EntryPoint","urlTemplate":"https:\/\/equidash.eu\/?s={search_term_string}"},"query-input":{"@type":"PropertyValueSpecification","valueRequired":true,"valueName":"search_term_string"}}],"inLanguage":"et"},{"@type":"Organization","@id":"https:\/\/equidash.eu\/#organization","name":"EquiDash","alternateName":"EquiDash","url":"https:\/\/equidash.eu\/","logo":{"@type":"ImageObject","inLanguage":"et","@id":"https:\/\/equidash.eu\/#\/schema\/logo\/image\/","url":"https:\/\/equidash.eu\/wp-content\/uploads\/2024\/09\/EQUIDASH_Logo_Raud-1.png","contentUrl":"https:\/\/equidash.eu\/wp-content\/uploads\/2024\/09\/EQUIDASH_Logo_Raud-1.png","width":393,"height":422,"caption":"EquiDash"},"image":{"@id":"https:\/\/equidash.eu\/#\/schema\/logo\/image\/"},"sameAs":["https:\/\/www.facebook.com\/people\/EquiDash\/61560864479586\/","https:\/\/www.instagram.com\/equidash.eshop\/"],"email":"info@equidash.eu","telephone":"+372 59007334","legalName":"Takian Corporation O\u00dc","foundingDate":"2020-10-21","vatID":"EE102301283","numberOfEmployees":{"@type":"QuantitativeValue","minValue":"1","maxValue":"10"},"hasMerchantReturnPolicy":{"@type":"MerchantReturnPolicy","merchantReturnLink":"https:\/\/equidash.eu\/et\/return-privacy\/"}}]},"og_availability":"backorder","product_availability":"available for order","product_condition":"new"},"_links":{"self":[{"href":"https:\/\/equidash.eu\/et\/wp-json\/wp\/v2\/product\/2025","targetHints":{"allow":["GET"]}}],"collection":[{"href":"https:\/\/equidash.eu\/et\/wp-json\/wp\/v2\/product"}],"about":[{"href":"https:\/\/equidash.eu\/et\/wp-json\/wp\/v2\/types\/product"}],"wp:featuredmedia":[{"embeddable":true,"href":"https:\/\/equidash.eu\/et\/wp-json\/wp\/v2\/media\/2028"}],"wp:attachment":[{"href":"https:\/\/equidash.eu\/et\/wp-json\/wp\/v2\/media?parent=2025"}],"wp:term":[{"taxonomy":"product_brand","embeddable":true,"href":"https:\/\/equidash.eu\/et\/wp-json\/wp\/v2\/product_brand?post=2025"},{"taxonomy":"product_cat","embeddable":true,"href":"https:\/\/equidash.eu\/et\/wp-json\/wp\/v2\/product_cat?post=2025"},{"taxonomy":"product_tag","embeddable":true,"href":"https:\/\/equidash.eu\/et\/wp-json\/wp\/v2\/product_tag?post=2025"}],"curies":[{"name":"wp","href":"https:\/\/api.w.org\/{rel}","templated":true}]}}