{"id":2029,"date":"2025-01-01T18:21:49","date_gmt":"2025-01-01T16:21:49","guid":{"rendered":"https:\/\/equidash.eu\/?post_type=product&#038;p=2029"},"modified":"2025-10-05T08:08:10","modified_gmt":"2025-10-05T06:08:10","slug":"chia-de-gracia-electrolyte-up","status":"publish","type":"product","link":"https:\/\/equidash.eu\/et\/shop\/horse\/chia-de-gracia-electrolyte-up\/","title":{"rendered":"Chia de Gracia looduslik elektrol\u00fc\u00fct Electrolyte Up"},"content":{"rendered":"<p><span style=\"font-size: 100%;\">Chia De Gracia Electrolyte Up is a natural, delicious and completely sugar-free electrolyte preparation for horses. The horse&#8217;s electrolyte and fluid balance are designed to be restored after a hard performance and sweating. Electrolyte Up contains Himalayan salt, mineral salt, beetroot powder, dandelion root, dandelion leaves and a pinch of love.<\/span><\/p>\n<ul>\n<li>During heavy muscle work, the horse\u2019s body temperature rises because the muscles release most of their energy as heat.\u00a0With many horses, body temperature also rises during transport. The horse gets rid of excess heat mainly by sweating.<\/li>\n<li>During physical exertion, the horse can sweat up to 10-15 liters per hour. When sweating, the horse loses salts and minerals, ie. electrolytes (sodium, potassium, magnesium, calcium).<\/li>\n<li>A heavily sweating horse can lose up to 100 g of salt in a single hour. Low electrolyte concentration reduces the amount of blood circulating in the veins and the horse&#8217;s performance ability decreases.<\/li>\n<li>Horse\u00b4s body needs salt and electrolytes to maintain its electrolyte balance despite strong sweating. Providing extra salt in feed is also justified for lightworking horses, as there are large individual differences in salt rock consumption.<\/li>\n<\/ul>\n<p><span style=\"font-size: 100%;\">Sweating consumes always plenty of water and the horse quickly begins to suffer from dehydrating if drinking water is not available or the horse will not drink enough. Offer the horse a reasonable amount of lukewarm water immediately after training. Replace the lost electrolytes when the horse is sweating.<\/span><\/p>\n<ul>\n<li><span style=\"font-size: 100%;\">The high-quality Himalayan salt contains around 80 different minerals and sodium. However, its mineral content is not enough to meet the needs of a heavily sweating horse.<\/span><\/li>\n<li><span style=\"font-size: 100%;\">Mineral salts contain some sodium, but especially potassium and magnesium, which are also important electrolytes.<\/span><\/li>\n<li><span style=\"font-size: 100%;\">Beetroot contains many and varied healthy minerals: potassium, calcium, magnesium, sodium, copper, phosphorus, iron and zinc.<\/span><\/li>\n<li><span style=\"font-size: 100%;\">Dandelion leaves and roots are also an excellent way to replace lost electrolytes. They contains plenty of potassium and magnesium to repair the body&#8217;s electrolyte balance.<\/span><\/li>\n<\/ul>\n<p><span style=\"font-size: 100%;\">An isotonic saline solution with salinity equal to the body will quickly repair the horse&#8217;s fluid and electrolyte loss. The isotonic saline solution is obtained by mixing 3\/4 of the salt with 10 liters of water. The role of electrolyte products is not only to restore the horse-lost electrolytes, but also to get the horse to drink more.<\/span><\/p>\n<p>Dosage &#8211; horse 500kg:<\/p>\n<p>2 tablespoons &#8211; 3\/4 dl as needed.<\/p>\n<p>1 dl = 90 g. 1 tbsp = 14 g.<\/p>\n<p>If you know the horse will sweat abundantly, administer Electrolyte Up to the horse before, during, and after sweating.<br \/>\nHorse also lose electrolytes and fluids with diarrhea and in these cases the lost electrolytes and fluid balance must be remedied efficiently.<\/p>\n<p><strong>Chia de Gracia<\/strong> is a Finnish family company offering 100% natural supplements for horses and dogs. Chia de Gracia&#8217;s products are all EU-certified products that guarantee they are analysed and safe and they meet the requirements of EU\u00b4s feed legislation.<\/p>\n<article class=\"text-token-text-primary w-full focus:outline-none scroll-mt-(--header-height)\" dir=\"auto\" tabindex=\"-1\" data-turn-id=\"89cf8409-a08c-4179-9f54-6f80566599ea\" data-testid=\"conversation-turn-9\" data-scroll-anchor=\"false\" data-turn=\"user\">\n<div class=\"text-base my-auto mx-auto pt-12 [--thread-content-margin:--spacing(4)] thread-sm:[--thread-content-margin:--spacing(6)] thread-lg:[--thread-content-margin:--spacing(16)] px-(--thread-content-margin)\">\n<div class=\"[--thread-content-max-width:40rem] thread-lg:[--thread-content-max-width:48rem] mx-auto max-w-(--thread-content-max-width) flex-1 group\/turn-messages focus-visible:outline-hidden relative flex w-full min-w-0 flex-col\" tabindex=\"-1\">\n<div class=\"flex max-w-full flex-col grow\">\n<div class=\"min-h-8 text-message relative flex w-full flex-col items-end gap-2 text-start break-words whitespace-normal [.text-message+&amp;]:mt-5\" dir=\"auto\" data-message-author-role=\"user\" data-message-id=\"89cf8409-a08c-4179-9f54-6f80566599ea\">\n<div class=\"flex w-full flex-col gap-1 empty:hidden items-end rtl:items-start\">\n<div class=\"user-message-bubble-color relative rounded-[18px] px-4 py-1.5 data-[multiline]:py-3 max-w-[var(--user-chat-width,70%)]\" data-multiline=\"\">\n<p class=\"whitespace-pre-wrap\"><span style=\"font-size: 100%;\"><strong><span style=\"color: #555555;\">Composition<\/span><span style=\"color: #555555;\">:<\/span><\/strong><\/span><\/p>\n<p class=\"whitespace-pre-wrap\"><span style=\"color: #555555; font-size: 100%;\">Himalayan foothill salt, mineral salt, red beet powder, dandelion root, dandelion<\/span><\/p>\n<\/div>\n<\/div>\n<\/div>\n<\/div>\n<\/div>\n<\/div>\n<\/article>\n<p>Brand: Chia de Gracia<br data-start=\"21\" data-end=\"24\" \/>Feed declaration: Complementary feed<br data-start=\"60\" data-end=\"63\" \/>Manufacturer: Chia de Gracia Oy, S\u00e4rkiniemenkatu 5 C1, 00210 Helsinki, Finland, <a class=\"decorated-link\" href=\"https:\/\/www.chiadegracia.com\/\" target=\"_new\" rel=\"noopener\" data-start=\"143\" data-end=\"195\" data-is-last-node=\"\">www.chiadegracia.com<\/a><\/p>\n","protected":false},"excerpt":{"rendered":"<p class=\"ai-optimize-23 ai-optimize-introduction\"><a href=\"https:\/\/equidash.eu\/et\/tootesilt\/chia-de-gracia\/\"><img decoding=\"async\" style=\"height: 60px; margin-top: 20px;\" src=\"https:\/\/equidash.eu\/wp-content\/uploads\/2024\/10\/chialogoS_-1.png\" alt=\"\" \/><\/a><\/p>","protected":false},"featured_media":2033,"template":"","meta":{"_acf_changed":false,"_joinchat":[]},"product_brand":[510],"product_cat":[710,27,251,405],"product_tag":[422,421,423],"class_list":{"0":"post-2029","1":"product","2":"type-product","3":"status-publish","4":"has-post-thumbnail","6":"product_brand-chia-de-gracia","7":"product_cat-energy","8":"product_cat-horse","9":"product_cat-horse-feed-nutrition","10":"product_cat-supplements","11":"product_tag-100-natural","12":"product_tag-chia-de-gracia","13":"product_tag-electrolyte","14":"pa_size-1-kg","16":"first","17":"onbackorder","18":"taxable","19":"shipping-taxable","20":"purchasable","21":"product-type-variable"},"acf":[],"yoast_head":"<!-- This site is optimized with the Yoast SEO Premium plugin v26.2 (Yoast SEO v27.2) - https:\/\/yoast.com\/product\/yoast-seo-premium-wordpress\/ -->\n<title>Chia De Gracia Electrolyte Up | Parima hinnaga ratsavarustuse e-pood<\/title>\n<meta name=\"description\" content=\"Chia De Gracia Electrolyte Up - 100% looduslik suhkruvaba elektrol\u00fc\u00fctide preparaat hobustele peale treeningut v\u00f5i transportimiseks.\" \/>\n<meta name=\"robots\" content=\"index, follow, max-snippet:-1, max-image-preview:large, max-video-preview:-1\" \/>\n<link rel=\"canonical\" href=\"https:\/\/equidash.eu\/et\/shop\/hobune\/chia-de-gracia-electrolyte-up\/\" \/>\n<meta property=\"og:locale\" content=\"et_EE\" \/>\n<meta property=\"og:type\" content=\"article\" \/>\n<meta property=\"og:title\" content=\"Chia De Gracia Electrolyte Up\" \/>\n<meta property=\"og:description\" content=\"Chia De Gracia Electrolyte Up - 100% looduslik suhkruvaba elektrol\u00fc\u00fctide preparaat hobustele peale treeningut v\u00f5i transportimiseks.\" \/>\n<meta property=\"og:url\" content=\"https:\/\/equidash.eu\/et\/shop\/hobune\/chia-de-gracia-electrolyte-up\/\" \/>\n<meta property=\"og:site_name\" content=\"Parima hinnaga ratsavarustuse e-pood\" \/>\n<meta property=\"article:publisher\" content=\"https:\/\/www.facebook.com\/people\/EquiDash\/61560864479586\/\" \/>\n<meta property=\"article:modified_time\" content=\"2025-10-05T06:08:10+00:00\" \/>\n<meta property=\"og:image\" content=\"https:\/\/equidash.eu\/wp-content\/uploads\/2025\/01\/ChiaDeGracia_Electrolyte-UP-1kg.png\" \/>\n\t<meta property=\"og:image:width\" content=\"1080\" \/>\n\t<meta property=\"og:image:height\" content=\"1080\" \/>\n\t<meta property=\"og:image:type\" content=\"image\/png\" \/>\n<meta name=\"twitter:card\" content=\"summary_large_image\" \/>\n<meta name=\"twitter:label1\" content=\"Availability\" \/>\n\t<meta name=\"twitter:data1\" content=\"On backorder\" \/>\n<script type=\"application\/ld+json\" class=\"yoast-schema-graph\">{\"@context\":\"https:\/\/schema.org\",\"@graph\":[{\"@type\":\"WebPage\",\"@id\":\"https:\/\/equidash.eu\/shop\/horse\/chia-de-gracia-electrolyte-up\/\",\"url\":\"https:\/\/equidash.eu\/shop\/horse\/chia-de-gracia-electrolyte-up\/\",\"name\":\"Chia De Gracia Electrolyte Up | Parima hinnaga ratsavarustuse e-pood\",\"isPartOf\":{\"@id\":\"https:\/\/equidash.eu\/#website\"},\"primaryImageOfPage\":{\"@id\":\"https:\/\/equidash.eu\/shop\/horse\/chia-de-gracia-electrolyte-up\/#primaryimage\"},\"image\":{\"@id\":\"https:\/\/equidash.eu\/shop\/horse\/chia-de-gracia-electrolyte-up\/#primaryimage\"},\"thumbnailUrl\":\"https:\/\/equidash.eu\/wp-content\/uploads\/2025\/01\/ChiaDeGracia_Electrolyte-UP-1kg.png\",\"datePublished\":\"2025-01-01T16:21:49+00:00\",\"dateModified\":\"2025-10-05T06:08:10+00:00\",\"description\":\"Chia De Gracia Electrolyte Up - 100% looduslik suhkruvaba elektrol\u00fc\u00fctide preparaat hobustele peale treeningut v\u00f5i transportimiseks.\",\"breadcrumb\":{\"@id\":\"https:\/\/equidash.eu\/shop\/horse\/chia-de-gracia-electrolyte-up\/#breadcrumb\"},\"inLanguage\":\"et\",\"potentialAction\":[{\"@type\":\"ReadAction\",\"target\":[\"https:\/\/equidash.eu\/shop\/horse\/chia-de-gracia-electrolyte-up\/\"]}]},{\"@type\":\"ImageObject\",\"inLanguage\":\"et\",\"@id\":\"https:\/\/equidash.eu\/shop\/horse\/chia-de-gracia-electrolyte-up\/#primaryimage\",\"url\":\"https:\/\/equidash.eu\/wp-content\/uploads\/2025\/01\/ChiaDeGracia_Electrolyte-UP-1kg.png\",\"contentUrl\":\"https:\/\/equidash.eu\/wp-content\/uploads\/2025\/01\/ChiaDeGracia_Electrolyte-UP-1kg.png\",\"width\":1080,\"height\":1080,\"caption\":\"Chia De Gracia Electrolyte Up \u2013 100% looduslik, suhkruvaba elektrol\u00fc\u00fctide preparaat hobustele.\"},{\"@type\":\"BreadcrumbList\",\"@id\":\"https:\/\/equidash.eu\/shop\/horse\/chia-de-gracia-electrolyte-up\/#breadcrumb\",\"itemListElement\":[{\"@type\":\"ListItem\",\"position\":1,\"name\":\"Home\",\"item\":\"https:\/\/equidash.eu\/\"},{\"@type\":\"ListItem\",\"position\":2,\"name\":\"Shop\",\"item\":\"https:\/\/equidash.eu\/shop\/\"},{\"@type\":\"ListItem\",\"position\":3,\"name\":\"Chia De Gracia Electrolyte Up\"}]},{\"@type\":\"WebSite\",\"@id\":\"https:\/\/equidash.eu\/#website\",\"url\":\"https:\/\/equidash.eu\/\",\"name\":\"EquiDash\",\"description\":\"Horse Riding Equipment and Accessories\",\"publisher\":{\"@id\":\"https:\/\/equidash.eu\/#organization\"},\"alternateName\":\"EquiDash\",\"potentialAction\":[{\"@type\":\"SearchAction\",\"target\":{\"@type\":\"EntryPoint\",\"urlTemplate\":\"https:\/\/equidash.eu\/?s={search_term_string}\"},\"query-input\":{\"@type\":\"PropertyValueSpecification\",\"valueRequired\":true,\"valueName\":\"search_term_string\"}}],\"inLanguage\":\"et\"},{\"@type\":\"Organization\",\"@id\":\"https:\/\/equidash.eu\/#organization\",\"name\":\"EquiDash\",\"alternateName\":\"EquiDash\",\"url\":\"https:\/\/equidash.eu\/\",\"logo\":{\"@type\":\"ImageObject\",\"inLanguage\":\"et\",\"@id\":\"https:\/\/equidash.eu\/#\/schema\/logo\/image\/\",\"url\":\"https:\/\/equidash.eu\/wp-content\/uploads\/2024\/09\/EQUIDASH_Logo_Raud-1.png\",\"contentUrl\":\"https:\/\/equidash.eu\/wp-content\/uploads\/2024\/09\/EQUIDASH_Logo_Raud-1.png\",\"width\":393,\"height\":422,\"caption\":\"EquiDash\"},\"image\":{\"@id\":\"https:\/\/equidash.eu\/#\/schema\/logo\/image\/\"},\"sameAs\":[\"https:\/\/www.facebook.com\/people\/EquiDash\/61560864479586\/\",\"https:\/\/www.instagram.com\/equidash.eshop\/\"],\"email\":\"info@equidash.eu\",\"telephone\":\"+372 59007334\",\"legalName\":\"Takian Corporation O\u00dc\",\"foundingDate\":\"2020-10-21\",\"vatID\":\"EE102301283\",\"numberOfEmployees\":{\"@type\":\"QuantitativeValue\",\"minValue\":\"1\",\"maxValue\":\"10\"},\"hasMerchantReturnPolicy\":{\"@type\":\"MerchantReturnPolicy\",\"merchantReturnLink\":\"https:\/\/equidash.eu\/et\/return-privacy\/\"}}]}<\/script>\n<meta property=\"product:brand\" content=\"Chia de Gracia\" \/>\n<meta property=\"og:availability\" content=\"backorder\" \/>\n<meta property=\"product:availability\" content=\"available for order\" \/>\n<meta property=\"product:condition\" content=\"new\" \/>\n<!-- \/ Yoast SEO Premium plugin. -->","yoast_head_json":{"title":"Chia De Gracia Electrolyte Up | Parima hinnaga ratsavarustuse e-pood","description":"Chia De Gracia Electrolyte Up - 100% looduslik suhkruvaba elektrol\u00fc\u00fctide preparaat hobustele peale treeningut v\u00f5i transportimiseks.","robots":{"index":"index","follow":"follow","max-snippet":"max-snippet:-1","max-image-preview":"max-image-preview:large","max-video-preview":"max-video-preview:-1"},"canonical":"https:\/\/equidash.eu\/et\/shop\/hobune\/chia-de-gracia-electrolyte-up\/","og_locale":"et_EE","og_type":"article","og_title":"Chia De Gracia Electrolyte Up","og_description":"Chia De Gracia Electrolyte Up - 100% looduslik suhkruvaba elektrol\u00fc\u00fctide preparaat hobustele peale treeningut v\u00f5i transportimiseks.","og_url":"https:\/\/equidash.eu\/et\/shop\/hobune\/chia-de-gracia-electrolyte-up\/","og_site_name":"Parima hinnaga ratsavarustuse e-pood","article_publisher":"https:\/\/www.facebook.com\/people\/EquiDash\/61560864479586\/","article_modified_time":"2025-10-05T06:08:10+00:00","og_image":[{"width":1080,"height":1080,"url":"https:\/\/equidash.eu\/wp-content\/uploads\/2025\/01\/ChiaDeGracia_Electrolyte-UP-1kg.png","type":"image\/png"}],"twitter_card":"summary_large_image","twitter_misc":{"Availability":"On backorder"},"schema":{"@context":"https:\/\/schema.org","@graph":[{"@type":"WebPage","@id":"https:\/\/equidash.eu\/shop\/horse\/chia-de-gracia-electrolyte-up\/","url":"https:\/\/equidash.eu\/shop\/horse\/chia-de-gracia-electrolyte-up\/","name":"Chia De Gracia Electrolyte Up | Parima hinnaga ratsavarustuse e-pood","isPartOf":{"@id":"https:\/\/equidash.eu\/#website"},"primaryImageOfPage":{"@id":"https:\/\/equidash.eu\/shop\/horse\/chia-de-gracia-electrolyte-up\/#primaryimage"},"image":{"@id":"https:\/\/equidash.eu\/shop\/horse\/chia-de-gracia-electrolyte-up\/#primaryimage"},"thumbnailUrl":"https:\/\/equidash.eu\/wp-content\/uploads\/2025\/01\/ChiaDeGracia_Electrolyte-UP-1kg.png","datePublished":"2025-01-01T16:21:49+00:00","dateModified":"2025-10-05T06:08:10+00:00","description":"Chia De Gracia Electrolyte Up - 100% looduslik suhkruvaba elektrol\u00fc\u00fctide preparaat hobustele peale treeningut v\u00f5i transportimiseks.","breadcrumb":{"@id":"https:\/\/equidash.eu\/shop\/horse\/chia-de-gracia-electrolyte-up\/#breadcrumb"},"inLanguage":"et","potentialAction":[{"@type":"ReadAction","target":["https:\/\/equidash.eu\/shop\/horse\/chia-de-gracia-electrolyte-up\/"]}]},{"@type":"ImageObject","inLanguage":"et","@id":"https:\/\/equidash.eu\/shop\/horse\/chia-de-gracia-electrolyte-up\/#primaryimage","url":"https:\/\/equidash.eu\/wp-content\/uploads\/2025\/01\/ChiaDeGracia_Electrolyte-UP-1kg.png","contentUrl":"https:\/\/equidash.eu\/wp-content\/uploads\/2025\/01\/ChiaDeGracia_Electrolyte-UP-1kg.png","width":1080,"height":1080,"caption":"Chia De Gracia Electrolyte Up \u2013 100% looduslik, suhkruvaba elektrol\u00fc\u00fctide preparaat hobustele."},{"@type":"BreadcrumbList","@id":"https:\/\/equidash.eu\/shop\/horse\/chia-de-gracia-electrolyte-up\/#breadcrumb","itemListElement":[{"@type":"ListItem","position":1,"name":"Home","item":"https:\/\/equidash.eu\/"},{"@type":"ListItem","position":2,"name":"Shop","item":"https:\/\/equidash.eu\/shop\/"},{"@type":"ListItem","position":3,"name":"Chia De Gracia Electrolyte Up"}]},{"@type":"WebSite","@id":"https:\/\/equidash.eu\/#website","url":"https:\/\/equidash.eu\/","name":"EquiDash","description":"Horse Riding Equipment and Accessories","publisher":{"@id":"https:\/\/equidash.eu\/#organization"},"alternateName":"EquiDash","potentialAction":[{"@type":"SearchAction","target":{"@type":"EntryPoint","urlTemplate":"https:\/\/equidash.eu\/?s={search_term_string}"},"query-input":{"@type":"PropertyValueSpecification","valueRequired":true,"valueName":"search_term_string"}}],"inLanguage":"et"},{"@type":"Organization","@id":"https:\/\/equidash.eu\/#organization","name":"EquiDash","alternateName":"EquiDash","url":"https:\/\/equidash.eu\/","logo":{"@type":"ImageObject","inLanguage":"et","@id":"https:\/\/equidash.eu\/#\/schema\/logo\/image\/","url":"https:\/\/equidash.eu\/wp-content\/uploads\/2024\/09\/EQUIDASH_Logo_Raud-1.png","contentUrl":"https:\/\/equidash.eu\/wp-content\/uploads\/2024\/09\/EQUIDASH_Logo_Raud-1.png","width":393,"height":422,"caption":"EquiDash"},"image":{"@id":"https:\/\/equidash.eu\/#\/schema\/logo\/image\/"},"sameAs":["https:\/\/www.facebook.com\/people\/EquiDash\/61560864479586\/","https:\/\/www.instagram.com\/equidash.eshop\/"],"email":"info@equidash.eu","telephone":"+372 59007334","legalName":"Takian Corporation O\u00dc","foundingDate":"2020-10-21","vatID":"EE102301283","numberOfEmployees":{"@type":"QuantitativeValue","minValue":"1","maxValue":"10"},"hasMerchantReturnPolicy":{"@type":"MerchantReturnPolicy","merchantReturnLink":"https:\/\/equidash.eu\/et\/return-privacy\/"}}]},"product_brand":"Chia de Gracia","og_availability":"backorder","product_availability":"available for order","product_condition":"new"},"_links":{"self":[{"href":"https:\/\/equidash.eu\/et\/wp-json\/wp\/v2\/product\/2029","targetHints":{"allow":["GET"]}}],"collection":[{"href":"https:\/\/equidash.eu\/et\/wp-json\/wp\/v2\/product"}],"about":[{"href":"https:\/\/equidash.eu\/et\/wp-json\/wp\/v2\/types\/product"}],"wp:featuredmedia":[{"embeddable":true,"href":"https:\/\/equidash.eu\/et\/wp-json\/wp\/v2\/media\/2033"}],"wp:attachment":[{"href":"https:\/\/equidash.eu\/et\/wp-json\/wp\/v2\/media?parent=2029"}],"wp:term":[{"taxonomy":"product_brand","embeddable":true,"href":"https:\/\/equidash.eu\/et\/wp-json\/wp\/v2\/product_brand?post=2029"},{"taxonomy":"product_cat","embeddable":true,"href":"https:\/\/equidash.eu\/et\/wp-json\/wp\/v2\/product_cat?post=2029"},{"taxonomy":"product_tag","embeddable":true,"href":"https:\/\/equidash.eu\/et\/wp-json\/wp\/v2\/product_tag?post=2029"}],"curies":[{"name":"wp","href":"https:\/\/api.w.org\/{rel}","templated":true}]}}