{"id":2121,"date":"2025-01-04T16:16:14","date_gmt":"2025-01-04T14:16:14","guid":{"rendered":"https:\/\/equidash.eu\/?post_type=product&#038;p=2121"},"modified":"2025-07-01T23:22:32","modified_gmt":"2025-07-01T21:22:32","slug":"lami-cell-fetlock-boots-comfort-bamboo","status":"publish","type":"product","link":"https:\/\/equidash.eu\/et\/shop\/horse\/lami-cell-fetlock-boots-comfort-bamboo\/","title":{"rendered":"Lami-Cell Fetlock boots Comfort Bamboo"},"content":{"rendered":"<p>The Lami-Cell Fetlock Boots Comfort Bamboo prioritize your horse\u2019s well-being. They feature Lami-Cell Bamboo Charcoal Technology, which utilizes recycled yarn and natural bamboo charcoal textile to offer numerous benefits. Bamboo charcoal regulates temperature, provides comfort, resists bacteria, dries quickly, and naturally deodorizes.<\/p>\n<p>Kunstlambakarv tagab maksimaalse mugavuse, h\u00fcgieeni ja elegantsuse, muutes jalakaitsmed ideaalseks nii v\u00f5istlusteks kui ka igap\u00e4evaseks treeninguks. Elastsed nagadega kinnituss\u00fcsteem muudab kasutamise lihtsaks ja mugavaks.<\/p>\n<ul>\n<li>Bambuss\u00f6e tehnoloogia mugavuse ja parema h\u00fcgieeni tagamiseks<\/li>\n<li>Reguleerib temperatuuri, kuivavad kiiresti ja neutraliseerib l\u00f5hnad<\/li>\n<li>Esijalakaitsmed sobivad v\u00f5istlusteks ja treeninguteks<\/li>\n<li>Elastsed nagadega kinnitused<\/li>\n<li>Kunstlambakarv annab maksimaalse mugavuse<\/li>\n<\/ul>","protected":false},"excerpt":{"rendered":"<p class=\"ai-optimize-23 ai-optimize-introduction\"><a href=\"https:\/\/equidash.eu\/et\/tootesilt\/lami-cell\/\"><img decoding=\"async\" style=\"height: 60px;margin-top: 20px\" src=\"https:\/\/equidash.eu\/wp-content\/uploads\/2024\/10\/lamicell-logo-1.png\" alt=\"\" \/><\/a><\/p>","protected":false},"featured_media":2129,"template":"","meta":{"_acf_changed":false,"_joinchat":[]},"product_brand":[512],"product_cat":[192,27,191],"product_tag":[432,273],"class_list":{"0":"post-2121","1":"product","2":"type-product","3":"status-publish","4":"has-post-thumbnail","6":"product_brand-lami-cell","7":"product_cat-boots-leg-hoof-protections-horse","8":"product_cat-horse","9":"product_cat-leg-hoof-protections-horse","10":"product_tag-fetlock-boots","11":"product_tag-lami-cell","12":"pa_colors-black","13":"pa_colors-brown","14":"pa_size-l","15":"pa_size-pony","16":"pa_size-s-m","18":"first","19":"onbackorder","20":"taxable","21":"shipping-taxable","22":"purchasable","23":"product-type-variable"},"acf":[],"yoast_head":"<!-- This site is optimized with the Yoast SEO Premium plugin v26.2 (Yoast SEO v27.2) - https:\/\/yoast.com\/product\/yoast-seo-premium-wordpress\/ -->\n<title>Lami-Cell Fetlock boots Comfort Bamboo | Parima hinnaga ratsavarustuse e-pood<\/title>\n<meta name=\"description\" content=\"Lami-Cell Fetlock boots Comfort Bamboo | Mugavad lambakarvaga tagajalakaitsmed hobustele ja ponidele. Kr\u00f5pskinnitusega kaitsmed.\" \/>\n<meta name=\"robots\" content=\"index, follow, max-snippet:-1, max-image-preview:large, max-video-preview:-1\" \/>\n<link rel=\"canonical\" href=\"https:\/\/equidash.eu\/et\/shop\/hobune\/lami-cell-fetlock-boots-comfort-bamboo\/\" \/>\n<meta property=\"og:locale\" content=\"et_EE\" \/>\n<meta property=\"og:type\" content=\"article\" \/>\n<meta property=\"og:title\" content=\"Lami-Cell Fetlock boots Comfort Bamboo\" \/>\n<meta property=\"og:description\" content=\"Lami-Cell Fetlock boots Comfort Bamboo | Mugavad lambakarvaga tagajalakaitsmed hobustele ja ponidele. Kr\u00f5pskinnitusega kaitsmed.\" \/>\n<meta property=\"og:url\" content=\"https:\/\/equidash.eu\/et\/shop\/hobune\/lami-cell-fetlock-boots-comfort-bamboo\/\" \/>\n<meta property=\"og:site_name\" content=\"Parima hinnaga ratsavarustuse e-pood\" \/>\n<meta property=\"article:publisher\" content=\"https:\/\/www.facebook.com\/people\/EquiDash\/61560864479586\/\" \/>\n<meta property=\"article:modified_time\" content=\"2025-07-01T21:22:32+00:00\" \/>\n<meta property=\"og:image\" content=\"https:\/\/equidash.eu\/wp-content\/uploads\/2025\/01\/Lami-Cell_Fetlock-boots_Comfort-Bamboo_Brown1.png\" \/>\n\t<meta property=\"og:image:width\" content=\"1080\" \/>\n\t<meta property=\"og:image:height\" content=\"1080\" \/>\n\t<meta property=\"og:image:type\" content=\"image\/png\" \/>\n<meta name=\"twitter:card\" content=\"summary_large_image\" \/>\n<meta name=\"twitter:label1\" content=\"Availability\" \/>\n\t<meta name=\"twitter:data1\" content=\"On backorder\" \/>\n<script type=\"application\/ld+json\" class=\"yoast-schema-graph\">{\"@context\":\"https:\/\/schema.org\",\"@graph\":[{\"@type\":\"WebPage\",\"@id\":\"https:\/\/equidash.eu\/shop\/horse\/lami-cell-fetlock-boots-comfort-bamboo\/\",\"url\":\"https:\/\/equidash.eu\/shop\/horse\/lami-cell-fetlock-boots-comfort-bamboo\/\",\"name\":\"Lami-Cell Fetlock boots Comfort Bamboo | Parima hinnaga ratsavarustuse e-pood\",\"isPartOf\":{\"@id\":\"https:\/\/equidash.eu\/#website\"},\"primaryImageOfPage\":{\"@id\":\"https:\/\/equidash.eu\/shop\/horse\/lami-cell-fetlock-boots-comfort-bamboo\/#primaryimage\"},\"image\":{\"@id\":\"https:\/\/equidash.eu\/shop\/horse\/lami-cell-fetlock-boots-comfort-bamboo\/#primaryimage\"},\"thumbnailUrl\":\"https:\/\/equidash.eu\/wp-content\/uploads\/2025\/01\/Lami-Cell_Fetlock-boots_Comfort-Bamboo_Brown1.png\",\"datePublished\":\"2025-01-04T14:16:14+00:00\",\"dateModified\":\"2025-07-01T21:22:32+00:00\",\"description\":\"Lami-Cell Fetlock boots Comfort Bamboo | Mugavad lambakarvaga tagajalakaitsmed hobustele ja ponidele. Kr\u00f5pskinnitusega kaitsmed.\",\"breadcrumb\":{\"@id\":\"https:\/\/equidash.eu\/shop\/horse\/lami-cell-fetlock-boots-comfort-bamboo\/#breadcrumb\"},\"inLanguage\":\"et\",\"potentialAction\":[{\"@type\":\"ReadAction\",\"target\":[\"https:\/\/equidash.eu\/shop\/horse\/lami-cell-fetlock-boots-comfort-bamboo\/\"]}]},{\"@type\":\"ImageObject\",\"inLanguage\":\"et\",\"@id\":\"https:\/\/equidash.eu\/shop\/horse\/lami-cell-fetlock-boots-comfort-bamboo\/#primaryimage\",\"url\":\"https:\/\/equidash.eu\/wp-content\/uploads\/2025\/01\/Lami-Cell_Fetlock-boots_Comfort-Bamboo_Brown1.png\",\"contentUrl\":\"https:\/\/equidash.eu\/wp-content\/uploads\/2025\/01\/Lami-Cell_Fetlock-boots_Comfort-Bamboo_Brown1.png\",\"width\":1080,\"height\":1080,\"caption\":\"Lami-Cell Comfort Bamboo tagajalakaitsmed: mugavus, h\u00fcgieen ja elegants hobusele. Pruuni v\u00e4rvi\"},{\"@type\":\"BreadcrumbList\",\"@id\":\"https:\/\/equidash.eu\/shop\/horse\/lami-cell-fetlock-boots-comfort-bamboo\/#breadcrumb\",\"itemListElement\":[{\"@type\":\"ListItem\",\"position\":1,\"name\":\"Home\",\"item\":\"https:\/\/equidash.eu\/\"},{\"@type\":\"ListItem\",\"position\":2,\"name\":\"Shop\",\"item\":\"https:\/\/equidash.eu\/shop\/\"},{\"@type\":\"ListItem\",\"position\":3,\"name\":\"Lami-Cell Fetlock boots Comfort Bamboo\"}]},{\"@type\":\"WebSite\",\"@id\":\"https:\/\/equidash.eu\/#website\",\"url\":\"https:\/\/equidash.eu\/\",\"name\":\"EquiDash\",\"description\":\"Horse Riding Equipment and Accessories\",\"publisher\":{\"@id\":\"https:\/\/equidash.eu\/#organization\"},\"alternateName\":\"EquiDash\",\"potentialAction\":[{\"@type\":\"SearchAction\",\"target\":{\"@type\":\"EntryPoint\",\"urlTemplate\":\"https:\/\/equidash.eu\/?s={search_term_string}\"},\"query-input\":{\"@type\":\"PropertyValueSpecification\",\"valueRequired\":true,\"valueName\":\"search_term_string\"}}],\"inLanguage\":\"et\"},{\"@type\":\"Organization\",\"@id\":\"https:\/\/equidash.eu\/#organization\",\"name\":\"EquiDash\",\"alternateName\":\"EquiDash\",\"url\":\"https:\/\/equidash.eu\/\",\"logo\":{\"@type\":\"ImageObject\",\"inLanguage\":\"et\",\"@id\":\"https:\/\/equidash.eu\/#\/schema\/logo\/image\/\",\"url\":\"https:\/\/equidash.eu\/wp-content\/uploads\/2024\/09\/EQUIDASH_Logo_Raud-1.png\",\"contentUrl\":\"https:\/\/equidash.eu\/wp-content\/uploads\/2024\/09\/EQUIDASH_Logo_Raud-1.png\",\"width\":393,\"height\":422,\"caption\":\"EquiDash\"},\"image\":{\"@id\":\"https:\/\/equidash.eu\/#\/schema\/logo\/image\/\"},\"sameAs\":[\"https:\/\/www.facebook.com\/people\/EquiDash\/61560864479586\/\",\"https:\/\/www.instagram.com\/equidash.eshop\/\"],\"email\":\"info@equidash.eu\",\"telephone\":\"+372 59007334\",\"legalName\":\"Takian Corporation O\u00dc\",\"foundingDate\":\"2020-10-21\",\"vatID\":\"EE102301283\",\"numberOfEmployees\":{\"@type\":\"QuantitativeValue\",\"minValue\":\"1\",\"maxValue\":\"10\"},\"hasMerchantReturnPolicy\":{\"@type\":\"MerchantReturnPolicy\",\"merchantReturnLink\":\"https:\/\/equidash.eu\/et\/return-privacy\/\"}}]}<\/script>\n<meta property=\"product:brand\" content=\"Lami-Cell\" \/>\n<meta property=\"og:availability\" content=\"backorder\" \/>\n<meta property=\"product:availability\" content=\"available for order\" \/>\n<meta property=\"product:condition\" content=\"new\" \/>\n<!-- \/ Yoast SEO Premium plugin. -->","yoast_head_json":{"title":"Lami-Cell Fetlock boots Comfort Bamboo | Parima hinnaga ratsavarustuse e-pood","description":"Lami-Cell Fetlock boots Comfort Bamboo | Mugavad lambakarvaga tagajalakaitsmed hobustele ja ponidele. Kr\u00f5pskinnitusega kaitsmed.","robots":{"index":"index","follow":"follow","max-snippet":"max-snippet:-1","max-image-preview":"max-image-preview:large","max-video-preview":"max-video-preview:-1"},"canonical":"https:\/\/equidash.eu\/et\/shop\/hobune\/lami-cell-fetlock-boots-comfort-bamboo\/","og_locale":"et_EE","og_type":"article","og_title":"Lami-Cell Fetlock boots Comfort Bamboo","og_description":"Lami-Cell Fetlock boots Comfort Bamboo | Mugavad lambakarvaga tagajalakaitsmed hobustele ja ponidele. Kr\u00f5pskinnitusega kaitsmed.","og_url":"https:\/\/equidash.eu\/et\/shop\/hobune\/lami-cell-fetlock-boots-comfort-bamboo\/","og_site_name":"Parima hinnaga ratsavarustuse e-pood","article_publisher":"https:\/\/www.facebook.com\/people\/EquiDash\/61560864479586\/","article_modified_time":"2025-07-01T21:22:32+00:00","og_image":[{"width":1080,"height":1080,"url":"https:\/\/equidash.eu\/wp-content\/uploads\/2025\/01\/Lami-Cell_Fetlock-boots_Comfort-Bamboo_Brown1.png","type":"image\/png"}],"twitter_card":"summary_large_image","twitter_misc":{"Availability":"On backorder"},"schema":{"@context":"https:\/\/schema.org","@graph":[{"@type":"WebPage","@id":"https:\/\/equidash.eu\/shop\/horse\/lami-cell-fetlock-boots-comfort-bamboo\/","url":"https:\/\/equidash.eu\/shop\/horse\/lami-cell-fetlock-boots-comfort-bamboo\/","name":"Lami-Cell Fetlock boots Comfort Bamboo | Parima hinnaga ratsavarustuse e-pood","isPartOf":{"@id":"https:\/\/equidash.eu\/#website"},"primaryImageOfPage":{"@id":"https:\/\/equidash.eu\/shop\/horse\/lami-cell-fetlock-boots-comfort-bamboo\/#primaryimage"},"image":{"@id":"https:\/\/equidash.eu\/shop\/horse\/lami-cell-fetlock-boots-comfort-bamboo\/#primaryimage"},"thumbnailUrl":"https:\/\/equidash.eu\/wp-content\/uploads\/2025\/01\/Lami-Cell_Fetlock-boots_Comfort-Bamboo_Brown1.png","datePublished":"2025-01-04T14:16:14+00:00","dateModified":"2025-07-01T21:22:32+00:00","description":"Lami-Cell Fetlock boots Comfort Bamboo | Mugavad lambakarvaga tagajalakaitsmed hobustele ja ponidele. Kr\u00f5pskinnitusega kaitsmed.","breadcrumb":{"@id":"https:\/\/equidash.eu\/shop\/horse\/lami-cell-fetlock-boots-comfort-bamboo\/#breadcrumb"},"inLanguage":"et","potentialAction":[{"@type":"ReadAction","target":["https:\/\/equidash.eu\/shop\/horse\/lami-cell-fetlock-boots-comfort-bamboo\/"]}]},{"@type":"ImageObject","inLanguage":"et","@id":"https:\/\/equidash.eu\/shop\/horse\/lami-cell-fetlock-boots-comfort-bamboo\/#primaryimage","url":"https:\/\/equidash.eu\/wp-content\/uploads\/2025\/01\/Lami-Cell_Fetlock-boots_Comfort-Bamboo_Brown1.png","contentUrl":"https:\/\/equidash.eu\/wp-content\/uploads\/2025\/01\/Lami-Cell_Fetlock-boots_Comfort-Bamboo_Brown1.png","width":1080,"height":1080,"caption":"Lami-Cell Comfort Bamboo tagajalakaitsmed: mugavus, h\u00fcgieen ja elegants hobusele. Pruuni v\u00e4rvi"},{"@type":"BreadcrumbList","@id":"https:\/\/equidash.eu\/shop\/horse\/lami-cell-fetlock-boots-comfort-bamboo\/#breadcrumb","itemListElement":[{"@type":"ListItem","position":1,"name":"Home","item":"https:\/\/equidash.eu\/"},{"@type":"ListItem","position":2,"name":"Shop","item":"https:\/\/equidash.eu\/shop\/"},{"@type":"ListItem","position":3,"name":"Lami-Cell Fetlock boots Comfort Bamboo"}]},{"@type":"WebSite","@id":"https:\/\/equidash.eu\/#website","url":"https:\/\/equidash.eu\/","name":"EquiDash","description":"Horse Riding Equipment and Accessories","publisher":{"@id":"https:\/\/equidash.eu\/#organization"},"alternateName":"EquiDash","potentialAction":[{"@type":"SearchAction","target":{"@type":"EntryPoint","urlTemplate":"https:\/\/equidash.eu\/?s={search_term_string}"},"query-input":{"@type":"PropertyValueSpecification","valueRequired":true,"valueName":"search_term_string"}}],"inLanguage":"et"},{"@type":"Organization","@id":"https:\/\/equidash.eu\/#organization","name":"EquiDash","alternateName":"EquiDash","url":"https:\/\/equidash.eu\/","logo":{"@type":"ImageObject","inLanguage":"et","@id":"https:\/\/equidash.eu\/#\/schema\/logo\/image\/","url":"https:\/\/equidash.eu\/wp-content\/uploads\/2024\/09\/EQUIDASH_Logo_Raud-1.png","contentUrl":"https:\/\/equidash.eu\/wp-content\/uploads\/2024\/09\/EQUIDASH_Logo_Raud-1.png","width":393,"height":422,"caption":"EquiDash"},"image":{"@id":"https:\/\/equidash.eu\/#\/schema\/logo\/image\/"},"sameAs":["https:\/\/www.facebook.com\/people\/EquiDash\/61560864479586\/","https:\/\/www.instagram.com\/equidash.eshop\/"],"email":"info@equidash.eu","telephone":"+372 59007334","legalName":"Takian Corporation O\u00dc","foundingDate":"2020-10-21","vatID":"EE102301283","numberOfEmployees":{"@type":"QuantitativeValue","minValue":"1","maxValue":"10"},"hasMerchantReturnPolicy":{"@type":"MerchantReturnPolicy","merchantReturnLink":"https:\/\/equidash.eu\/et\/return-privacy\/"}}]},"product_brand":"Lami-Cell","og_availability":"backorder","product_availability":"available for order","product_condition":"new"},"_links":{"self":[{"href":"https:\/\/equidash.eu\/et\/wp-json\/wp\/v2\/product\/2121","targetHints":{"allow":["GET"]}}],"collection":[{"href":"https:\/\/equidash.eu\/et\/wp-json\/wp\/v2\/product"}],"about":[{"href":"https:\/\/equidash.eu\/et\/wp-json\/wp\/v2\/types\/product"}],"wp:featuredmedia":[{"embeddable":true,"href":"https:\/\/equidash.eu\/et\/wp-json\/wp\/v2\/media\/2129"}],"wp:attachment":[{"href":"https:\/\/equidash.eu\/et\/wp-json\/wp\/v2\/media?parent=2121"}],"wp:term":[{"taxonomy":"product_brand","embeddable":true,"href":"https:\/\/equidash.eu\/et\/wp-json\/wp\/v2\/product_brand?post=2121"},{"taxonomy":"product_cat","embeddable":true,"href":"https:\/\/equidash.eu\/et\/wp-json\/wp\/v2\/product_cat?post=2121"},{"taxonomy":"product_tag","embeddable":true,"href":"https:\/\/equidash.eu\/et\/wp-json\/wp\/v2\/product_tag?post=2121"}],"curies":[{"name":"wp","href":"https:\/\/api.w.org\/{rel}","templated":true}]}}