{"id":2132,"date":"2025-01-05T02:03:59","date_gmt":"2025-01-05T00:03:59","guid":{"rendered":"https:\/\/equidash.eu\/?post_type=product&#038;p=2132"},"modified":"2025-06-11T12:48:56","modified_gmt":"2025-06-11T10:48:56","slug":"hay-slow-feeder-fun-flex","status":"publish","type":"product","link":"https:\/\/equidash.eu\/et\/shop\/horse\/hay-slow-feeder-fun-flex\/","title":{"rendered":"Hay Slowfeeder hobuste heinapall"},"content":{"rendered":"<p>Hobuste heinapall Slowfeeder Fun &amp; Flex pakub ainulaadset viisi hobuse s\u00f6\u00f6mise aeglustamiseks ja igavuse peletamiseks. Selle disain muudab heina t\u00e4itmise lihtsaks. Lisaks saab lisada maiustusi nagu n\u00e4iteks k\u00f6\u00f6giviljad v\u00f5i kuivikud, et hoida hobust tundideks tegevuses. Heinapall on kasulik nii hobuse tervisele kui ka vaimsele heaolule.<\/p>\n<p>Pall on valmistatud looduslikust kummist, mis on paindlik ja lihtsasti puhastatav. Palli saab kiiresti ja lihtsalt \u00fcles riputada kaasasoleva aasadega nailonrihma (2 meetrit) abil.<\/p>\n<p>Heinapall sobib kasutamiseks treileris, tallis v\u00f5i karjamaal. Saate palli t\u00e4ita porgandite, \u00f5unat\u00fckkide, p\u00f5hu, muru v\u00f5i kuivikutega, et oma hobusele tundide kaupa m\u00e4nguaega anda.<\/p>\n<p>Heinapalli abil saate tagada, et teie hobune s\u00f6\u00f6b tervislikult ja vastutustundlikult, v\u00e4ltides samas igavust ja pakkudes oma hobusele tundide kaupa m\u00e4nguaega. See toode on kasulik igale hobuseomanikule, kes soovib kostitada oma hobust maitsva einega ning samal ajal edendada tervist ja heaolu.<\/p>\n<p><strong>Heinapalli eelised:<\/strong><\/p>\n<ul>\n<li>Saab kasutada treileris, koplis ja tallis<\/li>\n<li>T\u00e4idke pall porgandite, \u00f5unat\u00fckkide, heina, muru v\u00f5i kuivikutega<\/li>\n<li>Tundideks m\u00e4ngur\u00f5\u00f5mu<\/li>\n<li>Diameeter 22 cm<\/li>\n<\/ul>\n<p><strong>Kaasa tuleb 2m pikk nailonrihm palli riputamiseks.\u00a0<\/strong><\/p>","protected":false},"excerpt":{"rendered":"<p class=\"ai-optimize-23 ai-optimize-introduction\"><a href=\"https:\/\/equidash.eu\/et\/tootesilt\/excellent-horse\/\"><img decoding=\"async\" style=\"height: 60px; margin-top: 20px;\" src=\"https:\/\/equidash.eu\/wp-content\/uploads\/2024\/12\/Excellent-Horse-logo.png\" alt=\"\" \/><\/a><\/p>","protected":false},"featured_media":2140,"template":"","meta":{"_acf_changed":false,"_joinchat":[]},"product_brand":[508],"product_cat":[27,251,253,252],"product_tag":[402,434,435],"class_list":{"0":"post-2132","1":"product","2":"type-product","3":"status-publish","4":"has-post-thumbnail","6":"product_brand-excellent-horse","7":"product_cat-horse","8":"product_cat-horse-feed-nutrition","9":"product_cat-horse-treats","10":"product_cat-toys-for-horses","11":"product_tag-excellent-horse","12":"product_tag-funflex","13":"product_tag-slow-feeder","14":"pa_colors-green","15":"pa_colors-orange","16":"pa_colors-pink","18":"first","19":"onbackorder","20":"taxable","21":"shipping-taxable","22":"purchasable","23":"product-type-variable"},"acf":[],"yoast_head":"<!-- This site is optimized with the Yoast SEO Premium plugin v26.2 (Yoast SEO v27.2) - https:\/\/yoast.com\/product\/yoast-seo-premium-wordpress\/ -->\n<title>Hay Slow Feeder Fun &amp; Flex | Parima hinnaga ratsavarustuse e-pood<\/title>\n<meta name=\"description\" content=\"Hay Slow Feeder Fun &amp; Flex - heinaga t\u00e4idetav m\u00e4ngupall, mis sobib treilerisse, talli v\u00f5i koplisse. T\u00e4ida porgandite, \u00f5unat\u00fckkide, heina v\u00f5i rohuga.\" \/>\n<meta name=\"robots\" content=\"index, follow, max-snippet:-1, max-image-preview:large, max-video-preview:-1\" \/>\n<link rel=\"canonical\" href=\"https:\/\/equidash.eu\/et\/shop\/hobune\/hay-slow-feeder-fun-flex\/\" \/>\n<meta property=\"og:locale\" content=\"et_EE\" \/>\n<meta property=\"og:type\" content=\"article\" \/>\n<meta property=\"og:title\" content=\"Hay Slow Feeder Fun &amp; Flex\" \/>\n<meta property=\"og:description\" content=\"Hay Slow Feeder Fun &amp; Flex - heinaga t\u00e4idetav m\u00e4ngupall, mis sobib treilerisse, talli v\u00f5i koplisse. T\u00e4ida porgandite, \u00f5unat\u00fckkide, heina v\u00f5i rohuga.\" \/>\n<meta property=\"og:url\" content=\"https:\/\/equidash.eu\/et\/shop\/hobune\/hay-slow-feeder-fun-flex\/\" \/>\n<meta property=\"og:site_name\" content=\"Parima hinnaga ratsavarustuse e-pood\" \/>\n<meta property=\"article:publisher\" content=\"https:\/\/www.facebook.com\/people\/EquiDash\/61560864479586\/\" \/>\n<meta property=\"article:modified_time\" content=\"2025-06-11T10:48:56+00:00\" \/>\n<meta property=\"og:image\" content=\"https:\/\/equidash.eu\/wp-content\/uploads\/2025\/01\/Hay-Slow-Feeder_FunFlex_Green1.png\" \/>\n\t<meta property=\"og:image:width\" content=\"1080\" \/>\n\t<meta property=\"og:image:height\" content=\"1080\" \/>\n\t<meta property=\"og:image:type\" content=\"image\/png\" \/>\n<meta name=\"twitter:card\" content=\"summary_large_image\" \/>\n<meta name=\"twitter:label1\" content=\"Availability\" \/>\n\t<meta name=\"twitter:data1\" content=\"On backorder\" \/>\n<script type=\"application\/ld+json\" class=\"yoast-schema-graph\">{\"@context\":\"https:\/\/schema.org\",\"@graph\":[{\"@type\":\"WebPage\",\"@id\":\"https:\/\/equidash.eu\/shop\/horse\/hay-slow-feeder-fun-flex\/\",\"url\":\"https:\/\/equidash.eu\/shop\/horse\/hay-slow-feeder-fun-flex\/\",\"name\":\"Hay Slow Feeder Fun & Flex | Parima hinnaga ratsavarustuse e-pood\",\"isPartOf\":{\"@id\":\"https:\/\/equidash.eu\/#website\"},\"primaryImageOfPage\":{\"@id\":\"https:\/\/equidash.eu\/shop\/horse\/hay-slow-feeder-fun-flex\/#primaryimage\"},\"image\":{\"@id\":\"https:\/\/equidash.eu\/shop\/horse\/hay-slow-feeder-fun-flex\/#primaryimage\"},\"thumbnailUrl\":\"https:\/\/equidash.eu\/wp-content\/uploads\/2025\/01\/Hay-Slow-Feeder_FunFlex_Green1.png\",\"datePublished\":\"2025-01-05T00:03:59+00:00\",\"dateModified\":\"2025-06-11T10:48:56+00:00\",\"description\":\"Hay Slow Feeder Fun & Flex - heinaga t\u00e4idetav m\u00e4ngupall, mis sobib treilerisse, talli v\u00f5i koplisse. T\u00e4ida porgandite, \u00f5unat\u00fckkide, heina v\u00f5i rohuga.\",\"breadcrumb\":{\"@id\":\"https:\/\/equidash.eu\/shop\/horse\/hay-slow-feeder-fun-flex\/#breadcrumb\"},\"inLanguage\":\"et\",\"potentialAction\":[{\"@type\":\"ReadAction\",\"target\":[\"https:\/\/equidash.eu\/shop\/horse\/hay-slow-feeder-fun-flex\/\"]}]},{\"@type\":\"ImageObject\",\"inLanguage\":\"et\",\"@id\":\"https:\/\/equidash.eu\/shop\/horse\/hay-slow-feeder-fun-flex\/#primaryimage\",\"url\":\"https:\/\/equidash.eu\/wp-content\/uploads\/2025\/01\/Hay-Slow-Feeder_FunFlex_Green1.png\",\"contentUrl\":\"https:\/\/equidash.eu\/wp-content\/uploads\/2025\/01\/Hay-Slow-Feeder_FunFlex_Green1.png\",\"width\":1080,\"height\":1080},{\"@type\":\"BreadcrumbList\",\"@id\":\"https:\/\/equidash.eu\/shop\/horse\/hay-slow-feeder-fun-flex\/#breadcrumb\",\"itemListElement\":[{\"@type\":\"ListItem\",\"position\":1,\"name\":\"Home\",\"item\":\"https:\/\/equidash.eu\/\"},{\"@type\":\"ListItem\",\"position\":2,\"name\":\"Shop\",\"item\":\"https:\/\/equidash.eu\/shop\/\"},{\"@type\":\"ListItem\",\"position\":3,\"name\":\"Hay Slow Feeder Fun &#038; Flex\"}]},{\"@type\":\"WebSite\",\"@id\":\"https:\/\/equidash.eu\/#website\",\"url\":\"https:\/\/equidash.eu\/\",\"name\":\"EquiDash\",\"description\":\"Horse Riding Equipment and Accessories\",\"publisher\":{\"@id\":\"https:\/\/equidash.eu\/#organization\"},\"alternateName\":\"EquiDash\",\"potentialAction\":[{\"@type\":\"SearchAction\",\"target\":{\"@type\":\"EntryPoint\",\"urlTemplate\":\"https:\/\/equidash.eu\/?s={search_term_string}\"},\"query-input\":{\"@type\":\"PropertyValueSpecification\",\"valueRequired\":true,\"valueName\":\"search_term_string\"}}],\"inLanguage\":\"et\"},{\"@type\":\"Organization\",\"@id\":\"https:\/\/equidash.eu\/#organization\",\"name\":\"EquiDash\",\"alternateName\":\"EquiDash\",\"url\":\"https:\/\/equidash.eu\/\",\"logo\":{\"@type\":\"ImageObject\",\"inLanguage\":\"et\",\"@id\":\"https:\/\/equidash.eu\/#\/schema\/logo\/image\/\",\"url\":\"https:\/\/equidash.eu\/wp-content\/uploads\/2024\/09\/EQUIDASH_Logo_Raud-1.png\",\"contentUrl\":\"https:\/\/equidash.eu\/wp-content\/uploads\/2024\/09\/EQUIDASH_Logo_Raud-1.png\",\"width\":393,\"height\":422,\"caption\":\"EquiDash\"},\"image\":{\"@id\":\"https:\/\/equidash.eu\/#\/schema\/logo\/image\/\"},\"sameAs\":[\"https:\/\/www.facebook.com\/people\/EquiDash\/61560864479586\/\",\"https:\/\/www.instagram.com\/equidash.eshop\/\"],\"email\":\"info@equidash.eu\",\"telephone\":\"+372 59007334\",\"legalName\":\"Takian Corporation O\u00dc\",\"foundingDate\":\"2020-10-21\",\"vatID\":\"EE102301283\",\"numberOfEmployees\":{\"@type\":\"QuantitativeValue\",\"minValue\":\"1\",\"maxValue\":\"10\"},\"hasMerchantReturnPolicy\":{\"@type\":\"MerchantReturnPolicy\",\"merchantReturnLink\":\"https:\/\/equidash.eu\/et\/return-privacy\/\"}}]}<\/script>\n<meta property=\"product:brand\" content=\"Excellent Horse\" \/>\n<meta property=\"og:availability\" content=\"backorder\" \/>\n<meta property=\"product:availability\" content=\"available for order\" \/>\n<meta property=\"product:condition\" content=\"new\" \/>\n<!-- \/ Yoast SEO Premium plugin. -->","yoast_head_json":{"title":"Hay Slow Feeder Fun & Flex | Parima hinnaga ratsavarustuse e-pood","description":"Hay Slow Feeder Fun & Flex - heinaga t\u00e4idetav m\u00e4ngupall, mis sobib treilerisse, talli v\u00f5i koplisse. T\u00e4ida porgandite, \u00f5unat\u00fckkide, heina v\u00f5i rohuga.","robots":{"index":"index","follow":"follow","max-snippet":"max-snippet:-1","max-image-preview":"max-image-preview:large","max-video-preview":"max-video-preview:-1"},"canonical":"https:\/\/equidash.eu\/et\/shop\/hobune\/hay-slow-feeder-fun-flex\/","og_locale":"et_EE","og_type":"article","og_title":"Hay Slow Feeder Fun & Flex","og_description":"Hay Slow Feeder Fun & Flex - heinaga t\u00e4idetav m\u00e4ngupall, mis sobib treilerisse, talli v\u00f5i koplisse. T\u00e4ida porgandite, \u00f5unat\u00fckkide, heina v\u00f5i rohuga.","og_url":"https:\/\/equidash.eu\/et\/shop\/hobune\/hay-slow-feeder-fun-flex\/","og_site_name":"Parima hinnaga ratsavarustuse e-pood","article_publisher":"https:\/\/www.facebook.com\/people\/EquiDash\/61560864479586\/","article_modified_time":"2025-06-11T10:48:56+00:00","og_image":[{"width":1080,"height":1080,"url":"https:\/\/equidash.eu\/wp-content\/uploads\/2025\/01\/Hay-Slow-Feeder_FunFlex_Green1.png","type":"image\/png"}],"twitter_card":"summary_large_image","twitter_misc":{"Availability":"On backorder"},"schema":{"@context":"https:\/\/schema.org","@graph":[{"@type":"WebPage","@id":"https:\/\/equidash.eu\/shop\/horse\/hay-slow-feeder-fun-flex\/","url":"https:\/\/equidash.eu\/shop\/horse\/hay-slow-feeder-fun-flex\/","name":"Hay Slow Feeder Fun & Flex | Parima hinnaga ratsavarustuse e-pood","isPartOf":{"@id":"https:\/\/equidash.eu\/#website"},"primaryImageOfPage":{"@id":"https:\/\/equidash.eu\/shop\/horse\/hay-slow-feeder-fun-flex\/#primaryimage"},"image":{"@id":"https:\/\/equidash.eu\/shop\/horse\/hay-slow-feeder-fun-flex\/#primaryimage"},"thumbnailUrl":"https:\/\/equidash.eu\/wp-content\/uploads\/2025\/01\/Hay-Slow-Feeder_FunFlex_Green1.png","datePublished":"2025-01-05T00:03:59+00:00","dateModified":"2025-06-11T10:48:56+00:00","description":"Hay Slow Feeder Fun & Flex - heinaga t\u00e4idetav m\u00e4ngupall, mis sobib treilerisse, talli v\u00f5i koplisse. T\u00e4ida porgandite, \u00f5unat\u00fckkide, heina v\u00f5i rohuga.","breadcrumb":{"@id":"https:\/\/equidash.eu\/shop\/horse\/hay-slow-feeder-fun-flex\/#breadcrumb"},"inLanguage":"et","potentialAction":[{"@type":"ReadAction","target":["https:\/\/equidash.eu\/shop\/horse\/hay-slow-feeder-fun-flex\/"]}]},{"@type":"ImageObject","inLanguage":"et","@id":"https:\/\/equidash.eu\/shop\/horse\/hay-slow-feeder-fun-flex\/#primaryimage","url":"https:\/\/equidash.eu\/wp-content\/uploads\/2025\/01\/Hay-Slow-Feeder_FunFlex_Green1.png","contentUrl":"https:\/\/equidash.eu\/wp-content\/uploads\/2025\/01\/Hay-Slow-Feeder_FunFlex_Green1.png","width":1080,"height":1080},{"@type":"BreadcrumbList","@id":"https:\/\/equidash.eu\/shop\/horse\/hay-slow-feeder-fun-flex\/#breadcrumb","itemListElement":[{"@type":"ListItem","position":1,"name":"Home","item":"https:\/\/equidash.eu\/"},{"@type":"ListItem","position":2,"name":"Shop","item":"https:\/\/equidash.eu\/shop\/"},{"@type":"ListItem","position":3,"name":"Hay Slow Feeder Fun &#038; Flex"}]},{"@type":"WebSite","@id":"https:\/\/equidash.eu\/#website","url":"https:\/\/equidash.eu\/","name":"EquiDash","description":"Horse Riding Equipment and Accessories","publisher":{"@id":"https:\/\/equidash.eu\/#organization"},"alternateName":"EquiDash","potentialAction":[{"@type":"SearchAction","target":{"@type":"EntryPoint","urlTemplate":"https:\/\/equidash.eu\/?s={search_term_string}"},"query-input":{"@type":"PropertyValueSpecification","valueRequired":true,"valueName":"search_term_string"}}],"inLanguage":"et"},{"@type":"Organization","@id":"https:\/\/equidash.eu\/#organization","name":"EquiDash","alternateName":"EquiDash","url":"https:\/\/equidash.eu\/","logo":{"@type":"ImageObject","inLanguage":"et","@id":"https:\/\/equidash.eu\/#\/schema\/logo\/image\/","url":"https:\/\/equidash.eu\/wp-content\/uploads\/2024\/09\/EQUIDASH_Logo_Raud-1.png","contentUrl":"https:\/\/equidash.eu\/wp-content\/uploads\/2024\/09\/EQUIDASH_Logo_Raud-1.png","width":393,"height":422,"caption":"EquiDash"},"image":{"@id":"https:\/\/equidash.eu\/#\/schema\/logo\/image\/"},"sameAs":["https:\/\/www.facebook.com\/people\/EquiDash\/61560864479586\/","https:\/\/www.instagram.com\/equidash.eshop\/"],"email":"info@equidash.eu","telephone":"+372 59007334","legalName":"Takian Corporation O\u00dc","foundingDate":"2020-10-21","vatID":"EE102301283","numberOfEmployees":{"@type":"QuantitativeValue","minValue":"1","maxValue":"10"},"hasMerchantReturnPolicy":{"@type":"MerchantReturnPolicy","merchantReturnLink":"https:\/\/equidash.eu\/et\/return-privacy\/"}}]},"product_brand":"Excellent Horse","og_availability":"backorder","product_availability":"available for order","product_condition":"new"},"_links":{"self":[{"href":"https:\/\/equidash.eu\/et\/wp-json\/wp\/v2\/product\/2132","targetHints":{"allow":["GET"]}}],"collection":[{"href":"https:\/\/equidash.eu\/et\/wp-json\/wp\/v2\/product"}],"about":[{"href":"https:\/\/equidash.eu\/et\/wp-json\/wp\/v2\/types\/product"}],"wp:featuredmedia":[{"embeddable":true,"href":"https:\/\/equidash.eu\/et\/wp-json\/wp\/v2\/media\/2140"}],"wp:attachment":[{"href":"https:\/\/equidash.eu\/et\/wp-json\/wp\/v2\/media?parent=2132"}],"wp:term":[{"taxonomy":"product_brand","embeddable":true,"href":"https:\/\/equidash.eu\/et\/wp-json\/wp\/v2\/product_brand?post=2132"},{"taxonomy":"product_cat","embeddable":true,"href":"https:\/\/equidash.eu\/et\/wp-json\/wp\/v2\/product_cat?post=2132"},{"taxonomy":"product_tag","embeddable":true,"href":"https:\/\/equidash.eu\/et\/wp-json\/wp\/v2\/product_tag?post=2132"}],"curies":[{"name":"wp","href":"https:\/\/api.w.org\/{rel}","templated":true}]}}