{"id":2452,"date":"2025-01-12T14:16:24","date_gmt":"2025-01-12T12:16:24","guid":{"rendered":"https:\/\/equidash.eu\/?post_type=product&#038;p=2452"},"modified":"2025-01-25T01:06:15","modified_gmt":"2025-01-24T23:06:15","slug":"lami-cell-saddle-pad-dr-galaxy-velvet","status":"publish","type":"product","link":"https:\/\/equidash.eu\/et\/shop\/horse\/lami-cell-saddle-pad-dr-galaxy-velvet\/","title":{"rendered":"Lami-Cell koolis\u00f5iduvaltrap Galaxy Velvet"},"content":{"rendered":"<p>Lami-Cell koolis\u00f5iduvaltrap Galaxy Velvet \u00fchendab elegantsi ja funktsionaalsuse. Sellel on luksuslik 3D velvet, mis annab premium v\u00e4limuse ja tunde. Lami-Cell valtrapp kasutab 5 mm tihedat vahtu ja 240 g Synthermax t\u00e4idist, pakkudes suurep\u00e4rast pehmendust ja tuge.<\/p>\n<p>Bambuss\u00f6ekiust vooder on hea hingavuse ja niiskuse imendumisv\u00f5imega, pakkudes teie hobusele maksimaalset mugavust. Viimistletud v\u00e4ikeste kristallidega, lisades s\u00e4rtsu teie ratsavarustusele.<\/p>\n<ul>\n<li>Luksuslik 3D sametist disain<\/li>\n<li>Vooder on 5 mm tihe vahtpolster suurep\u00e4raseks pehmenduseks<\/li>\n<li>240 g synthermax t\u00e4idiskiust<\/li>\n<li>Bambuss\u00f6ekiust vooder tagab hea hingavuse ja niiskuse imendumisv\u00f5ime<\/li>\n<li>\u00c4\u00e4ristatud v\u00e4ikeste kristallidega<\/li>\n<\/ul>\n<div>Pesemisjuhised: masinpestav 30\u00b0C juures, enne pesemist kinnitage k\u00f5ik kinnitused, \u00e4rge kuivatage trummelkuivatis, \u00e4rge kasutage pleegitajat.<\/div>\n<div><\/div>\n<div>\n<p><iframe loading=\"lazy\" title=\"Lami-cell \u3010The Future is Green\u3011\" width=\"1020\" height=\"574\" src=\"https:\/\/www.youtube.com\/embed\/op5mU1r1QUk?feature=oembed\" frameborder=\"0\" allow=\"accelerometer; autoplay; clipboard-write; encrypted-media; gyroscope; picture-in-picture; web-share\" referrerpolicy=\"strict-origin-when-cross-origin\" allowfullscreen><\/iframe><\/p>\n<\/div>","protected":false},"excerpt":{"rendered":"<p><a href=\"https:\/\/equidash.eu\/et\/tootesilt\/lami-cell\/\"><img decoding=\"async\" style=\"height: 60px; margin-top: 20px;\" src=\"https:\/\/equidash.eu\/wp-content\/uploads\/2024\/10\/lamicell-logo-1.png\" alt=\"\" \/><\/a><\/p>","protected":false},"featured_media":2456,"template":"","meta":{"_acf_changed":false,"_joinchat":[]},"product_brand":[512],"product_cat":[188,27,186],"product_tag":[38,457,273],"class_list":{"0":"post-2452","1":"product","2":"type-product","3":"status-publish","4":"has-post-thumbnail","6":"product_brand-lami-cell","7":"product_cat-dressage-saddle-pads-horse","8":"product_cat-horse","9":"product_cat-saddle-pads-horse","10":"product_tag-dressage","11":"product_tag-galaxy-velvet","12":"product_tag-lami-cell","13":"pa_colors-black","14":"pa_colors-blue","15":"pa_colors-green","16":"pa_colors-red","17":"pa_size-full","19":"first","20":"onbackorder","21":"taxable","22":"shipping-taxable","23":"purchasable","24":"product-type-variable","25":"has-default-attributes"},"acf":[],"yoast_head":"<!-- This site is optimized with the Yoast SEO Premium plugin v26.2 (Yoast SEO v27.2) - https:\/\/yoast.com\/product\/yoast-seo-premium-wordpress\/ -->\n<title>Lami-Cell Saddle Pad DR Galaxy Velvet | Parima hinnaga ratsavarustuse e-pood<\/title>\n<meta name=\"description\" content=\"Lami-Cell Saddle Pad DR Galaxy Velvet - Velvetist koolis\u00f5iduvaltrap, kaunistatud kristallidega. Valikus erinevad v\u00e4rvitoond:punane, roheline, sinine ja must\" \/>\n<meta name=\"robots\" content=\"index, follow, max-snippet:-1, max-image-preview:large, max-video-preview:-1\" \/>\n<link rel=\"canonical\" href=\"https:\/\/equidash.eu\/et\/shop\/hobune\/lami-cell-saddle-pad-dr-galaxy-velvet\/\" \/>\n<meta property=\"og:locale\" content=\"et_EE\" \/>\n<meta property=\"og:type\" content=\"article\" \/>\n<meta property=\"og:title\" content=\"Lami-Cell Saddle Pad DR Galaxy Velvet\" \/>\n<meta property=\"og:description\" content=\"Lami-Cell Saddle Pad DR Galaxy Velvet - Velvetist koolis\u00f5iduvaltrap, kaunistatud kristallidega. Valikus erinevad v\u00e4rvitoond:punane, roheline, sinine ja must\" \/>\n<meta property=\"og:url\" content=\"https:\/\/equidash.eu\/et\/shop\/hobune\/lami-cell-saddle-pad-dr-galaxy-velvet\/\" \/>\n<meta property=\"og:site_name\" content=\"Parima hinnaga ratsavarustuse e-pood\" \/>\n<meta property=\"article:publisher\" content=\"https:\/\/www.facebook.com\/people\/EquiDash\/61560864479586\/\" \/>\n<meta property=\"article:modified_time\" content=\"2025-01-24T23:06:15+00:00\" \/>\n<meta property=\"og:image\" content=\"https:\/\/equidash.eu\/wp-content\/uploads\/2025\/01\/Lami-Cell_Saddle-pad_DR_Galaxy-Velvet_Green.png\" \/>\n\t<meta property=\"og:image:width\" content=\"1080\" \/>\n\t<meta property=\"og:image:height\" content=\"1080\" \/>\n\t<meta property=\"og:image:type\" content=\"image\/png\" \/>\n<meta name=\"twitter:card\" content=\"summary_large_image\" \/>\n<meta name=\"twitter:label1\" content=\"Availability\" \/>\n\t<meta name=\"twitter:data1\" content=\"On backorder\" \/>\n<script type=\"application\/ld+json\" class=\"yoast-schema-graph\">{\"@context\":\"https:\/\/schema.org\",\"@graph\":[{\"@type\":\"WebPage\",\"@id\":\"https:\/\/equidash.eu\/shop\/horse\/lami-cell-saddle-pad-dr-galaxy-velvet\/\",\"url\":\"https:\/\/equidash.eu\/shop\/horse\/lami-cell-saddle-pad-dr-galaxy-velvet\/\",\"name\":\"Lami-Cell Saddle Pad DR Galaxy Velvet | Parima hinnaga ratsavarustuse e-pood\",\"isPartOf\":{\"@id\":\"https:\/\/equidash.eu\/#website\"},\"primaryImageOfPage\":{\"@id\":\"https:\/\/equidash.eu\/shop\/horse\/lami-cell-saddle-pad-dr-galaxy-velvet\/#primaryimage\"},\"image\":{\"@id\":\"https:\/\/equidash.eu\/shop\/horse\/lami-cell-saddle-pad-dr-galaxy-velvet\/#primaryimage\"},\"thumbnailUrl\":\"https:\/\/equidash.eu\/wp-content\/uploads\/2025\/01\/Lami-Cell_Saddle-pad_DR_Galaxy-Velvet_Green.png\",\"datePublished\":\"2025-01-12T12:16:24+00:00\",\"dateModified\":\"2025-01-24T23:06:15+00:00\",\"description\":\"Lami-Cell Saddle Pad DR Galaxy Velvet - Velvetist koolis\u00f5iduvaltrap, kaunistatud kristallidega. Valikus erinevad v\u00e4rvitoond:punane, roheline, sinine ja must\",\"breadcrumb\":{\"@id\":\"https:\/\/equidash.eu\/shop\/horse\/lami-cell-saddle-pad-dr-galaxy-velvet\/#breadcrumb\"},\"inLanguage\":\"et\",\"potentialAction\":[{\"@type\":\"ReadAction\",\"target\":[\"https:\/\/equidash.eu\/shop\/horse\/lami-cell-saddle-pad-dr-galaxy-velvet\/\"]}]},{\"@type\":\"ImageObject\",\"inLanguage\":\"et\",\"@id\":\"https:\/\/equidash.eu\/shop\/horse\/lami-cell-saddle-pad-dr-galaxy-velvet\/#primaryimage\",\"url\":\"https:\/\/equidash.eu\/wp-content\/uploads\/2025\/01\/Lami-Cell_Saddle-pad_DR_Galaxy-Velvet_Green.png\",\"contentUrl\":\"https:\/\/equidash.eu\/wp-content\/uploads\/2025\/01\/Lami-Cell_Saddle-pad_DR_Galaxy-Velvet_Green.png\",\"width\":1080,\"height\":1080,\"caption\":\"Koolis\u00f5iduvaltrap Galaxy Velvet \u2013 3D velvet, bambuss\u00f6ekiust vooder, ja s\u00e4delevad detailid. Toon: Roheline\"},{\"@type\":\"BreadcrumbList\",\"@id\":\"https:\/\/equidash.eu\/shop\/horse\/lami-cell-saddle-pad-dr-galaxy-velvet\/#breadcrumb\",\"itemListElement\":[{\"@type\":\"ListItem\",\"position\":1,\"name\":\"Home\",\"item\":\"https:\/\/equidash.eu\/\"},{\"@type\":\"ListItem\",\"position\":2,\"name\":\"Shop\",\"item\":\"https:\/\/equidash.eu\/shop\/\"},{\"@type\":\"ListItem\",\"position\":3,\"name\":\"Lami-Cell Saddle Pad DR Galaxy Velvet\"}]},{\"@type\":\"WebSite\",\"@id\":\"https:\/\/equidash.eu\/#website\",\"url\":\"https:\/\/equidash.eu\/\",\"name\":\"EquiDash\",\"description\":\"Horse Riding Equipment and Accessories\",\"publisher\":{\"@id\":\"https:\/\/equidash.eu\/#organization\"},\"alternateName\":\"EquiDash\",\"potentialAction\":[{\"@type\":\"SearchAction\",\"target\":{\"@type\":\"EntryPoint\",\"urlTemplate\":\"https:\/\/equidash.eu\/?s={search_term_string}\"},\"query-input\":{\"@type\":\"PropertyValueSpecification\",\"valueRequired\":true,\"valueName\":\"search_term_string\"}}],\"inLanguage\":\"et\"},{\"@type\":\"Organization\",\"@id\":\"https:\/\/equidash.eu\/#organization\",\"name\":\"EquiDash\",\"alternateName\":\"EquiDash\",\"url\":\"https:\/\/equidash.eu\/\",\"logo\":{\"@type\":\"ImageObject\",\"inLanguage\":\"et\",\"@id\":\"https:\/\/equidash.eu\/#\/schema\/logo\/image\/\",\"url\":\"https:\/\/equidash.eu\/wp-content\/uploads\/2024\/09\/EQUIDASH_Logo_Raud-1.png\",\"contentUrl\":\"https:\/\/equidash.eu\/wp-content\/uploads\/2024\/09\/EQUIDASH_Logo_Raud-1.png\",\"width\":393,\"height\":422,\"caption\":\"EquiDash\"},\"image\":{\"@id\":\"https:\/\/equidash.eu\/#\/schema\/logo\/image\/\"},\"sameAs\":[\"https:\/\/www.facebook.com\/people\/EquiDash\/61560864479586\/\",\"https:\/\/www.instagram.com\/equidash.eshop\/\"],\"email\":\"info@equidash.eu\",\"telephone\":\"+372 59007334\",\"legalName\":\"Takian Corporation O\u00dc\",\"foundingDate\":\"2020-10-21\",\"vatID\":\"EE102301283\",\"numberOfEmployees\":{\"@type\":\"QuantitativeValue\",\"minValue\":\"1\",\"maxValue\":\"10\"},\"hasMerchantReturnPolicy\":{\"@type\":\"MerchantReturnPolicy\",\"merchantReturnLink\":\"https:\/\/equidash.eu\/et\/return-privacy\/\"}}]}<\/script>\n<meta property=\"product:brand\" content=\"Lami-Cell\" \/>\n<meta property=\"og:availability\" content=\"backorder\" \/>\n<meta property=\"product:availability\" content=\"available for order\" \/>\n<meta property=\"product:retailer_item_id\" content=\"302212\" \/>\n<meta property=\"product:condition\" content=\"new\" \/>\n<!-- \/ Yoast SEO Premium plugin. -->","yoast_head_json":{"title":"Lami-Cell Saddle Pad DR Galaxy Velvet | Parima hinnaga ratsavarustuse e-pood","description":"Lami-Cell Saddle Pad DR Galaxy Velvet - Velvetist koolis\u00f5iduvaltrap, kaunistatud kristallidega. Valikus erinevad v\u00e4rvitoond:punane, roheline, sinine ja must","robots":{"index":"index","follow":"follow","max-snippet":"max-snippet:-1","max-image-preview":"max-image-preview:large","max-video-preview":"max-video-preview:-1"},"canonical":"https:\/\/equidash.eu\/et\/shop\/hobune\/lami-cell-saddle-pad-dr-galaxy-velvet\/","og_locale":"et_EE","og_type":"article","og_title":"Lami-Cell Saddle Pad DR Galaxy Velvet","og_description":"Lami-Cell Saddle Pad DR Galaxy Velvet - Velvetist koolis\u00f5iduvaltrap, kaunistatud kristallidega. Valikus erinevad v\u00e4rvitoond:punane, roheline, sinine ja must","og_url":"https:\/\/equidash.eu\/et\/shop\/hobune\/lami-cell-saddle-pad-dr-galaxy-velvet\/","og_site_name":"Parima hinnaga ratsavarustuse e-pood","article_publisher":"https:\/\/www.facebook.com\/people\/EquiDash\/61560864479586\/","article_modified_time":"2025-01-24T23:06:15+00:00","og_image":[{"width":1080,"height":1080,"url":"https:\/\/equidash.eu\/wp-content\/uploads\/2025\/01\/Lami-Cell_Saddle-pad_DR_Galaxy-Velvet_Green.png","type":"image\/png"}],"twitter_card":"summary_large_image","twitter_misc":{"Availability":"On backorder"},"schema":{"@context":"https:\/\/schema.org","@graph":[{"@type":"WebPage","@id":"https:\/\/equidash.eu\/shop\/horse\/lami-cell-saddle-pad-dr-galaxy-velvet\/","url":"https:\/\/equidash.eu\/shop\/horse\/lami-cell-saddle-pad-dr-galaxy-velvet\/","name":"Lami-Cell Saddle Pad DR Galaxy Velvet | Parima hinnaga ratsavarustuse e-pood","isPartOf":{"@id":"https:\/\/equidash.eu\/#website"},"primaryImageOfPage":{"@id":"https:\/\/equidash.eu\/shop\/horse\/lami-cell-saddle-pad-dr-galaxy-velvet\/#primaryimage"},"image":{"@id":"https:\/\/equidash.eu\/shop\/horse\/lami-cell-saddle-pad-dr-galaxy-velvet\/#primaryimage"},"thumbnailUrl":"https:\/\/equidash.eu\/wp-content\/uploads\/2025\/01\/Lami-Cell_Saddle-pad_DR_Galaxy-Velvet_Green.png","datePublished":"2025-01-12T12:16:24+00:00","dateModified":"2025-01-24T23:06:15+00:00","description":"Lami-Cell Saddle Pad DR Galaxy Velvet - Velvetist koolis\u00f5iduvaltrap, kaunistatud kristallidega. Valikus erinevad v\u00e4rvitoond:punane, roheline, sinine ja must","breadcrumb":{"@id":"https:\/\/equidash.eu\/shop\/horse\/lami-cell-saddle-pad-dr-galaxy-velvet\/#breadcrumb"},"inLanguage":"et","potentialAction":[{"@type":"ReadAction","target":["https:\/\/equidash.eu\/shop\/horse\/lami-cell-saddle-pad-dr-galaxy-velvet\/"]}]},{"@type":"ImageObject","inLanguage":"et","@id":"https:\/\/equidash.eu\/shop\/horse\/lami-cell-saddle-pad-dr-galaxy-velvet\/#primaryimage","url":"https:\/\/equidash.eu\/wp-content\/uploads\/2025\/01\/Lami-Cell_Saddle-pad_DR_Galaxy-Velvet_Green.png","contentUrl":"https:\/\/equidash.eu\/wp-content\/uploads\/2025\/01\/Lami-Cell_Saddle-pad_DR_Galaxy-Velvet_Green.png","width":1080,"height":1080,"caption":"Koolis\u00f5iduvaltrap Galaxy Velvet \u2013 3D velvet, bambuss\u00f6ekiust vooder, ja s\u00e4delevad detailid. Toon: Roheline"},{"@type":"BreadcrumbList","@id":"https:\/\/equidash.eu\/shop\/horse\/lami-cell-saddle-pad-dr-galaxy-velvet\/#breadcrumb","itemListElement":[{"@type":"ListItem","position":1,"name":"Home","item":"https:\/\/equidash.eu\/"},{"@type":"ListItem","position":2,"name":"Shop","item":"https:\/\/equidash.eu\/shop\/"},{"@type":"ListItem","position":3,"name":"Lami-Cell Saddle Pad DR Galaxy Velvet"}]},{"@type":"WebSite","@id":"https:\/\/equidash.eu\/#website","url":"https:\/\/equidash.eu\/","name":"EquiDash","description":"Horse Riding Equipment and Accessories","publisher":{"@id":"https:\/\/equidash.eu\/#organization"},"alternateName":"EquiDash","potentialAction":[{"@type":"SearchAction","target":{"@type":"EntryPoint","urlTemplate":"https:\/\/equidash.eu\/?s={search_term_string}"},"query-input":{"@type":"PropertyValueSpecification","valueRequired":true,"valueName":"search_term_string"}}],"inLanguage":"et"},{"@type":"Organization","@id":"https:\/\/equidash.eu\/#organization","name":"EquiDash","alternateName":"EquiDash","url":"https:\/\/equidash.eu\/","logo":{"@type":"ImageObject","inLanguage":"et","@id":"https:\/\/equidash.eu\/#\/schema\/logo\/image\/","url":"https:\/\/equidash.eu\/wp-content\/uploads\/2024\/09\/EQUIDASH_Logo_Raud-1.png","contentUrl":"https:\/\/equidash.eu\/wp-content\/uploads\/2024\/09\/EQUIDASH_Logo_Raud-1.png","width":393,"height":422,"caption":"EquiDash"},"image":{"@id":"https:\/\/equidash.eu\/#\/schema\/logo\/image\/"},"sameAs":["https:\/\/www.facebook.com\/people\/EquiDash\/61560864479586\/","https:\/\/www.instagram.com\/equidash.eshop\/"],"email":"info@equidash.eu","telephone":"+372 59007334","legalName":"Takian Corporation O\u00dc","foundingDate":"2020-10-21","vatID":"EE102301283","numberOfEmployees":{"@type":"QuantitativeValue","minValue":"1","maxValue":"10"},"hasMerchantReturnPolicy":{"@type":"MerchantReturnPolicy","merchantReturnLink":"https:\/\/equidash.eu\/et\/return-privacy\/"}}]},"product_brand":"Lami-Cell","og_availability":"backorder","product_availability":"available for order","product_retailer_item_id":"302212","product_condition":"new"},"_links":{"self":[{"href":"https:\/\/equidash.eu\/et\/wp-json\/wp\/v2\/product\/2452","targetHints":{"allow":["GET"]}}],"collection":[{"href":"https:\/\/equidash.eu\/et\/wp-json\/wp\/v2\/product"}],"about":[{"href":"https:\/\/equidash.eu\/et\/wp-json\/wp\/v2\/types\/product"}],"wp:featuredmedia":[{"embeddable":true,"href":"https:\/\/equidash.eu\/et\/wp-json\/wp\/v2\/media\/2456"}],"wp:attachment":[{"href":"https:\/\/equidash.eu\/et\/wp-json\/wp\/v2\/media?parent=2452"}],"wp:term":[{"taxonomy":"product_brand","embeddable":true,"href":"https:\/\/equidash.eu\/et\/wp-json\/wp\/v2\/product_brand?post=2452"},{"taxonomy":"product_cat","embeddable":true,"href":"https:\/\/equidash.eu\/et\/wp-json\/wp\/v2\/product_cat?post=2452"},{"taxonomy":"product_tag","embeddable":true,"href":"https:\/\/equidash.eu\/et\/wp-json\/wp\/v2\/product_tag?post=2452"}],"curies":[{"name":"wp","href":"https:\/\/api.w.org\/{rel}","templated":true}]}}