{"id":2516,"date":"2025-01-13T16:16:36","date_gmt":"2025-01-13T14:16:36","guid":{"rendered":"https:\/\/equidash.eu\/?post_type=product&#038;p=2516"},"modified":"2025-06-09T23:16:00","modified_gmt":"2025-06-09T21:16:00","slug":"lami-cell-protection-boots-set-basic","status":"publish","type":"product","link":"https:\/\/equidash.eu\/et\/shop\/horse\/lami-cell-protection-boots-set-basic\/","title":{"rendered":"Lami-Cell jalakaitsmete komplekt Basic"},"content":{"rendered":"<p>Lami-Cell jalakaitsmete komplekt Basic on tugevate takjakinnitustega, et hoida jalakaitsmeid kindlalt paigal. Jalakaitsmetel on stiilne Lami-Cell logo k\u00fclje peal. Komplekt sisaldab 4. jalakaitset, sh kaks esi- ja kaks tagumist jalakaitsjat.<\/p>\n<ul>\n<li>Komplektis 4 jalakaitset (2 tagumist ja 2 esimest) ning kandekott kaitsmetele<\/li>\n<li>K\u00f5rge kvaliteediga pol\u00fcuretaanist v\u00e4limine osa<\/li>\n<\/ul>\n<p>Pesemine:<\/p>\n<ul>\n<li>\n<div>K\u00e4sipesu, mitte kuivatada trummelkuivatis.<\/div>\n<\/li>\n<\/ul>\n<figure id=\"attachment_2587\" aria-describedby=\"caption-attachment-2587\" style=\"width: 300px\" class=\"wp-caption alignnone\"><img loading=\"lazy\" decoding=\"async\" class=\"size-medium wp-image-2587\" src=\"https:\/\/equidash.eu\/wp-content\/uploads\/2025\/01\/Lami-Cell_Protection-boot-set-basic_Size-300x300.png\" alt=\"Lami-Cell jalakaitsmete m\u00f5\u00f5dud\" width=\"300\" height=\"300\" srcset=\"https:\/\/equidash.eu\/wp-content\/uploads\/2025\/01\/Lami-Cell_Protection-boot-set-basic_Size-300x300.png 300w, https:\/\/equidash.eu\/wp-content\/uploads\/2025\/01\/Lami-Cell_Protection-boot-set-basic_Size-1024x1024.png 1024w, https:\/\/equidash.eu\/wp-content\/uploads\/2025\/01\/Lami-Cell_Protection-boot-set-basic_Size-150x150.png 150w, https:\/\/equidash.eu\/wp-content\/uploads\/2025\/01\/Lami-Cell_Protection-boot-set-basic_Size-768x768.png 768w, https:\/\/equidash.eu\/wp-content\/uploads\/2025\/01\/Lami-Cell_Protection-boot-set-basic_Size-12x12.png 12w, https:\/\/equidash.eu\/wp-content\/uploads\/2025\/01\/Lami-Cell_Protection-boot-set-basic_Size-510x510.png 510w, https:\/\/equidash.eu\/wp-content\/uploads\/2025\/01\/Lami-Cell_Protection-boot-set-basic_Size-100x100.png 100w, https:\/\/equidash.eu\/wp-content\/uploads\/2025\/01\/Lami-Cell_Protection-boot-set-basic_Size.png 1080w\" sizes=\"auto, (max-width: 300px) 100vw, 300px\" \/><figcaption id=\"caption-attachment-2587\" class=\"wp-caption-text\">Lami-Cell jalakaitsmete m\u00f5\u00f5dud<\/figcaption><\/figure>","protected":false},"excerpt":{"rendered":"<p class=\"ai-optimize-22 ai-optimize-introduction\"><a href=\"https:\/\/equidash.eu\/et\/tootesilt\/lami-cell\/\"><img decoding=\"async\" style=\"height: 60px; margin-top: 20px;\" src=\"https:\/\/equidash.eu\/wp-content\/uploads\/2024\/10\/lamicell-logo-1.png\" alt=\"\" \/><\/a><\/p>","protected":false},"featured_media":2537,"template":"","meta":{"_acf_changed":false,"_joinchat":[]},"product_brand":[512],"product_cat":[27,191,192],"product_tag":[52,273],"class_list":{"0":"post-2516","1":"product","2":"type-product","3":"status-publish","4":"has-post-thumbnail","6":"product_brand-lami-cell","7":"product_cat-horse","8":"product_cat-leg-hoof-protections-horse","9":"product_cat-boots-leg-hoof-protections-horse","10":"product_tag-boot-set","11":"product_tag-lami-cell","12":"pa_colors-black","13":"pa_colors-blue","14":"pa_colors-brown","15":"pa_colors-electric-blue","16":"pa_colors-green","17":"pa_colors-pink","18":"pa_size-full","19":"pa_size-pony","21":"first","22":"onbackorder","23":"taxable","24":"shipping-taxable","25":"purchasable","26":"product-type-variable"},"acf":[],"yoast_head":"<!-- This site is optimized with the Yoast SEO Premium plugin v26.2 (Yoast SEO v27.2) - https:\/\/yoast.com\/product\/yoast-seo-premium-wordpress\/ -->\n<title>Lami-Cell Protection boots set Basic | Parima hinnaga ratsavarustuse e-pood<\/title>\n<meta name=\"description\" content=\"Lami-Cell Protection boots set Basic - Hea hinnaga kvaliteetsed jalakaitsmete komplekt just sinu hobusele, parima kaitse ja mugavuse saavutamiseks.\" \/>\n<meta name=\"robots\" content=\"index, follow, max-snippet:-1, max-image-preview:large, max-video-preview:-1\" \/>\n<link rel=\"canonical\" href=\"https:\/\/equidash.eu\/et\/shop\/hobune\/lami-cell-protection-boots-set-basic\/\" \/>\n<meta property=\"og:locale\" content=\"et_EE\" \/>\n<meta property=\"og:type\" content=\"article\" \/>\n<meta property=\"og:title\" content=\"Lami-Cell Protection boots set Basic\" \/>\n<meta property=\"og:description\" content=\"Lami-Cell Protection boots set Basic - Hea hinnaga kvaliteetsed jalakaitsmete komplekt just sinu hobusele, parima kaitse ja mugavuse saavutamiseks.\" \/>\n<meta property=\"og:url\" content=\"https:\/\/equidash.eu\/et\/shop\/hobune\/lami-cell-protection-boots-set-basic\/\" \/>\n<meta property=\"og:site_name\" content=\"Parima hinnaga ratsavarustuse e-pood\" \/>\n<meta property=\"article:publisher\" content=\"https:\/\/www.facebook.com\/people\/EquiDash\/61560864479586\/\" \/>\n<meta property=\"article:modified_time\" content=\"2025-06-09T21:16:00+00:00\" \/>\n<meta property=\"og:image\" content=\"https:\/\/equidash.eu\/wp-content\/uploads\/2025\/01\/Lami-Cell_Protection-boot-set-basic_Blue.jpg\" \/>\n\t<meta property=\"og:image:width\" content=\"2560\" \/>\n\t<meta property=\"og:image:height\" content=\"2560\" \/>\n\t<meta property=\"og:image:type\" content=\"image\/jpeg\" \/>\n<meta name=\"twitter:card\" content=\"summary_large_image\" \/>\n<meta name=\"twitter:label1\" content=\"Availability\" \/>\n\t<meta name=\"twitter:data1\" content=\"On backorder\" \/>\n<script type=\"application\/ld+json\" class=\"yoast-schema-graph\">{\"@context\":\"https:\/\/schema.org\",\"@graph\":[{\"@type\":\"WebPage\",\"@id\":\"https:\/\/equidash.eu\/shop\/horse\/lami-cell-protection-boots-set-basic\/\",\"url\":\"https:\/\/equidash.eu\/shop\/horse\/lami-cell-protection-boots-set-basic\/\",\"name\":\"Lami-Cell Protection boots set Basic | Parima hinnaga ratsavarustuse e-pood\",\"isPartOf\":{\"@id\":\"https:\/\/equidash.eu\/#website\"},\"primaryImageOfPage\":{\"@id\":\"https:\/\/equidash.eu\/shop\/horse\/lami-cell-protection-boots-set-basic\/#primaryimage\"},\"image\":{\"@id\":\"https:\/\/equidash.eu\/shop\/horse\/lami-cell-protection-boots-set-basic\/#primaryimage\"},\"thumbnailUrl\":\"https:\/\/equidash.eu\/wp-content\/uploads\/2025\/01\/Lami-Cell_Protection-boot-set-basic_Blue.jpg\",\"datePublished\":\"2025-01-13T14:16:36+00:00\",\"dateModified\":\"2025-06-09T21:16:00+00:00\",\"description\":\"Lami-Cell Protection boots set Basic - Hea hinnaga kvaliteetsed jalakaitsmete komplekt just sinu hobusele, parima kaitse ja mugavuse saavutamiseks.\",\"breadcrumb\":{\"@id\":\"https:\/\/equidash.eu\/shop\/horse\/lami-cell-protection-boots-set-basic\/#breadcrumb\"},\"inLanguage\":\"et\",\"potentialAction\":[{\"@type\":\"ReadAction\",\"target\":[\"https:\/\/equidash.eu\/shop\/horse\/lami-cell-protection-boots-set-basic\/\"]}]},{\"@type\":\"ImageObject\",\"inLanguage\":\"et\",\"@id\":\"https:\/\/equidash.eu\/shop\/horse\/lami-cell-protection-boots-set-basic\/#primaryimage\",\"url\":\"https:\/\/equidash.eu\/wp-content\/uploads\/2025\/01\/Lami-Cell_Protection-boot-set-basic_Blue.jpg\",\"contentUrl\":\"https:\/\/equidash.eu\/wp-content\/uploads\/2025\/01\/Lami-Cell_Protection-boot-set-basic_Blue.jpg\",\"width\":2560,\"height\":2560,\"caption\":\"Lami-Cell jalakaitsmete komplekt Basic - komplektis kaks esimest ja kaks tagumist kaitset erinevates v\u00e4rvitoonides. Sinine\"},{\"@type\":\"BreadcrumbList\",\"@id\":\"https:\/\/equidash.eu\/shop\/horse\/lami-cell-protection-boots-set-basic\/#breadcrumb\",\"itemListElement\":[{\"@type\":\"ListItem\",\"position\":1,\"name\":\"Home\",\"item\":\"https:\/\/equidash.eu\/\"},{\"@type\":\"ListItem\",\"position\":2,\"name\":\"Shop\",\"item\":\"https:\/\/equidash.eu\/shop\/\"},{\"@type\":\"ListItem\",\"position\":3,\"name\":\"Lami-Cell Protection boots set Basic\"}]},{\"@type\":\"WebSite\",\"@id\":\"https:\/\/equidash.eu\/#website\",\"url\":\"https:\/\/equidash.eu\/\",\"name\":\"EquiDash\",\"description\":\"Horse Riding Equipment and Accessories\",\"publisher\":{\"@id\":\"https:\/\/equidash.eu\/#organization\"},\"alternateName\":\"EquiDash\",\"potentialAction\":[{\"@type\":\"SearchAction\",\"target\":{\"@type\":\"EntryPoint\",\"urlTemplate\":\"https:\/\/equidash.eu\/?s={search_term_string}\"},\"query-input\":{\"@type\":\"PropertyValueSpecification\",\"valueRequired\":true,\"valueName\":\"search_term_string\"}}],\"inLanguage\":\"et\"},{\"@type\":\"Organization\",\"@id\":\"https:\/\/equidash.eu\/#organization\",\"name\":\"EquiDash\",\"alternateName\":\"EquiDash\",\"url\":\"https:\/\/equidash.eu\/\",\"logo\":{\"@type\":\"ImageObject\",\"inLanguage\":\"et\",\"@id\":\"https:\/\/equidash.eu\/#\/schema\/logo\/image\/\",\"url\":\"https:\/\/equidash.eu\/wp-content\/uploads\/2024\/09\/EQUIDASH_Logo_Raud-1.png\",\"contentUrl\":\"https:\/\/equidash.eu\/wp-content\/uploads\/2024\/09\/EQUIDASH_Logo_Raud-1.png\",\"width\":393,\"height\":422,\"caption\":\"EquiDash\"},\"image\":{\"@id\":\"https:\/\/equidash.eu\/#\/schema\/logo\/image\/\"},\"sameAs\":[\"https:\/\/www.facebook.com\/people\/EquiDash\/61560864479586\/\",\"https:\/\/www.instagram.com\/equidash.eshop\/\"],\"email\":\"info@equidash.eu\",\"telephone\":\"+372 59007334\",\"legalName\":\"Takian Corporation O\u00dc\",\"foundingDate\":\"2020-10-21\",\"vatID\":\"EE102301283\",\"numberOfEmployees\":{\"@type\":\"QuantitativeValue\",\"minValue\":\"1\",\"maxValue\":\"10\"},\"hasMerchantReturnPolicy\":{\"@type\":\"MerchantReturnPolicy\",\"merchantReturnLink\":\"https:\/\/equidash.eu\/et\/return-privacy\/\"}}]}<\/script>\n<meta property=\"product:brand\" content=\"Lami-Cell\" \/>\n<meta property=\"og:availability\" content=\"backorder\" \/>\n<meta property=\"product:availability\" content=\"available for order\" \/>\n<meta property=\"product:retailer_item_id\" content=\"506215\" \/>\n<meta property=\"product:condition\" content=\"new\" \/>\n<!-- \/ Yoast SEO Premium plugin. -->","yoast_head_json":{"title":"Lami-Cell Protection boots set Basic | Parima hinnaga ratsavarustuse e-pood","description":"Lami-Cell Protection boots set Basic - Hea hinnaga kvaliteetsed jalakaitsmete komplekt just sinu hobusele, parima kaitse ja mugavuse saavutamiseks.","robots":{"index":"index","follow":"follow","max-snippet":"max-snippet:-1","max-image-preview":"max-image-preview:large","max-video-preview":"max-video-preview:-1"},"canonical":"https:\/\/equidash.eu\/et\/shop\/hobune\/lami-cell-protection-boots-set-basic\/","og_locale":"et_EE","og_type":"article","og_title":"Lami-Cell Protection boots set Basic","og_description":"Lami-Cell Protection boots set Basic - Hea hinnaga kvaliteetsed jalakaitsmete komplekt just sinu hobusele, parima kaitse ja mugavuse saavutamiseks.","og_url":"https:\/\/equidash.eu\/et\/shop\/hobune\/lami-cell-protection-boots-set-basic\/","og_site_name":"Parima hinnaga ratsavarustuse e-pood","article_publisher":"https:\/\/www.facebook.com\/people\/EquiDash\/61560864479586\/","article_modified_time":"2025-06-09T21:16:00+00:00","og_image":[{"width":2560,"height":2560,"url":"https:\/\/equidash.eu\/wp-content\/uploads\/2025\/01\/Lami-Cell_Protection-boot-set-basic_Blue.jpg","type":"image\/jpeg"}],"twitter_card":"summary_large_image","twitter_misc":{"Availability":"On backorder"},"schema":{"@context":"https:\/\/schema.org","@graph":[{"@type":"WebPage","@id":"https:\/\/equidash.eu\/shop\/horse\/lami-cell-protection-boots-set-basic\/","url":"https:\/\/equidash.eu\/shop\/horse\/lami-cell-protection-boots-set-basic\/","name":"Lami-Cell Protection boots set Basic | Parima hinnaga ratsavarustuse e-pood","isPartOf":{"@id":"https:\/\/equidash.eu\/#website"},"primaryImageOfPage":{"@id":"https:\/\/equidash.eu\/shop\/horse\/lami-cell-protection-boots-set-basic\/#primaryimage"},"image":{"@id":"https:\/\/equidash.eu\/shop\/horse\/lami-cell-protection-boots-set-basic\/#primaryimage"},"thumbnailUrl":"https:\/\/equidash.eu\/wp-content\/uploads\/2025\/01\/Lami-Cell_Protection-boot-set-basic_Blue.jpg","datePublished":"2025-01-13T14:16:36+00:00","dateModified":"2025-06-09T21:16:00+00:00","description":"Lami-Cell Protection boots set Basic - Hea hinnaga kvaliteetsed jalakaitsmete komplekt just sinu hobusele, parima kaitse ja mugavuse saavutamiseks.","breadcrumb":{"@id":"https:\/\/equidash.eu\/shop\/horse\/lami-cell-protection-boots-set-basic\/#breadcrumb"},"inLanguage":"et","potentialAction":[{"@type":"ReadAction","target":["https:\/\/equidash.eu\/shop\/horse\/lami-cell-protection-boots-set-basic\/"]}]},{"@type":"ImageObject","inLanguage":"et","@id":"https:\/\/equidash.eu\/shop\/horse\/lami-cell-protection-boots-set-basic\/#primaryimage","url":"https:\/\/equidash.eu\/wp-content\/uploads\/2025\/01\/Lami-Cell_Protection-boot-set-basic_Blue.jpg","contentUrl":"https:\/\/equidash.eu\/wp-content\/uploads\/2025\/01\/Lami-Cell_Protection-boot-set-basic_Blue.jpg","width":2560,"height":2560,"caption":"Lami-Cell jalakaitsmete komplekt Basic - komplektis kaks esimest ja kaks tagumist kaitset erinevates v\u00e4rvitoonides. Sinine"},{"@type":"BreadcrumbList","@id":"https:\/\/equidash.eu\/shop\/horse\/lami-cell-protection-boots-set-basic\/#breadcrumb","itemListElement":[{"@type":"ListItem","position":1,"name":"Home","item":"https:\/\/equidash.eu\/"},{"@type":"ListItem","position":2,"name":"Shop","item":"https:\/\/equidash.eu\/shop\/"},{"@type":"ListItem","position":3,"name":"Lami-Cell Protection boots set Basic"}]},{"@type":"WebSite","@id":"https:\/\/equidash.eu\/#website","url":"https:\/\/equidash.eu\/","name":"EquiDash","description":"Horse Riding Equipment and Accessories","publisher":{"@id":"https:\/\/equidash.eu\/#organization"},"alternateName":"EquiDash","potentialAction":[{"@type":"SearchAction","target":{"@type":"EntryPoint","urlTemplate":"https:\/\/equidash.eu\/?s={search_term_string}"},"query-input":{"@type":"PropertyValueSpecification","valueRequired":true,"valueName":"search_term_string"}}],"inLanguage":"et"},{"@type":"Organization","@id":"https:\/\/equidash.eu\/#organization","name":"EquiDash","alternateName":"EquiDash","url":"https:\/\/equidash.eu\/","logo":{"@type":"ImageObject","inLanguage":"et","@id":"https:\/\/equidash.eu\/#\/schema\/logo\/image\/","url":"https:\/\/equidash.eu\/wp-content\/uploads\/2024\/09\/EQUIDASH_Logo_Raud-1.png","contentUrl":"https:\/\/equidash.eu\/wp-content\/uploads\/2024\/09\/EQUIDASH_Logo_Raud-1.png","width":393,"height":422,"caption":"EquiDash"},"image":{"@id":"https:\/\/equidash.eu\/#\/schema\/logo\/image\/"},"sameAs":["https:\/\/www.facebook.com\/people\/EquiDash\/61560864479586\/","https:\/\/www.instagram.com\/equidash.eshop\/"],"email":"info@equidash.eu","telephone":"+372 59007334","legalName":"Takian Corporation O\u00dc","foundingDate":"2020-10-21","vatID":"EE102301283","numberOfEmployees":{"@type":"QuantitativeValue","minValue":"1","maxValue":"10"},"hasMerchantReturnPolicy":{"@type":"MerchantReturnPolicy","merchantReturnLink":"https:\/\/equidash.eu\/et\/return-privacy\/"}}]},"product_brand":"Lami-Cell","og_availability":"backorder","product_availability":"available for order","product_retailer_item_id":"506215","product_condition":"new"},"_links":{"self":[{"href":"https:\/\/equidash.eu\/et\/wp-json\/wp\/v2\/product\/2516","targetHints":{"allow":["GET"]}}],"collection":[{"href":"https:\/\/equidash.eu\/et\/wp-json\/wp\/v2\/product"}],"about":[{"href":"https:\/\/equidash.eu\/et\/wp-json\/wp\/v2\/types\/product"}],"wp:featuredmedia":[{"embeddable":true,"href":"https:\/\/equidash.eu\/et\/wp-json\/wp\/v2\/media\/2537"}],"wp:attachment":[{"href":"https:\/\/equidash.eu\/et\/wp-json\/wp\/v2\/media?parent=2516"}],"wp:term":[{"taxonomy":"product_brand","embeddable":true,"href":"https:\/\/equidash.eu\/et\/wp-json\/wp\/v2\/product_brand?post=2516"},{"taxonomy":"product_cat","embeddable":true,"href":"https:\/\/equidash.eu\/et\/wp-json\/wp\/v2\/product_cat?post=2516"},{"taxonomy":"product_tag","embeddable":true,"href":"https:\/\/equidash.eu\/et\/wp-json\/wp\/v2\/product_tag?post=2516"}],"curies":[{"name":"wp","href":"https:\/\/api.w.org\/{rel}","templated":true}]}}