{"id":261,"date":"2024-10-17T10:22:01","date_gmt":"2024-10-17T08:22:01","guid":{"rendered":"https:\/\/equidash.eu\/?post_type=product&#038;p=261"},"modified":"2025-01-25T01:09:42","modified_gmt":"2025-01-24T23:09:42","slug":"hv-polo-saddle-pad-dae-gp","status":"publish","type":"product","link":"https:\/\/equidash.eu\/et\/shop\/horse\/saddle-pads-horse\/jumping-saddle-pads-horse\/hv-polo-saddle-pad-dae-gp\/","title":{"rendered":"HV Polo h\u00fcppevaltrap Dae GP"},"content":{"rendered":"<p>HV Polo Dae GP h\u00fcppevaltrapil on vahvelmaterjalist vooder, mis saavutab jahutava efekti ja hoiab hobuse naha kuivana. Vahvlikiht s\u00e4ilitab pikaajalise toimivuse ka p\u00e4rast korduvat pesemist. Valtrapil on aasad sadulav\u00f6\u00f6le ja kinnitused sadulav\u00f6\u00f6 trippide k\u00fclge kinnitamiseks. Sadulav\u00f6\u00f6 aasa kohal polsterdus, mis pakub t\u00e4iendavat tuge ja kaitseb valtrapi kulumise eest.<\/p>\n<ul>\n<li>Anatoomilise l\u00f5ikega, et anda rohkem ruumi turjale<\/li>\n<li>Pehme ja mugav materjal<\/li>\n<li>Valtrap on \u00e4\u00e4ristatud punutud n\u00f6\u00f6riga<\/li>\n<li>Metallist logo valtrapi nurgas<\/li>\n<\/ul>","protected":false},"excerpt":{"rendered":"<p><a href=\"https:\/\/equidash.es\/product-tag\/hv-polo\/\"><img decoding=\"async\" style=\"height: 60px; margin-top: 20px;\" src=\"https:\/\/equidash.es\/wp-content\/uploads\/2024\/10\/HVP.png\" alt=\"\" \/><\/a><\/p>","protected":false},"featured_media":870,"template":"","meta":{"_acf_changed":false,"_joinchat":[]},"product_brand":[511],"product_cat":[27,187,186],"product_tag":[28,30,32],"class_list":{"0":"post-261","1":"product","2":"type-product","3":"status-publish","4":"has-post-thumbnail","6":"product_brand-hv-polo","7":"product_cat-horse","8":"product_cat-jumping-saddle-pads-horse","9":"product_cat-saddle-pads-horse","10":"product_tag-hv-polo","11":"product_tag-jumping","12":"product_tag-saddle-pad","13":"pa_colors-black","14":"pa_colors-brown","15":"pa_colors-mocca-2","16":"pa_colors-sea-grass","17":"pa_colors-viva-magenta","18":"pa_colors-white","19":"pa_size-full","21":"first","22":"onbackorder","23":"taxable","24":"shipping-taxable","25":"purchasable","26":"product-type-variable","27":"has-default-attributes"},"acf":[],"yoast_head":"<!-- This site is optimized with the Yoast SEO Premium plugin v26.2 (Yoast SEO v27.3) - https:\/\/yoast.com\/product\/yoast-seo-premium-wordpress\/ -->\n<title>HV Polo saddle pad Dae GP | Parima hinnaga ratsavarustuse e-pood<\/title>\n<meta name=\"description\" content=\"Equidash - Ratsavarustuse veebipood Eestis ja Hispaanias. H\u00fcppevaltrap Dae. HV Polo saddle pad Dae GP\" \/>\n<meta name=\"robots\" content=\"index, follow, max-snippet:-1, max-image-preview:large, max-video-preview:-1\" \/>\n<link rel=\"canonical\" href=\"https:\/\/equidash.eu\/et\/shop\/hobune\/saddle-pads-horse\/takistussoit-valtrapid-hobune\/hv-polo-saddle-pad-dae-gp\/\" \/>\n<meta property=\"og:locale\" content=\"et_EE\" \/>\n<meta property=\"og:type\" content=\"article\" \/>\n<meta property=\"og:title\" content=\"HV Polo saddle pad Dae GP\" \/>\n<meta property=\"og:description\" content=\"Equidash - Ratsavarustuse veebipood Eestis ja Hispaanias. H\u00fcppevaltrap Dae. HV Polo saddle pad Dae GP\" \/>\n<meta property=\"og:url\" content=\"https:\/\/equidash.eu\/et\/shop\/hobune\/saddle-pads-horse\/takistussoit-valtrapid-hobune\/hv-polo-saddle-pad-dae-gp\/\" \/>\n<meta property=\"og:site_name\" content=\"Parima hinnaga ratsavarustuse e-pood\" \/>\n<meta property=\"article:publisher\" content=\"https:\/\/www.facebook.com\/people\/EquiDash\/61560864479586\/\" \/>\n<meta property=\"article:modified_time\" content=\"2025-01-24T23:09:42+00:00\" \/>\n<meta property=\"og:image\" content=\"https:\/\/equidash.eu\/wp-content\/uploads\/2024\/11\/HVP_Saddlepad_Dae-GP_Mocca_1-scaled-1.jpg\" \/>\n\t<meta property=\"og:image:width\" content=\"2048\" \/>\n\t<meta property=\"og:image:height\" content=\"2048\" \/>\n\t<meta property=\"og:image:type\" content=\"image\/jpeg\" \/>\n<meta name=\"twitter:card\" content=\"summary_large_image\" \/>\n<meta name=\"twitter:label1\" content=\"Availability\" \/>\n\t<meta name=\"twitter:data1\" content=\"On backorder\" \/>\n<script type=\"application\/ld+json\" class=\"yoast-schema-graph\">{\"@context\":\"https:\\\/\\\/schema.org\",\"@graph\":[{\"@type\":\"WebPage\",\"@id\":\"https:\\\/\\\/equidash.eu\\\/shop\\\/horse\\\/saddle-pads-horse\\\/jumping-saddle-pads-horse\\\/hv-polo-saddle-pad-dae-gp\\\/\",\"url\":\"https:\\\/\\\/equidash.eu\\\/shop\\\/horse\\\/saddle-pads-horse\\\/jumping-saddle-pads-horse\\\/hv-polo-saddle-pad-dae-gp\\\/\",\"name\":\"HV Polo saddle pad Dae GP | Parima hinnaga ratsavarustuse e-pood\",\"isPartOf\":{\"@id\":\"https:\\\/\\\/equidash.eu\\\/#website\"},\"primaryImageOfPage\":{\"@id\":\"https:\\\/\\\/equidash.eu\\\/shop\\\/horse\\\/saddle-pads-horse\\\/jumping-saddle-pads-horse\\\/hv-polo-saddle-pad-dae-gp\\\/#primaryimage\"},\"image\":{\"@id\":\"https:\\\/\\\/equidash.eu\\\/shop\\\/horse\\\/saddle-pads-horse\\\/jumping-saddle-pads-horse\\\/hv-polo-saddle-pad-dae-gp\\\/#primaryimage\"},\"thumbnailUrl\":\"https:\\\/\\\/equidash.eu\\\/wp-content\\\/uploads\\\/2024\\\/11\\\/HVP_Saddlepad_Dae-GP_Mocca_1-scaled-1.jpg\",\"datePublished\":\"2024-10-17T08:22:01+00:00\",\"dateModified\":\"2025-01-24T23:09:42+00:00\",\"description\":\"Equidash - Ratsavarustuse veebipood Eestis ja Hispaanias. H\u00fcppevaltrap Dae. HV Polo saddle pad Dae GP\",\"breadcrumb\":{\"@id\":\"https:\\\/\\\/equidash.eu\\\/shop\\\/horse\\\/saddle-pads-horse\\\/jumping-saddle-pads-horse\\\/hv-polo-saddle-pad-dae-gp\\\/#breadcrumb\"},\"inLanguage\":\"et\",\"potentialAction\":[{\"@type\":\"ReadAction\",\"target\":[\"https:\\\/\\\/equidash.eu\\\/shop\\\/horse\\\/saddle-pads-horse\\\/jumping-saddle-pads-horse\\\/hv-polo-saddle-pad-dae-gp\\\/\"]}]},{\"@type\":\"ImageObject\",\"inLanguage\":\"et\",\"@id\":\"https:\\\/\\\/equidash.eu\\\/shop\\\/horse\\\/saddle-pads-horse\\\/jumping-saddle-pads-horse\\\/hv-polo-saddle-pad-dae-gp\\\/#primaryimage\",\"url\":\"https:\\\/\\\/equidash.eu\\\/wp-content\\\/uploads\\\/2024\\\/11\\\/HVP_Saddlepad_Dae-GP_Mocca_1-scaled-1.jpg\",\"contentUrl\":\"https:\\\/\\\/equidash.eu\\\/wp-content\\\/uploads\\\/2024\\\/11\\\/HVP_Saddlepad_Dae-GP_Mocca_1-scaled-1.jpg\",\"width\":2048,\"height\":2048},{\"@type\":\"BreadcrumbList\",\"@id\":\"https:\\\/\\\/equidash.eu\\\/shop\\\/horse\\\/saddle-pads-horse\\\/jumping-saddle-pads-horse\\\/hv-polo-saddle-pad-dae-gp\\\/#breadcrumb\",\"itemListElement\":[{\"@type\":\"ListItem\",\"position\":1,\"name\":\"Home\",\"item\":\"https:\\\/\\\/equidash.eu\\\/\"},{\"@type\":\"ListItem\",\"position\":2,\"name\":\"Shop\",\"item\":\"https:\\\/\\\/equidash.eu\\\/shop\\\/\"},{\"@type\":\"ListItem\",\"position\":3,\"name\":\"HV Polo saddle pad Dae GP\"}]},{\"@type\":\"WebSite\",\"@id\":\"https:\\\/\\\/equidash.eu\\\/#website\",\"url\":\"https:\\\/\\\/equidash.eu\\\/\",\"name\":\"EquiDash\",\"description\":\"Horse Riding Equipment and Accessories\",\"publisher\":{\"@id\":\"https:\\\/\\\/equidash.eu\\\/#organization\"},\"alternateName\":\"EquiDash\",\"potentialAction\":[{\"@type\":\"SearchAction\",\"target\":{\"@type\":\"EntryPoint\",\"urlTemplate\":\"https:\\\/\\\/equidash.eu\\\/?s={search_term_string}\"},\"query-input\":{\"@type\":\"PropertyValueSpecification\",\"valueRequired\":true,\"valueName\":\"search_term_string\"}}],\"inLanguage\":\"et\"},{\"@type\":\"Organization\",\"@id\":\"https:\\\/\\\/equidash.eu\\\/#organization\",\"name\":\"EquiDash\",\"alternateName\":\"EquiDash\",\"url\":\"https:\\\/\\\/equidash.eu\\\/\",\"logo\":{\"@type\":\"ImageObject\",\"inLanguage\":\"et\",\"@id\":\"https:\\\/\\\/equidash.eu\\\/#\\\/schema\\\/logo\\\/image\\\/\",\"url\":\"https:\\\/\\\/equidash.eu\\\/wp-content\\\/uploads\\\/2024\\\/09\\\/EQUIDASH_Logo_Raud-1.png\",\"contentUrl\":\"https:\\\/\\\/equidash.eu\\\/wp-content\\\/uploads\\\/2024\\\/09\\\/EQUIDASH_Logo_Raud-1.png\",\"width\":393,\"height\":422,\"caption\":\"EquiDash\"},\"image\":{\"@id\":\"https:\\\/\\\/equidash.eu\\\/#\\\/schema\\\/logo\\\/image\\\/\"},\"sameAs\":[\"https:\\\/\\\/www.facebook.com\\\/people\\\/EquiDash\\\/61560864479586\\\/\",\"https:\\\/\\\/www.instagram.com\\\/equidash.eshop\\\/\"],\"email\":\"info@equidash.eu\",\"telephone\":\"+372 59007334\",\"legalName\":\"Takian Corporation O\u00dc\",\"foundingDate\":\"2020-10-21\",\"vatID\":\"EE102301283\",\"numberOfEmployees\":{\"@type\":\"QuantitativeValue\",\"minValue\":\"1\",\"maxValue\":\"10\"},\"hasMerchantReturnPolicy\":{\"@type\":\"MerchantReturnPolicy\",\"merchantReturnLink\":\"https:\\\/\\\/equidash.eu\\\/et\\\/return-privacy\\\/\"}}]}<\/script>\n<meta property=\"product:brand\" content=\"HV Polo\" \/>\n<meta property=\"og:availability\" content=\"backorder\" \/>\n<meta property=\"product:availability\" content=\"available for order\" \/>\n<meta property=\"product:condition\" content=\"new\" \/>\n<!-- \/ Yoast SEO Premium plugin. -->","yoast_head_json":{"title":"HV Polo saddle pad Dae GP | Parima hinnaga ratsavarustuse e-pood","description":"Equidash - Ratsavarustuse veebipood Eestis ja Hispaanias. H\u00fcppevaltrap Dae. HV Polo saddle pad Dae GP","robots":{"index":"index","follow":"follow","max-snippet":"max-snippet:-1","max-image-preview":"max-image-preview:large","max-video-preview":"max-video-preview:-1"},"canonical":"https:\/\/equidash.eu\/et\/shop\/hobune\/saddle-pads-horse\/takistussoit-valtrapid-hobune\/hv-polo-saddle-pad-dae-gp\/","og_locale":"et_EE","og_type":"article","og_title":"HV Polo saddle pad Dae GP","og_description":"Equidash - Ratsavarustuse veebipood Eestis ja Hispaanias. H\u00fcppevaltrap Dae. HV Polo saddle pad Dae GP","og_url":"https:\/\/equidash.eu\/et\/shop\/hobune\/saddle-pads-horse\/takistussoit-valtrapid-hobune\/hv-polo-saddle-pad-dae-gp\/","og_site_name":"Parima hinnaga ratsavarustuse e-pood","article_publisher":"https:\/\/www.facebook.com\/people\/EquiDash\/61560864479586\/","article_modified_time":"2025-01-24T23:09:42+00:00","og_image":[{"width":2048,"height":2048,"url":"https:\/\/equidash.eu\/wp-content\/uploads\/2024\/11\/HVP_Saddlepad_Dae-GP_Mocca_1-scaled-1.jpg","type":"image\/jpeg"}],"twitter_card":"summary_large_image","twitter_misc":{"Availability":"On backorder"},"schema":{"@context":"https:\/\/schema.org","@graph":[{"@type":"WebPage","@id":"https:\/\/equidash.eu\/shop\/horse\/saddle-pads-horse\/jumping-saddle-pads-horse\/hv-polo-saddle-pad-dae-gp\/","url":"https:\/\/equidash.eu\/shop\/horse\/saddle-pads-horse\/jumping-saddle-pads-horse\/hv-polo-saddle-pad-dae-gp\/","name":"HV Polo saddle pad Dae GP | Parima hinnaga ratsavarustuse e-pood","isPartOf":{"@id":"https:\/\/equidash.eu\/#website"},"primaryImageOfPage":{"@id":"https:\/\/equidash.eu\/shop\/horse\/saddle-pads-horse\/jumping-saddle-pads-horse\/hv-polo-saddle-pad-dae-gp\/#primaryimage"},"image":{"@id":"https:\/\/equidash.eu\/shop\/horse\/saddle-pads-horse\/jumping-saddle-pads-horse\/hv-polo-saddle-pad-dae-gp\/#primaryimage"},"thumbnailUrl":"https:\/\/equidash.eu\/wp-content\/uploads\/2024\/11\/HVP_Saddlepad_Dae-GP_Mocca_1-scaled-1.jpg","datePublished":"2024-10-17T08:22:01+00:00","dateModified":"2025-01-24T23:09:42+00:00","description":"Equidash - Ratsavarustuse veebipood Eestis ja Hispaanias. H\u00fcppevaltrap Dae. HV Polo saddle pad Dae GP","breadcrumb":{"@id":"https:\/\/equidash.eu\/shop\/horse\/saddle-pads-horse\/jumping-saddle-pads-horse\/hv-polo-saddle-pad-dae-gp\/#breadcrumb"},"inLanguage":"et","potentialAction":[{"@type":"ReadAction","target":["https:\/\/equidash.eu\/shop\/horse\/saddle-pads-horse\/jumping-saddle-pads-horse\/hv-polo-saddle-pad-dae-gp\/"]}]},{"@type":"ImageObject","inLanguage":"et","@id":"https:\/\/equidash.eu\/shop\/horse\/saddle-pads-horse\/jumping-saddle-pads-horse\/hv-polo-saddle-pad-dae-gp\/#primaryimage","url":"https:\/\/equidash.eu\/wp-content\/uploads\/2024\/11\/HVP_Saddlepad_Dae-GP_Mocca_1-scaled-1.jpg","contentUrl":"https:\/\/equidash.eu\/wp-content\/uploads\/2024\/11\/HVP_Saddlepad_Dae-GP_Mocca_1-scaled-1.jpg","width":2048,"height":2048},{"@type":"BreadcrumbList","@id":"https:\/\/equidash.eu\/shop\/horse\/saddle-pads-horse\/jumping-saddle-pads-horse\/hv-polo-saddle-pad-dae-gp\/#breadcrumb","itemListElement":[{"@type":"ListItem","position":1,"name":"Home","item":"https:\/\/equidash.eu\/"},{"@type":"ListItem","position":2,"name":"Shop","item":"https:\/\/equidash.eu\/shop\/"},{"@type":"ListItem","position":3,"name":"HV Polo saddle pad Dae GP"}]},{"@type":"WebSite","@id":"https:\/\/equidash.eu\/#website","url":"https:\/\/equidash.eu\/","name":"EquiDash","description":"Horse Riding Equipment and Accessories","publisher":{"@id":"https:\/\/equidash.eu\/#organization"},"alternateName":"EquiDash","potentialAction":[{"@type":"SearchAction","target":{"@type":"EntryPoint","urlTemplate":"https:\/\/equidash.eu\/?s={search_term_string}"},"query-input":{"@type":"PropertyValueSpecification","valueRequired":true,"valueName":"search_term_string"}}],"inLanguage":"et"},{"@type":"Organization","@id":"https:\/\/equidash.eu\/#organization","name":"EquiDash","alternateName":"EquiDash","url":"https:\/\/equidash.eu\/","logo":{"@type":"ImageObject","inLanguage":"et","@id":"https:\/\/equidash.eu\/#\/schema\/logo\/image\/","url":"https:\/\/equidash.eu\/wp-content\/uploads\/2024\/09\/EQUIDASH_Logo_Raud-1.png","contentUrl":"https:\/\/equidash.eu\/wp-content\/uploads\/2024\/09\/EQUIDASH_Logo_Raud-1.png","width":393,"height":422,"caption":"EquiDash"},"image":{"@id":"https:\/\/equidash.eu\/#\/schema\/logo\/image\/"},"sameAs":["https:\/\/www.facebook.com\/people\/EquiDash\/61560864479586\/","https:\/\/www.instagram.com\/equidash.eshop\/"],"email":"info@equidash.eu","telephone":"+372 59007334","legalName":"Takian Corporation O\u00dc","foundingDate":"2020-10-21","vatID":"EE102301283","numberOfEmployees":{"@type":"QuantitativeValue","minValue":"1","maxValue":"10"},"hasMerchantReturnPolicy":{"@type":"MerchantReturnPolicy","merchantReturnLink":"https:\/\/equidash.eu\/et\/return-privacy\/"}}]},"product_brand":"HV Polo","og_availability":"backorder","product_availability":"available for order","product_condition":"new"},"_links":{"self":[{"href":"https:\/\/equidash.eu\/et\/wp-json\/wp\/v2\/product\/261","targetHints":{"allow":["GET"]}}],"collection":[{"href":"https:\/\/equidash.eu\/et\/wp-json\/wp\/v2\/product"}],"about":[{"href":"https:\/\/equidash.eu\/et\/wp-json\/wp\/v2\/types\/product"}],"wp:featuredmedia":[{"embeddable":true,"href":"https:\/\/equidash.eu\/et\/wp-json\/wp\/v2\/media\/870"}],"wp:attachment":[{"href":"https:\/\/equidash.eu\/et\/wp-json\/wp\/v2\/media?parent=261"}],"wp:term":[{"taxonomy":"product_brand","embeddable":true,"href":"https:\/\/equidash.eu\/et\/wp-json\/wp\/v2\/product_brand?post=261"},{"taxonomy":"product_cat","embeddable":true,"href":"https:\/\/equidash.eu\/et\/wp-json\/wp\/v2\/product_cat?post=261"},{"taxonomy":"product_tag","embeddable":true,"href":"https:\/\/equidash.eu\/et\/wp-json\/wp\/v2\/product_tag?post=261"}],"curies":[{"name":"wp","href":"https:\/\/api.w.org\/{rel}","templated":true}]}}