{"id":2615,"date":"2025-01-14T13:38:17","date_gmt":"2025-01-14T11:38:17","guid":{"rendered":"https:\/\/equidash.eu\/?post_type=product&#038;p=2615"},"modified":"2025-10-03T12:28:10","modified_gmt":"2025-10-03T10:28:10","slug":"imima-lick-block-bronchial","status":"publish","type":"product","link":"https:\/\/equidash.eu\/et\/shop\/horse\/imima-lick-block-bronchial\/","title":{"rendered":"Imima lakukivi Bronchial hingamisteedele"},"content":{"rendered":"<p>Imima lakukivi Bronchial hingamisteedele on multivitamiine ja mineraale sisaldav lakukivi piparm\u00fcndi ja eukal\u00fcpti eeterlike \u00f5lidega, mis aitavad leevendada hingamisteede probleeme.<\/p>\n<p>Paljud hobused kannatavad hingamisteede probleemide all, eriti k\u00fclma ja niiske ilmaga. Sellistel aegadel v\u00f5ib immuuns\u00fcsteem n\u00f5rgeneda. Lakukivi BRONCHIALi eriline koostisosade kombinatsioon v\u00f5ib pakkuda tuge. Piparm\u00fcngi ja eukal\u00fcpti eeterlikud \u00f5lid toetavad ja puhastavad hingamisteid ning v\u00e4hendab limaskestade turset,  pakkudes hingamisteedele rahustavat toimet.<\/p>\n<p>Rikkalik mineraalide, mikroelementide ja vitamiinide kombinatsioon tugevdab immuuns\u00fcsteemi.<\/p>\n<p>M\u00f5ju ja eelised:<\/p>\n<ul>\n<li>Rahustav toime hingamisteedele<\/li>\n<li>Aitab v\u00e4hendada limaskesta turset<\/li>\n<li>Tugevdab immuuns\u00fcsteemi<\/li>\n<li>Toetab tervist ja parandab f\u00fc\u00fcsilist vormi<\/li>\n<li>Sobib p\u00fcsivaks s\u00f6\u00f6tmiseks<\/li>\n<\/ul>\n<p><strong>Analytical constituents:<\/strong><\/p>\n<p>37,5% sodium, 1,10% calcium, 0,32% magnesium, 0,27% phosphor<\/p>\n<p><strong>Materjal:\u00a0<\/strong><\/p>\n<p>Sodium chloride, calcium carbonate, magnesium oxide, dicalcium phosphate, essential oils from mint and eucalyptus, molasse<\/p>\n<p><strong>Additives per kg:<\/strong><\/p>\n<p>830mg iron as iron carbonate II, 245mg manganese as manganese-II-oxide, 760mg zinc as zinc oxide, 40mg iodine as granulated calcium iodine (coated, anhydrous), 7mg cobalt as granulated cobalt-II-carbonate, 225mg copper as copper-II-sulphate pentahydrate, 9mg selenium as sodium selenite (E8), 13.350 IU vitamin A, 2.230 IU vitamin D3, 19mg vitamin E.<\/p>\n<p>Manufacturer: S.I.N. HELLAS (brand Imima)<br data-start=\"41\" data-end=\"44\" \/>Country of origin: Greece<\/p>\n<p><iframe loading=\"lazy\" title=\"Lick Blocks of IMIMA &amp; SinHellas \/ concept of a lick-block bar\" width=\"1020\" height=\"574\" src=\"https:\/\/www.youtube.com\/embed\/LwpCBaa6xPM?feature=oembed&#038;enablejsapi=1&#038;origin=https:\/\/equidash.eu\" frameborder=\"0\" allow=\"accelerometer; autoplay; clipboard-write; encrypted-media; gyroscope; picture-in-picture; web-share\" referrerpolicy=\"strict-origin-when-cross-origin\" allowfullscreen><\/iframe><\/p>","protected":false},"excerpt":{"rendered":"<p>Imima Lick block Bronchial is Mineral lick with natural essential oils from mint and eucalyptus. MultiVitamin BRONCHIAL mineral lick contains minerals, trace elements, and vitamins. It also includes natural essential oils of mint and eucalyptus, which help soothe and relieve respiratory problems. Many horses suffer from respiratory issues, especially during cold and wet weather. During [&#8230;]\n","protected":false},"featured_media":2619,"template":"","meta":{"_acf_changed":false,"_joinchat":[]},"product_brand":[518],"product_cat":[27,251,15,405],"product_tag":[467,466,465],"class_list":{"0":"post-2615","1":"product","2":"type-product","3":"status-publish","4":"has-post-thumbnail","6":"product_brand-imima","7":"product_cat-horse","8":"product_cat-horse-feed-nutrition","9":"product_cat-sales","10":"product_cat-supplements","11":"product_tag-bronchial","12":"product_tag-imima","13":"product_tag-licking-block","14":"pa_size-3-kg","16":"first","17":"onbackorder","18":"sale","19":"taxable","20":"shipping-taxable","21":"purchasable","22":"product-type-variable"},"acf":[],"yoast_head":"<!-- This site is optimized with the Yoast SEO Premium plugin v26.2 (Yoast SEO v27.2) - https:\/\/yoast.com\/product\/yoast-seo-premium-wordpress\/ -->\n<title>Imima Lick block Bronchial | Parima hinnaga ratsavarustuse e-pood<\/title>\n<meta name=\"description\" content=\"Imima Lick block Bronchial - Lakukivi Bronchial hingamisteedele. Looduslike eeterlike \u00f5lidega hingamisprobleemide rahustamiseks ja leevendamiseks.\" \/>\n<meta name=\"robots\" content=\"index, follow, max-snippet:-1, max-image-preview:large, max-video-preview:-1\" \/>\n<link rel=\"canonical\" href=\"https:\/\/equidash.eu\/et\/shop\/hobune\/imima-lick-block-bronchial\/\" \/>\n<meta property=\"og:locale\" content=\"et_EE\" \/>\n<meta property=\"og:type\" content=\"article\" \/>\n<meta property=\"og:title\" content=\"Imima Lick block Bronchial\" \/>\n<meta property=\"og:description\" content=\"Imima Lick block Bronchial - Lakukivi Bronchial hingamisteedele. Looduslike eeterlike \u00f5lidega hingamisprobleemide rahustamiseks ja leevendamiseks.\" \/>\n<meta property=\"og:url\" content=\"https:\/\/equidash.eu\/et\/shop\/hobune\/imima-lick-block-bronchial\/\" \/>\n<meta property=\"og:site_name\" content=\"Parima hinnaga ratsavarustuse e-pood\" \/>\n<meta property=\"article:publisher\" content=\"https:\/\/www.facebook.com\/people\/EquiDash\/61560864479586\/\" \/>\n<meta property=\"article:modified_time\" content=\"2025-10-03T10:28:10+00:00\" \/>\n<meta property=\"og:image\" content=\"https:\/\/equidash.eu\/wp-content\/uploads\/2025\/01\/Imima_Lick_block_Bronchial_3kg.png\" \/>\n\t<meta property=\"og:image:width\" content=\"1080\" \/>\n\t<meta property=\"og:image:height\" content=\"1080\" \/>\n\t<meta property=\"og:image:type\" content=\"image\/png\" \/>\n<meta name=\"twitter:card\" content=\"summary_large_image\" \/>\n<meta name=\"twitter:label1\" content=\"Availability\" \/>\n\t<meta name=\"twitter:data1\" content=\"On backorder\" \/>\n<script type=\"application\/ld+json\" class=\"yoast-schema-graph\">{\"@context\":\"https:\/\/schema.org\",\"@graph\":[{\"@type\":\"WebPage\",\"@id\":\"https:\/\/equidash.eu\/shop\/horse\/imima-lick-block-bronchial\/\",\"url\":\"https:\/\/equidash.eu\/shop\/horse\/imima-lick-block-bronchial\/\",\"name\":\"Imima Lick block Bronchial | Parima hinnaga ratsavarustuse e-pood\",\"isPartOf\":{\"@id\":\"https:\/\/equidash.eu\/#website\"},\"primaryImageOfPage\":{\"@id\":\"https:\/\/equidash.eu\/shop\/horse\/imima-lick-block-bronchial\/#primaryimage\"},\"image\":{\"@id\":\"https:\/\/equidash.eu\/shop\/horse\/imima-lick-block-bronchial\/#primaryimage\"},\"thumbnailUrl\":\"https:\/\/equidash.eu\/wp-content\/uploads\/2025\/01\/Imima_Lick_block_Bronchial_3kg.png\",\"datePublished\":\"2025-01-14T11:38:17+00:00\",\"dateModified\":\"2025-10-03T10:28:10+00:00\",\"description\":\"Imima Lick block Bronchial - Lakukivi Bronchial hingamisteedele. Looduslike eeterlike \u00f5lidega hingamisprobleemide rahustamiseks ja leevendamiseks.\",\"breadcrumb\":{\"@id\":\"https:\/\/equidash.eu\/shop\/horse\/imima-lick-block-bronchial\/#breadcrumb\"},\"inLanguage\":\"et\",\"potentialAction\":[{\"@type\":\"ReadAction\",\"target\":[\"https:\/\/equidash.eu\/shop\/horse\/imima-lick-block-bronchial\/\"]}]},{\"@type\":\"ImageObject\",\"inLanguage\":\"et\",\"@id\":\"https:\/\/equidash.eu\/shop\/horse\/imima-lick-block-bronchial\/#primaryimage\",\"url\":\"https:\/\/equidash.eu\/wp-content\/uploads\/2025\/01\/Imima_Lick_block_Bronchial_3kg.png\",\"contentUrl\":\"https:\/\/equidash.eu\/wp-content\/uploads\/2025\/01\/Imima_Lick_block_Bronchial_3kg.png\",\"width\":1080,\"height\":1080,\"caption\":\"Lakukivi Bronchial \u2013 hingamisteedele piparm\u00fcndi ja eukal\u00fcpti \u00f5lidega.\"},{\"@type\":\"BreadcrumbList\",\"@id\":\"https:\/\/equidash.eu\/shop\/horse\/imima-lick-block-bronchial\/#breadcrumb\",\"itemListElement\":[{\"@type\":\"ListItem\",\"position\":1,\"name\":\"Home\",\"item\":\"https:\/\/equidash.eu\/\"},{\"@type\":\"ListItem\",\"position\":2,\"name\":\"Shop\",\"item\":\"https:\/\/equidash.eu\/shop\/\"},{\"@type\":\"ListItem\",\"position\":3,\"name\":\"Imima Lick block Bronchial\"}]},{\"@type\":\"WebSite\",\"@id\":\"https:\/\/equidash.eu\/#website\",\"url\":\"https:\/\/equidash.eu\/\",\"name\":\"EquiDash\",\"description\":\"Horse Riding Equipment and Accessories\",\"publisher\":{\"@id\":\"https:\/\/equidash.eu\/#organization\"},\"alternateName\":\"EquiDash\",\"potentialAction\":[{\"@type\":\"SearchAction\",\"target\":{\"@type\":\"EntryPoint\",\"urlTemplate\":\"https:\/\/equidash.eu\/?s={search_term_string}\"},\"query-input\":{\"@type\":\"PropertyValueSpecification\",\"valueRequired\":true,\"valueName\":\"search_term_string\"}}],\"inLanguage\":\"et\"},{\"@type\":\"Organization\",\"@id\":\"https:\/\/equidash.eu\/#organization\",\"name\":\"EquiDash\",\"alternateName\":\"EquiDash\",\"url\":\"https:\/\/equidash.eu\/\",\"logo\":{\"@type\":\"ImageObject\",\"inLanguage\":\"et\",\"@id\":\"https:\/\/equidash.eu\/#\/schema\/logo\/image\/\",\"url\":\"https:\/\/equidash.eu\/wp-content\/uploads\/2024\/09\/EQUIDASH_Logo_Raud-1.png\",\"contentUrl\":\"https:\/\/equidash.eu\/wp-content\/uploads\/2024\/09\/EQUIDASH_Logo_Raud-1.png\",\"width\":393,\"height\":422,\"caption\":\"EquiDash\"},\"image\":{\"@id\":\"https:\/\/equidash.eu\/#\/schema\/logo\/image\/\"},\"sameAs\":[\"https:\/\/www.facebook.com\/people\/EquiDash\/61560864479586\/\",\"https:\/\/www.instagram.com\/equidash.eshop\/\"],\"email\":\"info@equidash.eu\",\"telephone\":\"+372 59007334\",\"legalName\":\"Takian Corporation O\u00dc\",\"foundingDate\":\"2020-10-21\",\"vatID\":\"EE102301283\",\"numberOfEmployees\":{\"@type\":\"QuantitativeValue\",\"minValue\":\"1\",\"maxValue\":\"10\"},\"hasMerchantReturnPolicy\":{\"@type\":\"MerchantReturnPolicy\",\"merchantReturnLink\":\"https:\/\/equidash.eu\/et\/return-privacy\/\"}}]}<\/script>\n<meta property=\"product:brand\" content=\"Imima\" \/>\n<meta property=\"og:availability\" content=\"backorder\" \/>\n<meta property=\"product:availability\" content=\"available for order\" \/>\n<meta property=\"product:condition\" content=\"new\" \/>\n<!-- \/ Yoast SEO Premium plugin. -->","yoast_head_json":{"title":"Imima Lick block Bronchial | Parima hinnaga ratsavarustuse e-pood","description":"Imima Lick block Bronchial - Lakukivi Bronchial hingamisteedele. Looduslike eeterlike \u00f5lidega hingamisprobleemide rahustamiseks ja leevendamiseks.","robots":{"index":"index","follow":"follow","max-snippet":"max-snippet:-1","max-image-preview":"max-image-preview:large","max-video-preview":"max-video-preview:-1"},"canonical":"https:\/\/equidash.eu\/et\/shop\/hobune\/imima-lick-block-bronchial\/","og_locale":"et_EE","og_type":"article","og_title":"Imima Lick block Bronchial","og_description":"Imima Lick block Bronchial - Lakukivi Bronchial hingamisteedele. Looduslike eeterlike \u00f5lidega hingamisprobleemide rahustamiseks ja leevendamiseks.","og_url":"https:\/\/equidash.eu\/et\/shop\/hobune\/imima-lick-block-bronchial\/","og_site_name":"Parima hinnaga ratsavarustuse e-pood","article_publisher":"https:\/\/www.facebook.com\/people\/EquiDash\/61560864479586\/","article_modified_time":"2025-10-03T10:28:10+00:00","og_image":[{"width":1080,"height":1080,"url":"https:\/\/equidash.eu\/wp-content\/uploads\/2025\/01\/Imima_Lick_block_Bronchial_3kg.png","type":"image\/png"}],"twitter_card":"summary_large_image","twitter_misc":{"Availability":"On backorder"},"schema":{"@context":"https:\/\/schema.org","@graph":[{"@type":"WebPage","@id":"https:\/\/equidash.eu\/shop\/horse\/imima-lick-block-bronchial\/","url":"https:\/\/equidash.eu\/shop\/horse\/imima-lick-block-bronchial\/","name":"Imima Lick block Bronchial | Parima hinnaga ratsavarustuse e-pood","isPartOf":{"@id":"https:\/\/equidash.eu\/#website"},"primaryImageOfPage":{"@id":"https:\/\/equidash.eu\/shop\/horse\/imima-lick-block-bronchial\/#primaryimage"},"image":{"@id":"https:\/\/equidash.eu\/shop\/horse\/imima-lick-block-bronchial\/#primaryimage"},"thumbnailUrl":"https:\/\/equidash.eu\/wp-content\/uploads\/2025\/01\/Imima_Lick_block_Bronchial_3kg.png","datePublished":"2025-01-14T11:38:17+00:00","dateModified":"2025-10-03T10:28:10+00:00","description":"Imima Lick block Bronchial - Lakukivi Bronchial hingamisteedele. Looduslike eeterlike \u00f5lidega hingamisprobleemide rahustamiseks ja leevendamiseks.","breadcrumb":{"@id":"https:\/\/equidash.eu\/shop\/horse\/imima-lick-block-bronchial\/#breadcrumb"},"inLanguage":"et","potentialAction":[{"@type":"ReadAction","target":["https:\/\/equidash.eu\/shop\/horse\/imima-lick-block-bronchial\/"]}]},{"@type":"ImageObject","inLanguage":"et","@id":"https:\/\/equidash.eu\/shop\/horse\/imima-lick-block-bronchial\/#primaryimage","url":"https:\/\/equidash.eu\/wp-content\/uploads\/2025\/01\/Imima_Lick_block_Bronchial_3kg.png","contentUrl":"https:\/\/equidash.eu\/wp-content\/uploads\/2025\/01\/Imima_Lick_block_Bronchial_3kg.png","width":1080,"height":1080,"caption":"Lakukivi Bronchial \u2013 hingamisteedele piparm\u00fcndi ja eukal\u00fcpti \u00f5lidega."},{"@type":"BreadcrumbList","@id":"https:\/\/equidash.eu\/shop\/horse\/imima-lick-block-bronchial\/#breadcrumb","itemListElement":[{"@type":"ListItem","position":1,"name":"Home","item":"https:\/\/equidash.eu\/"},{"@type":"ListItem","position":2,"name":"Shop","item":"https:\/\/equidash.eu\/shop\/"},{"@type":"ListItem","position":3,"name":"Imima Lick block Bronchial"}]},{"@type":"WebSite","@id":"https:\/\/equidash.eu\/#website","url":"https:\/\/equidash.eu\/","name":"EquiDash","description":"Horse Riding Equipment and Accessories","publisher":{"@id":"https:\/\/equidash.eu\/#organization"},"alternateName":"EquiDash","potentialAction":[{"@type":"SearchAction","target":{"@type":"EntryPoint","urlTemplate":"https:\/\/equidash.eu\/?s={search_term_string}"},"query-input":{"@type":"PropertyValueSpecification","valueRequired":true,"valueName":"search_term_string"}}],"inLanguage":"et"},{"@type":"Organization","@id":"https:\/\/equidash.eu\/#organization","name":"EquiDash","alternateName":"EquiDash","url":"https:\/\/equidash.eu\/","logo":{"@type":"ImageObject","inLanguage":"et","@id":"https:\/\/equidash.eu\/#\/schema\/logo\/image\/","url":"https:\/\/equidash.eu\/wp-content\/uploads\/2024\/09\/EQUIDASH_Logo_Raud-1.png","contentUrl":"https:\/\/equidash.eu\/wp-content\/uploads\/2024\/09\/EQUIDASH_Logo_Raud-1.png","width":393,"height":422,"caption":"EquiDash"},"image":{"@id":"https:\/\/equidash.eu\/#\/schema\/logo\/image\/"},"sameAs":["https:\/\/www.facebook.com\/people\/EquiDash\/61560864479586\/","https:\/\/www.instagram.com\/equidash.eshop\/"],"email":"info@equidash.eu","telephone":"+372 59007334","legalName":"Takian Corporation O\u00dc","foundingDate":"2020-10-21","vatID":"EE102301283","numberOfEmployees":{"@type":"QuantitativeValue","minValue":"1","maxValue":"10"},"hasMerchantReturnPolicy":{"@type":"MerchantReturnPolicy","merchantReturnLink":"https:\/\/equidash.eu\/et\/return-privacy\/"}}]},"product_brand":"Imima","og_availability":"backorder","product_availability":"available for order","product_condition":"new"},"_links":{"self":[{"href":"https:\/\/equidash.eu\/et\/wp-json\/wp\/v2\/product\/2615","targetHints":{"allow":["GET"]}}],"collection":[{"href":"https:\/\/equidash.eu\/et\/wp-json\/wp\/v2\/product"}],"about":[{"href":"https:\/\/equidash.eu\/et\/wp-json\/wp\/v2\/types\/product"}],"wp:featuredmedia":[{"embeddable":true,"href":"https:\/\/equidash.eu\/et\/wp-json\/wp\/v2\/media\/2619"}],"wp:attachment":[{"href":"https:\/\/equidash.eu\/et\/wp-json\/wp\/v2\/media?parent=2615"}],"wp:term":[{"taxonomy":"product_brand","embeddable":true,"href":"https:\/\/equidash.eu\/et\/wp-json\/wp\/v2\/product_brand?post=2615"},{"taxonomy":"product_cat","embeddable":true,"href":"https:\/\/equidash.eu\/et\/wp-json\/wp\/v2\/product_cat?post=2615"},{"taxonomy":"product_tag","embeddable":true,"href":"https:\/\/equidash.eu\/et\/wp-json\/wp\/v2\/product_tag?post=2615"}],"curies":[{"name":"wp","href":"https:\/\/api.w.org\/{rel}","templated":true}]}}