{"id":2629,"date":"2025-01-14T15:14:58","date_gmt":"2025-01-14T13:14:58","guid":{"rendered":"https:\/\/equidash.eu\/?post_type=product&#038;p=2629"},"modified":"2025-10-03T12:38:02","modified_gmt":"2025-10-03T10:38:02","slug":"imima-lick-block-mediterrano","status":"publish","type":"product","link":"https:\/\/equidash.eu\/et\/shop\/horse\/imima-lick-block-mediterrano\/","title":{"rendered":"Imima meresoola lakukivi Mediterrano"},"content":{"rendered":"<p>Imima meresoola lakukivi  Mediterrano kasutab looduslikku Vahemere meresoola. Sool on k\u00f5ige olulisem mineraal hobuste, veiste, lammaste ja kitsede jaoks. Rohu ja heina looduslik soolasisaldus ei rahulda loomade vajadusi.<\/p>\n<p>Sool on loomade n\u00e4rvi- ja lihass\u00fcsteemide jaoks \u00e4\u00e4rmiselt oluline. Esiteks reguleerib sool kudede vee imendumist ja seega vedeliku tasakaalu kehas, ennetades deh\u00fcdratsiooni, mis omakorda v\u00e4hendab koolikute riski. Teiseks on sool vajalik ka gl\u00fckoosi transportimiseks rakumembraanide vahel. Puudus p\u00f5hjustaks v\u00e4simust, lihaste n\u00f5rkust ja j\u00f5udluse langust.<\/p>\n<p>Loomadel on looduslik v\u00f5ime tunda oma soolavajadust ja MEDITERRANEO lakukivi abil saavad nad end vastavalt oma individuaalsetele vajadustele t\u00e4iendama.<\/p>\n<p class=\"p1\"><strong>Analytical ingredients: <\/strong>39% sodium (Na)<\/p>\n<p class=\"p1\"><strong>Materjal: <\/strong>sodium chloride<\/p>\n<p class=\"p1\">MEDITERRANEO salt lick can be used in an ecological production according to EG-organic farming regulation 889\/2008 + 848\/2018 VO (EG)<\/p>\n<p>Manufacturer: S.I.N. HELLAS (brand Imima)<br data-start=\"41\" data-end=\"44\" \/>Country of origin: Greece<\/p>","protected":false},"excerpt":{"rendered":"<p>Imima Lick Block Mediterrano uses natural Mediterranean Sea salt.\u00a0Salt is the most important mineral for horses, cattle, sheep and goats. The natural salt content of grass and hay does not satisfy the needs of the animals. Mediterrano lick provides high-quality, natural sea salt in food grade quality to the animals. Salt is instrumentally important for [&#8230;]\n","protected":false},"featured_media":2631,"template":"","meta":{"_acf_changed":false,"_joinchat":[]},"product_brand":[518],"product_cat":[27,251,405],"product_tag":[466,465,470],"class_list":{"0":"post-2629","1":"product","2":"type-product","3":"status-publish","4":"has-post-thumbnail","6":"product_brand-imima","7":"product_cat-horse","8":"product_cat-horse-feed-nutrition","9":"product_cat-supplements","10":"product_tag-imima","11":"product_tag-licking-block","12":"product_tag-salt","13":"pa_size-3-kg","15":"first","16":"onbackorder","17":"taxable","18":"shipping-taxable","19":"purchasable","20":"product-type-variable","21":"has-default-attributes"},"acf":[],"yoast_head":"<!-- This site is optimized with the Yoast SEO Premium plugin v26.2 (Yoast SEO v27.2) - https:\/\/yoast.com\/product\/yoast-seo-premium-wordpress\/ -->\n<title>Imima Lick block Mediterrano | Parima hinnaga ratsavarustuse e-pood<\/title>\n<meta name=\"description\" content=\"Imima Lick block Mediterrano | Meresoola lakukivi Mediterrano kasutab looduslikku Vahemere meresoola. Sool on k\u00f5ige olulisem mineraal!\" \/>\n<meta name=\"robots\" content=\"index, follow, max-snippet:-1, max-image-preview:large, max-video-preview:-1\" \/>\n<link rel=\"canonical\" href=\"https:\/\/equidash.eu\/et\/shop\/hobune\/imima-lick-block-mediterrano\/\" \/>\n<meta property=\"og:locale\" content=\"et_EE\" \/>\n<meta property=\"og:type\" content=\"article\" \/>\n<meta property=\"og:title\" content=\"Imima Lick block Mediterrano\" \/>\n<meta property=\"og:description\" content=\"Imima Lick block Mediterrano | Meresoola lakukivi Mediterrano kasutab looduslikku Vahemere meresoola. Sool on k\u00f5ige olulisem mineraal!\" \/>\n<meta property=\"og:url\" content=\"https:\/\/equidash.eu\/et\/shop\/hobune\/imima-lick-block-mediterrano\/\" \/>\n<meta property=\"og:site_name\" content=\"Parima hinnaga ratsavarustuse e-pood\" \/>\n<meta property=\"article:publisher\" content=\"https:\/\/www.facebook.com\/people\/EquiDash\/61560864479586\/\" \/>\n<meta property=\"article:modified_time\" content=\"2025-10-03T10:38:02+00:00\" \/>\n<meta property=\"og:image\" content=\"https:\/\/equidash.eu\/wp-content\/uploads\/2025\/01\/Lami-Cell_Imima_Lick_block_Bronchial_3kg.png\" \/>\n\t<meta property=\"og:image:width\" content=\"1080\" \/>\n\t<meta property=\"og:image:height\" content=\"1080\" \/>\n\t<meta property=\"og:image:type\" content=\"image\/png\" \/>\n<meta name=\"twitter:card\" content=\"summary_large_image\" \/>\n<meta name=\"twitter:label1\" content=\"Availability\" \/>\n\t<meta name=\"twitter:data1\" content=\"On backorder\" \/>\n<script type=\"application\/ld+json\" class=\"yoast-schema-graph\">{\"@context\":\"https:\/\/schema.org\",\"@graph\":[{\"@type\":\"WebPage\",\"@id\":\"https:\/\/equidash.eu\/shop\/horse\/imima-lick-block-mediterrano\/\",\"url\":\"https:\/\/equidash.eu\/shop\/horse\/imima-lick-block-mediterrano\/\",\"name\":\"Imima Lick block Mediterrano | Parima hinnaga ratsavarustuse e-pood\",\"isPartOf\":{\"@id\":\"https:\/\/equidash.eu\/#website\"},\"primaryImageOfPage\":{\"@id\":\"https:\/\/equidash.eu\/shop\/horse\/imima-lick-block-mediterrano\/#primaryimage\"},\"image\":{\"@id\":\"https:\/\/equidash.eu\/shop\/horse\/imima-lick-block-mediterrano\/#primaryimage\"},\"thumbnailUrl\":\"https:\/\/equidash.eu\/wp-content\/uploads\/2025\/01\/Lami-Cell_Imima_Lick_block_Bronchial_3kg.png\",\"datePublished\":\"2025-01-14T13:14:58+00:00\",\"dateModified\":\"2025-10-03T10:38:02+00:00\",\"description\":\"Imima Lick block Mediterrano | Meresoola lakukivi Mediterrano kasutab looduslikku Vahemere meresoola. Sool on k\u00f5ige olulisem mineraal!\",\"breadcrumb\":{\"@id\":\"https:\/\/equidash.eu\/shop\/horse\/imima-lick-block-mediterrano\/#breadcrumb\"},\"inLanguage\":\"et\",\"potentialAction\":[{\"@type\":\"ReadAction\",\"target\":[\"https:\/\/equidash.eu\/shop\/horse\/imima-lick-block-mediterrano\/\"]}]},{\"@type\":\"ImageObject\",\"inLanguage\":\"et\",\"@id\":\"https:\/\/equidash.eu\/shop\/horse\/imima-lick-block-mediterrano\/#primaryimage\",\"url\":\"https:\/\/equidash.eu\/wp-content\/uploads\/2025\/01\/Lami-Cell_Imima_Lick_block_Bronchial_3kg.png\",\"contentUrl\":\"https:\/\/equidash.eu\/wp-content\/uploads\/2025\/01\/Lami-Cell_Imima_Lick_block_Bronchial_3kg.png\",\"width\":1080,\"height\":1080,\"caption\":\"Imima meresoola lakukivi Mediterrano \u2013 kvaliteetne looduslik meresool loomadele.\"},{\"@type\":\"BreadcrumbList\",\"@id\":\"https:\/\/equidash.eu\/shop\/horse\/imima-lick-block-mediterrano\/#breadcrumb\",\"itemListElement\":[{\"@type\":\"ListItem\",\"position\":1,\"name\":\"Home\",\"item\":\"https:\/\/equidash.eu\/\"},{\"@type\":\"ListItem\",\"position\":2,\"name\":\"Shop\",\"item\":\"https:\/\/equidash.eu\/shop\/\"},{\"@type\":\"ListItem\",\"position\":3,\"name\":\"Imima Lick block Mediterrano\"}]},{\"@type\":\"WebSite\",\"@id\":\"https:\/\/equidash.eu\/#website\",\"url\":\"https:\/\/equidash.eu\/\",\"name\":\"EquiDash\",\"description\":\"Horse Riding Equipment and Accessories\",\"publisher\":{\"@id\":\"https:\/\/equidash.eu\/#organization\"},\"alternateName\":\"EquiDash\",\"potentialAction\":[{\"@type\":\"SearchAction\",\"target\":{\"@type\":\"EntryPoint\",\"urlTemplate\":\"https:\/\/equidash.eu\/?s={search_term_string}\"},\"query-input\":{\"@type\":\"PropertyValueSpecification\",\"valueRequired\":true,\"valueName\":\"search_term_string\"}}],\"inLanguage\":\"et\"},{\"@type\":\"Organization\",\"@id\":\"https:\/\/equidash.eu\/#organization\",\"name\":\"EquiDash\",\"alternateName\":\"EquiDash\",\"url\":\"https:\/\/equidash.eu\/\",\"logo\":{\"@type\":\"ImageObject\",\"inLanguage\":\"et\",\"@id\":\"https:\/\/equidash.eu\/#\/schema\/logo\/image\/\",\"url\":\"https:\/\/equidash.eu\/wp-content\/uploads\/2024\/09\/EQUIDASH_Logo_Raud-1.png\",\"contentUrl\":\"https:\/\/equidash.eu\/wp-content\/uploads\/2024\/09\/EQUIDASH_Logo_Raud-1.png\",\"width\":393,\"height\":422,\"caption\":\"EquiDash\"},\"image\":{\"@id\":\"https:\/\/equidash.eu\/#\/schema\/logo\/image\/\"},\"sameAs\":[\"https:\/\/www.facebook.com\/people\/EquiDash\/61560864479586\/\",\"https:\/\/www.instagram.com\/equidash.eshop\/\"],\"email\":\"info@equidash.eu\",\"telephone\":\"+372 59007334\",\"legalName\":\"Takian Corporation O\u00dc\",\"foundingDate\":\"2020-10-21\",\"vatID\":\"EE102301283\",\"numberOfEmployees\":{\"@type\":\"QuantitativeValue\",\"minValue\":\"1\",\"maxValue\":\"10\"},\"hasMerchantReturnPolicy\":{\"@type\":\"MerchantReturnPolicy\",\"merchantReturnLink\":\"https:\/\/equidash.eu\/et\/return-privacy\/\"}}]}<\/script>\n<meta property=\"product:brand\" content=\"Imima\" \/>\n<meta property=\"og:availability\" content=\"backorder\" \/>\n<meta property=\"product:availability\" content=\"available for order\" \/>\n<meta property=\"product:condition\" content=\"new\" \/>\n<!-- \/ Yoast SEO Premium plugin. -->","yoast_head_json":{"title":"Imima Lick block Mediterrano | Parima hinnaga ratsavarustuse e-pood","description":"Imima Lick block Mediterrano | Meresoola lakukivi Mediterrano kasutab looduslikku Vahemere meresoola. Sool on k\u00f5ige olulisem mineraal!","robots":{"index":"index","follow":"follow","max-snippet":"max-snippet:-1","max-image-preview":"max-image-preview:large","max-video-preview":"max-video-preview:-1"},"canonical":"https:\/\/equidash.eu\/et\/shop\/hobune\/imima-lick-block-mediterrano\/","og_locale":"et_EE","og_type":"article","og_title":"Imima Lick block Mediterrano","og_description":"Imima Lick block Mediterrano | Meresoola lakukivi Mediterrano kasutab looduslikku Vahemere meresoola. Sool on k\u00f5ige olulisem mineraal!","og_url":"https:\/\/equidash.eu\/et\/shop\/hobune\/imima-lick-block-mediterrano\/","og_site_name":"Parima hinnaga ratsavarustuse e-pood","article_publisher":"https:\/\/www.facebook.com\/people\/EquiDash\/61560864479586\/","article_modified_time":"2025-10-03T10:38:02+00:00","og_image":[{"width":1080,"height":1080,"url":"https:\/\/equidash.eu\/wp-content\/uploads\/2025\/01\/Lami-Cell_Imima_Lick_block_Bronchial_3kg.png","type":"image\/png"}],"twitter_card":"summary_large_image","twitter_misc":{"Availability":"On backorder"},"schema":{"@context":"https:\/\/schema.org","@graph":[{"@type":"WebPage","@id":"https:\/\/equidash.eu\/shop\/horse\/imima-lick-block-mediterrano\/","url":"https:\/\/equidash.eu\/shop\/horse\/imima-lick-block-mediterrano\/","name":"Imima Lick block Mediterrano | Parima hinnaga ratsavarustuse e-pood","isPartOf":{"@id":"https:\/\/equidash.eu\/#website"},"primaryImageOfPage":{"@id":"https:\/\/equidash.eu\/shop\/horse\/imima-lick-block-mediterrano\/#primaryimage"},"image":{"@id":"https:\/\/equidash.eu\/shop\/horse\/imima-lick-block-mediterrano\/#primaryimage"},"thumbnailUrl":"https:\/\/equidash.eu\/wp-content\/uploads\/2025\/01\/Lami-Cell_Imima_Lick_block_Bronchial_3kg.png","datePublished":"2025-01-14T13:14:58+00:00","dateModified":"2025-10-03T10:38:02+00:00","description":"Imima Lick block Mediterrano | Meresoola lakukivi Mediterrano kasutab looduslikku Vahemere meresoola. Sool on k\u00f5ige olulisem mineraal!","breadcrumb":{"@id":"https:\/\/equidash.eu\/shop\/horse\/imima-lick-block-mediterrano\/#breadcrumb"},"inLanguage":"et","potentialAction":[{"@type":"ReadAction","target":["https:\/\/equidash.eu\/shop\/horse\/imima-lick-block-mediterrano\/"]}]},{"@type":"ImageObject","inLanguage":"et","@id":"https:\/\/equidash.eu\/shop\/horse\/imima-lick-block-mediterrano\/#primaryimage","url":"https:\/\/equidash.eu\/wp-content\/uploads\/2025\/01\/Lami-Cell_Imima_Lick_block_Bronchial_3kg.png","contentUrl":"https:\/\/equidash.eu\/wp-content\/uploads\/2025\/01\/Lami-Cell_Imima_Lick_block_Bronchial_3kg.png","width":1080,"height":1080,"caption":"Imima meresoola lakukivi Mediterrano \u2013 kvaliteetne looduslik meresool loomadele."},{"@type":"BreadcrumbList","@id":"https:\/\/equidash.eu\/shop\/horse\/imima-lick-block-mediterrano\/#breadcrumb","itemListElement":[{"@type":"ListItem","position":1,"name":"Home","item":"https:\/\/equidash.eu\/"},{"@type":"ListItem","position":2,"name":"Shop","item":"https:\/\/equidash.eu\/shop\/"},{"@type":"ListItem","position":3,"name":"Imima Lick block Mediterrano"}]},{"@type":"WebSite","@id":"https:\/\/equidash.eu\/#website","url":"https:\/\/equidash.eu\/","name":"EquiDash","description":"Horse Riding Equipment and Accessories","publisher":{"@id":"https:\/\/equidash.eu\/#organization"},"alternateName":"EquiDash","potentialAction":[{"@type":"SearchAction","target":{"@type":"EntryPoint","urlTemplate":"https:\/\/equidash.eu\/?s={search_term_string}"},"query-input":{"@type":"PropertyValueSpecification","valueRequired":true,"valueName":"search_term_string"}}],"inLanguage":"et"},{"@type":"Organization","@id":"https:\/\/equidash.eu\/#organization","name":"EquiDash","alternateName":"EquiDash","url":"https:\/\/equidash.eu\/","logo":{"@type":"ImageObject","inLanguage":"et","@id":"https:\/\/equidash.eu\/#\/schema\/logo\/image\/","url":"https:\/\/equidash.eu\/wp-content\/uploads\/2024\/09\/EQUIDASH_Logo_Raud-1.png","contentUrl":"https:\/\/equidash.eu\/wp-content\/uploads\/2024\/09\/EQUIDASH_Logo_Raud-1.png","width":393,"height":422,"caption":"EquiDash"},"image":{"@id":"https:\/\/equidash.eu\/#\/schema\/logo\/image\/"},"sameAs":["https:\/\/www.facebook.com\/people\/EquiDash\/61560864479586\/","https:\/\/www.instagram.com\/equidash.eshop\/"],"email":"info@equidash.eu","telephone":"+372 59007334","legalName":"Takian Corporation O\u00dc","foundingDate":"2020-10-21","vatID":"EE102301283","numberOfEmployees":{"@type":"QuantitativeValue","minValue":"1","maxValue":"10"},"hasMerchantReturnPolicy":{"@type":"MerchantReturnPolicy","merchantReturnLink":"https:\/\/equidash.eu\/et\/return-privacy\/"}}]},"product_brand":"Imima","og_availability":"backorder","product_availability":"available for order","product_condition":"new"},"_links":{"self":[{"href":"https:\/\/equidash.eu\/et\/wp-json\/wp\/v2\/product\/2629","targetHints":{"allow":["GET"]}}],"collection":[{"href":"https:\/\/equidash.eu\/et\/wp-json\/wp\/v2\/product"}],"about":[{"href":"https:\/\/equidash.eu\/et\/wp-json\/wp\/v2\/types\/product"}],"wp:featuredmedia":[{"embeddable":true,"href":"https:\/\/equidash.eu\/et\/wp-json\/wp\/v2\/media\/2631"}],"wp:attachment":[{"href":"https:\/\/equidash.eu\/et\/wp-json\/wp\/v2\/media?parent=2629"}],"wp:term":[{"taxonomy":"product_brand","embeddable":true,"href":"https:\/\/equidash.eu\/et\/wp-json\/wp\/v2\/product_brand?post=2629"},{"taxonomy":"product_cat","embeddable":true,"href":"https:\/\/equidash.eu\/et\/wp-json\/wp\/v2\/product_cat?post=2629"},{"taxonomy":"product_tag","embeddable":true,"href":"https:\/\/equidash.eu\/et\/wp-json\/wp\/v2\/product_tag?post=2629"}],"curies":[{"name":"wp","href":"https:\/\/api.w.org\/{rel}","templated":true}]}}