{"id":2719,"date":"2025-01-15T00:20:04","date_gmt":"2025-01-14T22:20:04","guid":{"rendered":"https:\/\/equidash.eu\/?post_type=product&#038;p=2719"},"modified":"2025-07-01T23:22:31","modified_gmt":"2025-07-01T21:22:31","slug":"hv-polo-longsleeve-top-yules","status":"publish","type":"product","link":"https:\/\/equidash.eu\/et\/shop\/rider\/hv-polo-longsleeve-top-yules\/","title":{"rendered":"HV Polo pikkade varrukatega pluus Yules"},"content":{"rendered":"<p>HV Polo pikkade varrukatega treeningpluus Yules on \u00fclinaiseliku disainiga. Pluusil on v\u00e4ike kaelus ja l\u00fchike lukk ees.<\/p>\n<ul>\n<li>Materjal: 80% pol\u00fcester, 20% elastaan<\/li>\n<li>L\u00fchike lukk<\/li>\n<\/ul>\n<p>&nbsp;<\/p>","protected":false},"excerpt":{"rendered":"<p class=\"ai-optimize-23 ai-optimize-introduction\"><a href=\"https:\/\/equidash.es\/product-tag\/hv-polo\/\"><img decoding=\"async\" style=\"height: 60px;margin-top: 20px\" src=\"https:\/\/equidash.eu\/wp-content\/uploads\/2024\/10\/HVP-1.png\" alt=\"\" \/><\/a><\/p>","protected":false},"featured_media":2725,"template":"","meta":{"_acf_changed":false,"_joinchat":[]},"product_brand":[511],"product_cat":[262,22,203,206],"product_tag":[28,451],"class_list":{"0":"post-2719","1":"product","2":"type-product","3":"status-publish","4":"has-post-thumbnail","6":"product_brand-hv-polo","7":"product_cat-long-sleeve-shirts","8":"product_cat-rider","9":"product_cat-riding-clothing-rider","10":"product_cat-women-riding-clothing-rider","11":"product_tag-hv-polo","12":"product_tag-women","13":"pa_colors-navy","14":"pa_size-l","15":"pa_size-m","16":"pa_size-s","17":"pa_size-xs","19":"first","20":"onbackorder","21":"taxable","22":"shipping-taxable","23":"purchasable","24":"product-type-variable","25":"has-default-attributes"},"acf":[],"yoast_head":"<!-- This site is optimized with the Yoast SEO Premium plugin v26.2 (Yoast SEO v27.2) - https:\/\/yoast.com\/product\/yoast-seo-premium-wordpress\/ -->\n<title>HV Polo Longsleeve Top Yules | Parima hinnaga ratsavarustuse e-pood<\/title>\n<meta name=\"description\" content=\"HV Polo Longsleeve Top Yules | Pikkade varrukatega elegantne treeningpluus ratsutamiseks ja vabaajaks. Kauni l\u00fchikese t\u00f5mblukuga.\" \/>\n<meta name=\"robots\" content=\"index, follow, max-snippet:-1, max-image-preview:large, max-video-preview:-1\" \/>\n<link rel=\"canonical\" href=\"https:\/\/equidash.eu\/et\/shop\/ratsanik\/hv-polo-longsleeve-top-yules\/\" \/>\n<meta property=\"og:locale\" content=\"et_EE\" \/>\n<meta property=\"og:type\" content=\"article\" \/>\n<meta property=\"og:title\" content=\"HV Polo Longsleeve Top Yules\" \/>\n<meta property=\"og:description\" content=\"HV Polo Longsleeve Top Yules | Pikkade varrukatega elegantne treeningpluus ratsutamiseks ja vabaajaks. Kauni l\u00fchikese t\u00f5mblukuga.\" \/>\n<meta property=\"og:url\" content=\"https:\/\/equidash.eu\/et\/shop\/ratsanik\/hv-polo-longsleeve-top-yules\/\" \/>\n<meta property=\"og:site_name\" content=\"Parima hinnaga ratsavarustuse e-pood\" \/>\n<meta property=\"article:publisher\" content=\"https:\/\/www.facebook.com\/people\/EquiDash\/61560864479586\/\" \/>\n<meta property=\"article:modified_time\" content=\"2025-07-01T21:22:31+00:00\" \/>\n<meta property=\"og:image\" content=\"https:\/\/equidash.eu\/wp-content\/uploads\/2025\/01\/HV-Polo_Longsleeve-Top_Yules_Navy_0.jpg\" \/>\n\t<meta property=\"og:image:width\" content=\"1474\" \/>\n\t<meta property=\"og:image:height\" content=\"1474\" \/>\n\t<meta property=\"og:image:type\" content=\"image\/jpeg\" \/>\n<meta name=\"twitter:card\" content=\"summary_large_image\" \/>\n<meta name=\"twitter:label1\" content=\"Availability\" \/>\n\t<meta name=\"twitter:data1\" content=\"On backorder\" \/>\n<script type=\"application\/ld+json\" class=\"yoast-schema-graph\">{\"@context\":\"https:\/\/schema.org\",\"@graph\":[{\"@type\":\"WebPage\",\"@id\":\"https:\/\/equidash.eu\/shop\/rider\/hv-polo-longsleeve-top-yules\/\",\"url\":\"https:\/\/equidash.eu\/shop\/rider\/hv-polo-longsleeve-top-yules\/\",\"name\":\"HV Polo Longsleeve Top Yules | Parima hinnaga ratsavarustuse e-pood\",\"isPartOf\":{\"@id\":\"https:\/\/equidash.eu\/#website\"},\"primaryImageOfPage\":{\"@id\":\"https:\/\/equidash.eu\/shop\/rider\/hv-polo-longsleeve-top-yules\/#primaryimage\"},\"image\":{\"@id\":\"https:\/\/equidash.eu\/shop\/rider\/hv-polo-longsleeve-top-yules\/#primaryimage\"},\"thumbnailUrl\":\"https:\/\/equidash.eu\/wp-content\/uploads\/2025\/01\/HV-Polo_Longsleeve-Top_Yules_Navy_0.jpg\",\"datePublished\":\"2025-01-14T22:20:04+00:00\",\"dateModified\":\"2025-07-01T21:22:31+00:00\",\"description\":\"HV Polo Longsleeve Top Yules | Pikkade varrukatega elegantne treeningpluus ratsutamiseks ja vabaajaks. Kauni l\u00fchikese t\u00f5mblukuga.\",\"breadcrumb\":{\"@id\":\"https:\/\/equidash.eu\/shop\/rider\/hv-polo-longsleeve-top-yules\/#breadcrumb\"},\"inLanguage\":\"et\",\"potentialAction\":[{\"@type\":\"ReadAction\",\"target\":[\"https:\/\/equidash.eu\/shop\/rider\/hv-polo-longsleeve-top-yules\/\"]}]},{\"@type\":\"ImageObject\",\"inLanguage\":\"et\",\"@id\":\"https:\/\/equidash.eu\/shop\/rider\/hv-polo-longsleeve-top-yules\/#primaryimage\",\"url\":\"https:\/\/equidash.eu\/wp-content\/uploads\/2025\/01\/HV-Polo_Longsleeve-Top_Yules_Navy_0.jpg\",\"contentUrl\":\"https:\/\/equidash.eu\/wp-content\/uploads\/2025\/01\/HV-Polo_Longsleeve-Top_Yules_Navy_0.jpg\",\"width\":1474,\"height\":1474,\"caption\":\"HV Polo pikkade varrukatega pluus Yules - mugav ja elegantselt disainitud\"},{\"@type\":\"BreadcrumbList\",\"@id\":\"https:\/\/equidash.eu\/shop\/rider\/hv-polo-longsleeve-top-yules\/#breadcrumb\",\"itemListElement\":[{\"@type\":\"ListItem\",\"position\":1,\"name\":\"Home\",\"item\":\"https:\/\/equidash.eu\/\"},{\"@type\":\"ListItem\",\"position\":2,\"name\":\"Shop\",\"item\":\"https:\/\/equidash.eu\/shop\/\"},{\"@type\":\"ListItem\",\"position\":3,\"name\":\"HV Polo Longsleeve Top Yules\"}]},{\"@type\":\"WebSite\",\"@id\":\"https:\/\/equidash.eu\/#website\",\"url\":\"https:\/\/equidash.eu\/\",\"name\":\"EquiDash\",\"description\":\"Horse Riding Equipment and Accessories\",\"publisher\":{\"@id\":\"https:\/\/equidash.eu\/#organization\"},\"alternateName\":\"EquiDash\",\"potentialAction\":[{\"@type\":\"SearchAction\",\"target\":{\"@type\":\"EntryPoint\",\"urlTemplate\":\"https:\/\/equidash.eu\/?s={search_term_string}\"},\"query-input\":{\"@type\":\"PropertyValueSpecification\",\"valueRequired\":true,\"valueName\":\"search_term_string\"}}],\"inLanguage\":\"et\"},{\"@type\":\"Organization\",\"@id\":\"https:\/\/equidash.eu\/#organization\",\"name\":\"EquiDash\",\"alternateName\":\"EquiDash\",\"url\":\"https:\/\/equidash.eu\/\",\"logo\":{\"@type\":\"ImageObject\",\"inLanguage\":\"et\",\"@id\":\"https:\/\/equidash.eu\/#\/schema\/logo\/image\/\",\"url\":\"https:\/\/equidash.eu\/wp-content\/uploads\/2024\/09\/EQUIDASH_Logo_Raud-1.png\",\"contentUrl\":\"https:\/\/equidash.eu\/wp-content\/uploads\/2024\/09\/EQUIDASH_Logo_Raud-1.png\",\"width\":393,\"height\":422,\"caption\":\"EquiDash\"},\"image\":{\"@id\":\"https:\/\/equidash.eu\/#\/schema\/logo\/image\/\"},\"sameAs\":[\"https:\/\/www.facebook.com\/people\/EquiDash\/61560864479586\/\",\"https:\/\/www.instagram.com\/equidash.eshop\/\"],\"email\":\"info@equidash.eu\",\"telephone\":\"+372 59007334\",\"legalName\":\"Takian Corporation O\u00dc\",\"foundingDate\":\"2020-10-21\",\"vatID\":\"EE102301283\",\"numberOfEmployees\":{\"@type\":\"QuantitativeValue\",\"minValue\":\"1\",\"maxValue\":\"10\"},\"hasMerchantReturnPolicy\":{\"@type\":\"MerchantReturnPolicy\",\"merchantReturnLink\":\"https:\/\/equidash.eu\/et\/return-privacy\/\"}}]}<\/script>\n<meta property=\"product:brand\" content=\"HV Polo\" \/>\n<meta property=\"og:availability\" content=\"backorder\" \/>\n<meta property=\"product:availability\" content=\"available for order\" \/>\n<meta property=\"product:condition\" content=\"new\" \/>\n<!-- \/ Yoast SEO Premium plugin. -->","yoast_head_json":{"title":"HV Polo Longsleeve Top Yules | Parima hinnaga ratsavarustuse e-pood","description":"HV Polo Longsleeve Top Yules | Pikkade varrukatega elegantne treeningpluus ratsutamiseks ja vabaajaks. Kauni l\u00fchikese t\u00f5mblukuga.","robots":{"index":"index","follow":"follow","max-snippet":"max-snippet:-1","max-image-preview":"max-image-preview:large","max-video-preview":"max-video-preview:-1"},"canonical":"https:\/\/equidash.eu\/et\/shop\/ratsanik\/hv-polo-longsleeve-top-yules\/","og_locale":"et_EE","og_type":"article","og_title":"HV Polo Longsleeve Top Yules","og_description":"HV Polo Longsleeve Top Yules | Pikkade varrukatega elegantne treeningpluus ratsutamiseks ja vabaajaks. Kauni l\u00fchikese t\u00f5mblukuga.","og_url":"https:\/\/equidash.eu\/et\/shop\/ratsanik\/hv-polo-longsleeve-top-yules\/","og_site_name":"Parima hinnaga ratsavarustuse e-pood","article_publisher":"https:\/\/www.facebook.com\/people\/EquiDash\/61560864479586\/","article_modified_time":"2025-07-01T21:22:31+00:00","og_image":[{"width":1474,"height":1474,"url":"https:\/\/equidash.eu\/wp-content\/uploads\/2025\/01\/HV-Polo_Longsleeve-Top_Yules_Navy_0.jpg","type":"image\/jpeg"}],"twitter_card":"summary_large_image","twitter_misc":{"Availability":"On backorder"},"schema":{"@context":"https:\/\/schema.org","@graph":[{"@type":"WebPage","@id":"https:\/\/equidash.eu\/shop\/rider\/hv-polo-longsleeve-top-yules\/","url":"https:\/\/equidash.eu\/shop\/rider\/hv-polo-longsleeve-top-yules\/","name":"HV Polo Longsleeve Top Yules | Parima hinnaga ratsavarustuse e-pood","isPartOf":{"@id":"https:\/\/equidash.eu\/#website"},"primaryImageOfPage":{"@id":"https:\/\/equidash.eu\/shop\/rider\/hv-polo-longsleeve-top-yules\/#primaryimage"},"image":{"@id":"https:\/\/equidash.eu\/shop\/rider\/hv-polo-longsleeve-top-yules\/#primaryimage"},"thumbnailUrl":"https:\/\/equidash.eu\/wp-content\/uploads\/2025\/01\/HV-Polo_Longsleeve-Top_Yules_Navy_0.jpg","datePublished":"2025-01-14T22:20:04+00:00","dateModified":"2025-07-01T21:22:31+00:00","description":"HV Polo Longsleeve Top Yules | Pikkade varrukatega elegantne treeningpluus ratsutamiseks ja vabaajaks. Kauni l\u00fchikese t\u00f5mblukuga.","breadcrumb":{"@id":"https:\/\/equidash.eu\/shop\/rider\/hv-polo-longsleeve-top-yules\/#breadcrumb"},"inLanguage":"et","potentialAction":[{"@type":"ReadAction","target":["https:\/\/equidash.eu\/shop\/rider\/hv-polo-longsleeve-top-yules\/"]}]},{"@type":"ImageObject","inLanguage":"et","@id":"https:\/\/equidash.eu\/shop\/rider\/hv-polo-longsleeve-top-yules\/#primaryimage","url":"https:\/\/equidash.eu\/wp-content\/uploads\/2025\/01\/HV-Polo_Longsleeve-Top_Yules_Navy_0.jpg","contentUrl":"https:\/\/equidash.eu\/wp-content\/uploads\/2025\/01\/HV-Polo_Longsleeve-Top_Yules_Navy_0.jpg","width":1474,"height":1474,"caption":"HV Polo pikkade varrukatega pluus Yules - mugav ja elegantselt disainitud"},{"@type":"BreadcrumbList","@id":"https:\/\/equidash.eu\/shop\/rider\/hv-polo-longsleeve-top-yules\/#breadcrumb","itemListElement":[{"@type":"ListItem","position":1,"name":"Home","item":"https:\/\/equidash.eu\/"},{"@type":"ListItem","position":2,"name":"Shop","item":"https:\/\/equidash.eu\/shop\/"},{"@type":"ListItem","position":3,"name":"HV Polo Longsleeve Top Yules"}]},{"@type":"WebSite","@id":"https:\/\/equidash.eu\/#website","url":"https:\/\/equidash.eu\/","name":"EquiDash","description":"Horse Riding Equipment and Accessories","publisher":{"@id":"https:\/\/equidash.eu\/#organization"},"alternateName":"EquiDash","potentialAction":[{"@type":"SearchAction","target":{"@type":"EntryPoint","urlTemplate":"https:\/\/equidash.eu\/?s={search_term_string}"},"query-input":{"@type":"PropertyValueSpecification","valueRequired":true,"valueName":"search_term_string"}}],"inLanguage":"et"},{"@type":"Organization","@id":"https:\/\/equidash.eu\/#organization","name":"EquiDash","alternateName":"EquiDash","url":"https:\/\/equidash.eu\/","logo":{"@type":"ImageObject","inLanguage":"et","@id":"https:\/\/equidash.eu\/#\/schema\/logo\/image\/","url":"https:\/\/equidash.eu\/wp-content\/uploads\/2024\/09\/EQUIDASH_Logo_Raud-1.png","contentUrl":"https:\/\/equidash.eu\/wp-content\/uploads\/2024\/09\/EQUIDASH_Logo_Raud-1.png","width":393,"height":422,"caption":"EquiDash"},"image":{"@id":"https:\/\/equidash.eu\/#\/schema\/logo\/image\/"},"sameAs":["https:\/\/www.facebook.com\/people\/EquiDash\/61560864479586\/","https:\/\/www.instagram.com\/equidash.eshop\/"],"email":"info@equidash.eu","telephone":"+372 59007334","legalName":"Takian Corporation O\u00dc","foundingDate":"2020-10-21","vatID":"EE102301283","numberOfEmployees":{"@type":"QuantitativeValue","minValue":"1","maxValue":"10"},"hasMerchantReturnPolicy":{"@type":"MerchantReturnPolicy","merchantReturnLink":"https:\/\/equidash.eu\/et\/return-privacy\/"}}]},"product_brand":"HV Polo","og_availability":"backorder","product_availability":"available for order","product_condition":"new"},"_links":{"self":[{"href":"https:\/\/equidash.eu\/et\/wp-json\/wp\/v2\/product\/2719","targetHints":{"allow":["GET"]}}],"collection":[{"href":"https:\/\/equidash.eu\/et\/wp-json\/wp\/v2\/product"}],"about":[{"href":"https:\/\/equidash.eu\/et\/wp-json\/wp\/v2\/types\/product"}],"wp:featuredmedia":[{"embeddable":true,"href":"https:\/\/equidash.eu\/et\/wp-json\/wp\/v2\/media\/2725"}],"wp:attachment":[{"href":"https:\/\/equidash.eu\/et\/wp-json\/wp\/v2\/media?parent=2719"}],"wp:term":[{"taxonomy":"product_brand","embeddable":true,"href":"https:\/\/equidash.eu\/et\/wp-json\/wp\/v2\/product_brand?post=2719"},{"taxonomy":"product_cat","embeddable":true,"href":"https:\/\/equidash.eu\/et\/wp-json\/wp\/v2\/product_cat?post=2719"},{"taxonomy":"product_tag","embeddable":true,"href":"https:\/\/equidash.eu\/et\/wp-json\/wp\/v2\/product_tag?post=2719"}],"curies":[{"name":"wp","href":"https:\/\/api.w.org\/{rel}","templated":true}]}}