{"id":2739,"date":"2025-01-16T01:16:55","date_gmt":"2025-01-15T23:16:55","guid":{"rendered":"https:\/\/equidash.eu\/?post_type=product&#038;p=2739"},"modified":"2025-10-03T11:40:14","modified_gmt":"2025-10-03T09:40:14","slug":"excellent-horse-sweet-blocks-banana","status":"publish","type":"product","link":"https:\/\/equidash.eu\/et\/shop\/horse\/excellent-horse-sweet-blocks-banana\/","title":{"rendered":"Excellent banaani maiustused hobustele"},"content":{"rendered":"<p>Excellent Horse banaani maiused Sweet Blocks Banana on madala suhkrusisaldusega maitsvad maiused hobustele. Need on ideaalsed \"mitte-paksuks-tegevad\" preemiad hobustele, olles samal ajal v\u00e4\u00e4rtuslik lisa igap\u00e4evasele toidukorrale, toetades hobuste \u00fcldist tervist. Maiuseid on lihtne lahtiselt kotis v\u00f5i taskus kaasas kanda, kuna need ei pudene ega kleepu.<\/p>\n<ul>\n<li class=\"point\">Maitsev ja madala suhkrusisaldusega maiused<\/li>\n<li class=\"point\"><span style=\"font-size: 14.4px;\">V\u00e4\u00e4rtuslik lisa igap\u00e4evasele toidukorrale<\/span><\/li>\n<li class=\"point\"><span style=\"font-size: 14.4px;\">Tugevalt pressitud kuubikud, mis ei kleepu ega pudene<\/span><\/li>\n<\/ul>\n<p>Koostis: nisuklii, kaerakestad, oder ja terad, mida kasutatakse paljudes hobuses\u00f6\u00f6tades. Lisaks sisaldavad need maiuspalad suhkrupeedi melassi ja kuivatatud \u00fcrte maitsva maitse saamiseks.<\/p>\n<p><strong>Feed instructions:<\/strong> Up to 200 grams per day per horse.<\/p>\n<p>1 kuubik (maius) m\u00f5\u00f5tmetelt: 15 x 15 x 20 mm<\/p>\n<p><strong>S\u00e4ilitamine:\u00a0<\/strong>Cool and dry &lt;25C. Out of direct sunlight. Close packaging after each use.<\/p>\n<p data-start=\"40\" data-end=\"188\"><strong data-start=\"40\" data-end=\"55\">Koostis<\/strong><br data-start=\"55\" data-end=\"58\" \/>Wheat bran, oat hulls and bran, barley, calcium carbonate, sugar beet molasses 3.5%, dried banana 0.1%.<\/p>\n<p data-start=\"190\" data-end=\"279\"><strong data-start=\"190\" data-end=\"212\">Additives per 1 kg<\/strong><br data-start=\"212\" data-end=\"215\" \/>Calcium propionate 3,500 mg (of which propionic acid 2,745 mg)<\/p>\n<p data-start=\"281\" data-end=\"432\"><strong data-start=\"281\" data-end=\"309\">Analytical constituents:<\/strong><br data-start=\"309\" data-end=\"312\" \/>Crude ash 12.8%, crude protein 9.7%, crude fibre 13.8%, crude fat 2.9%, calcium 3%, sodium 0.1%, phosphorus 0.6%<\/p>\n<p data-start=\"434\" data-end=\"499\">Reg. no. NVWA: NL17352. Produced according to HACCP guidelines.<\/p>\n<p data-start=\"501\" data-end=\"571\" data-is-last-node=\"\" data-is-only-node=\"\">Tootja: Hofman Animalcare, De Leemkoele 2, 7468 DM Enter (kaubam\u00e4rk Excellent Horse)<br data-start=\"532\" data-end=\"535\" \/>P\u00e4ritoluriik: Holland<\/p>","protected":false},"excerpt":{"rendered":"<p class=\"ai-optimize-23 ai-optimize-introduction\"><a href=\"https:\/\/equidash.eu\/et\/tootesilt\/excellent-horse\/\"><img decoding=\"async\" style=\"height: 60px; margin-top: 20px;\" src=\"https:\/\/equidash.eu\/wp-content\/uploads\/2024\/12\/Excellent-Horse-logo.png\" alt=\"\" \/><\/a><\/p>","protected":false},"featured_media":2743,"template":"","meta":{"_acf_changed":false,"_joinchat":[]},"product_brand":[508],"product_cat":[27,251,253],"product_tag":[402,411],"class_list":{"0":"post-2739","1":"product","2":"type-product","3":"status-publish","4":"has-post-thumbnail","6":"product_brand-excellent-horse","7":"product_cat-horse","8":"product_cat-horse-feed-nutrition","9":"product_cat-horse-treats","10":"product_tag-excellent-horse","11":"product_tag-treats","12":"pa_size-1-kg","13":"pa_size-12-kg","14":"pa_size-3-kg","16":"first","17":"instock","18":"taxable","19":"shipping-taxable","20":"purchasable","21":"product-type-variable"},"acf":[],"yoast_head":"<!-- This site is optimized with the Yoast SEO Premium plugin v26.2 (Yoast SEO v27.6) - https:\/\/yoast.com\/product\/yoast-seo-premium-wordpress\/ -->\n<title>Excellent Horse Sweet Blocks Banana | Parima hinnaga ratsavarustuse e-pood<\/title>\n<meta name=\"description\" content=\"Excellent Horse Sweet Blocks Banana | Madala suhkrusisaldusega maitsvad maiused hobustele. Need on ideaalsed preemiad hobustele! Parimate hindadega e-pood!\" \/>\n<meta name=\"robots\" content=\"index, follow, max-snippet:-1, max-image-preview:large, max-video-preview:-1\" \/>\n<link rel=\"canonical\" href=\"https:\/\/equidash.eu\/et\/shop\/hobune\/excellent-horse-sweet-blocks-banana\/\" \/>\n<meta property=\"og:locale\" content=\"et_EE\" \/>\n<meta property=\"og:type\" content=\"article\" \/>\n<meta property=\"og:title\" content=\"Excellent Horse Sweet Blocks Banana\" \/>\n<meta property=\"og:description\" content=\"Excellent Horse Sweet Blocks Banana | Madala suhkrusisaldusega maitsvad maiused hobustele. Need on ideaalsed preemiad hobustele! Parimate hindadega e-pood!\" \/>\n<meta property=\"og:url\" content=\"https:\/\/equidash.eu\/et\/shop\/hobune\/excellent-horse-sweet-blocks-banana\/\" \/>\n<meta property=\"og:site_name\" content=\"Parima hinnaga ratsavarustuse e-pood\" \/>\n<meta property=\"article:publisher\" content=\"https:\/\/www.facebook.com\/people\/EquiDash\/61560864479586\/\" \/>\n<meta property=\"article:modified_time\" content=\"2025-10-03T09:40:14+00:00\" \/>\n<meta property=\"og:image\" content=\"https:\/\/equidash.eu\/wp-content\/uploads\/2025\/01\/Excellent-Horse_Treats_Banana_1kg.png\" \/>\n\t<meta property=\"og:image:width\" content=\"1080\" \/>\n\t<meta property=\"og:image:height\" content=\"1080\" \/>\n\t<meta property=\"og:image:type\" content=\"image\/png\" \/>\n<meta name=\"twitter:card\" content=\"summary_large_image\" \/>\n<meta name=\"twitter:label1\" content=\"Availability\" \/>\n\t<meta name=\"twitter:data1\" content=\"In stock\" \/>\n<script type=\"application\/ld+json\" class=\"yoast-schema-graph\">{\"@context\":\"https:\\\/\\\/schema.org\",\"@graph\":[{\"@type\":\"WebPage\",\"@id\":\"https:\\\/\\\/equidash.eu\\\/shop\\\/horse\\\/excellent-horse-sweet-blocks-banana\\\/\",\"url\":\"https:\\\/\\\/equidash.eu\\\/shop\\\/horse\\\/excellent-horse-sweet-blocks-banana\\\/\",\"name\":\"Excellent Horse Sweet Blocks Banana | Parima hinnaga ratsavarustuse e-pood\",\"isPartOf\":{\"@id\":\"https:\\\/\\\/equidash.eu\\\/#website\"},\"primaryImageOfPage\":{\"@id\":\"https:\\\/\\\/equidash.eu\\\/shop\\\/horse\\\/excellent-horse-sweet-blocks-banana\\\/#primaryimage\"},\"image\":{\"@id\":\"https:\\\/\\\/equidash.eu\\\/shop\\\/horse\\\/excellent-horse-sweet-blocks-banana\\\/#primaryimage\"},\"thumbnailUrl\":\"https:\\\/\\\/equidash.eu\\\/wp-content\\\/uploads\\\/2025\\\/01\\\/Excellent-Horse_Treats_Banana_1kg.png\",\"datePublished\":\"2025-01-15T23:16:55+00:00\",\"dateModified\":\"2025-10-03T09:40:14+00:00\",\"description\":\"Excellent Horse Sweet Blocks Banana | Madala suhkrusisaldusega maitsvad maiused hobustele. Need on ideaalsed preemiad hobustele! Parimate hindadega e-pood!\",\"breadcrumb\":{\"@id\":\"https:\\\/\\\/equidash.eu\\\/shop\\\/horse\\\/excellent-horse-sweet-blocks-banana\\\/#breadcrumb\"},\"inLanguage\":\"et\",\"potentialAction\":[{\"@type\":\"ReadAction\",\"target\":[\"https:\\\/\\\/equidash.eu\\\/shop\\\/horse\\\/excellent-horse-sweet-blocks-banana\\\/\"]}]},{\"@type\":\"ImageObject\",\"inLanguage\":\"et\",\"@id\":\"https:\\\/\\\/equidash.eu\\\/shop\\\/horse\\\/excellent-horse-sweet-blocks-banana\\\/#primaryimage\",\"url\":\"https:\\\/\\\/equidash.eu\\\/wp-content\\\/uploads\\\/2025\\\/01\\\/Excellent-Horse_Treats_Banana_1kg.png\",\"contentUrl\":\"https:\\\/\\\/equidash.eu\\\/wp-content\\\/uploads\\\/2025\\\/01\\\/Excellent-Horse_Treats_Banana_1kg.png\",\"width\":1080,\"height\":1080,\"caption\":\"Sweet Blocks banaani maiused hobustele - madala suhkrusisaldusega maitsvad maiused hobustele 1 kg\"},{\"@type\":\"BreadcrumbList\",\"@id\":\"https:\\\/\\\/equidash.eu\\\/shop\\\/horse\\\/excellent-horse-sweet-blocks-banana\\\/#breadcrumb\",\"itemListElement\":[{\"@type\":\"ListItem\",\"position\":1,\"name\":\"Home\",\"item\":\"https:\\\/\\\/equidash.eu\\\/\"},{\"@type\":\"ListItem\",\"position\":2,\"name\":\"Shop\",\"item\":\"https:\\\/\\\/equidash.eu\\\/shop\\\/\"},{\"@type\":\"ListItem\",\"position\":3,\"name\":\"Excellent Horse Sweet Blocks Banana\"}]},{\"@type\":\"WebSite\",\"@id\":\"https:\\\/\\\/equidash.eu\\\/#website\",\"url\":\"https:\\\/\\\/equidash.eu\\\/\",\"name\":\"EquiDash\",\"description\":\"Horse Riding Equipment and Accessories\",\"publisher\":{\"@id\":\"https:\\\/\\\/equidash.eu\\\/#organization\"},\"alternateName\":\"EquiDash\",\"potentialAction\":[{\"@type\":\"SearchAction\",\"target\":{\"@type\":\"EntryPoint\",\"urlTemplate\":\"https:\\\/\\\/equidash.eu\\\/?s={search_term_string}\"},\"query-input\":{\"@type\":\"PropertyValueSpecification\",\"valueRequired\":true,\"valueName\":\"search_term_string\"}}],\"inLanguage\":\"et\"},{\"@type\":\"Organization\",\"@id\":\"https:\\\/\\\/equidash.eu\\\/#organization\",\"name\":\"EquiDash\",\"alternateName\":\"EquiDash\",\"url\":\"https:\\\/\\\/equidash.eu\\\/\",\"logo\":{\"@type\":\"ImageObject\",\"inLanguage\":\"et\",\"@id\":\"https:\\\/\\\/equidash.eu\\\/#\\\/schema\\\/logo\\\/image\\\/\",\"url\":\"https:\\\/\\\/equidash.eu\\\/wp-content\\\/uploads\\\/2024\\\/09\\\/EQUIDASH_Logo_Raud-1.png\",\"contentUrl\":\"https:\\\/\\\/equidash.eu\\\/wp-content\\\/uploads\\\/2024\\\/09\\\/EQUIDASH_Logo_Raud-1.png\",\"width\":393,\"height\":422,\"caption\":\"EquiDash\"},\"image\":{\"@id\":\"https:\\\/\\\/equidash.eu\\\/#\\\/schema\\\/logo\\\/image\\\/\"},\"sameAs\":[\"https:\\\/\\\/www.facebook.com\\\/people\\\/EquiDash\\\/61560864479586\\\/\",\"https:\\\/\\\/www.instagram.com\\\/equidash.eshop\\\/\"],\"email\":\"info@equidash.eu\",\"telephone\":\"+372 59007334\",\"legalName\":\"Takian Corporation O\u00dc\",\"foundingDate\":\"2020-10-21\",\"vatID\":\"EE102301283\",\"numberOfEmployees\":{\"@type\":\"QuantitativeValue\",\"minValue\":\"1\",\"maxValue\":\"10\"},\"hasMerchantReturnPolicy\":{\"@type\":\"MerchantReturnPolicy\",\"merchantReturnLink\":\"https:\\\/\\\/equidash.eu\\\/et\\\/return-privacy\\\/\"}}]}<\/script>\n<meta property=\"product:brand\" content=\"Excellent Horse\" \/>\n<meta property=\"og:availability\" content=\"instock\" \/>\n<meta property=\"product:availability\" content=\"instock\" \/>\n<meta property=\"product:condition\" content=\"new\" \/>\n<!-- \/ Yoast SEO Premium plugin. -->","yoast_head_json":{"title":"Excellent Horse Sweet Blocks Banana | Parima hinnaga ratsavarustuse e-pood","description":"Excellent Horse Sweet Blocks Banana | Madala suhkrusisaldusega maitsvad maiused hobustele. Need on ideaalsed preemiad hobustele! Parimate hindadega e-pood!","robots":{"index":"index","follow":"follow","max-snippet":"max-snippet:-1","max-image-preview":"max-image-preview:large","max-video-preview":"max-video-preview:-1"},"canonical":"https:\/\/equidash.eu\/et\/shop\/hobune\/excellent-horse-sweet-blocks-banana\/","og_locale":"et_EE","og_type":"article","og_title":"Excellent Horse Sweet Blocks Banana","og_description":"Excellent Horse Sweet Blocks Banana | Madala suhkrusisaldusega maitsvad maiused hobustele. Need on ideaalsed preemiad hobustele! Parimate hindadega e-pood!","og_url":"https:\/\/equidash.eu\/et\/shop\/hobune\/excellent-horse-sweet-blocks-banana\/","og_site_name":"Parima hinnaga ratsavarustuse e-pood","article_publisher":"https:\/\/www.facebook.com\/people\/EquiDash\/61560864479586\/","article_modified_time":"2025-10-03T09:40:14+00:00","og_image":[{"width":1080,"height":1080,"url":"https:\/\/equidash.eu\/wp-content\/uploads\/2025\/01\/Excellent-Horse_Treats_Banana_1kg.png","type":"image\/png"}],"twitter_card":"summary_large_image","twitter_misc":{"Availability":"In stock"},"schema":{"@context":"https:\/\/schema.org","@graph":[{"@type":"WebPage","@id":"https:\/\/equidash.eu\/shop\/horse\/excellent-horse-sweet-blocks-banana\/","url":"https:\/\/equidash.eu\/shop\/horse\/excellent-horse-sweet-blocks-banana\/","name":"Excellent Horse Sweet Blocks Banana | Parima hinnaga ratsavarustuse e-pood","isPartOf":{"@id":"https:\/\/equidash.eu\/#website"},"primaryImageOfPage":{"@id":"https:\/\/equidash.eu\/shop\/horse\/excellent-horse-sweet-blocks-banana\/#primaryimage"},"image":{"@id":"https:\/\/equidash.eu\/shop\/horse\/excellent-horse-sweet-blocks-banana\/#primaryimage"},"thumbnailUrl":"https:\/\/equidash.eu\/wp-content\/uploads\/2025\/01\/Excellent-Horse_Treats_Banana_1kg.png","datePublished":"2025-01-15T23:16:55+00:00","dateModified":"2025-10-03T09:40:14+00:00","description":"Excellent Horse Sweet Blocks Banana | Madala suhkrusisaldusega maitsvad maiused hobustele. Need on ideaalsed preemiad hobustele! Parimate hindadega e-pood!","breadcrumb":{"@id":"https:\/\/equidash.eu\/shop\/horse\/excellent-horse-sweet-blocks-banana\/#breadcrumb"},"inLanguage":"et","potentialAction":[{"@type":"ReadAction","target":["https:\/\/equidash.eu\/shop\/horse\/excellent-horse-sweet-blocks-banana\/"]}]},{"@type":"ImageObject","inLanguage":"et","@id":"https:\/\/equidash.eu\/shop\/horse\/excellent-horse-sweet-blocks-banana\/#primaryimage","url":"https:\/\/equidash.eu\/wp-content\/uploads\/2025\/01\/Excellent-Horse_Treats_Banana_1kg.png","contentUrl":"https:\/\/equidash.eu\/wp-content\/uploads\/2025\/01\/Excellent-Horse_Treats_Banana_1kg.png","width":1080,"height":1080,"caption":"Sweet Blocks banaani maiused hobustele - madala suhkrusisaldusega maitsvad maiused hobustele 1 kg"},{"@type":"BreadcrumbList","@id":"https:\/\/equidash.eu\/shop\/horse\/excellent-horse-sweet-blocks-banana\/#breadcrumb","itemListElement":[{"@type":"ListItem","position":1,"name":"Home","item":"https:\/\/equidash.eu\/"},{"@type":"ListItem","position":2,"name":"Shop","item":"https:\/\/equidash.eu\/shop\/"},{"@type":"ListItem","position":3,"name":"Excellent Horse Sweet Blocks Banana"}]},{"@type":"WebSite","@id":"https:\/\/equidash.eu\/#website","url":"https:\/\/equidash.eu\/","name":"EquiDash","description":"Horse Riding Equipment and Accessories","publisher":{"@id":"https:\/\/equidash.eu\/#organization"},"alternateName":"EquiDash","potentialAction":[{"@type":"SearchAction","target":{"@type":"EntryPoint","urlTemplate":"https:\/\/equidash.eu\/?s={search_term_string}"},"query-input":{"@type":"PropertyValueSpecification","valueRequired":true,"valueName":"search_term_string"}}],"inLanguage":"et"},{"@type":"Organization","@id":"https:\/\/equidash.eu\/#organization","name":"EquiDash","alternateName":"EquiDash","url":"https:\/\/equidash.eu\/","logo":{"@type":"ImageObject","inLanguage":"et","@id":"https:\/\/equidash.eu\/#\/schema\/logo\/image\/","url":"https:\/\/equidash.eu\/wp-content\/uploads\/2024\/09\/EQUIDASH_Logo_Raud-1.png","contentUrl":"https:\/\/equidash.eu\/wp-content\/uploads\/2024\/09\/EQUIDASH_Logo_Raud-1.png","width":393,"height":422,"caption":"EquiDash"},"image":{"@id":"https:\/\/equidash.eu\/#\/schema\/logo\/image\/"},"sameAs":["https:\/\/www.facebook.com\/people\/EquiDash\/61560864479586\/","https:\/\/www.instagram.com\/equidash.eshop\/"],"email":"info@equidash.eu","telephone":"+372 59007334","legalName":"Takian Corporation O\u00dc","foundingDate":"2020-10-21","vatID":"EE102301283","numberOfEmployees":{"@type":"QuantitativeValue","minValue":"1","maxValue":"10"},"hasMerchantReturnPolicy":{"@type":"MerchantReturnPolicy","merchantReturnLink":"https:\/\/equidash.eu\/et\/return-privacy\/"}}]},"product_brand":"Excellent Horse","og_availability":"instock","product_availability":"instock","product_condition":"new"},"_links":{"self":[{"href":"https:\/\/equidash.eu\/et\/wp-json\/wp\/v2\/product\/2739","targetHints":{"allow":["GET"]}}],"collection":[{"href":"https:\/\/equidash.eu\/et\/wp-json\/wp\/v2\/product"}],"about":[{"href":"https:\/\/equidash.eu\/et\/wp-json\/wp\/v2\/types\/product"}],"wp:featuredmedia":[{"embeddable":true,"href":"https:\/\/equidash.eu\/et\/wp-json\/wp\/v2\/media\/2743"}],"wp:attachment":[{"href":"https:\/\/equidash.eu\/et\/wp-json\/wp\/v2\/media?parent=2739"}],"wp:term":[{"taxonomy":"product_brand","embeddable":true,"href":"https:\/\/equidash.eu\/et\/wp-json\/wp\/v2\/product_brand?post=2739"},{"taxonomy":"product_cat","embeddable":true,"href":"https:\/\/equidash.eu\/et\/wp-json\/wp\/v2\/product_cat?post=2739"},{"taxonomy":"product_tag","embeddable":true,"href":"https:\/\/equidash.eu\/et\/wp-json\/wp\/v2\/product_tag?post=2739"}],"curies":[{"name":"wp","href":"https:\/\/api.w.org\/{rel}","templated":true}]}}