{"id":2763,"date":"2025-01-17T22:02:06","date_gmt":"2025-01-17T20:02:06","guid":{"rendered":"https:\/\/equidash.eu\/?post_type=product&#038;p=2763"},"modified":"2025-01-29T00:32:33","modified_gmt":"2025-01-28T22:32:33","slug":"lamicell-long-body-brush-8cm","status":"publish","type":"product","link":"https:\/\/equidash.eu\/et\/shop\/horse\/lamicell-long-body-brush-8cm\/","title":{"rendered":"Lami-Cell tugevate harjastega tolmuhari 8 cm"},"content":{"rendered":"<p>Lami-Cell tugevate ja pikkade harjastega tolmuharjal on 8 cm pikkused harjased, mis on ideaalsed tolmu ja mustuse eemaldamiseks. Need pikad harjased eemaldavad t\u00f5husalt mustuse, tolmu ja surnud karvad, tagades p\u00f5hjaliku puhastuse teie hobusele. Lisaks aitavad need stimuleerida vereringet ja parandavad karvkatte loomulikku s\u00e4ra.<\/p>\n<p>&nbsp;<\/p>","protected":false},"excerpt":{"rendered":"<p><a href=\"https:\/\/equidash.eu\/et\/tootesilt\/lami-cell\/\"><img decoding=\"async\" style=\"height: 60px; margin-top: 20px;\" src=\"https:\/\/equidash.eu\/wp-content\/uploads\/2024\/10\/lamicell-logo-1.png\" alt=\"\" \/><\/a><\/p>","protected":false},"featured_media":2773,"template":"","meta":{"_acf_changed":false,"_joinchat":[]},"product_brand":[512],"product_cat":[190,248,189,27],"product_tag":[40,273],"class_list":{"0":"post-2763","1":"product","2":"type-product","3":"status-publish","4":"has-post-thumbnail","6":"product_brand-lami-cell","7":"product_cat-brushes-health-care-horse","8":"product_cat-grooming-tools","9":"product_cat-health-care-horse","10":"product_cat-horse","11":"product_tag-grooming","12":"product_tag-lami-cell","13":"pa_colors-blue","14":"pa_colors-gray","15":"pa_colors-green","16":"pa_colors-navy","17":"pa_colors-orange","18":"pa_colors-pink","20":"first","21":"instock","22":"taxable","23":"shipping-taxable","24":"purchasable","25":"product-type-variable"},"acf":[],"yoast_head":"<!-- This site is optimized with the Yoast SEO Premium plugin v26.2 (Yoast SEO v27.2) - https:\/\/yoast.com\/product\/yoast-seo-premium-wordpress\/ -->\n<title>Lamicell Long body brush 8cm | Parima hinnaga ratsavarustuse e-pood<\/title>\n<meta name=\"description\" content=\"Lamicell Long body brush 8cm | Pikkade harjastega kehahari hobuse puhastamiseks ja viimistlemiseks. Harjaste pikkus 8 cm, mugav k\u00e4epide.\" \/>\n<meta name=\"robots\" content=\"index, follow, max-snippet:-1, max-image-preview:large, max-video-preview:-1\" \/>\n<link rel=\"canonical\" href=\"https:\/\/equidash.eu\/et\/shop\/hobune\/lamicell-long-body-brush-8cm\/\" \/>\n<meta property=\"og:locale\" content=\"et_EE\" \/>\n<meta property=\"og:type\" content=\"article\" \/>\n<meta property=\"og:title\" content=\"Lamicell Long body brush 8cm\" \/>\n<meta property=\"og:description\" content=\"Lamicell Long body brush 8cm | Pikkade harjastega kehahari hobuse puhastamiseks ja viimistlemiseks. Harjaste pikkus 8 cm, mugav k\u00e4epide.\" \/>\n<meta property=\"og:url\" content=\"https:\/\/equidash.eu\/et\/shop\/hobune\/lamicell-long-body-brush-8cm\/\" \/>\n<meta property=\"og:site_name\" content=\"Parima hinnaga ratsavarustuse e-pood\" \/>\n<meta property=\"article:publisher\" content=\"https:\/\/www.facebook.com\/people\/EquiDash\/61560864479586\/\" \/>\n<meta property=\"article:modified_time\" content=\"2025-01-28T22:32:33+00:00\" \/>\n<meta property=\"og:image\" content=\"https:\/\/equidash.eu\/wp-content\/uploads\/2025\/01\/Lamicell_Long-body-brush_8cm_Gray.jpg\" \/>\n\t<meta property=\"og:image:width\" content=\"2560\" \/>\n\t<meta property=\"og:image:height\" content=\"2560\" \/>\n\t<meta property=\"og:image:type\" content=\"image\/jpeg\" \/>\n<meta name=\"twitter:card\" content=\"summary_large_image\" \/>\n<meta name=\"twitter:label1\" content=\"Availability\" \/>\n\t<meta name=\"twitter:data1\" content=\"In stock\" \/>\n<script type=\"application\/ld+json\" class=\"yoast-schema-graph\">{\"@context\":\"https:\/\/schema.org\",\"@graph\":[{\"@type\":\"WebPage\",\"@id\":\"https:\/\/equidash.eu\/shop\/horse\/lamicell-long-body-brush-8cm\/\",\"url\":\"https:\/\/equidash.eu\/shop\/horse\/lamicell-long-body-brush-8cm\/\",\"name\":\"Lamicell Long body brush 8cm | Parima hinnaga ratsavarustuse e-pood\",\"isPartOf\":{\"@id\":\"https:\/\/equidash.eu\/#website\"},\"primaryImageOfPage\":{\"@id\":\"https:\/\/equidash.eu\/shop\/horse\/lamicell-long-body-brush-8cm\/#primaryimage\"},\"image\":{\"@id\":\"https:\/\/equidash.eu\/shop\/horse\/lamicell-long-body-brush-8cm\/#primaryimage\"},\"thumbnailUrl\":\"https:\/\/equidash.eu\/wp-content\/uploads\/2025\/01\/Lamicell_Long-body-brush_8cm_Gray.jpg\",\"datePublished\":\"2025-01-17T20:02:06+00:00\",\"dateModified\":\"2025-01-28T22:32:33+00:00\",\"description\":\"Lamicell Long body brush 8cm | Pikkade harjastega kehahari hobuse puhastamiseks ja viimistlemiseks. Harjaste pikkus 8 cm, mugav k\u00e4epide.\",\"breadcrumb\":{\"@id\":\"https:\/\/equidash.eu\/shop\/horse\/lamicell-long-body-brush-8cm\/#breadcrumb\"},\"inLanguage\":\"et\",\"potentialAction\":[{\"@type\":\"ReadAction\",\"target\":[\"https:\/\/equidash.eu\/shop\/horse\/lamicell-long-body-brush-8cm\/\"]}]},{\"@type\":\"ImageObject\",\"inLanguage\":\"et\",\"@id\":\"https:\/\/equidash.eu\/shop\/horse\/lamicell-long-body-brush-8cm\/#primaryimage\",\"url\":\"https:\/\/equidash.eu\/wp-content\/uploads\/2025\/01\/Lamicell_Long-body-brush_8cm_Gray.jpg\",\"contentUrl\":\"https:\/\/equidash.eu\/wp-content\/uploads\/2025\/01\/Lamicell_Long-body-brush_8cm_Gray.jpg\",\"width\":2560,\"height\":2560,\"caption\":\"Lami-Cell tugevate ja pikkade harjastega tolmuhari hobusele - ideaalne mustuse eemaldamiseks. Toon hall\"},{\"@type\":\"BreadcrumbList\",\"@id\":\"https:\/\/equidash.eu\/shop\/horse\/lamicell-long-body-brush-8cm\/#breadcrumb\",\"itemListElement\":[{\"@type\":\"ListItem\",\"position\":1,\"name\":\"Home\",\"item\":\"https:\/\/equidash.eu\/\"},{\"@type\":\"ListItem\",\"position\":2,\"name\":\"Shop\",\"item\":\"https:\/\/equidash.eu\/shop\/\"},{\"@type\":\"ListItem\",\"position\":3,\"name\":\"Lamicell Long body brush 8cm\"}]},{\"@type\":\"WebSite\",\"@id\":\"https:\/\/equidash.eu\/#website\",\"url\":\"https:\/\/equidash.eu\/\",\"name\":\"EquiDash\",\"description\":\"Horse Riding Equipment and Accessories\",\"publisher\":{\"@id\":\"https:\/\/equidash.eu\/#organization\"},\"alternateName\":\"EquiDash\",\"potentialAction\":[{\"@type\":\"SearchAction\",\"target\":{\"@type\":\"EntryPoint\",\"urlTemplate\":\"https:\/\/equidash.eu\/?s={search_term_string}\"},\"query-input\":{\"@type\":\"PropertyValueSpecification\",\"valueRequired\":true,\"valueName\":\"search_term_string\"}}],\"inLanguage\":\"et\"},{\"@type\":\"Organization\",\"@id\":\"https:\/\/equidash.eu\/#organization\",\"name\":\"EquiDash\",\"alternateName\":\"EquiDash\",\"url\":\"https:\/\/equidash.eu\/\",\"logo\":{\"@type\":\"ImageObject\",\"inLanguage\":\"et\",\"@id\":\"https:\/\/equidash.eu\/#\/schema\/logo\/image\/\",\"url\":\"https:\/\/equidash.eu\/wp-content\/uploads\/2024\/09\/EQUIDASH_Logo_Raud-1.png\",\"contentUrl\":\"https:\/\/equidash.eu\/wp-content\/uploads\/2024\/09\/EQUIDASH_Logo_Raud-1.png\",\"width\":393,\"height\":422,\"caption\":\"EquiDash\"},\"image\":{\"@id\":\"https:\/\/equidash.eu\/#\/schema\/logo\/image\/\"},\"sameAs\":[\"https:\/\/www.facebook.com\/people\/EquiDash\/61560864479586\/\",\"https:\/\/www.instagram.com\/equidash.eshop\/\"],\"email\":\"info@equidash.eu\",\"telephone\":\"+372 59007334\",\"legalName\":\"Takian Corporation O\u00dc\",\"foundingDate\":\"2020-10-21\",\"vatID\":\"EE102301283\",\"numberOfEmployees\":{\"@type\":\"QuantitativeValue\",\"minValue\":\"1\",\"maxValue\":\"10\"},\"hasMerchantReturnPolicy\":{\"@type\":\"MerchantReturnPolicy\",\"merchantReturnLink\":\"https:\/\/equidash.eu\/et\/return-privacy\/\"}}]}<\/script>\n<meta property=\"product:brand\" content=\"Lami-Cell\" \/>\n<meta property=\"og:availability\" content=\"instock\" \/>\n<meta property=\"product:availability\" content=\"instock\" \/>\n<meta property=\"product:retailer_item_id\" content=\"132171\" \/>\n<meta property=\"product:condition\" content=\"new\" \/>\n<!-- \/ Yoast SEO Premium plugin. -->","yoast_head_json":{"title":"Lamicell Long body brush 8cm | Parima hinnaga ratsavarustuse e-pood","description":"Lamicell Long body brush 8cm | Pikkade harjastega kehahari hobuse puhastamiseks ja viimistlemiseks. Harjaste pikkus 8 cm, mugav k\u00e4epide.","robots":{"index":"index","follow":"follow","max-snippet":"max-snippet:-1","max-image-preview":"max-image-preview:large","max-video-preview":"max-video-preview:-1"},"canonical":"https:\/\/equidash.eu\/et\/shop\/hobune\/lamicell-long-body-brush-8cm\/","og_locale":"et_EE","og_type":"article","og_title":"Lamicell Long body brush 8cm","og_description":"Lamicell Long body brush 8cm | Pikkade harjastega kehahari hobuse puhastamiseks ja viimistlemiseks. Harjaste pikkus 8 cm, mugav k\u00e4epide.","og_url":"https:\/\/equidash.eu\/et\/shop\/hobune\/lamicell-long-body-brush-8cm\/","og_site_name":"Parima hinnaga ratsavarustuse e-pood","article_publisher":"https:\/\/www.facebook.com\/people\/EquiDash\/61560864479586\/","article_modified_time":"2025-01-28T22:32:33+00:00","og_image":[{"width":2560,"height":2560,"url":"https:\/\/equidash.eu\/wp-content\/uploads\/2025\/01\/Lamicell_Long-body-brush_8cm_Gray.jpg","type":"image\/jpeg"}],"twitter_card":"summary_large_image","twitter_misc":{"Availability":"In stock"},"schema":{"@context":"https:\/\/schema.org","@graph":[{"@type":"WebPage","@id":"https:\/\/equidash.eu\/shop\/horse\/lamicell-long-body-brush-8cm\/","url":"https:\/\/equidash.eu\/shop\/horse\/lamicell-long-body-brush-8cm\/","name":"Lamicell Long body brush 8cm | Parima hinnaga ratsavarustuse e-pood","isPartOf":{"@id":"https:\/\/equidash.eu\/#website"},"primaryImageOfPage":{"@id":"https:\/\/equidash.eu\/shop\/horse\/lamicell-long-body-brush-8cm\/#primaryimage"},"image":{"@id":"https:\/\/equidash.eu\/shop\/horse\/lamicell-long-body-brush-8cm\/#primaryimage"},"thumbnailUrl":"https:\/\/equidash.eu\/wp-content\/uploads\/2025\/01\/Lamicell_Long-body-brush_8cm_Gray.jpg","datePublished":"2025-01-17T20:02:06+00:00","dateModified":"2025-01-28T22:32:33+00:00","description":"Lamicell Long body brush 8cm | Pikkade harjastega kehahari hobuse puhastamiseks ja viimistlemiseks. Harjaste pikkus 8 cm, mugav k\u00e4epide.","breadcrumb":{"@id":"https:\/\/equidash.eu\/shop\/horse\/lamicell-long-body-brush-8cm\/#breadcrumb"},"inLanguage":"et","potentialAction":[{"@type":"ReadAction","target":["https:\/\/equidash.eu\/shop\/horse\/lamicell-long-body-brush-8cm\/"]}]},{"@type":"ImageObject","inLanguage":"et","@id":"https:\/\/equidash.eu\/shop\/horse\/lamicell-long-body-brush-8cm\/#primaryimage","url":"https:\/\/equidash.eu\/wp-content\/uploads\/2025\/01\/Lamicell_Long-body-brush_8cm_Gray.jpg","contentUrl":"https:\/\/equidash.eu\/wp-content\/uploads\/2025\/01\/Lamicell_Long-body-brush_8cm_Gray.jpg","width":2560,"height":2560,"caption":"Lami-Cell tugevate ja pikkade harjastega tolmuhari hobusele - ideaalne mustuse eemaldamiseks. Toon hall"},{"@type":"BreadcrumbList","@id":"https:\/\/equidash.eu\/shop\/horse\/lamicell-long-body-brush-8cm\/#breadcrumb","itemListElement":[{"@type":"ListItem","position":1,"name":"Home","item":"https:\/\/equidash.eu\/"},{"@type":"ListItem","position":2,"name":"Shop","item":"https:\/\/equidash.eu\/shop\/"},{"@type":"ListItem","position":3,"name":"Lamicell Long body brush 8cm"}]},{"@type":"WebSite","@id":"https:\/\/equidash.eu\/#website","url":"https:\/\/equidash.eu\/","name":"EquiDash","description":"Horse Riding Equipment and Accessories","publisher":{"@id":"https:\/\/equidash.eu\/#organization"},"alternateName":"EquiDash","potentialAction":[{"@type":"SearchAction","target":{"@type":"EntryPoint","urlTemplate":"https:\/\/equidash.eu\/?s={search_term_string}"},"query-input":{"@type":"PropertyValueSpecification","valueRequired":true,"valueName":"search_term_string"}}],"inLanguage":"et"},{"@type":"Organization","@id":"https:\/\/equidash.eu\/#organization","name":"EquiDash","alternateName":"EquiDash","url":"https:\/\/equidash.eu\/","logo":{"@type":"ImageObject","inLanguage":"et","@id":"https:\/\/equidash.eu\/#\/schema\/logo\/image\/","url":"https:\/\/equidash.eu\/wp-content\/uploads\/2024\/09\/EQUIDASH_Logo_Raud-1.png","contentUrl":"https:\/\/equidash.eu\/wp-content\/uploads\/2024\/09\/EQUIDASH_Logo_Raud-1.png","width":393,"height":422,"caption":"EquiDash"},"image":{"@id":"https:\/\/equidash.eu\/#\/schema\/logo\/image\/"},"sameAs":["https:\/\/www.facebook.com\/people\/EquiDash\/61560864479586\/","https:\/\/www.instagram.com\/equidash.eshop\/"],"email":"info@equidash.eu","telephone":"+372 59007334","legalName":"Takian Corporation O\u00dc","foundingDate":"2020-10-21","vatID":"EE102301283","numberOfEmployees":{"@type":"QuantitativeValue","minValue":"1","maxValue":"10"},"hasMerchantReturnPolicy":{"@type":"MerchantReturnPolicy","merchantReturnLink":"https:\/\/equidash.eu\/et\/return-privacy\/"}}]},"product_brand":"Lami-Cell","og_availability":"instock","product_availability":"instock","product_retailer_item_id":"132171","product_condition":"new"},"_links":{"self":[{"href":"https:\/\/equidash.eu\/et\/wp-json\/wp\/v2\/product\/2763","targetHints":{"allow":["GET"]}}],"collection":[{"href":"https:\/\/equidash.eu\/et\/wp-json\/wp\/v2\/product"}],"about":[{"href":"https:\/\/equidash.eu\/et\/wp-json\/wp\/v2\/types\/product"}],"wp:featuredmedia":[{"embeddable":true,"href":"https:\/\/equidash.eu\/et\/wp-json\/wp\/v2\/media\/2773"}],"wp:attachment":[{"href":"https:\/\/equidash.eu\/et\/wp-json\/wp\/v2\/media?parent=2763"}],"wp:term":[{"taxonomy":"product_brand","embeddable":true,"href":"https:\/\/equidash.eu\/et\/wp-json\/wp\/v2\/product_brand?post=2763"},{"taxonomy":"product_cat","embeddable":true,"href":"https:\/\/equidash.eu\/et\/wp-json\/wp\/v2\/product_cat?post=2763"},{"taxonomy":"product_tag","embeddable":true,"href":"https:\/\/equidash.eu\/et\/wp-json\/wp\/v2\/product_tag?post=2763"}],"curies":[{"name":"wp","href":"https:\/\/api.w.org\/{rel}","templated":true}]}}