{"id":2908,"date":"2025-01-23T18:16:59","date_gmt":"2025-01-23T16:16:59","guid":{"rendered":"https:\/\/equidash.eu\/?post_type=product&#038;p=2908"},"modified":"2025-01-23T22:48:20","modified_gmt":"2025-01-23T20:48:20","slug":"imperial-riding-lunging-girth-deluxe","status":"publish","type":"product","link":"https:\/\/equidash.eu\/et\/shop\/horse\/imperial-riding-lunging-girth-deluxe\/","title":{"rendered":"Imperial Riding kordev\u00f6\u00f6 Deluxe"},"content":{"rendered":"<p>Imperial Riding kordetamise sedelgas Deluxe on valmistatud kvaliteetsest nailonist, millel on pehmest neopreenist vooder, tagades sinu hobusele maksimaalse mugavuse. Mitmete r\u00f5ngastega disain abivahenditele, vastavavalt erinevatele treeningvajadustele. Erinevalt traditsioonilistest kordev\u00f6\u00f6dest ei toetu see uuenduslik disain turjale, tagades maksimaalse mugavuse ja liikumisvabaduse. T\u00f5sta oma kordetamisv\u00f5tted uuele tasemele koos Imperial Riding sedelgaga Deluxe!<\/p>\n<ul>\n<li>Materjal on 100% pol\u00fcester<\/li>\n<li>Sisaldab palju r\u00f5ngaid abivahenditele ja v\u00f6\u00f6d<\/li>\n<li>Ainulaadne disain v\u00e4ldib turjale toetamist, et pakkuda lisamugavust<\/li>\n<li>Sedelga laius on 10 cm<\/li>\n<\/ul>\n<p>Hooldamine: Puhasta niiske lapiga.<\/p>\n<p>&nbsp;<\/p>","protected":false},"excerpt":{"rendered":"<p><a href=\"https:\/\/equidash.eu\/et\/tootesilt\/imperial-riding\/\"><img decoding=\"async\" style=\"height: 60px; margin-top: 20px;\" src=\"https:\/\/equidash.eu\/wp-content\/uploads\/2024\/12\/IR-Small-Horseshoe_DivaPink.png\" alt=\"\" \/><\/a><\/p>","protected":false},"featured_media":2924,"template":"","meta":{"_acf_changed":false,"_joinchat":[]},"product_brand":[504],"product_cat":[27,226],"product_tag":[500,380],"class_list":{"0":"post-2908","1":"product","2":"type-product","3":"status-publish","4":"has-post-thumbnail","6":"product_brand-imperial-riding","7":"product_cat-horse","8":"product_cat-lunging-equipment","9":"product_tag-deluxe","10":"product_tag-imperial-riding","11":"pa_colors-black","12":"pa_colors-rosy","13":"pa_size-cob","14":"pa_size-full","15":"pa_size-pony","17":"first","18":"onbackorder","19":"taxable","20":"shipping-taxable","21":"purchasable","22":"product-type-variable"},"acf":[],"yoast_head":"<!-- This site is optimized with the Yoast SEO Premium plugin v26.2 (Yoast SEO v27.3) - https:\/\/yoast.com\/product\/yoast-seo-premium-wordpress\/ -->\n<title>Imperial Riding Lunging Girth Deluxe | Parima hinnaga ratsavarustuse e-pood<\/title>\n<meta name=\"description\" content=\"Imperial Riding Lunging Girth Deluxe | Kvaliteetsest nailonist ja pehme neopreenvoodriga kordev\u00f6\u00f6 hobustele ja ponidele, maksimaalne mugavus!\" \/>\n<meta name=\"robots\" content=\"index, follow, max-snippet:-1, max-image-preview:large, max-video-preview:-1\" \/>\n<link rel=\"canonical\" href=\"https:\/\/equidash.eu\/et\/shop\/hobune\/imperial-riding-lunging-girth-deluxe\/\" \/>\n<meta property=\"og:locale\" content=\"et_EE\" \/>\n<meta property=\"og:type\" content=\"article\" \/>\n<meta property=\"og:title\" content=\"Imperial Riding Lunging Girth Deluxe\" \/>\n<meta property=\"og:description\" content=\"Imperial Riding Lunging Girth Deluxe | Kvaliteetsest nailonist ja pehme neopreenvoodriga kordev\u00f6\u00f6 hobustele ja ponidele, maksimaalne mugavus!\" \/>\n<meta property=\"og:url\" content=\"https:\/\/equidash.eu\/et\/shop\/hobune\/imperial-riding-lunging-girth-deluxe\/\" \/>\n<meta property=\"og:site_name\" content=\"Parima hinnaga ratsavarustuse e-pood\" \/>\n<meta property=\"article:publisher\" content=\"https:\/\/www.facebook.com\/people\/EquiDash\/61560864479586\/\" \/>\n<meta property=\"article:modified_time\" content=\"2025-01-23T20:48:20+00:00\" \/>\n<meta property=\"og:image\" content=\"https:\/\/equidash.eu\/wp-content\/uploads\/2025\/01\/1607030003_9000_9000-Black_0-scaled.jpg\" \/>\n\t<meta property=\"og:image:width\" content=\"2560\" \/>\n\t<meta property=\"og:image:height\" content=\"2560\" \/>\n\t<meta property=\"og:image:type\" content=\"image\/jpeg\" \/>\n<meta name=\"twitter:card\" content=\"summary_large_image\" \/>\n<meta name=\"twitter:label1\" content=\"Availability\" \/>\n\t<meta name=\"twitter:data1\" content=\"On backorder\" \/>\n<script type=\"application\/ld+json\" class=\"yoast-schema-graph\">{\"@context\":\"https:\\\/\\\/schema.org\",\"@graph\":[{\"@type\":\"WebPage\",\"@id\":\"https:\\\/\\\/equidash.eu\\\/shop\\\/horse\\\/imperial-riding-lunging-girth-deluxe\\\/\",\"url\":\"https:\\\/\\\/equidash.eu\\\/shop\\\/horse\\\/imperial-riding-lunging-girth-deluxe\\\/\",\"name\":\"Imperial Riding Lunging Girth Deluxe | Parima hinnaga ratsavarustuse e-pood\",\"isPartOf\":{\"@id\":\"https:\\\/\\\/equidash.eu\\\/#website\"},\"primaryImageOfPage\":{\"@id\":\"https:\\\/\\\/equidash.eu\\\/shop\\\/horse\\\/imperial-riding-lunging-girth-deluxe\\\/#primaryimage\"},\"image\":{\"@id\":\"https:\\\/\\\/equidash.eu\\\/shop\\\/horse\\\/imperial-riding-lunging-girth-deluxe\\\/#primaryimage\"},\"thumbnailUrl\":\"https:\\\/\\\/equidash.eu\\\/wp-content\\\/uploads\\\/2025\\\/01\\\/1607030003_9000_9000-Black_0-scaled.jpg\",\"datePublished\":\"2025-01-23T16:16:59+00:00\",\"dateModified\":\"2025-01-23T20:48:20+00:00\",\"description\":\"Imperial Riding Lunging Girth Deluxe | Kvaliteetsest nailonist ja pehme neopreenvoodriga kordev\u00f6\u00f6 hobustele ja ponidele, maksimaalne mugavus!\",\"breadcrumb\":{\"@id\":\"https:\\\/\\\/equidash.eu\\\/shop\\\/horse\\\/imperial-riding-lunging-girth-deluxe\\\/#breadcrumb\"},\"inLanguage\":\"et\",\"potentialAction\":[{\"@type\":\"ReadAction\",\"target\":[\"https:\\\/\\\/equidash.eu\\\/shop\\\/horse\\\/imperial-riding-lunging-girth-deluxe\\\/\"]}]},{\"@type\":\"ImageObject\",\"inLanguage\":\"et\",\"@id\":\"https:\\\/\\\/equidash.eu\\\/shop\\\/horse\\\/imperial-riding-lunging-girth-deluxe\\\/#primaryimage\",\"url\":\"https:\\\/\\\/equidash.eu\\\/wp-content\\\/uploads\\\/2025\\\/01\\\/1607030003_9000_9000-Black_0-scaled.jpg\",\"contentUrl\":\"https:\\\/\\\/equidash.eu\\\/wp-content\\\/uploads\\\/2025\\\/01\\\/1607030003_9000_9000-Black_0-scaled.jpg\",\"width\":2560,\"height\":2560,\"caption\":\"Imperial Riding kordetamise sedelgas Deluxe \u2013 mugav ja mitmek\u00fclgne treeningvahend hobusele. Musta v\u00e4rvi\"},{\"@type\":\"BreadcrumbList\",\"@id\":\"https:\\\/\\\/equidash.eu\\\/shop\\\/horse\\\/imperial-riding-lunging-girth-deluxe\\\/#breadcrumb\",\"itemListElement\":[{\"@type\":\"ListItem\",\"position\":1,\"name\":\"Home\",\"item\":\"https:\\\/\\\/equidash.eu\\\/\"},{\"@type\":\"ListItem\",\"position\":2,\"name\":\"Shop\",\"item\":\"https:\\\/\\\/equidash.eu\\\/shop\\\/\"},{\"@type\":\"ListItem\",\"position\":3,\"name\":\"Imperial Riding Lunging Girth Deluxe\"}]},{\"@type\":\"WebSite\",\"@id\":\"https:\\\/\\\/equidash.eu\\\/#website\",\"url\":\"https:\\\/\\\/equidash.eu\\\/\",\"name\":\"EquiDash\",\"description\":\"Horse Riding Equipment and Accessories\",\"publisher\":{\"@id\":\"https:\\\/\\\/equidash.eu\\\/#organization\"},\"alternateName\":\"EquiDash\",\"potentialAction\":[{\"@type\":\"SearchAction\",\"target\":{\"@type\":\"EntryPoint\",\"urlTemplate\":\"https:\\\/\\\/equidash.eu\\\/?s={search_term_string}\"},\"query-input\":{\"@type\":\"PropertyValueSpecification\",\"valueRequired\":true,\"valueName\":\"search_term_string\"}}],\"inLanguage\":\"et\"},{\"@type\":\"Organization\",\"@id\":\"https:\\\/\\\/equidash.eu\\\/#organization\",\"name\":\"EquiDash\",\"alternateName\":\"EquiDash\",\"url\":\"https:\\\/\\\/equidash.eu\\\/\",\"logo\":{\"@type\":\"ImageObject\",\"inLanguage\":\"et\",\"@id\":\"https:\\\/\\\/equidash.eu\\\/#\\\/schema\\\/logo\\\/image\\\/\",\"url\":\"https:\\\/\\\/equidash.eu\\\/wp-content\\\/uploads\\\/2024\\\/09\\\/EQUIDASH_Logo_Raud-1.png\",\"contentUrl\":\"https:\\\/\\\/equidash.eu\\\/wp-content\\\/uploads\\\/2024\\\/09\\\/EQUIDASH_Logo_Raud-1.png\",\"width\":393,\"height\":422,\"caption\":\"EquiDash\"},\"image\":{\"@id\":\"https:\\\/\\\/equidash.eu\\\/#\\\/schema\\\/logo\\\/image\\\/\"},\"sameAs\":[\"https:\\\/\\\/www.facebook.com\\\/people\\\/EquiDash\\\/61560864479586\\\/\",\"https:\\\/\\\/www.instagram.com\\\/equidash.eshop\\\/\"],\"email\":\"info@equidash.eu\",\"telephone\":\"+372 59007334\",\"legalName\":\"Takian Corporation O\u00dc\",\"foundingDate\":\"2020-10-21\",\"vatID\":\"EE102301283\",\"numberOfEmployees\":{\"@type\":\"QuantitativeValue\",\"minValue\":\"1\",\"maxValue\":\"10\"},\"hasMerchantReturnPolicy\":{\"@type\":\"MerchantReturnPolicy\",\"merchantReturnLink\":\"https:\\\/\\\/equidash.eu\\\/et\\\/return-privacy\\\/\"}}]}<\/script>\n<meta property=\"product:brand\" content=\"Imperial Riding\" \/>\n<meta property=\"og:availability\" content=\"backorder\" \/>\n<meta property=\"product:availability\" content=\"available for order\" \/>\n<meta property=\"product:retailer_item_id\" content=\"1607030003\" \/>\n<meta property=\"product:condition\" content=\"new\" \/>\n<!-- \/ Yoast SEO Premium plugin. -->","yoast_head_json":{"title":"Imperial Riding Lunging Girth Deluxe | Parima hinnaga ratsavarustuse e-pood","description":"Imperial Riding Lunging Girth Deluxe | Kvaliteetsest nailonist ja pehme neopreenvoodriga kordev\u00f6\u00f6 hobustele ja ponidele, maksimaalne mugavus!","robots":{"index":"index","follow":"follow","max-snippet":"max-snippet:-1","max-image-preview":"max-image-preview:large","max-video-preview":"max-video-preview:-1"},"canonical":"https:\/\/equidash.eu\/et\/shop\/hobune\/imperial-riding-lunging-girth-deluxe\/","og_locale":"et_EE","og_type":"article","og_title":"Imperial Riding Lunging Girth Deluxe","og_description":"Imperial Riding Lunging Girth Deluxe | Kvaliteetsest nailonist ja pehme neopreenvoodriga kordev\u00f6\u00f6 hobustele ja ponidele, maksimaalne mugavus!","og_url":"https:\/\/equidash.eu\/et\/shop\/hobune\/imperial-riding-lunging-girth-deluxe\/","og_site_name":"Parima hinnaga ratsavarustuse e-pood","article_publisher":"https:\/\/www.facebook.com\/people\/EquiDash\/61560864479586\/","article_modified_time":"2025-01-23T20:48:20+00:00","og_image":[{"width":2560,"height":2560,"url":"https:\/\/equidash.eu\/wp-content\/uploads\/2025\/01\/1607030003_9000_9000-Black_0-scaled.jpg","type":"image\/jpeg"}],"twitter_card":"summary_large_image","twitter_misc":{"Availability":"On backorder"},"schema":{"@context":"https:\/\/schema.org","@graph":[{"@type":"WebPage","@id":"https:\/\/equidash.eu\/shop\/horse\/imperial-riding-lunging-girth-deluxe\/","url":"https:\/\/equidash.eu\/shop\/horse\/imperial-riding-lunging-girth-deluxe\/","name":"Imperial Riding Lunging Girth Deluxe | Parima hinnaga ratsavarustuse e-pood","isPartOf":{"@id":"https:\/\/equidash.eu\/#website"},"primaryImageOfPage":{"@id":"https:\/\/equidash.eu\/shop\/horse\/imperial-riding-lunging-girth-deluxe\/#primaryimage"},"image":{"@id":"https:\/\/equidash.eu\/shop\/horse\/imperial-riding-lunging-girth-deluxe\/#primaryimage"},"thumbnailUrl":"https:\/\/equidash.eu\/wp-content\/uploads\/2025\/01\/1607030003_9000_9000-Black_0-scaled.jpg","datePublished":"2025-01-23T16:16:59+00:00","dateModified":"2025-01-23T20:48:20+00:00","description":"Imperial Riding Lunging Girth Deluxe | Kvaliteetsest nailonist ja pehme neopreenvoodriga kordev\u00f6\u00f6 hobustele ja ponidele, maksimaalne mugavus!","breadcrumb":{"@id":"https:\/\/equidash.eu\/shop\/horse\/imperial-riding-lunging-girth-deluxe\/#breadcrumb"},"inLanguage":"et","potentialAction":[{"@type":"ReadAction","target":["https:\/\/equidash.eu\/shop\/horse\/imperial-riding-lunging-girth-deluxe\/"]}]},{"@type":"ImageObject","inLanguage":"et","@id":"https:\/\/equidash.eu\/shop\/horse\/imperial-riding-lunging-girth-deluxe\/#primaryimage","url":"https:\/\/equidash.eu\/wp-content\/uploads\/2025\/01\/1607030003_9000_9000-Black_0-scaled.jpg","contentUrl":"https:\/\/equidash.eu\/wp-content\/uploads\/2025\/01\/1607030003_9000_9000-Black_0-scaled.jpg","width":2560,"height":2560,"caption":"Imperial Riding kordetamise sedelgas Deluxe \u2013 mugav ja mitmek\u00fclgne treeningvahend hobusele. Musta v\u00e4rvi"},{"@type":"BreadcrumbList","@id":"https:\/\/equidash.eu\/shop\/horse\/imperial-riding-lunging-girth-deluxe\/#breadcrumb","itemListElement":[{"@type":"ListItem","position":1,"name":"Home","item":"https:\/\/equidash.eu\/"},{"@type":"ListItem","position":2,"name":"Shop","item":"https:\/\/equidash.eu\/shop\/"},{"@type":"ListItem","position":3,"name":"Imperial Riding Lunging Girth Deluxe"}]},{"@type":"WebSite","@id":"https:\/\/equidash.eu\/#website","url":"https:\/\/equidash.eu\/","name":"EquiDash","description":"Horse Riding Equipment and Accessories","publisher":{"@id":"https:\/\/equidash.eu\/#organization"},"alternateName":"EquiDash","potentialAction":[{"@type":"SearchAction","target":{"@type":"EntryPoint","urlTemplate":"https:\/\/equidash.eu\/?s={search_term_string}"},"query-input":{"@type":"PropertyValueSpecification","valueRequired":true,"valueName":"search_term_string"}}],"inLanguage":"et"},{"@type":"Organization","@id":"https:\/\/equidash.eu\/#organization","name":"EquiDash","alternateName":"EquiDash","url":"https:\/\/equidash.eu\/","logo":{"@type":"ImageObject","inLanguage":"et","@id":"https:\/\/equidash.eu\/#\/schema\/logo\/image\/","url":"https:\/\/equidash.eu\/wp-content\/uploads\/2024\/09\/EQUIDASH_Logo_Raud-1.png","contentUrl":"https:\/\/equidash.eu\/wp-content\/uploads\/2024\/09\/EQUIDASH_Logo_Raud-1.png","width":393,"height":422,"caption":"EquiDash"},"image":{"@id":"https:\/\/equidash.eu\/#\/schema\/logo\/image\/"},"sameAs":["https:\/\/www.facebook.com\/people\/EquiDash\/61560864479586\/","https:\/\/www.instagram.com\/equidash.eshop\/"],"email":"info@equidash.eu","telephone":"+372 59007334","legalName":"Takian Corporation O\u00dc","foundingDate":"2020-10-21","vatID":"EE102301283","numberOfEmployees":{"@type":"QuantitativeValue","minValue":"1","maxValue":"10"},"hasMerchantReturnPolicy":{"@type":"MerchantReturnPolicy","merchantReturnLink":"https:\/\/equidash.eu\/et\/return-privacy\/"}}]},"product_brand":"Imperial Riding","og_availability":"backorder","product_availability":"available for order","product_retailer_item_id":"1607030003","product_condition":"new"},"_links":{"self":[{"href":"https:\/\/equidash.eu\/et\/wp-json\/wp\/v2\/product\/2908","targetHints":{"allow":["GET"]}}],"collection":[{"href":"https:\/\/equidash.eu\/et\/wp-json\/wp\/v2\/product"}],"about":[{"href":"https:\/\/equidash.eu\/et\/wp-json\/wp\/v2\/types\/product"}],"wp:featuredmedia":[{"embeddable":true,"href":"https:\/\/equidash.eu\/et\/wp-json\/wp\/v2\/media\/2924"}],"wp:attachment":[{"href":"https:\/\/equidash.eu\/et\/wp-json\/wp\/v2\/media?parent=2908"}],"wp:term":[{"taxonomy":"product_brand","embeddable":true,"href":"https:\/\/equidash.eu\/et\/wp-json\/wp\/v2\/product_brand?post=2908"},{"taxonomy":"product_cat","embeddable":true,"href":"https:\/\/equidash.eu\/et\/wp-json\/wp\/v2\/product_cat?post=2908"},{"taxonomy":"product_tag","embeddable":true,"href":"https:\/\/equidash.eu\/et\/wp-json\/wp\/v2\/product_tag?post=2908"}],"curies":[{"name":"wp","href":"https:\/\/api.w.org\/{rel}","templated":true}]}}