{"id":2963,"date":"2025-01-24T14:14:24","date_gmt":"2025-01-24T12:14:24","guid":{"rendered":"https:\/\/equidash.eu\/?post_type=product&#038;p=2963"},"modified":"2025-10-03T12:02:34","modified_gmt":"2025-10-03T10:02:34","slug":"excellent-horse-electrolytes-powder","status":"publish","type":"product","link":"https:\/\/equidash.eu\/et\/shop\/horse\/excellent-horse-electrolytes-powder\/","title":{"rendered":"Excellent Horse elektrol\u00fc\u00fcdid pulbrina"},"content":{"rendered":"<p>Excellent Horse Electrolytes Powder on ideaalne niiskuse imendumiseks ja s\u00e4ilitamiseks, mis t\u00e4hendab, et toode on m\u00f5eldud vedelike ja niiskuse paremaks imamiseks ja hoidmiseks hobuse kehas.<b> <\/b>T\u00e4iends\u00f6\u00f6t hobustele elektrol\u00fc\u00fctide kaotuse kompenseerimiseks tugeva higistamise korral. Aitab kaasa niiskustasakaalu kiirele taastumisele (suure) pingutuse ajal, et v\u00e4ltida deh\u00fcdratsiooni ja parandada taastumist.<\/p>\n<ul>\n<li>K\u00f5rge kvaliteediga elektrol\u00fc\u00fctide segu, mis sisaldab olulisi soolasid, tsinki ja B2-vitamiini<sub>2<\/sub> ning sobib ideaalselt higistamisega kadunud mineraalide t\u00e4iendamiseks.<\/li>\n<li>Ideaalne soolade lisand ning tagab t\u00f5husa niiskuse imendumise ja s\u00e4ilimise.<\/li>\n<li>Toetab keha kiiret taastumist. Sobib suurep\u00e4raselt (suure) pingutuse v\u00f5i kuuma ilmaga higistamisest tingitud niiskuskadu korral.<\/li>\n<li>Elektrol\u00fc\u00fctide pulber aitab kaasa lihaste normaalsele talitlusele.<\/li>\n<\/ul>\n<p><strong>Ideaalne kuuma ilma, pingutuse v\u00f5i v\u00f5istluse ajal tekkiva vedelikukaotuse korral, kuna ainult vesi ei ole kiireks taastumiseks piisav.<\/strong><\/p>\n<p>Tugevalt higistades kaotab hobune lisaks niiskusele ka elektrol\u00fc\u00fcte (soolasid nagu kloriid, naatrium, kaalium, magneesium ja kaltsium) ja mikroelemente (nt tsink). Hobuse higi sisaldab \u00fche liitri vedeliku kohta rohkem elektrol\u00fc\u00fcte kui veri v\u00f5i mis tahes muu kehavedelik. Hobune kaotab joogiisu, kui elektrol\u00fc\u00fctide kontsentratsioon kehas on madal, mis v\u00f5ib p\u00f5hjustada deh\u00fcdratsiooni, hoolimata v\u00e4rske joogivee olemasolust.<\/p>\n<p><strong>Kolm-\u00fches: kasutatav kolmel erineval viisil<\/strong><br \/>\nSeda kvaliteetset elektrol\u00fc\u00fcdi segu saab h\u00f5lpsasti valmistada kolmel viisil:<\/p>\n<ul>\n<li>Kuivalt s\u00f6\u00f6da peale<\/li>\n<li>Segatuna joogiveega, pulber lahustub v\u00e4ga h\u00e4sti<\/li>\n<li><span style=\"color: #555555; font-size: 14.4px;\">Lisada niiskele s\u00f6\u00f6dale (nt. mash)<\/span><\/li>\n<\/ul>\n<p><strong style=\"color: #555555; font-size: 14.4px;\">S\u00f6\u00f6da juhised:<\/strong><\/p>\n<p>25 grammi 1 liitri vee kohta<\/p>\n<p>Manustada alates 1 p\u00e4ev enne kuni 2 p\u00e4eva p\u00e4rast pingutust. Maksimaalne annus 100 grammi p\u00e4evas. Veenduge, et v\u00e4rske joogivesi oleks kogu aeg kergesti saadaval. Hoidu kuivas ja jaheda, eemal p\u00e4ikesest, peale kasutamist sulge pakens.<\/p>\n<p>Koostis:<span class=\"Apple-converted-space\">\u00a0<\/span><\/p>\n<ul>\n<li>Dekstroos, naatriumkloriid, kaaliumkloriid, naatriumbikarmonaadid, magneesium oksiid, \n3b603zink 750mg, 3a825ii vitamiin B2 200mg, 1a327 calcium lactaat 26,000mg, 2b vanilje aroom 2,500 mg.<\/li>\n<li>Toortuhk 36,9%, toorproteiin 0,1%, toorkiud 0,1%, toorrasv 0,1%, kloriid 18,5%, naatrium 12%, eotassium 3%, magneesium 1,1%, calcium 0,4.<\/li>\n<\/ul>\n<p><span style=\"color: #555555; font-size: 14.4px;\">QS-ID no. 4048473530958<\/span><\/p>\n<p data-start=\"27\" data-end=\"60\">Tootja: Hofman Animalcare, De Leemkoele 2, 7468 DM Enter (kaubam\u00e4rk Excellent Horse)<\/p>\n<p data-start=\"62\" data-end=\"96\" data-is-last-node=\"\" data-is-only-node=\"\">P\u00e4ritoluriik: Holland<\/p>","protected":false},"excerpt":{"rendered":"<p class=\"ai-optimize-23 ai-optimize-introduction\"><a href=\"https:\/\/equidash.eu\/et\/tootesilt\/excellent-horse\/\"><img decoding=\"async\" style=\"height: 60px; margin-top: 20px;\" src=\"https:\/\/equidash.eu\/wp-content\/uploads\/2024\/12\/Excellent-Horse-logo.png\" alt=\"\" \/><\/a><\/p>","protected":false},"featured_media":2966,"template":"","meta":{"_acf_changed":false,"_joinchat":[]},"product_brand":[508],"product_cat":[710,27,251,405],"product_tag":[423,402],"class_list":{"0":"post-2963","1":"product","2":"type-product","3":"status-publish","4":"has-post-thumbnail","6":"product_brand-excellent-horse","7":"product_cat-energy","8":"product_cat-horse","9":"product_cat-horse-feed-nutrition","10":"product_cat-supplements","11":"product_tag-electrolyte","12":"product_tag-excellent-horse","13":"pa_size-1-kg","14":"pa_size-2-5-kg","16":"first","17":"onbackorder","18":"taxable","19":"shipping-taxable","20":"purchasable","21":"product-type-variable"},"acf":[],"yoast_head":"<!-- This site is optimized with the Yoast SEO Premium plugin v26.2 (Yoast SEO v27.2) - https:\/\/yoast.com\/product\/yoast-seo-premium-wordpress\/ -->\n<title>Excellent Horse Electrolytes Powder | Parima hinnaga ratsavarustuse e-pood<\/title>\n<meta name=\"description\" content=\"Excellent Horse Electrolytes Powder | K\u00f5rge kvaliteediga elektrol\u00fc\u00fctide segu hobustele, sisaldab olulisi soolasid, tsinki, B2-vitamiini.\" \/>\n<meta name=\"robots\" content=\"index, follow, max-snippet:-1, max-image-preview:large, max-video-preview:-1\" \/>\n<link rel=\"canonical\" href=\"https:\/\/equidash.eu\/et\/shop\/hobune\/excellent-horse-electrolytes-powder\/\" \/>\n<meta property=\"og:locale\" content=\"et_EE\" \/>\n<meta property=\"og:type\" content=\"article\" \/>\n<meta property=\"og:title\" content=\"Excellent Horse Electrolytes Powder\" \/>\n<meta property=\"og:description\" content=\"Excellent Horse Electrolytes Powder | K\u00f5rge kvaliteediga elektrol\u00fc\u00fctide segu hobustele, sisaldab olulisi soolasid, tsinki, B2-vitamiini.\" \/>\n<meta property=\"og:url\" content=\"https:\/\/equidash.eu\/et\/shop\/hobune\/excellent-horse-electrolytes-powder\/\" \/>\n<meta property=\"og:site_name\" content=\"Parima hinnaga ratsavarustuse e-pood\" \/>\n<meta property=\"article:publisher\" content=\"https:\/\/www.facebook.com\/people\/EquiDash\/61560864479586\/\" \/>\n<meta property=\"article:modified_time\" content=\"2025-10-03T10:02:34+00:00\" \/>\n<meta property=\"og:image\" content=\"https:\/\/equidash.eu\/wp-content\/uploads\/2025\/01\/Excellent_Electrolytes_Powder_1kg.jpg\" \/>\n\t<meta property=\"og:image:width\" content=\"1024\" \/>\n\t<meta property=\"og:image:height\" content=\"1024\" \/>\n\t<meta property=\"og:image:type\" content=\"image\/jpeg\" \/>\n<meta name=\"twitter:card\" content=\"summary_large_image\" \/>\n<meta name=\"twitter:label1\" content=\"Availability\" \/>\n\t<meta name=\"twitter:data1\" content=\"On backorder\" \/>\n<script type=\"application\/ld+json\" class=\"yoast-schema-graph\">{\"@context\":\"https:\/\/schema.org\",\"@graph\":[{\"@type\":\"WebPage\",\"@id\":\"https:\/\/equidash.eu\/shop\/horse\/excellent-horse-electrolytes-powder\/\",\"url\":\"https:\/\/equidash.eu\/shop\/horse\/excellent-horse-electrolytes-powder\/\",\"name\":\"Excellent Horse Electrolytes Powder | Parima hinnaga ratsavarustuse e-pood\",\"isPartOf\":{\"@id\":\"https:\/\/equidash.eu\/#website\"},\"primaryImageOfPage\":{\"@id\":\"https:\/\/equidash.eu\/shop\/horse\/excellent-horse-electrolytes-powder\/#primaryimage\"},\"image\":{\"@id\":\"https:\/\/equidash.eu\/shop\/horse\/excellent-horse-electrolytes-powder\/#primaryimage\"},\"thumbnailUrl\":\"https:\/\/equidash.eu\/wp-content\/uploads\/2025\/01\/Excellent_Electrolytes_Powder_1kg.jpg\",\"datePublished\":\"2025-01-24T12:14:24+00:00\",\"dateModified\":\"2025-10-03T10:02:34+00:00\",\"description\":\"Excellent Horse Electrolytes Powder | K\u00f5rge kvaliteediga elektrol\u00fc\u00fctide segu hobustele, sisaldab olulisi soolasid, tsinki, B2-vitamiini.\",\"breadcrumb\":{\"@id\":\"https:\/\/equidash.eu\/shop\/horse\/excellent-horse-electrolytes-powder\/#breadcrumb\"},\"inLanguage\":\"et\",\"potentialAction\":[{\"@type\":\"ReadAction\",\"target\":[\"https:\/\/equidash.eu\/shop\/horse\/excellent-horse-electrolytes-powder\/\"]}]},{\"@type\":\"ImageObject\",\"inLanguage\":\"et\",\"@id\":\"https:\/\/equidash.eu\/shop\/horse\/excellent-horse-electrolytes-powder\/#primaryimage\",\"url\":\"https:\/\/equidash.eu\/wp-content\/uploads\/2025\/01\/Excellent_Electrolytes_Powder_1kg.jpg\",\"contentUrl\":\"https:\/\/equidash.eu\/wp-content\/uploads\/2025\/01\/Excellent_Electrolytes_Powder_1kg.jpg\",\"width\":1024,\"height\":1024,\"caption\":\"Excellent Horse elektrol\u00fc\u00fctide pulber \u2013 niiskuse tasakaalu kiire taastamine. 1 kg\"},{\"@type\":\"BreadcrumbList\",\"@id\":\"https:\/\/equidash.eu\/shop\/horse\/excellent-horse-electrolytes-powder\/#breadcrumb\",\"itemListElement\":[{\"@type\":\"ListItem\",\"position\":1,\"name\":\"Home\",\"item\":\"https:\/\/equidash.eu\/\"},{\"@type\":\"ListItem\",\"position\":2,\"name\":\"Shop\",\"item\":\"https:\/\/equidash.eu\/shop\/\"},{\"@type\":\"ListItem\",\"position\":3,\"name\":\"Excellent Horse Electrolytes Powder\"}]},{\"@type\":\"WebSite\",\"@id\":\"https:\/\/equidash.eu\/#website\",\"url\":\"https:\/\/equidash.eu\/\",\"name\":\"EquiDash\",\"description\":\"Horse Riding Equipment and Accessories\",\"publisher\":{\"@id\":\"https:\/\/equidash.eu\/#organization\"},\"alternateName\":\"EquiDash\",\"potentialAction\":[{\"@type\":\"SearchAction\",\"target\":{\"@type\":\"EntryPoint\",\"urlTemplate\":\"https:\/\/equidash.eu\/?s={search_term_string}\"},\"query-input\":{\"@type\":\"PropertyValueSpecification\",\"valueRequired\":true,\"valueName\":\"search_term_string\"}}],\"inLanguage\":\"et\"},{\"@type\":\"Organization\",\"@id\":\"https:\/\/equidash.eu\/#organization\",\"name\":\"EquiDash\",\"alternateName\":\"EquiDash\",\"url\":\"https:\/\/equidash.eu\/\",\"logo\":{\"@type\":\"ImageObject\",\"inLanguage\":\"et\",\"@id\":\"https:\/\/equidash.eu\/#\/schema\/logo\/image\/\",\"url\":\"https:\/\/equidash.eu\/wp-content\/uploads\/2024\/09\/EQUIDASH_Logo_Raud-1.png\",\"contentUrl\":\"https:\/\/equidash.eu\/wp-content\/uploads\/2024\/09\/EQUIDASH_Logo_Raud-1.png\",\"width\":393,\"height\":422,\"caption\":\"EquiDash\"},\"image\":{\"@id\":\"https:\/\/equidash.eu\/#\/schema\/logo\/image\/\"},\"sameAs\":[\"https:\/\/www.facebook.com\/people\/EquiDash\/61560864479586\/\",\"https:\/\/www.instagram.com\/equidash.eshop\/\"],\"email\":\"info@equidash.eu\",\"telephone\":\"+372 59007334\",\"legalName\":\"Takian Corporation O\u00dc\",\"foundingDate\":\"2020-10-21\",\"vatID\":\"EE102301283\",\"numberOfEmployees\":{\"@type\":\"QuantitativeValue\",\"minValue\":\"1\",\"maxValue\":\"10\"},\"hasMerchantReturnPolicy\":{\"@type\":\"MerchantReturnPolicy\",\"merchantReturnLink\":\"https:\/\/equidash.eu\/et\/return-privacy\/\"}}]}<\/script>\n<meta property=\"product:brand\" content=\"Excellent Horse\" \/>\n<meta property=\"og:availability\" content=\"backorder\" \/>\n<meta property=\"product:availability\" content=\"available for order\" \/>\n<meta property=\"product:condition\" content=\"new\" \/>\n<!-- \/ Yoast SEO Premium plugin. -->","yoast_head_json":{"title":"Excellent Horse Electrolytes Powder | Parima hinnaga ratsavarustuse e-pood","description":"Excellent Horse Electrolytes Powder | K\u00f5rge kvaliteediga elektrol\u00fc\u00fctide segu hobustele, sisaldab olulisi soolasid, tsinki, B2-vitamiini.","robots":{"index":"index","follow":"follow","max-snippet":"max-snippet:-1","max-image-preview":"max-image-preview:large","max-video-preview":"max-video-preview:-1"},"canonical":"https:\/\/equidash.eu\/et\/shop\/hobune\/excellent-horse-electrolytes-powder\/","og_locale":"et_EE","og_type":"article","og_title":"Excellent Horse Electrolytes Powder","og_description":"Excellent Horse Electrolytes Powder | K\u00f5rge kvaliteediga elektrol\u00fc\u00fctide segu hobustele, sisaldab olulisi soolasid, tsinki, B2-vitamiini.","og_url":"https:\/\/equidash.eu\/et\/shop\/hobune\/excellent-horse-electrolytes-powder\/","og_site_name":"Parima hinnaga ratsavarustuse e-pood","article_publisher":"https:\/\/www.facebook.com\/people\/EquiDash\/61560864479586\/","article_modified_time":"2025-10-03T10:02:34+00:00","og_image":[{"width":1024,"height":1024,"url":"https:\/\/equidash.eu\/wp-content\/uploads\/2025\/01\/Excellent_Electrolytes_Powder_1kg.jpg","type":"image\/jpeg"}],"twitter_card":"summary_large_image","twitter_misc":{"Availability":"On backorder"},"schema":{"@context":"https:\/\/schema.org","@graph":[{"@type":"WebPage","@id":"https:\/\/equidash.eu\/shop\/horse\/excellent-horse-electrolytes-powder\/","url":"https:\/\/equidash.eu\/shop\/horse\/excellent-horse-electrolytes-powder\/","name":"Excellent Horse Electrolytes Powder | Parima hinnaga ratsavarustuse e-pood","isPartOf":{"@id":"https:\/\/equidash.eu\/#website"},"primaryImageOfPage":{"@id":"https:\/\/equidash.eu\/shop\/horse\/excellent-horse-electrolytes-powder\/#primaryimage"},"image":{"@id":"https:\/\/equidash.eu\/shop\/horse\/excellent-horse-electrolytes-powder\/#primaryimage"},"thumbnailUrl":"https:\/\/equidash.eu\/wp-content\/uploads\/2025\/01\/Excellent_Electrolytes_Powder_1kg.jpg","datePublished":"2025-01-24T12:14:24+00:00","dateModified":"2025-10-03T10:02:34+00:00","description":"Excellent Horse Electrolytes Powder | K\u00f5rge kvaliteediga elektrol\u00fc\u00fctide segu hobustele, sisaldab olulisi soolasid, tsinki, B2-vitamiini.","breadcrumb":{"@id":"https:\/\/equidash.eu\/shop\/horse\/excellent-horse-electrolytes-powder\/#breadcrumb"},"inLanguage":"et","potentialAction":[{"@type":"ReadAction","target":["https:\/\/equidash.eu\/shop\/horse\/excellent-horse-electrolytes-powder\/"]}]},{"@type":"ImageObject","inLanguage":"et","@id":"https:\/\/equidash.eu\/shop\/horse\/excellent-horse-electrolytes-powder\/#primaryimage","url":"https:\/\/equidash.eu\/wp-content\/uploads\/2025\/01\/Excellent_Electrolytes_Powder_1kg.jpg","contentUrl":"https:\/\/equidash.eu\/wp-content\/uploads\/2025\/01\/Excellent_Electrolytes_Powder_1kg.jpg","width":1024,"height":1024,"caption":"Excellent Horse elektrol\u00fc\u00fctide pulber \u2013 niiskuse tasakaalu kiire taastamine. 1 kg"},{"@type":"BreadcrumbList","@id":"https:\/\/equidash.eu\/shop\/horse\/excellent-horse-electrolytes-powder\/#breadcrumb","itemListElement":[{"@type":"ListItem","position":1,"name":"Home","item":"https:\/\/equidash.eu\/"},{"@type":"ListItem","position":2,"name":"Shop","item":"https:\/\/equidash.eu\/shop\/"},{"@type":"ListItem","position":3,"name":"Excellent Horse Electrolytes Powder"}]},{"@type":"WebSite","@id":"https:\/\/equidash.eu\/#website","url":"https:\/\/equidash.eu\/","name":"EquiDash","description":"Horse Riding Equipment and Accessories","publisher":{"@id":"https:\/\/equidash.eu\/#organization"},"alternateName":"EquiDash","potentialAction":[{"@type":"SearchAction","target":{"@type":"EntryPoint","urlTemplate":"https:\/\/equidash.eu\/?s={search_term_string}"},"query-input":{"@type":"PropertyValueSpecification","valueRequired":true,"valueName":"search_term_string"}}],"inLanguage":"et"},{"@type":"Organization","@id":"https:\/\/equidash.eu\/#organization","name":"EquiDash","alternateName":"EquiDash","url":"https:\/\/equidash.eu\/","logo":{"@type":"ImageObject","inLanguage":"et","@id":"https:\/\/equidash.eu\/#\/schema\/logo\/image\/","url":"https:\/\/equidash.eu\/wp-content\/uploads\/2024\/09\/EQUIDASH_Logo_Raud-1.png","contentUrl":"https:\/\/equidash.eu\/wp-content\/uploads\/2024\/09\/EQUIDASH_Logo_Raud-1.png","width":393,"height":422,"caption":"EquiDash"},"image":{"@id":"https:\/\/equidash.eu\/#\/schema\/logo\/image\/"},"sameAs":["https:\/\/www.facebook.com\/people\/EquiDash\/61560864479586\/","https:\/\/www.instagram.com\/equidash.eshop\/"],"email":"info@equidash.eu","telephone":"+372 59007334","legalName":"Takian Corporation O\u00dc","foundingDate":"2020-10-21","vatID":"EE102301283","numberOfEmployees":{"@type":"QuantitativeValue","minValue":"1","maxValue":"10"},"hasMerchantReturnPolicy":{"@type":"MerchantReturnPolicy","merchantReturnLink":"https:\/\/equidash.eu\/et\/return-privacy\/"}}]},"product_brand":"Excellent Horse","og_availability":"backorder","product_availability":"available for order","product_condition":"new"},"_links":{"self":[{"href":"https:\/\/equidash.eu\/et\/wp-json\/wp\/v2\/product\/2963","targetHints":{"allow":["GET"]}}],"collection":[{"href":"https:\/\/equidash.eu\/et\/wp-json\/wp\/v2\/product"}],"about":[{"href":"https:\/\/equidash.eu\/et\/wp-json\/wp\/v2\/types\/product"}],"wp:featuredmedia":[{"embeddable":true,"href":"https:\/\/equidash.eu\/et\/wp-json\/wp\/v2\/media\/2966"}],"wp:attachment":[{"href":"https:\/\/equidash.eu\/et\/wp-json\/wp\/v2\/media?parent=2963"}],"wp:term":[{"taxonomy":"product_brand","embeddable":true,"href":"https:\/\/equidash.eu\/et\/wp-json\/wp\/v2\/product_brand?post=2963"},{"taxonomy":"product_cat","embeddable":true,"href":"https:\/\/equidash.eu\/et\/wp-json\/wp\/v2\/product_cat?post=2963"},{"taxonomy":"product_tag","embeddable":true,"href":"https:\/\/equidash.eu\/et\/wp-json\/wp\/v2\/product_tag?post=2963"}],"curies":[{"name":"wp","href":"https:\/\/api.w.org\/{rel}","templated":true}]}}