{"id":2969,"date":"2025-01-24T14:49:31","date_gmt":"2025-01-24T12:49:31","guid":{"rendered":"https:\/\/equidash.eu\/?post_type=product&#038;p=2969"},"modified":"2025-10-03T11:44:09","modified_gmt":"2025-10-03T09:44:09","slug":"excellent-horse-salt-lick-himalaya","status":"publish","type":"product","link":"https:\/\/equidash.eu\/et\/shop\/horse\/excellent-horse-salt-lick-himalaya\/","title":{"rendered":"Excellent Horse himaalaja soolakivi"},"content":{"rendered":"<p>Excellent Horse himaalaja  lakusoolakivi on loodud teie hobuse soolatarbimise vajaduste rahuldamiseks ja igavuse v\u00e4ltimiseks. See on kaevandatud Himaalaja puhtast m\u00e4estikust ning sisaldab puhast Himaalaja soola, mis on rikas mineraalide ja mikroelementide poolest. See teeb sellest suurep\u00e4rase valiku hobuse soolatarbimise vajaduste t\u00e4itmiseks.<\/p>\n<p>Soolakivi on t\u00f6\u00f6tlemata ja \u00e4\u00e4rmiselt k\u00f5va, mis t\u00e4hendab, et hobune ei saa soola kergesti kivist \u00e4ra hammustada. Kiviga on kaasas k\u00f6is, mis teeb selle \u00fclesriputamise lihtsaks.<\/p>\n<p>Himaalaja soolakivi on ideaalne hobuste igavuse v\u00e4ltimiseks, rahuldades nende soola vajadused. See on kvaliteetne sool, mis on vaba laskemoonast, pestud k\u00f5rge r\u00f5hu all ja GMP+ FSA sertifikaadiga. See toode kasutab Himalaja soola, mis kaevandatakse, t\u00f6\u00f6deldakse ja pakendatakse otse allikast, s\u00e4ilitades oma loomuliku v\u00e4rskuse, aroomi ja maitse.<\/p>\n<ul>\n<li>Kvaliteetne looduslik sool<\/li>\n<li>Ilma puhveraine (r\u00e4ni) lisanditeta<\/li>\n<li>Pestud k\u00f5rgsurve all<\/li>\n<li>GMP+ FSA sertifikaat<\/li>\n<\/ul>\n<p>S\u00f6\u00f6tmissoovitus:<\/p>\n<p>1 lakukivi hobuse kohta. Lakukivi sisaldab k\u00f6it ja on ideaalne riputamiseks. Pakkuge alati piisavalt v\u00e4rsket joogivett.<\/p>\n<p>Hoida kuivas kohas!<\/p>\n<p data-start=\"40\" data-end=\"84\"><strong data-start=\"40\" data-end=\"55\">Koostis<\/strong><br data-start=\"55\" data-end=\"58\" \/>100% Himalayan rock salt<\/p>\n<p data-start=\"86\" data-end=\"173\"><strong data-start=\"86\" data-end=\"108\">Additives per 1 kg<\/strong><br data-start=\"108\" data-end=\"111\" \/>Sodium 37%, calcium 0.2%, phosphorus 0.1%, magnesium 0.1%<\/p>\n<p data-start=\"175\" data-end=\"238\">Produced in Pakistan by HACCP guidelines. Approved by GMP+ FSA.<\/p>\n<p data-start=\"240\" data-end=\"271\" data-is-last-node=\"\" data-is-only-node=\"\">Manufacturer: Hofman Animalcare (De Leemkole 2, 7468 DM Enter, Holland)<\/p>","protected":false},"excerpt":{"rendered":"<p><a href=\"https:\/\/equidash.eu\/et\/tootesilt\/excellent-horse\/\"><img decoding=\"async\" style=\"height: 60px; margin-top: 20px;\" src=\"https:\/\/equidash.eu\/wp-content\/uploads\/2024\/12\/Excellent-Horse-logo.png\" alt=\"\" \/><\/a><\/p>","protected":false},"featured_media":2975,"template":"","meta":{"_acf_changed":false,"_joinchat":[]},"product_brand":[508],"product_cat":[27,251,405],"product_tag":[465,470],"class_list":{"0":"post-2969","1":"product","2":"type-product","3":"status-publish","4":"has-post-thumbnail","6":"product_brand-excellent-horse","7":"product_cat-horse","8":"product_cat-horse-feed-nutrition","9":"product_cat-supplements","10":"product_tag-licking-block","11":"product_tag-salt","12":"pa_size-2-3-kg","14":"first","15":"onbackorder","16":"taxable","17":"shipping-taxable","18":"purchasable","19":"product-type-variable","20":"has-default-attributes"},"acf":[],"yoast_head":"<!-- This site is optimized with the Yoast SEO Premium plugin v26.2 (Yoast SEO v27.3) - https:\/\/yoast.com\/product\/yoast-seo-premium-wordpress\/ -->\n<title>Excellent Horse Salt Lick Himalaya | Parima hinnaga ratsavarustuse e-pood<\/title>\n<meta name=\"description\" content=\"Excellent Horse Salt Lick Himalaya | Puhas, mineraalidega himaalaja soolakivi on kasulik lakusool hobustele, ponidele. Komplektis kaasas n\u00f6\u00f6r!\" \/>\n<meta name=\"robots\" content=\"index, follow, max-snippet:-1, max-image-preview:large, max-video-preview:-1\" \/>\n<link rel=\"canonical\" href=\"https:\/\/equidash.eu\/et\/shop\/hobune\/excellent-horse-salt-lick-himalaya\/\" \/>\n<meta property=\"og:locale\" content=\"et_EE\" \/>\n<meta property=\"og:type\" content=\"article\" \/>\n<meta property=\"og:title\" content=\"Excellent Horse Salt Lick Himalaya\" \/>\n<meta property=\"og:description\" content=\"Excellent Horse Salt Lick Himalaya | Puhas, mineraalidega himaalaja soolakivi on kasulik lakusool hobustele, ponidele. Komplektis kaasas n\u00f6\u00f6r!\" \/>\n<meta property=\"og:url\" content=\"https:\/\/equidash.eu\/et\/shop\/hobune\/excellent-horse-salt-lick-himalaya\/\" \/>\n<meta property=\"og:site_name\" content=\"Parima hinnaga ratsavarustuse e-pood\" \/>\n<meta property=\"article:publisher\" content=\"https:\/\/www.facebook.com\/people\/EquiDash\/61560864479586\/\" \/>\n<meta property=\"article:modified_time\" content=\"2025-10-03T09:44:09+00:00\" \/>\n<meta property=\"og:image\" content=\"https:\/\/equidash.eu\/wp-content\/uploads\/2025\/01\/Excellent_Salt_Lick_2-3kg_0.png\" \/>\n\t<meta property=\"og:image:width\" content=\"1080\" \/>\n\t<meta property=\"og:image:height\" content=\"1080\" \/>\n\t<meta property=\"og:image:type\" content=\"image\/png\" \/>\n<meta name=\"twitter:card\" content=\"summary_large_image\" \/>\n<meta name=\"twitter:label1\" content=\"Availability\" \/>\n\t<meta name=\"twitter:data1\" content=\"On backorder\" \/>\n<script type=\"application\/ld+json\" class=\"yoast-schema-graph\">{\"@context\":\"https:\\\/\\\/schema.org\",\"@graph\":[{\"@type\":\"WebPage\",\"@id\":\"https:\\\/\\\/equidash.eu\\\/shop\\\/horse\\\/excellent-horse-salt-lick-himalaya\\\/\",\"url\":\"https:\\\/\\\/equidash.eu\\\/shop\\\/horse\\\/excellent-horse-salt-lick-himalaya\\\/\",\"name\":\"Excellent Horse Salt Lick Himalaya | Parima hinnaga ratsavarustuse e-pood\",\"isPartOf\":{\"@id\":\"https:\\\/\\\/equidash.eu\\\/#website\"},\"primaryImageOfPage\":{\"@id\":\"https:\\\/\\\/equidash.eu\\\/shop\\\/horse\\\/excellent-horse-salt-lick-himalaya\\\/#primaryimage\"},\"image\":{\"@id\":\"https:\\\/\\\/equidash.eu\\\/shop\\\/horse\\\/excellent-horse-salt-lick-himalaya\\\/#primaryimage\"},\"thumbnailUrl\":\"https:\\\/\\\/equidash.eu\\\/wp-content\\\/uploads\\\/2025\\\/01\\\/Excellent_Salt_Lick_2-3kg_0.png\",\"datePublished\":\"2025-01-24T12:49:31+00:00\",\"dateModified\":\"2025-10-03T09:44:09+00:00\",\"description\":\"Excellent Horse Salt Lick Himalaya | Puhas, mineraalidega himaalaja soolakivi on kasulik lakusool hobustele, ponidele. Komplektis kaasas n\u00f6\u00f6r!\",\"breadcrumb\":{\"@id\":\"https:\\\/\\\/equidash.eu\\\/shop\\\/horse\\\/excellent-horse-salt-lick-himalaya\\\/#breadcrumb\"},\"inLanguage\":\"et\",\"potentialAction\":[{\"@type\":\"ReadAction\",\"target\":[\"https:\\\/\\\/equidash.eu\\\/shop\\\/horse\\\/excellent-horse-salt-lick-himalaya\\\/\"]}]},{\"@type\":\"ImageObject\",\"inLanguage\":\"et\",\"@id\":\"https:\\\/\\\/equidash.eu\\\/shop\\\/horse\\\/excellent-horse-salt-lick-himalaya\\\/#primaryimage\",\"url\":\"https:\\\/\\\/equidash.eu\\\/wp-content\\\/uploads\\\/2025\\\/01\\\/Excellent_Salt_Lick_2-3kg_0.png\",\"contentUrl\":\"https:\\\/\\\/equidash.eu\\\/wp-content\\\/uploads\\\/2025\\\/01\\\/Excellent_Salt_Lick_2-3kg_0.png\",\"width\":1080,\"height\":1080,\"caption\":\"Excellent Horse Himaalaja soolakivi \u2013 looduslikult rikas mineraalide poolest.\"},{\"@type\":\"BreadcrumbList\",\"@id\":\"https:\\\/\\\/equidash.eu\\\/shop\\\/horse\\\/excellent-horse-salt-lick-himalaya\\\/#breadcrumb\",\"itemListElement\":[{\"@type\":\"ListItem\",\"position\":1,\"name\":\"Home\",\"item\":\"https:\\\/\\\/equidash.eu\\\/\"},{\"@type\":\"ListItem\",\"position\":2,\"name\":\"Shop\",\"item\":\"https:\\\/\\\/equidash.eu\\\/shop\\\/\"},{\"@type\":\"ListItem\",\"position\":3,\"name\":\"Excellent Horse Salt Lick Himalaya\"}]},{\"@type\":\"WebSite\",\"@id\":\"https:\\\/\\\/equidash.eu\\\/#website\",\"url\":\"https:\\\/\\\/equidash.eu\\\/\",\"name\":\"EquiDash\",\"description\":\"Horse Riding Equipment and Accessories\",\"publisher\":{\"@id\":\"https:\\\/\\\/equidash.eu\\\/#organization\"},\"alternateName\":\"EquiDash\",\"potentialAction\":[{\"@type\":\"SearchAction\",\"target\":{\"@type\":\"EntryPoint\",\"urlTemplate\":\"https:\\\/\\\/equidash.eu\\\/?s={search_term_string}\"},\"query-input\":{\"@type\":\"PropertyValueSpecification\",\"valueRequired\":true,\"valueName\":\"search_term_string\"}}],\"inLanguage\":\"et\"},{\"@type\":\"Organization\",\"@id\":\"https:\\\/\\\/equidash.eu\\\/#organization\",\"name\":\"EquiDash\",\"alternateName\":\"EquiDash\",\"url\":\"https:\\\/\\\/equidash.eu\\\/\",\"logo\":{\"@type\":\"ImageObject\",\"inLanguage\":\"et\",\"@id\":\"https:\\\/\\\/equidash.eu\\\/#\\\/schema\\\/logo\\\/image\\\/\",\"url\":\"https:\\\/\\\/equidash.eu\\\/wp-content\\\/uploads\\\/2024\\\/09\\\/EQUIDASH_Logo_Raud-1.png\",\"contentUrl\":\"https:\\\/\\\/equidash.eu\\\/wp-content\\\/uploads\\\/2024\\\/09\\\/EQUIDASH_Logo_Raud-1.png\",\"width\":393,\"height\":422,\"caption\":\"EquiDash\"},\"image\":{\"@id\":\"https:\\\/\\\/equidash.eu\\\/#\\\/schema\\\/logo\\\/image\\\/\"},\"sameAs\":[\"https:\\\/\\\/www.facebook.com\\\/people\\\/EquiDash\\\/61560864479586\\\/\",\"https:\\\/\\\/www.instagram.com\\\/equidash.eshop\\\/\"],\"email\":\"info@equidash.eu\",\"telephone\":\"+372 59007334\",\"legalName\":\"Takian Corporation O\u00dc\",\"foundingDate\":\"2020-10-21\",\"vatID\":\"EE102301283\",\"numberOfEmployees\":{\"@type\":\"QuantitativeValue\",\"minValue\":\"1\",\"maxValue\":\"10\"},\"hasMerchantReturnPolicy\":{\"@type\":\"MerchantReturnPolicy\",\"merchantReturnLink\":\"https:\\\/\\\/equidash.eu\\\/et\\\/return-privacy\\\/\"}}]}<\/script>\n<meta property=\"product:brand\" content=\"Excellent Horse\" \/>\n<meta property=\"og:availability\" content=\"backorder\" \/>\n<meta property=\"product:availability\" content=\"available for order\" \/>\n<meta property=\"product:retailer_item_id\" content=\"LIKS0020\" \/>\n<meta property=\"product:condition\" content=\"new\" \/>\n<!-- \/ Yoast SEO Premium plugin. -->","yoast_head_json":{"title":"Excellent Horse Salt Lick Himalaya | Parima hinnaga ratsavarustuse e-pood","description":"Excellent Horse Salt Lick Himalaya | Puhas, mineraalidega himaalaja soolakivi on kasulik lakusool hobustele, ponidele. Komplektis kaasas n\u00f6\u00f6r!","robots":{"index":"index","follow":"follow","max-snippet":"max-snippet:-1","max-image-preview":"max-image-preview:large","max-video-preview":"max-video-preview:-1"},"canonical":"https:\/\/equidash.eu\/et\/shop\/hobune\/excellent-horse-salt-lick-himalaya\/","og_locale":"et_EE","og_type":"article","og_title":"Excellent Horse Salt Lick Himalaya","og_description":"Excellent Horse Salt Lick Himalaya | Puhas, mineraalidega himaalaja soolakivi on kasulik lakusool hobustele, ponidele. Komplektis kaasas n\u00f6\u00f6r!","og_url":"https:\/\/equidash.eu\/et\/shop\/hobune\/excellent-horse-salt-lick-himalaya\/","og_site_name":"Parima hinnaga ratsavarustuse e-pood","article_publisher":"https:\/\/www.facebook.com\/people\/EquiDash\/61560864479586\/","article_modified_time":"2025-10-03T09:44:09+00:00","og_image":[{"width":1080,"height":1080,"url":"https:\/\/equidash.eu\/wp-content\/uploads\/2025\/01\/Excellent_Salt_Lick_2-3kg_0.png","type":"image\/png"}],"twitter_card":"summary_large_image","twitter_misc":{"Availability":"On backorder"},"schema":{"@context":"https:\/\/schema.org","@graph":[{"@type":"WebPage","@id":"https:\/\/equidash.eu\/shop\/horse\/excellent-horse-salt-lick-himalaya\/","url":"https:\/\/equidash.eu\/shop\/horse\/excellent-horse-salt-lick-himalaya\/","name":"Excellent Horse Salt Lick Himalaya | Parima hinnaga ratsavarustuse e-pood","isPartOf":{"@id":"https:\/\/equidash.eu\/#website"},"primaryImageOfPage":{"@id":"https:\/\/equidash.eu\/shop\/horse\/excellent-horse-salt-lick-himalaya\/#primaryimage"},"image":{"@id":"https:\/\/equidash.eu\/shop\/horse\/excellent-horse-salt-lick-himalaya\/#primaryimage"},"thumbnailUrl":"https:\/\/equidash.eu\/wp-content\/uploads\/2025\/01\/Excellent_Salt_Lick_2-3kg_0.png","datePublished":"2025-01-24T12:49:31+00:00","dateModified":"2025-10-03T09:44:09+00:00","description":"Excellent Horse Salt Lick Himalaya | Puhas, mineraalidega himaalaja soolakivi on kasulik lakusool hobustele, ponidele. Komplektis kaasas n\u00f6\u00f6r!","breadcrumb":{"@id":"https:\/\/equidash.eu\/shop\/horse\/excellent-horse-salt-lick-himalaya\/#breadcrumb"},"inLanguage":"et","potentialAction":[{"@type":"ReadAction","target":["https:\/\/equidash.eu\/shop\/horse\/excellent-horse-salt-lick-himalaya\/"]}]},{"@type":"ImageObject","inLanguage":"et","@id":"https:\/\/equidash.eu\/shop\/horse\/excellent-horse-salt-lick-himalaya\/#primaryimage","url":"https:\/\/equidash.eu\/wp-content\/uploads\/2025\/01\/Excellent_Salt_Lick_2-3kg_0.png","contentUrl":"https:\/\/equidash.eu\/wp-content\/uploads\/2025\/01\/Excellent_Salt_Lick_2-3kg_0.png","width":1080,"height":1080,"caption":"Excellent Horse Himaalaja soolakivi \u2013 looduslikult rikas mineraalide poolest."},{"@type":"BreadcrumbList","@id":"https:\/\/equidash.eu\/shop\/horse\/excellent-horse-salt-lick-himalaya\/#breadcrumb","itemListElement":[{"@type":"ListItem","position":1,"name":"Home","item":"https:\/\/equidash.eu\/"},{"@type":"ListItem","position":2,"name":"Shop","item":"https:\/\/equidash.eu\/shop\/"},{"@type":"ListItem","position":3,"name":"Excellent Horse Salt Lick Himalaya"}]},{"@type":"WebSite","@id":"https:\/\/equidash.eu\/#website","url":"https:\/\/equidash.eu\/","name":"EquiDash","description":"Horse Riding Equipment and Accessories","publisher":{"@id":"https:\/\/equidash.eu\/#organization"},"alternateName":"EquiDash","potentialAction":[{"@type":"SearchAction","target":{"@type":"EntryPoint","urlTemplate":"https:\/\/equidash.eu\/?s={search_term_string}"},"query-input":{"@type":"PropertyValueSpecification","valueRequired":true,"valueName":"search_term_string"}}],"inLanguage":"et"},{"@type":"Organization","@id":"https:\/\/equidash.eu\/#organization","name":"EquiDash","alternateName":"EquiDash","url":"https:\/\/equidash.eu\/","logo":{"@type":"ImageObject","inLanguage":"et","@id":"https:\/\/equidash.eu\/#\/schema\/logo\/image\/","url":"https:\/\/equidash.eu\/wp-content\/uploads\/2024\/09\/EQUIDASH_Logo_Raud-1.png","contentUrl":"https:\/\/equidash.eu\/wp-content\/uploads\/2024\/09\/EQUIDASH_Logo_Raud-1.png","width":393,"height":422,"caption":"EquiDash"},"image":{"@id":"https:\/\/equidash.eu\/#\/schema\/logo\/image\/"},"sameAs":["https:\/\/www.facebook.com\/people\/EquiDash\/61560864479586\/","https:\/\/www.instagram.com\/equidash.eshop\/"],"email":"info@equidash.eu","telephone":"+372 59007334","legalName":"Takian Corporation O\u00dc","foundingDate":"2020-10-21","vatID":"EE102301283","numberOfEmployees":{"@type":"QuantitativeValue","minValue":"1","maxValue":"10"},"hasMerchantReturnPolicy":{"@type":"MerchantReturnPolicy","merchantReturnLink":"https:\/\/equidash.eu\/et\/return-privacy\/"}}]},"product_brand":"Excellent Horse","og_availability":"backorder","product_availability":"available for order","product_retailer_item_id":"LIKS0020","product_condition":"new"},"_links":{"self":[{"href":"https:\/\/equidash.eu\/et\/wp-json\/wp\/v2\/product\/2969","targetHints":{"allow":["GET"]}}],"collection":[{"href":"https:\/\/equidash.eu\/et\/wp-json\/wp\/v2\/product"}],"about":[{"href":"https:\/\/equidash.eu\/et\/wp-json\/wp\/v2\/types\/product"}],"wp:featuredmedia":[{"embeddable":true,"href":"https:\/\/equidash.eu\/et\/wp-json\/wp\/v2\/media\/2975"}],"wp:attachment":[{"href":"https:\/\/equidash.eu\/et\/wp-json\/wp\/v2\/media?parent=2969"}],"wp:term":[{"taxonomy":"product_brand","embeddable":true,"href":"https:\/\/equidash.eu\/et\/wp-json\/wp\/v2\/product_brand?post=2969"},{"taxonomy":"product_cat","embeddable":true,"href":"https:\/\/equidash.eu\/et\/wp-json\/wp\/v2\/product_cat?post=2969"},{"taxonomy":"product_tag","embeddable":true,"href":"https:\/\/equidash.eu\/et\/wp-json\/wp\/v2\/product_tag?post=2969"}],"curies":[{"name":"wp","href":"https:\/\/api.w.org\/{rel}","templated":true}]}}