{"id":298,"date":"2024-11-05T23:22:09","date_gmt":"2024-11-05T21:22:09","guid":{"rendered":"https:\/\/equidash.eu\/?post_type=product&#038;p=298"},"modified":"2025-06-08T16:17:06","modified_gmt":"2025-06-08T14:17:06","slug":"hv-polopro-tendon-boots-hive","status":"publish","type":"product","link":"https:\/\/equidash.eu\/et\/shop\/horse\/leg-hoof-protections-horse\/boots-leg-hoof-protections-horse\/hv-polopro-tendon-boots-hive\/","title":{"rendered":"HV Polo Pro esijalakaitsmed Hive"},"content":{"rendered":"<p><span style=\"color: #333333;\">Esijalakaitsmed HV Polo Pro Hive on valmistatud tugevast PU materjalist, mis kaitseb igasuguste l\u00f6\u00f6kide eest ja tagab maksimaalse kaitse. Kaitsmed on varustatud ventilatsiooniavadega, et tagada optimaalne \u00f5huvool ja jahutus. Sisemus on kaetud ventileeritud neopreeniga, pakkudes veelgi suuremat mugavust ja hingavust. Nagadega elastikust kinnitused teevad kaitsmete kinnitamise ja eemaldamise kiireks ja mugavaks.<\/span><\/p>\n<ul>\n<li><span style=\"color: #333333;\">Ventilatsiooniavadega<\/span><\/li>\n<li><span style=\"color: #333333;\">Hingav ja veekindel materjal<\/span><\/li>\n<li><span style=\"color: #333333;\">Nagadega elastikust kinnitused<\/span><\/li>\n<\/ul>\n<p><span style=\"color: #333333;\">Masinpestavad 30 kraadi juures pesukotis, mitte kasutada kuivatit.<\/span><\/p>","protected":false},"excerpt":{"rendered":"<p class=\"ai-optimize-23 ai-optimize-introduction\"><a href=\"https:\/\/equidash.es\/product-tag\/hv-polo\/\"><img decoding=\"async\" style=\"height: 60px; margin-top: 20px;\" src=\"https:\/\/equidash.es\/wp-content\/uploads\/2024\/10\/HVP.png\" alt=\"\" \/><\/a><\/p>","protected":false},"featured_media":891,"template":"","meta":{"_acf_changed":false,"_joinchat":[]},"product_brand":[511],"product_cat":[192,27,191],"product_tag":[28,44],"class_list":{"0":"post-298","1":"product","2":"type-product","3":"status-publish","4":"has-post-thumbnail","6":"product_brand-hv-polo","7":"product_cat-boots-leg-hoof-protections-horse","8":"product_cat-horse","9":"product_cat-leg-hoof-protections-horse","10":"product_tag-hv-polo","11":"product_tag-tendon-boots","12":"pa_colors-black","13":"pa_colors-brown","14":"pa_size-full","16":"first","17":"onbackorder","18":"taxable","19":"shipping-taxable","20":"purchasable","21":"product-type-variable"},"acf":[],"yoast_head":"<!-- This site is optimized with the Yoast SEO Premium plugin v26.2 (Yoast SEO v27.3) - https:\/\/yoast.com\/product\/yoast-seo-premium-wordpress\/ -->\n<title>HV PoloPro Tendon boots Hive | Parima hinnaga ratsavarustuse e-pood<\/title>\n<meta name=\"description\" content=\"Equidash - Ratsavarustuse veebipood Eestis ja Hispaanias. Lai valik jalakaitsmeid hobustele ja ponidele. HV PoloPro Tendon boots Hive\" \/>\n<meta name=\"robots\" content=\"index, follow, max-snippet:-1, max-image-preview:large, max-video-preview:-1\" \/>\n<link rel=\"canonical\" href=\"https:\/\/equidash.eu\/et\/shop\/hobune\/kaitsmed-hobune\/boots-leg-hoof-protections-horse\/hv-polopro-tendon-boots-hive\/\" \/>\n<meta property=\"og:locale\" content=\"et_EE\" \/>\n<meta property=\"og:type\" content=\"article\" \/>\n<meta property=\"og:title\" content=\"HV PoloPro Tendon boots Hive\" \/>\n<meta property=\"og:description\" content=\"Equidash - Ratsavarustuse veebipood Eestis ja Hispaanias. Lai valik jalakaitsmeid hobustele ja ponidele. HV PoloPro Tendon boots Hive\" \/>\n<meta property=\"og:url\" content=\"https:\/\/equidash.eu\/et\/shop\/hobune\/kaitsmed-hobune\/boots-leg-hoof-protections-horse\/hv-polopro-tendon-boots-hive\/\" \/>\n<meta property=\"og:site_name\" content=\"Parima hinnaga ratsavarustuse e-pood\" \/>\n<meta property=\"article:publisher\" content=\"https:\/\/www.facebook.com\/people\/EquiDash\/61560864479586\/\" \/>\n<meta property=\"article:modified_time\" content=\"2025-06-08T14:17:06+00:00\" \/>\n<meta property=\"og:image\" content=\"https:\/\/equidash.eu\/wp-content\/uploads\/2024\/11\/HVP_Tendon-Hive_Brown_1-scaled-2.jpg\" \/>\n\t<meta property=\"og:image:width\" content=\"2048\" \/>\n\t<meta property=\"og:image:height\" content=\"2048\" \/>\n\t<meta property=\"og:image:type\" content=\"image\/jpeg\" \/>\n<meta name=\"twitter:card\" content=\"summary_large_image\" \/>\n<meta name=\"twitter:label1\" content=\"Availability\" \/>\n\t<meta name=\"twitter:data1\" content=\"On backorder\" \/>\n<script type=\"application\/ld+json\" class=\"yoast-schema-graph\">{\"@context\":\"https:\\\/\\\/schema.org\",\"@graph\":[{\"@type\":\"WebPage\",\"@id\":\"https:\\\/\\\/equidash.eu\\\/shop\\\/horse\\\/leg-hoof-protections-horse\\\/boots-leg-hoof-protections-horse\\\/hv-polopro-tendon-boots-hive\\\/\",\"url\":\"https:\\\/\\\/equidash.eu\\\/shop\\\/horse\\\/leg-hoof-protections-horse\\\/boots-leg-hoof-protections-horse\\\/hv-polopro-tendon-boots-hive\\\/\",\"name\":\"HV PoloPro Tendon boots Hive | Parima hinnaga ratsavarustuse e-pood\",\"isPartOf\":{\"@id\":\"https:\\\/\\\/equidash.eu\\\/#website\"},\"primaryImageOfPage\":{\"@id\":\"https:\\\/\\\/equidash.eu\\\/shop\\\/horse\\\/leg-hoof-protections-horse\\\/boots-leg-hoof-protections-horse\\\/hv-polopro-tendon-boots-hive\\\/#primaryimage\"},\"image\":{\"@id\":\"https:\\\/\\\/equidash.eu\\\/shop\\\/horse\\\/leg-hoof-protections-horse\\\/boots-leg-hoof-protections-horse\\\/hv-polopro-tendon-boots-hive\\\/#primaryimage\"},\"thumbnailUrl\":\"https:\\\/\\\/equidash.eu\\\/wp-content\\\/uploads\\\/2024\\\/11\\\/HVP_Tendon-Hive_Brown_1-scaled-2.jpg\",\"datePublished\":\"2024-11-05T21:22:09+00:00\",\"dateModified\":\"2025-06-08T14:17:06+00:00\",\"description\":\"Equidash - Ratsavarustuse veebipood Eestis ja Hispaanias. Lai valik jalakaitsmeid hobustele ja ponidele. HV PoloPro Tendon boots Hive\",\"breadcrumb\":{\"@id\":\"https:\\\/\\\/equidash.eu\\\/shop\\\/horse\\\/leg-hoof-protections-horse\\\/boots-leg-hoof-protections-horse\\\/hv-polopro-tendon-boots-hive\\\/#breadcrumb\"},\"inLanguage\":\"et\",\"potentialAction\":[{\"@type\":\"ReadAction\",\"target\":[\"https:\\\/\\\/equidash.eu\\\/shop\\\/horse\\\/leg-hoof-protections-horse\\\/boots-leg-hoof-protections-horse\\\/hv-polopro-tendon-boots-hive\\\/\"]}]},{\"@type\":\"ImageObject\",\"inLanguage\":\"et\",\"@id\":\"https:\\\/\\\/equidash.eu\\\/shop\\\/horse\\\/leg-hoof-protections-horse\\\/boots-leg-hoof-protections-horse\\\/hv-polopro-tendon-boots-hive\\\/#primaryimage\",\"url\":\"https:\\\/\\\/equidash.eu\\\/wp-content\\\/uploads\\\/2024\\\/11\\\/HVP_Tendon-Hive_Brown_1-scaled-2.jpg\",\"contentUrl\":\"https:\\\/\\\/equidash.eu\\\/wp-content\\\/uploads\\\/2024\\\/11\\\/HVP_Tendon-Hive_Brown_1-scaled-2.jpg\",\"width\":2048,\"height\":2048},{\"@type\":\"BreadcrumbList\",\"@id\":\"https:\\\/\\\/equidash.eu\\\/shop\\\/horse\\\/leg-hoof-protections-horse\\\/boots-leg-hoof-protections-horse\\\/hv-polopro-tendon-boots-hive\\\/#breadcrumb\",\"itemListElement\":[{\"@type\":\"ListItem\",\"position\":1,\"name\":\"Home\",\"item\":\"https:\\\/\\\/equidash.eu\\\/\"},{\"@type\":\"ListItem\",\"position\":2,\"name\":\"Shop\",\"item\":\"https:\\\/\\\/equidash.eu\\\/shop\\\/\"},{\"@type\":\"ListItem\",\"position\":3,\"name\":\"HV PoloPro Tendon boots Hive\"}]},{\"@type\":\"WebSite\",\"@id\":\"https:\\\/\\\/equidash.eu\\\/#website\",\"url\":\"https:\\\/\\\/equidash.eu\\\/\",\"name\":\"EquiDash\",\"description\":\"Horse Riding Equipment and Accessories\",\"publisher\":{\"@id\":\"https:\\\/\\\/equidash.eu\\\/#organization\"},\"alternateName\":\"EquiDash\",\"potentialAction\":[{\"@type\":\"SearchAction\",\"target\":{\"@type\":\"EntryPoint\",\"urlTemplate\":\"https:\\\/\\\/equidash.eu\\\/?s={search_term_string}\"},\"query-input\":{\"@type\":\"PropertyValueSpecification\",\"valueRequired\":true,\"valueName\":\"search_term_string\"}}],\"inLanguage\":\"et\"},{\"@type\":\"Organization\",\"@id\":\"https:\\\/\\\/equidash.eu\\\/#organization\",\"name\":\"EquiDash\",\"alternateName\":\"EquiDash\",\"url\":\"https:\\\/\\\/equidash.eu\\\/\",\"logo\":{\"@type\":\"ImageObject\",\"inLanguage\":\"et\",\"@id\":\"https:\\\/\\\/equidash.eu\\\/#\\\/schema\\\/logo\\\/image\\\/\",\"url\":\"https:\\\/\\\/equidash.eu\\\/wp-content\\\/uploads\\\/2024\\\/09\\\/EQUIDASH_Logo_Raud-1.png\",\"contentUrl\":\"https:\\\/\\\/equidash.eu\\\/wp-content\\\/uploads\\\/2024\\\/09\\\/EQUIDASH_Logo_Raud-1.png\",\"width\":393,\"height\":422,\"caption\":\"EquiDash\"},\"image\":{\"@id\":\"https:\\\/\\\/equidash.eu\\\/#\\\/schema\\\/logo\\\/image\\\/\"},\"sameAs\":[\"https:\\\/\\\/www.facebook.com\\\/people\\\/EquiDash\\\/61560864479586\\\/\",\"https:\\\/\\\/www.instagram.com\\\/equidash.eshop\\\/\"],\"email\":\"info@equidash.eu\",\"telephone\":\"+372 59007334\",\"legalName\":\"Takian Corporation O\u00dc\",\"foundingDate\":\"2020-10-21\",\"vatID\":\"EE102301283\",\"numberOfEmployees\":{\"@type\":\"QuantitativeValue\",\"minValue\":\"1\",\"maxValue\":\"10\"},\"hasMerchantReturnPolicy\":{\"@type\":\"MerchantReturnPolicy\",\"merchantReturnLink\":\"https:\\\/\\\/equidash.eu\\\/et\\\/return-privacy\\\/\"}}]}<\/script>\n<meta property=\"product:brand\" content=\"HV Polo\" \/>\n<meta property=\"og:availability\" content=\"backorder\" \/>\n<meta property=\"product:availability\" content=\"available for order\" \/>\n<meta property=\"product:condition\" content=\"new\" \/>\n<!-- \/ Yoast SEO Premium plugin. -->","yoast_head_json":{"title":"HV PoloPro Tendon boots Hive | Parima hinnaga ratsavarustuse e-pood","description":"Equidash - Ratsavarustuse veebipood Eestis ja Hispaanias. Lai valik jalakaitsmeid hobustele ja ponidele. HV PoloPro Tendon boots Hive","robots":{"index":"index","follow":"follow","max-snippet":"max-snippet:-1","max-image-preview":"max-image-preview:large","max-video-preview":"max-video-preview:-1"},"canonical":"https:\/\/equidash.eu\/et\/shop\/hobune\/kaitsmed-hobune\/boots-leg-hoof-protections-horse\/hv-polopro-tendon-boots-hive\/","og_locale":"et_EE","og_type":"article","og_title":"HV PoloPro Tendon boots Hive","og_description":"Equidash - Ratsavarustuse veebipood Eestis ja Hispaanias. Lai valik jalakaitsmeid hobustele ja ponidele. HV PoloPro Tendon boots Hive","og_url":"https:\/\/equidash.eu\/et\/shop\/hobune\/kaitsmed-hobune\/boots-leg-hoof-protections-horse\/hv-polopro-tendon-boots-hive\/","og_site_name":"Parima hinnaga ratsavarustuse e-pood","article_publisher":"https:\/\/www.facebook.com\/people\/EquiDash\/61560864479586\/","article_modified_time":"2025-06-08T14:17:06+00:00","og_image":[{"width":2048,"height":2048,"url":"https:\/\/equidash.eu\/wp-content\/uploads\/2024\/11\/HVP_Tendon-Hive_Brown_1-scaled-2.jpg","type":"image\/jpeg"}],"twitter_card":"summary_large_image","twitter_misc":{"Availability":"On backorder"},"schema":{"@context":"https:\/\/schema.org","@graph":[{"@type":"WebPage","@id":"https:\/\/equidash.eu\/shop\/horse\/leg-hoof-protections-horse\/boots-leg-hoof-protections-horse\/hv-polopro-tendon-boots-hive\/","url":"https:\/\/equidash.eu\/shop\/horse\/leg-hoof-protections-horse\/boots-leg-hoof-protections-horse\/hv-polopro-tendon-boots-hive\/","name":"HV PoloPro Tendon boots Hive | Parima hinnaga ratsavarustuse e-pood","isPartOf":{"@id":"https:\/\/equidash.eu\/#website"},"primaryImageOfPage":{"@id":"https:\/\/equidash.eu\/shop\/horse\/leg-hoof-protections-horse\/boots-leg-hoof-protections-horse\/hv-polopro-tendon-boots-hive\/#primaryimage"},"image":{"@id":"https:\/\/equidash.eu\/shop\/horse\/leg-hoof-protections-horse\/boots-leg-hoof-protections-horse\/hv-polopro-tendon-boots-hive\/#primaryimage"},"thumbnailUrl":"https:\/\/equidash.eu\/wp-content\/uploads\/2024\/11\/HVP_Tendon-Hive_Brown_1-scaled-2.jpg","datePublished":"2024-11-05T21:22:09+00:00","dateModified":"2025-06-08T14:17:06+00:00","description":"Equidash - Ratsavarustuse veebipood Eestis ja Hispaanias. Lai valik jalakaitsmeid hobustele ja ponidele. HV PoloPro Tendon boots Hive","breadcrumb":{"@id":"https:\/\/equidash.eu\/shop\/horse\/leg-hoof-protections-horse\/boots-leg-hoof-protections-horse\/hv-polopro-tendon-boots-hive\/#breadcrumb"},"inLanguage":"et","potentialAction":[{"@type":"ReadAction","target":["https:\/\/equidash.eu\/shop\/horse\/leg-hoof-protections-horse\/boots-leg-hoof-protections-horse\/hv-polopro-tendon-boots-hive\/"]}]},{"@type":"ImageObject","inLanguage":"et","@id":"https:\/\/equidash.eu\/shop\/horse\/leg-hoof-protections-horse\/boots-leg-hoof-protections-horse\/hv-polopro-tendon-boots-hive\/#primaryimage","url":"https:\/\/equidash.eu\/wp-content\/uploads\/2024\/11\/HVP_Tendon-Hive_Brown_1-scaled-2.jpg","contentUrl":"https:\/\/equidash.eu\/wp-content\/uploads\/2024\/11\/HVP_Tendon-Hive_Brown_1-scaled-2.jpg","width":2048,"height":2048},{"@type":"BreadcrumbList","@id":"https:\/\/equidash.eu\/shop\/horse\/leg-hoof-protections-horse\/boots-leg-hoof-protections-horse\/hv-polopro-tendon-boots-hive\/#breadcrumb","itemListElement":[{"@type":"ListItem","position":1,"name":"Home","item":"https:\/\/equidash.eu\/"},{"@type":"ListItem","position":2,"name":"Shop","item":"https:\/\/equidash.eu\/shop\/"},{"@type":"ListItem","position":3,"name":"HV PoloPro Tendon boots Hive"}]},{"@type":"WebSite","@id":"https:\/\/equidash.eu\/#website","url":"https:\/\/equidash.eu\/","name":"EquiDash","description":"Horse Riding Equipment and Accessories","publisher":{"@id":"https:\/\/equidash.eu\/#organization"},"alternateName":"EquiDash","potentialAction":[{"@type":"SearchAction","target":{"@type":"EntryPoint","urlTemplate":"https:\/\/equidash.eu\/?s={search_term_string}"},"query-input":{"@type":"PropertyValueSpecification","valueRequired":true,"valueName":"search_term_string"}}],"inLanguage":"et"},{"@type":"Organization","@id":"https:\/\/equidash.eu\/#organization","name":"EquiDash","alternateName":"EquiDash","url":"https:\/\/equidash.eu\/","logo":{"@type":"ImageObject","inLanguage":"et","@id":"https:\/\/equidash.eu\/#\/schema\/logo\/image\/","url":"https:\/\/equidash.eu\/wp-content\/uploads\/2024\/09\/EQUIDASH_Logo_Raud-1.png","contentUrl":"https:\/\/equidash.eu\/wp-content\/uploads\/2024\/09\/EQUIDASH_Logo_Raud-1.png","width":393,"height":422,"caption":"EquiDash"},"image":{"@id":"https:\/\/equidash.eu\/#\/schema\/logo\/image\/"},"sameAs":["https:\/\/www.facebook.com\/people\/EquiDash\/61560864479586\/","https:\/\/www.instagram.com\/equidash.eshop\/"],"email":"info@equidash.eu","telephone":"+372 59007334","legalName":"Takian Corporation O\u00dc","foundingDate":"2020-10-21","vatID":"EE102301283","numberOfEmployees":{"@type":"QuantitativeValue","minValue":"1","maxValue":"10"},"hasMerchantReturnPolicy":{"@type":"MerchantReturnPolicy","merchantReturnLink":"https:\/\/equidash.eu\/et\/return-privacy\/"}}]},"product_brand":"HV Polo","og_availability":"backorder","product_availability":"available for order","product_condition":"new"},"_links":{"self":[{"href":"https:\/\/equidash.eu\/et\/wp-json\/wp\/v2\/product\/298","targetHints":{"allow":["GET"]}}],"collection":[{"href":"https:\/\/equidash.eu\/et\/wp-json\/wp\/v2\/product"}],"about":[{"href":"https:\/\/equidash.eu\/et\/wp-json\/wp\/v2\/types\/product"}],"wp:featuredmedia":[{"embeddable":true,"href":"https:\/\/equidash.eu\/et\/wp-json\/wp\/v2\/media\/891"}],"wp:attachment":[{"href":"https:\/\/equidash.eu\/et\/wp-json\/wp\/v2\/media?parent=298"}],"wp:term":[{"taxonomy":"product_brand","embeddable":true,"href":"https:\/\/equidash.eu\/et\/wp-json\/wp\/v2\/product_brand?post=298"},{"taxonomy":"product_cat","embeddable":true,"href":"https:\/\/equidash.eu\/et\/wp-json\/wp\/v2\/product_cat?post=298"},{"taxonomy":"product_tag","embeddable":true,"href":"https:\/\/equidash.eu\/et\/wp-json\/wp\/v2\/product_tag?post=298"}],"curies":[{"name":"wp","href":"https:\/\/api.w.org\/{rel}","templated":true}]}}