{"id":3001,"date":"2025-01-24T22:52:27","date_gmt":"2025-01-24T20:52:27","guid":{"rendered":"https:\/\/equidash.eu\/?post_type=product&#038;p=3001"},"modified":"2025-07-01T23:22:27","modified_gmt":"2025-07-01T21:22:27","slug":"excellent-superior-halter-black","status":"publish","type":"product","link":"https:\/\/equidash.eu\/et\/shop\/horse\/excellent-superior-halter-black\/","title":{"rendered":"Excellent helkurp\u00e4itsed Superior"},"content":{"rendered":"<p>Excellent helkurp\u00e4itsed Superior<\/p>\n<p>Kas hindad kvaliteeti, mugavust ja praktilisust? Siis vali Excellent Horse'i Superior p\u00e4itsed! Need kvaliteetsed helkurp\u00e4itsed on valmistatud eriti tihedalt kootud nailonist, mis muudab p\u00e4itsed eriti pehmeks, paindlikuks ja vastupidavaks. Varustatud helkurdetailidega, mis tagavad hea n\u00e4htavuse pimedas. Lisandv\u00e4\u00e4rtust pakub pehmest fliisist nina ja p\u00f5skede osa, mis takistab h\u00f5\u00f5rdumist. P\u00e4itsed sobivad suurep\u00e4raselt ka noortele hobustele v\u00f5i pea suhtes tundlikele hobustele, t\u00e4nu kl\u00f5pskinnitusele ninal ja kuklal. See teeb p\u00e4itsete peale- ja \u00e4rav\u00f5tmise lihtsaks. Lisaks saab sobivust kiiresti kohandada t\u00e4nu mugavale reguleerimiss\u00fcsteemile.<\/p>\n<ul>\n<li>Erakordselt mugavad ja kerged fliisist pehemndustega p\u00e4itsed<\/li>\n<li>Varustatud kiirkinnituss\u00fcsteemiga kuni 200 kg j\u00f5uni!<\/li>\n<li>Suurenenud n\u00e4htavus pimedas t\u00e4nu helkurdetailidele!<\/li>\n<li>Lihtne reguleerida mugava reguleerimiss\u00fcsteemi abil, tagades alati 100% t\u00e4iusliku sobivuse.<\/li>\n<\/ul>\n<div style=\"width: 1020px;\" class=\"wp-video\"><video class=\"wp-video-shortcode\" id=\"video-3001-1\" width=\"1020\" height=\"574\" preload=\"metadata\" controls=\"controls\"><source type=\"video\/mp4\" src=\"https:\/\/equidash.eu\/wp-content\/uploads\/2025\/01\/5db5c478380c459c92579f0ab92ab09b.HD-1080p-7.2Mbps-33624937.mp4?_=1\" \/><a href=\"https:\/\/equidash.eu\/wp-content\/uploads\/2025\/01\/5db5c478380c459c92579f0ab92ab09b.HD-1080p-7.2Mbps-33624937.mp4\">https:\/\/equidash.eu\/wp-content\/uploads\/2025\/01\/5db5c478380c459c92579f0ab92ab09b.HD-1080p-7.2Mbps-33624937.mp4<\/a><\/video><\/div>\n<p>&nbsp;<\/p>\n<p>\u2714\ufe0f T\u00e4iuslik sobivus<\/p>\n<p>\u2714\ufe0f Lihtsasti reguleeritav<\/p>\n<p>\u2714\ufe0f K\u00f5rge tihedusega nailonkangas<\/p>\n<p>\u2714\ufe0f Luksuslik kinkepakend<\/p>\n<p>\u2714\ufe0f Helkivad \u00f5mblused<\/p>\n<p>\u2714\ufe0f Luksuslik pehme fliis<\/p>","protected":false},"excerpt":{"rendered":"<p class=\"ai-optimize-20 ai-optimize-introduction\"><a href=\"https:\/\/equidash.eu\/et\/tootesilt\/excellent-horse\/\"><img decoding=\"async\" style=\"height: 60px;margin-top: 20px\" src=\"https:\/\/equidash.eu\/wp-content\/uploads\/2024\/12\/Excellent-Horse-logo.png\" alt=\"\" \/><\/a><\/p>","protected":false},"featured_media":3029,"template":"","meta":{"_acf_changed":false,"_joinchat":[]},"product_brand":[508],"product_cat":[194,193,27],"product_tag":[402,47,414],"class_list":{"0":"post-3001","1":"product","2":"type-product","3":"status-publish","4":"has-post-thumbnail","6":"product_brand-excellent-horse","7":"product_cat-halters-halters-lead-ropes-horse","8":"product_cat-halters-lead-ropes-horse","9":"product_cat-horse","10":"product_tag-excellent-horse","11":"product_tag-halters","12":"product_tag-reflective","13":"pa_colors-black","14":"pa_colors-blue","15":"pa_colors-gray","16":"pa_colors-pink","17":"pa_colors-red","18":"pa_size-cob","19":"pa_size-foal","20":"pa_size-full","21":"pa_size-pony","22":"pa_size-shetland","24":"first","25":"instock","26":"taxable","27":"shipping-taxable","28":"purchasable","29":"product-type-variable"},"acf":[],"yoast_head":"<!-- This site is optimized with the Yoast SEO Premium plugin v26.2 (Yoast SEO v27.3) - https:\/\/yoast.com\/product\/yoast-seo-premium-wordpress\/ -->\n<title>Excellent Superior Reflective Halter | Parima hinnaga ratsavarustuse e-pood<\/title>\n<meta name=\"description\" content=\"Excellent Superior Reflective Halter | \u00dclimalt pehmed ja mugavad p\u00e4itsed varssadele, ponidele ja hobustele. Helkurdetailide ja fliispehmendustega p\u00e4itsed!\" \/>\n<meta name=\"robots\" content=\"index, follow, max-snippet:-1, max-image-preview:large, max-video-preview:-1\" \/>\n<link rel=\"canonical\" href=\"https:\/\/equidash.eu\/et\/shop\/hobune\/excellent-superior-halter-black\/\" \/>\n<meta property=\"og:locale\" content=\"et_EE\" \/>\n<meta property=\"og:type\" content=\"article\" \/>\n<meta property=\"og:title\" content=\"Excellent Superior Reflective Halter\" \/>\n<meta property=\"og:description\" content=\"Excellent Superior Reflective Halter | \u00dclimalt pehmed ja mugavad p\u00e4itsed varssadele, ponidele ja hobustele. Helkurdetailide ja fliispehmendustega p\u00e4itsed!\" \/>\n<meta property=\"og:url\" content=\"https:\/\/equidash.eu\/et\/shop\/hobune\/excellent-superior-halter-black\/\" \/>\n<meta property=\"og:site_name\" content=\"Parima hinnaga ratsavarustuse e-pood\" \/>\n<meta property=\"article:publisher\" content=\"https:\/\/www.facebook.com\/people\/EquiDash\/61560864479586\/\" \/>\n<meta property=\"article:modified_time\" content=\"2025-07-01T21:22:27+00:00\" \/>\n<meta property=\"og:image\" content=\"https:\/\/equidash.eu\/wp-content\/uploads\/2025\/01\/Excellent_Halter_Superior_Blue_0.jpg\" \/>\n\t<meta property=\"og:image:width\" content=\"1024\" \/>\n\t<meta property=\"og:image:height\" content=\"1024\" \/>\n\t<meta property=\"og:image:type\" content=\"image\/jpeg\" \/>\n<meta name=\"twitter:card\" content=\"summary_large_image\" \/>\n<meta name=\"twitter:label1\" content=\"Availability\" \/>\n\t<meta name=\"twitter:data1\" content=\"In stock\" \/>\n<script type=\"application\/ld+json\" class=\"yoast-schema-graph\">{\"@context\":\"https:\\\/\\\/schema.org\",\"@graph\":[{\"@type\":\"WebPage\",\"@id\":\"https:\\\/\\\/equidash.eu\\\/shop\\\/horse\\\/excellent-superior-halter-black\\\/\",\"url\":\"https:\\\/\\\/equidash.eu\\\/shop\\\/horse\\\/excellent-superior-halter-black\\\/\",\"name\":\"Excellent Superior Reflective Halter | Parima hinnaga ratsavarustuse e-pood\",\"isPartOf\":{\"@id\":\"https:\\\/\\\/equidash.eu\\\/#website\"},\"primaryImageOfPage\":{\"@id\":\"https:\\\/\\\/equidash.eu\\\/shop\\\/horse\\\/excellent-superior-halter-black\\\/#primaryimage\"},\"image\":{\"@id\":\"https:\\\/\\\/equidash.eu\\\/shop\\\/horse\\\/excellent-superior-halter-black\\\/#primaryimage\"},\"thumbnailUrl\":\"https:\\\/\\\/equidash.eu\\\/wp-content\\\/uploads\\\/2025\\\/01\\\/Excellent_Halter_Superior_Blue_0.jpg\",\"datePublished\":\"2025-01-24T20:52:27+00:00\",\"dateModified\":\"2025-07-01T21:22:27+00:00\",\"description\":\"Excellent Superior Reflective Halter | \u00dclimalt pehmed ja mugavad p\u00e4itsed varssadele, ponidele ja hobustele. Helkurdetailide ja fliispehmendustega p\u00e4itsed!\",\"breadcrumb\":{\"@id\":\"https:\\\/\\\/equidash.eu\\\/shop\\\/horse\\\/excellent-superior-halter-black\\\/#breadcrumb\"},\"inLanguage\":\"et\",\"potentialAction\":[{\"@type\":\"ReadAction\",\"target\":[\"https:\\\/\\\/equidash.eu\\\/shop\\\/horse\\\/excellent-superior-halter-black\\\/\"]}]},{\"@type\":\"ImageObject\",\"inLanguage\":\"et\",\"@id\":\"https:\\\/\\\/equidash.eu\\\/shop\\\/horse\\\/excellent-superior-halter-black\\\/#primaryimage\",\"url\":\"https:\\\/\\\/equidash.eu\\\/wp-content\\\/uploads\\\/2025\\\/01\\\/Excellent_Halter_Superior_Blue_0.jpg\",\"contentUrl\":\"https:\\\/\\\/equidash.eu\\\/wp-content\\\/uploads\\\/2025\\\/01\\\/Excellent_Halter_Superior_Blue_0.jpg\",\"width\":1024,\"height\":1024,\"caption\":\"Pehmuse ja vastupidavuse kombinatsioon \u2013 Excellent Superior helkurp\u00e4itsed. Sinised\"},{\"@type\":\"BreadcrumbList\",\"@id\":\"https:\\\/\\\/equidash.eu\\\/shop\\\/horse\\\/excellent-superior-halter-black\\\/#breadcrumb\",\"itemListElement\":[{\"@type\":\"ListItem\",\"position\":1,\"name\":\"Home\",\"item\":\"https:\\\/\\\/equidash.eu\\\/\"},{\"@type\":\"ListItem\",\"position\":2,\"name\":\"Shop\",\"item\":\"https:\\\/\\\/equidash.eu\\\/shop\\\/\"},{\"@type\":\"ListItem\",\"position\":3,\"name\":\"Excellent Superior Reflective Halter\"}]},{\"@type\":\"WebSite\",\"@id\":\"https:\\\/\\\/equidash.eu\\\/#website\",\"url\":\"https:\\\/\\\/equidash.eu\\\/\",\"name\":\"EquiDash\",\"description\":\"Horse Riding Equipment and Accessories\",\"publisher\":{\"@id\":\"https:\\\/\\\/equidash.eu\\\/#organization\"},\"alternateName\":\"EquiDash\",\"potentialAction\":[{\"@type\":\"SearchAction\",\"target\":{\"@type\":\"EntryPoint\",\"urlTemplate\":\"https:\\\/\\\/equidash.eu\\\/?s={search_term_string}\"},\"query-input\":{\"@type\":\"PropertyValueSpecification\",\"valueRequired\":true,\"valueName\":\"search_term_string\"}}],\"inLanguage\":\"et\"},{\"@type\":\"Organization\",\"@id\":\"https:\\\/\\\/equidash.eu\\\/#organization\",\"name\":\"EquiDash\",\"alternateName\":\"EquiDash\",\"url\":\"https:\\\/\\\/equidash.eu\\\/\",\"logo\":{\"@type\":\"ImageObject\",\"inLanguage\":\"et\",\"@id\":\"https:\\\/\\\/equidash.eu\\\/#\\\/schema\\\/logo\\\/image\\\/\",\"url\":\"https:\\\/\\\/equidash.eu\\\/wp-content\\\/uploads\\\/2024\\\/09\\\/EQUIDASH_Logo_Raud-1.png\",\"contentUrl\":\"https:\\\/\\\/equidash.eu\\\/wp-content\\\/uploads\\\/2024\\\/09\\\/EQUIDASH_Logo_Raud-1.png\",\"width\":393,\"height\":422,\"caption\":\"EquiDash\"},\"image\":{\"@id\":\"https:\\\/\\\/equidash.eu\\\/#\\\/schema\\\/logo\\\/image\\\/\"},\"sameAs\":[\"https:\\\/\\\/www.facebook.com\\\/people\\\/EquiDash\\\/61560864479586\\\/\",\"https:\\\/\\\/www.instagram.com\\\/equidash.eshop\\\/\"],\"email\":\"info@equidash.eu\",\"telephone\":\"+372 59007334\",\"legalName\":\"Takian Corporation O\u00dc\",\"foundingDate\":\"2020-10-21\",\"vatID\":\"EE102301283\",\"numberOfEmployees\":{\"@type\":\"QuantitativeValue\",\"minValue\":\"1\",\"maxValue\":\"10\"},\"hasMerchantReturnPolicy\":{\"@type\":\"MerchantReturnPolicy\",\"merchantReturnLink\":\"https:\\\/\\\/equidash.eu\\\/et\\\/return-privacy\\\/\"}}]}<\/script>\n<meta property=\"product:brand\" content=\"Excellent Horse\" \/>\n<meta property=\"og:availability\" content=\"instock\" \/>\n<meta property=\"product:availability\" content=\"instock\" \/>\n<meta property=\"product:condition\" content=\"new\" \/>\n<!-- \/ Yoast SEO Premium plugin. -->","yoast_head_json":{"title":"Excellent Superior Reflective Halter | Parima hinnaga ratsavarustuse e-pood","description":"Excellent Superior Reflective Halter | \u00dclimalt pehmed ja mugavad p\u00e4itsed varssadele, ponidele ja hobustele. Helkurdetailide ja fliispehmendustega p\u00e4itsed!","robots":{"index":"index","follow":"follow","max-snippet":"max-snippet:-1","max-image-preview":"max-image-preview:large","max-video-preview":"max-video-preview:-1"},"canonical":"https:\/\/equidash.eu\/et\/shop\/hobune\/excellent-superior-halter-black\/","og_locale":"et_EE","og_type":"article","og_title":"Excellent Superior Reflective Halter","og_description":"Excellent Superior Reflective Halter | \u00dclimalt pehmed ja mugavad p\u00e4itsed varssadele, ponidele ja hobustele. Helkurdetailide ja fliispehmendustega p\u00e4itsed!","og_url":"https:\/\/equidash.eu\/et\/shop\/hobune\/excellent-superior-halter-black\/","og_site_name":"Parima hinnaga ratsavarustuse e-pood","article_publisher":"https:\/\/www.facebook.com\/people\/EquiDash\/61560864479586\/","article_modified_time":"2025-07-01T21:22:27+00:00","og_image":[{"width":1024,"height":1024,"url":"https:\/\/equidash.eu\/wp-content\/uploads\/2025\/01\/Excellent_Halter_Superior_Blue_0.jpg","type":"image\/jpeg"}],"twitter_card":"summary_large_image","twitter_misc":{"Availability":"In stock"},"schema":{"@context":"https:\/\/schema.org","@graph":[{"@type":"WebPage","@id":"https:\/\/equidash.eu\/shop\/horse\/excellent-superior-halter-black\/","url":"https:\/\/equidash.eu\/shop\/horse\/excellent-superior-halter-black\/","name":"Excellent Superior Reflective Halter | Parima hinnaga ratsavarustuse e-pood","isPartOf":{"@id":"https:\/\/equidash.eu\/#website"},"primaryImageOfPage":{"@id":"https:\/\/equidash.eu\/shop\/horse\/excellent-superior-halter-black\/#primaryimage"},"image":{"@id":"https:\/\/equidash.eu\/shop\/horse\/excellent-superior-halter-black\/#primaryimage"},"thumbnailUrl":"https:\/\/equidash.eu\/wp-content\/uploads\/2025\/01\/Excellent_Halter_Superior_Blue_0.jpg","datePublished":"2025-01-24T20:52:27+00:00","dateModified":"2025-07-01T21:22:27+00:00","description":"Excellent Superior Reflective Halter | \u00dclimalt pehmed ja mugavad p\u00e4itsed varssadele, ponidele ja hobustele. Helkurdetailide ja fliispehmendustega p\u00e4itsed!","breadcrumb":{"@id":"https:\/\/equidash.eu\/shop\/horse\/excellent-superior-halter-black\/#breadcrumb"},"inLanguage":"et","potentialAction":[{"@type":"ReadAction","target":["https:\/\/equidash.eu\/shop\/horse\/excellent-superior-halter-black\/"]}]},{"@type":"ImageObject","inLanguage":"et","@id":"https:\/\/equidash.eu\/shop\/horse\/excellent-superior-halter-black\/#primaryimage","url":"https:\/\/equidash.eu\/wp-content\/uploads\/2025\/01\/Excellent_Halter_Superior_Blue_0.jpg","contentUrl":"https:\/\/equidash.eu\/wp-content\/uploads\/2025\/01\/Excellent_Halter_Superior_Blue_0.jpg","width":1024,"height":1024,"caption":"Pehmuse ja vastupidavuse kombinatsioon \u2013 Excellent Superior helkurp\u00e4itsed. Sinised"},{"@type":"BreadcrumbList","@id":"https:\/\/equidash.eu\/shop\/horse\/excellent-superior-halter-black\/#breadcrumb","itemListElement":[{"@type":"ListItem","position":1,"name":"Home","item":"https:\/\/equidash.eu\/"},{"@type":"ListItem","position":2,"name":"Shop","item":"https:\/\/equidash.eu\/shop\/"},{"@type":"ListItem","position":3,"name":"Excellent Superior Reflective Halter"}]},{"@type":"WebSite","@id":"https:\/\/equidash.eu\/#website","url":"https:\/\/equidash.eu\/","name":"EquiDash","description":"Horse Riding Equipment and Accessories","publisher":{"@id":"https:\/\/equidash.eu\/#organization"},"alternateName":"EquiDash","potentialAction":[{"@type":"SearchAction","target":{"@type":"EntryPoint","urlTemplate":"https:\/\/equidash.eu\/?s={search_term_string}"},"query-input":{"@type":"PropertyValueSpecification","valueRequired":true,"valueName":"search_term_string"}}],"inLanguage":"et"},{"@type":"Organization","@id":"https:\/\/equidash.eu\/#organization","name":"EquiDash","alternateName":"EquiDash","url":"https:\/\/equidash.eu\/","logo":{"@type":"ImageObject","inLanguage":"et","@id":"https:\/\/equidash.eu\/#\/schema\/logo\/image\/","url":"https:\/\/equidash.eu\/wp-content\/uploads\/2024\/09\/EQUIDASH_Logo_Raud-1.png","contentUrl":"https:\/\/equidash.eu\/wp-content\/uploads\/2024\/09\/EQUIDASH_Logo_Raud-1.png","width":393,"height":422,"caption":"EquiDash"},"image":{"@id":"https:\/\/equidash.eu\/#\/schema\/logo\/image\/"},"sameAs":["https:\/\/www.facebook.com\/people\/EquiDash\/61560864479586\/","https:\/\/www.instagram.com\/equidash.eshop\/"],"email":"info@equidash.eu","telephone":"+372 59007334","legalName":"Takian Corporation O\u00dc","foundingDate":"2020-10-21","vatID":"EE102301283","numberOfEmployees":{"@type":"QuantitativeValue","minValue":"1","maxValue":"10"},"hasMerchantReturnPolicy":{"@type":"MerchantReturnPolicy","merchantReturnLink":"https:\/\/equidash.eu\/et\/return-privacy\/"}}]},"product_brand":"Excellent Horse","og_availability":"instock","product_availability":"instock","product_condition":"new"},"_links":{"self":[{"href":"https:\/\/equidash.eu\/et\/wp-json\/wp\/v2\/product\/3001","targetHints":{"allow":["GET"]}}],"collection":[{"href":"https:\/\/equidash.eu\/et\/wp-json\/wp\/v2\/product"}],"about":[{"href":"https:\/\/equidash.eu\/et\/wp-json\/wp\/v2\/types\/product"}],"wp:featuredmedia":[{"embeddable":true,"href":"https:\/\/equidash.eu\/et\/wp-json\/wp\/v2\/media\/3029"}],"wp:attachment":[{"href":"https:\/\/equidash.eu\/et\/wp-json\/wp\/v2\/media?parent=3001"}],"wp:term":[{"taxonomy":"product_brand","embeddable":true,"href":"https:\/\/equidash.eu\/et\/wp-json\/wp\/v2\/product_brand?post=3001"},{"taxonomy":"product_cat","embeddable":true,"href":"https:\/\/equidash.eu\/et\/wp-json\/wp\/v2\/product_cat?post=3001"},{"taxonomy":"product_tag","embeddable":true,"href":"https:\/\/equidash.eu\/et\/wp-json\/wp\/v2\/product_tag?post=3001"}],"curies":[{"name":"wp","href":"https:\/\/api.w.org\/{rel}","templated":true}]}}