{"id":3046,"date":"2025-01-26T23:22:18","date_gmt":"2025-01-26T21:22:18","guid":{"rendered":"https:\/\/equidash.eu\/?post_type=product&#038;p=3046"},"modified":"2025-07-01T23:22:26","modified_gmt":"2025-07-01T21:22:26","slug":"jolly-hay-ball","status":"publish","type":"product","link":"https:\/\/equidash.eu\/et\/shop\/horse\/jolly-hay-ball\/","title":{"rendered":"Jolly heinapall hobustele"},"content":{"rendered":"<hr \/>\n<p>Jolly heinapall Hay Ball on interaktiivne maiustepall hobustele, mis on valmistatud paindlikust ja vastupidavast kummist. T\u00e4ida Jolly heinapall heaga ja pane v\u00e4iksematesse avadesse maiustused nagu \u00f5un v\u00f5i porgand. See hoiab sinu hobuse pikalt tegevuses. Jolly Hay Ball on lihtne paigaldada talli, karjamaale v\u00f5i treilerisse.<\/p>\n<ul>\n<li>Pakub tegevust ja peletab talli igavust<\/li>\n<li>Interaktiivne maiusepall hobustele<\/li>\n<li>T\u00e4ida heinapall heinaga ja lisa juurde n\u00e4iteks \u00f5unad v\u00f5i porgandid<\/li>\n<\/ul>\n<p><strong>Suurus<\/strong><br \/>\n20 cm<\/p>\n<p><iframe loading=\"lazy\" title=\"Jolly - Hay Ball (EN)\" width=\"1020\" height=\"574\" src=\"https:\/\/www.youtube.com\/embed\/W8hgfCrgrK4?feature=oembed&#038;enablejsapi=1&#038;origin=https:\/\/equidash.eu\" frameborder=\"0\" allow=\"accelerometer; autoplay; clipboard-write; encrypted-media; gyroscope; picture-in-picture; web-share\" referrerpolicy=\"strict-origin-when-cross-origin\" allowfullscreen><\/iframe><\/p>\n<p>&nbsp;<\/p>","protected":false},"excerpt":{"rendered":"<p>Jolly Hay Ball is an interactive treat ball for horses, made from flexible and durable rubber. Fill the Jolly Hay Ball with hay and fill the smaller openings with treats like apple or carrot. This will keep your horse busy for a while. The Jolly Hay Ball is easy to suspend in the stable, pasture [&#8230;]\n","protected":false},"featured_media":3052,"template":"","meta":{"_acf_changed":false,"_joinchat":[]},"product_brand":[514],"product_cat":[27,251,252],"product_tag":[664,665,666],"class_list":{"0":"post-3046","1":"product","2":"type-product","3":"status-publish","4":"has-post-thumbnail","6":"product_brand-jolly-pets","7":"product_cat-horse","8":"product_cat-horse-feed-nutrition","9":"product_cat-toys-for-horses","10":"product_tag-hay-ball","11":"product_tag-jolly-pets","12":"product_tag-play","13":"pa_colors-blue","14":"pa_colors-green","16":"first","17":"instock","18":"taxable","19":"shipping-taxable","20":"purchasable","21":"product-type-variable"},"acf":[],"yoast_head":"<!-- This site is optimized with the Yoast SEO Premium plugin v26.2 (Yoast SEO v27.2) - https:\/\/yoast.com\/product\/yoast-seo-premium-wordpress\/ -->\n<title>Jolly Hay Ball | Parima hinnaga ratsavarustuse e-pood<\/title>\n<meta name=\"description\" content=\"Jolly Hay Ball | Heinapall hobustele igavuse peletamiseks. Valikus sinine ja roheline looduslikust kummist pall. T\u00e4ida pall heina ja maiustega.\" \/>\n<meta name=\"robots\" content=\"index, follow, max-snippet:-1, max-image-preview:large, max-video-preview:-1\" \/>\n<link rel=\"canonical\" href=\"https:\/\/equidash.eu\/et\/shop\/hobune\/jolly-hay-ball\/\" \/>\n<meta property=\"og:locale\" content=\"et_EE\" \/>\n<meta property=\"og:type\" content=\"article\" \/>\n<meta property=\"og:title\" content=\"Jolly Hay Ball\" \/>\n<meta property=\"og:description\" content=\"Jolly Hay Ball | Heinapall hobustele igavuse peletamiseks. Valikus sinine ja roheline looduslikust kummist pall. T\u00e4ida pall heina ja maiustega.\" \/>\n<meta property=\"og:url\" content=\"https:\/\/equidash.eu\/et\/shop\/hobune\/jolly-hay-ball\/\" \/>\n<meta property=\"og:site_name\" content=\"Parima hinnaga ratsavarustuse e-pood\" \/>\n<meta property=\"article:publisher\" content=\"https:\/\/www.facebook.com\/people\/EquiDash\/61560864479586\/\" \/>\n<meta property=\"article:modified_time\" content=\"2025-07-01T21:22:26+00:00\" \/>\n<meta property=\"og:image\" content=\"https:\/\/equidash.eu\/wp-content\/uploads\/2025\/01\/Jolly_Hay-Ball_Green_1.png\" \/>\n\t<meta property=\"og:image:width\" content=\"1080\" \/>\n\t<meta property=\"og:image:height\" content=\"1080\" \/>\n\t<meta property=\"og:image:type\" content=\"image\/png\" \/>\n<meta name=\"twitter:card\" content=\"summary_large_image\" \/>\n<meta name=\"twitter:label1\" content=\"Availability\" \/>\n\t<meta name=\"twitter:data1\" content=\"In stock\" \/>\n<script type=\"application\/ld+json\" class=\"yoast-schema-graph\">{\"@context\":\"https:\/\/schema.org\",\"@graph\":[{\"@type\":\"WebPage\",\"@id\":\"https:\/\/equidash.eu\/shop\/horse\/jolly-hay-ball\/\",\"url\":\"https:\/\/equidash.eu\/shop\/horse\/jolly-hay-ball\/\",\"name\":\"Jolly Hay Ball | Parima hinnaga ratsavarustuse e-pood\",\"isPartOf\":{\"@id\":\"https:\/\/equidash.eu\/#website\"},\"primaryImageOfPage\":{\"@id\":\"https:\/\/equidash.eu\/shop\/horse\/jolly-hay-ball\/#primaryimage\"},\"image\":{\"@id\":\"https:\/\/equidash.eu\/shop\/horse\/jolly-hay-ball\/#primaryimage\"},\"thumbnailUrl\":\"https:\/\/equidash.eu\/wp-content\/uploads\/2025\/01\/Jolly_Hay-Ball_Green_1.png\",\"datePublished\":\"2025-01-26T21:22:18+00:00\",\"dateModified\":\"2025-07-01T21:22:26+00:00\",\"description\":\"Jolly Hay Ball | Heinapall hobustele igavuse peletamiseks. Valikus sinine ja roheline looduslikust kummist pall. T\u00e4ida pall heina ja maiustega.\",\"breadcrumb\":{\"@id\":\"https:\/\/equidash.eu\/shop\/horse\/jolly-hay-ball\/#breadcrumb\"},\"inLanguage\":\"et\",\"potentialAction\":[{\"@type\":\"ReadAction\",\"target\":[\"https:\/\/equidash.eu\/shop\/horse\/jolly-hay-ball\/\"]}]},{\"@type\":\"ImageObject\",\"inLanguage\":\"et\",\"@id\":\"https:\/\/equidash.eu\/shop\/horse\/jolly-hay-ball\/#primaryimage\",\"url\":\"https:\/\/equidash.eu\/wp-content\/uploads\/2025\/01\/Jolly_Hay-Ball_Green_1.png\",\"contentUrl\":\"https:\/\/equidash.eu\/wp-content\/uploads\/2025\/01\/Jolly_Hay-Ball_Green_1.png\",\"width\":1080,\"height\":1080,\"caption\":\"Jolly Hay Ball \u2013 maiustepall hobustele, mis hoiab nad pikalt tegevuses! Roheline heinapall\"},{\"@type\":\"BreadcrumbList\",\"@id\":\"https:\/\/equidash.eu\/shop\/horse\/jolly-hay-ball\/#breadcrumb\",\"itemListElement\":[{\"@type\":\"ListItem\",\"position\":1,\"name\":\"Home\",\"item\":\"https:\/\/equidash.eu\/\"},{\"@type\":\"ListItem\",\"position\":2,\"name\":\"Shop\",\"item\":\"https:\/\/equidash.eu\/shop\/\"},{\"@type\":\"ListItem\",\"position\":3,\"name\":\"Jolly Hay Ball\"}]},{\"@type\":\"WebSite\",\"@id\":\"https:\/\/equidash.eu\/#website\",\"url\":\"https:\/\/equidash.eu\/\",\"name\":\"EquiDash\",\"description\":\"Horse Riding Equipment and Accessories\",\"publisher\":{\"@id\":\"https:\/\/equidash.eu\/#organization\"},\"alternateName\":\"EquiDash\",\"potentialAction\":[{\"@type\":\"SearchAction\",\"target\":{\"@type\":\"EntryPoint\",\"urlTemplate\":\"https:\/\/equidash.eu\/?s={search_term_string}\"},\"query-input\":{\"@type\":\"PropertyValueSpecification\",\"valueRequired\":true,\"valueName\":\"search_term_string\"}}],\"inLanguage\":\"et\"},{\"@type\":\"Organization\",\"@id\":\"https:\/\/equidash.eu\/#organization\",\"name\":\"EquiDash\",\"alternateName\":\"EquiDash\",\"url\":\"https:\/\/equidash.eu\/\",\"logo\":{\"@type\":\"ImageObject\",\"inLanguage\":\"et\",\"@id\":\"https:\/\/equidash.eu\/#\/schema\/logo\/image\/\",\"url\":\"https:\/\/equidash.eu\/wp-content\/uploads\/2024\/09\/EQUIDASH_Logo_Raud-1.png\",\"contentUrl\":\"https:\/\/equidash.eu\/wp-content\/uploads\/2024\/09\/EQUIDASH_Logo_Raud-1.png\",\"width\":393,\"height\":422,\"caption\":\"EquiDash\"},\"image\":{\"@id\":\"https:\/\/equidash.eu\/#\/schema\/logo\/image\/\"},\"sameAs\":[\"https:\/\/www.facebook.com\/people\/EquiDash\/61560864479586\/\",\"https:\/\/www.instagram.com\/equidash.eshop\/\"],\"email\":\"info@equidash.eu\",\"telephone\":\"+372 59007334\",\"legalName\":\"Takian Corporation O\u00dc\",\"foundingDate\":\"2020-10-21\",\"vatID\":\"EE102301283\",\"numberOfEmployees\":{\"@type\":\"QuantitativeValue\",\"minValue\":\"1\",\"maxValue\":\"10\"},\"hasMerchantReturnPolicy\":{\"@type\":\"MerchantReturnPolicy\",\"merchantReturnLink\":\"https:\/\/equidash.eu\/et\/return-privacy\/\"}}]}<\/script>\n<meta property=\"product:brand\" content=\"Jolly Pets\" \/>\n<meta property=\"og:availability\" content=\"instock\" \/>\n<meta property=\"product:availability\" content=\"instock\" \/>\n<meta property=\"product:condition\" content=\"new\" \/>\n<!-- \/ Yoast SEO Premium plugin. -->","yoast_head_json":{"title":"Jolly Hay Ball | Parima hinnaga ratsavarustuse e-pood","description":"Jolly Hay Ball | Heinapall hobustele igavuse peletamiseks. Valikus sinine ja roheline looduslikust kummist pall. T\u00e4ida pall heina ja maiustega.","robots":{"index":"index","follow":"follow","max-snippet":"max-snippet:-1","max-image-preview":"max-image-preview:large","max-video-preview":"max-video-preview:-1"},"canonical":"https:\/\/equidash.eu\/et\/shop\/hobune\/jolly-hay-ball\/","og_locale":"et_EE","og_type":"article","og_title":"Jolly Hay Ball","og_description":"Jolly Hay Ball | Heinapall hobustele igavuse peletamiseks. Valikus sinine ja roheline looduslikust kummist pall. T\u00e4ida pall heina ja maiustega.","og_url":"https:\/\/equidash.eu\/et\/shop\/hobune\/jolly-hay-ball\/","og_site_name":"Parima hinnaga ratsavarustuse e-pood","article_publisher":"https:\/\/www.facebook.com\/people\/EquiDash\/61560864479586\/","article_modified_time":"2025-07-01T21:22:26+00:00","og_image":[{"width":1080,"height":1080,"url":"https:\/\/equidash.eu\/wp-content\/uploads\/2025\/01\/Jolly_Hay-Ball_Green_1.png","type":"image\/png"}],"twitter_card":"summary_large_image","twitter_misc":{"Availability":"In stock"},"schema":{"@context":"https:\/\/schema.org","@graph":[{"@type":"WebPage","@id":"https:\/\/equidash.eu\/shop\/horse\/jolly-hay-ball\/","url":"https:\/\/equidash.eu\/shop\/horse\/jolly-hay-ball\/","name":"Jolly Hay Ball | Parima hinnaga ratsavarustuse e-pood","isPartOf":{"@id":"https:\/\/equidash.eu\/#website"},"primaryImageOfPage":{"@id":"https:\/\/equidash.eu\/shop\/horse\/jolly-hay-ball\/#primaryimage"},"image":{"@id":"https:\/\/equidash.eu\/shop\/horse\/jolly-hay-ball\/#primaryimage"},"thumbnailUrl":"https:\/\/equidash.eu\/wp-content\/uploads\/2025\/01\/Jolly_Hay-Ball_Green_1.png","datePublished":"2025-01-26T21:22:18+00:00","dateModified":"2025-07-01T21:22:26+00:00","description":"Jolly Hay Ball | Heinapall hobustele igavuse peletamiseks. Valikus sinine ja roheline looduslikust kummist pall. T\u00e4ida pall heina ja maiustega.","breadcrumb":{"@id":"https:\/\/equidash.eu\/shop\/horse\/jolly-hay-ball\/#breadcrumb"},"inLanguage":"et","potentialAction":[{"@type":"ReadAction","target":["https:\/\/equidash.eu\/shop\/horse\/jolly-hay-ball\/"]}]},{"@type":"ImageObject","inLanguage":"et","@id":"https:\/\/equidash.eu\/shop\/horse\/jolly-hay-ball\/#primaryimage","url":"https:\/\/equidash.eu\/wp-content\/uploads\/2025\/01\/Jolly_Hay-Ball_Green_1.png","contentUrl":"https:\/\/equidash.eu\/wp-content\/uploads\/2025\/01\/Jolly_Hay-Ball_Green_1.png","width":1080,"height":1080,"caption":"Jolly Hay Ball \u2013 maiustepall hobustele, mis hoiab nad pikalt tegevuses! Roheline heinapall"},{"@type":"BreadcrumbList","@id":"https:\/\/equidash.eu\/shop\/horse\/jolly-hay-ball\/#breadcrumb","itemListElement":[{"@type":"ListItem","position":1,"name":"Home","item":"https:\/\/equidash.eu\/"},{"@type":"ListItem","position":2,"name":"Shop","item":"https:\/\/equidash.eu\/shop\/"},{"@type":"ListItem","position":3,"name":"Jolly Hay Ball"}]},{"@type":"WebSite","@id":"https:\/\/equidash.eu\/#website","url":"https:\/\/equidash.eu\/","name":"EquiDash","description":"Horse Riding Equipment and Accessories","publisher":{"@id":"https:\/\/equidash.eu\/#organization"},"alternateName":"EquiDash","potentialAction":[{"@type":"SearchAction","target":{"@type":"EntryPoint","urlTemplate":"https:\/\/equidash.eu\/?s={search_term_string}"},"query-input":{"@type":"PropertyValueSpecification","valueRequired":true,"valueName":"search_term_string"}}],"inLanguage":"et"},{"@type":"Organization","@id":"https:\/\/equidash.eu\/#organization","name":"EquiDash","alternateName":"EquiDash","url":"https:\/\/equidash.eu\/","logo":{"@type":"ImageObject","inLanguage":"et","@id":"https:\/\/equidash.eu\/#\/schema\/logo\/image\/","url":"https:\/\/equidash.eu\/wp-content\/uploads\/2024\/09\/EQUIDASH_Logo_Raud-1.png","contentUrl":"https:\/\/equidash.eu\/wp-content\/uploads\/2024\/09\/EQUIDASH_Logo_Raud-1.png","width":393,"height":422,"caption":"EquiDash"},"image":{"@id":"https:\/\/equidash.eu\/#\/schema\/logo\/image\/"},"sameAs":["https:\/\/www.facebook.com\/people\/EquiDash\/61560864479586\/","https:\/\/www.instagram.com\/equidash.eshop\/"],"email":"info@equidash.eu","telephone":"+372 59007334","legalName":"Takian Corporation O\u00dc","foundingDate":"2020-10-21","vatID":"EE102301283","numberOfEmployees":{"@type":"QuantitativeValue","minValue":"1","maxValue":"10"},"hasMerchantReturnPolicy":{"@type":"MerchantReturnPolicy","merchantReturnLink":"https:\/\/equidash.eu\/et\/return-privacy\/"}}]},"product_brand":"Jolly Pets","og_availability":"instock","product_availability":"instock","product_condition":"new"},"_links":{"self":[{"href":"https:\/\/equidash.eu\/et\/wp-json\/wp\/v2\/product\/3046","targetHints":{"allow":["GET"]}}],"collection":[{"href":"https:\/\/equidash.eu\/et\/wp-json\/wp\/v2\/product"}],"about":[{"href":"https:\/\/equidash.eu\/et\/wp-json\/wp\/v2\/types\/product"}],"wp:featuredmedia":[{"embeddable":true,"href":"https:\/\/equidash.eu\/et\/wp-json\/wp\/v2\/media\/3052"}],"wp:attachment":[{"href":"https:\/\/equidash.eu\/et\/wp-json\/wp\/v2\/media?parent=3046"}],"wp:term":[{"taxonomy":"product_brand","embeddable":true,"href":"https:\/\/equidash.eu\/et\/wp-json\/wp\/v2\/product_brand?post=3046"},{"taxonomy":"product_cat","embeddable":true,"href":"https:\/\/equidash.eu\/et\/wp-json\/wp\/v2\/product_cat?post=3046"},{"taxonomy":"product_tag","embeddable":true,"href":"https:\/\/equidash.eu\/et\/wp-json\/wp\/v2\/product_tag?post=3046"}],"curies":[{"name":"wp","href":"https:\/\/api.w.org\/{rel}","templated":true}]}}