{"id":3090,"date":"2025-01-31T13:07:15","date_gmt":"2025-01-31T11:07:15","guid":{"rendered":"https:\/\/equidash.eu\/?post_type=product&#038;p=3090"},"modified":"2025-03-02T17:05:58","modified_gmt":"2025-03-02T15:05:58","slug":"wahl-km-supera-cordless-clipper","status":"publish","type":"product","link":"https:\/\/equidash.eu\/et\/shop\/horse\/wahl-km-supera-cordless-clipper\/","title":{"rendered":"Wahl KM Supera p\u00fcgamismasin akuga"},"content":{"rendered":"<p>Wahl KM Supera juhtmevaba p\u00fcgamismasin on v\u00e4ga vaikne ja ideaalne ka n\u00e4rviliste hobuste t\u00e4ielikuks p\u00fcgamiseks. Klipperil on 2 kiirusastet, mis v\u00f5imaldab p\u00fcgada v\u00e4ga paksu karvkatet kui ka detailsemaid kohti. Masinal on vastupidav 1,5 mm (#10) tera, mis tagab professionaalse viimistluse t\u00e4nu oma k\u00f5rgekvaliteedilisele materjalile. Madal m\u00fcratase (68 db) muudab seadme sobivaks ka n\u00e4rvilistele hobustele. Kerge (380 g) ja ergonoomilise disainiga seade on t\u00e4iuslik paksu karvkatte eemaldamiseks. Saate reguleerida kahe erineva kiirusvahemiku (3000 ja 3700 TPM) vahel.<\/p>\n<p>Tootel on v\u00e4lja t\u00f6\u00f6tatud ja patenditud uus tehnoloogia (LOCKGUARD s\u00fcsteem), mis hoiab l\u00f5iketerad kindlalt paigal, v\u00e4ltides nende juhuslikku v\u00f5i soovimatut liikumist v\u00f5i lahti tulekut. See s\u00fcsteem tagab l\u00f5ikepeade stabiilsuse ja ohutuse, tehes t\u00f6\u00f6protsessi turvalisemaks ja lihtsamaks. Samuti muudab see l\u00f5ikepeade puhastamise ja vahetamise v\u00e4ga lihtsaks. T\u00e4iustatud \"harjadeta\" mootor koos Constant Speed Control tehnoloogiaga kohandab automaatselt mootori kiirust, et l\u00e4bi minna isegi k\u00f5ige paksematest karvkattekihtidest. Komplektil on 2 asendatavat akut, millest iga\u00fcks pakub 150 minutit t\u00f6\u00f6aega <span style=\"font-size: 100%;\">(LED-indikaator on kaasas).<\/span><\/p>\n<ul>\n<li class=\"point\"><strong>Disainitud just paksemate ja tugevamate karvade l\u00f5ikamiseks.<\/strong><\/li>\n<li class=\"point\"><strong><span style=\"font-size: 14.4px;\">Juhtmevaba, mis tagab t\u00e4ieliku liikumisvabaduse.<\/span><\/strong><\/li>\n<li class=\"point\"><strong><span style=\"font-size: 14.4px;\">V\u00f5imas, kiire ja lihtne p\u00fcgamine.<\/span><\/strong><\/li>\n<li class=\"point\"><strong><span style=\"font-size: 14.4px;\">V\u00e4ga vaikne, mis sobib ideaalselt n\u00e4rvilistele hobustele.<\/span><\/strong><\/li>\n<li class=\"point\"><strong><span style=\"font-size: 14.4px;\">Ergonoomiline ja tasakaalustatud k\u00e4epide.<\/span><\/strong><\/li>\n<li class=\"point\"><strong><span style=\"font-size: 14.4px;\">Optimeeritud Snap-On terade lihtne vahetamise s\u00fcsteem.<\/span><\/strong><\/li>\n<\/ul>\n<p><span style=\"font-size: 100%;\">P\u00fcgamismasinaga tuleb kaasa:<\/span><\/p>\n<ul>\n<li><span style=\"font-size: 100%;\">1,5 mm (#10) Prime Series l\u00f5iketera<\/span><\/li>\n<li><span style=\"font-size: 100%;\">2 liitium-ioon akut<\/span><\/li>\n<li><span style=\"font-size: 100%;\">Klipperi ning akulaadija hoidik ja laadija<\/span><\/li>\n<li><span style=\"font-size: 100%;\">Puhastushari ja \u00f5li<\/span><\/li>\n<li><span style=\"font-size: 100%;\">Pehme softshell \u00fcmbris<\/span><\/li>\n<\/ul>\n<p><span style=\"font-size: 100%;\">Spetsifikatsioon:\u00a0<\/span><\/p>\n<ul>\n<li>Aku t\u00f6\u00f6aeg: kuni 150 minutit (2,5 tundi)<\/li>\n<li>Laadimisaeg: 60 minutit (80%), 100 minutit (100%)<\/li>\n<li>RPM: 3000, 3700 p\u00f6\u00f6ret minutis<\/li>\n<\/ul>","protected":false},"excerpt":{"rendered":"<p>Wahl KM Supera cordless clipper is ideal for the complete shaving of horses with an easy coat and for the detailed and partial shaving of thick coats. The clipper features a durable, precision-ground 1.5 mm (#10) blade, which guarantees a professional finish thanks to its high-quality material. The low noise level of 68 db also [&#8230;]\n","protected":false},"featured_media":3094,"template":"","meta":{"_acf_changed":false,"_joinchat":[]},"product_brand":[521],"product_cat":[250,248,189,27],"product_tag":[522,523,524],"class_list":{"0":"post-3090","1":"product","2":"type-product","3":"status-publish","4":"has-post-thumbnail","6":"product_brand-wahl","7":"product_cat-clipping-trimming","8":"product_cat-grooming-tools","9":"product_cat-health-care-horse","10":"product_cat-horse","11":"product_tag-clipper","12":"product_tag-cordless","13":"product_tag-wahl","15":"first","16":"onbackorder","17":"taxable","18":"shipping-taxable","19":"purchasable","20":"product-type-simple"},"acf":[],"yoast_head":"<!-- This site is optimized with the Yoast SEO Premium plugin v26.2 (Yoast SEO v27.2) - https:\/\/yoast.com\/product\/yoast-seo-premium-wordpress\/ -->\n<title>Wahl KM Supera cordless clipper | Parima hinnaga ratsavarustuse e-pood<\/title>\n<meta name=\"description\" content=\"Wahl KM Supera cordless clipper\" \/>\n<meta name=\"robots\" content=\"index, follow, max-snippet:-1, max-image-preview:large, max-video-preview:-1\" \/>\n<link rel=\"canonical\" href=\"https:\/\/equidash.eu\/et\/shop\/hobune\/wahl-km-supera-cordless-clipper\/\" \/>\n<meta property=\"og:locale\" content=\"et_EE\" \/>\n<meta property=\"og:type\" content=\"article\" \/>\n<meta property=\"og:title\" content=\"Wahl KM Supera cordless clipper\" \/>\n<meta property=\"og:description\" content=\"Wahl KM Supera cordless clipper\" \/>\n<meta property=\"og:url\" content=\"https:\/\/equidash.eu\/et\/shop\/hobune\/wahl-km-supera-cordless-clipper\/\" \/>\n<meta property=\"og:site_name\" content=\"Parima hinnaga ratsavarustuse e-pood\" \/>\n<meta property=\"article:publisher\" content=\"https:\/\/www.facebook.com\/people\/EquiDash\/61560864479586\/\" \/>\n<meta property=\"article:modified_time\" content=\"2025-03-02T15:05:58+00:00\" \/>\n<meta property=\"og:image\" content=\"https:\/\/equidash.eu\/wp-content\/uploads\/2025\/01\/Wahl_KM-Supera_cordless_clipper_front.png\" \/>\n\t<meta property=\"og:image:width\" content=\"1080\" \/>\n\t<meta property=\"og:image:height\" content=\"1080\" \/>\n\t<meta property=\"og:image:type\" content=\"image\/png\" \/>\n<meta name=\"twitter:card\" content=\"summary_large_image\" \/>\n<meta name=\"twitter:label1\" content=\"Price\" \/>\n\t<meta name=\"twitter:data1\" content=\"395,00&nbsp;&euro;\" \/>\n\t<meta name=\"twitter:label2\" content=\"Availability\" \/>\n\t<meta name=\"twitter:data2\" content=\"On backorder\" \/>\n<script type=\"application\/ld+json\" class=\"yoast-schema-graph\">{\"@context\":\"https:\/\/schema.org\",\"@graph\":[{\"@type\":\"WebPage\",\"@id\":\"https:\/\/equidash.eu\/shop\/horse\/wahl-km-supera-cordless-clipper\/\",\"url\":\"https:\/\/equidash.eu\/shop\/horse\/wahl-km-supera-cordless-clipper\/\",\"name\":\"Wahl KM Supera cordless clipper | Parima hinnaga ratsavarustuse e-pood\",\"isPartOf\":{\"@id\":\"https:\/\/equidash.eu\/#website\"},\"primaryImageOfPage\":{\"@id\":\"https:\/\/equidash.eu\/shop\/horse\/wahl-km-supera-cordless-clipper\/#primaryimage\"},\"image\":{\"@id\":\"https:\/\/equidash.eu\/shop\/horse\/wahl-km-supera-cordless-clipper\/#primaryimage\"},\"thumbnailUrl\":\"https:\/\/equidash.eu\/wp-content\/uploads\/2025\/01\/Wahl_KM-Supera_cordless_clipper_front.png\",\"datePublished\":\"2025-01-31T11:07:15+00:00\",\"dateModified\":\"2025-03-02T15:05:58+00:00\",\"description\":\"Wahl KM Supera cordless clipper\",\"breadcrumb\":{\"@id\":\"https:\/\/equidash.eu\/shop\/horse\/wahl-km-supera-cordless-clipper\/#breadcrumb\"},\"inLanguage\":\"et\",\"potentialAction\":[{\"@type\":\"ReadAction\",\"target\":[\"https:\/\/equidash.eu\/shop\/horse\/wahl-km-supera-cordless-clipper\/\"]}]},{\"@type\":\"ImageObject\",\"inLanguage\":\"et\",\"@id\":\"https:\/\/equidash.eu\/shop\/horse\/wahl-km-supera-cordless-clipper\/#primaryimage\",\"url\":\"https:\/\/equidash.eu\/wp-content\/uploads\/2025\/01\/Wahl_KM-Supera_cordless_clipper_front.png\",\"contentUrl\":\"https:\/\/equidash.eu\/wp-content\/uploads\/2025\/01\/Wahl_KM-Supera_cordless_clipper_front.png\",\"width\":1080,\"height\":1080,\"caption\":\"Wahl KM Supera juhtmevaba p\u00fcgamismasin \u2013 t\u00e4iuslik valik hobuste professionaalseks p\u00fcgamiseks.\"},{\"@type\":\"BreadcrumbList\",\"@id\":\"https:\/\/equidash.eu\/shop\/horse\/wahl-km-supera-cordless-clipper\/#breadcrumb\",\"itemListElement\":[{\"@type\":\"ListItem\",\"position\":1,\"name\":\"Home\",\"item\":\"https:\/\/equidash.eu\/\"},{\"@type\":\"ListItem\",\"position\":2,\"name\":\"Shop\",\"item\":\"https:\/\/equidash.eu\/shop\/\"},{\"@type\":\"ListItem\",\"position\":3,\"name\":\"Wahl KM Supera cordless clipper\"}]},{\"@type\":\"WebSite\",\"@id\":\"https:\/\/equidash.eu\/#website\",\"url\":\"https:\/\/equidash.eu\/\",\"name\":\"EquiDash\",\"description\":\"Horse Riding Equipment and Accessories\",\"publisher\":{\"@id\":\"https:\/\/equidash.eu\/#organization\"},\"alternateName\":\"EquiDash\",\"potentialAction\":[{\"@type\":\"SearchAction\",\"target\":{\"@type\":\"EntryPoint\",\"urlTemplate\":\"https:\/\/equidash.eu\/?s={search_term_string}\"},\"query-input\":{\"@type\":\"PropertyValueSpecification\",\"valueRequired\":true,\"valueName\":\"search_term_string\"}}],\"inLanguage\":\"et\"},{\"@type\":\"Organization\",\"@id\":\"https:\/\/equidash.eu\/#organization\",\"name\":\"EquiDash\",\"alternateName\":\"EquiDash\",\"url\":\"https:\/\/equidash.eu\/\",\"logo\":{\"@type\":\"ImageObject\",\"inLanguage\":\"et\",\"@id\":\"https:\/\/equidash.eu\/#\/schema\/logo\/image\/\",\"url\":\"https:\/\/equidash.eu\/wp-content\/uploads\/2024\/09\/EQUIDASH_Logo_Raud-1.png\",\"contentUrl\":\"https:\/\/equidash.eu\/wp-content\/uploads\/2024\/09\/EQUIDASH_Logo_Raud-1.png\",\"width\":393,\"height\":422,\"caption\":\"EquiDash\"},\"image\":{\"@id\":\"https:\/\/equidash.eu\/#\/schema\/logo\/image\/\"},\"sameAs\":[\"https:\/\/www.facebook.com\/people\/EquiDash\/61560864479586\/\",\"https:\/\/www.instagram.com\/equidash.eshop\/\"],\"email\":\"info@equidash.eu\",\"telephone\":\"+372 59007334\",\"legalName\":\"Takian Corporation O\u00dc\",\"foundingDate\":\"2020-10-21\",\"vatID\":\"EE102301283\",\"numberOfEmployees\":{\"@type\":\"QuantitativeValue\",\"minValue\":\"1\",\"maxValue\":\"10\"},\"hasMerchantReturnPolicy\":{\"@type\":\"MerchantReturnPolicy\",\"merchantReturnLink\":\"https:\/\/equidash.eu\/et\/return-privacy\/\"}}]}<\/script>\n<meta property=\"product:brand\" content=\"Wahl\" \/>\n<meta property=\"product:price:amount\" content=\"395.00\" \/>\n<meta property=\"product:price:currency\" content=\"EUR\" \/>\n<meta property=\"og:availability\" content=\"backorder\" \/>\n<meta property=\"product:availability\" content=\"available for order\" \/>\n<meta property=\"product:retailer_item_id\" content=\"MOSE0033\" \/>\n<meta property=\"product:condition\" content=\"new\" \/>\n<!-- \/ Yoast SEO Premium plugin. -->","yoast_head_json":{"title":"Wahl KM Supera cordless clipper | Parima hinnaga ratsavarustuse e-pood","description":"Wahl KM Supera p\u00fcgamismasin akuga","robots":{"index":"index","follow":"follow","max-snippet":"max-snippet:-1","max-image-preview":"max-image-preview:large","max-video-preview":"max-video-preview:-1"},"canonical":"https:\/\/equidash.eu\/et\/shop\/hobune\/wahl-km-supera-cordless-clipper\/","og_locale":"et_EE","og_type":"article","og_title":"Wahl KM Supera cordless clipper","og_description":"Wahl KM Supera cordless clipper","og_url":"https:\/\/equidash.eu\/et\/shop\/hobune\/wahl-km-supera-cordless-clipper\/","og_site_name":"Parima hinnaga ratsavarustuse e-pood","article_publisher":"https:\/\/www.facebook.com\/people\/EquiDash\/61560864479586\/","article_modified_time":"2025-03-02T15:05:58+00:00","og_image":[{"width":1080,"height":1080,"url":"https:\/\/equidash.eu\/wp-content\/uploads\/2025\/01\/Wahl_KM-Supera_cordless_clipper_front.png","type":"image\/png"}],"twitter_card":"summary_large_image","twitter_misc":{"Price":"395,00&nbsp;&euro;","Availability":"On backorder"},"schema":{"@context":"https:\/\/schema.org","@graph":[{"@type":"WebPage","@id":"https:\/\/equidash.eu\/shop\/horse\/wahl-km-supera-cordless-clipper\/","url":"https:\/\/equidash.eu\/shop\/horse\/wahl-km-supera-cordless-clipper\/","name":"Wahl KM Supera cordless clipper | Parima hinnaga ratsavarustuse e-pood","isPartOf":{"@id":"https:\/\/equidash.eu\/#website"},"primaryImageOfPage":{"@id":"https:\/\/equidash.eu\/shop\/horse\/wahl-km-supera-cordless-clipper\/#primaryimage"},"image":{"@id":"https:\/\/equidash.eu\/shop\/horse\/wahl-km-supera-cordless-clipper\/#primaryimage"},"thumbnailUrl":"https:\/\/equidash.eu\/wp-content\/uploads\/2025\/01\/Wahl_KM-Supera_cordless_clipper_front.png","datePublished":"2025-01-31T11:07:15+00:00","dateModified":"2025-03-02T15:05:58+00:00","description":"Wahl KM Supera p\u00fcgamismasin akuga","breadcrumb":{"@id":"https:\/\/equidash.eu\/shop\/horse\/wahl-km-supera-cordless-clipper\/#breadcrumb"},"inLanguage":"et","potentialAction":[{"@type":"ReadAction","target":["https:\/\/equidash.eu\/shop\/horse\/wahl-km-supera-cordless-clipper\/"]}]},{"@type":"ImageObject","inLanguage":"et","@id":"https:\/\/equidash.eu\/shop\/horse\/wahl-km-supera-cordless-clipper\/#primaryimage","url":"https:\/\/equidash.eu\/wp-content\/uploads\/2025\/01\/Wahl_KM-Supera_cordless_clipper_front.png","contentUrl":"https:\/\/equidash.eu\/wp-content\/uploads\/2025\/01\/Wahl_KM-Supera_cordless_clipper_front.png","width":1080,"height":1080,"caption":"Wahl KM Supera juhtmevaba p\u00fcgamismasin \u2013 t\u00e4iuslik valik hobuste professionaalseks p\u00fcgamiseks."},{"@type":"BreadcrumbList","@id":"https:\/\/equidash.eu\/shop\/horse\/wahl-km-supera-cordless-clipper\/#breadcrumb","itemListElement":[{"@type":"ListItem","position":1,"name":"Home","item":"https:\/\/equidash.eu\/"},{"@type":"ListItem","position":2,"name":"Shop","item":"https:\/\/equidash.eu\/shop\/"},{"@type":"ListItem","position":3,"name":"Wahl KM Supera cordless clipper"}]},{"@type":"WebSite","@id":"https:\/\/equidash.eu\/#website","url":"https:\/\/equidash.eu\/","name":"EquiDash","description":"Horse Riding Equipment and Accessories","publisher":{"@id":"https:\/\/equidash.eu\/#organization"},"alternateName":"EquiDash","potentialAction":[{"@type":"SearchAction","target":{"@type":"EntryPoint","urlTemplate":"https:\/\/equidash.eu\/?s={search_term_string}"},"query-input":{"@type":"PropertyValueSpecification","valueRequired":true,"valueName":"search_term_string"}}],"inLanguage":"et"},{"@type":"Organization","@id":"https:\/\/equidash.eu\/#organization","name":"EquiDash","alternateName":"EquiDash","url":"https:\/\/equidash.eu\/","logo":{"@type":"ImageObject","inLanguage":"et","@id":"https:\/\/equidash.eu\/#\/schema\/logo\/image\/","url":"https:\/\/equidash.eu\/wp-content\/uploads\/2024\/09\/EQUIDASH_Logo_Raud-1.png","contentUrl":"https:\/\/equidash.eu\/wp-content\/uploads\/2024\/09\/EQUIDASH_Logo_Raud-1.png","width":393,"height":422,"caption":"EquiDash"},"image":{"@id":"https:\/\/equidash.eu\/#\/schema\/logo\/image\/"},"sameAs":["https:\/\/www.facebook.com\/people\/EquiDash\/61560864479586\/","https:\/\/www.instagram.com\/equidash.eshop\/"],"email":"info@equidash.eu","telephone":"+372 59007334","legalName":"Takian Corporation O\u00dc","foundingDate":"2020-10-21","vatID":"EE102301283","numberOfEmployees":{"@type":"QuantitativeValue","minValue":"1","maxValue":"10"},"hasMerchantReturnPolicy":{"@type":"MerchantReturnPolicy","merchantReturnLink":"https:\/\/equidash.eu\/et\/return-privacy\/"}}]},"product_brand":"Wahl","product_price_amount":"395.00","product_price_currency":"EUR","og_availability":"backorder","product_availability":"available for order","product_retailer_item_id":"MOSE0033","product_condition":"new"},"_links":{"self":[{"href":"https:\/\/equidash.eu\/et\/wp-json\/wp\/v2\/product\/3090","targetHints":{"allow":["GET"]}}],"collection":[{"href":"https:\/\/equidash.eu\/et\/wp-json\/wp\/v2\/product"}],"about":[{"href":"https:\/\/equidash.eu\/et\/wp-json\/wp\/v2\/types\/product"}],"wp:featuredmedia":[{"embeddable":true,"href":"https:\/\/equidash.eu\/et\/wp-json\/wp\/v2\/media\/3094"}],"wp:attachment":[{"href":"https:\/\/equidash.eu\/et\/wp-json\/wp\/v2\/media?parent=3090"}],"wp:term":[{"taxonomy":"product_brand","embeddable":true,"href":"https:\/\/equidash.eu\/et\/wp-json\/wp\/v2\/product_brand?post=3090"},{"taxonomy":"product_cat","embeddable":true,"href":"https:\/\/equidash.eu\/et\/wp-json\/wp\/v2\/product_cat?post=3090"},{"taxonomy":"product_tag","embeddable":true,"href":"https:\/\/equidash.eu\/et\/wp-json\/wp\/v2\/product_tag?post=3090"}],"curies":[{"name":"wp","href":"https:\/\/api.w.org\/{rel}","templated":true}]}}