{"id":3173,"date":"2025-02-15T13:07:24","date_gmt":"2025-02-15T11:07:24","guid":{"rendered":"https:\/\/equidash.eu\/?post_type=product&#038;p=3173"},"modified":"2025-02-15T13:21:21","modified_gmt":"2025-02-15T11:21:21","slug":"imperial-riding-horse-shampoo-equine-empire","status":"publish","type":"product","link":"https:\/\/equidash.eu\/et\/shop\/horse\/imperial-riding-horse-shampoo-equine-empire\/","title":{"rendered":"Imperial Riding hobuste \u0161ampoon Equine Empire"},"content":{"rendered":"<p>Imperial Riding hobuse \u0161ampoon Equine Empire toob esile sinu hobuse karvkatte loomuliku s\u00e4ra, kasutades kvaliteetset looduslike koostisosade segu. See silikooni- ja parabeenivaba \u0161ampoon puhastab ning toidab, j\u00e4ttes karvale kauni l\u00e4ike.<\/p>\n<p>\u0160ampoon on rikastatud sidrunhappega, et s\u00e4ilitada karva pH-tasakaalu ja seda kasutatakse tihti putukate peletajana. Kombineeri meie teiste Equine Empire toodetega t\u00e4iuslikuks tulemuseks.<\/p>\n<p>Suurus: 400 ml<\/p>\n<p>Kuidas kasutada:<\/p>\n<ul>\n<li>Esmalt alusta hobuse karvkatte veega m\u00e4rjaks tegemisega. Pumbake v\u00e4ike kogus \u0161ampooni k\u00e4tele ja h\u00f5\u00f5ruge neid kokku, et tekiks rikkalik vaht. Masseeri \u0161ampoon laka ja saba sisse. Loputa hoolikalt ja korda protseduuri, kui karv j\u00e4\u00e4b endiselt mustaks.<\/li>\n<\/ul>\n<p>Toode on parabeenivaba, silikoonivaba ja loomkatsevaba.<\/p>","protected":false},"excerpt":{"rendered":"<p><a href=\"https:\/\/equidash.eu\/et\/tootesilt\/imperial-riding\/\"><img decoding=\"async\" style=\"height: 60px; margin-top: 20px;\" src=\"https:\/\/equidash.eu\/wp-content\/uploads\/2024\/12\/IR-Small-Horseshoe_DivaPink.png\" alt=\"\" \/><\/a><\/p>","protected":false},"featured_media":3182,"template":"","meta":{"_acf_changed":false,"_joinchat":[]},"product_brand":[504],"product_cat":[189,27,245,243],"product_tag":[539,292],"class_list":{"0":"post-3173","1":"product","2":"type-product","3":"status-publish","4":"has-post-thumbnail","6":"product_brand-imperial-riding","7":"product_cat-health-care-horse","8":"product_cat-horse","9":"product_cat-shampoos-conditioners","10":"product_cat-skin-mane-care","11":"product_tag-equine-empire","12":"product_tag-shampoo","13":"pa_product-options-jasmine","14":"pa_product-options-pomegranate","15":"pa_product-options-sage-green","17":"first","18":"onbackorder","19":"taxable","20":"shipping-taxable","21":"purchasable","22":"product-type-variable"},"acf":[],"yoast_head":"<!-- This site is optimized with the Yoast SEO Premium plugin v26.2 (Yoast SEO v27.2) - https:\/\/yoast.com\/product\/yoast-seo-premium-wordpress\/ -->\n<title>Imperial Riding horse shampoo Equine Empire | Parima hinnaga ratsavarustuse e-pood<\/title>\n<meta name=\"description\" content=\"Imperial Riding horse shampoo Equine Empire\" \/>\n<meta name=\"robots\" content=\"index, follow, max-snippet:-1, max-image-preview:large, max-video-preview:-1\" \/>\n<link rel=\"canonical\" href=\"https:\/\/equidash.eu\/et\/shop\/hobune\/imperial-riding-horse-shampoo-equine-empire\/\" \/>\n<meta property=\"og:locale\" content=\"et_EE\" \/>\n<meta property=\"og:type\" content=\"article\" \/>\n<meta property=\"og:title\" content=\"Imperial Riding horse shampoo Equine Empire\" \/>\n<meta property=\"og:description\" content=\"Imperial Riding horse shampoo Equine Empire\" \/>\n<meta property=\"og:url\" content=\"https:\/\/equidash.eu\/et\/shop\/hobune\/imperial-riding-horse-shampoo-equine-empire\/\" \/>\n<meta property=\"og:site_name\" content=\"Parima hinnaga ratsavarustuse e-pood\" \/>\n<meta property=\"article:publisher\" content=\"https:\/\/www.facebook.com\/people\/EquiDash\/61560864479586\/\" \/>\n<meta property=\"article:modified_time\" content=\"2025-02-15T11:21:21+00:00\" \/>\n<meta property=\"og:image\" content=\"https:\/\/equidash.eu\/wp-content\/uploads\/2025\/02\/Imperial-Riding_Shampoo_Pomegranate_0-scaled.jpg\" \/>\n\t<meta property=\"og:image:width\" content=\"2560\" \/>\n\t<meta property=\"og:image:height\" content=\"2560\" \/>\n\t<meta property=\"og:image:type\" content=\"image\/jpeg\" \/>\n<meta name=\"twitter:card\" content=\"summary_large_image\" \/>\n<meta name=\"twitter:label1\" content=\"Availability\" \/>\n\t<meta name=\"twitter:data1\" content=\"On backorder\" \/>\n<script type=\"application\/ld+json\" class=\"yoast-schema-graph\">{\"@context\":\"https:\/\/schema.org\",\"@graph\":[{\"@type\":\"WebPage\",\"@id\":\"https:\/\/equidash.eu\/shop\/horse\/imperial-riding-horse-shampoo-equine-empire\/\",\"url\":\"https:\/\/equidash.eu\/shop\/horse\/imperial-riding-horse-shampoo-equine-empire\/\",\"name\":\"Imperial Riding horse shampoo Equine Empire | Parima hinnaga ratsavarustuse e-pood\",\"isPartOf\":{\"@id\":\"https:\/\/equidash.eu\/#website\"},\"primaryImageOfPage\":{\"@id\":\"https:\/\/equidash.eu\/shop\/horse\/imperial-riding-horse-shampoo-equine-empire\/#primaryimage\"},\"image\":{\"@id\":\"https:\/\/equidash.eu\/shop\/horse\/imperial-riding-horse-shampoo-equine-empire\/#primaryimage\"},\"thumbnailUrl\":\"https:\/\/equidash.eu\/wp-content\/uploads\/2025\/02\/Imperial-Riding_Shampoo_Pomegranate_0-scaled.jpg\",\"datePublished\":\"2025-02-15T11:07:24+00:00\",\"dateModified\":\"2025-02-15T11:21:21+00:00\",\"description\":\"Imperial Riding horse shampoo Equine Empire\",\"breadcrumb\":{\"@id\":\"https:\/\/equidash.eu\/shop\/horse\/imperial-riding-horse-shampoo-equine-empire\/#breadcrumb\"},\"inLanguage\":\"et\",\"potentialAction\":[{\"@type\":\"ReadAction\",\"target\":[\"https:\/\/equidash.eu\/shop\/horse\/imperial-riding-horse-shampoo-equine-empire\/\"]}]},{\"@type\":\"ImageObject\",\"inLanguage\":\"et\",\"@id\":\"https:\/\/equidash.eu\/shop\/horse\/imperial-riding-horse-shampoo-equine-empire\/#primaryimage\",\"url\":\"https:\/\/equidash.eu\/wp-content\/uploads\/2025\/02\/Imperial-Riding_Shampoo_Pomegranate_0-scaled.jpg\",\"contentUrl\":\"https:\/\/equidash.eu\/wp-content\/uploads\/2025\/02\/Imperial-Riding_Shampoo_Pomegranate_0-scaled.jpg\",\"width\":2560,\"height\":2560,\"caption\":\"Imperial Riding Equine Empire hobuse \u0161ampoon \u2013 puhas, l\u00e4ikiv karv ilma silikoonide ja parabeenideta. Rikastatud sidrunhappega. Pomegranate\"},{\"@type\":\"BreadcrumbList\",\"@id\":\"https:\/\/equidash.eu\/shop\/horse\/imperial-riding-horse-shampoo-equine-empire\/#breadcrumb\",\"itemListElement\":[{\"@type\":\"ListItem\",\"position\":1,\"name\":\"Home\",\"item\":\"https:\/\/equidash.eu\/\"},{\"@type\":\"ListItem\",\"position\":2,\"name\":\"Shop\",\"item\":\"https:\/\/equidash.eu\/shop\/\"},{\"@type\":\"ListItem\",\"position\":3,\"name\":\"Imperial Riding horse shampoo Equine Empire\"}]},{\"@type\":\"WebSite\",\"@id\":\"https:\/\/equidash.eu\/#website\",\"url\":\"https:\/\/equidash.eu\/\",\"name\":\"EquiDash\",\"description\":\"Horse Riding Equipment and Accessories\",\"publisher\":{\"@id\":\"https:\/\/equidash.eu\/#organization\"},\"alternateName\":\"EquiDash\",\"potentialAction\":[{\"@type\":\"SearchAction\",\"target\":{\"@type\":\"EntryPoint\",\"urlTemplate\":\"https:\/\/equidash.eu\/?s={search_term_string}\"},\"query-input\":{\"@type\":\"PropertyValueSpecification\",\"valueRequired\":true,\"valueName\":\"search_term_string\"}}],\"inLanguage\":\"et\"},{\"@type\":\"Organization\",\"@id\":\"https:\/\/equidash.eu\/#organization\",\"name\":\"EquiDash\",\"alternateName\":\"EquiDash\",\"url\":\"https:\/\/equidash.eu\/\",\"logo\":{\"@type\":\"ImageObject\",\"inLanguage\":\"et\",\"@id\":\"https:\/\/equidash.eu\/#\/schema\/logo\/image\/\",\"url\":\"https:\/\/equidash.eu\/wp-content\/uploads\/2024\/09\/EQUIDASH_Logo_Raud-1.png\",\"contentUrl\":\"https:\/\/equidash.eu\/wp-content\/uploads\/2024\/09\/EQUIDASH_Logo_Raud-1.png\",\"width\":393,\"height\":422,\"caption\":\"EquiDash\"},\"image\":{\"@id\":\"https:\/\/equidash.eu\/#\/schema\/logo\/image\/\"},\"sameAs\":[\"https:\/\/www.facebook.com\/people\/EquiDash\/61560864479586\/\",\"https:\/\/www.instagram.com\/equidash.eshop\/\"],\"email\":\"info@equidash.eu\",\"telephone\":\"+372 59007334\",\"legalName\":\"Takian Corporation O\u00dc\",\"foundingDate\":\"2020-10-21\",\"vatID\":\"EE102301283\",\"numberOfEmployees\":{\"@type\":\"QuantitativeValue\",\"minValue\":\"1\",\"maxValue\":\"10\"},\"hasMerchantReturnPolicy\":{\"@type\":\"MerchantReturnPolicy\",\"merchantReturnLink\":\"https:\/\/equidash.eu\/et\/return-privacy\/\"}}]}<\/script>\n<meta property=\"product:brand\" content=\"Imperial Riding\" \/>\n<meta property=\"og:availability\" content=\"backorder\" \/>\n<meta property=\"product:availability\" content=\"available for order\" \/>\n<meta property=\"product:retailer_item_id\" content=\"PA50424000\" \/>\n<meta property=\"product:condition\" content=\"new\" \/>\n<!-- \/ Yoast SEO Premium plugin. -->","yoast_head_json":{"title":"Imperial Riding horse shampoo Equine Empire | Parima hinnaga ratsavarustuse e-pood","description":"Imperial Riding hobuste \u0161ampoon Equine Empire","robots":{"index":"index","follow":"follow","max-snippet":"max-snippet:-1","max-image-preview":"max-image-preview:large","max-video-preview":"max-video-preview:-1"},"canonical":"https:\/\/equidash.eu\/et\/shop\/hobune\/imperial-riding-horse-shampoo-equine-empire\/","og_locale":"et_EE","og_type":"article","og_title":"Imperial Riding horse shampoo Equine Empire","og_description":"Imperial Riding horse shampoo Equine Empire","og_url":"https:\/\/equidash.eu\/et\/shop\/hobune\/imperial-riding-horse-shampoo-equine-empire\/","og_site_name":"Parima hinnaga ratsavarustuse e-pood","article_publisher":"https:\/\/www.facebook.com\/people\/EquiDash\/61560864479586\/","article_modified_time":"2025-02-15T11:21:21+00:00","og_image":[{"width":2560,"height":2560,"url":"https:\/\/equidash.eu\/wp-content\/uploads\/2025\/02\/Imperial-Riding_Shampoo_Pomegranate_0-scaled.jpg","type":"image\/jpeg"}],"twitter_card":"summary_large_image","twitter_misc":{"Availability":"On backorder"},"schema":{"@context":"https:\/\/schema.org","@graph":[{"@type":"WebPage","@id":"https:\/\/equidash.eu\/shop\/horse\/imperial-riding-horse-shampoo-equine-empire\/","url":"https:\/\/equidash.eu\/shop\/horse\/imperial-riding-horse-shampoo-equine-empire\/","name":"Imperial Riding horse shampoo Equine Empire | Parima hinnaga ratsavarustuse e-pood","isPartOf":{"@id":"https:\/\/equidash.eu\/#website"},"primaryImageOfPage":{"@id":"https:\/\/equidash.eu\/shop\/horse\/imperial-riding-horse-shampoo-equine-empire\/#primaryimage"},"image":{"@id":"https:\/\/equidash.eu\/shop\/horse\/imperial-riding-horse-shampoo-equine-empire\/#primaryimage"},"thumbnailUrl":"https:\/\/equidash.eu\/wp-content\/uploads\/2025\/02\/Imperial-Riding_Shampoo_Pomegranate_0-scaled.jpg","datePublished":"2025-02-15T11:07:24+00:00","dateModified":"2025-02-15T11:21:21+00:00","description":"Imperial Riding hobuste \u0161ampoon Equine Empire","breadcrumb":{"@id":"https:\/\/equidash.eu\/shop\/horse\/imperial-riding-horse-shampoo-equine-empire\/#breadcrumb"},"inLanguage":"et","potentialAction":[{"@type":"ReadAction","target":["https:\/\/equidash.eu\/shop\/horse\/imperial-riding-horse-shampoo-equine-empire\/"]}]},{"@type":"ImageObject","inLanguage":"et","@id":"https:\/\/equidash.eu\/shop\/horse\/imperial-riding-horse-shampoo-equine-empire\/#primaryimage","url":"https:\/\/equidash.eu\/wp-content\/uploads\/2025\/02\/Imperial-Riding_Shampoo_Pomegranate_0-scaled.jpg","contentUrl":"https:\/\/equidash.eu\/wp-content\/uploads\/2025\/02\/Imperial-Riding_Shampoo_Pomegranate_0-scaled.jpg","width":2560,"height":2560,"caption":"Imperial Riding Equine Empire hobuse \u0161ampoon \u2013 puhas, l\u00e4ikiv karv ilma silikoonide ja parabeenideta. Rikastatud sidrunhappega. Pomegranate"},{"@type":"BreadcrumbList","@id":"https:\/\/equidash.eu\/shop\/horse\/imperial-riding-horse-shampoo-equine-empire\/#breadcrumb","itemListElement":[{"@type":"ListItem","position":1,"name":"Home","item":"https:\/\/equidash.eu\/"},{"@type":"ListItem","position":2,"name":"Shop","item":"https:\/\/equidash.eu\/shop\/"},{"@type":"ListItem","position":3,"name":"Imperial Riding horse shampoo Equine Empire"}]},{"@type":"WebSite","@id":"https:\/\/equidash.eu\/#website","url":"https:\/\/equidash.eu\/","name":"EquiDash","description":"Horse Riding Equipment and Accessories","publisher":{"@id":"https:\/\/equidash.eu\/#organization"},"alternateName":"EquiDash","potentialAction":[{"@type":"SearchAction","target":{"@type":"EntryPoint","urlTemplate":"https:\/\/equidash.eu\/?s={search_term_string}"},"query-input":{"@type":"PropertyValueSpecification","valueRequired":true,"valueName":"search_term_string"}}],"inLanguage":"et"},{"@type":"Organization","@id":"https:\/\/equidash.eu\/#organization","name":"EquiDash","alternateName":"EquiDash","url":"https:\/\/equidash.eu\/","logo":{"@type":"ImageObject","inLanguage":"et","@id":"https:\/\/equidash.eu\/#\/schema\/logo\/image\/","url":"https:\/\/equidash.eu\/wp-content\/uploads\/2024\/09\/EQUIDASH_Logo_Raud-1.png","contentUrl":"https:\/\/equidash.eu\/wp-content\/uploads\/2024\/09\/EQUIDASH_Logo_Raud-1.png","width":393,"height":422,"caption":"EquiDash"},"image":{"@id":"https:\/\/equidash.eu\/#\/schema\/logo\/image\/"},"sameAs":["https:\/\/www.facebook.com\/people\/EquiDash\/61560864479586\/","https:\/\/www.instagram.com\/equidash.eshop\/"],"email":"info@equidash.eu","telephone":"+372 59007334","legalName":"Takian Corporation O\u00dc","foundingDate":"2020-10-21","vatID":"EE102301283","numberOfEmployees":{"@type":"QuantitativeValue","minValue":"1","maxValue":"10"},"hasMerchantReturnPolicy":{"@type":"MerchantReturnPolicy","merchantReturnLink":"https:\/\/equidash.eu\/et\/return-privacy\/"}}]},"product_brand":"Imperial Riding","og_availability":"backorder","product_availability":"available for order","product_retailer_item_id":"PA50424000","product_condition":"new"},"_links":{"self":[{"href":"https:\/\/equidash.eu\/et\/wp-json\/wp\/v2\/product\/3173","targetHints":{"allow":["GET"]}}],"collection":[{"href":"https:\/\/equidash.eu\/et\/wp-json\/wp\/v2\/product"}],"about":[{"href":"https:\/\/equidash.eu\/et\/wp-json\/wp\/v2\/types\/product"}],"wp:featuredmedia":[{"embeddable":true,"href":"https:\/\/equidash.eu\/et\/wp-json\/wp\/v2\/media\/3182"}],"wp:attachment":[{"href":"https:\/\/equidash.eu\/et\/wp-json\/wp\/v2\/media?parent=3173"}],"wp:term":[{"taxonomy":"product_brand","embeddable":true,"href":"https:\/\/equidash.eu\/et\/wp-json\/wp\/v2\/product_brand?post=3173"},{"taxonomy":"product_cat","embeddable":true,"href":"https:\/\/equidash.eu\/et\/wp-json\/wp\/v2\/product_cat?post=3173"},{"taxonomy":"product_tag","embeddable":true,"href":"https:\/\/equidash.eu\/et\/wp-json\/wp\/v2\/product_tag?post=3173"}],"curies":[{"name":"wp","href":"https:\/\/api.w.org\/{rel}","templated":true}]}}