{"id":323,"date":"2024-11-06T00:02:00","date_gmt":"2024-11-05T22:02:00","guid":{"rendered":"https:\/\/equidash.eu\/?post_type=product&#038;p=323"},"modified":"2025-06-08T16:13:00","modified_gmt":"2025-06-08T14:13:00","slug":"hv-polo-tendon-and-fetlock-bootset-classic","status":"publish","type":"product","link":"https:\/\/equidash.eu\/et\/shop\/horse\/leg-hoof-protections-horse\/boots-leg-hoof-protections-horse\/hv-polo-tendon-and-fetlock-bootset-classic\/","title":{"rendered":"HV Polo jalakaitsmete komplekt Classic"},"content":{"rendered":"<p>HV Polo jalakaitsmete komplekt Classic on valmistatud tugevast materjalist. L\u00f6\u00f6ke neelav neopreenvooder, mis on kaetud v\u00f5rguga. V\u00e4limine kiht ventilatsiooniaukudega, et tagada t\u00e4iendav \u00f5huvool. Kr\u00f5psudega kinnitused ja HV Polo tikandiga silt peal.<\/p>\n<ul>\n<li>V\u00e4ga mugav ja lihtne puhastada<\/li>\n<li>Komplektis esi-ja tagajala kaitmed<\/li>\n<li>Ventilatsiooniavadega<\/li>\n<\/ul>","protected":false},"excerpt":{"rendered":"<p class=\"ai-optimize-23 ai-optimize-introduction\"><a href=\"https:\/\/equidash.es\/product-tag\/hv-polo\/\"><img decoding=\"async\" style=\"height: 60px; margin-top: 20px;\" src=\"https:\/\/equidash.es\/wp-content\/uploads\/2024\/10\/HVP.png\" alt=\"\" \/><\/a><\/p>","protected":false},"featured_media":905,"template":"","meta":{"_acf_changed":false,"_joinchat":[]},"product_brand":[511],"product_cat":[192,27,191],"product_tag":[52,28],"class_list":{"0":"post-323","1":"product","2":"type-product","3":"status-publish","4":"has-post-thumbnail","6":"product_brand-hv-polo","7":"product_cat-boots-leg-hoof-protections-horse","8":"product_cat-horse","9":"product_cat-leg-hoof-protections-horse","10":"product_tag-boot-set","11":"product_tag-hv-polo","12":"pa_colors-black","13":"pa_colors-espresso","14":"pa_colors-navy","15":"pa_colors-rosebloom","16":"pa_colors-white","17":"pa_size-cob","18":"pa_size-full","20":"first","21":"onbackorder","22":"taxable","23":"shipping-taxable","24":"purchasable","25":"product-type-variable"},"acf":[],"yoast_head":"<!-- This site is optimized with the Yoast SEO Premium plugin v26.2 (Yoast SEO v27.3) - https:\/\/yoast.com\/product\/yoast-seo-premium-wordpress\/ -->\n<title>HV Polo tendon and fetlock bootset Classic | Parima hinnaga ratsavarustuse e-pood<\/title>\n<meta name=\"description\" content=\"Equidash - Ratsavarustuse veebipood Eestis ja Hispaanias. Lai valik hobuste jalakaitsmeid. HV Polo tendon and fetlock bootset Classic\" \/>\n<meta name=\"robots\" content=\"index, follow, max-snippet:-1, max-image-preview:large, max-video-preview:-1\" \/>\n<link rel=\"canonical\" href=\"https:\/\/equidash.eu\/et\/shop\/hobune\/kaitsmed-hobune\/boots-leg-hoof-protections-horse\/hv-polo-tendon-and-fetlock-bootset-classic\/\" \/>\n<meta property=\"og:locale\" content=\"et_EE\" \/>\n<meta property=\"og:type\" content=\"article\" \/>\n<meta property=\"og:title\" content=\"HV Polo tendon and fetlock bootset Classic\" \/>\n<meta property=\"og:description\" content=\"Equidash - Ratsavarustuse veebipood Eestis ja Hispaanias. Lai valik hobuste jalakaitsmeid. HV Polo tendon and fetlock bootset Classic\" \/>\n<meta property=\"og:url\" content=\"https:\/\/equidash.eu\/et\/shop\/hobune\/kaitsmed-hobune\/boots-leg-hoof-protections-horse\/hv-polo-tendon-and-fetlock-bootset-classic\/\" \/>\n<meta property=\"og:site_name\" content=\"Parima hinnaga ratsavarustuse e-pood\" \/>\n<meta property=\"article:publisher\" content=\"https:\/\/www.facebook.com\/people\/EquiDash\/61560864479586\/\" \/>\n<meta property=\"article:modified_time\" content=\"2025-06-08T14:13:00+00:00\" \/>\n<meta property=\"og:image\" content=\"https:\/\/equidash.eu\/wp-content\/uploads\/2024\/11\/HVP_Bootset-Classic_Espresso_1-scaled-2.jpg\" \/>\n\t<meta property=\"og:image:width\" content=\"2048\" \/>\n\t<meta property=\"og:image:height\" content=\"2048\" \/>\n\t<meta property=\"og:image:type\" content=\"image\/jpeg\" \/>\n<meta name=\"twitter:card\" content=\"summary_large_image\" \/>\n<meta name=\"twitter:label1\" content=\"Availability\" \/>\n\t<meta name=\"twitter:data1\" content=\"On backorder\" \/>\n<script type=\"application\/ld+json\" class=\"yoast-schema-graph\">{\"@context\":\"https:\\\/\\\/schema.org\",\"@graph\":[{\"@type\":\"WebPage\",\"@id\":\"https:\\\/\\\/equidash.eu\\\/shop\\\/horse\\\/leg-hoof-protections-horse\\\/boots-leg-hoof-protections-horse\\\/hv-polo-tendon-and-fetlock-bootset-classic\\\/\",\"url\":\"https:\\\/\\\/equidash.eu\\\/shop\\\/horse\\\/leg-hoof-protections-horse\\\/boots-leg-hoof-protections-horse\\\/hv-polo-tendon-and-fetlock-bootset-classic\\\/\",\"name\":\"HV Polo tendon and fetlock bootset Classic | Parima hinnaga ratsavarustuse e-pood\",\"isPartOf\":{\"@id\":\"https:\\\/\\\/equidash.eu\\\/#website\"},\"primaryImageOfPage\":{\"@id\":\"https:\\\/\\\/equidash.eu\\\/shop\\\/horse\\\/leg-hoof-protections-horse\\\/boots-leg-hoof-protections-horse\\\/hv-polo-tendon-and-fetlock-bootset-classic\\\/#primaryimage\"},\"image\":{\"@id\":\"https:\\\/\\\/equidash.eu\\\/shop\\\/horse\\\/leg-hoof-protections-horse\\\/boots-leg-hoof-protections-horse\\\/hv-polo-tendon-and-fetlock-bootset-classic\\\/#primaryimage\"},\"thumbnailUrl\":\"https:\\\/\\\/equidash.eu\\\/wp-content\\\/uploads\\\/2024\\\/11\\\/HVP_Bootset-Classic_Espresso_1-scaled-2.jpg\",\"datePublished\":\"2024-11-05T22:02:00+00:00\",\"dateModified\":\"2025-06-08T14:13:00+00:00\",\"description\":\"Equidash - Ratsavarustuse veebipood Eestis ja Hispaanias. Lai valik hobuste jalakaitsmeid. HV Polo tendon and fetlock bootset Classic\",\"breadcrumb\":{\"@id\":\"https:\\\/\\\/equidash.eu\\\/shop\\\/horse\\\/leg-hoof-protections-horse\\\/boots-leg-hoof-protections-horse\\\/hv-polo-tendon-and-fetlock-bootset-classic\\\/#breadcrumb\"},\"inLanguage\":\"et\",\"potentialAction\":[{\"@type\":\"ReadAction\",\"target\":[\"https:\\\/\\\/equidash.eu\\\/shop\\\/horse\\\/leg-hoof-protections-horse\\\/boots-leg-hoof-protections-horse\\\/hv-polo-tendon-and-fetlock-bootset-classic\\\/\"]}]},{\"@type\":\"ImageObject\",\"inLanguage\":\"et\",\"@id\":\"https:\\\/\\\/equidash.eu\\\/shop\\\/horse\\\/leg-hoof-protections-horse\\\/boots-leg-hoof-protections-horse\\\/hv-polo-tendon-and-fetlock-bootset-classic\\\/#primaryimage\",\"url\":\"https:\\\/\\\/equidash.eu\\\/wp-content\\\/uploads\\\/2024\\\/11\\\/HVP_Bootset-Classic_Espresso_1-scaled-2.jpg\",\"contentUrl\":\"https:\\\/\\\/equidash.eu\\\/wp-content\\\/uploads\\\/2024\\\/11\\\/HVP_Bootset-Classic_Espresso_1-scaled-2.jpg\",\"width\":2048,\"height\":2048},{\"@type\":\"BreadcrumbList\",\"@id\":\"https:\\\/\\\/equidash.eu\\\/shop\\\/horse\\\/leg-hoof-protections-horse\\\/boots-leg-hoof-protections-horse\\\/hv-polo-tendon-and-fetlock-bootset-classic\\\/#breadcrumb\",\"itemListElement\":[{\"@type\":\"ListItem\",\"position\":1,\"name\":\"Home\",\"item\":\"https:\\\/\\\/equidash.eu\\\/\"},{\"@type\":\"ListItem\",\"position\":2,\"name\":\"Shop\",\"item\":\"https:\\\/\\\/equidash.eu\\\/shop\\\/\"},{\"@type\":\"ListItem\",\"position\":3,\"name\":\"HV Polo tendon and fetlock bootset Classic\"}]},{\"@type\":\"WebSite\",\"@id\":\"https:\\\/\\\/equidash.eu\\\/#website\",\"url\":\"https:\\\/\\\/equidash.eu\\\/\",\"name\":\"EquiDash\",\"description\":\"Horse Riding Equipment and Accessories\",\"publisher\":{\"@id\":\"https:\\\/\\\/equidash.eu\\\/#organization\"},\"alternateName\":\"EquiDash\",\"potentialAction\":[{\"@type\":\"SearchAction\",\"target\":{\"@type\":\"EntryPoint\",\"urlTemplate\":\"https:\\\/\\\/equidash.eu\\\/?s={search_term_string}\"},\"query-input\":{\"@type\":\"PropertyValueSpecification\",\"valueRequired\":true,\"valueName\":\"search_term_string\"}}],\"inLanguage\":\"et\"},{\"@type\":\"Organization\",\"@id\":\"https:\\\/\\\/equidash.eu\\\/#organization\",\"name\":\"EquiDash\",\"alternateName\":\"EquiDash\",\"url\":\"https:\\\/\\\/equidash.eu\\\/\",\"logo\":{\"@type\":\"ImageObject\",\"inLanguage\":\"et\",\"@id\":\"https:\\\/\\\/equidash.eu\\\/#\\\/schema\\\/logo\\\/image\\\/\",\"url\":\"https:\\\/\\\/equidash.eu\\\/wp-content\\\/uploads\\\/2024\\\/09\\\/EQUIDASH_Logo_Raud-1.png\",\"contentUrl\":\"https:\\\/\\\/equidash.eu\\\/wp-content\\\/uploads\\\/2024\\\/09\\\/EQUIDASH_Logo_Raud-1.png\",\"width\":393,\"height\":422,\"caption\":\"EquiDash\"},\"image\":{\"@id\":\"https:\\\/\\\/equidash.eu\\\/#\\\/schema\\\/logo\\\/image\\\/\"},\"sameAs\":[\"https:\\\/\\\/www.facebook.com\\\/people\\\/EquiDash\\\/61560864479586\\\/\",\"https:\\\/\\\/www.instagram.com\\\/equidash.eshop\\\/\"],\"email\":\"info@equidash.eu\",\"telephone\":\"+372 59007334\",\"legalName\":\"Takian Corporation O\u00dc\",\"foundingDate\":\"2020-10-21\",\"vatID\":\"EE102301283\",\"numberOfEmployees\":{\"@type\":\"QuantitativeValue\",\"minValue\":\"1\",\"maxValue\":\"10\"},\"hasMerchantReturnPolicy\":{\"@type\":\"MerchantReturnPolicy\",\"merchantReturnLink\":\"https:\\\/\\\/equidash.eu\\\/et\\\/return-privacy\\\/\"}}]}<\/script>\n<meta property=\"product:brand\" content=\"HV Polo\" \/>\n<meta property=\"og:availability\" content=\"backorder\" \/>\n<meta property=\"product:availability\" content=\"available for order\" \/>\n<meta property=\"product:condition\" content=\"new\" \/>\n<!-- \/ Yoast SEO Premium plugin. -->","yoast_head_json":{"title":"HV Polo tendon and fetlock bootset Classic | Parima hinnaga ratsavarustuse e-pood","description":"Equidash - Ratsavarustuse veebipood Eestis ja Hispaanias. Lai valik hobuste jalakaitsmeid. HV Polo tendon and fetlock bootset Classic","robots":{"index":"index","follow":"follow","max-snippet":"max-snippet:-1","max-image-preview":"max-image-preview:large","max-video-preview":"max-video-preview:-1"},"canonical":"https:\/\/equidash.eu\/et\/shop\/hobune\/kaitsmed-hobune\/boots-leg-hoof-protections-horse\/hv-polo-tendon-and-fetlock-bootset-classic\/","og_locale":"et_EE","og_type":"article","og_title":"HV Polo tendon and fetlock bootset Classic","og_description":"Equidash - Ratsavarustuse veebipood Eestis ja Hispaanias. Lai valik hobuste jalakaitsmeid. HV Polo tendon and fetlock bootset Classic","og_url":"https:\/\/equidash.eu\/et\/shop\/hobune\/kaitsmed-hobune\/boots-leg-hoof-protections-horse\/hv-polo-tendon-and-fetlock-bootset-classic\/","og_site_name":"Parima hinnaga ratsavarustuse e-pood","article_publisher":"https:\/\/www.facebook.com\/people\/EquiDash\/61560864479586\/","article_modified_time":"2025-06-08T14:13:00+00:00","og_image":[{"width":2048,"height":2048,"url":"https:\/\/equidash.eu\/wp-content\/uploads\/2024\/11\/HVP_Bootset-Classic_Espresso_1-scaled-2.jpg","type":"image\/jpeg"}],"twitter_card":"summary_large_image","twitter_misc":{"Availability":"On backorder"},"schema":{"@context":"https:\/\/schema.org","@graph":[{"@type":"WebPage","@id":"https:\/\/equidash.eu\/shop\/horse\/leg-hoof-protections-horse\/boots-leg-hoof-protections-horse\/hv-polo-tendon-and-fetlock-bootset-classic\/","url":"https:\/\/equidash.eu\/shop\/horse\/leg-hoof-protections-horse\/boots-leg-hoof-protections-horse\/hv-polo-tendon-and-fetlock-bootset-classic\/","name":"HV Polo tendon and fetlock bootset Classic | Parima hinnaga ratsavarustuse e-pood","isPartOf":{"@id":"https:\/\/equidash.eu\/#website"},"primaryImageOfPage":{"@id":"https:\/\/equidash.eu\/shop\/horse\/leg-hoof-protections-horse\/boots-leg-hoof-protections-horse\/hv-polo-tendon-and-fetlock-bootset-classic\/#primaryimage"},"image":{"@id":"https:\/\/equidash.eu\/shop\/horse\/leg-hoof-protections-horse\/boots-leg-hoof-protections-horse\/hv-polo-tendon-and-fetlock-bootset-classic\/#primaryimage"},"thumbnailUrl":"https:\/\/equidash.eu\/wp-content\/uploads\/2024\/11\/HVP_Bootset-Classic_Espresso_1-scaled-2.jpg","datePublished":"2024-11-05T22:02:00+00:00","dateModified":"2025-06-08T14:13:00+00:00","description":"Equidash - Ratsavarustuse veebipood Eestis ja Hispaanias. Lai valik hobuste jalakaitsmeid. HV Polo tendon and fetlock bootset Classic","breadcrumb":{"@id":"https:\/\/equidash.eu\/shop\/horse\/leg-hoof-protections-horse\/boots-leg-hoof-protections-horse\/hv-polo-tendon-and-fetlock-bootset-classic\/#breadcrumb"},"inLanguage":"et","potentialAction":[{"@type":"ReadAction","target":["https:\/\/equidash.eu\/shop\/horse\/leg-hoof-protections-horse\/boots-leg-hoof-protections-horse\/hv-polo-tendon-and-fetlock-bootset-classic\/"]}]},{"@type":"ImageObject","inLanguage":"et","@id":"https:\/\/equidash.eu\/shop\/horse\/leg-hoof-protections-horse\/boots-leg-hoof-protections-horse\/hv-polo-tendon-and-fetlock-bootset-classic\/#primaryimage","url":"https:\/\/equidash.eu\/wp-content\/uploads\/2024\/11\/HVP_Bootset-Classic_Espresso_1-scaled-2.jpg","contentUrl":"https:\/\/equidash.eu\/wp-content\/uploads\/2024\/11\/HVP_Bootset-Classic_Espresso_1-scaled-2.jpg","width":2048,"height":2048},{"@type":"BreadcrumbList","@id":"https:\/\/equidash.eu\/shop\/horse\/leg-hoof-protections-horse\/boots-leg-hoof-protections-horse\/hv-polo-tendon-and-fetlock-bootset-classic\/#breadcrumb","itemListElement":[{"@type":"ListItem","position":1,"name":"Home","item":"https:\/\/equidash.eu\/"},{"@type":"ListItem","position":2,"name":"Shop","item":"https:\/\/equidash.eu\/shop\/"},{"@type":"ListItem","position":3,"name":"HV Polo tendon and fetlock bootset Classic"}]},{"@type":"WebSite","@id":"https:\/\/equidash.eu\/#website","url":"https:\/\/equidash.eu\/","name":"EquiDash","description":"Horse Riding Equipment and Accessories","publisher":{"@id":"https:\/\/equidash.eu\/#organization"},"alternateName":"EquiDash","potentialAction":[{"@type":"SearchAction","target":{"@type":"EntryPoint","urlTemplate":"https:\/\/equidash.eu\/?s={search_term_string}"},"query-input":{"@type":"PropertyValueSpecification","valueRequired":true,"valueName":"search_term_string"}}],"inLanguage":"et"},{"@type":"Organization","@id":"https:\/\/equidash.eu\/#organization","name":"EquiDash","alternateName":"EquiDash","url":"https:\/\/equidash.eu\/","logo":{"@type":"ImageObject","inLanguage":"et","@id":"https:\/\/equidash.eu\/#\/schema\/logo\/image\/","url":"https:\/\/equidash.eu\/wp-content\/uploads\/2024\/09\/EQUIDASH_Logo_Raud-1.png","contentUrl":"https:\/\/equidash.eu\/wp-content\/uploads\/2024\/09\/EQUIDASH_Logo_Raud-1.png","width":393,"height":422,"caption":"EquiDash"},"image":{"@id":"https:\/\/equidash.eu\/#\/schema\/logo\/image\/"},"sameAs":["https:\/\/www.facebook.com\/people\/EquiDash\/61560864479586\/","https:\/\/www.instagram.com\/equidash.eshop\/"],"email":"info@equidash.eu","telephone":"+372 59007334","legalName":"Takian Corporation O\u00dc","foundingDate":"2020-10-21","vatID":"EE102301283","numberOfEmployees":{"@type":"QuantitativeValue","minValue":"1","maxValue":"10"},"hasMerchantReturnPolicy":{"@type":"MerchantReturnPolicy","merchantReturnLink":"https:\/\/equidash.eu\/et\/return-privacy\/"}}]},"product_brand":"HV Polo","og_availability":"backorder","product_availability":"available for order","product_condition":"new"},"_links":{"self":[{"href":"https:\/\/equidash.eu\/et\/wp-json\/wp\/v2\/product\/323","targetHints":{"allow":["GET"]}}],"collection":[{"href":"https:\/\/equidash.eu\/et\/wp-json\/wp\/v2\/product"}],"about":[{"href":"https:\/\/equidash.eu\/et\/wp-json\/wp\/v2\/types\/product"}],"wp:featuredmedia":[{"embeddable":true,"href":"https:\/\/equidash.eu\/et\/wp-json\/wp\/v2\/media\/905"}],"wp:attachment":[{"href":"https:\/\/equidash.eu\/et\/wp-json\/wp\/v2\/media?parent=323"}],"wp:term":[{"taxonomy":"product_brand","embeddable":true,"href":"https:\/\/equidash.eu\/et\/wp-json\/wp\/v2\/product_brand?post=323"},{"taxonomy":"product_cat","embeddable":true,"href":"https:\/\/equidash.eu\/et\/wp-json\/wp\/v2\/product_cat?post=323"},{"taxonomy":"product_tag","embeddable":true,"href":"https:\/\/equidash.eu\/et\/wp-json\/wp\/v2\/product_tag?post=323"}],"curies":[{"name":"wp","href":"https:\/\/api.w.org\/{rel}","templated":true}]}}