{"id":3294,"date":"2025-02-16T14:43:29","date_gmt":"2025-02-16T12:43:29","guid":{"rendered":"https:\/\/equidash.eu\/?post_type=product&#038;p=3294"},"modified":"2025-09-26T18:41:11","modified_gmt":"2025-09-26T16:41:11","slug":"tredstep-medici-ii-field-boots","status":"publish","type":"product","link":"https:\/\/equidash.eu\/et\/shop\/rider\/tredstep-medici-ii-field-boots\/","title":{"rendered":"Tredstep\u2122 ratsasaapad Medici II"},"content":{"rendered":"<p>Elegantsed Tredstep\u2122 pikad ratsasaapad Medici II pakuvad tehnilisi uuendusi, mis tagavad suurep\u00e4rase soorituse. Renessansi kollektsioonist p\u00e4rit ratsasaapal on tipptasemel, kaunilt vormitud disain, mis pakub v\u00f5rreldamatut mugavust. Kvaliteetsed vasikanahast saapad on valmistatud k\u00e4sit\u00f6\u00f6na, et luua ainulaadsed kumerused, mis v\u00f5imaldavad sellel ratsasaapal sobituda teie jala loomuliku kujuga. L\u00e4bim\u00f5eldud anatoomiline disain,  tagab hea tunnetuse hobusega.<\/p>\n<p>Lisaks hoolikale kujundusele on Medici II naiste ratsasaabastel ka v\u00e4ga hea elastsusega lai veniv venituspaneel luku k\u00f5rval, et tagada maksimaalne sobivus. Samuti on lisatud pehme ja elastne osa saabaste p\u00f5lve\u00f5ndlasse, et ei tekiks ebamugavustunnet ratsutamise ajal.<\/p>\n<p>Evolutsiooniline pehmendatud kummist v\u00e4listald, hoiab \u00e4ra jaluste libisemise sadulas. Sisetald on niiskust imavast Coolmax\u00ae-voodrist koos ventilatsiooniavadega. Geelist kannapadjad summutavad p\u00f5rutusi ja v\u00e4hendavad jalgade v\u00e4simust.<\/p>\n<p>Medici II saapa p\u00f5hiomadused:<\/p>\n<ul>\n<li>Anatoomiline disain<\/li>\n<li>Valmistatud kvaliteetsest vasikanahast<\/li>\n<li>K\u00f5rge elastsusega venituspaneel taga<\/li>\n<li>V\u00e4ga tugev t\u00e4ispikkuses lukk taga<\/li>\n<li>Pehmendatud elastne saapa \u00fclaosa luku juures<\/li>\n<li>K\u00f5rgetasemeline kummist v\u00e4listald hoiab \u00e4ra libisemise jaluselt<\/li>\n<li>Coolmax\u00ae voodriga pehmendatud jalatalla vooder<\/li>\n<li>\u00dclemises osas trukiga lukukaitse<\/li>\n<li>Geelist kannapadjad summutavad p\u00f5rutusi<\/li>\n<li>K\u00fclgedel kannusetoed<\/li>\n<\/ul>\n<a href=\"https:\/\/equidash.eu\/size\/Tredstep_Medici2_SizeChart_A4.pdf\" target=\"_blank\" class=\"button primary is-primary is-medium\" rel=\"noopener\" >\n\t\t<span>Saabaste suuruse tabel<\/span>\n\t<\/a>\n\n<p><strong>KUIDAS M\u00d5\u00d5T V\u00d5TTA:<\/strong><\/p>\n<p>1. Veendu, et kannad oma tavap\u00e4raseid ratsariideid (sokke ja ratsap\u00fckse).<\/p>\n<p>2. M\u00f5\u00f5da oma jalal s\u00e4\u00e4re \u00fcmberm\u00f5\u00f5t k\u00f5ige laiemast kohast. See n\u00e4itab sinu s\u00e4\u00e4remarja \u00fcmberm\u00f5\u00f5tu (A).<\/p>\n<p>3. Asetage jalg 90-kraadise nurga alla, aseta s\u00f5rm p\u00f5lve\u00f5ndlasse. M\u00f5\u00f5da sellelt punktist otse p\u00f5randani. See n\u00e4itab sinu saapa k\u00f5rgust (B).<\/p>\n<p><img loading=\"lazy\" decoding=\"async\" class=\"alignnone size-medium wp-image-3515\" src=\"https:\/\/equidash.eu\/wp-content\/uploads\/2025\/02\/Tredstep_HowToMeasure_sq3-300x300.jpg\" alt=\"\" width=\"300\" height=\"300\" srcset=\"https:\/\/equidash.eu\/wp-content\/uploads\/2025\/02\/Tredstep_HowToMeasure_sq3-300x300.jpg 300w, https:\/\/equidash.eu\/wp-content\/uploads\/2025\/02\/Tredstep_HowToMeasure_sq3-150x150.jpg 150w, https:\/\/equidash.eu\/wp-content\/uploads\/2025\/02\/Tredstep_HowToMeasure_sq3-768x768.jpg 768w, https:\/\/equidash.eu\/wp-content\/uploads\/2025\/02\/Tredstep_HowToMeasure_sq3-12x12.jpg 12w, https:\/\/equidash.eu\/wp-content\/uploads\/2025\/02\/Tredstep_HowToMeasure_sq3-510x510.jpg 510w, https:\/\/equidash.eu\/wp-content\/uploads\/2025\/02\/Tredstep_HowToMeasure_sq3-100x100.jpg 100w, https:\/\/equidash.eu\/wp-content\/uploads\/2025\/02\/Tredstep_HowToMeasure_sq3.jpg 1000w\" sizes=\"auto, (max-width: 300px) 100vw, 300px\" \/><\/p>\n<p><iframe loading=\"lazy\" title=\"How to measure your new Tredstep Tall Boots? With Aidan Keogh\" src=\"https:\/\/player.vimeo.com\/video\/669863239?dnt=1&amp;app_id=122963\" width=\"1020\" height=\"574\" frameborder=\"0\" allow=\"autoplay; fullscreen; picture-in-picture; clipboard-write; encrypted-media; web-share\" referrerpolicy=\"strict-origin-when-cross-origin\"><\/iframe><\/p>","protected":false},"excerpt":{"rendered":"<p><a href=\"https:\/\/equidash.eu\/et\/tootesilt\/tredstep\/\"><img decoding=\"async\" style=\"height: 120px; margin-top: 20px;\" src=\"https:\/\/equidash.eu\/wp-content\/uploads\/2025\/02\/Tredstep-logo.jpg\" alt=\"\" \/><\/a><\/p>","protected":false},"featured_media":3243,"template":"","meta":{"_acf_changed":false,"_joinchat":[]},"product_brand":[554],"product_cat":[22,354,330],"product_tag":[38,557,30,353,556],"class_list":{"0":"post-3294","1":"product","2":"type-product","3":"status-publish","4":"has-post-thumbnail","6":"product_brand-tredstep","7":"product_cat-rider","8":"product_cat-riding-boots-rider","9":"product_cat-tall-boots","10":"product_tag-dressage","11":"product_tag-eventing","12":"product_tag-jumping","13":"product_tag-tall-boots","14":"product_tag-tredstep","15":"pa_colors-black","16":"pa_footwear-333","17":"pa_footwear-341","18":"pa_footwear-340","19":"pa_footwear-339","20":"pa_footwear-338","21":"pa_footwear-337","22":"pa_footwear-336","23":"pa_footwear-335","24":"pa_style-reg","25":"pa_style-short","26":"pa_style-tall","28":"first","29":"instock","30":"taxable","31":"shipping-taxable","32":"purchasable","33":"product-type-variable","34":"has-default-attributes"},"acf":[],"yoast_head":"<!-- This site is optimized with the Yoast SEO Premium plugin v26.2 (Yoast SEO v27.2) - https:\/\/yoast.com\/product\/yoast-seo-premium-wordpress\/ -->\n<title>Tredstep\u2122 Medici II Field Boots | Parima hinnaga ratsavarustuse e-pood<\/title>\n<meta name=\"description\" content=\"Tredstep\u2122 Medici II Field Boots\" \/>\n<meta name=\"robots\" content=\"index, follow, max-snippet:-1, max-image-preview:large, max-video-preview:-1\" \/>\n<link rel=\"canonical\" href=\"https:\/\/equidash.eu\/et\/shop\/ratsanik\/tredstep-medici-ii-field-boots\/\" \/>\n<meta property=\"og:locale\" content=\"et_EE\" \/>\n<meta property=\"og:type\" content=\"article\" \/>\n<meta property=\"og:title\" content=\"Tredstep\u2122 Medici II Field Boots\" \/>\n<meta property=\"og:description\" content=\"Tredstep\u2122 Medici II Field Boots\" \/>\n<meta property=\"og:url\" content=\"https:\/\/equidash.eu\/et\/shop\/ratsanik\/tredstep-medici-ii-field-boots\/\" \/>\n<meta property=\"og:site_name\" content=\"Parima hinnaga ratsavarustuse e-pood\" \/>\n<meta property=\"article:publisher\" content=\"https:\/\/www.facebook.com\/people\/EquiDash\/61560864479586\/\" \/>\n<meta property=\"article:modified_time\" content=\"2025-09-26T16:41:11+00:00\" \/>\n<meta property=\"og:image\" content=\"https:\/\/equidash.eu\/wp-content\/uploads\/2025\/02\/Tredstep_Medici2_Field-Boot_Black.png\" \/>\n\t<meta property=\"og:image:width\" content=\"1080\" \/>\n\t<meta property=\"og:image:height\" content=\"1080\" \/>\n\t<meta property=\"og:image:type\" content=\"image\/png\" \/>\n<meta name=\"twitter:card\" content=\"summary_large_image\" \/>\n<meta name=\"twitter:label1\" content=\"Availability\" \/>\n\t<meta name=\"twitter:data1\" content=\"In stock\" \/>\n<script type=\"application\/ld+json\" class=\"yoast-schema-graph\">{\"@context\":\"https:\/\/schema.org\",\"@graph\":[{\"@type\":\"WebPage\",\"@id\":\"https:\/\/equidash.eu\/shop\/rider\/tredstep-medici-ii-field-boots\/\",\"url\":\"https:\/\/equidash.eu\/shop\/rider\/tredstep-medici-ii-field-boots\/\",\"name\":\"Tredstep\u2122 Medici II Field Boots | Parima hinnaga ratsavarustuse e-pood\",\"isPartOf\":{\"@id\":\"https:\/\/equidash.eu\/#website\"},\"primaryImageOfPage\":{\"@id\":\"https:\/\/equidash.eu\/shop\/rider\/tredstep-medici-ii-field-boots\/#primaryimage\"},\"image\":{\"@id\":\"https:\/\/equidash.eu\/shop\/rider\/tredstep-medici-ii-field-boots\/#primaryimage\"},\"thumbnailUrl\":\"https:\/\/equidash.eu\/wp-content\/uploads\/2025\/02\/Tredstep_Medici2_Field-Boot_Black.png\",\"datePublished\":\"2025-02-16T12:43:29+00:00\",\"dateModified\":\"2025-09-26T16:41:11+00:00\",\"description\":\"Tredstep\u2122 Medici II Field Boots\",\"breadcrumb\":{\"@id\":\"https:\/\/equidash.eu\/shop\/rider\/tredstep-medici-ii-field-boots\/#breadcrumb\"},\"inLanguage\":\"et\",\"potentialAction\":[{\"@type\":\"ReadAction\",\"target\":[\"https:\/\/equidash.eu\/shop\/rider\/tredstep-medici-ii-field-boots\/\"]}]},{\"@type\":\"ImageObject\",\"inLanguage\":\"et\",\"@id\":\"https:\/\/equidash.eu\/shop\/rider\/tredstep-medici-ii-field-boots\/#primaryimage\",\"url\":\"https:\/\/equidash.eu\/wp-content\/uploads\/2025\/02\/Tredstep_Medici2_Field-Boot_Black.png\",\"contentUrl\":\"https:\/\/equidash.eu\/wp-content\/uploads\/2025\/02\/Tredstep_Medici2_Field-Boot_Black.png\",\"width\":1080,\"height\":1080,\"caption\":\"Tredstep\u2122 Medici II ratsasaapad \u2013 kaunilt vormitud disain, suurep\u00e4rane sobivus ja mugavus, elastsusega venituspaneel, pehmendatud kummist v\u00e4listald ja geelist kannapadjad.\"},{\"@type\":\"BreadcrumbList\",\"@id\":\"https:\/\/equidash.eu\/shop\/rider\/tredstep-medici-ii-field-boots\/#breadcrumb\",\"itemListElement\":[{\"@type\":\"ListItem\",\"position\":1,\"name\":\"Home\",\"item\":\"https:\/\/equidash.eu\/\"},{\"@type\":\"ListItem\",\"position\":2,\"name\":\"Shop\",\"item\":\"https:\/\/equidash.eu\/shop\/\"},{\"@type\":\"ListItem\",\"position\":3,\"name\":\"Tredstep\u2122 Medici II Field Boots\"}]},{\"@type\":\"WebSite\",\"@id\":\"https:\/\/equidash.eu\/#website\",\"url\":\"https:\/\/equidash.eu\/\",\"name\":\"EquiDash\",\"description\":\"Horse Riding Equipment and Accessories\",\"publisher\":{\"@id\":\"https:\/\/equidash.eu\/#organization\"},\"alternateName\":\"EquiDash\",\"potentialAction\":[{\"@type\":\"SearchAction\",\"target\":{\"@type\":\"EntryPoint\",\"urlTemplate\":\"https:\/\/equidash.eu\/?s={search_term_string}\"},\"query-input\":{\"@type\":\"PropertyValueSpecification\",\"valueRequired\":true,\"valueName\":\"search_term_string\"}}],\"inLanguage\":\"et\"},{\"@type\":\"Organization\",\"@id\":\"https:\/\/equidash.eu\/#organization\",\"name\":\"EquiDash\",\"alternateName\":\"EquiDash\",\"url\":\"https:\/\/equidash.eu\/\",\"logo\":{\"@type\":\"ImageObject\",\"inLanguage\":\"et\",\"@id\":\"https:\/\/equidash.eu\/#\/schema\/logo\/image\/\",\"url\":\"https:\/\/equidash.eu\/wp-content\/uploads\/2024\/09\/EQUIDASH_Logo_Raud-1.png\",\"contentUrl\":\"https:\/\/equidash.eu\/wp-content\/uploads\/2024\/09\/EQUIDASH_Logo_Raud-1.png\",\"width\":393,\"height\":422,\"caption\":\"EquiDash\"},\"image\":{\"@id\":\"https:\/\/equidash.eu\/#\/schema\/logo\/image\/\"},\"sameAs\":[\"https:\/\/www.facebook.com\/people\/EquiDash\/61560864479586\/\",\"https:\/\/www.instagram.com\/equidash.eshop\/\"],\"email\":\"info@equidash.eu\",\"telephone\":\"+372 59007334\",\"legalName\":\"Takian Corporation O\u00dc\",\"foundingDate\":\"2020-10-21\",\"vatID\":\"EE102301283\",\"numberOfEmployees\":{\"@type\":\"QuantitativeValue\",\"minValue\":\"1\",\"maxValue\":\"10\"},\"hasMerchantReturnPolicy\":{\"@type\":\"MerchantReturnPolicy\",\"merchantReturnLink\":\"https:\/\/equidash.eu\/et\/return-privacy\/\"}}]}<\/script>\n<meta property=\"product:brand\" content=\"Tredstep\u2122\" \/>\n<meta property=\"og:availability\" content=\"instock\" \/>\n<meta property=\"product:availability\" content=\"instock\" \/>\n<meta property=\"product:condition\" content=\"new\" \/>\n<!-- \/ Yoast SEO Premium plugin. -->","yoast_head_json":{"title":"Tredstep\u2122 Medici II Field Boots | Parima hinnaga ratsavarustuse e-pood","description":"Tredstep\u2122 ratsasaapad Medici II","robots":{"index":"index","follow":"follow","max-snippet":"max-snippet:-1","max-image-preview":"max-image-preview:large","max-video-preview":"max-video-preview:-1"},"canonical":"https:\/\/equidash.eu\/et\/shop\/ratsanik\/tredstep-medici-ii-field-boots\/","og_locale":"et_EE","og_type":"article","og_title":"Tredstep\u2122 Medici II Field Boots","og_description":"Tredstep\u2122 Medici II Field Boots","og_url":"https:\/\/equidash.eu\/et\/shop\/ratsanik\/tredstep-medici-ii-field-boots\/","og_site_name":"Parima hinnaga ratsavarustuse e-pood","article_publisher":"https:\/\/www.facebook.com\/people\/EquiDash\/61560864479586\/","article_modified_time":"2025-09-26T16:41:11+00:00","og_image":[{"width":1080,"height":1080,"url":"https:\/\/equidash.eu\/wp-content\/uploads\/2025\/02\/Tredstep_Medici2_Field-Boot_Black.png","type":"image\/png"}],"twitter_card":"summary_large_image","twitter_misc":{"Availability":"In stock"},"schema":{"@context":"https:\/\/schema.org","@graph":[{"@type":"WebPage","@id":"https:\/\/equidash.eu\/shop\/rider\/tredstep-medici-ii-field-boots\/","url":"https:\/\/equidash.eu\/shop\/rider\/tredstep-medici-ii-field-boots\/","name":"Tredstep\u2122 Medici II Field Boots | Parima hinnaga ratsavarustuse e-pood","isPartOf":{"@id":"https:\/\/equidash.eu\/#website"},"primaryImageOfPage":{"@id":"https:\/\/equidash.eu\/shop\/rider\/tredstep-medici-ii-field-boots\/#primaryimage"},"image":{"@id":"https:\/\/equidash.eu\/shop\/rider\/tredstep-medici-ii-field-boots\/#primaryimage"},"thumbnailUrl":"https:\/\/equidash.eu\/wp-content\/uploads\/2025\/02\/Tredstep_Medici2_Field-Boot_Black.png","datePublished":"2025-02-16T12:43:29+00:00","dateModified":"2025-09-26T16:41:11+00:00","description":"Tredstep\u2122 ratsasaapad Medici II","breadcrumb":{"@id":"https:\/\/equidash.eu\/shop\/rider\/tredstep-medici-ii-field-boots\/#breadcrumb"},"inLanguage":"et","potentialAction":[{"@type":"ReadAction","target":["https:\/\/equidash.eu\/shop\/rider\/tredstep-medici-ii-field-boots\/"]}]},{"@type":"ImageObject","inLanguage":"et","@id":"https:\/\/equidash.eu\/shop\/rider\/tredstep-medici-ii-field-boots\/#primaryimage","url":"https:\/\/equidash.eu\/wp-content\/uploads\/2025\/02\/Tredstep_Medici2_Field-Boot_Black.png","contentUrl":"https:\/\/equidash.eu\/wp-content\/uploads\/2025\/02\/Tredstep_Medici2_Field-Boot_Black.png","width":1080,"height":1080,"caption":"Tredstep\u2122 Medici II ratsasaapad \u2013 kaunilt vormitud disain, suurep\u00e4rane sobivus ja mugavus, elastsusega venituspaneel, pehmendatud kummist v\u00e4listald ja geelist kannapadjad."},{"@type":"BreadcrumbList","@id":"https:\/\/equidash.eu\/shop\/rider\/tredstep-medici-ii-field-boots\/#breadcrumb","itemListElement":[{"@type":"ListItem","position":1,"name":"Home","item":"https:\/\/equidash.eu\/"},{"@type":"ListItem","position":2,"name":"Shop","item":"https:\/\/equidash.eu\/shop\/"},{"@type":"ListItem","position":3,"name":"Tredstep\u2122 Medici II Field Boots"}]},{"@type":"WebSite","@id":"https:\/\/equidash.eu\/#website","url":"https:\/\/equidash.eu\/","name":"EquiDash","description":"Horse Riding Equipment and Accessories","publisher":{"@id":"https:\/\/equidash.eu\/#organization"},"alternateName":"EquiDash","potentialAction":[{"@type":"SearchAction","target":{"@type":"EntryPoint","urlTemplate":"https:\/\/equidash.eu\/?s={search_term_string}"},"query-input":{"@type":"PropertyValueSpecification","valueRequired":true,"valueName":"search_term_string"}}],"inLanguage":"et"},{"@type":"Organization","@id":"https:\/\/equidash.eu\/#organization","name":"EquiDash","alternateName":"EquiDash","url":"https:\/\/equidash.eu\/","logo":{"@type":"ImageObject","inLanguage":"et","@id":"https:\/\/equidash.eu\/#\/schema\/logo\/image\/","url":"https:\/\/equidash.eu\/wp-content\/uploads\/2024\/09\/EQUIDASH_Logo_Raud-1.png","contentUrl":"https:\/\/equidash.eu\/wp-content\/uploads\/2024\/09\/EQUIDASH_Logo_Raud-1.png","width":393,"height":422,"caption":"EquiDash"},"image":{"@id":"https:\/\/equidash.eu\/#\/schema\/logo\/image\/"},"sameAs":["https:\/\/www.facebook.com\/people\/EquiDash\/61560864479586\/","https:\/\/www.instagram.com\/equidash.eshop\/"],"email":"info@equidash.eu","telephone":"+372 59007334","legalName":"Takian Corporation O\u00dc","foundingDate":"2020-10-21","vatID":"EE102301283","numberOfEmployees":{"@type":"QuantitativeValue","minValue":"1","maxValue":"10"},"hasMerchantReturnPolicy":{"@type":"MerchantReturnPolicy","merchantReturnLink":"https:\/\/equidash.eu\/et\/return-privacy\/"}}]},"product_brand":"Tredstep\u2122","og_availability":"instock","product_availability":"instock","product_condition":"new"},"_links":{"self":[{"href":"https:\/\/equidash.eu\/et\/wp-json\/wp\/v2\/product\/3294","targetHints":{"allow":["GET"]}}],"collection":[{"href":"https:\/\/equidash.eu\/et\/wp-json\/wp\/v2\/product"}],"about":[{"href":"https:\/\/equidash.eu\/et\/wp-json\/wp\/v2\/types\/product"}],"wp:featuredmedia":[{"embeddable":true,"href":"https:\/\/equidash.eu\/et\/wp-json\/wp\/v2\/media\/3243"}],"wp:attachment":[{"href":"https:\/\/equidash.eu\/et\/wp-json\/wp\/v2\/media?parent=3294"}],"wp:term":[{"taxonomy":"product_brand","embeddable":true,"href":"https:\/\/equidash.eu\/et\/wp-json\/wp\/v2\/product_brand?post=3294"},{"taxonomy":"product_cat","embeddable":true,"href":"https:\/\/equidash.eu\/et\/wp-json\/wp\/v2\/product_cat?post=3294"},{"taxonomy":"product_tag","embeddable":true,"href":"https:\/\/equidash.eu\/et\/wp-json\/wp\/v2\/product_tag?post=3294"}],"curies":[{"name":"wp","href":"https:\/\/api.w.org\/{rel}","templated":true}]}}