{"id":3640,"date":"2025-02-20T15:24:20","date_gmt":"2025-02-20T13:24:20","guid":{"rendered":"https:\/\/equidash.eu\/?post_type=product&#038;p=3640"},"modified":"2025-02-20T23:21:05","modified_gmt":"2025-02-20T21:21:05","slug":"ps-of-sweden-bridle-king-edward","status":"publish","type":"product","link":"https:\/\/equidash.eu\/et\/shop\/horse\/ps-of-sweden-bridle-king-edward\/","title":{"rendered":"PS of Sweden valjad King Edward"},"content":{"rendered":"<p>PS of Sweden King Edward valjad on loodud koost\u00f6\u00f6s maailmameistri ja ol\u00fcmpiamedalisti Henrik von Eckermanniga. Need valjad on m\u00f5eldud igat t\u00fc\u00fcpi hobustele, eriti k\u00f5ige tundlikumatele, kes vajavad pehmeid ja reguleeritavaid valjaid, et saavutada parim sooritus.<\/p>\n<p class=\"css-sfapr9\">Materjal: K\u00e4sitsi valmistatud taimpargitud nahast.<\/p>\n<p class=\"css-sfapr9\">Hooldus: Enne esmakordset kasutamist kanna peale \u00f5li v\u00f5i palsamit. Korduv \u00f5litamine on kasulik. Puhasta nahk p\u00e4rast igat kasutuskorda nahaseebiga.<\/p>\n<p>NINARIHM<br \/>\nNendel valjastel on v\u00e4lja t\u00f6\u00f6tatud spetsiaalselt kujundatud ninarihm, mis tagab optimaalset survevabastust. U-kujuline ninarihm tagab t\u00e4iusliku sobivuse, ninarihm on v\u00e4ga pehme. K\u00fclgedel olevad kinnitused v\u00f5imaldavad muuta valjad t\u00e4pselt sobivaks igale hobusele. Ninarihma disain v\u00e4ldib survet p\u00f5sesarnadele ja tundlikele n\u00e4rvil\u00f5pmetele, nagu infraorbitaalne n\u00e4rv. See disain hoiab \u00e4ra ka surve hammastele, muutes valja sobivaks hobustele, kellel on hammastega seotud probleemid. Samuti on disainitud k\u00fclgedel olevad rihmad nii, et see takistab valjaste liikumist edasi hobuse silmadele, v\u00e4ltides \u00e4rritust. Pehmendatud ninarihma kinnitust on v\u00f5imalik reguleerida m\u00f5lemalt poolt, et tagada maksimaalne sobivus.<\/p>\n<p>KUKLARIHM<br \/>\nKing Edwardi valjaste loomine t\u00f5i turule revolutsioonilise kuklarihma. \u00d5hukanal kuklal ja kaela k\u00f5rgeimas osas tagab maksimaalse vabaduse tundlikele n\u00e4rviteedele, lihaskinnitustele ja sidemetele. Pehme nahk katab \u00f5hukanali, et seda oleks lihtne puhastada, ja kaks v\u00e4iksemat patja \u00fclalosas tagavad optimaalse paigutuse. Polsterdatud servad, hoiavad kuklarihma paigal, v\u00e4ltides survet ja h\u00f5\u00f5rdumist. Sisek\u00fcljel olev tempermalmist vaht kohandub hobuse kujuga, pakkudes maksimaalset mugavust. Stopperid otsmikurihma juures hoiavad otsmikurihma paigal, v\u00e4ltides selle liikumist.<\/p>\n<p>P\u00d5SERIHMAD<br \/>\nValjadel on uus versioon p\u00f5serihmadest, mida saab reguleerida m\u00f5lemalt poolt eraldi ja v\u00e4ga suures ulatuses, et sobitada erinevaid suuliseid.<\/p>\n<p>OTSMIKURIHM<br \/>\nOtsmikurihm on mugavuse ja h\u00f5\u00f5rdumise v\u00e4ltimiseks seest pehme ja polsterdatud. U-kujuline disain takistab survet hobuse otsaesisele ja silmakoopale. Sisek\u00fcljel olev kumm tagab, et see p\u00fcsib rasketes tingimustes paigal. M\u00e4rkus: Sellel otsmikurihmal ei ole meie Click-It\u2122 disaini (otsmikurihma vahetamiseks tuleb valjad lahti v\u00f5tta tavap\u00e4rasel viisil.<\/p>\n<p>KUMMIGA KAETUD PANDLA HOIDJAD<br \/>\nK\u00f5ik pandla hoidjad on seestpoolt kummiga kaetud, tagades kindla paigalp\u00fcsimise isegi k\u00f5ige raskemates olukordades.<\/p>\n<p>V\u00d5ISTLUSED<br \/>\nValjad on heaks kiidetud k\u00f5igis ratsaspordialades ja FEI v\u00f5istlustel. Koolis\u00f5iduv\u00f5istlustel v\u00f5istlemiseks on vajalik eraldi juurde lisada l\u00f5uarihm.<\/p>\n<p><strong>Pange t\u00e4hele:<\/strong><\/p>\n<ul>\n<li>L\u00f5uarihm ei ole valjastega kaasas.<\/li>\n<li>Ratsmed ei ole valjastega kaasas ja need tuleb eraldi osta.<\/li>\n<\/ul>","protected":false},"excerpt":{"rendered":"<p><a href=\"https:\/\/equidash.eu\/et\/tootesilt\/ps-of-sweden\/\"><img decoding=\"async\" style=\"height: 60px; margin-top: 20px;\" src=\"https:\/\/equidash.eu\/wp-content\/uploads\/2024\/10\/PS_vaike-1.png\" alt=\"\" \/><\/a><\/p>","protected":false},"featured_media":3677,"template":"","meta":{"_acf_changed":false,"_joinchat":[]},"product_brand":[558],"product_cat":[198,197,196,27],"product_tag":[560,561,559,562],"class_list":{"0":"post-3640","1":"product","2":"type-product","3":"status-publish","4":"has-post-thumbnail","6":"product_brand-ps-of-sweden","7":"product_cat-anatomical-bridles-bridles-bridles-bits-horse","8":"product_cat-bridles-bridles-bits-horse","9":"product_cat-bridles-bits-horse","10":"product_cat-horse","11":"product_tag-bridle-king-edward","12":"product_tag-henrik-von-eckermann","13":"product_tag-ps-of-sweden","14":"product_tag-sensitive-horse","15":"pa_colors-black","16":"pa_colors-brown","17":"pa_size-cob","18":"pa_size-full","19":"pa_size-xfull","21":"first","22":"onbackorder","23":"taxable","24":"shipping-taxable","25":"purchasable","26":"product-type-variable"},"acf":[],"yoast_head":"<!-- This site is optimized with the Yoast SEO Premium plugin v26.2 (Yoast SEO v27.2) - https:\/\/yoast.com\/product\/yoast-seo-premium-wordpress\/ -->\n<title>PS of Sweden Bridle King Edward | Parima hinnaga ratsavarustuse e-pood<\/title>\n<meta name=\"description\" content=\"PS of Sweden Bridle King Edward\" \/>\n<meta name=\"robots\" content=\"index, follow, max-snippet:-1, max-image-preview:large, max-video-preview:-1\" \/>\n<link rel=\"canonical\" href=\"https:\/\/equidash.eu\/et\/shop\/hobune\/ps-of-sweden-bridle-king-edward\/\" \/>\n<meta property=\"og:locale\" content=\"et_EE\" \/>\n<meta property=\"og:type\" content=\"article\" \/>\n<meta property=\"og:title\" content=\"PS of Sweden Bridle King Edward\" \/>\n<meta property=\"og:description\" content=\"PS of Sweden Bridle King Edward\" \/>\n<meta property=\"og:url\" content=\"https:\/\/equidash.eu\/et\/shop\/hobune\/ps-of-sweden-bridle-king-edward\/\" \/>\n<meta property=\"og:site_name\" content=\"Parima hinnaga ratsavarustuse e-pood\" \/>\n<meta property=\"article:publisher\" content=\"https:\/\/www.facebook.com\/people\/EquiDash\/61560864479586\/\" \/>\n<meta property=\"article:modified_time\" content=\"2025-02-20T21:21:05+00:00\" \/>\n<meta property=\"og:image\" content=\"https:\/\/equidash.eu\/wp-content\/uploads\/2025\/02\/PSofSweden_Bridle-King-Edward_Brown_0.png\" \/>\n\t<meta property=\"og:image:width\" content=\"1080\" \/>\n\t<meta property=\"og:image:height\" content=\"1080\" \/>\n\t<meta property=\"og:image:type\" content=\"image\/png\" \/>\n<meta name=\"twitter:card\" content=\"summary_large_image\" \/>\n<meta name=\"twitter:label1\" content=\"Availability\" \/>\n\t<meta name=\"twitter:data1\" content=\"On backorder\" \/>\n<script type=\"application\/ld+json\" class=\"yoast-schema-graph\">{\"@context\":\"https:\/\/schema.org\",\"@graph\":[{\"@type\":\"WebPage\",\"@id\":\"https:\/\/equidash.eu\/shop\/horse\/ps-of-sweden-bridle-king-edward\/\",\"url\":\"https:\/\/equidash.eu\/shop\/horse\/ps-of-sweden-bridle-king-edward\/\",\"name\":\"PS of Sweden Bridle King Edward | Parima hinnaga ratsavarustuse e-pood\",\"isPartOf\":{\"@id\":\"https:\/\/equidash.eu\/#website\"},\"primaryImageOfPage\":{\"@id\":\"https:\/\/equidash.eu\/shop\/horse\/ps-of-sweden-bridle-king-edward\/#primaryimage\"},\"image\":{\"@id\":\"https:\/\/equidash.eu\/shop\/horse\/ps-of-sweden-bridle-king-edward\/#primaryimage\"},\"thumbnailUrl\":\"https:\/\/equidash.eu\/wp-content\/uploads\/2025\/02\/PSofSweden_Bridle-King-Edward_Brown_0.png\",\"datePublished\":\"2025-02-20T13:24:20+00:00\",\"dateModified\":\"2025-02-20T21:21:05+00:00\",\"description\":\"PS of Sweden Bridle King Edward\",\"breadcrumb\":{\"@id\":\"https:\/\/equidash.eu\/shop\/horse\/ps-of-sweden-bridle-king-edward\/#breadcrumb\"},\"inLanguage\":\"et\",\"potentialAction\":[{\"@type\":\"ReadAction\",\"target\":[\"https:\/\/equidash.eu\/shop\/horse\/ps-of-sweden-bridle-king-edward\/\"]}]},{\"@type\":\"ImageObject\",\"inLanguage\":\"et\",\"@id\":\"https:\/\/equidash.eu\/shop\/horse\/ps-of-sweden-bridle-king-edward\/#primaryimage\",\"url\":\"https:\/\/equidash.eu\/wp-content\/uploads\/2025\/02\/PSofSweden_Bridle-King-Edward_Brown_0.png\",\"contentUrl\":\"https:\/\/equidash.eu\/wp-content\/uploads\/2025\/02\/PSofSweden_Bridle-King-Edward_Brown_0.png\",\"width\":1080,\"height\":1080,\"caption\":\"PS of Sweden King Edward valjad \u2013 ideaalne valik tundlikele hobustele, kus iga detail on hoolikalt l\u00e4bi m\u00f5eldud.\"},{\"@type\":\"BreadcrumbList\",\"@id\":\"https:\/\/equidash.eu\/shop\/horse\/ps-of-sweden-bridle-king-edward\/#breadcrumb\",\"itemListElement\":[{\"@type\":\"ListItem\",\"position\":1,\"name\":\"Home\",\"item\":\"https:\/\/equidash.eu\/\"},{\"@type\":\"ListItem\",\"position\":2,\"name\":\"Shop\",\"item\":\"https:\/\/equidash.eu\/shop\/\"},{\"@type\":\"ListItem\",\"position\":3,\"name\":\"PS of Sweden Bridle King Edward\"}]},{\"@type\":\"WebSite\",\"@id\":\"https:\/\/equidash.eu\/#website\",\"url\":\"https:\/\/equidash.eu\/\",\"name\":\"EquiDash\",\"description\":\"Horse Riding Equipment and Accessories\",\"publisher\":{\"@id\":\"https:\/\/equidash.eu\/#organization\"},\"alternateName\":\"EquiDash\",\"potentialAction\":[{\"@type\":\"SearchAction\",\"target\":{\"@type\":\"EntryPoint\",\"urlTemplate\":\"https:\/\/equidash.eu\/?s={search_term_string}\"},\"query-input\":{\"@type\":\"PropertyValueSpecification\",\"valueRequired\":true,\"valueName\":\"search_term_string\"}}],\"inLanguage\":\"et\"},{\"@type\":\"Organization\",\"@id\":\"https:\/\/equidash.eu\/#organization\",\"name\":\"EquiDash\",\"alternateName\":\"EquiDash\",\"url\":\"https:\/\/equidash.eu\/\",\"logo\":{\"@type\":\"ImageObject\",\"inLanguage\":\"et\",\"@id\":\"https:\/\/equidash.eu\/#\/schema\/logo\/image\/\",\"url\":\"https:\/\/equidash.eu\/wp-content\/uploads\/2024\/09\/EQUIDASH_Logo_Raud-1.png\",\"contentUrl\":\"https:\/\/equidash.eu\/wp-content\/uploads\/2024\/09\/EQUIDASH_Logo_Raud-1.png\",\"width\":393,\"height\":422,\"caption\":\"EquiDash\"},\"image\":{\"@id\":\"https:\/\/equidash.eu\/#\/schema\/logo\/image\/\"},\"sameAs\":[\"https:\/\/www.facebook.com\/people\/EquiDash\/61560864479586\/\",\"https:\/\/www.instagram.com\/equidash.eshop\/\"],\"email\":\"info@equidash.eu\",\"telephone\":\"+372 59007334\",\"legalName\":\"Takian Corporation O\u00dc\",\"foundingDate\":\"2020-10-21\",\"vatID\":\"EE102301283\",\"numberOfEmployees\":{\"@type\":\"QuantitativeValue\",\"minValue\":\"1\",\"maxValue\":\"10\"},\"hasMerchantReturnPolicy\":{\"@type\":\"MerchantReturnPolicy\",\"merchantReturnLink\":\"https:\/\/equidash.eu\/et\/return-privacy\/\"}}]}<\/script>\n<meta property=\"product:brand\" content=\"PS of Sweden\" \/>\n<meta property=\"og:availability\" content=\"backorder\" \/>\n<meta property=\"product:availability\" content=\"available for order\" \/>\n<meta property=\"product:condition\" content=\"new\" \/>\n<!-- \/ Yoast SEO Premium plugin. -->","yoast_head_json":{"title":"PS of Sweden Bridle King Edward | Parima hinnaga ratsavarustuse e-pood","description":"PS of Sweden valjad King Edward","robots":{"index":"index","follow":"follow","max-snippet":"max-snippet:-1","max-image-preview":"max-image-preview:large","max-video-preview":"max-video-preview:-1"},"canonical":"https:\/\/equidash.eu\/et\/shop\/hobune\/ps-of-sweden-bridle-king-edward\/","og_locale":"et_EE","og_type":"article","og_title":"PS of Sweden Bridle King Edward","og_description":"PS of Sweden Bridle King Edward","og_url":"https:\/\/equidash.eu\/et\/shop\/hobune\/ps-of-sweden-bridle-king-edward\/","og_site_name":"Parima hinnaga ratsavarustuse e-pood","article_publisher":"https:\/\/www.facebook.com\/people\/EquiDash\/61560864479586\/","article_modified_time":"2025-02-20T21:21:05+00:00","og_image":[{"width":1080,"height":1080,"url":"https:\/\/equidash.eu\/wp-content\/uploads\/2025\/02\/PSofSweden_Bridle-King-Edward_Brown_0.png","type":"image\/png"}],"twitter_card":"summary_large_image","twitter_misc":{"Availability":"On backorder"},"schema":{"@context":"https:\/\/schema.org","@graph":[{"@type":"WebPage","@id":"https:\/\/equidash.eu\/shop\/horse\/ps-of-sweden-bridle-king-edward\/","url":"https:\/\/equidash.eu\/shop\/horse\/ps-of-sweden-bridle-king-edward\/","name":"PS of Sweden Bridle King Edward | Parima hinnaga ratsavarustuse e-pood","isPartOf":{"@id":"https:\/\/equidash.eu\/#website"},"primaryImageOfPage":{"@id":"https:\/\/equidash.eu\/shop\/horse\/ps-of-sweden-bridle-king-edward\/#primaryimage"},"image":{"@id":"https:\/\/equidash.eu\/shop\/horse\/ps-of-sweden-bridle-king-edward\/#primaryimage"},"thumbnailUrl":"https:\/\/equidash.eu\/wp-content\/uploads\/2025\/02\/PSofSweden_Bridle-King-Edward_Brown_0.png","datePublished":"2025-02-20T13:24:20+00:00","dateModified":"2025-02-20T21:21:05+00:00","description":"PS of Sweden valjad King Edward","breadcrumb":{"@id":"https:\/\/equidash.eu\/shop\/horse\/ps-of-sweden-bridle-king-edward\/#breadcrumb"},"inLanguage":"et","potentialAction":[{"@type":"ReadAction","target":["https:\/\/equidash.eu\/shop\/horse\/ps-of-sweden-bridle-king-edward\/"]}]},{"@type":"ImageObject","inLanguage":"et","@id":"https:\/\/equidash.eu\/shop\/horse\/ps-of-sweden-bridle-king-edward\/#primaryimage","url":"https:\/\/equidash.eu\/wp-content\/uploads\/2025\/02\/PSofSweden_Bridle-King-Edward_Brown_0.png","contentUrl":"https:\/\/equidash.eu\/wp-content\/uploads\/2025\/02\/PSofSweden_Bridle-King-Edward_Brown_0.png","width":1080,"height":1080,"caption":"PS of Sweden King Edward valjad \u2013 ideaalne valik tundlikele hobustele, kus iga detail on hoolikalt l\u00e4bi m\u00f5eldud."},{"@type":"BreadcrumbList","@id":"https:\/\/equidash.eu\/shop\/horse\/ps-of-sweden-bridle-king-edward\/#breadcrumb","itemListElement":[{"@type":"ListItem","position":1,"name":"Home","item":"https:\/\/equidash.eu\/"},{"@type":"ListItem","position":2,"name":"Shop","item":"https:\/\/equidash.eu\/shop\/"},{"@type":"ListItem","position":3,"name":"PS of Sweden Bridle King Edward"}]},{"@type":"WebSite","@id":"https:\/\/equidash.eu\/#website","url":"https:\/\/equidash.eu\/","name":"EquiDash","description":"Horse Riding Equipment and Accessories","publisher":{"@id":"https:\/\/equidash.eu\/#organization"},"alternateName":"EquiDash","potentialAction":[{"@type":"SearchAction","target":{"@type":"EntryPoint","urlTemplate":"https:\/\/equidash.eu\/?s={search_term_string}"},"query-input":{"@type":"PropertyValueSpecification","valueRequired":true,"valueName":"search_term_string"}}],"inLanguage":"et"},{"@type":"Organization","@id":"https:\/\/equidash.eu\/#organization","name":"EquiDash","alternateName":"EquiDash","url":"https:\/\/equidash.eu\/","logo":{"@type":"ImageObject","inLanguage":"et","@id":"https:\/\/equidash.eu\/#\/schema\/logo\/image\/","url":"https:\/\/equidash.eu\/wp-content\/uploads\/2024\/09\/EQUIDASH_Logo_Raud-1.png","contentUrl":"https:\/\/equidash.eu\/wp-content\/uploads\/2024\/09\/EQUIDASH_Logo_Raud-1.png","width":393,"height":422,"caption":"EquiDash"},"image":{"@id":"https:\/\/equidash.eu\/#\/schema\/logo\/image\/"},"sameAs":["https:\/\/www.facebook.com\/people\/EquiDash\/61560864479586\/","https:\/\/www.instagram.com\/equidash.eshop\/"],"email":"info@equidash.eu","telephone":"+372 59007334","legalName":"Takian Corporation O\u00dc","foundingDate":"2020-10-21","vatID":"EE102301283","numberOfEmployees":{"@type":"QuantitativeValue","minValue":"1","maxValue":"10"},"hasMerchantReturnPolicy":{"@type":"MerchantReturnPolicy","merchantReturnLink":"https:\/\/equidash.eu\/et\/return-privacy\/"}}]},"product_brand":"PS of Sweden","og_availability":"backorder","product_availability":"available for order","product_condition":"new"},"_links":{"self":[{"href":"https:\/\/equidash.eu\/et\/wp-json\/wp\/v2\/product\/3640","targetHints":{"allow":["GET"]}}],"collection":[{"href":"https:\/\/equidash.eu\/et\/wp-json\/wp\/v2\/product"}],"about":[{"href":"https:\/\/equidash.eu\/et\/wp-json\/wp\/v2\/types\/product"}],"wp:featuredmedia":[{"embeddable":true,"href":"https:\/\/equidash.eu\/et\/wp-json\/wp\/v2\/media\/3677"}],"wp:attachment":[{"href":"https:\/\/equidash.eu\/et\/wp-json\/wp\/v2\/media?parent=3640"}],"wp:term":[{"taxonomy":"product_brand","embeddable":true,"href":"https:\/\/equidash.eu\/et\/wp-json\/wp\/v2\/product_brand?post=3640"},{"taxonomy":"product_cat","embeddable":true,"href":"https:\/\/equidash.eu\/et\/wp-json\/wp\/v2\/product_cat?post=3640"},{"taxonomy":"product_tag","embeddable":true,"href":"https:\/\/equidash.eu\/et\/wp-json\/wp\/v2\/product_tag?post=3640"}],"curies":[{"name":"wp","href":"https:\/\/api.w.org\/{rel}","templated":true}]}}