{"id":3706,"date":"2025-02-21T16:09:37","date_gmt":"2025-02-21T14:09:37","guid":{"rendered":"https:\/\/equidash.eu\/?post_type=product&#038;p=3706"},"modified":"2025-02-21T17:55:08","modified_gmt":"2025-02-21T15:55:08","slug":"ps-of-sweden-ear-bonnet-ruffle","status":"publish","type":"product","link":"https:\/\/equidash.eu\/et\/shop\/horse\/ps-of-sweden-ear-bonnet-ruffle\/","title":{"rendered":"PS of Sweden k\u00f5rvad Ruffle"},"content":{"rendered":"<p>PS of Sweden k\u00f5rvad Ruffle on elastseid k\u00f5rvade osast ja sobituvad h\u00e4sti hobuse k\u00f5rvade kujuga. K\u00f5rvadel on k\u00e4sitsi kootud heegeldus ja antibakteriaalne viimistlus. Sellel on dekoratiivsed detailid vastavast kollektsioonist ja PS logo embleem ees.<\/p>\n<ul>\n<li>Elastne k\u00f5rvade osa, et sobituda erineva kujuga<\/li>\n<li>K\u00e4sitsi kootud heegeldus<\/li>\n<li>Materjal 100% pol\u00fcester<\/li>\n<\/ul>\n<p>Hooldus: Pese eraldi 40\u00b0C juures. \u00c4ra kasuta pesupehmendajat. \u00c4ra triigi detaile ja \u00e4ra kuivata kuivatis. Venita niiskelt enne kuivama riputamist.<\/p>","protected":false},"excerpt":{"rendered":"<p><a href=\"https:\/\/equidash.eu\/et\/tootesilt\/ps-of-sweden\/\"><img decoding=\"async\" style=\"height: 60px; margin-top: 20px;\" src=\"https:\/\/equidash.eu\/wp-content\/uploads\/2024\/10\/PS_vaike-1.png\" alt=\"\" \/><\/a><\/p>","protected":false},"featured_media":3711,"template":"","meta":{"_acf_changed":false,"_joinchat":[]},"product_brand":[558],"product_cat":[241,240,27],"product_tag":[102,38,415,559,563],"class_list":{"0":"post-3706","1":"product","2":"type-product","3":"status-publish","4":"has-post-thumbnail","6":"product_brand-ps-of-sweden","7":"product_cat-ear-bonnet","8":"product_cat-ear-bonnet-fly-veils","9":"product_cat-horse","10":"product_tag-competition","11":"product_tag-dressage","12":"product_tag-ear-bonnet","13":"product_tag-ps-of-sweden","14":"product_tag-ruffle","15":"pa_colors-black","16":"pa_colors-white","17":"pa_size-cob","18":"pa_size-full","20":"first","21":"onbackorder","22":"taxable","23":"shipping-taxable","24":"purchasable","25":"product-type-variable"},"acf":[],"yoast_head":"<!-- This site is optimized with the Yoast SEO Premium plugin v26.2 (Yoast SEO v27.2) - https:\/\/yoast.com\/product\/yoast-seo-premium-wordpress\/ -->\n<title>PS of Sweden Ear Bonnet Ruffle | Parima hinnaga ratsavarustuse e-pood<\/title>\n<meta name=\"description\" content=\"PS of Sweden Ear Bonnet Ruffle\" \/>\n<meta name=\"robots\" content=\"index, follow, max-snippet:-1, max-image-preview:large, max-video-preview:-1\" \/>\n<link rel=\"canonical\" href=\"https:\/\/equidash.eu\/et\/shop\/hobune\/ps-of-sweden-ear-bonnet-ruffle\/\" \/>\n<meta property=\"og:locale\" content=\"et_EE\" \/>\n<meta property=\"og:type\" content=\"article\" \/>\n<meta property=\"og:title\" content=\"PS of Sweden Ear Bonnet Ruffle\" \/>\n<meta property=\"og:description\" content=\"PS of Sweden Ear Bonnet Ruffle\" \/>\n<meta property=\"og:url\" content=\"https:\/\/equidash.eu\/et\/shop\/hobune\/ps-of-sweden-ear-bonnet-ruffle\/\" \/>\n<meta property=\"og:site_name\" content=\"Parima hinnaga ratsavarustuse e-pood\" \/>\n<meta property=\"article:publisher\" content=\"https:\/\/www.facebook.com\/people\/EquiDash\/61560864479586\/\" \/>\n<meta property=\"article:modified_time\" content=\"2025-02-21T15:55:08+00:00\" \/>\n<meta property=\"og:image\" content=\"https:\/\/equidash.eu\/wp-content\/uploads\/2025\/02\/PSofSweden_Ear-Bonnet_Ruffle_black_0.png\" \/>\n\t<meta property=\"og:image:width\" content=\"1080\" \/>\n\t<meta property=\"og:image:height\" content=\"1080\" \/>\n\t<meta property=\"og:image:type\" content=\"image\/png\" \/>\n<meta name=\"twitter:card\" content=\"summary_large_image\" \/>\n<meta name=\"twitter:label1\" content=\"Availability\" \/>\n\t<meta name=\"twitter:data1\" content=\"On backorder\" \/>\n<script type=\"application\/ld+json\" class=\"yoast-schema-graph\">{\"@context\":\"https:\/\/schema.org\",\"@graph\":[{\"@type\":\"WebPage\",\"@id\":\"https:\/\/equidash.eu\/shop\/horse\/ps-of-sweden-ear-bonnet-ruffle\/\",\"url\":\"https:\/\/equidash.eu\/shop\/horse\/ps-of-sweden-ear-bonnet-ruffle\/\",\"name\":\"PS of Sweden Ear Bonnet Ruffle | Parima hinnaga ratsavarustuse e-pood\",\"isPartOf\":{\"@id\":\"https:\/\/equidash.eu\/#website\"},\"primaryImageOfPage\":{\"@id\":\"https:\/\/equidash.eu\/shop\/horse\/ps-of-sweden-ear-bonnet-ruffle\/#primaryimage\"},\"image\":{\"@id\":\"https:\/\/equidash.eu\/shop\/horse\/ps-of-sweden-ear-bonnet-ruffle\/#primaryimage\"},\"thumbnailUrl\":\"https:\/\/equidash.eu\/wp-content\/uploads\/2025\/02\/PSofSweden_Ear-Bonnet_Ruffle_black_0.png\",\"datePublished\":\"2025-02-21T14:09:37+00:00\",\"dateModified\":\"2025-02-21T15:55:08+00:00\",\"description\":\"PS of Sweden Ear Bonnet Ruffle\",\"breadcrumb\":{\"@id\":\"https:\/\/equidash.eu\/shop\/horse\/ps-of-sweden-ear-bonnet-ruffle\/#breadcrumb\"},\"inLanguage\":\"et\",\"potentialAction\":[{\"@type\":\"ReadAction\",\"target\":[\"https:\/\/equidash.eu\/shop\/horse\/ps-of-sweden-ear-bonnet-ruffle\/\"]}]},{\"@type\":\"ImageObject\",\"inLanguage\":\"et\",\"@id\":\"https:\/\/equidash.eu\/shop\/horse\/ps-of-sweden-ear-bonnet-ruffle\/#primaryimage\",\"url\":\"https:\/\/equidash.eu\/wp-content\/uploads\/2025\/02\/PSofSweden_Ear-Bonnet_Ruffle_black_0.png\",\"contentUrl\":\"https:\/\/equidash.eu\/wp-content\/uploads\/2025\/02\/PSofSweden_Ear-Bonnet_Ruffle_black_0.png\",\"width\":1080,\"height\":1080,\"caption\":\"PS of Sweden Ruffle k\u00f5rvad \u2013 stiilne ja mugav kaitse hobusele! V\u00e4rvus must\"},{\"@type\":\"BreadcrumbList\",\"@id\":\"https:\/\/equidash.eu\/shop\/horse\/ps-of-sweden-ear-bonnet-ruffle\/#breadcrumb\",\"itemListElement\":[{\"@type\":\"ListItem\",\"position\":1,\"name\":\"Home\",\"item\":\"https:\/\/equidash.eu\/\"},{\"@type\":\"ListItem\",\"position\":2,\"name\":\"Shop\",\"item\":\"https:\/\/equidash.eu\/shop\/\"},{\"@type\":\"ListItem\",\"position\":3,\"name\":\"PS of Sweden Ear Bonnet Ruffle\"}]},{\"@type\":\"WebSite\",\"@id\":\"https:\/\/equidash.eu\/#website\",\"url\":\"https:\/\/equidash.eu\/\",\"name\":\"EquiDash\",\"description\":\"Horse Riding Equipment and Accessories\",\"publisher\":{\"@id\":\"https:\/\/equidash.eu\/#organization\"},\"alternateName\":\"EquiDash\",\"potentialAction\":[{\"@type\":\"SearchAction\",\"target\":{\"@type\":\"EntryPoint\",\"urlTemplate\":\"https:\/\/equidash.eu\/?s={search_term_string}\"},\"query-input\":{\"@type\":\"PropertyValueSpecification\",\"valueRequired\":true,\"valueName\":\"search_term_string\"}}],\"inLanguage\":\"et\"},{\"@type\":\"Organization\",\"@id\":\"https:\/\/equidash.eu\/#organization\",\"name\":\"EquiDash\",\"alternateName\":\"EquiDash\",\"url\":\"https:\/\/equidash.eu\/\",\"logo\":{\"@type\":\"ImageObject\",\"inLanguage\":\"et\",\"@id\":\"https:\/\/equidash.eu\/#\/schema\/logo\/image\/\",\"url\":\"https:\/\/equidash.eu\/wp-content\/uploads\/2024\/09\/EQUIDASH_Logo_Raud-1.png\",\"contentUrl\":\"https:\/\/equidash.eu\/wp-content\/uploads\/2024\/09\/EQUIDASH_Logo_Raud-1.png\",\"width\":393,\"height\":422,\"caption\":\"EquiDash\"},\"image\":{\"@id\":\"https:\/\/equidash.eu\/#\/schema\/logo\/image\/\"},\"sameAs\":[\"https:\/\/www.facebook.com\/people\/EquiDash\/61560864479586\/\",\"https:\/\/www.instagram.com\/equidash.eshop\/\"],\"email\":\"info@equidash.eu\",\"telephone\":\"+372 59007334\",\"legalName\":\"Takian Corporation O\u00dc\",\"foundingDate\":\"2020-10-21\",\"vatID\":\"EE102301283\",\"numberOfEmployees\":{\"@type\":\"QuantitativeValue\",\"minValue\":\"1\",\"maxValue\":\"10\"},\"hasMerchantReturnPolicy\":{\"@type\":\"MerchantReturnPolicy\",\"merchantReturnLink\":\"https:\/\/equidash.eu\/et\/return-privacy\/\"}}]}<\/script>\n<meta property=\"product:brand\" content=\"PS of Sweden\" \/>\n<meta property=\"og:availability\" content=\"backorder\" \/>\n<meta property=\"product:availability\" content=\"available for order\" \/>\n<meta property=\"product:condition\" content=\"new\" \/>\n<!-- \/ Yoast SEO Premium plugin. -->","yoast_head_json":{"title":"PS of Sweden Ear Bonnet Ruffle | Parima hinnaga ratsavarustuse e-pood","description":"PS of Sweden k\u00f5rvad Ruffle","robots":{"index":"index","follow":"follow","max-snippet":"max-snippet:-1","max-image-preview":"max-image-preview:large","max-video-preview":"max-video-preview:-1"},"canonical":"https:\/\/equidash.eu\/et\/shop\/hobune\/ps-of-sweden-ear-bonnet-ruffle\/","og_locale":"et_EE","og_type":"article","og_title":"PS of Sweden Ear Bonnet Ruffle","og_description":"PS of Sweden Ear Bonnet Ruffle","og_url":"https:\/\/equidash.eu\/et\/shop\/hobune\/ps-of-sweden-ear-bonnet-ruffle\/","og_site_name":"Parima hinnaga ratsavarustuse e-pood","article_publisher":"https:\/\/www.facebook.com\/people\/EquiDash\/61560864479586\/","article_modified_time":"2025-02-21T15:55:08+00:00","og_image":[{"width":1080,"height":1080,"url":"https:\/\/equidash.eu\/wp-content\/uploads\/2025\/02\/PSofSweden_Ear-Bonnet_Ruffle_black_0.png","type":"image\/png"}],"twitter_card":"summary_large_image","twitter_misc":{"Availability":"On backorder"},"schema":{"@context":"https:\/\/schema.org","@graph":[{"@type":"WebPage","@id":"https:\/\/equidash.eu\/shop\/horse\/ps-of-sweden-ear-bonnet-ruffle\/","url":"https:\/\/equidash.eu\/shop\/horse\/ps-of-sweden-ear-bonnet-ruffle\/","name":"PS of Sweden Ear Bonnet Ruffle | Parima hinnaga ratsavarustuse e-pood","isPartOf":{"@id":"https:\/\/equidash.eu\/#website"},"primaryImageOfPage":{"@id":"https:\/\/equidash.eu\/shop\/horse\/ps-of-sweden-ear-bonnet-ruffle\/#primaryimage"},"image":{"@id":"https:\/\/equidash.eu\/shop\/horse\/ps-of-sweden-ear-bonnet-ruffle\/#primaryimage"},"thumbnailUrl":"https:\/\/equidash.eu\/wp-content\/uploads\/2025\/02\/PSofSweden_Ear-Bonnet_Ruffle_black_0.png","datePublished":"2025-02-21T14:09:37+00:00","dateModified":"2025-02-21T15:55:08+00:00","description":"PS of Sweden k\u00f5rvad Ruffle","breadcrumb":{"@id":"https:\/\/equidash.eu\/shop\/horse\/ps-of-sweden-ear-bonnet-ruffle\/#breadcrumb"},"inLanguage":"et","potentialAction":[{"@type":"ReadAction","target":["https:\/\/equidash.eu\/shop\/horse\/ps-of-sweden-ear-bonnet-ruffle\/"]}]},{"@type":"ImageObject","inLanguage":"et","@id":"https:\/\/equidash.eu\/shop\/horse\/ps-of-sweden-ear-bonnet-ruffle\/#primaryimage","url":"https:\/\/equidash.eu\/wp-content\/uploads\/2025\/02\/PSofSweden_Ear-Bonnet_Ruffle_black_0.png","contentUrl":"https:\/\/equidash.eu\/wp-content\/uploads\/2025\/02\/PSofSweden_Ear-Bonnet_Ruffle_black_0.png","width":1080,"height":1080,"caption":"PS of Sweden Ruffle k\u00f5rvad \u2013 stiilne ja mugav kaitse hobusele! V\u00e4rvus must"},{"@type":"BreadcrumbList","@id":"https:\/\/equidash.eu\/shop\/horse\/ps-of-sweden-ear-bonnet-ruffle\/#breadcrumb","itemListElement":[{"@type":"ListItem","position":1,"name":"Home","item":"https:\/\/equidash.eu\/"},{"@type":"ListItem","position":2,"name":"Shop","item":"https:\/\/equidash.eu\/shop\/"},{"@type":"ListItem","position":3,"name":"PS of Sweden Ear Bonnet Ruffle"}]},{"@type":"WebSite","@id":"https:\/\/equidash.eu\/#website","url":"https:\/\/equidash.eu\/","name":"EquiDash","description":"Horse Riding Equipment and Accessories","publisher":{"@id":"https:\/\/equidash.eu\/#organization"},"alternateName":"EquiDash","potentialAction":[{"@type":"SearchAction","target":{"@type":"EntryPoint","urlTemplate":"https:\/\/equidash.eu\/?s={search_term_string}"},"query-input":{"@type":"PropertyValueSpecification","valueRequired":true,"valueName":"search_term_string"}}],"inLanguage":"et"},{"@type":"Organization","@id":"https:\/\/equidash.eu\/#organization","name":"EquiDash","alternateName":"EquiDash","url":"https:\/\/equidash.eu\/","logo":{"@type":"ImageObject","inLanguage":"et","@id":"https:\/\/equidash.eu\/#\/schema\/logo\/image\/","url":"https:\/\/equidash.eu\/wp-content\/uploads\/2024\/09\/EQUIDASH_Logo_Raud-1.png","contentUrl":"https:\/\/equidash.eu\/wp-content\/uploads\/2024\/09\/EQUIDASH_Logo_Raud-1.png","width":393,"height":422,"caption":"EquiDash"},"image":{"@id":"https:\/\/equidash.eu\/#\/schema\/logo\/image\/"},"sameAs":["https:\/\/www.facebook.com\/people\/EquiDash\/61560864479586\/","https:\/\/www.instagram.com\/equidash.eshop\/"],"email":"info@equidash.eu","telephone":"+372 59007334","legalName":"Takian Corporation O\u00dc","foundingDate":"2020-10-21","vatID":"EE102301283","numberOfEmployees":{"@type":"QuantitativeValue","minValue":"1","maxValue":"10"},"hasMerchantReturnPolicy":{"@type":"MerchantReturnPolicy","merchantReturnLink":"https:\/\/equidash.eu\/et\/return-privacy\/"}}]},"product_brand":"PS of Sweden","og_availability":"backorder","product_availability":"available for order","product_condition":"new"},"_links":{"self":[{"href":"https:\/\/equidash.eu\/et\/wp-json\/wp\/v2\/product\/3706","targetHints":{"allow":["GET"]}}],"collection":[{"href":"https:\/\/equidash.eu\/et\/wp-json\/wp\/v2\/product"}],"about":[{"href":"https:\/\/equidash.eu\/et\/wp-json\/wp\/v2\/types\/product"}],"wp:featuredmedia":[{"embeddable":true,"href":"https:\/\/equidash.eu\/et\/wp-json\/wp\/v2\/media\/3711"}],"wp:attachment":[{"href":"https:\/\/equidash.eu\/et\/wp-json\/wp\/v2\/media?parent=3706"}],"wp:term":[{"taxonomy":"product_brand","embeddable":true,"href":"https:\/\/equidash.eu\/et\/wp-json\/wp\/v2\/product_brand?post=3706"},{"taxonomy":"product_cat","embeddable":true,"href":"https:\/\/equidash.eu\/et\/wp-json\/wp\/v2\/product_cat?post=3706"},{"taxonomy":"product_tag","embeddable":true,"href":"https:\/\/equidash.eu\/et\/wp-json\/wp\/v2\/product_tag?post=3706"}],"curies":[{"name":"wp","href":"https:\/\/api.w.org\/{rel}","templated":true}]}}