{"id":3742,"date":"2025-02-22T15:26:56","date_gmt":"2025-02-22T13:26:56","guid":{"rendered":"https:\/\/equidash.eu\/?post_type=product&#038;p=3742"},"modified":"2025-02-22T22:54:54","modified_gmt":"2025-02-22T20:54:54","slug":"ps-of-sweden-riding-tights-katja-full-grip","status":"publish","type":"product","link":"https:\/\/equidash.eu\/et\/shop\/rider\/ps-of-sweden-riding-tights-katja-full-grip\/","title":{"rendered":"PS of Sweden t\u00e4isgrippidega ratsap\u00fcksid Katja"},"content":{"rendered":"<p>PS of Sweden t\u00e4isgrippidega ratsap\u00fcksid Katja on \u00fcks populaarsematest PS of Swedeni m\u00fc\u00fcdud ratsastusp\u00fckste seeriast. Need on valmistatud pehmest, kergelt l\u00e4ikivast kangast, mis pakub suurep\u00e4rast elastsust ja hingavust. K\u00f5rge ja lai v\u00f6\u00f6koht tagavad t\u00e4iusliku sobivuse ja mugavuse.<\/p>\n<ul>\n<li>4-suunaline veniv ja hingav kangas<\/li>\n<li>P\u00fcksid s\u00e4ilitavad oma kuju ja kerge kompressioon saavutab t\u00e4iusliku sobivuse<\/li>\n<li>Kaks telefonitaskut, \u00fcks kummalgi reiel<\/li>\n<li>Suur PS logo vasaku reie taskul<\/li>\n<li>Lai v\u00f6\u00f6koht koos p\u00fcksirihma aasadega<\/li>\n<li>Taga kaks imitatsioon taskut<\/li>\n<li>L\u00e4ikivast silikoontr\u00fckist PS logodega t\u00e4isgripp<\/li>\n<li>P\u00fcksid on v\u00e4ga mugavad ja pehmed<\/li>\n<li>Materjal: 65% pol\u00fcamiid, 35% elastaan<\/li>\n<\/ul>\n<p>Hooldamine: Peske pahupidi p\u00f6\u00f6ratuna sarnaste v\u00e4rvidega 40\u00b0C juures. \u00c4rge kasutage pehmendajat. Triikige ainlt pahupidi p\u00f6\u00f6ratuna madalal temperatuuril. \u00c4rge kuivatage kuivatis.<\/p>\n<p>&nbsp;<\/p>","protected":false},"excerpt":{"rendered":"<p><a href=\"https:\/\/equidash.eu\/et\/tootesilt\/ps-of-sweden\/\"><img decoding=\"async\" style=\"height: 60px; margin-top: 20px;\" src=\"https:\/\/equidash.eu\/wp-content\/uploads\/2024\/10\/PS_vaike-1.png\" alt=\"\" \/><\/a><\/p>","protected":false},"featured_media":3762,"template":"","meta":{"_acf_changed":false,"_joinchat":[]},"product_brand":[558],"product_cat":[258,22,215,212,213],"product_tag":[115,570,559,119,571],"class_list":{"0":"post-3742","1":"product","2":"type-product","3":"status-publish","4":"has-post-thumbnail","6":"product_brand-ps-of-sweden","7":"product_cat-full-seat-breeches","8":"product_cat-rider","9":"product_cat-riding-tights-women-tights-breeches-rider","10":"product_cat-tights-breeches-rider","11":"product_cat-women-tights-breeches-rider","12":"product_tag-full-grip","13":"product_tag-katja","14":"product_tag-ps-of-sweden","15":"product_tag-riding-leggins","16":"product_tag-ss24","17":"pa_colors-dark-truffle","18":"pa_colors-mist-green","19":"pa_colors-purple-grape","20":"pa_size-l","21":"pa_size-m","22":"pa_size-s","23":"pa_size-xl","24":"pa_size-xs","26":"first","27":"onbackorder","28":"taxable","29":"shipping-taxable","30":"purchasable","31":"product-type-variable"},"acf":[],"yoast_head":"<!-- This site is optimized with the Yoast SEO Premium plugin v26.2 (Yoast SEO v27.2) - https:\/\/yoast.com\/product\/yoast-seo-premium-wordpress\/ -->\n<title>PS of Sweden Riding Tights Katja Full Grip | Parima hinnaga ratsavarustuse e-pood<\/title>\n<meta name=\"description\" content=\"PS of Sweden Riding Tights Katja Full Grip\" \/>\n<meta name=\"robots\" content=\"index, follow, max-snippet:-1, max-image-preview:large, max-video-preview:-1\" \/>\n<link rel=\"canonical\" href=\"https:\/\/equidash.eu\/et\/shop\/ratsanik\/ps-of-sweden-riding-tights-katja-full-grip\/\" \/>\n<meta property=\"og:locale\" content=\"et_EE\" \/>\n<meta property=\"og:type\" content=\"article\" \/>\n<meta property=\"og:title\" content=\"PS of Sweden Riding Tights Katja Full Grip\" \/>\n<meta property=\"og:description\" content=\"PS of Sweden Riding Tights Katja Full Grip\" \/>\n<meta property=\"og:url\" content=\"https:\/\/equidash.eu\/et\/shop\/ratsanik\/ps-of-sweden-riding-tights-katja-full-grip\/\" \/>\n<meta property=\"og:site_name\" content=\"Parima hinnaga ratsavarustuse e-pood\" \/>\n<meta property=\"article:publisher\" content=\"https:\/\/www.facebook.com\/people\/EquiDash\/61560864479586\/\" \/>\n<meta property=\"article:modified_time\" content=\"2025-02-22T20:54:54+00:00\" \/>\n<meta property=\"og:image\" content=\"https:\/\/equidash.eu\/wp-content\/uploads\/2025\/02\/PSofSweden_Riding-Tights_Katja-FG_Purple-grape_0.png\" \/>\n\t<meta property=\"og:image:width\" content=\"1080\" \/>\n\t<meta property=\"og:image:height\" content=\"1080\" \/>\n\t<meta property=\"og:image:type\" content=\"image\/png\" \/>\n<meta name=\"twitter:card\" content=\"summary_large_image\" \/>\n<meta name=\"twitter:label1\" content=\"Availability\" \/>\n\t<meta name=\"twitter:data1\" content=\"On backorder\" \/>\n<script type=\"application\/ld+json\" class=\"yoast-schema-graph\">{\"@context\":\"https:\/\/schema.org\",\"@graph\":[{\"@type\":\"WebPage\",\"@id\":\"https:\/\/equidash.eu\/shop\/rider\/ps-of-sweden-riding-tights-katja-full-grip\/\",\"url\":\"https:\/\/equidash.eu\/shop\/rider\/ps-of-sweden-riding-tights-katja-full-grip\/\",\"name\":\"PS of Sweden Riding Tights Katja Full Grip | Parima hinnaga ratsavarustuse e-pood\",\"isPartOf\":{\"@id\":\"https:\/\/equidash.eu\/#website\"},\"primaryImageOfPage\":{\"@id\":\"https:\/\/equidash.eu\/shop\/rider\/ps-of-sweden-riding-tights-katja-full-grip\/#primaryimage\"},\"image\":{\"@id\":\"https:\/\/equidash.eu\/shop\/rider\/ps-of-sweden-riding-tights-katja-full-grip\/#primaryimage\"},\"thumbnailUrl\":\"https:\/\/equidash.eu\/wp-content\/uploads\/2025\/02\/PSofSweden_Riding-Tights_Katja-FG_Purple-grape_0.png\",\"datePublished\":\"2025-02-22T13:26:56+00:00\",\"dateModified\":\"2025-02-22T20:54:54+00:00\",\"description\":\"PS of Sweden Riding Tights Katja Full Grip\",\"breadcrumb\":{\"@id\":\"https:\/\/equidash.eu\/shop\/rider\/ps-of-sweden-riding-tights-katja-full-grip\/#breadcrumb\"},\"inLanguage\":\"et\",\"potentialAction\":[{\"@type\":\"ReadAction\",\"target\":[\"https:\/\/equidash.eu\/shop\/rider\/ps-of-sweden-riding-tights-katja-full-grip\/\"]}]},{\"@type\":\"ImageObject\",\"inLanguage\":\"et\",\"@id\":\"https:\/\/equidash.eu\/shop\/rider\/ps-of-sweden-riding-tights-katja-full-grip\/#primaryimage\",\"url\":\"https:\/\/equidash.eu\/wp-content\/uploads\/2025\/02\/PSofSweden_Riding-Tights_Katja-FG_Purple-grape_0.png\",\"contentUrl\":\"https:\/\/equidash.eu\/wp-content\/uploads\/2025\/02\/PSofSweden_Riding-Tights_Katja-FG_Purple-grape_0.png\",\"width\":1080,\"height\":1080,\"caption\":\"PS of Sweden ratsap\u00fcksid Katja t\u00e4isgripiga, suurep\u00e4rane mugavus ja sobivus. Purple Grape\"},{\"@type\":\"BreadcrumbList\",\"@id\":\"https:\/\/equidash.eu\/shop\/rider\/ps-of-sweden-riding-tights-katja-full-grip\/#breadcrumb\",\"itemListElement\":[{\"@type\":\"ListItem\",\"position\":1,\"name\":\"Home\",\"item\":\"https:\/\/equidash.eu\/\"},{\"@type\":\"ListItem\",\"position\":2,\"name\":\"Shop\",\"item\":\"https:\/\/equidash.eu\/shop\/\"},{\"@type\":\"ListItem\",\"position\":3,\"name\":\"PS of Sweden Riding Tights Katja Full Grip\"}]},{\"@type\":\"WebSite\",\"@id\":\"https:\/\/equidash.eu\/#website\",\"url\":\"https:\/\/equidash.eu\/\",\"name\":\"EquiDash\",\"description\":\"Horse Riding Equipment and Accessories\",\"publisher\":{\"@id\":\"https:\/\/equidash.eu\/#organization\"},\"alternateName\":\"EquiDash\",\"potentialAction\":[{\"@type\":\"SearchAction\",\"target\":{\"@type\":\"EntryPoint\",\"urlTemplate\":\"https:\/\/equidash.eu\/?s={search_term_string}\"},\"query-input\":{\"@type\":\"PropertyValueSpecification\",\"valueRequired\":true,\"valueName\":\"search_term_string\"}}],\"inLanguage\":\"et\"},{\"@type\":\"Organization\",\"@id\":\"https:\/\/equidash.eu\/#organization\",\"name\":\"EquiDash\",\"alternateName\":\"EquiDash\",\"url\":\"https:\/\/equidash.eu\/\",\"logo\":{\"@type\":\"ImageObject\",\"inLanguage\":\"et\",\"@id\":\"https:\/\/equidash.eu\/#\/schema\/logo\/image\/\",\"url\":\"https:\/\/equidash.eu\/wp-content\/uploads\/2024\/09\/EQUIDASH_Logo_Raud-1.png\",\"contentUrl\":\"https:\/\/equidash.eu\/wp-content\/uploads\/2024\/09\/EQUIDASH_Logo_Raud-1.png\",\"width\":393,\"height\":422,\"caption\":\"EquiDash\"},\"image\":{\"@id\":\"https:\/\/equidash.eu\/#\/schema\/logo\/image\/\"},\"sameAs\":[\"https:\/\/www.facebook.com\/people\/EquiDash\/61560864479586\/\",\"https:\/\/www.instagram.com\/equidash.eshop\/\"],\"email\":\"info@equidash.eu\",\"telephone\":\"+372 59007334\",\"legalName\":\"Takian Corporation O\u00dc\",\"foundingDate\":\"2020-10-21\",\"vatID\":\"EE102301283\",\"numberOfEmployees\":{\"@type\":\"QuantitativeValue\",\"minValue\":\"1\",\"maxValue\":\"10\"},\"hasMerchantReturnPolicy\":{\"@type\":\"MerchantReturnPolicy\",\"merchantReturnLink\":\"https:\/\/equidash.eu\/et\/return-privacy\/\"}}]}<\/script>\n<meta property=\"product:brand\" content=\"PS of Sweden\" \/>\n<meta property=\"og:availability\" content=\"backorder\" \/>\n<meta property=\"product:availability\" content=\"available for order\" \/>\n<meta property=\"product:condition\" content=\"new\" \/>\n<!-- \/ Yoast SEO Premium plugin. -->","yoast_head_json":{"title":"PS of Sweden Riding Tights Katja Full Grip | Parima hinnaga ratsavarustuse e-pood","description":"PS of Sweden t\u00e4isgrippidega ratsap\u00fcksid Katja","robots":{"index":"index","follow":"follow","max-snippet":"max-snippet:-1","max-image-preview":"max-image-preview:large","max-video-preview":"max-video-preview:-1"},"canonical":"https:\/\/equidash.eu\/et\/shop\/ratsanik\/ps-of-sweden-riding-tights-katja-full-grip\/","og_locale":"et_EE","og_type":"article","og_title":"PS of Sweden Riding Tights Katja Full Grip","og_description":"PS of Sweden Riding Tights Katja Full Grip","og_url":"https:\/\/equidash.eu\/et\/shop\/ratsanik\/ps-of-sweden-riding-tights-katja-full-grip\/","og_site_name":"Parima hinnaga ratsavarustuse e-pood","article_publisher":"https:\/\/www.facebook.com\/people\/EquiDash\/61560864479586\/","article_modified_time":"2025-02-22T20:54:54+00:00","og_image":[{"width":1080,"height":1080,"url":"https:\/\/equidash.eu\/wp-content\/uploads\/2025\/02\/PSofSweden_Riding-Tights_Katja-FG_Purple-grape_0.png","type":"image\/png"}],"twitter_card":"summary_large_image","twitter_misc":{"Availability":"On backorder"},"schema":{"@context":"https:\/\/schema.org","@graph":[{"@type":"WebPage","@id":"https:\/\/equidash.eu\/shop\/rider\/ps-of-sweden-riding-tights-katja-full-grip\/","url":"https:\/\/equidash.eu\/shop\/rider\/ps-of-sweden-riding-tights-katja-full-grip\/","name":"PS of Sweden Riding Tights Katja Full Grip | Parima hinnaga ratsavarustuse e-pood","isPartOf":{"@id":"https:\/\/equidash.eu\/#website"},"primaryImageOfPage":{"@id":"https:\/\/equidash.eu\/shop\/rider\/ps-of-sweden-riding-tights-katja-full-grip\/#primaryimage"},"image":{"@id":"https:\/\/equidash.eu\/shop\/rider\/ps-of-sweden-riding-tights-katja-full-grip\/#primaryimage"},"thumbnailUrl":"https:\/\/equidash.eu\/wp-content\/uploads\/2025\/02\/PSofSweden_Riding-Tights_Katja-FG_Purple-grape_0.png","datePublished":"2025-02-22T13:26:56+00:00","dateModified":"2025-02-22T20:54:54+00:00","description":"PS of Sweden t\u00e4isgrippidega ratsap\u00fcksid Katja","breadcrumb":{"@id":"https:\/\/equidash.eu\/shop\/rider\/ps-of-sweden-riding-tights-katja-full-grip\/#breadcrumb"},"inLanguage":"et","potentialAction":[{"@type":"ReadAction","target":["https:\/\/equidash.eu\/shop\/rider\/ps-of-sweden-riding-tights-katja-full-grip\/"]}]},{"@type":"ImageObject","inLanguage":"et","@id":"https:\/\/equidash.eu\/shop\/rider\/ps-of-sweden-riding-tights-katja-full-grip\/#primaryimage","url":"https:\/\/equidash.eu\/wp-content\/uploads\/2025\/02\/PSofSweden_Riding-Tights_Katja-FG_Purple-grape_0.png","contentUrl":"https:\/\/equidash.eu\/wp-content\/uploads\/2025\/02\/PSofSweden_Riding-Tights_Katja-FG_Purple-grape_0.png","width":1080,"height":1080,"caption":"PS of Sweden ratsap\u00fcksid Katja t\u00e4isgripiga, suurep\u00e4rane mugavus ja sobivus. Purple Grape"},{"@type":"BreadcrumbList","@id":"https:\/\/equidash.eu\/shop\/rider\/ps-of-sweden-riding-tights-katja-full-grip\/#breadcrumb","itemListElement":[{"@type":"ListItem","position":1,"name":"Home","item":"https:\/\/equidash.eu\/"},{"@type":"ListItem","position":2,"name":"Shop","item":"https:\/\/equidash.eu\/shop\/"},{"@type":"ListItem","position":3,"name":"PS of Sweden Riding Tights Katja Full Grip"}]},{"@type":"WebSite","@id":"https:\/\/equidash.eu\/#website","url":"https:\/\/equidash.eu\/","name":"EquiDash","description":"Horse Riding Equipment and Accessories","publisher":{"@id":"https:\/\/equidash.eu\/#organization"},"alternateName":"EquiDash","potentialAction":[{"@type":"SearchAction","target":{"@type":"EntryPoint","urlTemplate":"https:\/\/equidash.eu\/?s={search_term_string}"},"query-input":{"@type":"PropertyValueSpecification","valueRequired":true,"valueName":"search_term_string"}}],"inLanguage":"et"},{"@type":"Organization","@id":"https:\/\/equidash.eu\/#organization","name":"EquiDash","alternateName":"EquiDash","url":"https:\/\/equidash.eu\/","logo":{"@type":"ImageObject","inLanguage":"et","@id":"https:\/\/equidash.eu\/#\/schema\/logo\/image\/","url":"https:\/\/equidash.eu\/wp-content\/uploads\/2024\/09\/EQUIDASH_Logo_Raud-1.png","contentUrl":"https:\/\/equidash.eu\/wp-content\/uploads\/2024\/09\/EQUIDASH_Logo_Raud-1.png","width":393,"height":422,"caption":"EquiDash"},"image":{"@id":"https:\/\/equidash.eu\/#\/schema\/logo\/image\/"},"sameAs":["https:\/\/www.facebook.com\/people\/EquiDash\/61560864479586\/","https:\/\/www.instagram.com\/equidash.eshop\/"],"email":"info@equidash.eu","telephone":"+372 59007334","legalName":"Takian Corporation O\u00dc","foundingDate":"2020-10-21","vatID":"EE102301283","numberOfEmployees":{"@type":"QuantitativeValue","minValue":"1","maxValue":"10"},"hasMerchantReturnPolicy":{"@type":"MerchantReturnPolicy","merchantReturnLink":"https:\/\/equidash.eu\/et\/return-privacy\/"}}]},"product_brand":"PS of Sweden","og_availability":"backorder","product_availability":"available for order","product_condition":"new"},"_links":{"self":[{"href":"https:\/\/equidash.eu\/et\/wp-json\/wp\/v2\/product\/3742","targetHints":{"allow":["GET"]}}],"collection":[{"href":"https:\/\/equidash.eu\/et\/wp-json\/wp\/v2\/product"}],"about":[{"href":"https:\/\/equidash.eu\/et\/wp-json\/wp\/v2\/types\/product"}],"wp:featuredmedia":[{"embeddable":true,"href":"https:\/\/equidash.eu\/et\/wp-json\/wp\/v2\/media\/3762"}],"wp:attachment":[{"href":"https:\/\/equidash.eu\/et\/wp-json\/wp\/v2\/media?parent=3742"}],"wp:term":[{"taxonomy":"product_brand","embeddable":true,"href":"https:\/\/equidash.eu\/et\/wp-json\/wp\/v2\/product_brand?post=3742"},{"taxonomy":"product_cat","embeddable":true,"href":"https:\/\/equidash.eu\/et\/wp-json\/wp\/v2\/product_cat?post=3742"},{"taxonomy":"product_tag","embeddable":true,"href":"https:\/\/equidash.eu\/et\/wp-json\/wp\/v2\/product_tag?post=3742"}],"curies":[{"name":"wp","href":"https:\/\/api.w.org\/{rel}","templated":true}]}}