{"id":3802,"date":"2025-02-26T13:16:42","date_gmt":"2025-02-26T11:16:42","guid":{"rendered":"https:\/\/equidash.eu\/?post_type=product&#038;p=3802"},"modified":"2025-02-26T13:52:10","modified_gmt":"2025-02-26T11:52:10","slug":"acavallo-safety-stirrups-arena-aluplus-2-0","status":"publish","type":"product","link":"https:\/\/equidash.eu\/et\/shop\/horse\/acavallo-safety-stirrups-arena-aluplus-2-0\/","title":{"rendered":"Acavallo turvajalused Arena Aluplus 2.0"},"content":{"rendered":"<p>Patenteeritud k\u00fcljelt avanevad Acavallo Arena Aluplus 2.0 turvajalgused on valmistatud kvaliteetsest anodeeritud alumiiniumist ja neil on roostevabast terasest tald, mille Acavallo\u00ae on valinud hoolikalt l\u00e4bi p\u00f5hjaliku uurimist\u00f6\u00f6.<\/p>\n<p>Roostevaba teras pakub t\u00e4iuslikku kaitset korrosiooni eest, tagades toote erakordse vastupidavuse aja jooksul. Disain sisaldab pikkasid horisontaalseid auke talla osas, mis takistavad liiva ja mustuse kogunemist, tagades \u00fclimalt hea haarde k\u00f5igis tingimustes. Lukustus- ja vabastusmehhanismi ava asukoht, mis on pisut tallast k\u00f5rgemal, takistab jala juhuslikku libisemist. Samuti tagab turvajaluse \u00fclaosas asuv avamismehhanism usaldusv\u00e4\u00e4rse t\u00f6\u00f6 h\u00e4daolukordades, v\u00e4ltides mustuse sattumist jaluse liikuvatele osadele.<\/p>\n<p>Tallal on viie kraadine kaldenurk, mis aitab hoida ratsutades \u00f5iget asendit, leevendades liigeste pinget. Selle tulemuseks on kohene leevendus p\u00f5lvedele ja vaagnale, samuti suurem liikumisvabadus pahkluu liigestes.<\/p>\n<ul>\n<li data-start=\"0\" data-end=\"106\"><strong data-start=\"2\" data-end=\"23\" data-is-only-node=\"\">Innovatiivne disain<\/strong> \u2013 Arena Aluplus 2.0 turvajalused on k\u00fclje pealt avanevad<\/li>\n<li data-start=\"107\" data-end=\"220\"><strong data-start=\"109\" data-end=\"130\" data-is-only-node=\"\">Kvaliteetsest materjalist<\/strong> \u2013 Valmistatud kvaliteetsest anodeeritud alumiiniumist. Tald on roostevabast terasest, mis tagab vastupidavuse.<\/li>\n<li data-start=\"221\" data-end=\"321\"><strong data-start=\"223\" data-end=\"246\" data-is-only-node=\"\">Korrosioonikindel<\/strong> \u2013 Roostevaba teras tagab pikaajalise kaitse kulumise eest.<\/li>\n<li data-start=\"322\" data-end=\"421\"><strong data-start=\"280\" data-end=\"305\" data-is-only-node=\"\">Pikad horisontaalsed augud jaluse tallal<\/strong> \u2013 Takistavad liiva ja mustuse kogunemist, tagades hea haakuvuse saapatalla ja jaluse vahel.<\/li>\n<li data-start=\"422\" data-end=\"538\"><strong data-start=\"171\" data-end=\"209\" data-is-only-node=\"\">T\u00f5stetud lukustus- ja vabastamismehhanism<\/strong> \u2013 Lukustusmehhanism asub 1 cm k\u00f5rgemal tallast, v\u00e4ltides juhuslikku libisemist.<\/li>\n<li data-start=\"539\" data-end=\"643\"><strong data-start=\"541\" data-end=\"560\" data-is-only-node=\"\">Ergonoomiline tald<\/strong> \u2013 5 kraadine kalle toetab \u00f5iget asendit, v\u00e4hendades p\u00f5lve- ja vaagnavalu.<\/li>\n<li data-start=\"644\" data-end=\"725\" data-is-last-node=\"\"><strong data-start=\"646\" data-end=\"665\" data-is-only-node=\"\">Sujuv liikumine<\/strong> \u2013 Aitab saavutada parema liikuvus pahkluudes ja muudab ratsutamise mugavaks.<\/li>\n<li data-start=\"644\" data-end=\"725\" data-is-last-node=\"\"><strong data-start=\"456\" data-end=\"471\" data-is-only-node=\"\">Talla laius<\/strong> \u2013 12,5 cm tald tagab stabiilse jalaasendi.<\/li>\n<li data-start=\"644\" data-end=\"725\" data-is-last-node=\"\"><strong data-start=\"573\" data-end=\"598\" data-is-only-node=\"\">Maksimaalne kandev\u00f5ime<\/strong> \u2013 Ratsaniku kaal max 150 kg.<\/li>\n<li data-start=\"644\" data-end=\"725\" data-is-last-node=\"\"><strong data-start=\"628\" data-end=\"638\" data-is-only-node=\"\">Jaluste kaal<\/strong> \u2013 904 g tasakaalustatud soorituse tagamiseks.<\/li>\n<\/ul>","protected":false},"excerpt":{"rendered":"<p><a href=\"https:\/\/equidash.eu\/et\/tootesilt\/acavallo\/\"><img decoding=\"async\" style=\"height: 60px; margin-top: 20px;\" src=\"https:\/\/equidash.eu\/wp-content\/uploads\/2025\/02\/Acavallo-Logo-Contratto-Large_positivo.png\" alt=\"\" \/><\/a><\/p>","protected":false},"featured_media":3820,"template":"","meta":{"_acf_changed":false,"_joinchat":[]},"product_brand":[572],"product_cat":[27,216,220],"product_tag":[574,583,573],"class_list":{"0":"post-3802","1":"product","2":"type-product","3":"status-publish","4":"has-post-thumbnail","6":"product_brand-acavallo","7":"product_cat-horse","8":"product_cat-saddles-girths-stirrups","9":"product_cat-stirrups","10":"product_tag-acavallo","11":"product_tag-arena-aluplus","12":"product_tag-safety-stirrups","13":"pa_colors-aluminium","14":"pa_colors-antique-rose","15":"pa_colors-black","16":"pa_colors-black-gray","17":"pa_colors-blue","18":"pa_colors-crimson-red","19":"pa_colors-golden-brown","20":"pa_colors-hunter-green","21":"pa_colors-orange","22":"pa_colors-sky-blue","23":"pa_colors-titanium","25":"first","26":"onbackorder","27":"taxable","28":"shipping-taxable","29":"purchasable","30":"product-type-variable"},"acf":[],"yoast_head":"<!-- This site is optimized with the Yoast SEO Premium plugin v26.2 (Yoast SEO v27.2) - https:\/\/yoast.com\/product\/yoast-seo-premium-wordpress\/ -->\n<title>Acavallo Safety Stirrups Arena Aluplus 2.0 | Parima hinnaga ratsavarustuse e-pood<\/title>\n<meta name=\"description\" content=\"Acavallo Safety Stirrups Arena Aluplus 2.0\" \/>\n<meta name=\"robots\" content=\"index, follow, max-snippet:-1, max-image-preview:large, max-video-preview:-1\" \/>\n<link rel=\"canonical\" href=\"https:\/\/equidash.eu\/et\/shop\/hobune\/acavallo-safety-stirrups-arena-aluplus-2-0\/\" \/>\n<meta property=\"og:locale\" content=\"et_EE\" \/>\n<meta property=\"og:type\" content=\"article\" \/>\n<meta property=\"og:title\" content=\"Acavallo Safety Stirrups Arena Aluplus 2.0\" \/>\n<meta property=\"og:description\" content=\"Acavallo Safety Stirrups Arena Aluplus 2.0\" \/>\n<meta property=\"og:url\" content=\"https:\/\/equidash.eu\/et\/shop\/hobune\/acavallo-safety-stirrups-arena-aluplus-2-0\/\" \/>\n<meta property=\"og:site_name\" content=\"Parima hinnaga ratsavarustuse e-pood\" \/>\n<meta property=\"article:publisher\" content=\"https:\/\/www.facebook.com\/people\/EquiDash\/61560864479586\/\" \/>\n<meta property=\"article:modified_time\" content=\"2025-02-26T11:52:10+00:00\" \/>\n<meta property=\"og:image\" content=\"https:\/\/equidash.eu\/wp-content\/uploads\/2025\/02\/Acavallo_Arena-Aluplus-2-0_Antique-Rose-1.jpg\" \/>\n\t<meta property=\"og:image:width\" content=\"1500\" \/>\n\t<meta property=\"og:image:height\" content=\"1500\" \/>\n\t<meta property=\"og:image:type\" content=\"image\/jpeg\" \/>\n<meta name=\"twitter:card\" content=\"summary_large_image\" \/>\n<meta name=\"twitter:label1\" content=\"Availability\" \/>\n\t<meta name=\"twitter:data1\" content=\"On backorder\" \/>\n<script type=\"application\/ld+json\" class=\"yoast-schema-graph\">{\"@context\":\"https:\/\/schema.org\",\"@graph\":[{\"@type\":\"WebPage\",\"@id\":\"https:\/\/equidash.eu\/shop\/horse\/acavallo-safety-stirrups-arena-aluplus-2-0\/\",\"url\":\"https:\/\/equidash.eu\/shop\/horse\/acavallo-safety-stirrups-arena-aluplus-2-0\/\",\"name\":\"Acavallo Safety Stirrups Arena Aluplus 2.0 | Parima hinnaga ratsavarustuse e-pood\",\"isPartOf\":{\"@id\":\"https:\/\/equidash.eu\/#website\"},\"primaryImageOfPage\":{\"@id\":\"https:\/\/equidash.eu\/shop\/horse\/acavallo-safety-stirrups-arena-aluplus-2-0\/#primaryimage\"},\"image\":{\"@id\":\"https:\/\/equidash.eu\/shop\/horse\/acavallo-safety-stirrups-arena-aluplus-2-0\/#primaryimage\"},\"thumbnailUrl\":\"https:\/\/equidash.eu\/wp-content\/uploads\/2025\/02\/Acavallo_Arena-Aluplus-2-0_Antique-Rose-1.jpg\",\"datePublished\":\"2025-02-26T11:16:42+00:00\",\"dateModified\":\"2025-02-26T11:52:10+00:00\",\"description\":\"Acavallo Safety Stirrups Arena Aluplus 2.0\",\"breadcrumb\":{\"@id\":\"https:\/\/equidash.eu\/shop\/horse\/acavallo-safety-stirrups-arena-aluplus-2-0\/#breadcrumb\"},\"inLanguage\":\"et\",\"potentialAction\":[{\"@type\":\"ReadAction\",\"target\":[\"https:\/\/equidash.eu\/shop\/horse\/acavallo-safety-stirrups-arena-aluplus-2-0\/\"]}]},{\"@type\":\"ImageObject\",\"inLanguage\":\"et\",\"@id\":\"https:\/\/equidash.eu\/shop\/horse\/acavallo-safety-stirrups-arena-aluplus-2-0\/#primaryimage\",\"url\":\"https:\/\/equidash.eu\/wp-content\/uploads\/2025\/02\/Acavallo_Arena-Aluplus-2-0_Antique-Rose-1.jpg\",\"contentUrl\":\"https:\/\/equidash.eu\/wp-content\/uploads\/2025\/02\/Acavallo_Arena-Aluplus-2-0_Antique-Rose-1.jpg\",\"width\":1500,\"height\":1500,\"caption\":\"Acavallo Arena Aluplus 2.0 \u2013 innovaatilised turvajalused, mis tagavad haarduvuse, mugavuse ja ohutuse igas olukorras! V\u00e4rvus roosa\"},{\"@type\":\"BreadcrumbList\",\"@id\":\"https:\/\/equidash.eu\/shop\/horse\/acavallo-safety-stirrups-arena-aluplus-2-0\/#breadcrumb\",\"itemListElement\":[{\"@type\":\"ListItem\",\"position\":1,\"name\":\"Home\",\"item\":\"https:\/\/equidash.eu\/\"},{\"@type\":\"ListItem\",\"position\":2,\"name\":\"Shop\",\"item\":\"https:\/\/equidash.eu\/shop\/\"},{\"@type\":\"ListItem\",\"position\":3,\"name\":\"Acavallo Safety Stirrups Arena Aluplus 2.0\"}]},{\"@type\":\"WebSite\",\"@id\":\"https:\/\/equidash.eu\/#website\",\"url\":\"https:\/\/equidash.eu\/\",\"name\":\"EquiDash\",\"description\":\"Horse Riding Equipment and Accessories\",\"publisher\":{\"@id\":\"https:\/\/equidash.eu\/#organization\"},\"alternateName\":\"EquiDash\",\"potentialAction\":[{\"@type\":\"SearchAction\",\"target\":{\"@type\":\"EntryPoint\",\"urlTemplate\":\"https:\/\/equidash.eu\/?s={search_term_string}\"},\"query-input\":{\"@type\":\"PropertyValueSpecification\",\"valueRequired\":true,\"valueName\":\"search_term_string\"}}],\"inLanguage\":\"et\"},{\"@type\":\"Organization\",\"@id\":\"https:\/\/equidash.eu\/#organization\",\"name\":\"EquiDash\",\"alternateName\":\"EquiDash\",\"url\":\"https:\/\/equidash.eu\/\",\"logo\":{\"@type\":\"ImageObject\",\"inLanguage\":\"et\",\"@id\":\"https:\/\/equidash.eu\/#\/schema\/logo\/image\/\",\"url\":\"https:\/\/equidash.eu\/wp-content\/uploads\/2024\/09\/EQUIDASH_Logo_Raud-1.png\",\"contentUrl\":\"https:\/\/equidash.eu\/wp-content\/uploads\/2024\/09\/EQUIDASH_Logo_Raud-1.png\",\"width\":393,\"height\":422,\"caption\":\"EquiDash\"},\"image\":{\"@id\":\"https:\/\/equidash.eu\/#\/schema\/logo\/image\/\"},\"sameAs\":[\"https:\/\/www.facebook.com\/people\/EquiDash\/61560864479586\/\",\"https:\/\/www.instagram.com\/equidash.eshop\/\"],\"email\":\"info@equidash.eu\",\"telephone\":\"+372 59007334\",\"legalName\":\"Takian Corporation O\u00dc\",\"foundingDate\":\"2020-10-21\",\"vatID\":\"EE102301283\",\"numberOfEmployees\":{\"@type\":\"QuantitativeValue\",\"minValue\":\"1\",\"maxValue\":\"10\"},\"hasMerchantReturnPolicy\":{\"@type\":\"MerchantReturnPolicy\",\"merchantReturnLink\":\"https:\/\/equidash.eu\/et\/return-privacy\/\"}}]}<\/script>\n<meta property=\"product:brand\" content=\"Acavallo\" \/>\n<meta property=\"og:availability\" content=\"backorder\" \/>\n<meta property=\"product:availability\" content=\"available for order\" \/>\n<meta property=\"product:retailer_item_id\" content=\"AC609\" \/>\n<meta property=\"product:condition\" content=\"new\" \/>\n<!-- \/ Yoast SEO Premium plugin. -->","yoast_head_json":{"title":"Acavallo Safety Stirrups Arena Aluplus 2.0 | Parima hinnaga ratsavarustuse e-pood","description":"Acavallo turvajalused Arena Aluplus 2.0","robots":{"index":"index","follow":"follow","max-snippet":"max-snippet:-1","max-image-preview":"max-image-preview:large","max-video-preview":"max-video-preview:-1"},"canonical":"https:\/\/equidash.eu\/et\/shop\/hobune\/acavallo-safety-stirrups-arena-aluplus-2-0\/","og_locale":"et_EE","og_type":"article","og_title":"Acavallo Safety Stirrups Arena Aluplus 2.0","og_description":"Acavallo Safety Stirrups Arena Aluplus 2.0","og_url":"https:\/\/equidash.eu\/et\/shop\/hobune\/acavallo-safety-stirrups-arena-aluplus-2-0\/","og_site_name":"Parima hinnaga ratsavarustuse e-pood","article_publisher":"https:\/\/www.facebook.com\/people\/EquiDash\/61560864479586\/","article_modified_time":"2025-02-26T11:52:10+00:00","og_image":[{"width":1500,"height":1500,"url":"https:\/\/equidash.eu\/wp-content\/uploads\/2025\/02\/Acavallo_Arena-Aluplus-2-0_Antique-Rose-1.jpg","type":"image\/jpeg"}],"twitter_card":"summary_large_image","twitter_misc":{"Availability":"On backorder"},"schema":{"@context":"https:\/\/schema.org","@graph":[{"@type":"WebPage","@id":"https:\/\/equidash.eu\/shop\/horse\/acavallo-safety-stirrups-arena-aluplus-2-0\/","url":"https:\/\/equidash.eu\/shop\/horse\/acavallo-safety-stirrups-arena-aluplus-2-0\/","name":"Acavallo Safety Stirrups Arena Aluplus 2.0 | Parima hinnaga ratsavarustuse e-pood","isPartOf":{"@id":"https:\/\/equidash.eu\/#website"},"primaryImageOfPage":{"@id":"https:\/\/equidash.eu\/shop\/horse\/acavallo-safety-stirrups-arena-aluplus-2-0\/#primaryimage"},"image":{"@id":"https:\/\/equidash.eu\/shop\/horse\/acavallo-safety-stirrups-arena-aluplus-2-0\/#primaryimage"},"thumbnailUrl":"https:\/\/equidash.eu\/wp-content\/uploads\/2025\/02\/Acavallo_Arena-Aluplus-2-0_Antique-Rose-1.jpg","datePublished":"2025-02-26T11:16:42+00:00","dateModified":"2025-02-26T11:52:10+00:00","description":"Acavallo turvajalused Arena Aluplus 2.0","breadcrumb":{"@id":"https:\/\/equidash.eu\/shop\/horse\/acavallo-safety-stirrups-arena-aluplus-2-0\/#breadcrumb"},"inLanguage":"et","potentialAction":[{"@type":"ReadAction","target":["https:\/\/equidash.eu\/shop\/horse\/acavallo-safety-stirrups-arena-aluplus-2-0\/"]}]},{"@type":"ImageObject","inLanguage":"et","@id":"https:\/\/equidash.eu\/shop\/horse\/acavallo-safety-stirrups-arena-aluplus-2-0\/#primaryimage","url":"https:\/\/equidash.eu\/wp-content\/uploads\/2025\/02\/Acavallo_Arena-Aluplus-2-0_Antique-Rose-1.jpg","contentUrl":"https:\/\/equidash.eu\/wp-content\/uploads\/2025\/02\/Acavallo_Arena-Aluplus-2-0_Antique-Rose-1.jpg","width":1500,"height":1500,"caption":"Acavallo Arena Aluplus 2.0 \u2013 innovaatilised turvajalused, mis tagavad haarduvuse, mugavuse ja ohutuse igas olukorras! V\u00e4rvus roosa"},{"@type":"BreadcrumbList","@id":"https:\/\/equidash.eu\/shop\/horse\/acavallo-safety-stirrups-arena-aluplus-2-0\/#breadcrumb","itemListElement":[{"@type":"ListItem","position":1,"name":"Home","item":"https:\/\/equidash.eu\/"},{"@type":"ListItem","position":2,"name":"Shop","item":"https:\/\/equidash.eu\/shop\/"},{"@type":"ListItem","position":3,"name":"Acavallo Safety Stirrups Arena Aluplus 2.0"}]},{"@type":"WebSite","@id":"https:\/\/equidash.eu\/#website","url":"https:\/\/equidash.eu\/","name":"EquiDash","description":"Horse Riding Equipment and Accessories","publisher":{"@id":"https:\/\/equidash.eu\/#organization"},"alternateName":"EquiDash","potentialAction":[{"@type":"SearchAction","target":{"@type":"EntryPoint","urlTemplate":"https:\/\/equidash.eu\/?s={search_term_string}"},"query-input":{"@type":"PropertyValueSpecification","valueRequired":true,"valueName":"search_term_string"}}],"inLanguage":"et"},{"@type":"Organization","@id":"https:\/\/equidash.eu\/#organization","name":"EquiDash","alternateName":"EquiDash","url":"https:\/\/equidash.eu\/","logo":{"@type":"ImageObject","inLanguage":"et","@id":"https:\/\/equidash.eu\/#\/schema\/logo\/image\/","url":"https:\/\/equidash.eu\/wp-content\/uploads\/2024\/09\/EQUIDASH_Logo_Raud-1.png","contentUrl":"https:\/\/equidash.eu\/wp-content\/uploads\/2024\/09\/EQUIDASH_Logo_Raud-1.png","width":393,"height":422,"caption":"EquiDash"},"image":{"@id":"https:\/\/equidash.eu\/#\/schema\/logo\/image\/"},"sameAs":["https:\/\/www.facebook.com\/people\/EquiDash\/61560864479586\/","https:\/\/www.instagram.com\/equidash.eshop\/"],"email":"info@equidash.eu","telephone":"+372 59007334","legalName":"Takian Corporation O\u00dc","foundingDate":"2020-10-21","vatID":"EE102301283","numberOfEmployees":{"@type":"QuantitativeValue","minValue":"1","maxValue":"10"},"hasMerchantReturnPolicy":{"@type":"MerchantReturnPolicy","merchantReturnLink":"https:\/\/equidash.eu\/et\/return-privacy\/"}}]},"product_brand":"Acavallo","og_availability":"backorder","product_availability":"available for order","product_retailer_item_id":"AC609","product_condition":"new"},"_links":{"self":[{"href":"https:\/\/equidash.eu\/et\/wp-json\/wp\/v2\/product\/3802","targetHints":{"allow":["GET"]}}],"collection":[{"href":"https:\/\/equidash.eu\/et\/wp-json\/wp\/v2\/product"}],"about":[{"href":"https:\/\/equidash.eu\/et\/wp-json\/wp\/v2\/types\/product"}],"wp:featuredmedia":[{"embeddable":true,"href":"https:\/\/equidash.eu\/et\/wp-json\/wp\/v2\/media\/3820"}],"wp:attachment":[{"href":"https:\/\/equidash.eu\/et\/wp-json\/wp\/v2\/media?parent=3802"}],"wp:term":[{"taxonomy":"product_brand","embeddable":true,"href":"https:\/\/equidash.eu\/et\/wp-json\/wp\/v2\/product_brand?post=3802"},{"taxonomy":"product_cat","embeddable":true,"href":"https:\/\/equidash.eu\/et\/wp-json\/wp\/v2\/product_cat?post=3802"},{"taxonomy":"product_tag","embeddable":true,"href":"https:\/\/equidash.eu\/et\/wp-json\/wp\/v2\/product_tag?post=3802"}],"curies":[{"name":"wp","href":"https:\/\/api.w.org\/{rel}","templated":true}]}}