{"id":3846,"date":"2025-02-27T19:51:40","date_gmt":"2025-02-27T17:51:40","guid":{"rendered":"https:\/\/equidash.eu\/?post_type=product&#038;p=3846"},"modified":"2025-06-09T12:23:23","modified_gmt":"2025-06-09T10:23:23","slug":"lami-cell-fly-mask-lycra","status":"publish","type":"product","link":"https:\/\/equidash.eu\/et\/shop\/horse\/lami-cell-fly-mask-lycra\/","title":{"rendered":"Lami-Cell Fly mask Lycra"},"content":{"rendered":"<p>The Lami-Cell Lycra Fly Mask protects your horse from flies while ensuring maximum comfort. The mask features mesh inlays over the eyes and ears for better ventilation. Soft, flexible Lycra prevents rubbing. A bottom zipper allows quick and easy fitting, while a nose loop makes removal effortless.<\/p>\n<ul>\n<li>Soft, stretchy Lycra material for unbeatable comfort<\/li>\n<li>Mesh eyes for maximum visibility and protection<\/li>\n<li>Mesh ear openings for ventilation and protection<\/li>\n<li>Durable stitching around edges<\/li>\n<li>Tab at nose for easy removal<\/li>\n<li>Zipper closure under chin<\/li>\n<\/ul>\n<p>Availabe in Black, Blue, Grey, Green, Pink<\/p>","protected":false},"excerpt":{"rendered":"<p class=\"ai-optimize-23 ai-optimize-introduction\"><a href=\"https:\/\/equidash.eu\/et\/tootesilt\/lami-cell\/\"><img decoding=\"async\" style=\"height: 60px; margin-top: 20px;\" src=\"https:\/\/equidash.eu\/wp-content\/uploads\/2024\/10\/lamicell-logo-1.png\" alt=\"\" \/><\/a><\/p>","protected":false},"featured_media":3876,"template":"","meta":{"_acf_changed":false,"_joinchat":[]},"product_brand":[512],"product_cat":[240,242,27],"product_tag":[584,273,450],"class_list":{"0":"post-3846","1":"product","2":"type-product","3":"status-publish","4":"has-post-thumbnail","6":"product_brand-lami-cell","7":"product_cat-ear-bonnet-fly-veils","8":"product_cat-fly-masks","9":"product_cat-horse","10":"product_tag-fly-mask","11":"product_tag-lami-cell","12":"product_tag-summer","13":"pa_colors-black","14":"pa_colors-blue","15":"pa_colors-gray","16":"pa_colors-green","17":"pa_colors-pink","18":"pa_size-cob","19":"pa_size-foal","20":"pa_size-full","21":"pa_size-pony","22":"pa_size-xfull","24":"first","25":"instock","26":"taxable","27":"shipping-taxable","28":"purchasable","29":"product-type-variable"},"acf":[],"yoast_head":"<!-- This site is optimized with the Yoast SEO Premium plugin v26.2 (Yoast SEO v27.2) - https:\/\/yoast.com\/product\/yoast-seo-premium-wordpress\/ -->\n<title>Lami-Cell Fly mask Lycra | Parima hinnaga ratsavarustuse e-pood<\/title>\n<meta name=\"description\" content=\"Lami-Cell Fly mask Lycra | Lukuga mugavast strech l\u00fckra materjalist putukamask hobustele. Silmade ja k\u00f5rvade osa v\u00f5rkmaterjalist.\" \/>\n<meta name=\"robots\" content=\"index, follow, max-snippet:-1, max-image-preview:large, max-video-preview:-1\" \/>\n<link rel=\"canonical\" href=\"https:\/\/equidash.eu\/et\/shop\/hobune\/lami-cell-fly-mask-lycra\/\" \/>\n<meta property=\"og:locale\" content=\"et_EE\" \/>\n<meta property=\"og:type\" content=\"article\" \/>\n<meta property=\"og:title\" content=\"Lami-Cell Fly mask Lycra\" \/>\n<meta property=\"og:description\" content=\"Lami-Cell Fly mask Lycra | Lukuga mugavast strech l\u00fckra materjalist putukamask hobustele. Silmade ja k\u00f5rvade osa v\u00f5rkmaterjalist.\" \/>\n<meta property=\"og:url\" content=\"https:\/\/equidash.eu\/et\/shop\/hobune\/lami-cell-fly-mask-lycra\/\" \/>\n<meta property=\"og:site_name\" content=\"Parima hinnaga ratsavarustuse e-pood\" \/>\n<meta property=\"article:publisher\" content=\"https:\/\/www.facebook.com\/people\/EquiDash\/61560864479586\/\" \/>\n<meta property=\"article:modified_time\" content=\"2025-06-09T10:23:23+00:00\" \/>\n<meta property=\"og:image\" content=\"https:\/\/equidash.eu\/wp-content\/uploads\/2025\/02\/Lami-Cell_Fly-mask_Lycra_Blue_1.jpg.jpg\" \/>\n\t<meta property=\"og:image:width\" content=\"2560\" \/>\n\t<meta property=\"og:image:height\" content=\"2560\" \/>\n\t<meta property=\"og:image:type\" content=\"image\/jpeg\" \/>\n<meta name=\"twitter:card\" content=\"summary_large_image\" \/>\n<meta name=\"twitter:label1\" content=\"Availability\" \/>\n\t<meta name=\"twitter:data1\" content=\"In stock\" \/>\n<script type=\"application\/ld+json\" class=\"yoast-schema-graph\">{\"@context\":\"https:\/\/schema.org\",\"@graph\":[{\"@type\":\"WebPage\",\"@id\":\"https:\/\/equidash.eu\/shop\/horse\/lami-cell-fly-mask-lycra\/\",\"url\":\"https:\/\/equidash.eu\/shop\/horse\/lami-cell-fly-mask-lycra\/\",\"name\":\"Lami-Cell Fly mask Lycra | Parima hinnaga ratsavarustuse e-pood\",\"isPartOf\":{\"@id\":\"https:\/\/equidash.eu\/#website\"},\"primaryImageOfPage\":{\"@id\":\"https:\/\/equidash.eu\/shop\/horse\/lami-cell-fly-mask-lycra\/#primaryimage\"},\"image\":{\"@id\":\"https:\/\/equidash.eu\/shop\/horse\/lami-cell-fly-mask-lycra\/#primaryimage\"},\"thumbnailUrl\":\"https:\/\/equidash.eu\/wp-content\/uploads\/2025\/02\/Lami-Cell_Fly-mask_Lycra_Blue_1.jpg.jpg\",\"datePublished\":\"2025-02-27T17:51:40+00:00\",\"dateModified\":\"2025-06-09T10:23:23+00:00\",\"description\":\"Lami-Cell Fly mask Lycra | Lukuga mugavast strech l\u00fckra materjalist putukamask hobustele. Silmade ja k\u00f5rvade osa v\u00f5rkmaterjalist.\",\"breadcrumb\":{\"@id\":\"https:\/\/equidash.eu\/shop\/horse\/lami-cell-fly-mask-lycra\/#breadcrumb\"},\"inLanguage\":\"et\",\"potentialAction\":[{\"@type\":\"ReadAction\",\"target\":[\"https:\/\/equidash.eu\/shop\/horse\/lami-cell-fly-mask-lycra\/\"]}]},{\"@type\":\"ImageObject\",\"inLanguage\":\"et\",\"@id\":\"https:\/\/equidash.eu\/shop\/horse\/lami-cell-fly-mask-lycra\/#primaryimage\",\"url\":\"https:\/\/equidash.eu\/wp-content\/uploads\/2025\/02\/Lami-Cell_Fly-mask_Lycra_Blue_1.jpg.jpg\",\"contentUrl\":\"https:\/\/equidash.eu\/wp-content\/uploads\/2025\/02\/Lami-Cell_Fly-mask_Lycra_Blue_1.jpg.jpg\",\"width\":2560,\"height\":2560},{\"@type\":\"BreadcrumbList\",\"@id\":\"https:\/\/equidash.eu\/shop\/horse\/lami-cell-fly-mask-lycra\/#breadcrumb\",\"itemListElement\":[{\"@type\":\"ListItem\",\"position\":1,\"name\":\"Home\",\"item\":\"https:\/\/equidash.eu\/\"},{\"@type\":\"ListItem\",\"position\":2,\"name\":\"Shop\",\"item\":\"https:\/\/equidash.eu\/shop\/\"},{\"@type\":\"ListItem\",\"position\":3,\"name\":\"Lami-Cell Fly mask Lycra\"}]},{\"@type\":\"WebSite\",\"@id\":\"https:\/\/equidash.eu\/#website\",\"url\":\"https:\/\/equidash.eu\/\",\"name\":\"EquiDash\",\"description\":\"Horse Riding Equipment and Accessories\",\"publisher\":{\"@id\":\"https:\/\/equidash.eu\/#organization\"},\"alternateName\":\"EquiDash\",\"potentialAction\":[{\"@type\":\"SearchAction\",\"target\":{\"@type\":\"EntryPoint\",\"urlTemplate\":\"https:\/\/equidash.eu\/?s={search_term_string}\"},\"query-input\":{\"@type\":\"PropertyValueSpecification\",\"valueRequired\":true,\"valueName\":\"search_term_string\"}}],\"inLanguage\":\"et\"},{\"@type\":\"Organization\",\"@id\":\"https:\/\/equidash.eu\/#organization\",\"name\":\"EquiDash\",\"alternateName\":\"EquiDash\",\"url\":\"https:\/\/equidash.eu\/\",\"logo\":{\"@type\":\"ImageObject\",\"inLanguage\":\"et\",\"@id\":\"https:\/\/equidash.eu\/#\/schema\/logo\/image\/\",\"url\":\"https:\/\/equidash.eu\/wp-content\/uploads\/2024\/09\/EQUIDASH_Logo_Raud-1.png\",\"contentUrl\":\"https:\/\/equidash.eu\/wp-content\/uploads\/2024\/09\/EQUIDASH_Logo_Raud-1.png\",\"width\":393,\"height\":422,\"caption\":\"EquiDash\"},\"image\":{\"@id\":\"https:\/\/equidash.eu\/#\/schema\/logo\/image\/\"},\"sameAs\":[\"https:\/\/www.facebook.com\/people\/EquiDash\/61560864479586\/\",\"https:\/\/www.instagram.com\/equidash.eshop\/\"],\"email\":\"info@equidash.eu\",\"telephone\":\"+372 59007334\",\"legalName\":\"Takian Corporation O\u00dc\",\"foundingDate\":\"2020-10-21\",\"vatID\":\"EE102301283\",\"numberOfEmployees\":{\"@type\":\"QuantitativeValue\",\"minValue\":\"1\",\"maxValue\":\"10\"},\"hasMerchantReturnPolicy\":{\"@type\":\"MerchantReturnPolicy\",\"merchantReturnLink\":\"https:\/\/equidash.eu\/et\/return-privacy\/\"}}]}<\/script>\n<meta property=\"product:brand\" content=\"Lami-Cell\" \/>\n<meta property=\"og:availability\" content=\"instock\" \/>\n<meta property=\"product:availability\" content=\"instock\" \/>\n<meta property=\"product:retailer_item_id\" content=\"290103\" \/>\n<meta property=\"product:condition\" content=\"new\" \/>\n<!-- \/ Yoast SEO Premium plugin. -->","yoast_head_json":{"title":"Lami-Cell Fly mask Lycra | Parima hinnaga ratsavarustuse e-pood","description":"Lami-Cell Fly mask Lycra | Lukuga mugavast strech l\u00fckra materjalist putukamask hobustele. Silmade ja k\u00f5rvade osa v\u00f5rkmaterjalist.","robots":{"index":"index","follow":"follow","max-snippet":"max-snippet:-1","max-image-preview":"max-image-preview:large","max-video-preview":"max-video-preview:-1"},"canonical":"https:\/\/equidash.eu\/et\/shop\/hobune\/lami-cell-fly-mask-lycra\/","og_locale":"et_EE","og_type":"article","og_title":"Lami-Cell Fly mask Lycra","og_description":"Lami-Cell Fly mask Lycra | Lukuga mugavast strech l\u00fckra materjalist putukamask hobustele. Silmade ja k\u00f5rvade osa v\u00f5rkmaterjalist.","og_url":"https:\/\/equidash.eu\/et\/shop\/hobune\/lami-cell-fly-mask-lycra\/","og_site_name":"Parima hinnaga ratsavarustuse e-pood","article_publisher":"https:\/\/www.facebook.com\/people\/EquiDash\/61560864479586\/","article_modified_time":"2025-06-09T10:23:23+00:00","og_image":[{"width":2560,"height":2560,"url":"https:\/\/equidash.eu\/wp-content\/uploads\/2025\/02\/Lami-Cell_Fly-mask_Lycra_Blue_1.jpg.jpg","type":"image\/jpeg"}],"twitter_card":"summary_large_image","twitter_misc":{"Availability":"In stock"},"schema":{"@context":"https:\/\/schema.org","@graph":[{"@type":"WebPage","@id":"https:\/\/equidash.eu\/shop\/horse\/lami-cell-fly-mask-lycra\/","url":"https:\/\/equidash.eu\/shop\/horse\/lami-cell-fly-mask-lycra\/","name":"Lami-Cell Fly mask Lycra | Parima hinnaga ratsavarustuse e-pood","isPartOf":{"@id":"https:\/\/equidash.eu\/#website"},"primaryImageOfPage":{"@id":"https:\/\/equidash.eu\/shop\/horse\/lami-cell-fly-mask-lycra\/#primaryimage"},"image":{"@id":"https:\/\/equidash.eu\/shop\/horse\/lami-cell-fly-mask-lycra\/#primaryimage"},"thumbnailUrl":"https:\/\/equidash.eu\/wp-content\/uploads\/2025\/02\/Lami-Cell_Fly-mask_Lycra_Blue_1.jpg.jpg","datePublished":"2025-02-27T17:51:40+00:00","dateModified":"2025-06-09T10:23:23+00:00","description":"Lami-Cell Fly mask Lycra | Lukuga mugavast strech l\u00fckra materjalist putukamask hobustele. Silmade ja k\u00f5rvade osa v\u00f5rkmaterjalist.","breadcrumb":{"@id":"https:\/\/equidash.eu\/shop\/horse\/lami-cell-fly-mask-lycra\/#breadcrumb"},"inLanguage":"et","potentialAction":[{"@type":"ReadAction","target":["https:\/\/equidash.eu\/shop\/horse\/lami-cell-fly-mask-lycra\/"]}]},{"@type":"ImageObject","inLanguage":"et","@id":"https:\/\/equidash.eu\/shop\/horse\/lami-cell-fly-mask-lycra\/#primaryimage","url":"https:\/\/equidash.eu\/wp-content\/uploads\/2025\/02\/Lami-Cell_Fly-mask_Lycra_Blue_1.jpg.jpg","contentUrl":"https:\/\/equidash.eu\/wp-content\/uploads\/2025\/02\/Lami-Cell_Fly-mask_Lycra_Blue_1.jpg.jpg","width":2560,"height":2560},{"@type":"BreadcrumbList","@id":"https:\/\/equidash.eu\/shop\/horse\/lami-cell-fly-mask-lycra\/#breadcrumb","itemListElement":[{"@type":"ListItem","position":1,"name":"Home","item":"https:\/\/equidash.eu\/"},{"@type":"ListItem","position":2,"name":"Shop","item":"https:\/\/equidash.eu\/shop\/"},{"@type":"ListItem","position":3,"name":"Lami-Cell Fly mask Lycra"}]},{"@type":"WebSite","@id":"https:\/\/equidash.eu\/#website","url":"https:\/\/equidash.eu\/","name":"EquiDash","description":"Horse Riding Equipment and Accessories","publisher":{"@id":"https:\/\/equidash.eu\/#organization"},"alternateName":"EquiDash","potentialAction":[{"@type":"SearchAction","target":{"@type":"EntryPoint","urlTemplate":"https:\/\/equidash.eu\/?s={search_term_string}"},"query-input":{"@type":"PropertyValueSpecification","valueRequired":true,"valueName":"search_term_string"}}],"inLanguage":"et"},{"@type":"Organization","@id":"https:\/\/equidash.eu\/#organization","name":"EquiDash","alternateName":"EquiDash","url":"https:\/\/equidash.eu\/","logo":{"@type":"ImageObject","inLanguage":"et","@id":"https:\/\/equidash.eu\/#\/schema\/logo\/image\/","url":"https:\/\/equidash.eu\/wp-content\/uploads\/2024\/09\/EQUIDASH_Logo_Raud-1.png","contentUrl":"https:\/\/equidash.eu\/wp-content\/uploads\/2024\/09\/EQUIDASH_Logo_Raud-1.png","width":393,"height":422,"caption":"EquiDash"},"image":{"@id":"https:\/\/equidash.eu\/#\/schema\/logo\/image\/"},"sameAs":["https:\/\/www.facebook.com\/people\/EquiDash\/61560864479586\/","https:\/\/www.instagram.com\/equidash.eshop\/"],"email":"info@equidash.eu","telephone":"+372 59007334","legalName":"Takian Corporation O\u00dc","foundingDate":"2020-10-21","vatID":"EE102301283","numberOfEmployees":{"@type":"QuantitativeValue","minValue":"1","maxValue":"10"},"hasMerchantReturnPolicy":{"@type":"MerchantReturnPolicy","merchantReturnLink":"https:\/\/equidash.eu\/et\/return-privacy\/"}}]},"product_brand":"Lami-Cell","og_availability":"instock","product_availability":"instock","product_retailer_item_id":"290103","product_condition":"new"},"_links":{"self":[{"href":"https:\/\/equidash.eu\/et\/wp-json\/wp\/v2\/product\/3846","targetHints":{"allow":["GET"]}}],"collection":[{"href":"https:\/\/equidash.eu\/et\/wp-json\/wp\/v2\/product"}],"about":[{"href":"https:\/\/equidash.eu\/et\/wp-json\/wp\/v2\/types\/product"}],"wp:featuredmedia":[{"embeddable":true,"href":"https:\/\/equidash.eu\/et\/wp-json\/wp\/v2\/media\/3876"}],"wp:attachment":[{"href":"https:\/\/equidash.eu\/et\/wp-json\/wp\/v2\/media?parent=3846"}],"wp:term":[{"taxonomy":"product_brand","embeddable":true,"href":"https:\/\/equidash.eu\/et\/wp-json\/wp\/v2\/product_brand?post=3846"},{"taxonomy":"product_cat","embeddable":true,"href":"https:\/\/equidash.eu\/et\/wp-json\/wp\/v2\/product_cat?post=3846"},{"taxonomy":"product_tag","embeddable":true,"href":"https:\/\/equidash.eu\/et\/wp-json\/wp\/v2\/product_tag?post=3846"}],"curies":[{"name":"wp","href":"https:\/\/api.w.org\/{rel}","templated":true}]}}