{"id":3888,"date":"2025-02-28T00:10:50","date_gmt":"2025-02-27T22:10:50","guid":{"rendered":"https:\/\/equidash.eu\/?post_type=product&#038;p=3888"},"modified":"2025-02-28T00:10:53","modified_gmt":"2025-02-27T22:10:53","slug":"ps-of-sweden-bridle-london","status":"publish","type":"product","link":"https:\/\/equidash.eu\/et\/shop\/horse\/saddle-pads-horse\/ps-of-sweden-bridle-london\/","title":{"rendered":"PS of Sweden valjad London"},"content":{"rendered":"<p>PS of Sweden anatoomilised valjad London on elegantsed ja kvaliteetsed valjad, millel on lame, minimalistlik ninarihm ja diskreetselt kaunistatud otsmikurihm, millel on PS-logo. P\u00f5serihma metallist kl\u00f5psu osa, kuhu kinnitub suuline, on kaetud l\u00e4bipaistva kummikattega, et minimeerida metalli vahel tekkida v\u00f5ivat heli.<\/p>\n<p><strong>NINARIHM <\/strong><\/p>\n<p>Ninarihm on valmistatud Itaalia nahast ja kinnitub sujuvalt alt pandlaga, mis on kaetud pehme nahaga, et v\u00e4ltida v\u00f5imalikku h\u00f5\u00f5rdumist ja otsest survet l\u00f5ualuule. Ristkapsel on eemaldatav. Ideaalne, kui kasutad sama valjast erinevatel hobusel v\u00f5i kui sinu hobune vajab ristkapslit vaid aeg-ajalt.<\/p>\n<p><strong>KUKLARIHM <\/strong><\/p>\n<p>Kuklarihm on konstrueeritud \u00f5hukanaliga kuklal ja kaela k\u00f5rgeimal osal, et tagada maksimaalne vabadus kaela tundlikele n\u00e4rviteedele, lihaskinnitustele ja sidemetele. Polsterdatud servad hoiavad kuklarihma paigal, v\u00e4ltides survet ja h\u00f5\u00f5rdumist. Samuti on see anatoomilise kujuga k\u00f5rvade \u00fcmber. \u00dclaosas on v\u00e4ljal\u00f5ige, mis jaotab survet \u00fchtlaselt kogu kuklarihmale.<\/p>\n<p><strong>P\u00d5SERIHMAD <\/strong><\/p>\n<p>Valjastel on lihtne kl\u00f5psuga kinnitatavad p\u00f5serihmad, mis hoiavad suulisi paigal. Suulise kinnituste kl\u00f5psud on kaetud l\u00e4bipaistva kummikattega, et v\u00e4hendada metalli vahel tekkivat heli ja tagada suulise stabiilsust. Need valjad on ideaalne valik ratsanikele, kes vahetavad sageli suuliseid, kuna kl\u00f5psuga p\u00f5serihma lihtne disain v\u00f5imaldab kiiret ja lihtsat suulise vahetust.<\/p>\n<p><strong>OTSMIKURIHM<\/strong><\/p>\n<p>Otsmikurihm on kumera l\u00f5ikega, ning sobitub h\u00e4sti pea kujuga.<\/p>\n<p><strong>MATERJAL &amp; HOOLDUS<\/strong><\/p>\n<ul>\n<li>Spanish, vegetable-tanned leather.<\/li>\n<li>Each bridle is a handmade unique piece.<\/li>\n<li>We recommend the bridle to be treated with oil prior to the first use in order to protect and maintain the high quality of the leather.<\/li>\n<li>Leather is a natural product that develops over time and may darken slightly when oiled.<\/li>\n<\/ul>\n<p><strong>Soovitatav hobustele, kes:<\/strong><\/p>\n<ul>\n<li>Are stable and easy to ride<\/li>\n<li>Rides on many different bits<\/li>\n<li>Don&#8217;t like feeling trapped<\/li>\n<li>Need the support from a flash strap<\/li>\n<li>Are young and\/or inexperienced and in the need of a comfortable first noseband<\/li>\n<\/ul>\n<p><strong>How to fit your bridle:<\/strong><\/p>\n<ul>\n<li>Look at our size guide prior to your purchase.<\/li>\n<li>Put the bridle on your horse. Keep all hang tags on the bridle.<\/li>\n<li>If the bridle fits well then you can remove the hang tags, treat the bridle with oil, and then start using it.<\/li>\n<li>If the bridle <em>doesn\u2019t <\/em>fit and you need to change the size, do <em>not<\/em> remove the hang tags and do <em>not<\/em> oil the leather, just send it back to us to make the exchange.<\/li>\n<\/ul>\n<p>Pange t\u00e4hele:<br \/>\n&#8211; Reins are not included with the bridle and needs to be purchased separately.<\/p>","protected":false},"excerpt":{"rendered":"<p><a href=\"https:\/\/equidash.eu\/et\/tootesilt\/ps-of-sweden\/\"><img decoding=\"async\" style=\"height: 60px; margin-top: 20px;\" src=\"https:\/\/equidash.eu\/wp-content\/uploads\/2024\/10\/PS_vaike-1.png\" alt=\"\" \/><\/a><\/p>","protected":false},"featured_media":3901,"template":"","meta":{"_acf_changed":false,"_joinchat":[]},"product_brand":[558],"product_cat":[198,197,196,27,186],"product_tag":[30,419,559],"class_list":{"0":"post-3888","1":"product","2":"type-product","3":"status-publish","4":"has-post-thumbnail","6":"product_brand-ps-of-sweden","7":"product_cat-anatomical-bridles-bridles-bridles-bits-horse","8":"product_cat-bridles-bridles-bits-horse","9":"product_cat-bridles-bits-horse","10":"product_cat-horse","11":"product_cat-saddle-pads-horse","12":"product_tag-jumping","13":"product_tag-london","14":"product_tag-ps-of-sweden","15":"pa_colors-black","16":"pa_colors-brown","17":"pa_size-cob","18":"pa_size-full","20":"first","21":"onbackorder","22":"taxable","23":"shipping-taxable","24":"purchasable","25":"product-type-variable"},"acf":[],"yoast_head":"<!-- This site is optimized with the Yoast SEO Premium plugin v26.2 (Yoast SEO v27.2) - https:\/\/yoast.com\/product\/yoast-seo-premium-wordpress\/ -->\n<title>PS of Sweden Bridle London | Parima hinnaga ratsavarustuse e-pood<\/title>\n<meta name=\"description\" content=\"PS of Sweden Bridle London\" \/>\n<meta name=\"robots\" content=\"index, follow, max-snippet:-1, max-image-preview:large, max-video-preview:-1\" \/>\n<link rel=\"canonical\" href=\"https:\/\/equidash.eu\/et\/shop\/hobune\/saddle-pads-horse\/ps-of-sweden-bridle-london\/\" \/>\n<meta property=\"og:locale\" content=\"et_EE\" \/>\n<meta property=\"og:type\" content=\"article\" \/>\n<meta property=\"og:title\" content=\"PS of Sweden Bridle London\" \/>\n<meta property=\"og:description\" content=\"PS of Sweden Bridle London\" \/>\n<meta property=\"og:url\" content=\"https:\/\/equidash.eu\/et\/shop\/hobune\/saddle-pads-horse\/ps-of-sweden-bridle-london\/\" \/>\n<meta property=\"og:site_name\" content=\"Parima hinnaga ratsavarustuse e-pood\" \/>\n<meta property=\"article:publisher\" content=\"https:\/\/www.facebook.com\/people\/EquiDash\/61560864479586\/\" \/>\n<meta property=\"article:modified_time\" content=\"2025-02-27T22:10:53+00:00\" \/>\n<meta property=\"og:image\" content=\"https:\/\/equidash.eu\/wp-content\/uploads\/2025\/02\/PSofSweden_Bridel_London_Brown_0.png\" \/>\n\t<meta property=\"og:image:width\" content=\"1080\" \/>\n\t<meta property=\"og:image:height\" content=\"1080\" \/>\n\t<meta property=\"og:image:type\" content=\"image\/png\" \/>\n<meta name=\"twitter:card\" content=\"summary_large_image\" \/>\n<meta name=\"twitter:label1\" content=\"Availability\" \/>\n\t<meta name=\"twitter:data1\" content=\"On backorder\" \/>\n<script type=\"application\/ld+json\" class=\"yoast-schema-graph\">{\"@context\":\"https:\/\/schema.org\",\"@graph\":[{\"@type\":\"WebPage\",\"@id\":\"https:\/\/equidash.eu\/shop\/horse\/saddle-pads-horse\/ps-of-sweden-bridle-london\/\",\"url\":\"https:\/\/equidash.eu\/shop\/horse\/saddle-pads-horse\/ps-of-sweden-bridle-london\/\",\"name\":\"PS of Sweden Bridle London | Parima hinnaga ratsavarustuse e-pood\",\"isPartOf\":{\"@id\":\"https:\/\/equidash.eu\/#website\"},\"primaryImageOfPage\":{\"@id\":\"https:\/\/equidash.eu\/shop\/horse\/saddle-pads-horse\/ps-of-sweden-bridle-london\/#primaryimage\"},\"image\":{\"@id\":\"https:\/\/equidash.eu\/shop\/horse\/saddle-pads-horse\/ps-of-sweden-bridle-london\/#primaryimage\"},\"thumbnailUrl\":\"https:\/\/equidash.eu\/wp-content\/uploads\/2025\/02\/PSofSweden_Bridel_London_Brown_0.png\",\"datePublished\":\"2025-02-27T22:10:50+00:00\",\"dateModified\":\"2025-02-27T22:10:53+00:00\",\"description\":\"PS of Sweden Bridle London\",\"breadcrumb\":{\"@id\":\"https:\/\/equidash.eu\/shop\/horse\/saddle-pads-horse\/ps-of-sweden-bridle-london\/#breadcrumb\"},\"inLanguage\":\"et\",\"potentialAction\":[{\"@type\":\"ReadAction\",\"target\":[\"https:\/\/equidash.eu\/shop\/horse\/saddle-pads-horse\/ps-of-sweden-bridle-london\/\"]}]},{\"@type\":\"ImageObject\",\"inLanguage\":\"et\",\"@id\":\"https:\/\/equidash.eu\/shop\/horse\/saddle-pads-horse\/ps-of-sweden-bridle-london\/#primaryimage\",\"url\":\"https:\/\/equidash.eu\/wp-content\/uploads\/2025\/02\/PSofSweden_Bridel_London_Brown_0.png\",\"contentUrl\":\"https:\/\/equidash.eu\/wp-content\/uploads\/2025\/02\/PSofSweden_Bridel_London_Brown_0.png\",\"width\":1080,\"height\":1080,\"caption\":\"PS of Sweden London valjad \u2013 stiilsed, mugavad ja anatoomilise disainiga ratsanikele, kes hindavad kvaliteeti! V\u00e4rvus pruun\"},{\"@type\":\"BreadcrumbList\",\"@id\":\"https:\/\/equidash.eu\/shop\/horse\/saddle-pads-horse\/ps-of-sweden-bridle-london\/#breadcrumb\",\"itemListElement\":[{\"@type\":\"ListItem\",\"position\":1,\"name\":\"Home\",\"item\":\"https:\/\/equidash.eu\/\"},{\"@type\":\"ListItem\",\"position\":2,\"name\":\"Shop\",\"item\":\"https:\/\/equidash.eu\/shop\/\"},{\"@type\":\"ListItem\",\"position\":3,\"name\":\"PS of Sweden Bridle London\"}]},{\"@type\":\"WebSite\",\"@id\":\"https:\/\/equidash.eu\/#website\",\"url\":\"https:\/\/equidash.eu\/\",\"name\":\"EquiDash\",\"description\":\"Horse Riding Equipment and Accessories\",\"publisher\":{\"@id\":\"https:\/\/equidash.eu\/#organization\"},\"alternateName\":\"EquiDash\",\"potentialAction\":[{\"@type\":\"SearchAction\",\"target\":{\"@type\":\"EntryPoint\",\"urlTemplate\":\"https:\/\/equidash.eu\/?s={search_term_string}\"},\"query-input\":{\"@type\":\"PropertyValueSpecification\",\"valueRequired\":true,\"valueName\":\"search_term_string\"}}],\"inLanguage\":\"et\"},{\"@type\":\"Organization\",\"@id\":\"https:\/\/equidash.eu\/#organization\",\"name\":\"EquiDash\",\"alternateName\":\"EquiDash\",\"url\":\"https:\/\/equidash.eu\/\",\"logo\":{\"@type\":\"ImageObject\",\"inLanguage\":\"et\",\"@id\":\"https:\/\/equidash.eu\/#\/schema\/logo\/image\/\",\"url\":\"https:\/\/equidash.eu\/wp-content\/uploads\/2024\/09\/EQUIDASH_Logo_Raud-1.png\",\"contentUrl\":\"https:\/\/equidash.eu\/wp-content\/uploads\/2024\/09\/EQUIDASH_Logo_Raud-1.png\",\"width\":393,\"height\":422,\"caption\":\"EquiDash\"},\"image\":{\"@id\":\"https:\/\/equidash.eu\/#\/schema\/logo\/image\/\"},\"sameAs\":[\"https:\/\/www.facebook.com\/people\/EquiDash\/61560864479586\/\",\"https:\/\/www.instagram.com\/equidash.eshop\/\"],\"email\":\"info@equidash.eu\",\"telephone\":\"+372 59007334\",\"legalName\":\"Takian Corporation O\u00dc\",\"foundingDate\":\"2020-10-21\",\"vatID\":\"EE102301283\",\"numberOfEmployees\":{\"@type\":\"QuantitativeValue\",\"minValue\":\"1\",\"maxValue\":\"10\"},\"hasMerchantReturnPolicy\":{\"@type\":\"MerchantReturnPolicy\",\"merchantReturnLink\":\"https:\/\/equidash.eu\/et\/return-privacy\/\"}}]}<\/script>\n<meta property=\"product:brand\" content=\"PS of Sweden\" \/>\n<meta property=\"og:availability\" content=\"backorder\" \/>\n<meta property=\"product:availability\" content=\"available for order\" \/>\n<meta property=\"product:condition\" content=\"new\" \/>\n<!-- \/ Yoast SEO Premium plugin. -->","yoast_head_json":{"title":"PS of Sweden Bridle London | Parima hinnaga ratsavarustuse e-pood","description":"PS of Sweden valjad London","robots":{"index":"index","follow":"follow","max-snippet":"max-snippet:-1","max-image-preview":"max-image-preview:large","max-video-preview":"max-video-preview:-1"},"canonical":"https:\/\/equidash.eu\/et\/shop\/hobune\/saddle-pads-horse\/ps-of-sweden-bridle-london\/","og_locale":"et_EE","og_type":"article","og_title":"PS of Sweden Bridle London","og_description":"PS of Sweden Bridle London","og_url":"https:\/\/equidash.eu\/et\/shop\/hobune\/saddle-pads-horse\/ps-of-sweden-bridle-london\/","og_site_name":"Parima hinnaga ratsavarustuse e-pood","article_publisher":"https:\/\/www.facebook.com\/people\/EquiDash\/61560864479586\/","article_modified_time":"2025-02-27T22:10:53+00:00","og_image":[{"width":1080,"height":1080,"url":"https:\/\/equidash.eu\/wp-content\/uploads\/2025\/02\/PSofSweden_Bridel_London_Brown_0.png","type":"image\/png"}],"twitter_card":"summary_large_image","twitter_misc":{"Availability":"On backorder"},"schema":{"@context":"https:\/\/schema.org","@graph":[{"@type":"WebPage","@id":"https:\/\/equidash.eu\/shop\/horse\/saddle-pads-horse\/ps-of-sweden-bridle-london\/","url":"https:\/\/equidash.eu\/shop\/horse\/saddle-pads-horse\/ps-of-sweden-bridle-london\/","name":"PS of Sweden Bridle London | Parima hinnaga ratsavarustuse e-pood","isPartOf":{"@id":"https:\/\/equidash.eu\/#website"},"primaryImageOfPage":{"@id":"https:\/\/equidash.eu\/shop\/horse\/saddle-pads-horse\/ps-of-sweden-bridle-london\/#primaryimage"},"image":{"@id":"https:\/\/equidash.eu\/shop\/horse\/saddle-pads-horse\/ps-of-sweden-bridle-london\/#primaryimage"},"thumbnailUrl":"https:\/\/equidash.eu\/wp-content\/uploads\/2025\/02\/PSofSweden_Bridel_London_Brown_0.png","datePublished":"2025-02-27T22:10:50+00:00","dateModified":"2025-02-27T22:10:53+00:00","description":"PS of Sweden valjad London","breadcrumb":{"@id":"https:\/\/equidash.eu\/shop\/horse\/saddle-pads-horse\/ps-of-sweden-bridle-london\/#breadcrumb"},"inLanguage":"et","potentialAction":[{"@type":"ReadAction","target":["https:\/\/equidash.eu\/shop\/horse\/saddle-pads-horse\/ps-of-sweden-bridle-london\/"]}]},{"@type":"ImageObject","inLanguage":"et","@id":"https:\/\/equidash.eu\/shop\/horse\/saddle-pads-horse\/ps-of-sweden-bridle-london\/#primaryimage","url":"https:\/\/equidash.eu\/wp-content\/uploads\/2025\/02\/PSofSweden_Bridel_London_Brown_0.png","contentUrl":"https:\/\/equidash.eu\/wp-content\/uploads\/2025\/02\/PSofSweden_Bridel_London_Brown_0.png","width":1080,"height":1080,"caption":"PS of Sweden London valjad \u2013 stiilsed, mugavad ja anatoomilise disainiga ratsanikele, kes hindavad kvaliteeti! V\u00e4rvus pruun"},{"@type":"BreadcrumbList","@id":"https:\/\/equidash.eu\/shop\/horse\/saddle-pads-horse\/ps-of-sweden-bridle-london\/#breadcrumb","itemListElement":[{"@type":"ListItem","position":1,"name":"Home","item":"https:\/\/equidash.eu\/"},{"@type":"ListItem","position":2,"name":"Shop","item":"https:\/\/equidash.eu\/shop\/"},{"@type":"ListItem","position":3,"name":"PS of Sweden Bridle London"}]},{"@type":"WebSite","@id":"https:\/\/equidash.eu\/#website","url":"https:\/\/equidash.eu\/","name":"EquiDash","description":"Horse Riding Equipment and Accessories","publisher":{"@id":"https:\/\/equidash.eu\/#organization"},"alternateName":"EquiDash","potentialAction":[{"@type":"SearchAction","target":{"@type":"EntryPoint","urlTemplate":"https:\/\/equidash.eu\/?s={search_term_string}"},"query-input":{"@type":"PropertyValueSpecification","valueRequired":true,"valueName":"search_term_string"}}],"inLanguage":"et"},{"@type":"Organization","@id":"https:\/\/equidash.eu\/#organization","name":"EquiDash","alternateName":"EquiDash","url":"https:\/\/equidash.eu\/","logo":{"@type":"ImageObject","inLanguage":"et","@id":"https:\/\/equidash.eu\/#\/schema\/logo\/image\/","url":"https:\/\/equidash.eu\/wp-content\/uploads\/2024\/09\/EQUIDASH_Logo_Raud-1.png","contentUrl":"https:\/\/equidash.eu\/wp-content\/uploads\/2024\/09\/EQUIDASH_Logo_Raud-1.png","width":393,"height":422,"caption":"EquiDash"},"image":{"@id":"https:\/\/equidash.eu\/#\/schema\/logo\/image\/"},"sameAs":["https:\/\/www.facebook.com\/people\/EquiDash\/61560864479586\/","https:\/\/www.instagram.com\/equidash.eshop\/"],"email":"info@equidash.eu","telephone":"+372 59007334","legalName":"Takian Corporation O\u00dc","foundingDate":"2020-10-21","vatID":"EE102301283","numberOfEmployees":{"@type":"QuantitativeValue","minValue":"1","maxValue":"10"},"hasMerchantReturnPolicy":{"@type":"MerchantReturnPolicy","merchantReturnLink":"https:\/\/equidash.eu\/et\/return-privacy\/"}}]},"product_brand":"PS of Sweden","og_availability":"backorder","product_availability":"available for order","product_condition":"new"},"_links":{"self":[{"href":"https:\/\/equidash.eu\/et\/wp-json\/wp\/v2\/product\/3888","targetHints":{"allow":["GET"]}}],"collection":[{"href":"https:\/\/equidash.eu\/et\/wp-json\/wp\/v2\/product"}],"about":[{"href":"https:\/\/equidash.eu\/et\/wp-json\/wp\/v2\/types\/product"}],"wp:featuredmedia":[{"embeddable":true,"href":"https:\/\/equidash.eu\/et\/wp-json\/wp\/v2\/media\/3901"}],"wp:attachment":[{"href":"https:\/\/equidash.eu\/et\/wp-json\/wp\/v2\/media?parent=3888"}],"wp:term":[{"taxonomy":"product_brand","embeddable":true,"href":"https:\/\/equidash.eu\/et\/wp-json\/wp\/v2\/product_brand?post=3888"},{"taxonomy":"product_cat","embeddable":true,"href":"https:\/\/equidash.eu\/et\/wp-json\/wp\/v2\/product_cat?post=3888"},{"taxonomy":"product_tag","embeddable":true,"href":"https:\/\/equidash.eu\/et\/wp-json\/wp\/v2\/product_tag?post=3888"}],"curies":[{"name":"wp","href":"https:\/\/api.w.org\/{rel}","templated":true}]}}