{"id":3902,"date":"2025-02-28T14:04:00","date_gmt":"2025-02-28T12:04:00","guid":{"rendered":"https:\/\/equidash.eu\/?post_type=product&#038;p=3902"},"modified":"2025-02-28T14:04:05","modified_gmt":"2025-02-28T12:04:05","slug":"ps-of-sweden-bridle-gp-lacquered","status":"publish","type":"product","link":"https:\/\/equidash.eu\/et\/shop\/horse\/ps-of-sweden-bridle-gp-lacquered\/","title":{"rendered":"PS of Sweden valjad GP Lacquered"},"content":{"rendered":"<p>PS of Sweden valjad GP Lacquered on \u00fcks uusimaid mudeleid br\u00e4ndi koolis\u00f5iduvarustuse valikus. Tegemist on klassikaliste koolis\u00f5idu valjastega, mis on spetsiaalselt loodud tundlikele hobustele. Kapsli nahk ja pehmendus on tilgakujulised ning on keskosas laiem, aidates survet \u00fchtlasemalt jaotada.<\/p>\n<p><strong>NINARIHM<\/strong><\/p>\n<p>Ninarihm ja ninarihma kinnitus on kaetud pehme polstriga. Kapslil disainis on kasutatud tilgakujulist disaini, mille k\u00f5ige laiem osa on Full suuruses valjastel 5,5 cm. T\u00e4nu sellele disainile on p\u00f5sesarnad vabad survest ja h\u00f5\u00f5rdumisest ning ka surve nina piirkonnas jaotub \u00fchtlasemalt t\u00e4nu laiemale kujule.<\/p>\n<p><strong>KUKLARIHM<\/strong><\/p>\n<p>Hobuse kaela piirkond k\u00f5rvade taga on v\u00e4ga tundlik ala, kus asub palju n\u00e4rve ja sidemeid. Et v\u00e4hendada valjastest tekkivat survet, on need valjad disainitud eriti laia kuklarihmaga. Kuklarihma l\u00f5ige on nii, et see j\u00e4taks hobuse k\u00f5rvadele rohkem ruumi \u2013 k\u00f5ik selleks, et tagada maksimaalne mugavus. Laiem l\u00f5ige \u00fclaosas jaotab survet \u00fchtlaselt ja v\u00e4ldib koormuse koondumist \u00fchele punktile.<\/p>\n<p><strong>P\u00d5SERIHM<\/strong><\/p>\n<p>P\u00f5serihmad on spetsiaalselt disainitud, et v\u00e4hendada survet kaelale t\u00e4nu elastsete Cradles\u2122 abile (elastne rihma osa). \"Cradles\" on elastne p\u00f5serihma osa, millele suulised toetuvad. See elastne rihm asub p\u00f5serihma otsas, suuliste juures. Idee seisneb selles, et need toimivad elastsemalt ja pakuvad hobusele suuremat mugavust, v\u00f5imaldades suulistel veidi \"painduda\". See aitab v\u00e4hendada hammastele ja l\u00f5ualuule avalduvat staatilist survet. Paljud usuvad, et hobused eelistavad seda t\u00fc\u00fcpi valjaid, kuna need v\u00f5ivad olla tavap\u00e4rastest valjastest ja ratsmetest leebemad ja hobuses\u00f5bralikumad.<\/p>\n<p><strong>OTSMIKURIHM<\/strong><\/p>\n<p>Otsmikurihm on v\u00e4ga paindlik ja \u00fcmaralt \u00f5mmeldud. Otsmikurihma saab ise painutada ja muuta selle kuju parima sobivuse saavutamiseks. K\u00f5ikidel PS of Sweden otsmikurihmadel on kummist sisemus, mida nimetatakse \"libisemisvastaseks\", et hoida otsmikurihm paigal ja v\u00e4ltida selle allapoole vajumist.  Samuti on otsmikurihmal Click-It\u2122 funktsioon, mis v\u00f5imaldab otsmikurihma kergesti eemaldada ja vajadusel v\u00e4lja vahetada, isegi kui valjad on juba hobusel peas.<\/p>\n<p><strong>V\u00d5ISTLUSED<\/strong><\/p>\n<p>Valjad on heaks kiidetud k\u00f5igis ratsaspordialades ja FEI v\u00f5istlustel. Koolis\u00f5iduv\u00f5istlustel v\u00f5istlemiseks on vajalik eraldi juurde lisada l\u00f5uarihm.<\/p>\n<p><strong>Soovitatav hobustele, kes:<\/strong><\/p>\n<ul>\n<li>Kasutavad nii tavalisi valjaid kui ka kangvaljaid<\/li>\n<li>On l\u00f5ualuu piirkonnas tundlikud<\/li>\n<li>Eelistavad klassikalist ninarihma, mis on siin t\u00e4iendavalt pehmendatud<\/li>\n<\/ul>\n<p>Pange t\u00e4hele:<\/p>\n<ul>\n<li>L\u00f5uarihm ei ole valjastega kaasas.<\/li>\n<li>Kaasa tuleb PS valjaste kott.<\/li>\n<li>Ratsmed ei ole valjastega kaasas ja need tuleb eraldi osta.<\/li>\n<\/ul>\n<p class=\"css-ino2ay\">Materjal: K\u00e4sitsi valmistatud taimpargitud nahast.<\/p>\n<p class=\"css-ino2ay\">Hooldus: Enne esmakordset kasutamist kanna peale \u00f5li v\u00f5i palsamit. Korduv \u00f5litamine on kasulik. Puhasta nahk p\u00e4rast igat kasutuskorda nahaseebiga.<\/p>\n<p><em>\u00d5ige sobivuse tagamiseks vaadake palun toote pilte v\u00f5i v\u00f5tke meie klienditeenindusega \u00fchendust ning aitame teil leida sobivad valjad!<\/em><\/p>","protected":false},"excerpt":{"rendered":"<p><a href=\"https:\/\/equidash.eu\/et\/tootesilt\/ps-of-sweden\/\"><img decoding=\"async\" style=\"height: 60px; margin-top: 20px;\" src=\"https:\/\/equidash.eu\/wp-content\/uploads\/2024\/10\/PS_vaike-1.png\" alt=\"\" \/><\/a><\/p>","protected":false},"featured_media":3908,"template":"","meta":{"_acf_changed":false,"_joinchat":[]},"product_brand":[558],"product_cat":[198,197,196,27,199],"product_tag":[102,38,585,559],"class_list":{"0":"post-3902","1":"product","2":"type-product","3":"status-publish","4":"has-post-thumbnail","6":"product_brand-ps-of-sweden","7":"product_cat-anatomical-bridles-bridles-bridles-bits-horse","8":"product_cat-bridles-bridles-bits-horse","9":"product_cat-bridles-bits-horse","10":"product_cat-horse","11":"product_cat-snaffle-bridles-bridles-bridles-bits-horse","12":"product_tag-competition","13":"product_tag-dressage","14":"product_tag-leather","15":"product_tag-ps-of-sweden","16":"pa_colors-black","17":"pa_size-cob","18":"pa_size-full","19":"pa_size-xfull","21":"first","22":"onbackorder","23":"taxable","24":"shipping-taxable","25":"purchasable","26":"product-type-variable"},"acf":[],"yoast_head":"<!-- This site is optimized with the Yoast SEO Premium plugin v26.2 (Yoast SEO v27.2) - https:\/\/yoast.com\/product\/yoast-seo-premium-wordpress\/ -->\n<title>PS of Sweden Bridle GP Lacquered | Parima hinnaga ratsavarustuse e-pood<\/title>\n<meta name=\"description\" content=\"PS of Sweden Bridle GP Lacquered\" \/>\n<meta name=\"robots\" content=\"index, follow, max-snippet:-1, max-image-preview:large, max-video-preview:-1\" \/>\n<link rel=\"canonical\" href=\"https:\/\/equidash.eu\/et\/shop\/hobune\/ps-of-sweden-bridle-gp-lacquered\/\" \/>\n<meta property=\"og:locale\" content=\"et_EE\" \/>\n<meta property=\"og:type\" content=\"article\" \/>\n<meta property=\"og:title\" content=\"PS of Sweden Bridle GP Lacquered\" \/>\n<meta property=\"og:description\" content=\"PS of Sweden Bridle GP Lacquered\" \/>\n<meta property=\"og:url\" content=\"https:\/\/equidash.eu\/et\/shop\/hobune\/ps-of-sweden-bridle-gp-lacquered\/\" \/>\n<meta property=\"og:site_name\" content=\"Parima hinnaga ratsavarustuse e-pood\" \/>\n<meta property=\"article:publisher\" content=\"https:\/\/www.facebook.com\/people\/EquiDash\/61560864479586\/\" \/>\n<meta property=\"article:modified_time\" content=\"2025-02-28T12:04:05+00:00\" \/>\n<meta property=\"og:image\" content=\"https:\/\/equidash.eu\/wp-content\/uploads\/2025\/02\/PSofSweden_Dressage-Bridel_GP-Lacquered_Black_0.png\" \/>\n\t<meta property=\"og:image:width\" content=\"1080\" \/>\n\t<meta property=\"og:image:height\" content=\"1080\" \/>\n\t<meta property=\"og:image:type\" content=\"image\/png\" \/>\n<meta name=\"twitter:card\" content=\"summary_large_image\" \/>\n<meta name=\"twitter:label1\" content=\"Availability\" \/>\n\t<meta name=\"twitter:data1\" content=\"On backorder\" \/>\n<script type=\"application\/ld+json\" class=\"yoast-schema-graph\">{\"@context\":\"https:\/\/schema.org\",\"@graph\":[{\"@type\":\"WebPage\",\"@id\":\"https:\/\/equidash.eu\/shop\/horse\/ps-of-sweden-bridle-gp-lacquered\/\",\"url\":\"https:\/\/equidash.eu\/shop\/horse\/ps-of-sweden-bridle-gp-lacquered\/\",\"name\":\"PS of Sweden Bridle GP Lacquered | Parima hinnaga ratsavarustuse e-pood\",\"isPartOf\":{\"@id\":\"https:\/\/equidash.eu\/#website\"},\"primaryImageOfPage\":{\"@id\":\"https:\/\/equidash.eu\/shop\/horse\/ps-of-sweden-bridle-gp-lacquered\/#primaryimage\"},\"image\":{\"@id\":\"https:\/\/equidash.eu\/shop\/horse\/ps-of-sweden-bridle-gp-lacquered\/#primaryimage\"},\"thumbnailUrl\":\"https:\/\/equidash.eu\/wp-content\/uploads\/2025\/02\/PSofSweden_Dressage-Bridel_GP-Lacquered_Black_0.png\",\"datePublished\":\"2025-02-28T12:04:00+00:00\",\"dateModified\":\"2025-02-28T12:04:05+00:00\",\"description\":\"PS of Sweden Bridle GP Lacquered\",\"breadcrumb\":{\"@id\":\"https:\/\/equidash.eu\/shop\/horse\/ps-of-sweden-bridle-gp-lacquered\/#breadcrumb\"},\"inLanguage\":\"et\",\"potentialAction\":[{\"@type\":\"ReadAction\",\"target\":[\"https:\/\/equidash.eu\/shop\/horse\/ps-of-sweden-bridle-gp-lacquered\/\"]}]},{\"@type\":\"ImageObject\",\"inLanguage\":\"et\",\"@id\":\"https:\/\/equidash.eu\/shop\/horse\/ps-of-sweden-bridle-gp-lacquered\/#primaryimage\",\"url\":\"https:\/\/equidash.eu\/wp-content\/uploads\/2025\/02\/PSofSweden_Dressage-Bridel_GP-Lacquered_Black_0.png\",\"contentUrl\":\"https:\/\/equidash.eu\/wp-content\/uploads\/2025\/02\/PSofSweden_Dressage-Bridel_GP-Lacquered_Black_0.png\",\"width\":1080,\"height\":1080,\"caption\":\"PS of Sweden GP Lacquered valjad - spetsiaalselt tundlikele hobustele, tipptasemel mugavus ja disain.\"},{\"@type\":\"BreadcrumbList\",\"@id\":\"https:\/\/equidash.eu\/shop\/horse\/ps-of-sweden-bridle-gp-lacquered\/#breadcrumb\",\"itemListElement\":[{\"@type\":\"ListItem\",\"position\":1,\"name\":\"Home\",\"item\":\"https:\/\/equidash.eu\/\"},{\"@type\":\"ListItem\",\"position\":2,\"name\":\"Shop\",\"item\":\"https:\/\/equidash.eu\/shop\/\"},{\"@type\":\"ListItem\",\"position\":3,\"name\":\"PS of Sweden Bridle GP Lacquered\"}]},{\"@type\":\"WebSite\",\"@id\":\"https:\/\/equidash.eu\/#website\",\"url\":\"https:\/\/equidash.eu\/\",\"name\":\"EquiDash\",\"description\":\"Horse Riding Equipment and Accessories\",\"publisher\":{\"@id\":\"https:\/\/equidash.eu\/#organization\"},\"alternateName\":\"EquiDash\",\"potentialAction\":[{\"@type\":\"SearchAction\",\"target\":{\"@type\":\"EntryPoint\",\"urlTemplate\":\"https:\/\/equidash.eu\/?s={search_term_string}\"},\"query-input\":{\"@type\":\"PropertyValueSpecification\",\"valueRequired\":true,\"valueName\":\"search_term_string\"}}],\"inLanguage\":\"et\"},{\"@type\":\"Organization\",\"@id\":\"https:\/\/equidash.eu\/#organization\",\"name\":\"EquiDash\",\"alternateName\":\"EquiDash\",\"url\":\"https:\/\/equidash.eu\/\",\"logo\":{\"@type\":\"ImageObject\",\"inLanguage\":\"et\",\"@id\":\"https:\/\/equidash.eu\/#\/schema\/logo\/image\/\",\"url\":\"https:\/\/equidash.eu\/wp-content\/uploads\/2024\/09\/EQUIDASH_Logo_Raud-1.png\",\"contentUrl\":\"https:\/\/equidash.eu\/wp-content\/uploads\/2024\/09\/EQUIDASH_Logo_Raud-1.png\",\"width\":393,\"height\":422,\"caption\":\"EquiDash\"},\"image\":{\"@id\":\"https:\/\/equidash.eu\/#\/schema\/logo\/image\/\"},\"sameAs\":[\"https:\/\/www.facebook.com\/people\/EquiDash\/61560864479586\/\",\"https:\/\/www.instagram.com\/equidash.eshop\/\"],\"email\":\"info@equidash.eu\",\"telephone\":\"+372 59007334\",\"legalName\":\"Takian Corporation O\u00dc\",\"foundingDate\":\"2020-10-21\",\"vatID\":\"EE102301283\",\"numberOfEmployees\":{\"@type\":\"QuantitativeValue\",\"minValue\":\"1\",\"maxValue\":\"10\"},\"hasMerchantReturnPolicy\":{\"@type\":\"MerchantReturnPolicy\",\"merchantReturnLink\":\"https:\/\/equidash.eu\/et\/return-privacy\/\"}}]}<\/script>\n<meta property=\"product:brand\" content=\"PS of Sweden\" \/>\n<meta property=\"og:availability\" content=\"backorder\" \/>\n<meta property=\"product:availability\" content=\"available for order\" \/>\n<meta property=\"product:retailer_item_id\" content=\"1210-020-996\" \/>\n<meta property=\"product:condition\" content=\"new\" \/>\n<!-- \/ Yoast SEO Premium plugin. -->","yoast_head_json":{"title":"PS of Sweden Bridle GP Lacquered | Parima hinnaga ratsavarustuse e-pood","description":"PS of Sweden valjad GP Lacquered","robots":{"index":"index","follow":"follow","max-snippet":"max-snippet:-1","max-image-preview":"max-image-preview:large","max-video-preview":"max-video-preview:-1"},"canonical":"https:\/\/equidash.eu\/et\/shop\/hobune\/ps-of-sweden-bridle-gp-lacquered\/","og_locale":"et_EE","og_type":"article","og_title":"PS of Sweden Bridle GP Lacquered","og_description":"PS of Sweden Bridle GP Lacquered","og_url":"https:\/\/equidash.eu\/et\/shop\/hobune\/ps-of-sweden-bridle-gp-lacquered\/","og_site_name":"Parima hinnaga ratsavarustuse e-pood","article_publisher":"https:\/\/www.facebook.com\/people\/EquiDash\/61560864479586\/","article_modified_time":"2025-02-28T12:04:05+00:00","og_image":[{"width":1080,"height":1080,"url":"https:\/\/equidash.eu\/wp-content\/uploads\/2025\/02\/PSofSweden_Dressage-Bridel_GP-Lacquered_Black_0.png","type":"image\/png"}],"twitter_card":"summary_large_image","twitter_misc":{"Availability":"On backorder"},"schema":{"@context":"https:\/\/schema.org","@graph":[{"@type":"WebPage","@id":"https:\/\/equidash.eu\/shop\/horse\/ps-of-sweden-bridle-gp-lacquered\/","url":"https:\/\/equidash.eu\/shop\/horse\/ps-of-sweden-bridle-gp-lacquered\/","name":"PS of Sweden Bridle GP Lacquered | Parima hinnaga ratsavarustuse e-pood","isPartOf":{"@id":"https:\/\/equidash.eu\/#website"},"primaryImageOfPage":{"@id":"https:\/\/equidash.eu\/shop\/horse\/ps-of-sweden-bridle-gp-lacquered\/#primaryimage"},"image":{"@id":"https:\/\/equidash.eu\/shop\/horse\/ps-of-sweden-bridle-gp-lacquered\/#primaryimage"},"thumbnailUrl":"https:\/\/equidash.eu\/wp-content\/uploads\/2025\/02\/PSofSweden_Dressage-Bridel_GP-Lacquered_Black_0.png","datePublished":"2025-02-28T12:04:00+00:00","dateModified":"2025-02-28T12:04:05+00:00","description":"PS of Sweden valjad GP Lacquered","breadcrumb":{"@id":"https:\/\/equidash.eu\/shop\/horse\/ps-of-sweden-bridle-gp-lacquered\/#breadcrumb"},"inLanguage":"et","potentialAction":[{"@type":"ReadAction","target":["https:\/\/equidash.eu\/shop\/horse\/ps-of-sweden-bridle-gp-lacquered\/"]}]},{"@type":"ImageObject","inLanguage":"et","@id":"https:\/\/equidash.eu\/shop\/horse\/ps-of-sweden-bridle-gp-lacquered\/#primaryimage","url":"https:\/\/equidash.eu\/wp-content\/uploads\/2025\/02\/PSofSweden_Dressage-Bridel_GP-Lacquered_Black_0.png","contentUrl":"https:\/\/equidash.eu\/wp-content\/uploads\/2025\/02\/PSofSweden_Dressage-Bridel_GP-Lacquered_Black_0.png","width":1080,"height":1080,"caption":"PS of Sweden GP Lacquered valjad - spetsiaalselt tundlikele hobustele, tipptasemel mugavus ja disain."},{"@type":"BreadcrumbList","@id":"https:\/\/equidash.eu\/shop\/horse\/ps-of-sweden-bridle-gp-lacquered\/#breadcrumb","itemListElement":[{"@type":"ListItem","position":1,"name":"Home","item":"https:\/\/equidash.eu\/"},{"@type":"ListItem","position":2,"name":"Shop","item":"https:\/\/equidash.eu\/shop\/"},{"@type":"ListItem","position":3,"name":"PS of Sweden Bridle GP Lacquered"}]},{"@type":"WebSite","@id":"https:\/\/equidash.eu\/#website","url":"https:\/\/equidash.eu\/","name":"EquiDash","description":"Horse Riding Equipment and Accessories","publisher":{"@id":"https:\/\/equidash.eu\/#organization"},"alternateName":"EquiDash","potentialAction":[{"@type":"SearchAction","target":{"@type":"EntryPoint","urlTemplate":"https:\/\/equidash.eu\/?s={search_term_string}"},"query-input":{"@type":"PropertyValueSpecification","valueRequired":true,"valueName":"search_term_string"}}],"inLanguage":"et"},{"@type":"Organization","@id":"https:\/\/equidash.eu\/#organization","name":"EquiDash","alternateName":"EquiDash","url":"https:\/\/equidash.eu\/","logo":{"@type":"ImageObject","inLanguage":"et","@id":"https:\/\/equidash.eu\/#\/schema\/logo\/image\/","url":"https:\/\/equidash.eu\/wp-content\/uploads\/2024\/09\/EQUIDASH_Logo_Raud-1.png","contentUrl":"https:\/\/equidash.eu\/wp-content\/uploads\/2024\/09\/EQUIDASH_Logo_Raud-1.png","width":393,"height":422,"caption":"EquiDash"},"image":{"@id":"https:\/\/equidash.eu\/#\/schema\/logo\/image\/"},"sameAs":["https:\/\/www.facebook.com\/people\/EquiDash\/61560864479586\/","https:\/\/www.instagram.com\/equidash.eshop\/"],"email":"info@equidash.eu","telephone":"+372 59007334","legalName":"Takian Corporation O\u00dc","foundingDate":"2020-10-21","vatID":"EE102301283","numberOfEmployees":{"@type":"QuantitativeValue","minValue":"1","maxValue":"10"},"hasMerchantReturnPolicy":{"@type":"MerchantReturnPolicy","merchantReturnLink":"https:\/\/equidash.eu\/et\/return-privacy\/"}}]},"product_brand":"PS of Sweden","og_availability":"backorder","product_availability":"available for order","product_retailer_item_id":"1210-020-996","product_condition":"new"},"_links":{"self":[{"href":"https:\/\/equidash.eu\/et\/wp-json\/wp\/v2\/product\/3902","targetHints":{"allow":["GET"]}}],"collection":[{"href":"https:\/\/equidash.eu\/et\/wp-json\/wp\/v2\/product"}],"about":[{"href":"https:\/\/equidash.eu\/et\/wp-json\/wp\/v2\/types\/product"}],"wp:featuredmedia":[{"embeddable":true,"href":"https:\/\/equidash.eu\/et\/wp-json\/wp\/v2\/media\/3908"}],"wp:attachment":[{"href":"https:\/\/equidash.eu\/et\/wp-json\/wp\/v2\/media?parent=3902"}],"wp:term":[{"taxonomy":"product_brand","embeddable":true,"href":"https:\/\/equidash.eu\/et\/wp-json\/wp\/v2\/product_brand?post=3902"},{"taxonomy":"product_cat","embeddable":true,"href":"https:\/\/equidash.eu\/et\/wp-json\/wp\/v2\/product_cat?post=3902"},{"taxonomy":"product_tag","embeddable":true,"href":"https:\/\/equidash.eu\/et\/wp-json\/wp\/v2\/product_tag?post=3902"}],"curies":[{"name":"wp","href":"https:\/\/api.w.org\/{rel}","templated":true}]}}