{"id":3910,"date":"2025-03-01T23:45:37","date_gmt":"2025-03-01T21:45:37","guid":{"rendered":"https:\/\/equidash.eu\/?post_type=product&#038;p=3910"},"modified":"2025-03-02T13:22:09","modified_gmt":"2025-03-02T11:22:09","slug":"equestro-kids-windproof-zip-hooded-raincoat","status":"publish","type":"product","link":"https:\/\/equidash.eu\/et\/shop\/rider\/equestro-kids-windproof-zip-hooded-raincoat\/","title":{"rendered":"Equestro laste vihmakeep"},"content":{"rendered":"<p>Equestro laste tuulekindel kapuutsiga vihmajope on l\u00e4bipaistev unisex (sobib t\u00fcdrukutele ja poistele) vihmajope, mis on valmistatud spetsiaalsest tuule- ja veekindlast kangast, tagades maksimaalse kaitse vee eest ning t\u00e4ieliku liikumisvabaduse.<\/p>\n<p>Keebil on tuulekindel kahele poole avanev t\u00f5mblukk ning  k\u00f5ik \u00f5mblused on kuumt\u00f6\u00f6deldud, et tagada veekindlus. Equestro logo rinnal ning logo embleem vasakul varrual ja paremal varrukal Equestro kiri.  Vihmakeep on loodud noortele ratsanikele. Ideaalne kasutamiseks k\u00f5ige vihmasematel p\u00e4evadel nii treeningutel kui ka v\u00f5istlustel v\u00f5istluspintsaku peal.<\/p>\n<ul>\n<li>Laste l\u00e4bipaistev vihmakeep<\/li>\n<li>Tuulekindel ja vetth\u00fclgav materjal<\/li>\n<li>K\u00f5ik \u00f5mblused ja lukud on kuumtihendatud<\/li>\n<li>Ees kaks lukuga taskut<\/li>\n<li>Suur kapuuts<\/li>\n<li>Kahepoolne t\u00f5mblukk ees<\/li>\n<li>Equestro logo rinnal, \u00f5lal ja varrukal<\/li>\n<\/ul>\n<div id=\"collapse-EQS_SIZEFIT\" class=\"accordion-collapse collapse show\" aria-labelledby=\"heading-EQS_SIZEFIT\" data-bs-parent=\"#AccordionExample2\">\n<div class=\"accordion-body pt-0\">\n<p>Suurus:\u00a0Pildil olev modell on 144 cm pikk ja kannab suurust 10 aastat.<\/p>\n<p><strong>L\u00f5ige:<\/strong> Regular.<\/p>\n<\/div>\n<\/div>","protected":false},"excerpt":{"rendered":"<p>The Equestro Kids&#8217; Windproof Zip Hooded Raincoat is a transparent, unisex raincoat made from a special windproof and water-repellent fabric, ensuring maximum protection from water while allowing full freedom of movement. All seams and windproof zips are heat-sealed to ensure waterproofness. The printed logo is present on the heart side, with patch on the left [&#8230;]\n","protected":false},"featured_media":3921,"template":"","meta":{"_acf_changed":false,"_joinchat":[]},"product_brand":[591],"product_cat":[205,489,204,22,203],"product_tag":[592,593],"class_list":{"0":"post-3910","1":"product","2":"type-product","3":"status-publish","4":"has-post-thumbnail","6":"product_brand-equestro","7":"product_cat-coats-jackets","8":"product_cat-competition-wear-kids-riding-clothing-rider","9":"product_cat-kids-riding-clothing-rider","10":"product_cat-rider","11":"product_cat-riding-clothing-rider","12":"product_tag-equestro","13":"product_tag-raincoat","14":"pa_colors-gray","15":"pa_size-10years","16":"pa_size-12years","17":"pa_size-14years","18":"pa_size-8-years","20":"first","21":"onbackorder","22":"taxable","23":"shipping-taxable","24":"purchasable","25":"product-type-variable","26":"has-default-attributes"},"acf":[],"yoast_head":"<!-- This site is optimized with the Yoast SEO Premium plugin v26.2 (Yoast SEO v27.2) - https:\/\/yoast.com\/product\/yoast-seo-premium-wordpress\/ -->\n<title>Equestro Kids&#039; Windproof Zip Hooded Raincoat | Parima hinnaga ratsavarustuse e-pood<\/title>\n<meta name=\"description\" content=\"Equestro Kids&#039; Windproof Zip Hooded Raincoat\" \/>\n<meta name=\"robots\" content=\"index, follow, max-snippet:-1, max-image-preview:large, max-video-preview:-1\" \/>\n<link rel=\"canonical\" href=\"https:\/\/equidash.eu\/et\/shop\/ratsanik\/equestro-kids-windproof-zip-hooded-raincoat\/\" \/>\n<meta property=\"og:locale\" content=\"et_EE\" \/>\n<meta property=\"og:type\" content=\"article\" \/>\n<meta property=\"og:title\" content=\"Equestro Kids&#039; Windproof Zip Hooded Raincoat\" \/>\n<meta property=\"og:description\" content=\"Equestro Kids&#039; Windproof Zip Hooded Raincoat\" \/>\n<meta property=\"og:url\" content=\"https:\/\/equidash.eu\/et\/shop\/ratsanik\/equestro-kids-windproof-zip-hooded-raincoat\/\" \/>\n<meta property=\"og:site_name\" content=\"Parima hinnaga ratsavarustuse e-pood\" \/>\n<meta property=\"article:publisher\" content=\"https:\/\/www.facebook.com\/people\/EquiDash\/61560864479586\/\" \/>\n<meta property=\"article:modified_time\" content=\"2025-03-02T11:22:09+00:00\" \/>\n<meta property=\"og:image\" content=\"https:\/\/equidash.eu\/wp-content\/uploads\/2025\/03\/Equestro_kids_windproof-zip-hooded-raincoat_Gray_0.jpg\" \/>\n\t<meta property=\"og:image:width\" content=\"1500\" \/>\n\t<meta property=\"og:image:height\" content=\"1500\" \/>\n\t<meta property=\"og:image:type\" content=\"image\/jpeg\" \/>\n<meta name=\"twitter:card\" content=\"summary_large_image\" \/>\n<meta name=\"twitter:label1\" content=\"Availability\" \/>\n\t<meta name=\"twitter:data1\" content=\"On backorder\" \/>\n<script type=\"application\/ld+json\" class=\"yoast-schema-graph\">{\"@context\":\"https:\/\/schema.org\",\"@graph\":[{\"@type\":\"WebPage\",\"@id\":\"https:\/\/equidash.eu\/shop\/rider\/equestro-kids-windproof-zip-hooded-raincoat\/\",\"url\":\"https:\/\/equidash.eu\/shop\/rider\/equestro-kids-windproof-zip-hooded-raincoat\/\",\"name\":\"Equestro Kids' Windproof Zip Hooded Raincoat | Parima hinnaga ratsavarustuse e-pood\",\"isPartOf\":{\"@id\":\"https:\/\/equidash.eu\/#website\"},\"primaryImageOfPage\":{\"@id\":\"https:\/\/equidash.eu\/shop\/rider\/equestro-kids-windproof-zip-hooded-raincoat\/#primaryimage\"},\"image\":{\"@id\":\"https:\/\/equidash.eu\/shop\/rider\/equestro-kids-windproof-zip-hooded-raincoat\/#primaryimage\"},\"thumbnailUrl\":\"https:\/\/equidash.eu\/wp-content\/uploads\/2025\/03\/Equestro_kids_windproof-zip-hooded-raincoat_Gray_0.jpg\",\"datePublished\":\"2025-03-01T21:45:37+00:00\",\"dateModified\":\"2025-03-02T11:22:09+00:00\",\"description\":\"Equestro Kids' Windproof Zip Hooded Raincoat\",\"breadcrumb\":{\"@id\":\"https:\/\/equidash.eu\/shop\/rider\/equestro-kids-windproof-zip-hooded-raincoat\/#breadcrumb\"},\"inLanguage\":\"et\",\"potentialAction\":[{\"@type\":\"ReadAction\",\"target\":[\"https:\/\/equidash.eu\/shop\/rider\/equestro-kids-windproof-zip-hooded-raincoat\/\"]}]},{\"@type\":\"ImageObject\",\"inLanguage\":\"et\",\"@id\":\"https:\/\/equidash.eu\/shop\/rider\/equestro-kids-windproof-zip-hooded-raincoat\/#primaryimage\",\"url\":\"https:\/\/equidash.eu\/wp-content\/uploads\/2025\/03\/Equestro_kids_windproof-zip-hooded-raincoat_Gray_0.jpg\",\"contentUrl\":\"https:\/\/equidash.eu\/wp-content\/uploads\/2025\/03\/Equestro_kids_windproof-zip-hooded-raincoat_Gray_0.jpg\",\"width\":1500,\"height\":1500,\"caption\":\"Equestro laste vihmakeep \u2013 ideaalne kaitse vihma ja tuule eest treeningutel ja v\u00f5istlustel!\"},{\"@type\":\"BreadcrumbList\",\"@id\":\"https:\/\/equidash.eu\/shop\/rider\/equestro-kids-windproof-zip-hooded-raincoat\/#breadcrumb\",\"itemListElement\":[{\"@type\":\"ListItem\",\"position\":1,\"name\":\"Home\",\"item\":\"https:\/\/equidash.eu\/\"},{\"@type\":\"ListItem\",\"position\":2,\"name\":\"Shop\",\"item\":\"https:\/\/equidash.eu\/shop\/\"},{\"@type\":\"ListItem\",\"position\":3,\"name\":\"Equestro Kids&#8217; Windproof Zip Hooded Raincoat\"}]},{\"@type\":\"WebSite\",\"@id\":\"https:\/\/equidash.eu\/#website\",\"url\":\"https:\/\/equidash.eu\/\",\"name\":\"EquiDash\",\"description\":\"Horse Riding Equipment and Accessories\",\"publisher\":{\"@id\":\"https:\/\/equidash.eu\/#organization\"},\"alternateName\":\"EquiDash\",\"potentialAction\":[{\"@type\":\"SearchAction\",\"target\":{\"@type\":\"EntryPoint\",\"urlTemplate\":\"https:\/\/equidash.eu\/?s={search_term_string}\"},\"query-input\":{\"@type\":\"PropertyValueSpecification\",\"valueRequired\":true,\"valueName\":\"search_term_string\"}}],\"inLanguage\":\"et\"},{\"@type\":\"Organization\",\"@id\":\"https:\/\/equidash.eu\/#organization\",\"name\":\"EquiDash\",\"alternateName\":\"EquiDash\",\"url\":\"https:\/\/equidash.eu\/\",\"logo\":{\"@type\":\"ImageObject\",\"inLanguage\":\"et\",\"@id\":\"https:\/\/equidash.eu\/#\/schema\/logo\/image\/\",\"url\":\"https:\/\/equidash.eu\/wp-content\/uploads\/2024\/09\/EQUIDASH_Logo_Raud-1.png\",\"contentUrl\":\"https:\/\/equidash.eu\/wp-content\/uploads\/2024\/09\/EQUIDASH_Logo_Raud-1.png\",\"width\":393,\"height\":422,\"caption\":\"EquiDash\"},\"image\":{\"@id\":\"https:\/\/equidash.eu\/#\/schema\/logo\/image\/\"},\"sameAs\":[\"https:\/\/www.facebook.com\/people\/EquiDash\/61560864479586\/\",\"https:\/\/www.instagram.com\/equidash.eshop\/\"],\"email\":\"info@equidash.eu\",\"telephone\":\"+372 59007334\",\"legalName\":\"Takian Corporation O\u00dc\",\"foundingDate\":\"2020-10-21\",\"vatID\":\"EE102301283\",\"numberOfEmployees\":{\"@type\":\"QuantitativeValue\",\"minValue\":\"1\",\"maxValue\":\"10\"},\"hasMerchantReturnPolicy\":{\"@type\":\"MerchantReturnPolicy\",\"merchantReturnLink\":\"https:\/\/equidash.eu\/et\/return-privacy\/\"}}]}<\/script>\n<meta property=\"product:brand\" content=\"Equestro\" \/>\n<meta property=\"og:availability\" content=\"backorder\" \/>\n<meta property=\"product:availability\" content=\"available for order\" \/>\n<meta property=\"product:condition\" content=\"new\" \/>\n<!-- \/ Yoast SEO Premium plugin. -->","yoast_head_json":{"title":"Equestro Kids' Windproof Zip Hooded Raincoat | Parima hinnaga ratsavarustuse e-pood","description":"Equestro Kids' Windproof Zip Hooded Raincoat","robots":{"index":"index","follow":"follow","max-snippet":"max-snippet:-1","max-image-preview":"max-image-preview:large","max-video-preview":"max-video-preview:-1"},"canonical":"https:\/\/equidash.eu\/et\/shop\/ratsanik\/equestro-kids-windproof-zip-hooded-raincoat\/","og_locale":"et_EE","og_type":"article","og_title":"Equestro Kids' Windproof Zip Hooded Raincoat","og_description":"Equestro Kids' Windproof Zip Hooded Raincoat","og_url":"https:\/\/equidash.eu\/et\/shop\/ratsanik\/equestro-kids-windproof-zip-hooded-raincoat\/","og_site_name":"Parima hinnaga ratsavarustuse e-pood","article_publisher":"https:\/\/www.facebook.com\/people\/EquiDash\/61560864479586\/","article_modified_time":"2025-03-02T11:22:09+00:00","og_image":[{"width":1500,"height":1500,"url":"https:\/\/equidash.eu\/wp-content\/uploads\/2025\/03\/Equestro_kids_windproof-zip-hooded-raincoat_Gray_0.jpg","type":"image\/jpeg"}],"twitter_card":"summary_large_image","twitter_misc":{"Availability":"On backorder"},"schema":{"@context":"https:\/\/schema.org","@graph":[{"@type":"WebPage","@id":"https:\/\/equidash.eu\/shop\/rider\/equestro-kids-windproof-zip-hooded-raincoat\/","url":"https:\/\/equidash.eu\/shop\/rider\/equestro-kids-windproof-zip-hooded-raincoat\/","name":"Equestro Kids' Windproof Zip Hooded Raincoat | Parima hinnaga ratsavarustuse e-pood","isPartOf":{"@id":"https:\/\/equidash.eu\/#website"},"primaryImageOfPage":{"@id":"https:\/\/equidash.eu\/shop\/rider\/equestro-kids-windproof-zip-hooded-raincoat\/#primaryimage"},"image":{"@id":"https:\/\/equidash.eu\/shop\/rider\/equestro-kids-windproof-zip-hooded-raincoat\/#primaryimage"},"thumbnailUrl":"https:\/\/equidash.eu\/wp-content\/uploads\/2025\/03\/Equestro_kids_windproof-zip-hooded-raincoat_Gray_0.jpg","datePublished":"2025-03-01T21:45:37+00:00","dateModified":"2025-03-02T11:22:09+00:00","description":"Equestro Kids' Windproof Zip Hooded Raincoat","breadcrumb":{"@id":"https:\/\/equidash.eu\/shop\/rider\/equestro-kids-windproof-zip-hooded-raincoat\/#breadcrumb"},"inLanguage":"et","potentialAction":[{"@type":"ReadAction","target":["https:\/\/equidash.eu\/shop\/rider\/equestro-kids-windproof-zip-hooded-raincoat\/"]}]},{"@type":"ImageObject","inLanguage":"et","@id":"https:\/\/equidash.eu\/shop\/rider\/equestro-kids-windproof-zip-hooded-raincoat\/#primaryimage","url":"https:\/\/equidash.eu\/wp-content\/uploads\/2025\/03\/Equestro_kids_windproof-zip-hooded-raincoat_Gray_0.jpg","contentUrl":"https:\/\/equidash.eu\/wp-content\/uploads\/2025\/03\/Equestro_kids_windproof-zip-hooded-raincoat_Gray_0.jpg","width":1500,"height":1500,"caption":"Equestro laste vihmakeep \u2013 ideaalne kaitse vihma ja tuule eest treeningutel ja v\u00f5istlustel!"},{"@type":"BreadcrumbList","@id":"https:\/\/equidash.eu\/shop\/rider\/equestro-kids-windproof-zip-hooded-raincoat\/#breadcrumb","itemListElement":[{"@type":"ListItem","position":1,"name":"Home","item":"https:\/\/equidash.eu\/"},{"@type":"ListItem","position":2,"name":"Shop","item":"https:\/\/equidash.eu\/shop\/"},{"@type":"ListItem","position":3,"name":"Equestro Kids&#8217; Windproof Zip Hooded Raincoat"}]},{"@type":"WebSite","@id":"https:\/\/equidash.eu\/#website","url":"https:\/\/equidash.eu\/","name":"EquiDash","description":"Horse Riding Equipment and Accessories","publisher":{"@id":"https:\/\/equidash.eu\/#organization"},"alternateName":"EquiDash","potentialAction":[{"@type":"SearchAction","target":{"@type":"EntryPoint","urlTemplate":"https:\/\/equidash.eu\/?s={search_term_string}"},"query-input":{"@type":"PropertyValueSpecification","valueRequired":true,"valueName":"search_term_string"}}],"inLanguage":"et"},{"@type":"Organization","@id":"https:\/\/equidash.eu\/#organization","name":"EquiDash","alternateName":"EquiDash","url":"https:\/\/equidash.eu\/","logo":{"@type":"ImageObject","inLanguage":"et","@id":"https:\/\/equidash.eu\/#\/schema\/logo\/image\/","url":"https:\/\/equidash.eu\/wp-content\/uploads\/2024\/09\/EQUIDASH_Logo_Raud-1.png","contentUrl":"https:\/\/equidash.eu\/wp-content\/uploads\/2024\/09\/EQUIDASH_Logo_Raud-1.png","width":393,"height":422,"caption":"EquiDash"},"image":{"@id":"https:\/\/equidash.eu\/#\/schema\/logo\/image\/"},"sameAs":["https:\/\/www.facebook.com\/people\/EquiDash\/61560864479586\/","https:\/\/www.instagram.com\/equidash.eshop\/"],"email":"info@equidash.eu","telephone":"+372 59007334","legalName":"Takian Corporation O\u00dc","foundingDate":"2020-10-21","vatID":"EE102301283","numberOfEmployees":{"@type":"QuantitativeValue","minValue":"1","maxValue":"10"},"hasMerchantReturnPolicy":{"@type":"MerchantReturnPolicy","merchantReturnLink":"https:\/\/equidash.eu\/et\/return-privacy\/"}}]},"product_brand":"Equestro","og_availability":"backorder","product_availability":"available for order","product_condition":"new"},"_links":{"self":[{"href":"https:\/\/equidash.eu\/et\/wp-json\/wp\/v2\/product\/3910","targetHints":{"allow":["GET"]}}],"collection":[{"href":"https:\/\/equidash.eu\/et\/wp-json\/wp\/v2\/product"}],"about":[{"href":"https:\/\/equidash.eu\/et\/wp-json\/wp\/v2\/types\/product"}],"wp:featuredmedia":[{"embeddable":true,"href":"https:\/\/equidash.eu\/et\/wp-json\/wp\/v2\/media\/3921"}],"wp:attachment":[{"href":"https:\/\/equidash.eu\/et\/wp-json\/wp\/v2\/media?parent=3910"}],"wp:term":[{"taxonomy":"product_brand","embeddable":true,"href":"https:\/\/equidash.eu\/et\/wp-json\/wp\/v2\/product_brand?post=3910"},{"taxonomy":"product_cat","embeddable":true,"href":"https:\/\/equidash.eu\/et\/wp-json\/wp\/v2\/product_cat?post=3910"},{"taxonomy":"product_tag","embeddable":true,"href":"https:\/\/equidash.eu\/et\/wp-json\/wp\/v2\/product_tag?post=3910"}],"curies":[{"name":"wp","href":"https:\/\/api.w.org\/{rel}","templated":true}]}}