{"id":3923,"date":"2025-03-02T19:28:15","date_gmt":"2025-03-02T17:28:15","guid":{"rendered":"https:\/\/equidash.eu\/?post_type=product&#038;p=3923"},"modified":"2025-03-03T22:10:09","modified_gmt":"2025-03-03T20:10:09","slug":"ps-of-sweden-ear-bonnet-vintage-monogram","status":"publish","type":"product","link":"https:\/\/equidash.eu\/et\/shop\/horse\/ps-of-sweden-ear-bonnet-vintage-monogram\/","title":{"rendered":"PS of Sweden k\u00f5rvad Vintage Monogram"},"content":{"rendered":"<p>PS of Sweden Vintage Monogram k\u00f5rvad on anatoomilise l\u00f5ikega, k\u00f5rvade osa venivast materjalist ja k\u00e4sitsi heegeldatud esiosaga. Servadel kaunistuseks kristallriba ja l\u00e4ikiv n\u00f6\u00f6r, mis sobib kokku Vintage Monogram kollektsiooniga. Tagaosas on takjakinnitus, et k\u00f5rvad p\u00fcsiksid kindlalt valjaste k\u00fcljes.<\/p>\n<p>K\u00e4sitsi heegeldatud elegantne disain tagades suurep\u00e4rase istuvuse.<\/p>\n<p>Vintage Monogram k\u00f5rvad on disainitud sobima kokku Vintage Monogram valtrapi ja Velvet Monogram pindetega.<\/p>\n<ul>\n<li>Elastne k\u00f5rvade osa<\/li>\n<li>Kristallidega kaunistatud \u00e4\u00e4r<\/li>\n<li>Kaitse putukate eest ratsutamise ajal<\/li>\n<li>K\u00e4sitsi heegeldatud<\/li>\n<li>Aitab hobusel keskenduda treeningutel ja v\u00f5istlustel, summutades segavaid helisid<\/li>\n<li>Metallist PS logo nurgas<\/li>\n<\/ul>\n<p>Hooldus: Pese eraldi 40\u00b0C juures. \u00c4ra kasuta pesupehmendajat. \u00c4ra triigi detaile ja \u00e4ra kuivata kuivatis. Venita niiskelt enne kuivama riputamist.<\/p>\n<p>&nbsp;<\/p>","protected":false},"excerpt":{"rendered":"<p><a href=\"https:\/\/equidash.eu\/et\/tootesilt\/ps-of-sweden\/\"><img decoding=\"async\" style=\"height: 60px; margin-top: 20px;\" src=\"https:\/\/equidash.eu\/wp-content\/uploads\/2024\/10\/PS_vaike-1.png\" alt=\"\" \/><\/a><\/p>","protected":false},"featured_media":3934,"template":"","meta":{"_acf_changed":false,"_joinchat":[]},"product_brand":[558],"product_cat":[241,240,27],"product_tag":[415,559,566,594],"class_list":{"0":"post-3923","1":"product","2":"type-product","3":"status-publish","4":"has-post-thumbnail","6":"product_brand-ps-of-sweden","7":"product_cat-ear-bonnet","8":"product_cat-ear-bonnet-fly-veils","9":"product_cat-horse","10":"product_tag-ear-bonnet","11":"product_tag-ps-of-sweden","12":"product_tag-spring-2025","13":"product_tag-vintage-monogram-collection","14":"pa_colors-midnight-fuchia","15":"pa_colors-mist-green","16":"pa_colors-navy","17":"pa_colors-pink","18":"pa_size-cob","19":"pa_size-full","21":"first","22":"onbackorder","23":"taxable","24":"shipping-taxable","25":"purchasable","26":"product-type-variable"},"acf":[],"yoast_head":"<!-- This site is optimized with the Yoast SEO Premium plugin v26.2 (Yoast SEO v27.3) - https:\/\/yoast.com\/product\/yoast-seo-premium-wordpress\/ -->\n<title>PS of Sweden Ear Bonnet Vintage Monogram | Parima hinnaga ratsavarustuse e-pood<\/title>\n<meta name=\"description\" content=\"PS of Sweden Ear Bonnet Vintage Monogram | K\u00e4sitsi heegeldatud ja kristallidega kaunistatud elastsed k\u00f5rvad hobustele. K\u00fclasta meie veebipoodi: equidash.eu\" \/>\n<meta name=\"robots\" content=\"index, follow, max-snippet:-1, max-image-preview:large, max-video-preview:-1\" \/>\n<link rel=\"canonical\" href=\"https:\/\/equidash.eu\/et\/shop\/hobune\/ps-of-sweden-ear-bonnet-vintage-monogram\/\" \/>\n<meta property=\"og:locale\" content=\"et_EE\" \/>\n<meta property=\"og:type\" content=\"article\" \/>\n<meta property=\"og:title\" content=\"PS of Sweden Ear Bonnet Vintage Monogram\" \/>\n<meta property=\"og:description\" content=\"PS of Sweden Ear Bonnet Vintage Monogram | K\u00e4sitsi heegeldatud ja kristallidega kaunistatud elastsed k\u00f5rvad hobustele. K\u00fclasta meie veebipoodi: equidash.eu\" \/>\n<meta property=\"og:url\" content=\"https:\/\/equidash.eu\/et\/shop\/hobune\/ps-of-sweden-ear-bonnet-vintage-monogram\/\" \/>\n<meta property=\"og:site_name\" content=\"Parima hinnaga ratsavarustuse e-pood\" \/>\n<meta property=\"article:publisher\" content=\"https:\/\/www.facebook.com\/people\/EquiDash\/61560864479586\/\" \/>\n<meta property=\"article:modified_time\" content=\"2025-03-03T20:10:09+00:00\" \/>\n<meta property=\"og:image\" content=\"https:\/\/equidash.eu\/wp-content\/uploads\/2025\/03\/PSofSweden_Ear-Bonnet_Vintage-Monogram_Midnight-Fuchsia_0.png\" \/>\n\t<meta property=\"og:image:width\" content=\"1080\" \/>\n\t<meta property=\"og:image:height\" content=\"1080\" \/>\n\t<meta property=\"og:image:type\" content=\"image\/png\" \/>\n<meta name=\"twitter:card\" content=\"summary_large_image\" \/>\n<meta name=\"twitter:label1\" content=\"Availability\" \/>\n\t<meta name=\"twitter:data1\" content=\"On backorder\" \/>\n<script type=\"application\/ld+json\" class=\"yoast-schema-graph\">{\"@context\":\"https:\\\/\\\/schema.org\",\"@graph\":[{\"@type\":\"WebPage\",\"@id\":\"https:\\\/\\\/equidash.eu\\\/shop\\\/horse\\\/ps-of-sweden-ear-bonnet-vintage-monogram\\\/\",\"url\":\"https:\\\/\\\/equidash.eu\\\/shop\\\/horse\\\/ps-of-sweden-ear-bonnet-vintage-monogram\\\/\",\"name\":\"PS of Sweden Ear Bonnet Vintage Monogram | Parima hinnaga ratsavarustuse e-pood\",\"isPartOf\":{\"@id\":\"https:\\\/\\\/equidash.eu\\\/#website\"},\"primaryImageOfPage\":{\"@id\":\"https:\\\/\\\/equidash.eu\\\/shop\\\/horse\\\/ps-of-sweden-ear-bonnet-vintage-monogram\\\/#primaryimage\"},\"image\":{\"@id\":\"https:\\\/\\\/equidash.eu\\\/shop\\\/horse\\\/ps-of-sweden-ear-bonnet-vintage-monogram\\\/#primaryimage\"},\"thumbnailUrl\":\"https:\\\/\\\/equidash.eu\\\/wp-content\\\/uploads\\\/2025\\\/03\\\/PSofSweden_Ear-Bonnet_Vintage-Monogram_Midnight-Fuchsia_0.png\",\"datePublished\":\"2025-03-02T17:28:15+00:00\",\"dateModified\":\"2025-03-03T20:10:09+00:00\",\"description\":\"PS of Sweden Ear Bonnet Vintage Monogram | K\u00e4sitsi heegeldatud ja kristallidega kaunistatud elastsed k\u00f5rvad hobustele. K\u00fclasta meie veebipoodi: equidash.eu\",\"breadcrumb\":{\"@id\":\"https:\\\/\\\/equidash.eu\\\/shop\\\/horse\\\/ps-of-sweden-ear-bonnet-vintage-monogram\\\/#breadcrumb\"},\"inLanguage\":\"et\",\"potentialAction\":[{\"@type\":\"ReadAction\",\"target\":[\"https:\\\/\\\/equidash.eu\\\/shop\\\/horse\\\/ps-of-sweden-ear-bonnet-vintage-monogram\\\/\"]}]},{\"@type\":\"ImageObject\",\"inLanguage\":\"et\",\"@id\":\"https:\\\/\\\/equidash.eu\\\/shop\\\/horse\\\/ps-of-sweden-ear-bonnet-vintage-monogram\\\/#primaryimage\",\"url\":\"https:\\\/\\\/equidash.eu\\\/wp-content\\\/uploads\\\/2025\\\/03\\\/PSofSweden_Ear-Bonnet_Vintage-Monogram_Midnight-Fuchsia_0.png\",\"contentUrl\":\"https:\\\/\\\/equidash.eu\\\/wp-content\\\/uploads\\\/2025\\\/03\\\/PSofSweden_Ear-Bonnet_Vintage-Monogram_Midnight-Fuchsia_0.png\",\"width\":1080,\"height\":1080,\"caption\":\"PS of Sweden Vintage Monogram k\u00f5rvad - elegantne k\u00e4sitsi heegeldatud disain ja putukakaitse. Punane\"},{\"@type\":\"BreadcrumbList\",\"@id\":\"https:\\\/\\\/equidash.eu\\\/shop\\\/horse\\\/ps-of-sweden-ear-bonnet-vintage-monogram\\\/#breadcrumb\",\"itemListElement\":[{\"@type\":\"ListItem\",\"position\":1,\"name\":\"Home\",\"item\":\"https:\\\/\\\/equidash.eu\\\/\"},{\"@type\":\"ListItem\",\"position\":2,\"name\":\"Shop\",\"item\":\"https:\\\/\\\/equidash.eu\\\/shop\\\/\"},{\"@type\":\"ListItem\",\"position\":3,\"name\":\"PS of Sweden Ear Bonnet Vintage Monogram\"}]},{\"@type\":\"WebSite\",\"@id\":\"https:\\\/\\\/equidash.eu\\\/#website\",\"url\":\"https:\\\/\\\/equidash.eu\\\/\",\"name\":\"EquiDash\",\"description\":\"Horse Riding Equipment and Accessories\",\"publisher\":{\"@id\":\"https:\\\/\\\/equidash.eu\\\/#organization\"},\"alternateName\":\"EquiDash\",\"potentialAction\":[{\"@type\":\"SearchAction\",\"target\":{\"@type\":\"EntryPoint\",\"urlTemplate\":\"https:\\\/\\\/equidash.eu\\\/?s={search_term_string}\"},\"query-input\":{\"@type\":\"PropertyValueSpecification\",\"valueRequired\":true,\"valueName\":\"search_term_string\"}}],\"inLanguage\":\"et\"},{\"@type\":\"Organization\",\"@id\":\"https:\\\/\\\/equidash.eu\\\/#organization\",\"name\":\"EquiDash\",\"alternateName\":\"EquiDash\",\"url\":\"https:\\\/\\\/equidash.eu\\\/\",\"logo\":{\"@type\":\"ImageObject\",\"inLanguage\":\"et\",\"@id\":\"https:\\\/\\\/equidash.eu\\\/#\\\/schema\\\/logo\\\/image\\\/\",\"url\":\"https:\\\/\\\/equidash.eu\\\/wp-content\\\/uploads\\\/2024\\\/09\\\/EQUIDASH_Logo_Raud-1.png\",\"contentUrl\":\"https:\\\/\\\/equidash.eu\\\/wp-content\\\/uploads\\\/2024\\\/09\\\/EQUIDASH_Logo_Raud-1.png\",\"width\":393,\"height\":422,\"caption\":\"EquiDash\"},\"image\":{\"@id\":\"https:\\\/\\\/equidash.eu\\\/#\\\/schema\\\/logo\\\/image\\\/\"},\"sameAs\":[\"https:\\\/\\\/www.facebook.com\\\/people\\\/EquiDash\\\/61560864479586\\\/\",\"https:\\\/\\\/www.instagram.com\\\/equidash.eshop\\\/\"],\"email\":\"info@equidash.eu\",\"telephone\":\"+372 59007334\",\"legalName\":\"Takian Corporation O\u00dc\",\"foundingDate\":\"2020-10-21\",\"vatID\":\"EE102301283\",\"numberOfEmployees\":{\"@type\":\"QuantitativeValue\",\"minValue\":\"1\",\"maxValue\":\"10\"},\"hasMerchantReturnPolicy\":{\"@type\":\"MerchantReturnPolicy\",\"merchantReturnLink\":\"https:\\\/\\\/equidash.eu\\\/et\\\/return-privacy\\\/\"}}]}<\/script>\n<meta property=\"product:brand\" content=\"PS of Sweden\" \/>\n<meta property=\"og:availability\" content=\"backorder\" \/>\n<meta property=\"product:availability\" content=\"available for order\" \/>\n<meta property=\"product:condition\" content=\"new\" \/>\n<!-- \/ Yoast SEO Premium plugin. -->","yoast_head_json":{"title":"PS of Sweden Ear Bonnet Vintage Monogram | Parima hinnaga ratsavarustuse e-pood","description":"PS of Sweden Ear Bonnet Vintage Monogram | K\u00e4sitsi heegeldatud ja kristallidega kaunistatud elastsed k\u00f5rvad hobustele. K\u00fclasta meie veebipoodi: equidash.eu","robots":{"index":"index","follow":"follow","max-snippet":"max-snippet:-1","max-image-preview":"max-image-preview:large","max-video-preview":"max-video-preview:-1"},"canonical":"https:\/\/equidash.eu\/et\/shop\/hobune\/ps-of-sweden-ear-bonnet-vintage-monogram\/","og_locale":"et_EE","og_type":"article","og_title":"PS of Sweden Ear Bonnet Vintage Monogram","og_description":"PS of Sweden Ear Bonnet Vintage Monogram | K\u00e4sitsi heegeldatud ja kristallidega kaunistatud elastsed k\u00f5rvad hobustele. K\u00fclasta meie veebipoodi: equidash.eu","og_url":"https:\/\/equidash.eu\/et\/shop\/hobune\/ps-of-sweden-ear-bonnet-vintage-monogram\/","og_site_name":"Parima hinnaga ratsavarustuse e-pood","article_publisher":"https:\/\/www.facebook.com\/people\/EquiDash\/61560864479586\/","article_modified_time":"2025-03-03T20:10:09+00:00","og_image":[{"width":1080,"height":1080,"url":"https:\/\/equidash.eu\/wp-content\/uploads\/2025\/03\/PSofSweden_Ear-Bonnet_Vintage-Monogram_Midnight-Fuchsia_0.png","type":"image\/png"}],"twitter_card":"summary_large_image","twitter_misc":{"Availability":"On backorder"},"schema":{"@context":"https:\/\/schema.org","@graph":[{"@type":"WebPage","@id":"https:\/\/equidash.eu\/shop\/horse\/ps-of-sweden-ear-bonnet-vintage-monogram\/","url":"https:\/\/equidash.eu\/shop\/horse\/ps-of-sweden-ear-bonnet-vintage-monogram\/","name":"PS of Sweden Ear Bonnet Vintage Monogram | Parima hinnaga ratsavarustuse e-pood","isPartOf":{"@id":"https:\/\/equidash.eu\/#website"},"primaryImageOfPage":{"@id":"https:\/\/equidash.eu\/shop\/horse\/ps-of-sweden-ear-bonnet-vintage-monogram\/#primaryimage"},"image":{"@id":"https:\/\/equidash.eu\/shop\/horse\/ps-of-sweden-ear-bonnet-vintage-monogram\/#primaryimage"},"thumbnailUrl":"https:\/\/equidash.eu\/wp-content\/uploads\/2025\/03\/PSofSweden_Ear-Bonnet_Vintage-Monogram_Midnight-Fuchsia_0.png","datePublished":"2025-03-02T17:28:15+00:00","dateModified":"2025-03-03T20:10:09+00:00","description":"PS of Sweden Ear Bonnet Vintage Monogram | K\u00e4sitsi heegeldatud ja kristallidega kaunistatud elastsed k\u00f5rvad hobustele. K\u00fclasta meie veebipoodi: equidash.eu","breadcrumb":{"@id":"https:\/\/equidash.eu\/shop\/horse\/ps-of-sweden-ear-bonnet-vintage-monogram\/#breadcrumb"},"inLanguage":"et","potentialAction":[{"@type":"ReadAction","target":["https:\/\/equidash.eu\/shop\/horse\/ps-of-sweden-ear-bonnet-vintage-monogram\/"]}]},{"@type":"ImageObject","inLanguage":"et","@id":"https:\/\/equidash.eu\/shop\/horse\/ps-of-sweden-ear-bonnet-vintage-monogram\/#primaryimage","url":"https:\/\/equidash.eu\/wp-content\/uploads\/2025\/03\/PSofSweden_Ear-Bonnet_Vintage-Monogram_Midnight-Fuchsia_0.png","contentUrl":"https:\/\/equidash.eu\/wp-content\/uploads\/2025\/03\/PSofSweden_Ear-Bonnet_Vintage-Monogram_Midnight-Fuchsia_0.png","width":1080,"height":1080,"caption":"PS of Sweden Vintage Monogram k\u00f5rvad - elegantne k\u00e4sitsi heegeldatud disain ja putukakaitse. Punane"},{"@type":"BreadcrumbList","@id":"https:\/\/equidash.eu\/shop\/horse\/ps-of-sweden-ear-bonnet-vintage-monogram\/#breadcrumb","itemListElement":[{"@type":"ListItem","position":1,"name":"Home","item":"https:\/\/equidash.eu\/"},{"@type":"ListItem","position":2,"name":"Shop","item":"https:\/\/equidash.eu\/shop\/"},{"@type":"ListItem","position":3,"name":"PS of Sweden Ear Bonnet Vintage Monogram"}]},{"@type":"WebSite","@id":"https:\/\/equidash.eu\/#website","url":"https:\/\/equidash.eu\/","name":"EquiDash","description":"Horse Riding Equipment and Accessories","publisher":{"@id":"https:\/\/equidash.eu\/#organization"},"alternateName":"EquiDash","potentialAction":[{"@type":"SearchAction","target":{"@type":"EntryPoint","urlTemplate":"https:\/\/equidash.eu\/?s={search_term_string}"},"query-input":{"@type":"PropertyValueSpecification","valueRequired":true,"valueName":"search_term_string"}}],"inLanguage":"et"},{"@type":"Organization","@id":"https:\/\/equidash.eu\/#organization","name":"EquiDash","alternateName":"EquiDash","url":"https:\/\/equidash.eu\/","logo":{"@type":"ImageObject","inLanguage":"et","@id":"https:\/\/equidash.eu\/#\/schema\/logo\/image\/","url":"https:\/\/equidash.eu\/wp-content\/uploads\/2024\/09\/EQUIDASH_Logo_Raud-1.png","contentUrl":"https:\/\/equidash.eu\/wp-content\/uploads\/2024\/09\/EQUIDASH_Logo_Raud-1.png","width":393,"height":422,"caption":"EquiDash"},"image":{"@id":"https:\/\/equidash.eu\/#\/schema\/logo\/image\/"},"sameAs":["https:\/\/www.facebook.com\/people\/EquiDash\/61560864479586\/","https:\/\/www.instagram.com\/equidash.eshop\/"],"email":"info@equidash.eu","telephone":"+372 59007334","legalName":"Takian Corporation O\u00dc","foundingDate":"2020-10-21","vatID":"EE102301283","numberOfEmployees":{"@type":"QuantitativeValue","minValue":"1","maxValue":"10"},"hasMerchantReturnPolicy":{"@type":"MerchantReturnPolicy","merchantReturnLink":"https:\/\/equidash.eu\/et\/return-privacy\/"}}]},"product_brand":"PS of Sweden","og_availability":"backorder","product_availability":"available for order","product_condition":"new"},"_links":{"self":[{"href":"https:\/\/equidash.eu\/et\/wp-json\/wp\/v2\/product\/3923","targetHints":{"allow":["GET"]}}],"collection":[{"href":"https:\/\/equidash.eu\/et\/wp-json\/wp\/v2\/product"}],"about":[{"href":"https:\/\/equidash.eu\/et\/wp-json\/wp\/v2\/types\/product"}],"wp:featuredmedia":[{"embeddable":true,"href":"https:\/\/equidash.eu\/et\/wp-json\/wp\/v2\/media\/3934"}],"wp:attachment":[{"href":"https:\/\/equidash.eu\/et\/wp-json\/wp\/v2\/media?parent=3923"}],"wp:term":[{"taxonomy":"product_brand","embeddable":true,"href":"https:\/\/equidash.eu\/et\/wp-json\/wp\/v2\/product_brand?post=3923"},{"taxonomy":"product_cat","embeddable":true,"href":"https:\/\/equidash.eu\/et\/wp-json\/wp\/v2\/product_cat?post=3923"},{"taxonomy":"product_tag","embeddable":true,"href":"https:\/\/equidash.eu\/et\/wp-json\/wp\/v2\/product_tag?post=3923"}],"curies":[{"name":"wp","href":"https:\/\/api.w.org\/{rel}","templated":true}]}}