{"id":3976,"date":"2025-03-05T21:48:56","date_gmt":"2025-03-05T19:48:56","guid":{"rendered":"https:\/\/equidash.eu\/?post_type=product&#038;p=3976"},"modified":"2025-03-06T14:11:55","modified_gmt":"2025-03-06T12:11:55","slug":"ps-of-sweden-base-layer-erin-equimerino","status":"publish","type":"product","link":"https:\/\/equidash.eu\/et\/shop\/rider\/ps-of-sweden-base-layer-erin-equimerino\/","title":{"rendered":"PS of Sweden meriino kampsun Erin Equimerino"},"content":{"rendered":"<p>PS of Sweden meriinovillast kampsun Erin Equimerino on loodud \u00fchendama mugavuse ja ilu. Meriinovill hingab loomulikult ja juhib niiskuse eemale, aidates teil p\u00fcsida kuivana ja mugavalt isegi intensiivse tegevuse ajal. Lisaks suudab vill imada kuni 35% oma kaalust niiskust ilma niisket tunnet tekitamata, muutes selle ideaalseks f\u00fc\u00fcsiliseks tegevuseks. See aitab s\u00e4ilitada stabiilse kehatemperatuuri ja meeldiva enesetunde ka pikkade treeningute jooksul.\n\nPol\u00fcestri lisamine tagab kampsuni kuju ja vastupidavuse, pakkudes samal ajal paindlikku ning mugavat istuvust. Meriinovilla ja pol\u00fcestri segu loob kerge ja funktsionaalse spordikampsuni, mis tagab nii suure mugavuse kui ka optimaalse niiskuse \u00e4rajuhtimise sobides ideaalselt k\u00f5ikideks teie treeningvajadusteks.<\/p>\n<ul>\n<li>Equimerino\u2122 materjal on segu meriinovillast ja pol\u00fcestrist - ideaalne treeninguks<\/li>\n<li>Pool t\u00f5mblukk esiosas koos PS logoga metallist t\u00f5mbluku t\u00f5mmitsaga<\/li>\n<li>Kauni madalama kraega<\/li>\n<li>Kampsun s\u00e4ilitab oma kuju<\/li>\n<li>Materjal: 60% meriinovill, 40% pol\u00fcester<\/li>\n<\/ul>\n<p class=\"css-sfapr9\">Hooldamine: Pese villase programmiga. Peske sarnaste v\u00e4rvidega. \u00c4rge kasutage pehmendajat. Triikige madalal temperatuuril pahupidi. Mitte kuivatada kuivatis.<\/p>","protected":false},"excerpt":{"rendered":"<p><a href=\"https:\/\/equidash.eu\/et\/tootesilt\/ps-of-sweden\/\"><img decoding=\"async\" style=\"height: 60px; margin-top: 20px;\" src=\"https:\/\/equidash.eu\/wp-content\/uploads\/2024\/10\/PS_vaike-1.png\" alt=\"\" \/><\/a><\/p>","protected":false},"featured_media":3995,"template":"","meta":{"_acf_changed":false,"_joinchat":[]},"product_brand":[558],"product_cat":[262,22,203,206],"product_tag":[598,602,603,601],"class_list":{"0":"post-3976","1":"product","2":"type-product","3":"status-publish","4":"has-post-thumbnail","6":"product_brand-ps-of-sweden","7":"product_cat-long-sleeve-shirts","8":"product_cat-rider","9":"product_cat-riding-clothing-rider","10":"product_cat-women-riding-clothing-rider","11":"product_tag-fall-24-collection","12":"product_tag-hortensia-pink","13":"product_tag-latte","14":"product_tag-ss25-collection","15":"pa_colors-hortensia-pink","16":"pa_colors-latte","17":"pa_size-l","18":"pa_size-m","19":"pa_size-s","20":"pa_size-xl","21":"pa_size-xs","23":"first","24":"onbackorder","25":"taxable","26":"shipping-taxable","27":"purchasable","28":"product-type-variable"},"acf":[],"yoast_head":"<!-- This site is optimized with the Yoast SEO Premium plugin v26.2 (Yoast SEO v27.2) - https:\/\/yoast.com\/product\/yoast-seo-premium-wordpress\/ -->\n<title>PS of Sweden Base Layer Erin Equimerino | Parima hinnaga ratsavarustuse e-pood<\/title>\n<meta name=\"description\" content=\"PS of Sweden Base Layer Erin Equimerino\" \/>\n<meta name=\"robots\" content=\"index, follow, max-snippet:-1, max-image-preview:large, max-video-preview:-1\" \/>\n<link rel=\"canonical\" href=\"https:\/\/equidash.eu\/et\/shop\/ratsanik\/ps-of-sweden-base-layer-erin-equimerino\/\" \/>\n<meta property=\"og:locale\" content=\"et_EE\" \/>\n<meta property=\"og:type\" content=\"article\" \/>\n<meta property=\"og:title\" content=\"PS of Sweden Base Layer Erin Equimerino\" \/>\n<meta property=\"og:description\" content=\"PS of Sweden Base Layer Erin Equimerino\" \/>\n<meta property=\"og:url\" content=\"https:\/\/equidash.eu\/et\/shop\/ratsanik\/ps-of-sweden-base-layer-erin-equimerino\/\" \/>\n<meta property=\"og:site_name\" content=\"Parima hinnaga ratsavarustuse e-pood\" \/>\n<meta property=\"article:publisher\" content=\"https:\/\/www.facebook.com\/people\/EquiDash\/61560864479586\/\" \/>\n<meta property=\"article:modified_time\" content=\"2025-03-06T12:11:55+00:00\" \/>\n<meta property=\"og:image\" content=\"https:\/\/equidash.eu\/wp-content\/uploads\/2025\/03\/PSofSweden_Base-Layer_Erin-Equimerino_Latte_0.png\" \/>\n\t<meta property=\"og:image:width\" content=\"1080\" \/>\n\t<meta property=\"og:image:height\" content=\"1080\" \/>\n\t<meta property=\"og:image:type\" content=\"image\/png\" \/>\n<meta name=\"twitter:card\" content=\"summary_large_image\" \/>\n<meta name=\"twitter:label1\" content=\"Availability\" \/>\n\t<meta name=\"twitter:data1\" content=\"On backorder\" \/>\n<script type=\"application\/ld+json\" class=\"yoast-schema-graph\">{\"@context\":\"https:\/\/schema.org\",\"@graph\":[{\"@type\":\"WebPage\",\"@id\":\"https:\/\/equidash.eu\/shop\/rider\/ps-of-sweden-base-layer-erin-equimerino\/\",\"url\":\"https:\/\/equidash.eu\/shop\/rider\/ps-of-sweden-base-layer-erin-equimerino\/\",\"name\":\"PS of Sweden Base Layer Erin Equimerino | Parima hinnaga ratsavarustuse e-pood\",\"isPartOf\":{\"@id\":\"https:\/\/equidash.eu\/#website\"},\"primaryImageOfPage\":{\"@id\":\"https:\/\/equidash.eu\/shop\/rider\/ps-of-sweden-base-layer-erin-equimerino\/#primaryimage\"},\"image\":{\"@id\":\"https:\/\/equidash.eu\/shop\/rider\/ps-of-sweden-base-layer-erin-equimerino\/#primaryimage\"},\"thumbnailUrl\":\"https:\/\/equidash.eu\/wp-content\/uploads\/2025\/03\/PSofSweden_Base-Layer_Erin-Equimerino_Latte_0.png\",\"datePublished\":\"2025-03-05T19:48:56+00:00\",\"dateModified\":\"2025-03-06T12:11:55+00:00\",\"description\":\"PS of Sweden Base Layer Erin Equimerino\",\"breadcrumb\":{\"@id\":\"https:\/\/equidash.eu\/shop\/rider\/ps-of-sweden-base-layer-erin-equimerino\/#breadcrumb\"},\"inLanguage\":\"et\",\"potentialAction\":[{\"@type\":\"ReadAction\",\"target\":[\"https:\/\/equidash.eu\/shop\/rider\/ps-of-sweden-base-layer-erin-equimerino\/\"]}]},{\"@type\":\"ImageObject\",\"inLanguage\":\"et\",\"@id\":\"https:\/\/equidash.eu\/shop\/rider\/ps-of-sweden-base-layer-erin-equimerino\/#primaryimage\",\"url\":\"https:\/\/equidash.eu\/wp-content\/uploads\/2025\/03\/PSofSweden_Base-Layer_Erin-Equimerino_Latte_0.png\",\"contentUrl\":\"https:\/\/equidash.eu\/wp-content\/uploads\/2025\/03\/PSofSweden_Base-Layer_Erin-Equimerino_Latte_0.png\",\"width\":1080,\"height\":1080,\"caption\":\"Stiilne ja mugav valik igap\u00e4evaseks treeninguks, toon Latte\"},{\"@type\":\"BreadcrumbList\",\"@id\":\"https:\/\/equidash.eu\/shop\/rider\/ps-of-sweden-base-layer-erin-equimerino\/#breadcrumb\",\"itemListElement\":[{\"@type\":\"ListItem\",\"position\":1,\"name\":\"Home\",\"item\":\"https:\/\/equidash.eu\/\"},{\"@type\":\"ListItem\",\"position\":2,\"name\":\"Shop\",\"item\":\"https:\/\/equidash.eu\/shop\/\"},{\"@type\":\"ListItem\",\"position\":3,\"name\":\"PS of Sweden Base Layer Erin Equimerino\"}]},{\"@type\":\"WebSite\",\"@id\":\"https:\/\/equidash.eu\/#website\",\"url\":\"https:\/\/equidash.eu\/\",\"name\":\"EquiDash\",\"description\":\"Horse Riding Equipment and Accessories\",\"publisher\":{\"@id\":\"https:\/\/equidash.eu\/#organization\"},\"alternateName\":\"EquiDash\",\"potentialAction\":[{\"@type\":\"SearchAction\",\"target\":{\"@type\":\"EntryPoint\",\"urlTemplate\":\"https:\/\/equidash.eu\/?s={search_term_string}\"},\"query-input\":{\"@type\":\"PropertyValueSpecification\",\"valueRequired\":true,\"valueName\":\"search_term_string\"}}],\"inLanguage\":\"et\"},{\"@type\":\"Organization\",\"@id\":\"https:\/\/equidash.eu\/#organization\",\"name\":\"EquiDash\",\"alternateName\":\"EquiDash\",\"url\":\"https:\/\/equidash.eu\/\",\"logo\":{\"@type\":\"ImageObject\",\"inLanguage\":\"et\",\"@id\":\"https:\/\/equidash.eu\/#\/schema\/logo\/image\/\",\"url\":\"https:\/\/equidash.eu\/wp-content\/uploads\/2024\/09\/EQUIDASH_Logo_Raud-1.png\",\"contentUrl\":\"https:\/\/equidash.eu\/wp-content\/uploads\/2024\/09\/EQUIDASH_Logo_Raud-1.png\",\"width\":393,\"height\":422,\"caption\":\"EquiDash\"},\"image\":{\"@id\":\"https:\/\/equidash.eu\/#\/schema\/logo\/image\/\"},\"sameAs\":[\"https:\/\/www.facebook.com\/people\/EquiDash\/61560864479586\/\",\"https:\/\/www.instagram.com\/equidash.eshop\/\"],\"email\":\"info@equidash.eu\",\"telephone\":\"+372 59007334\",\"legalName\":\"Takian Corporation O\u00dc\",\"foundingDate\":\"2020-10-21\",\"vatID\":\"EE102301283\",\"numberOfEmployees\":{\"@type\":\"QuantitativeValue\",\"minValue\":\"1\",\"maxValue\":\"10\"},\"hasMerchantReturnPolicy\":{\"@type\":\"MerchantReturnPolicy\",\"merchantReturnLink\":\"https:\/\/equidash.eu\/et\/return-privacy\/\"}}]}<\/script>\n<meta property=\"product:brand\" content=\"PS of Sweden\" \/>\n<meta property=\"og:availability\" content=\"backorder\" \/>\n<meta property=\"product:availability\" content=\"available for order\" \/>\n<meta property=\"product:condition\" content=\"new\" \/>\n<!-- \/ Yoast SEO Premium plugin. -->","yoast_head_json":{"title":"PS of Sweden Base Layer Erin Equimerino | Parima hinnaga ratsavarustuse e-pood","description":"PS of Sweden meriino kampsun Erin Equimerino","robots":{"index":"index","follow":"follow","max-snippet":"max-snippet:-1","max-image-preview":"max-image-preview:large","max-video-preview":"max-video-preview:-1"},"canonical":"https:\/\/equidash.eu\/et\/shop\/ratsanik\/ps-of-sweden-base-layer-erin-equimerino\/","og_locale":"et_EE","og_type":"article","og_title":"PS of Sweden Base Layer Erin Equimerino","og_description":"PS of Sweden Base Layer Erin Equimerino","og_url":"https:\/\/equidash.eu\/et\/shop\/ratsanik\/ps-of-sweden-base-layer-erin-equimerino\/","og_site_name":"Parima hinnaga ratsavarustuse e-pood","article_publisher":"https:\/\/www.facebook.com\/people\/EquiDash\/61560864479586\/","article_modified_time":"2025-03-06T12:11:55+00:00","og_image":[{"width":1080,"height":1080,"url":"https:\/\/equidash.eu\/wp-content\/uploads\/2025\/03\/PSofSweden_Base-Layer_Erin-Equimerino_Latte_0.png","type":"image\/png"}],"twitter_card":"summary_large_image","twitter_misc":{"Availability":"On backorder"},"schema":{"@context":"https:\/\/schema.org","@graph":[{"@type":"WebPage","@id":"https:\/\/equidash.eu\/shop\/rider\/ps-of-sweden-base-layer-erin-equimerino\/","url":"https:\/\/equidash.eu\/shop\/rider\/ps-of-sweden-base-layer-erin-equimerino\/","name":"PS of Sweden Base Layer Erin Equimerino | Parima hinnaga ratsavarustuse e-pood","isPartOf":{"@id":"https:\/\/equidash.eu\/#website"},"primaryImageOfPage":{"@id":"https:\/\/equidash.eu\/shop\/rider\/ps-of-sweden-base-layer-erin-equimerino\/#primaryimage"},"image":{"@id":"https:\/\/equidash.eu\/shop\/rider\/ps-of-sweden-base-layer-erin-equimerino\/#primaryimage"},"thumbnailUrl":"https:\/\/equidash.eu\/wp-content\/uploads\/2025\/03\/PSofSweden_Base-Layer_Erin-Equimerino_Latte_0.png","datePublished":"2025-03-05T19:48:56+00:00","dateModified":"2025-03-06T12:11:55+00:00","description":"PS of Sweden meriino kampsun Erin Equimerino","breadcrumb":{"@id":"https:\/\/equidash.eu\/shop\/rider\/ps-of-sweden-base-layer-erin-equimerino\/#breadcrumb"},"inLanguage":"et","potentialAction":[{"@type":"ReadAction","target":["https:\/\/equidash.eu\/shop\/rider\/ps-of-sweden-base-layer-erin-equimerino\/"]}]},{"@type":"ImageObject","inLanguage":"et","@id":"https:\/\/equidash.eu\/shop\/rider\/ps-of-sweden-base-layer-erin-equimerino\/#primaryimage","url":"https:\/\/equidash.eu\/wp-content\/uploads\/2025\/03\/PSofSweden_Base-Layer_Erin-Equimerino_Latte_0.png","contentUrl":"https:\/\/equidash.eu\/wp-content\/uploads\/2025\/03\/PSofSweden_Base-Layer_Erin-Equimerino_Latte_0.png","width":1080,"height":1080,"caption":"Stiilne ja mugav valik igap\u00e4evaseks treeninguks, toon Latte"},{"@type":"BreadcrumbList","@id":"https:\/\/equidash.eu\/shop\/rider\/ps-of-sweden-base-layer-erin-equimerino\/#breadcrumb","itemListElement":[{"@type":"ListItem","position":1,"name":"Home","item":"https:\/\/equidash.eu\/"},{"@type":"ListItem","position":2,"name":"Shop","item":"https:\/\/equidash.eu\/shop\/"},{"@type":"ListItem","position":3,"name":"PS of Sweden Base Layer Erin Equimerino"}]},{"@type":"WebSite","@id":"https:\/\/equidash.eu\/#website","url":"https:\/\/equidash.eu\/","name":"EquiDash","description":"Horse Riding Equipment and Accessories","publisher":{"@id":"https:\/\/equidash.eu\/#organization"},"alternateName":"EquiDash","potentialAction":[{"@type":"SearchAction","target":{"@type":"EntryPoint","urlTemplate":"https:\/\/equidash.eu\/?s={search_term_string}"},"query-input":{"@type":"PropertyValueSpecification","valueRequired":true,"valueName":"search_term_string"}}],"inLanguage":"et"},{"@type":"Organization","@id":"https:\/\/equidash.eu\/#organization","name":"EquiDash","alternateName":"EquiDash","url":"https:\/\/equidash.eu\/","logo":{"@type":"ImageObject","inLanguage":"et","@id":"https:\/\/equidash.eu\/#\/schema\/logo\/image\/","url":"https:\/\/equidash.eu\/wp-content\/uploads\/2024\/09\/EQUIDASH_Logo_Raud-1.png","contentUrl":"https:\/\/equidash.eu\/wp-content\/uploads\/2024\/09\/EQUIDASH_Logo_Raud-1.png","width":393,"height":422,"caption":"EquiDash"},"image":{"@id":"https:\/\/equidash.eu\/#\/schema\/logo\/image\/"},"sameAs":["https:\/\/www.facebook.com\/people\/EquiDash\/61560864479586\/","https:\/\/www.instagram.com\/equidash.eshop\/"],"email":"info@equidash.eu","telephone":"+372 59007334","legalName":"Takian Corporation O\u00dc","foundingDate":"2020-10-21","vatID":"EE102301283","numberOfEmployees":{"@type":"QuantitativeValue","minValue":"1","maxValue":"10"},"hasMerchantReturnPolicy":{"@type":"MerchantReturnPolicy","merchantReturnLink":"https:\/\/equidash.eu\/et\/return-privacy\/"}}]},"product_brand":"PS of Sweden","og_availability":"backorder","product_availability":"available for order","product_condition":"new"},"_links":{"self":[{"href":"https:\/\/equidash.eu\/et\/wp-json\/wp\/v2\/product\/3976","targetHints":{"allow":["GET"]}}],"collection":[{"href":"https:\/\/equidash.eu\/et\/wp-json\/wp\/v2\/product"}],"about":[{"href":"https:\/\/equidash.eu\/et\/wp-json\/wp\/v2\/types\/product"}],"wp:featuredmedia":[{"embeddable":true,"href":"https:\/\/equidash.eu\/et\/wp-json\/wp\/v2\/media\/3995"}],"wp:attachment":[{"href":"https:\/\/equidash.eu\/et\/wp-json\/wp\/v2\/media?parent=3976"}],"wp:term":[{"taxonomy":"product_brand","embeddable":true,"href":"https:\/\/equidash.eu\/et\/wp-json\/wp\/v2\/product_brand?post=3976"},{"taxonomy":"product_cat","embeddable":true,"href":"https:\/\/equidash.eu\/et\/wp-json\/wp\/v2\/product_cat?post=3976"},{"taxonomy":"product_tag","embeddable":true,"href":"https:\/\/equidash.eu\/et\/wp-json\/wp\/v2\/product_tag?post=3976"}],"curies":[{"name":"wp","href":"https:\/\/api.w.org\/{rel}","templated":true}]}}