{"id":400,"date":"2024-11-06T21:53:17","date_gmt":"2024-11-06T19:53:17","guid":{"rendered":"https:\/\/equidash.eu\/?post_type=product&#038;p=400"},"modified":"2025-06-09T12:09:15","modified_gmt":"2025-06-09T10:09:15","slug":"mountain-horse-double-waistbag","status":"publish","type":"product","link":"https:\/\/equidash.eu\/et\/shop\/rider\/accessories-rider\/bags-accessories-rider\/mountain-horse-double-waistbag\/","title":{"rendered":"Mountain Horse kahe taskuga v\u00f6\u00f6kott"},"content":{"rendered":"<p><span style=\"color: #333333;\">Mountain Horse kahe taskuga v\u00f6\u00f6kott on mitmek\u00fclgne ja funktsionaalne aksessuaar, mis sobib ideaalselt teie p\u00f5hiliste asjade hoidmiseks ratsutamise ajal. Kotid on valmistatud vastupidavast ja veekindlast softshell materjalist, mis v\u00f5imaldab neid kanda aastaringselt. Kotil on kaks sektsiooni: suurem tasku, kuhu mahub mobiiltelefon, ja v\u00e4iksem tasku hobuse maiuste v\u00f5i teiste v\u00e4ikeste esemete jaoks, m\u00f5lemad varustatud turvalise t\u00f5mblukuga. Helkurist MH logo lisab turvalisust ka pimedal ajal.<\/span><\/p>\n<ul>\n<li><span style=\"color: #333333;\">Kerge v\u00f6\u00f6kott, mis on valmistatud veekindlast softshell materjalist.<\/span><\/li>\n<li><span style=\"color: #333333;\">Reguleeritav\/eemaldatav elastne v\u00f6\u00f6 tugeva kinnitusega.<\/span><\/li>\n<li><span style=\"color: #333333;\">\u00dcks suur tasku n\u00e4iteks telefoni jaoks.<\/span><\/li>\n<li><span style=\"color: #333333;\">Teine v\u00e4iksem tasku hobuse maiuste jaoks.<\/span><\/li>\n<li><span style=\"color: #333333;\">M\u00f5lemad taskud on suletavad t\u00f5mblukuga.<\/span><\/li>\n<li><span style=\"color: #333333;\">Helkurist MH logo.<\/span><\/li>\n<\/ul>","protected":false},"excerpt":{"rendered":"<p><a href=\"https:\/\/equidash.eu\/et\/tootesilt\/mountain-horse\/\"><img decoding=\"async\" style=\"height: 60px; margin-top: 20px;\" src=\"https:\/\/equidash.eu\/wp-content\/uploads\/2024\/10\/Mountain-Horse-1.png\" alt=\"\" \/><\/a><\/p>","protected":false},"featured_media":938,"template":"","meta":{"_acf_changed":false,"_joinchat":[]},"product_brand":[505],"product_cat":[185,201,22],"product_tag":[18,69],"class_list":{"0":"post-400","1":"product","2":"type-product","3":"status-publish","4":"has-post-thumbnail","6":"product_brand-mountain-horse","7":"product_cat-accessories-rider","8":"product_cat-bags-accessories-rider","9":"product_cat-rider","10":"product_tag-mountain-horse","11":"product_tag-waistbag","12":"pa_colors-black","13":"pa_colors-green","14":"pa_colors-navy","15":"pa_colors-taupe","17":"first","18":"onbackorder","19":"taxable","20":"shipping-taxable","21":"purchasable","22":"product-type-variable"},"acf":[],"yoast_head":"<!-- This site is optimized with the Yoast SEO Premium plugin v26.2 (Yoast SEO v27.2) - https:\/\/yoast.com\/product\/yoast-seo-premium-wordpress\/ -->\n<title>Mountain Horse Double Waistbag | Parima hinnaga ratsavarustuse e-pood<\/title>\n<meta name=\"description\" content=\"Equidash - Ratsavarustuse veebipood Eestis ja Hispaanias. Valikus erinevad k\u00f5hukotid ratsanikule. Mountain Horse Double Waistbag\" \/>\n<meta name=\"robots\" content=\"index, follow, max-snippet:-1, max-image-preview:large, max-video-preview:-1\" \/>\n<link rel=\"canonical\" href=\"https:\/\/equidash.eu\/et\/shop\/ratsanik\/aksessuaarid-ratsanik\/kotid-aksessuaarid-ratsanik\/mountain-horse-double-waistbag\/\" \/>\n<meta property=\"og:locale\" content=\"et_EE\" \/>\n<meta property=\"og:type\" content=\"article\" \/>\n<meta property=\"og:title\" content=\"Mountain Horse Double Waistbag\" \/>\n<meta property=\"og:description\" content=\"Equidash - Ratsavarustuse veebipood Eestis ja Hispaanias. Valikus erinevad k\u00f5hukotid ratsanikule. Mountain Horse Double Waistbag\" \/>\n<meta property=\"og:url\" content=\"https:\/\/equidash.eu\/et\/shop\/ratsanik\/aksessuaarid-ratsanik\/kotid-aksessuaarid-ratsanik\/mountain-horse-double-waistbag\/\" \/>\n<meta property=\"og:site_name\" content=\"Parima hinnaga ratsavarustuse e-pood\" \/>\n<meta property=\"article:publisher\" content=\"https:\/\/www.facebook.com\/people\/EquiDash\/61560864479586\/\" \/>\n<meta property=\"article:modified_time\" content=\"2025-06-09T10:09:15+00:00\" \/>\n<meta property=\"og:image\" content=\"https:\/\/equidash.eu\/wp-content\/uploads\/2024\/11\/MH_Double-Waistbag-Taupe-1-1.png\" \/>\n\t<meta property=\"og:image:width\" content=\"1080\" \/>\n\t<meta property=\"og:image:height\" content=\"1080\" \/>\n\t<meta property=\"og:image:type\" content=\"image\/png\" \/>\n<meta name=\"twitter:card\" content=\"summary_large_image\" \/>\n<meta name=\"twitter:label1\" content=\"Availability\" \/>\n\t<meta name=\"twitter:data1\" content=\"On backorder\" \/>\n<script type=\"application\/ld+json\" class=\"yoast-schema-graph\">{\"@context\":\"https:\/\/schema.org\",\"@graph\":[{\"@type\":\"WebPage\",\"@id\":\"https:\/\/equidash.eu\/shop\/rider\/accessories-rider\/bags-accessories-rider\/mountain-horse-double-waistbag\/\",\"url\":\"https:\/\/equidash.eu\/shop\/rider\/accessories-rider\/bags-accessories-rider\/mountain-horse-double-waistbag\/\",\"name\":\"Mountain Horse Double Waistbag | Parima hinnaga ratsavarustuse e-pood\",\"isPartOf\":{\"@id\":\"https:\/\/equidash.eu\/#website\"},\"primaryImageOfPage\":{\"@id\":\"https:\/\/equidash.eu\/shop\/rider\/accessories-rider\/bags-accessories-rider\/mountain-horse-double-waistbag\/#primaryimage\"},\"image\":{\"@id\":\"https:\/\/equidash.eu\/shop\/rider\/accessories-rider\/bags-accessories-rider\/mountain-horse-double-waistbag\/#primaryimage\"},\"thumbnailUrl\":\"https:\/\/equidash.eu\/wp-content\/uploads\/2024\/11\/MH_Double-Waistbag-Taupe-1-1.png\",\"datePublished\":\"2024-11-06T19:53:17+00:00\",\"dateModified\":\"2025-06-09T10:09:15+00:00\",\"description\":\"Equidash - Ratsavarustuse veebipood Eestis ja Hispaanias. Valikus erinevad k\u00f5hukotid ratsanikule. Mountain Horse Double Waistbag\",\"breadcrumb\":{\"@id\":\"https:\/\/equidash.eu\/shop\/rider\/accessories-rider\/bags-accessories-rider\/mountain-horse-double-waistbag\/#breadcrumb\"},\"inLanguage\":\"et\",\"potentialAction\":[{\"@type\":\"ReadAction\",\"target\":[\"https:\/\/equidash.eu\/shop\/rider\/accessories-rider\/bags-accessories-rider\/mountain-horse-double-waistbag\/\"]}]},{\"@type\":\"ImageObject\",\"inLanguage\":\"et\",\"@id\":\"https:\/\/equidash.eu\/shop\/rider\/accessories-rider\/bags-accessories-rider\/mountain-horse-double-waistbag\/#primaryimage\",\"url\":\"https:\/\/equidash.eu\/wp-content\/uploads\/2024\/11\/MH_Double-Waistbag-Taupe-1-1.png\",\"contentUrl\":\"https:\/\/equidash.eu\/wp-content\/uploads\/2024\/11\/MH_Double-Waistbag-Taupe-1-1.png\",\"width\":1080,\"height\":1080},{\"@type\":\"BreadcrumbList\",\"@id\":\"https:\/\/equidash.eu\/shop\/rider\/accessories-rider\/bags-accessories-rider\/mountain-horse-double-waistbag\/#breadcrumb\",\"itemListElement\":[{\"@type\":\"ListItem\",\"position\":1,\"name\":\"Home\",\"item\":\"https:\/\/equidash.eu\/\"},{\"@type\":\"ListItem\",\"position\":2,\"name\":\"Shop\",\"item\":\"https:\/\/equidash.eu\/shop\/\"},{\"@type\":\"ListItem\",\"position\":3,\"name\":\"Mountain Horse Double Waistbag\"}]},{\"@type\":\"WebSite\",\"@id\":\"https:\/\/equidash.eu\/#website\",\"url\":\"https:\/\/equidash.eu\/\",\"name\":\"EquiDash\",\"description\":\"Horse Riding Equipment and Accessories\",\"publisher\":{\"@id\":\"https:\/\/equidash.eu\/#organization\"},\"alternateName\":\"EquiDash\",\"potentialAction\":[{\"@type\":\"SearchAction\",\"target\":{\"@type\":\"EntryPoint\",\"urlTemplate\":\"https:\/\/equidash.eu\/?s={search_term_string}\"},\"query-input\":{\"@type\":\"PropertyValueSpecification\",\"valueRequired\":true,\"valueName\":\"search_term_string\"}}],\"inLanguage\":\"et\"},{\"@type\":\"Organization\",\"@id\":\"https:\/\/equidash.eu\/#organization\",\"name\":\"EquiDash\",\"alternateName\":\"EquiDash\",\"url\":\"https:\/\/equidash.eu\/\",\"logo\":{\"@type\":\"ImageObject\",\"inLanguage\":\"et\",\"@id\":\"https:\/\/equidash.eu\/#\/schema\/logo\/image\/\",\"url\":\"https:\/\/equidash.eu\/wp-content\/uploads\/2024\/09\/EQUIDASH_Logo_Raud-1.png\",\"contentUrl\":\"https:\/\/equidash.eu\/wp-content\/uploads\/2024\/09\/EQUIDASH_Logo_Raud-1.png\",\"width\":393,\"height\":422,\"caption\":\"EquiDash\"},\"image\":{\"@id\":\"https:\/\/equidash.eu\/#\/schema\/logo\/image\/\"},\"sameAs\":[\"https:\/\/www.facebook.com\/people\/EquiDash\/61560864479586\/\",\"https:\/\/www.instagram.com\/equidash.eshop\/\"],\"email\":\"info@equidash.eu\",\"telephone\":\"+372 59007334\",\"legalName\":\"Takian Corporation O\u00dc\",\"foundingDate\":\"2020-10-21\",\"vatID\":\"EE102301283\",\"numberOfEmployees\":{\"@type\":\"QuantitativeValue\",\"minValue\":\"1\",\"maxValue\":\"10\"},\"hasMerchantReturnPolicy\":{\"@type\":\"MerchantReturnPolicy\",\"merchantReturnLink\":\"https:\/\/equidash.eu\/et\/return-privacy\/\"}}]}<\/script>\n<meta property=\"product:brand\" content=\"Mountain Horse\" \/>\n<meta property=\"og:availability\" content=\"backorder\" \/>\n<meta property=\"product:availability\" content=\"available for order\" \/>\n<meta property=\"product:condition\" content=\"new\" \/>\n<!-- \/ Yoast SEO Premium plugin. -->","yoast_head_json":{"title":"Mountain Horse Double Waistbag | Parima hinnaga ratsavarustuse e-pood","description":"Equidash - Ratsavarustuse veebipood Eestis ja Hispaanias. Valikus erinevad k\u00f5hukotid ratsanikule. Mountain Horse Double Waistbag","robots":{"index":"index","follow":"follow","max-snippet":"max-snippet:-1","max-image-preview":"max-image-preview:large","max-video-preview":"max-video-preview:-1"},"canonical":"https:\/\/equidash.eu\/et\/shop\/ratsanik\/aksessuaarid-ratsanik\/kotid-aksessuaarid-ratsanik\/mountain-horse-double-waistbag\/","og_locale":"et_EE","og_type":"article","og_title":"Mountain Horse Double Waistbag","og_description":"Equidash - Ratsavarustuse veebipood Eestis ja Hispaanias. Valikus erinevad k\u00f5hukotid ratsanikule. Mountain Horse Double Waistbag","og_url":"https:\/\/equidash.eu\/et\/shop\/ratsanik\/aksessuaarid-ratsanik\/kotid-aksessuaarid-ratsanik\/mountain-horse-double-waistbag\/","og_site_name":"Parima hinnaga ratsavarustuse e-pood","article_publisher":"https:\/\/www.facebook.com\/people\/EquiDash\/61560864479586\/","article_modified_time":"2025-06-09T10:09:15+00:00","og_image":[{"width":1080,"height":1080,"url":"https:\/\/equidash.eu\/wp-content\/uploads\/2024\/11\/MH_Double-Waistbag-Taupe-1-1.png","type":"image\/png"}],"twitter_card":"summary_large_image","twitter_misc":{"Availability":"On backorder"},"schema":{"@context":"https:\/\/schema.org","@graph":[{"@type":"WebPage","@id":"https:\/\/equidash.eu\/shop\/rider\/accessories-rider\/bags-accessories-rider\/mountain-horse-double-waistbag\/","url":"https:\/\/equidash.eu\/shop\/rider\/accessories-rider\/bags-accessories-rider\/mountain-horse-double-waistbag\/","name":"Mountain Horse Double Waistbag | Parima hinnaga ratsavarustuse e-pood","isPartOf":{"@id":"https:\/\/equidash.eu\/#website"},"primaryImageOfPage":{"@id":"https:\/\/equidash.eu\/shop\/rider\/accessories-rider\/bags-accessories-rider\/mountain-horse-double-waistbag\/#primaryimage"},"image":{"@id":"https:\/\/equidash.eu\/shop\/rider\/accessories-rider\/bags-accessories-rider\/mountain-horse-double-waistbag\/#primaryimage"},"thumbnailUrl":"https:\/\/equidash.eu\/wp-content\/uploads\/2024\/11\/MH_Double-Waistbag-Taupe-1-1.png","datePublished":"2024-11-06T19:53:17+00:00","dateModified":"2025-06-09T10:09:15+00:00","description":"Equidash - Ratsavarustuse veebipood Eestis ja Hispaanias. Valikus erinevad k\u00f5hukotid ratsanikule. Mountain Horse Double Waistbag","breadcrumb":{"@id":"https:\/\/equidash.eu\/shop\/rider\/accessories-rider\/bags-accessories-rider\/mountain-horse-double-waistbag\/#breadcrumb"},"inLanguage":"et","potentialAction":[{"@type":"ReadAction","target":["https:\/\/equidash.eu\/shop\/rider\/accessories-rider\/bags-accessories-rider\/mountain-horse-double-waistbag\/"]}]},{"@type":"ImageObject","inLanguage":"et","@id":"https:\/\/equidash.eu\/shop\/rider\/accessories-rider\/bags-accessories-rider\/mountain-horse-double-waistbag\/#primaryimage","url":"https:\/\/equidash.eu\/wp-content\/uploads\/2024\/11\/MH_Double-Waistbag-Taupe-1-1.png","contentUrl":"https:\/\/equidash.eu\/wp-content\/uploads\/2024\/11\/MH_Double-Waistbag-Taupe-1-1.png","width":1080,"height":1080},{"@type":"BreadcrumbList","@id":"https:\/\/equidash.eu\/shop\/rider\/accessories-rider\/bags-accessories-rider\/mountain-horse-double-waistbag\/#breadcrumb","itemListElement":[{"@type":"ListItem","position":1,"name":"Home","item":"https:\/\/equidash.eu\/"},{"@type":"ListItem","position":2,"name":"Shop","item":"https:\/\/equidash.eu\/shop\/"},{"@type":"ListItem","position":3,"name":"Mountain Horse Double Waistbag"}]},{"@type":"WebSite","@id":"https:\/\/equidash.eu\/#website","url":"https:\/\/equidash.eu\/","name":"EquiDash","description":"Horse Riding Equipment and Accessories","publisher":{"@id":"https:\/\/equidash.eu\/#organization"},"alternateName":"EquiDash","potentialAction":[{"@type":"SearchAction","target":{"@type":"EntryPoint","urlTemplate":"https:\/\/equidash.eu\/?s={search_term_string}"},"query-input":{"@type":"PropertyValueSpecification","valueRequired":true,"valueName":"search_term_string"}}],"inLanguage":"et"},{"@type":"Organization","@id":"https:\/\/equidash.eu\/#organization","name":"EquiDash","alternateName":"EquiDash","url":"https:\/\/equidash.eu\/","logo":{"@type":"ImageObject","inLanguage":"et","@id":"https:\/\/equidash.eu\/#\/schema\/logo\/image\/","url":"https:\/\/equidash.eu\/wp-content\/uploads\/2024\/09\/EQUIDASH_Logo_Raud-1.png","contentUrl":"https:\/\/equidash.eu\/wp-content\/uploads\/2024\/09\/EQUIDASH_Logo_Raud-1.png","width":393,"height":422,"caption":"EquiDash"},"image":{"@id":"https:\/\/equidash.eu\/#\/schema\/logo\/image\/"},"sameAs":["https:\/\/www.facebook.com\/people\/EquiDash\/61560864479586\/","https:\/\/www.instagram.com\/equidash.eshop\/"],"email":"info@equidash.eu","telephone":"+372 59007334","legalName":"Takian Corporation O\u00dc","foundingDate":"2020-10-21","vatID":"EE102301283","numberOfEmployees":{"@type":"QuantitativeValue","minValue":"1","maxValue":"10"},"hasMerchantReturnPolicy":{"@type":"MerchantReturnPolicy","merchantReturnLink":"https:\/\/equidash.eu\/et\/return-privacy\/"}}]},"product_brand":"Mountain Horse","og_availability":"backorder","product_availability":"available for order","product_condition":"new"},"_links":{"self":[{"href":"https:\/\/equidash.eu\/et\/wp-json\/wp\/v2\/product\/400","targetHints":{"allow":["GET"]}}],"collection":[{"href":"https:\/\/equidash.eu\/et\/wp-json\/wp\/v2\/product"}],"about":[{"href":"https:\/\/equidash.eu\/et\/wp-json\/wp\/v2\/types\/product"}],"wp:featuredmedia":[{"embeddable":true,"href":"https:\/\/equidash.eu\/et\/wp-json\/wp\/v2\/media\/938"}],"wp:attachment":[{"href":"https:\/\/equidash.eu\/et\/wp-json\/wp\/v2\/media?parent=400"}],"wp:term":[{"taxonomy":"product_brand","embeddable":true,"href":"https:\/\/equidash.eu\/et\/wp-json\/wp\/v2\/product_brand?post=400"},{"taxonomy":"product_cat","embeddable":true,"href":"https:\/\/equidash.eu\/et\/wp-json\/wp\/v2\/product_cat?post=400"},{"taxonomy":"product_tag","embeddable":true,"href":"https:\/\/equidash.eu\/et\/wp-json\/wp\/v2\/product_tag?post=400"}],"curies":[{"name":"wp","href":"https:\/\/api.w.org\/{rel}","templated":true}]}}