{"id":4102,"date":"2025-03-12T22:36:18","date_gmt":"2025-03-12T20:36:18","guid":{"rendered":"https:\/\/equidash.eu\/?post_type=product&#038;p=4102"},"modified":"2025-05-03T21:52:18","modified_gmt":"2025-05-03T19:52:18","slug":"acavallo-opera-gel-tendon-boots-e-click-fastening","status":"publish","type":"product","link":"https:\/\/equidash.eu\/et\/shop\/horse\/acavallo-opera-gel-tendon-boots-e-click-fastening\/","title":{"rendered":"Acavallo E-Click kinnitusega esijalakiatsmed Opera Gel"},"content":{"rendered":"<p>Acavallo kiirkinnitusega E-Click esijalakaitsmed Opera Gel on pealt pol\u00fcuretaanist pinnaga, seest klassikalise geeliga ja neopreenvoodriga, pakkudes t\u00e4iuslikku kaitset teie hobusele. \u00dcksik kiirkinnitus elastse ribaga tagab kindla sobivuse, andes samal ajal hobusele liikumisvabadust.<\/p>\n<p>E-Click tehnoloogia, oma patenteeritud kinnitusega, v\u00f5imaldab kaitsmed kiiresti kinnitada ja lahti v\u00f5tta ainult \u00fche liigutusega. Spetsiaalne rihm ei takista  verevoolu, pakkudes hobusele kasutamise ajal \u00fclimat mugavust. Esijalakaitsmete sees on kaks Acavallo\u00ae klassikalist geelriba, mis tagavad maksimaalse stabiilsuse ja l\u00f6\u00f6kide neeldumise. See geel on h\u00fcpoallergeenne, mittetoksiline ega \u00e4rrita nahka, v\u00f5imaldades otsest kontakti nahaga<\/p>\n<p><strong style=\"color: #555555; font-size: 14.4px;\">ACAVALLO\u00ae GEELI OMADUSED<\/strong><\/p>\n<ul>\n<li>Hingav ja veekindel materjal<\/li>\n<li>Anatoomilised<\/li>\n<li>Kerged<\/li>\n<li>Lihtne paigaldada ja eemaldada<\/li>\n<li>Lihtne hooldada ja puhastada<\/li>\n<li>Neelavad l\u00f6\u00f6ke<\/li>\n<li>Ei ole toksilised<\/li>\n<li>Ohutu materjal kokkupuutes nahaga<\/li>\n<li>V\u00e4ga elastsed ja mugavad<\/li>\n<\/ul>\n<p>Hooldus: Pesta k\u00e4sitsi vee ja \u00f5rna seebiga. \u00c4ra kasuta tugevaid puhastusvahendeid. \u00c4ra kuivata trummelkuivatis. \u00c4ra aseta otsese kuumuse ega tugeva p\u00e4ikesevalguse k\u00e4tte. Lase kuivada loomulikult.<\/p>","protected":false},"excerpt":{"rendered":"<p><a href=\"https:\/\/equidash.eu\/et\/tootesilt\/acavallo\/\"><img decoding=\"async\" style=\"height: 60px; margin-top: 20px;\" src=\"https:\/\/equidash.eu\/wp-content\/uploads\/2025\/02\/Acavallo-Logo-Contratto-Large_positivo.png\" alt=\"\" \/><\/a><\/p>","protected":false},"featured_media":4114,"template":"","meta":{"_acf_changed":false,"_joinchat":[]},"product_brand":[572],"product_cat":[192,27,191],"product_tag":[574,608,607,44],"class_list":{"0":"post-4102","1":"product","2":"type-product","3":"status-publish","4":"has-post-thumbnail","6":"product_brand-acavallo","7":"product_cat-boots-leg-hoof-protections-horse","8":"product_cat-horse","9":"product_cat-leg-hoof-protections-horse","10":"product_tag-acavallo","11":"product_tag-e-click","12":"product_tag-opera-gel","13":"product_tag-tendon-boots","14":"pa_colors-black","15":"pa_colors-brown","16":"pa_size-cob","17":"pa_size-full","19":"first","20":"onbackorder","21":"taxable","22":"shipping-taxable","23":"purchasable","24":"product-type-variable"},"acf":[],"yoast_head":"<!-- This site is optimized with the Yoast SEO Premium plugin v26.2 (Yoast SEO v27.2) - https:\/\/yoast.com\/product\/yoast-seo-premium-wordpress\/ -->\n<title>Acavallo Opera Gel Tendon Boots E-Click Fastening | Parima hinnaga ratsavarustuse e-pood<\/title>\n<meta name=\"description\" content=\"Acavallo Opera Gel Tendon Boots E-Click Fastening| Geelsisuga esijalakaitsmed hobustele. Mugav E-Klik kinnitus ja lai elastne rihm pakuvad parimat mugavust.\" \/>\n<meta name=\"robots\" content=\"index, follow, max-snippet:-1, max-image-preview:large, max-video-preview:-1\" \/>\n<link rel=\"canonical\" href=\"https:\/\/equidash.eu\/et\/shop\/hobune\/acavallo-opera-gel-tendon-boots-e-click-fastening\/\" \/>\n<meta property=\"og:locale\" content=\"et_EE\" \/>\n<meta property=\"og:type\" content=\"article\" \/>\n<meta property=\"og:title\" content=\"Acavallo Opera Gel Tendon Boots E-Click Fastening\" \/>\n<meta property=\"og:description\" content=\"Acavallo Opera Gel Tendon Boots E-Click Fastening| Geelsisuga esijalakaitsmed hobustele. Mugav E-Klik kinnitus ja lai elastne rihm pakuvad parimat mugavust.\" \/>\n<meta property=\"og:url\" content=\"https:\/\/equidash.eu\/et\/shop\/hobune\/acavallo-opera-gel-tendon-boots-e-click-fastening\/\" \/>\n<meta property=\"og:site_name\" content=\"Parima hinnaga ratsavarustuse e-pood\" \/>\n<meta property=\"article:publisher\" content=\"https:\/\/www.facebook.com\/people\/EquiDash\/61560864479586\/\" \/>\n<meta property=\"article:modified_time\" content=\"2025-05-03T19:52:18+00:00\" \/>\n<meta property=\"og:image\" content=\"https:\/\/equidash.eu\/wp-content\/uploads\/2025\/03\/Acavallo_Tendon-Boots_E-Click-Fastening_Opera-Gel_Brown_0.jpg\" \/>\n\t<meta property=\"og:image:width\" content=\"1500\" \/>\n\t<meta property=\"og:image:height\" content=\"1500\" \/>\n\t<meta property=\"og:image:type\" content=\"image\/jpeg\" \/>\n<meta name=\"twitter:card\" content=\"summary_large_image\" \/>\n<meta name=\"twitter:label1\" content=\"Availability\" \/>\n\t<meta name=\"twitter:data1\" content=\"On backorder\" \/>\n<script type=\"application\/ld+json\" class=\"yoast-schema-graph\">{\"@context\":\"https:\/\/schema.org\",\"@graph\":[{\"@type\":\"WebPage\",\"@id\":\"https:\/\/equidash.eu\/shop\/horse\/acavallo-opera-gel-tendon-boots-e-click-fastening\/\",\"url\":\"https:\/\/equidash.eu\/shop\/horse\/acavallo-opera-gel-tendon-boots-e-click-fastening\/\",\"name\":\"Acavallo Opera Gel Tendon Boots E-Click Fastening | Parima hinnaga ratsavarustuse e-pood\",\"isPartOf\":{\"@id\":\"https:\/\/equidash.eu\/#website\"},\"primaryImageOfPage\":{\"@id\":\"https:\/\/equidash.eu\/shop\/horse\/acavallo-opera-gel-tendon-boots-e-click-fastening\/#primaryimage\"},\"image\":{\"@id\":\"https:\/\/equidash.eu\/shop\/horse\/acavallo-opera-gel-tendon-boots-e-click-fastening\/#primaryimage\"},\"thumbnailUrl\":\"https:\/\/equidash.eu\/wp-content\/uploads\/2025\/03\/Acavallo_Tendon-Boots_E-Click-Fastening_Opera-Gel_Brown_0.jpg\",\"datePublished\":\"2025-03-12T20:36:18+00:00\",\"dateModified\":\"2025-05-03T19:52:18+00:00\",\"description\":\"Acavallo Opera Gel Tendon Boots E-Click Fastening| Geelsisuga esijalakaitsmed hobustele. Mugav E-Klik kinnitus ja lai elastne rihm pakuvad parimat mugavust.\",\"breadcrumb\":{\"@id\":\"https:\/\/equidash.eu\/shop\/horse\/acavallo-opera-gel-tendon-boots-e-click-fastening\/#breadcrumb\"},\"inLanguage\":\"et\",\"potentialAction\":[{\"@type\":\"ReadAction\",\"target\":[\"https:\/\/equidash.eu\/shop\/horse\/acavallo-opera-gel-tendon-boots-e-click-fastening\/\"]}]},{\"@type\":\"ImageObject\",\"inLanguage\":\"et\",\"@id\":\"https:\/\/equidash.eu\/shop\/horse\/acavallo-opera-gel-tendon-boots-e-click-fastening\/#primaryimage\",\"url\":\"https:\/\/equidash.eu\/wp-content\/uploads\/2025\/03\/Acavallo_Tendon-Boots_E-Click-Fastening_Opera-Gel_Brown_0.jpg\",\"contentUrl\":\"https:\/\/equidash.eu\/wp-content\/uploads\/2025\/03\/Acavallo_Tendon-Boots_E-Click-Fastening_Opera-Gel_Brown_0.jpg\",\"width\":1500,\"height\":1500,\"caption\":\"Acavallo Opera Gel kaitsmed \u2013 kiirkinnitusega ja geelvoodriga\"},{\"@type\":\"BreadcrumbList\",\"@id\":\"https:\/\/equidash.eu\/shop\/horse\/acavallo-opera-gel-tendon-boots-e-click-fastening\/#breadcrumb\",\"itemListElement\":[{\"@type\":\"ListItem\",\"position\":1,\"name\":\"Home\",\"item\":\"https:\/\/equidash.eu\/\"},{\"@type\":\"ListItem\",\"position\":2,\"name\":\"Shop\",\"item\":\"https:\/\/equidash.eu\/shop\/\"},{\"@type\":\"ListItem\",\"position\":3,\"name\":\"Acavallo Opera Gel Tendon Boots E-Click Fastening\"}]},{\"@type\":\"WebSite\",\"@id\":\"https:\/\/equidash.eu\/#website\",\"url\":\"https:\/\/equidash.eu\/\",\"name\":\"EquiDash\",\"description\":\"Horse Riding Equipment and Accessories\",\"publisher\":{\"@id\":\"https:\/\/equidash.eu\/#organization\"},\"alternateName\":\"EquiDash\",\"potentialAction\":[{\"@type\":\"SearchAction\",\"target\":{\"@type\":\"EntryPoint\",\"urlTemplate\":\"https:\/\/equidash.eu\/?s={search_term_string}\"},\"query-input\":{\"@type\":\"PropertyValueSpecification\",\"valueRequired\":true,\"valueName\":\"search_term_string\"}}],\"inLanguage\":\"et\"},{\"@type\":\"Organization\",\"@id\":\"https:\/\/equidash.eu\/#organization\",\"name\":\"EquiDash\",\"alternateName\":\"EquiDash\",\"url\":\"https:\/\/equidash.eu\/\",\"logo\":{\"@type\":\"ImageObject\",\"inLanguage\":\"et\",\"@id\":\"https:\/\/equidash.eu\/#\/schema\/logo\/image\/\",\"url\":\"https:\/\/equidash.eu\/wp-content\/uploads\/2024\/09\/EQUIDASH_Logo_Raud-1.png\",\"contentUrl\":\"https:\/\/equidash.eu\/wp-content\/uploads\/2024\/09\/EQUIDASH_Logo_Raud-1.png\",\"width\":393,\"height\":422,\"caption\":\"EquiDash\"},\"image\":{\"@id\":\"https:\/\/equidash.eu\/#\/schema\/logo\/image\/\"},\"sameAs\":[\"https:\/\/www.facebook.com\/people\/EquiDash\/61560864479586\/\",\"https:\/\/www.instagram.com\/equidash.eshop\/\"],\"email\":\"info@equidash.eu\",\"telephone\":\"+372 59007334\",\"legalName\":\"Takian Corporation O\u00dc\",\"foundingDate\":\"2020-10-21\",\"vatID\":\"EE102301283\",\"numberOfEmployees\":{\"@type\":\"QuantitativeValue\",\"minValue\":\"1\",\"maxValue\":\"10\"},\"hasMerchantReturnPolicy\":{\"@type\":\"MerchantReturnPolicy\",\"merchantReturnLink\":\"https:\/\/equidash.eu\/et\/return-privacy\/\"}}]}<\/script>\n<meta property=\"product:brand\" content=\"Acavallo\" \/>\n<meta property=\"og:availability\" content=\"backorder\" \/>\n<meta property=\"product:availability\" content=\"available for order\" \/>\n<meta property=\"product:retailer_item_id\" content=\"AC650\" \/>\n<meta property=\"product:condition\" content=\"new\" \/>\n<!-- \/ Yoast SEO Premium plugin. -->","yoast_head_json":{"title":"Acavallo Opera Gel Tendon Boots E-Click Fastening | Parima hinnaga ratsavarustuse e-pood","description":"Acavallo Opera Gel Tendon Boots E-Click Fastening| Geelsisuga esijalakaitsmed hobustele. Mugav E-Klik kinnitus ja lai elastne rihm pakuvad parimat mugavust.","robots":{"index":"index","follow":"follow","max-snippet":"max-snippet:-1","max-image-preview":"max-image-preview:large","max-video-preview":"max-video-preview:-1"},"canonical":"https:\/\/equidash.eu\/et\/shop\/hobune\/acavallo-opera-gel-tendon-boots-e-click-fastening\/","og_locale":"et_EE","og_type":"article","og_title":"Acavallo Opera Gel Tendon Boots E-Click Fastening","og_description":"Acavallo Opera Gel Tendon Boots E-Click Fastening| Geelsisuga esijalakaitsmed hobustele. Mugav E-Klik kinnitus ja lai elastne rihm pakuvad parimat mugavust.","og_url":"https:\/\/equidash.eu\/et\/shop\/hobune\/acavallo-opera-gel-tendon-boots-e-click-fastening\/","og_site_name":"Parima hinnaga ratsavarustuse e-pood","article_publisher":"https:\/\/www.facebook.com\/people\/EquiDash\/61560864479586\/","article_modified_time":"2025-05-03T19:52:18+00:00","og_image":[{"width":1500,"height":1500,"url":"https:\/\/equidash.eu\/wp-content\/uploads\/2025\/03\/Acavallo_Tendon-Boots_E-Click-Fastening_Opera-Gel_Brown_0.jpg","type":"image\/jpeg"}],"twitter_card":"summary_large_image","twitter_misc":{"Availability":"On backorder"},"schema":{"@context":"https:\/\/schema.org","@graph":[{"@type":"WebPage","@id":"https:\/\/equidash.eu\/shop\/horse\/acavallo-opera-gel-tendon-boots-e-click-fastening\/","url":"https:\/\/equidash.eu\/shop\/horse\/acavallo-opera-gel-tendon-boots-e-click-fastening\/","name":"Acavallo Opera Gel Tendon Boots E-Click Fastening | Parima hinnaga ratsavarustuse e-pood","isPartOf":{"@id":"https:\/\/equidash.eu\/#website"},"primaryImageOfPage":{"@id":"https:\/\/equidash.eu\/shop\/horse\/acavallo-opera-gel-tendon-boots-e-click-fastening\/#primaryimage"},"image":{"@id":"https:\/\/equidash.eu\/shop\/horse\/acavallo-opera-gel-tendon-boots-e-click-fastening\/#primaryimage"},"thumbnailUrl":"https:\/\/equidash.eu\/wp-content\/uploads\/2025\/03\/Acavallo_Tendon-Boots_E-Click-Fastening_Opera-Gel_Brown_0.jpg","datePublished":"2025-03-12T20:36:18+00:00","dateModified":"2025-05-03T19:52:18+00:00","description":"Acavallo Opera Gel Tendon Boots E-Click Fastening| Geelsisuga esijalakaitsmed hobustele. Mugav E-Klik kinnitus ja lai elastne rihm pakuvad parimat mugavust.","breadcrumb":{"@id":"https:\/\/equidash.eu\/shop\/horse\/acavallo-opera-gel-tendon-boots-e-click-fastening\/#breadcrumb"},"inLanguage":"et","potentialAction":[{"@type":"ReadAction","target":["https:\/\/equidash.eu\/shop\/horse\/acavallo-opera-gel-tendon-boots-e-click-fastening\/"]}]},{"@type":"ImageObject","inLanguage":"et","@id":"https:\/\/equidash.eu\/shop\/horse\/acavallo-opera-gel-tendon-boots-e-click-fastening\/#primaryimage","url":"https:\/\/equidash.eu\/wp-content\/uploads\/2025\/03\/Acavallo_Tendon-Boots_E-Click-Fastening_Opera-Gel_Brown_0.jpg","contentUrl":"https:\/\/equidash.eu\/wp-content\/uploads\/2025\/03\/Acavallo_Tendon-Boots_E-Click-Fastening_Opera-Gel_Brown_0.jpg","width":1500,"height":1500,"caption":"Acavallo Opera Gel kaitsmed \u2013 kiirkinnitusega ja geelvoodriga"},{"@type":"BreadcrumbList","@id":"https:\/\/equidash.eu\/shop\/horse\/acavallo-opera-gel-tendon-boots-e-click-fastening\/#breadcrumb","itemListElement":[{"@type":"ListItem","position":1,"name":"Home","item":"https:\/\/equidash.eu\/"},{"@type":"ListItem","position":2,"name":"Shop","item":"https:\/\/equidash.eu\/shop\/"},{"@type":"ListItem","position":3,"name":"Acavallo Opera Gel Tendon Boots E-Click Fastening"}]},{"@type":"WebSite","@id":"https:\/\/equidash.eu\/#website","url":"https:\/\/equidash.eu\/","name":"EquiDash","description":"Horse Riding Equipment and Accessories","publisher":{"@id":"https:\/\/equidash.eu\/#organization"},"alternateName":"EquiDash","potentialAction":[{"@type":"SearchAction","target":{"@type":"EntryPoint","urlTemplate":"https:\/\/equidash.eu\/?s={search_term_string}"},"query-input":{"@type":"PropertyValueSpecification","valueRequired":true,"valueName":"search_term_string"}}],"inLanguage":"et"},{"@type":"Organization","@id":"https:\/\/equidash.eu\/#organization","name":"EquiDash","alternateName":"EquiDash","url":"https:\/\/equidash.eu\/","logo":{"@type":"ImageObject","inLanguage":"et","@id":"https:\/\/equidash.eu\/#\/schema\/logo\/image\/","url":"https:\/\/equidash.eu\/wp-content\/uploads\/2024\/09\/EQUIDASH_Logo_Raud-1.png","contentUrl":"https:\/\/equidash.eu\/wp-content\/uploads\/2024\/09\/EQUIDASH_Logo_Raud-1.png","width":393,"height":422,"caption":"EquiDash"},"image":{"@id":"https:\/\/equidash.eu\/#\/schema\/logo\/image\/"},"sameAs":["https:\/\/www.facebook.com\/people\/EquiDash\/61560864479586\/","https:\/\/www.instagram.com\/equidash.eshop\/"],"email":"info@equidash.eu","telephone":"+372 59007334","legalName":"Takian Corporation O\u00dc","foundingDate":"2020-10-21","vatID":"EE102301283","numberOfEmployees":{"@type":"QuantitativeValue","minValue":"1","maxValue":"10"},"hasMerchantReturnPolicy":{"@type":"MerchantReturnPolicy","merchantReturnLink":"https:\/\/equidash.eu\/et\/return-privacy\/"}}]},"product_brand":"Acavallo","og_availability":"backorder","product_availability":"available for order","product_retailer_item_id":"AC650","product_condition":"new"},"_links":{"self":[{"href":"https:\/\/equidash.eu\/et\/wp-json\/wp\/v2\/product\/4102","targetHints":{"allow":["GET"]}}],"collection":[{"href":"https:\/\/equidash.eu\/et\/wp-json\/wp\/v2\/product"}],"about":[{"href":"https:\/\/equidash.eu\/et\/wp-json\/wp\/v2\/types\/product"}],"wp:featuredmedia":[{"embeddable":true,"href":"https:\/\/equidash.eu\/et\/wp-json\/wp\/v2\/media\/4114"}],"wp:attachment":[{"href":"https:\/\/equidash.eu\/et\/wp-json\/wp\/v2\/media?parent=4102"}],"wp:term":[{"taxonomy":"product_brand","embeddable":true,"href":"https:\/\/equidash.eu\/et\/wp-json\/wp\/v2\/product_brand?post=4102"},{"taxonomy":"product_cat","embeddable":true,"href":"https:\/\/equidash.eu\/et\/wp-json\/wp\/v2\/product_cat?post=4102"},{"taxonomy":"product_tag","embeddable":true,"href":"https:\/\/equidash.eu\/et\/wp-json\/wp\/v2\/product_tag?post=4102"}],"curies":[{"name":"wp","href":"https:\/\/api.w.org\/{rel}","templated":true}]}}