{"id":431,"date":"2024-11-06T22:43:19","date_gmt":"2024-11-06T20:43:19","guid":{"rendered":"https:\/\/equidash.eu\/?post_type=product&#038;p=431"},"modified":"2025-08-29T09:24:48","modified_gmt":"2025-08-29T07:24:48","slug":"mountain-horse-junior-spirit-rain-coat","status":"publish","type":"product","link":"https:\/\/equidash.eu\/et\/shop\/rider\/riding-clothing-rider\/kids-riding-clothing-rider\/coats-jackets\/mountain-horse-junior-spirit-rain-coat\/","title":{"rendered":"Mountain Horse laste vihmamantel Spirit JR"},"content":{"rendered":"<p><span style=\"color: #333333;\">Mountain Horse laste vihmamantel Spirit on t\u00e4ielikult veekindel vihmajope, millel on keevitatud \u00f5mblused. Sisemine vooder on pehme ja soe. Suured esitaskud, ratsutamise l\u00f5hik seljal ja helkivad detailid.<\/span><\/p>\n<ul>\n<li><span style=\"color: #333333;\">Vihmamantlil on keevitatud \u00f5mblused, et tagada veekindlus.<\/span><\/li>\n<li><span style=\"color: #333333;\">Jope kehaosa ja kapuutsi sisemus on vooderdatud pehme, karvase fliisiga.<\/span><\/li>\n<li><span style=\"color: #333333;\">T\u00e4ispikkuses kahepoolne t\u00f5mblukk, mis on kaetud esiliistu ja trukk-kinnitusega, et v\u00e4ltida niiskuse sissep\u00e4\u00e4su.<\/span><\/li>\n<li><span style=\"color: #333333;\">100% vihmakindel.<\/span><\/li>\n<li><span style=\"color: #333333;\">Suured trukk-kinnitusega esitaskud.<\/span><\/li>\n<li><span style=\"color: #333333;\">Eemaldatav ja reguleeritav kapuuts.<\/span><\/li>\n<li><span style=\"color: #333333;\">Taga on trukkidega suletav l\u00f5hik ratsutamiseks.<\/span><\/li>\n<li><span style=\"color: #333333;\">Reguleeritavad k\u00e4ised.<\/span><\/li>\n<li><span style=\"color: #333333;\">Helkurlogo rinnal ja seljaosal.<\/span><\/li>\n<\/ul>\n<p><span style=\"color: #333333;\">Rootsi br\u00e4nd Mountain Horse on \u00fcks tuntumaid nimesid ratsutamismaailmas ja on saanud ratsanike seas tohutult populaarseks t\u00e4nu oma funktsionaalsetele disainidele, mis on kohandatud P\u00f5hjamaade kliimatingimustega. J\u00e4tkusuutlikkus on p\u00f5hiprintsiip, mis l\u00e4bib kogu br\u00e4ndi tegevust, nii inimeste kui ka keskkonnam\u00f5jude osas, muutes Mountain Horse\u2019i t\u00e4pselt samamoodi armastatud br\u00e4ndiks t\u00e4na, nagu see oli 30 aastat tagasi.<\/span><\/p>","protected":false},"excerpt":{"rendered":"<p><a href=\"https:\/\/equidash.eu\/et\/tootesilt\/mountain-horse\/\"><img decoding=\"async\" style=\"height: 60px; margin-top: 20px;\" src=\"https:\/\/equidash.eu\/wp-content\/uploads\/2024\/09\/Mountain-Horse-1.png\" alt=\"\" \/><\/a><\/p>","protected":false},"featured_media":947,"template":"","meta":{"_acf_changed":false,"_joinchat":[]},"product_brand":[505],"product_cat":[205,204,22,203],"product_tag":[81,18,82],"class_list":{"0":"post-431","1":"product","2":"type-product","3":"status-publish","4":"has-post-thumbnail","6":"product_brand-mountain-horse","7":"product_cat-coats-jackets","8":"product_cat-kids-riding-clothing-rider","9":"product_cat-rider","10":"product_cat-riding-clothing-rider","11":"product_tag-kids","12":"product_tag-mountain-horse","13":"product_tag-rain-coat","14":"pa_colors-black","15":"pa_colors-mouve-pink","16":"pa_size-73","17":"pa_size-74","18":"pa_size-75","19":"pa_size-76","20":"pa_size-77","21":"pa_size-78","23":"first","24":"onbackorder","25":"sale","26":"taxable","27":"shipping-taxable","28":"purchasable","29":"product-type-variable"},"acf":[],"yoast_head":"<!-- This site is optimized with the Yoast SEO Premium plugin v26.2 (Yoast SEO v27.2) - https:\/\/yoast.com\/product\/yoast-seo-premium-wordpress\/ -->\n<title>Mountain Horse Junior Spirit Rain Coat | Parima hinnaga ratsavarustuse e-pood<\/title>\n<meta name=\"description\" content=\"Equidash - Ratsavarustuse veebipood Eestis ja Hispaanias. Lai valik vihmajopesid ja talvejopesid lastele. Mountain Horse Junior Spirit Rain Coat\" \/>\n<meta name=\"robots\" content=\"index, follow, max-snippet:-1, max-image-preview:large, max-video-preview:-1\" \/>\n<link rel=\"canonical\" href=\"https:\/\/equidash.eu\/et\/shop\/ratsanik\/ratsariided-ratsanik\/lapsed-ratsariided-ratsanik\/joped-mantlid-2\/mountain-horse-junior-spirit-rain-coat\/\" \/>\n<meta property=\"og:locale\" content=\"et_EE\" \/>\n<meta property=\"og:type\" content=\"article\" \/>\n<meta property=\"og:title\" content=\"Mountain Horse Junior Spirit Rain Coat\" \/>\n<meta property=\"og:description\" content=\"Equidash - Ratsavarustuse veebipood Eestis ja Hispaanias. Lai valik vihmajopesid ja talvejopesid lastele. Mountain Horse Junior Spirit Rain Coat\" \/>\n<meta property=\"og:url\" content=\"https:\/\/equidash.eu\/et\/shop\/ratsanik\/ratsariided-ratsanik\/lapsed-ratsariided-ratsanik\/joped-mantlid-2\/mountain-horse-junior-spirit-rain-coat\/\" \/>\n<meta property=\"og:site_name\" content=\"Parima hinnaga ratsavarustuse e-pood\" \/>\n<meta property=\"article:publisher\" content=\"https:\/\/www.facebook.com\/people\/EquiDash\/61560864479586\/\" \/>\n<meta property=\"article:modified_time\" content=\"2025-08-29T07:24:48+00:00\" \/>\n<meta property=\"og:image\" content=\"https:\/\/equidash.eu\/wp-content\/uploads\/2024\/11\/MH_Spirit-rain-coat-JR-Black_1-1.jpg\" \/>\n\t<meta property=\"og:image:width\" content=\"1000\" \/>\n\t<meta property=\"og:image:height\" content=\"1000\" \/>\n\t<meta property=\"og:image:type\" content=\"image\/jpeg\" \/>\n<meta name=\"twitter:card\" content=\"summary_large_image\" \/>\n<meta name=\"twitter:label1\" content=\"Availability\" \/>\n\t<meta name=\"twitter:data1\" content=\"On backorder\" \/>\n<script type=\"application\/ld+json\" class=\"yoast-schema-graph\">{\"@context\":\"https:\/\/schema.org\",\"@graph\":[{\"@type\":\"WebPage\",\"@id\":\"https:\/\/equidash.eu\/shop\/rider\/riding-clothing-rider\/kids-riding-clothing-rider\/coats-jackets\/mountain-horse-junior-spirit-rain-coat\/\",\"url\":\"https:\/\/equidash.eu\/shop\/rider\/riding-clothing-rider\/kids-riding-clothing-rider\/coats-jackets\/mountain-horse-junior-spirit-rain-coat\/\",\"name\":\"Mountain Horse Junior Spirit Rain Coat | Parima hinnaga ratsavarustuse e-pood\",\"isPartOf\":{\"@id\":\"https:\/\/equidash.eu\/#website\"},\"primaryImageOfPage\":{\"@id\":\"https:\/\/equidash.eu\/shop\/rider\/riding-clothing-rider\/kids-riding-clothing-rider\/coats-jackets\/mountain-horse-junior-spirit-rain-coat\/#primaryimage\"},\"image\":{\"@id\":\"https:\/\/equidash.eu\/shop\/rider\/riding-clothing-rider\/kids-riding-clothing-rider\/coats-jackets\/mountain-horse-junior-spirit-rain-coat\/#primaryimage\"},\"thumbnailUrl\":\"https:\/\/equidash.eu\/wp-content\/uploads\/2024\/11\/MH_Spirit-rain-coat-JR-Black_1-1.jpg\",\"datePublished\":\"2024-11-06T20:43:19+00:00\",\"dateModified\":\"2025-08-29T07:24:48+00:00\",\"description\":\"Equidash - Ratsavarustuse veebipood Eestis ja Hispaanias. Lai valik vihmajopesid ja talvejopesid lastele. Mountain Horse Junior Spirit Rain Coat\",\"breadcrumb\":{\"@id\":\"https:\/\/equidash.eu\/shop\/rider\/riding-clothing-rider\/kids-riding-clothing-rider\/coats-jackets\/mountain-horse-junior-spirit-rain-coat\/#breadcrumb\"},\"inLanguage\":\"et\",\"potentialAction\":[{\"@type\":\"ReadAction\",\"target\":[\"https:\/\/equidash.eu\/shop\/rider\/riding-clothing-rider\/kids-riding-clothing-rider\/coats-jackets\/mountain-horse-junior-spirit-rain-coat\/\"]}]},{\"@type\":\"ImageObject\",\"inLanguage\":\"et\",\"@id\":\"https:\/\/equidash.eu\/shop\/rider\/riding-clothing-rider\/kids-riding-clothing-rider\/coats-jackets\/mountain-horse-junior-spirit-rain-coat\/#primaryimage\",\"url\":\"https:\/\/equidash.eu\/wp-content\/uploads\/2024\/11\/MH_Spirit-rain-coat-JR-Black_1-1.jpg\",\"contentUrl\":\"https:\/\/equidash.eu\/wp-content\/uploads\/2024\/11\/MH_Spirit-rain-coat-JR-Black_1-1.jpg\",\"width\":1000,\"height\":1000},{\"@type\":\"BreadcrumbList\",\"@id\":\"https:\/\/equidash.eu\/shop\/rider\/riding-clothing-rider\/kids-riding-clothing-rider\/coats-jackets\/mountain-horse-junior-spirit-rain-coat\/#breadcrumb\",\"itemListElement\":[{\"@type\":\"ListItem\",\"position\":1,\"name\":\"Home\",\"item\":\"https:\/\/equidash.eu\/\"},{\"@type\":\"ListItem\",\"position\":2,\"name\":\"Shop\",\"item\":\"https:\/\/equidash.eu\/shop\/\"},{\"@type\":\"ListItem\",\"position\":3,\"name\":\"Mountain Horse Junior Spirit Rain Coat\"}]},{\"@type\":\"WebSite\",\"@id\":\"https:\/\/equidash.eu\/#website\",\"url\":\"https:\/\/equidash.eu\/\",\"name\":\"EquiDash\",\"description\":\"Horse Riding Equipment and Accessories\",\"publisher\":{\"@id\":\"https:\/\/equidash.eu\/#organization\"},\"alternateName\":\"EquiDash\",\"potentialAction\":[{\"@type\":\"SearchAction\",\"target\":{\"@type\":\"EntryPoint\",\"urlTemplate\":\"https:\/\/equidash.eu\/?s={search_term_string}\"},\"query-input\":{\"@type\":\"PropertyValueSpecification\",\"valueRequired\":true,\"valueName\":\"search_term_string\"}}],\"inLanguage\":\"et\"},{\"@type\":\"Organization\",\"@id\":\"https:\/\/equidash.eu\/#organization\",\"name\":\"EquiDash\",\"alternateName\":\"EquiDash\",\"url\":\"https:\/\/equidash.eu\/\",\"logo\":{\"@type\":\"ImageObject\",\"inLanguage\":\"et\",\"@id\":\"https:\/\/equidash.eu\/#\/schema\/logo\/image\/\",\"url\":\"https:\/\/equidash.eu\/wp-content\/uploads\/2024\/09\/EQUIDASH_Logo_Raud-1.png\",\"contentUrl\":\"https:\/\/equidash.eu\/wp-content\/uploads\/2024\/09\/EQUIDASH_Logo_Raud-1.png\",\"width\":393,\"height\":422,\"caption\":\"EquiDash\"},\"image\":{\"@id\":\"https:\/\/equidash.eu\/#\/schema\/logo\/image\/\"},\"sameAs\":[\"https:\/\/www.facebook.com\/people\/EquiDash\/61560864479586\/\",\"https:\/\/www.instagram.com\/equidash.eshop\/\"],\"email\":\"info@equidash.eu\",\"telephone\":\"+372 59007334\",\"legalName\":\"Takian Corporation O\u00dc\",\"foundingDate\":\"2020-10-21\",\"vatID\":\"EE102301283\",\"numberOfEmployees\":{\"@type\":\"QuantitativeValue\",\"minValue\":\"1\",\"maxValue\":\"10\"},\"hasMerchantReturnPolicy\":{\"@type\":\"MerchantReturnPolicy\",\"merchantReturnLink\":\"https:\/\/equidash.eu\/et\/return-privacy\/\"}}]}<\/script>\n<meta property=\"product:brand\" content=\"Mountain Horse\" \/>\n<meta property=\"og:availability\" content=\"backorder\" \/>\n<meta property=\"product:availability\" content=\"available for order\" \/>\n<meta property=\"product:condition\" content=\"new\" \/>\n<!-- \/ Yoast SEO Premium plugin. -->","yoast_head_json":{"title":"Mountain Horse Junior Spirit Rain Coat | Parima hinnaga ratsavarustuse e-pood","description":"Equidash - Ratsavarustuse veebipood Eestis ja Hispaanias. Lai valik vihmajopesid ja talvejopesid lastele. Mountain Horse Junior Spirit Rain Coat","robots":{"index":"index","follow":"follow","max-snippet":"max-snippet:-1","max-image-preview":"max-image-preview:large","max-video-preview":"max-video-preview:-1"},"canonical":"https:\/\/equidash.eu\/et\/shop\/ratsanik\/ratsariided-ratsanik\/lapsed-ratsariided-ratsanik\/joped-mantlid-2\/mountain-horse-junior-spirit-rain-coat\/","og_locale":"et_EE","og_type":"article","og_title":"Mountain Horse Junior Spirit Rain Coat","og_description":"Equidash - Ratsavarustuse veebipood Eestis ja Hispaanias. Lai valik vihmajopesid ja talvejopesid lastele. Mountain Horse Junior Spirit Rain Coat","og_url":"https:\/\/equidash.eu\/et\/shop\/ratsanik\/ratsariided-ratsanik\/lapsed-ratsariided-ratsanik\/joped-mantlid-2\/mountain-horse-junior-spirit-rain-coat\/","og_site_name":"Parima hinnaga ratsavarustuse e-pood","article_publisher":"https:\/\/www.facebook.com\/people\/EquiDash\/61560864479586\/","article_modified_time":"2025-08-29T07:24:48+00:00","og_image":[{"width":1000,"height":1000,"url":"https:\/\/equidash.eu\/wp-content\/uploads\/2024\/11\/MH_Spirit-rain-coat-JR-Black_1-1.jpg","type":"image\/jpeg"}],"twitter_card":"summary_large_image","twitter_misc":{"Availability":"On backorder"},"schema":{"@context":"https:\/\/schema.org","@graph":[{"@type":"WebPage","@id":"https:\/\/equidash.eu\/shop\/rider\/riding-clothing-rider\/kids-riding-clothing-rider\/coats-jackets\/mountain-horse-junior-spirit-rain-coat\/","url":"https:\/\/equidash.eu\/shop\/rider\/riding-clothing-rider\/kids-riding-clothing-rider\/coats-jackets\/mountain-horse-junior-spirit-rain-coat\/","name":"Mountain Horse Junior Spirit Rain Coat | Parima hinnaga ratsavarustuse e-pood","isPartOf":{"@id":"https:\/\/equidash.eu\/#website"},"primaryImageOfPage":{"@id":"https:\/\/equidash.eu\/shop\/rider\/riding-clothing-rider\/kids-riding-clothing-rider\/coats-jackets\/mountain-horse-junior-spirit-rain-coat\/#primaryimage"},"image":{"@id":"https:\/\/equidash.eu\/shop\/rider\/riding-clothing-rider\/kids-riding-clothing-rider\/coats-jackets\/mountain-horse-junior-spirit-rain-coat\/#primaryimage"},"thumbnailUrl":"https:\/\/equidash.eu\/wp-content\/uploads\/2024\/11\/MH_Spirit-rain-coat-JR-Black_1-1.jpg","datePublished":"2024-11-06T20:43:19+00:00","dateModified":"2025-08-29T07:24:48+00:00","description":"Equidash - Ratsavarustuse veebipood Eestis ja Hispaanias. Lai valik vihmajopesid ja talvejopesid lastele. Mountain Horse Junior Spirit Rain Coat","breadcrumb":{"@id":"https:\/\/equidash.eu\/shop\/rider\/riding-clothing-rider\/kids-riding-clothing-rider\/coats-jackets\/mountain-horse-junior-spirit-rain-coat\/#breadcrumb"},"inLanguage":"et","potentialAction":[{"@type":"ReadAction","target":["https:\/\/equidash.eu\/shop\/rider\/riding-clothing-rider\/kids-riding-clothing-rider\/coats-jackets\/mountain-horse-junior-spirit-rain-coat\/"]}]},{"@type":"ImageObject","inLanguage":"et","@id":"https:\/\/equidash.eu\/shop\/rider\/riding-clothing-rider\/kids-riding-clothing-rider\/coats-jackets\/mountain-horse-junior-spirit-rain-coat\/#primaryimage","url":"https:\/\/equidash.eu\/wp-content\/uploads\/2024\/11\/MH_Spirit-rain-coat-JR-Black_1-1.jpg","contentUrl":"https:\/\/equidash.eu\/wp-content\/uploads\/2024\/11\/MH_Spirit-rain-coat-JR-Black_1-1.jpg","width":1000,"height":1000},{"@type":"BreadcrumbList","@id":"https:\/\/equidash.eu\/shop\/rider\/riding-clothing-rider\/kids-riding-clothing-rider\/coats-jackets\/mountain-horse-junior-spirit-rain-coat\/#breadcrumb","itemListElement":[{"@type":"ListItem","position":1,"name":"Home","item":"https:\/\/equidash.eu\/"},{"@type":"ListItem","position":2,"name":"Shop","item":"https:\/\/equidash.eu\/shop\/"},{"@type":"ListItem","position":3,"name":"Mountain Horse Junior Spirit Rain Coat"}]},{"@type":"WebSite","@id":"https:\/\/equidash.eu\/#website","url":"https:\/\/equidash.eu\/","name":"EquiDash","description":"Horse Riding Equipment and Accessories","publisher":{"@id":"https:\/\/equidash.eu\/#organization"},"alternateName":"EquiDash","potentialAction":[{"@type":"SearchAction","target":{"@type":"EntryPoint","urlTemplate":"https:\/\/equidash.eu\/?s={search_term_string}"},"query-input":{"@type":"PropertyValueSpecification","valueRequired":true,"valueName":"search_term_string"}}],"inLanguage":"et"},{"@type":"Organization","@id":"https:\/\/equidash.eu\/#organization","name":"EquiDash","alternateName":"EquiDash","url":"https:\/\/equidash.eu\/","logo":{"@type":"ImageObject","inLanguage":"et","@id":"https:\/\/equidash.eu\/#\/schema\/logo\/image\/","url":"https:\/\/equidash.eu\/wp-content\/uploads\/2024\/09\/EQUIDASH_Logo_Raud-1.png","contentUrl":"https:\/\/equidash.eu\/wp-content\/uploads\/2024\/09\/EQUIDASH_Logo_Raud-1.png","width":393,"height":422,"caption":"EquiDash"},"image":{"@id":"https:\/\/equidash.eu\/#\/schema\/logo\/image\/"},"sameAs":["https:\/\/www.facebook.com\/people\/EquiDash\/61560864479586\/","https:\/\/www.instagram.com\/equidash.eshop\/"],"email":"info@equidash.eu","telephone":"+372 59007334","legalName":"Takian Corporation O\u00dc","foundingDate":"2020-10-21","vatID":"EE102301283","numberOfEmployees":{"@type":"QuantitativeValue","minValue":"1","maxValue":"10"},"hasMerchantReturnPolicy":{"@type":"MerchantReturnPolicy","merchantReturnLink":"https:\/\/equidash.eu\/et\/return-privacy\/"}}]},"product_brand":"Mountain Horse","og_availability":"backorder","product_availability":"available for order","product_condition":"new"},"_links":{"self":[{"href":"https:\/\/equidash.eu\/et\/wp-json\/wp\/v2\/product\/431","targetHints":{"allow":["GET"]}}],"collection":[{"href":"https:\/\/equidash.eu\/et\/wp-json\/wp\/v2\/product"}],"about":[{"href":"https:\/\/equidash.eu\/et\/wp-json\/wp\/v2\/types\/product"}],"wp:featuredmedia":[{"embeddable":true,"href":"https:\/\/equidash.eu\/et\/wp-json\/wp\/v2\/media\/947"}],"wp:attachment":[{"href":"https:\/\/equidash.eu\/et\/wp-json\/wp\/v2\/media?parent=431"}],"wp:term":[{"taxonomy":"product_brand","embeddable":true,"href":"https:\/\/equidash.eu\/et\/wp-json\/wp\/v2\/product_brand?post=431"},{"taxonomy":"product_cat","embeddable":true,"href":"https:\/\/equidash.eu\/et\/wp-json\/wp\/v2\/product_cat?post=431"},{"taxonomy":"product_tag","embeddable":true,"href":"https:\/\/equidash.eu\/et\/wp-json\/wp\/v2\/product_tag?post=431"}],"curies":[{"name":"wp","href":"https:\/\/api.w.org\/{rel}","templated":true}]}}