{"id":4342,"date":"2025-05-01T17:40:36","date_gmt":"2025-05-01T15:40:36","guid":{"rendered":"https:\/\/equidash.eu\/?post_type=product&#038;p=4342"},"modified":"2025-05-01T17:40:38","modified_gmt":"2025-05-01T15:40:38","slug":"imperial-riding-competition-shirt-grandprix","status":"publish","type":"product","link":"https:\/\/equidash.eu\/et\/shop\/rider\/imperial-riding-competition-shirt-grandprix\/","title":{"rendered":"Imperial Riding v\u00f5istluspluus Grandprix"},"content":{"rendered":"<p>Imperial Riding v\u00f5istluspluus Grandprix on valmistatud uskumatult pehmest v\u00f5rkkangast. Elegantne p\u00fcstkrae peidetud lukuga lisab stiilsust. L\u00fchikesed varrukad tagavad mugavuse ja liikumisvabaduse, samas kui kristallkividega logo rinnal lisab s\u00e4ra ja elegantsi. Silmapaistev valik ratsutajatele, kes hindavad nii mugavust kui ka kaunist v\u00e4limust.<\/p>\n<ul>\n<li><span style=\"font-size: 100%;\">Stiilne ja funktsionaalne v\u00f5istluss\u00e4rk<\/span><\/li>\n<li data-start=\"61\" data-end=\"95\"><span style=\"font-size: 100%;\">Valmistatud \u00fclipehmest v\u00f5rkkangast<\/span><\/li>\n<li data-start=\"61\" data-end=\"95\"><span style=\"font-size: 100%;\">Elegantne p\u00fcstkrae peidetud t\u00f5mblukuga<\/span><\/li>\n<li data-start=\"61\" data-end=\"95\"><span style=\"font-size: 100%;\">L\u00fchikesed varrukad mugavuse ja liikumisvabaduse tagamiseks<\/span><\/li>\n<li data-start=\"61\" data-end=\"95\"><span style=\"font-size: 100%;\">Kristallidega logo vasakul rinnal<\/span><\/li>\n<li data-start=\"61\" data-end=\"95\"><span style=\"font-size: 100%;\">Materjal: 80% puuvill, 20% elastaan<\/span><\/li>\n<\/ul>","protected":false},"excerpt":{"rendered":"<p><a href=\"https:\/\/equidash.eu\/et\/tootesilt\/imperial-riding\/\"><img decoding=\"async\" style=\"height: 60px; margin-top: 20px;\" src=\"https:\/\/equidash.eu\/wp-content\/uploads\/2024\/12\/IR-Small-Horseshoe_DivaPink.png\" alt=\"\" \/><\/a><\/p>","protected":false},"featured_media":4355,"template":"","meta":{"_acf_changed":false,"_joinchat":[]},"product_brand":[504],"product_cat":[210,22,203,261,206],"product_tag":[102,380,97,601,451],"class_list":{"0":"post-4342","1":"product","2":"type-product","3":"status-publish","4":"has-post-thumbnail","6":"product_brand-imperial-riding","7":"product_cat-competition-wear-women-riding-clothing-rider","8":"product_cat-rider","9":"product_cat-riding-clothing-rider","10":"product_cat-show-shirts","11":"product_cat-women-riding-clothing-rider","12":"product_tag-competition","13":"product_tag-imperial-riding","14":"product_tag-shirt","15":"product_tag-ss25-collection","16":"product_tag-women","17":"pa_colors-pink","18":"pa_colors-white","19":"pa_size-l","20":"pa_size-m","21":"pa_size-s","22":"pa_size-xl","23":"pa_size-xs","25":"first","26":"onbackorder","27":"taxable","28":"shipping-taxable","29":"purchasable","30":"product-type-variable"},"acf":[],"yoast_head":"<!-- This site is optimized with the Yoast SEO Premium plugin v26.2 (Yoast SEO v27.2) - https:\/\/yoast.com\/product\/yoast-seo-premium-wordpress\/ -->\n<title>Imperial Riding Competition Shirt Grandprix | Parima hinnaga ratsavarustuse e-pood<\/title>\n<meta name=\"description\" content=\"Imperial Riding Competition Shirt Grandprix\" \/>\n<meta name=\"robots\" content=\"index, follow, max-snippet:-1, max-image-preview:large, max-video-preview:-1\" \/>\n<link rel=\"canonical\" href=\"https:\/\/equidash.eu\/et\/shop\/ratsanik\/imperial-riding-competition-shirt-grandprix\/\" \/>\n<meta property=\"og:locale\" content=\"et_EE\" \/>\n<meta property=\"og:type\" content=\"article\" \/>\n<meta property=\"og:title\" content=\"Imperial Riding Competition Shirt Grandprix\" \/>\n<meta property=\"og:description\" content=\"Imperial Riding Competition Shirt Grandprix\" \/>\n<meta property=\"og:url\" content=\"https:\/\/equidash.eu\/et\/shop\/ratsanik\/imperial-riding-competition-shirt-grandprix\/\" \/>\n<meta property=\"og:site_name\" content=\"Parima hinnaga ratsavarustuse e-pood\" \/>\n<meta property=\"article:publisher\" content=\"https:\/\/www.facebook.com\/people\/EquiDash\/61560864479586\/\" \/>\n<meta property=\"article:modified_time\" content=\"2025-05-01T15:40:38+00:00\" \/>\n<meta property=\"og:image\" content=\"https:\/\/equidash.eu\/wp-content\/uploads\/2025\/05\/IRH_Women_Competition-Shirt_Grandprix_Ballerina_0-scaled.jpg\" \/>\n\t<meta property=\"og:image:width\" content=\"2560\" \/>\n\t<meta property=\"og:image:height\" content=\"2560\" \/>\n\t<meta property=\"og:image:type\" content=\"image\/jpeg\" \/>\n<meta name=\"twitter:card\" content=\"summary_large_image\" \/>\n<meta name=\"twitter:label1\" content=\"Availability\" \/>\n\t<meta name=\"twitter:data1\" content=\"On backorder\" \/>\n<script type=\"application\/ld+json\" class=\"yoast-schema-graph\">{\"@context\":\"https:\/\/schema.org\",\"@graph\":[{\"@type\":\"WebPage\",\"@id\":\"https:\/\/equidash.eu\/shop\/rider\/imperial-riding-competition-shirt-grandprix\/\",\"url\":\"https:\/\/equidash.eu\/shop\/rider\/imperial-riding-competition-shirt-grandprix\/\",\"name\":\"Imperial Riding Competition Shirt Grandprix | Parima hinnaga ratsavarustuse e-pood\",\"isPartOf\":{\"@id\":\"https:\/\/equidash.eu\/#website\"},\"primaryImageOfPage\":{\"@id\":\"https:\/\/equidash.eu\/shop\/rider\/imperial-riding-competition-shirt-grandprix\/#primaryimage\"},\"image\":{\"@id\":\"https:\/\/equidash.eu\/shop\/rider\/imperial-riding-competition-shirt-grandprix\/#primaryimage\"},\"thumbnailUrl\":\"https:\/\/equidash.eu\/wp-content\/uploads\/2025\/05\/IRH_Women_Competition-Shirt_Grandprix_Ballerina_0-scaled.jpg\",\"datePublished\":\"2025-05-01T15:40:36+00:00\",\"dateModified\":\"2025-05-01T15:40:38+00:00\",\"description\":\"Imperial Riding Competition Shirt Grandprix\",\"breadcrumb\":{\"@id\":\"https:\/\/equidash.eu\/shop\/rider\/imperial-riding-competition-shirt-grandprix\/#breadcrumb\"},\"inLanguage\":\"et\",\"potentialAction\":[{\"@type\":\"ReadAction\",\"target\":[\"https:\/\/equidash.eu\/shop\/rider\/imperial-riding-competition-shirt-grandprix\/\"]}]},{\"@type\":\"ImageObject\",\"inLanguage\":\"et\",\"@id\":\"https:\/\/equidash.eu\/shop\/rider\/imperial-riding-competition-shirt-grandprix\/#primaryimage\",\"url\":\"https:\/\/equidash.eu\/wp-content\/uploads\/2025\/05\/IRH_Women_Competition-Shirt_Grandprix_Ballerina_0-scaled.jpg\",\"contentUrl\":\"https:\/\/equidash.eu\/wp-content\/uploads\/2025\/05\/IRH_Women_Competition-Shirt_Grandprix_Ballerina_0-scaled.jpg\",\"width\":2560,\"height\":2560,\"caption\":\"V\u00f5istluss\u00e4rk Grandprix \u2013 elegantne ja hingav valik v\u00f5istlusteks\"},{\"@type\":\"BreadcrumbList\",\"@id\":\"https:\/\/equidash.eu\/shop\/rider\/imperial-riding-competition-shirt-grandprix\/#breadcrumb\",\"itemListElement\":[{\"@type\":\"ListItem\",\"position\":1,\"name\":\"Home\",\"item\":\"https:\/\/equidash.eu\/\"},{\"@type\":\"ListItem\",\"position\":2,\"name\":\"Shop\",\"item\":\"https:\/\/equidash.eu\/shop\/\"},{\"@type\":\"ListItem\",\"position\":3,\"name\":\"Imperial Riding Competition Shirt Grandprix\"}]},{\"@type\":\"WebSite\",\"@id\":\"https:\/\/equidash.eu\/#website\",\"url\":\"https:\/\/equidash.eu\/\",\"name\":\"EquiDash\",\"description\":\"Horse Riding Equipment and Accessories\",\"publisher\":{\"@id\":\"https:\/\/equidash.eu\/#organization\"},\"alternateName\":\"EquiDash\",\"potentialAction\":[{\"@type\":\"SearchAction\",\"target\":{\"@type\":\"EntryPoint\",\"urlTemplate\":\"https:\/\/equidash.eu\/?s={search_term_string}\"},\"query-input\":{\"@type\":\"PropertyValueSpecification\",\"valueRequired\":true,\"valueName\":\"search_term_string\"}}],\"inLanguage\":\"et\"},{\"@type\":\"Organization\",\"@id\":\"https:\/\/equidash.eu\/#organization\",\"name\":\"EquiDash\",\"alternateName\":\"EquiDash\",\"url\":\"https:\/\/equidash.eu\/\",\"logo\":{\"@type\":\"ImageObject\",\"inLanguage\":\"et\",\"@id\":\"https:\/\/equidash.eu\/#\/schema\/logo\/image\/\",\"url\":\"https:\/\/equidash.eu\/wp-content\/uploads\/2024\/09\/EQUIDASH_Logo_Raud-1.png\",\"contentUrl\":\"https:\/\/equidash.eu\/wp-content\/uploads\/2024\/09\/EQUIDASH_Logo_Raud-1.png\",\"width\":393,\"height\":422,\"caption\":\"EquiDash\"},\"image\":{\"@id\":\"https:\/\/equidash.eu\/#\/schema\/logo\/image\/\"},\"sameAs\":[\"https:\/\/www.facebook.com\/people\/EquiDash\/61560864479586\/\",\"https:\/\/www.instagram.com\/equidash.eshop\/\"],\"email\":\"info@equidash.eu\",\"telephone\":\"+372 59007334\",\"legalName\":\"Takian Corporation O\u00dc\",\"foundingDate\":\"2020-10-21\",\"vatID\":\"EE102301283\",\"numberOfEmployees\":{\"@type\":\"QuantitativeValue\",\"minValue\":\"1\",\"maxValue\":\"10\"},\"hasMerchantReturnPolicy\":{\"@type\":\"MerchantReturnPolicy\",\"merchantReturnLink\":\"https:\/\/equidash.eu\/et\/return-privacy\/\"}}]}<\/script>\n<meta property=\"product:brand\" content=\"Imperial Riding\" \/>\n<meta property=\"og:availability\" content=\"backorder\" \/>\n<meta property=\"product:availability\" content=\"available for order\" \/>\n<meta property=\"product:retailer_item_id\" content=\"KL35125013\" \/>\n<meta property=\"product:condition\" content=\"new\" \/>\n<!-- \/ Yoast SEO Premium plugin. -->","yoast_head_json":{"title":"Imperial Riding Competition Shirt Grandprix | Parima hinnaga ratsavarustuse e-pood","description":"Imperial Riding v\u00f5istluspluus Grandprix","robots":{"index":"index","follow":"follow","max-snippet":"max-snippet:-1","max-image-preview":"max-image-preview:large","max-video-preview":"max-video-preview:-1"},"canonical":"https:\/\/equidash.eu\/et\/shop\/ratsanik\/imperial-riding-competition-shirt-grandprix\/","og_locale":"et_EE","og_type":"article","og_title":"Imperial Riding Competition Shirt Grandprix","og_description":"Imperial Riding Competition Shirt Grandprix","og_url":"https:\/\/equidash.eu\/et\/shop\/ratsanik\/imperial-riding-competition-shirt-grandprix\/","og_site_name":"Parima hinnaga ratsavarustuse e-pood","article_publisher":"https:\/\/www.facebook.com\/people\/EquiDash\/61560864479586\/","article_modified_time":"2025-05-01T15:40:38+00:00","og_image":[{"width":2560,"height":2560,"url":"https:\/\/equidash.eu\/wp-content\/uploads\/2025\/05\/IRH_Women_Competition-Shirt_Grandprix_Ballerina_0-scaled.jpg","type":"image\/jpeg"}],"twitter_card":"summary_large_image","twitter_misc":{"Availability":"On backorder"},"schema":{"@context":"https:\/\/schema.org","@graph":[{"@type":"WebPage","@id":"https:\/\/equidash.eu\/shop\/rider\/imperial-riding-competition-shirt-grandprix\/","url":"https:\/\/equidash.eu\/shop\/rider\/imperial-riding-competition-shirt-grandprix\/","name":"Imperial Riding Competition Shirt Grandprix | Parima hinnaga ratsavarustuse e-pood","isPartOf":{"@id":"https:\/\/equidash.eu\/#website"},"primaryImageOfPage":{"@id":"https:\/\/equidash.eu\/shop\/rider\/imperial-riding-competition-shirt-grandprix\/#primaryimage"},"image":{"@id":"https:\/\/equidash.eu\/shop\/rider\/imperial-riding-competition-shirt-grandprix\/#primaryimage"},"thumbnailUrl":"https:\/\/equidash.eu\/wp-content\/uploads\/2025\/05\/IRH_Women_Competition-Shirt_Grandprix_Ballerina_0-scaled.jpg","datePublished":"2025-05-01T15:40:36+00:00","dateModified":"2025-05-01T15:40:38+00:00","description":"Imperial Riding v\u00f5istluspluus Grandprix","breadcrumb":{"@id":"https:\/\/equidash.eu\/shop\/rider\/imperial-riding-competition-shirt-grandprix\/#breadcrumb"},"inLanguage":"et","potentialAction":[{"@type":"ReadAction","target":["https:\/\/equidash.eu\/shop\/rider\/imperial-riding-competition-shirt-grandprix\/"]}]},{"@type":"ImageObject","inLanguage":"et","@id":"https:\/\/equidash.eu\/shop\/rider\/imperial-riding-competition-shirt-grandprix\/#primaryimage","url":"https:\/\/equidash.eu\/wp-content\/uploads\/2025\/05\/IRH_Women_Competition-Shirt_Grandprix_Ballerina_0-scaled.jpg","contentUrl":"https:\/\/equidash.eu\/wp-content\/uploads\/2025\/05\/IRH_Women_Competition-Shirt_Grandprix_Ballerina_0-scaled.jpg","width":2560,"height":2560,"caption":"V\u00f5istluss\u00e4rk Grandprix \u2013 elegantne ja hingav valik v\u00f5istlusteks"},{"@type":"BreadcrumbList","@id":"https:\/\/equidash.eu\/shop\/rider\/imperial-riding-competition-shirt-grandprix\/#breadcrumb","itemListElement":[{"@type":"ListItem","position":1,"name":"Home","item":"https:\/\/equidash.eu\/"},{"@type":"ListItem","position":2,"name":"Shop","item":"https:\/\/equidash.eu\/shop\/"},{"@type":"ListItem","position":3,"name":"Imperial Riding Competition Shirt Grandprix"}]},{"@type":"WebSite","@id":"https:\/\/equidash.eu\/#website","url":"https:\/\/equidash.eu\/","name":"EquiDash","description":"Horse Riding Equipment and Accessories","publisher":{"@id":"https:\/\/equidash.eu\/#organization"},"alternateName":"EquiDash","potentialAction":[{"@type":"SearchAction","target":{"@type":"EntryPoint","urlTemplate":"https:\/\/equidash.eu\/?s={search_term_string}"},"query-input":{"@type":"PropertyValueSpecification","valueRequired":true,"valueName":"search_term_string"}}],"inLanguage":"et"},{"@type":"Organization","@id":"https:\/\/equidash.eu\/#organization","name":"EquiDash","alternateName":"EquiDash","url":"https:\/\/equidash.eu\/","logo":{"@type":"ImageObject","inLanguage":"et","@id":"https:\/\/equidash.eu\/#\/schema\/logo\/image\/","url":"https:\/\/equidash.eu\/wp-content\/uploads\/2024\/09\/EQUIDASH_Logo_Raud-1.png","contentUrl":"https:\/\/equidash.eu\/wp-content\/uploads\/2024\/09\/EQUIDASH_Logo_Raud-1.png","width":393,"height":422,"caption":"EquiDash"},"image":{"@id":"https:\/\/equidash.eu\/#\/schema\/logo\/image\/"},"sameAs":["https:\/\/www.facebook.com\/people\/EquiDash\/61560864479586\/","https:\/\/www.instagram.com\/equidash.eshop\/"],"email":"info@equidash.eu","telephone":"+372 59007334","legalName":"Takian Corporation O\u00dc","foundingDate":"2020-10-21","vatID":"EE102301283","numberOfEmployees":{"@type":"QuantitativeValue","minValue":"1","maxValue":"10"},"hasMerchantReturnPolicy":{"@type":"MerchantReturnPolicy","merchantReturnLink":"https:\/\/equidash.eu\/et\/return-privacy\/"}}]},"product_brand":"Imperial Riding","og_availability":"backorder","product_availability":"available for order","product_retailer_item_id":"KL35125013","product_condition":"new"},"_links":{"self":[{"href":"https:\/\/equidash.eu\/et\/wp-json\/wp\/v2\/product\/4342","targetHints":{"allow":["GET"]}}],"collection":[{"href":"https:\/\/equidash.eu\/et\/wp-json\/wp\/v2\/product"}],"about":[{"href":"https:\/\/equidash.eu\/et\/wp-json\/wp\/v2\/types\/product"}],"wp:featuredmedia":[{"embeddable":true,"href":"https:\/\/equidash.eu\/et\/wp-json\/wp\/v2\/media\/4355"}],"wp:attachment":[{"href":"https:\/\/equidash.eu\/et\/wp-json\/wp\/v2\/media?parent=4342"}],"wp:term":[{"taxonomy":"product_brand","embeddable":true,"href":"https:\/\/equidash.eu\/et\/wp-json\/wp\/v2\/product_brand?post=4342"},{"taxonomy":"product_cat","embeddable":true,"href":"https:\/\/equidash.eu\/et\/wp-json\/wp\/v2\/product_cat?post=4342"},{"taxonomy":"product_tag","embeddable":true,"href":"https:\/\/equidash.eu\/et\/wp-json\/wp\/v2\/product_tag?post=4342"}],"curies":[{"name":"wp","href":"https:\/\/api.w.org\/{rel}","templated":true}]}}