{"id":4386,"date":"2025-05-03T23:36:08","date_gmt":"2025-05-03T21:36:08","guid":{"rendered":"https:\/\/equidash.eu\/?post_type=product&#038;p=4386"},"modified":"2025-10-27T20:07:08","modified_gmt":"2025-10-27T18:07:08","slug":"equine-products-ireland-strong-bone","status":"publish","type":"product","link":"https:\/\/equidash.eu\/et\/shop\/horse\/equine-products-ireland-strong-bone\/","title":{"rendered":"Equine Products Ireland lisand luudele ja liigestele Strong Bone+"},"content":{"rendered":"<p>Strong Bone + on revolutsiooniline s\u00f6\u00f6dalisand hobustele, mis toetab nii <strong data-start=\"307\" data-end=\"332\">tugevaid ja terveid luid <\/strong>ning parandab oluliselt <strong data-start=\"359\" data-end=\"377\">liigeste funktsiooni<\/strong> sporthobustel. Ideaalne intensiivse koormusega sporthobustele, aidates s\u00e4ilitada liikuvust, painduvust ja liigeste tervist.<\/p>\n<ul>\n<li>Toetab luude tugevust ja liigeste liikuvust<\/li>\n<li>Soodustab kiiremat taastumist treeningust ja vigastusest<\/li>\n<li>V\u00e4hendab p\u00f5letikku ja j\u00e4ikust<\/li>\n<li>Ideaalne spordi-, treening- v\u00f5i vananevatele hobustele<\/li>\n<li>Toetatud teadusp\u00f5histe koostisosadega<\/li>\n<\/ul>\n<h4 data-start=\"531\" data-end=\"579\"><strong data-start=\"536\" data-end=\"579\">Luude tugevus ja kaltsiumi imendumine:<\/strong><\/h4>\n<p>Tugeva koormuse all olevad sporthobused kogevad suurt f\u00fc\u00fcsilist stressi, mis avaldab survet nende luudele ja liigestele. Kaltsium on eluliselt t\u00e4htis luude moodustumiseks ja tugevana hoidmiseks ning Strong Bone + tagab t\u00f5husa 10,3 g kaltsiumi annuse kohta.<\/p>\n<p>Ainult kaltsiumist ei piisa \u2014 oluline on ka selle \u00f5ige imendumine. Just seet\u00f5ttu sisaldab Strong Bone + ka j\u00e4rgmist:<\/p>\n<ul>\n<li data-start=\"801\" data-end=\"903\"><strong data-start=\"906\" data-end=\"932\">Vitamiin D3 (10 000 IU)<\/strong> \u2013 soodustab kaltsiumi ja fosfori t\u00f5husat imendumist.<\/li>\n<li data-start=\"801\" data-end=\"903\"><strong data-start=\"991\" data-end=\"1005\">Vitamin K3<\/strong> \u2013 toetab luude ainevahetust ja kogu skeleti tugevust.<\/li>\n<\/ul>\n<p data-start=\"1066\" data-end=\"1157\">Need koostisosad aitavad koos s\u00e4ilitada vastupidavaid ja elastseid luid intensiivse treeningu ajal.<\/p>\n<h4 data-start=\"1164\" data-end=\"1220\"><strong data-start=\"1169\" data-end=\"1220\">Joint Support and Anti-Inflammatory Benefits:<\/strong><\/h4>\n<p data-start=\"1221\" data-end=\"1342\">Strong Bone + is packed with powerful compounds that promote joint health, reduce inflammation, and support recovery:<\/p>\n<ul>\n<li data-start=\"1346\" data-end=\"1527\"><strong data-start=\"1346\" data-end=\"1374\">Hyaluronic Acid (100 mg)<\/strong> \u2013 naturally present in synovial fluid, HA improves joint lubrication, supports flexibility, retains cellular moisture, and aids in post-injury recovery.<\/li>\n<li data-start=\"1346\" data-end=\"1527\"><strong data-start=\"1530\" data-end=\"1549\">MSM (10,000 mg)<\/strong> \u2013 a natural sulfur compound known for its anti-inflammatory effects, MSM reduces joint pain, improves circulation, and promotes smoother, pain-free movement.<\/li>\n<li data-start=\"1346\" data-end=\"1527\"><strong data-start=\"1710\" data-end=\"1746\">Curcumin (from turmeric extract)<\/strong> \u2013 helps suppress COX-2 and pro-inflammatory cytokines, reduces cartilage degradation, and supports long-term joint health.<\/li>\n<\/ul>\n<p data-start=\"1871\" data-end=\"2005\">These ingredients work synergistically to protect joints from wear and tear, promote mobility, and aid recovery from stress or injury.<\/p>\n<p data-start=\"2012\" data-end=\"2050\"><strong data-start=\"2016\" data-end=\"2050\">Ingredients (Per 75g Serving): <\/strong>Calcium: 10.3 g, Phosphorus: 4.0 g, Magnesium: 1.5 g, Hyaluronic Acid: 100 mg, MSM: 10,000 mg, Vitamin D3: 10,000 IU, Vitamin K3: 40 mg, Turmeric Extract (Curcuma Longa)<\/p>\n<p data-start=\"2282\" data-end=\"2304\"><strong data-start=\"2286\" data-end=\"2304\">S\u00f6\u00f6tmisjuhised:<\/strong><\/p>\n<ul>\n<li data-start=\"2307\" data-end=\"2353\"><strong data-start=\"2307\" data-end=\"2322\">Daily dose:<\/strong> Add 75g to feed once per day<\/li>\n<li data-start=\"2307\" data-end=\"2353\"><strong data-start=\"2356\" data-end=\"2371\">S\u00e4ilivusaeg:<\/strong> 24 kuud p\u00e4rast avamist.<\/li>\n<li data-start=\"2307\" data-end=\"2353\"><strong data-start=\"2386\" data-end=\"2398\">S\u00e4ilitamine:<\/strong> Store in a cool, dry place<\/li>\n<\/ul>\n<p class=\"p1\"><span style=\"font-size: 100%;\"><b>Sizes Available:\u00a0<\/b><\/span><\/p>\n<ul>\n<li class=\"p2\"><span style=\"font-size: 100%;\">4.5KG: 60 day supply for 1 Horse<\/span><\/li>\n<li class=\"p2\"><span style=\"font-size: 100%;\">1<\/span><span style=\"font-size: 100%;\"><span style=\"color: #555555;\">0KG: <\/span><span style=\"color: #555555;\">133 day supply for 1 Horse<\/span><\/span><\/li>\n<\/ul>","protected":false},"excerpt":{"rendered":"<p><a href=\"https:\/\/equidash.eu\/et\/tootesilt\/equine-products-ireland\/\"><img decoding=\"async\" style=\"height: 60px; margin-top: 20px;\" src=\"https:\/\/equidash.eu\/wp-content\/uploads\/2025\/02\/Equine-Products-Ireland-Logo.png\" alt=\"\" \/><\/a><\/p>","protected":false},"featured_media":4389,"template":"","meta":{"_acf_changed":false,"_joinchat":[]},"product_brand":[527],"product_cat":[27,251,405],"product_tag":[529,646,645],"class_list":{"0":"post-4386","1":"product","2":"type-product","3":"status-publish","4":"has-post-thumbnail","6":"product_brand-equine-products-ireland","7":"product_cat-horse","8":"product_cat-horse-feed-nutrition","9":"product_cat-supplements","10":"product_tag-equine-products-ireland","11":"product_tag-for-bones","12":"product_tag-strong-bone","13":"pa_size-10-kg","14":"pa_size-4-5-kg","16":"first","17":"outofstock","18":"taxable","19":"shipping-taxable","20":"product-type-variable"},"acf":[],"yoast_head":"<!-- This site is optimized with the Yoast SEO Premium plugin v26.2 (Yoast SEO v27.2) - https:\/\/yoast.com\/product\/yoast-seo-premium-wordpress\/ -->\n<title>Equine Products Ireland Strong Bone+ | Parima hinnaga ratsavarustuse e-pood<\/title>\n<meta name=\"description\" content=\"Equine Products Ireland Strong Bone +\" \/>\n<meta name=\"robots\" content=\"index, follow, max-snippet:-1, max-image-preview:large, max-video-preview:-1\" \/>\n<link rel=\"canonical\" href=\"https:\/\/equidash.eu\/et\/shop\/hobune\/equine-products-ireland-strong-bone\/\" \/>\n<meta property=\"og:locale\" content=\"et_EE\" \/>\n<meta property=\"og:type\" content=\"article\" \/>\n<meta property=\"og:title\" content=\"Equine Products Ireland Strong Bone+\" \/>\n<meta property=\"og:description\" content=\"Equine Products Ireland Strong Bone +\" \/>\n<meta property=\"og:url\" content=\"https:\/\/equidash.eu\/et\/shop\/hobune\/equine-products-ireland-strong-bone\/\" \/>\n<meta property=\"og:site_name\" content=\"Parima hinnaga ratsavarustuse e-pood\" \/>\n<meta property=\"article:publisher\" content=\"https:\/\/www.facebook.com\/people\/EquiDash\/61560864479586\/\" \/>\n<meta property=\"article:modified_time\" content=\"2025-10-27T18:07:08+00:00\" \/>\n<meta property=\"og:image\" content=\"https:\/\/equidash.eu\/wp-content\/uploads\/2025\/05\/Equine-Products-Ireland_Strong-Bone_0.png\" \/>\n\t<meta property=\"og:image:width\" content=\"1080\" \/>\n\t<meta property=\"og:image:height\" content=\"1080\" \/>\n\t<meta property=\"og:image:type\" content=\"image\/png\" \/>\n<meta name=\"twitter:card\" content=\"summary_large_image\" \/>\n<meta name=\"twitter:label1\" content=\"Availability\" \/>\n\t<meta name=\"twitter:data1\" content=\"Out of stock\" \/>\n<script type=\"application\/ld+json\" class=\"yoast-schema-graph\">{\"@context\":\"https:\/\/schema.org\",\"@graph\":[{\"@type\":\"WebPage\",\"@id\":\"https:\/\/equidash.eu\/shop\/horse\/equine-products-ireland-strong-bone\/\",\"url\":\"https:\/\/equidash.eu\/shop\/horse\/equine-products-ireland-strong-bone\/\",\"name\":\"Equine Products Ireland Strong Bone+ | Parima hinnaga ratsavarustuse e-pood\",\"isPartOf\":{\"@id\":\"https:\/\/equidash.eu\/#website\"},\"primaryImageOfPage\":{\"@id\":\"https:\/\/equidash.eu\/shop\/horse\/equine-products-ireland-strong-bone\/#primaryimage\"},\"image\":{\"@id\":\"https:\/\/equidash.eu\/shop\/horse\/equine-products-ireland-strong-bone\/#primaryimage\"},\"thumbnailUrl\":\"https:\/\/equidash.eu\/wp-content\/uploads\/2025\/05\/Equine-Products-Ireland_Strong-Bone_0.png\",\"datePublished\":\"2025-05-03T21:36:08+00:00\",\"dateModified\":\"2025-10-27T18:07:08+00:00\",\"description\":\"Equine Products Ireland Strong Bone +\",\"breadcrumb\":{\"@id\":\"https:\/\/equidash.eu\/shop\/horse\/equine-products-ireland-strong-bone\/#breadcrumb\"},\"inLanguage\":\"et\",\"potentialAction\":[{\"@type\":\"ReadAction\",\"target\":[\"https:\/\/equidash.eu\/shop\/horse\/equine-products-ireland-strong-bone\/\"]}]},{\"@type\":\"ImageObject\",\"inLanguage\":\"et\",\"@id\":\"https:\/\/equidash.eu\/shop\/horse\/equine-products-ireland-strong-bone\/#primaryimage\",\"url\":\"https:\/\/equidash.eu\/wp-content\/uploads\/2025\/05\/Equine-Products-Ireland_Strong-Bone_0.png\",\"contentUrl\":\"https:\/\/equidash.eu\/wp-content\/uploads\/2025\/05\/Equine-Products-Ireland_Strong-Bone_0.png\",\"width\":1080,\"height\":1080},{\"@type\":\"BreadcrumbList\",\"@id\":\"https:\/\/equidash.eu\/shop\/horse\/equine-products-ireland-strong-bone\/#breadcrumb\",\"itemListElement\":[{\"@type\":\"ListItem\",\"position\":1,\"name\":\"Home\",\"item\":\"https:\/\/equidash.eu\/\"},{\"@type\":\"ListItem\",\"position\":2,\"name\":\"Shop\",\"item\":\"https:\/\/equidash.eu\/shop\/\"},{\"@type\":\"ListItem\",\"position\":3,\"name\":\"Equine Products Ireland Strong Bone+\"}]},{\"@type\":\"WebSite\",\"@id\":\"https:\/\/equidash.eu\/#website\",\"url\":\"https:\/\/equidash.eu\/\",\"name\":\"EquiDash\",\"description\":\"Horse Riding Equipment and Accessories\",\"publisher\":{\"@id\":\"https:\/\/equidash.eu\/#organization\"},\"alternateName\":\"EquiDash\",\"potentialAction\":[{\"@type\":\"SearchAction\",\"target\":{\"@type\":\"EntryPoint\",\"urlTemplate\":\"https:\/\/equidash.eu\/?s={search_term_string}\"},\"query-input\":{\"@type\":\"PropertyValueSpecification\",\"valueRequired\":true,\"valueName\":\"search_term_string\"}}],\"inLanguage\":\"et\"},{\"@type\":\"Organization\",\"@id\":\"https:\/\/equidash.eu\/#organization\",\"name\":\"EquiDash\",\"alternateName\":\"EquiDash\",\"url\":\"https:\/\/equidash.eu\/\",\"logo\":{\"@type\":\"ImageObject\",\"inLanguage\":\"et\",\"@id\":\"https:\/\/equidash.eu\/#\/schema\/logo\/image\/\",\"url\":\"https:\/\/equidash.eu\/wp-content\/uploads\/2024\/09\/EQUIDASH_Logo_Raud-1.png\",\"contentUrl\":\"https:\/\/equidash.eu\/wp-content\/uploads\/2024\/09\/EQUIDASH_Logo_Raud-1.png\",\"width\":393,\"height\":422,\"caption\":\"EquiDash\"},\"image\":{\"@id\":\"https:\/\/equidash.eu\/#\/schema\/logo\/image\/\"},\"sameAs\":[\"https:\/\/www.facebook.com\/people\/EquiDash\/61560864479586\/\",\"https:\/\/www.instagram.com\/equidash.eshop\/\"],\"email\":\"info@equidash.eu\",\"telephone\":\"+372 59007334\",\"legalName\":\"Takian Corporation O\u00dc\",\"foundingDate\":\"2020-10-21\",\"vatID\":\"EE102301283\",\"numberOfEmployees\":{\"@type\":\"QuantitativeValue\",\"minValue\":\"1\",\"maxValue\":\"10\"},\"hasMerchantReturnPolicy\":{\"@type\":\"MerchantReturnPolicy\",\"merchantReturnLink\":\"https:\/\/equidash.eu\/et\/return-privacy\/\"}}]}<\/script>\n<meta property=\"product:brand\" content=\"Equine Products Ireland\" \/>\n<meta property=\"og:availability\" content=\"out of stock\" \/>\n<meta property=\"product:availability\" content=\"out of stock\" \/>\n<meta property=\"product:condition\" content=\"new\" \/>\n<!-- \/ Yoast SEO Premium plugin. -->","yoast_head_json":{"title":"Equine Products Ireland Strong Bone+ | Parima hinnaga ratsavarustuse e-pood","description":"Equine Products Ireland Strong Bone +","robots":{"index":"index","follow":"follow","max-snippet":"max-snippet:-1","max-image-preview":"max-image-preview:large","max-video-preview":"max-video-preview:-1"},"canonical":"https:\/\/equidash.eu\/et\/shop\/hobune\/equine-products-ireland-strong-bone\/","og_locale":"et_EE","og_type":"article","og_title":"Equine Products Ireland Strong Bone+","og_description":"Equine Products Ireland Strong Bone +","og_url":"https:\/\/equidash.eu\/et\/shop\/hobune\/equine-products-ireland-strong-bone\/","og_site_name":"Parima hinnaga ratsavarustuse e-pood","article_publisher":"https:\/\/www.facebook.com\/people\/EquiDash\/61560864479586\/","article_modified_time":"2025-10-27T18:07:08+00:00","og_image":[{"width":1080,"height":1080,"url":"https:\/\/equidash.eu\/wp-content\/uploads\/2025\/05\/Equine-Products-Ireland_Strong-Bone_0.png","type":"image\/png"}],"twitter_card":"summary_large_image","twitter_misc":{"Availability":"Out of stock"},"schema":{"@context":"https:\/\/schema.org","@graph":[{"@type":"WebPage","@id":"https:\/\/equidash.eu\/shop\/horse\/equine-products-ireland-strong-bone\/","url":"https:\/\/equidash.eu\/shop\/horse\/equine-products-ireland-strong-bone\/","name":"Equine Products Ireland Strong Bone+ | Parima hinnaga ratsavarustuse e-pood","isPartOf":{"@id":"https:\/\/equidash.eu\/#website"},"primaryImageOfPage":{"@id":"https:\/\/equidash.eu\/shop\/horse\/equine-products-ireland-strong-bone\/#primaryimage"},"image":{"@id":"https:\/\/equidash.eu\/shop\/horse\/equine-products-ireland-strong-bone\/#primaryimage"},"thumbnailUrl":"https:\/\/equidash.eu\/wp-content\/uploads\/2025\/05\/Equine-Products-Ireland_Strong-Bone_0.png","datePublished":"2025-05-03T21:36:08+00:00","dateModified":"2025-10-27T18:07:08+00:00","description":"Equine Products Ireland Strong Bone +","breadcrumb":{"@id":"https:\/\/equidash.eu\/shop\/horse\/equine-products-ireland-strong-bone\/#breadcrumb"},"inLanguage":"et","potentialAction":[{"@type":"ReadAction","target":["https:\/\/equidash.eu\/shop\/horse\/equine-products-ireland-strong-bone\/"]}]},{"@type":"ImageObject","inLanguage":"et","@id":"https:\/\/equidash.eu\/shop\/horse\/equine-products-ireland-strong-bone\/#primaryimage","url":"https:\/\/equidash.eu\/wp-content\/uploads\/2025\/05\/Equine-Products-Ireland_Strong-Bone_0.png","contentUrl":"https:\/\/equidash.eu\/wp-content\/uploads\/2025\/05\/Equine-Products-Ireland_Strong-Bone_0.png","width":1080,"height":1080},{"@type":"BreadcrumbList","@id":"https:\/\/equidash.eu\/shop\/horse\/equine-products-ireland-strong-bone\/#breadcrumb","itemListElement":[{"@type":"ListItem","position":1,"name":"Home","item":"https:\/\/equidash.eu\/"},{"@type":"ListItem","position":2,"name":"Shop","item":"https:\/\/equidash.eu\/shop\/"},{"@type":"ListItem","position":3,"name":"Equine Products Ireland Strong Bone+"}]},{"@type":"WebSite","@id":"https:\/\/equidash.eu\/#website","url":"https:\/\/equidash.eu\/","name":"EquiDash","description":"Horse Riding Equipment and Accessories","publisher":{"@id":"https:\/\/equidash.eu\/#organization"},"alternateName":"EquiDash","potentialAction":[{"@type":"SearchAction","target":{"@type":"EntryPoint","urlTemplate":"https:\/\/equidash.eu\/?s={search_term_string}"},"query-input":{"@type":"PropertyValueSpecification","valueRequired":true,"valueName":"search_term_string"}}],"inLanguage":"et"},{"@type":"Organization","@id":"https:\/\/equidash.eu\/#organization","name":"EquiDash","alternateName":"EquiDash","url":"https:\/\/equidash.eu\/","logo":{"@type":"ImageObject","inLanguage":"et","@id":"https:\/\/equidash.eu\/#\/schema\/logo\/image\/","url":"https:\/\/equidash.eu\/wp-content\/uploads\/2024\/09\/EQUIDASH_Logo_Raud-1.png","contentUrl":"https:\/\/equidash.eu\/wp-content\/uploads\/2024\/09\/EQUIDASH_Logo_Raud-1.png","width":393,"height":422,"caption":"EquiDash"},"image":{"@id":"https:\/\/equidash.eu\/#\/schema\/logo\/image\/"},"sameAs":["https:\/\/www.facebook.com\/people\/EquiDash\/61560864479586\/","https:\/\/www.instagram.com\/equidash.eshop\/"],"email":"info@equidash.eu","telephone":"+372 59007334","legalName":"Takian Corporation O\u00dc","foundingDate":"2020-10-21","vatID":"EE102301283","numberOfEmployees":{"@type":"QuantitativeValue","minValue":"1","maxValue":"10"},"hasMerchantReturnPolicy":{"@type":"MerchantReturnPolicy","merchantReturnLink":"https:\/\/equidash.eu\/et\/return-privacy\/"}}]},"product_brand":"Equine Products Ireland","og_availability":"out of stock","product_availability":"out of stock","product_condition":"new"},"_links":{"self":[{"href":"https:\/\/equidash.eu\/et\/wp-json\/wp\/v2\/product\/4386","targetHints":{"allow":["GET"]}}],"collection":[{"href":"https:\/\/equidash.eu\/et\/wp-json\/wp\/v2\/product"}],"about":[{"href":"https:\/\/equidash.eu\/et\/wp-json\/wp\/v2\/types\/product"}],"wp:featuredmedia":[{"embeddable":true,"href":"https:\/\/equidash.eu\/et\/wp-json\/wp\/v2\/media\/4389"}],"wp:attachment":[{"href":"https:\/\/equidash.eu\/et\/wp-json\/wp\/v2\/media?parent=4386"}],"wp:term":[{"taxonomy":"product_brand","embeddable":true,"href":"https:\/\/equidash.eu\/et\/wp-json\/wp\/v2\/product_brand?post=4386"},{"taxonomy":"product_cat","embeddable":true,"href":"https:\/\/equidash.eu\/et\/wp-json\/wp\/v2\/product_cat?post=4386"},{"taxonomy":"product_tag","embeddable":true,"href":"https:\/\/equidash.eu\/et\/wp-json\/wp\/v2\/product_tag?post=4386"}],"curies":[{"name":"wp","href":"https:\/\/api.w.org\/{rel}","templated":true}]}}