{"id":4427,"date":"2025-05-06T00:01:51","date_gmt":"2025-05-05T22:01:51","guid":{"rendered":"https:\/\/equidash.eu\/?post_type=product&#038;p=4427"},"modified":"2025-05-06T00:15:18","modified_gmt":"2025-05-05T22:15:18","slug":"imperial-riding-tall-boots-olania-dressage-black-croco","status":"publish","type":"product","link":"https:\/\/equidash.eu\/et\/shop\/rider\/imperial-riding-tall-boots-olania-dressage-black-croco\/","title":{"rendered":"Imperial Riding koolis\u00f5idusaapad Olania Black Croco"},"content":{"rendered":"<p>Imperial Riding koolis\u00f5idusaapad Olania on elegantsed ratsasaapad, kaunistatud s\u00e4delevate kivikeste ja krokodillinaha mustriga ning eest kaunistatud paeltega. Saabaste taga olev lukk teeb nende jalga panemise ja \u00e4rav\u00f5tmise lihtsaks.<\/p>\n<ul>\n<li><span style=\"font-size: 100%;\">Eye-catching dressage boot<\/span><\/li>\n<li><span style=\"font-size: 100%;\">Fitted with rhinestones and croco details<\/span><\/li>\n<li><span style=\"font-size: 100%;\">Laces at the front<\/span><\/li>\n<li><span style=\"font-size: 100%;\">Easy to put on thanks to the zip at the back<\/span><\/li>\n<li><span style=\"font-size: 100%;\">Made of high-quality and soft cowhide<\/span><\/li>\n<li>Handmade non-slip rubber sole<\/li>\n<li>Top and bottom snap lock protection<\/li>\n<\/ul>\n<p><span style=\"font-size: 100%;\">Care: Store boots in a dry place, Dry boots naturally if they get wet. DON&#8217;T use a hairdryer or place them near a heater or in a plastic bag., Keep boots out of heat and direct sunlight, Clean, condition and protect boots according to the type of leather and finish. Remove loose dirt or dust with a soft brush or damp cloth. Clean thoroughly with Lane leather conditioner or balm., Apply a thin coat of neutral shoe cream, then brush or buff with a soft cloth until the boots have a luster. Don&#8217;t use conditioners or creams, as they discolor or darken the leather.<\/span><\/p>\n<p><strong>Suurus:<\/strong><\/p>\n<ul>\n<li><span style=\"font-size: 100%;\">Short\/Regular<\/span><\/li>\n<li><span style=\"font-size: 100%;\">Short\/Wide<\/span><\/li>\n<li><span style=\"font-size: 100%;\">Regular\/Narrow<\/span><\/li>\n<li><span style=\"font-size: 100%;\">Regular\/Regular<\/span><\/li>\n<li><span style=\"font-size: 100%;\">Regular\/Wide<\/span><\/li>\n<li><span style=\"font-size: 100%;\">Long\/Narrow<\/span><\/li>\n<li><span style=\"font-size: 100%;\">Long\/Regular<\/span><\/li>\n<li><span style=\"font-size: 100%;\">Long\/Wide<\/span><\/li>\n<\/ul>","protected":false},"excerpt":{"rendered":"<p><a href=\"https:\/\/equidash.eu\/et\/tootesilt\/imperial-riding\/\"><img decoding=\"async\" style=\"height: 60px; margin-top: 20px;\" src=\"https:\/\/equidash.eu\/wp-content\/uploads\/2024\/12\/IR-Small-Horseshoe_DivaPink.png\" alt=\"\" \/><\/a><\/p>","protected":false},"featured_media":4465,"template":"","meta":{"_acf_changed":false,"_joinchat":[]},"product_brand":[504],"product_cat":[22,354,330],"product_tag":[657,300,380,656],"class_list":{"0":"post-4427","1":"product","2":"type-product","3":"status-publish","4":"has-post-thumbnail","6":"product_brand-imperial-riding","7":"product_cat-rider","8":"product_cat-riding-boots-rider","9":"product_cat-tall-boots","10":"product_tag-croco","11":"product_tag-dressage-boots","12":"product_tag-imperial-riding","13":"product_tag-olania","14":"pa_colors-black","15":"pa_footwear-333","16":"pa_footwear-341","17":"pa_footwear-340","18":"pa_footwear-339","19":"pa_footwear-338","20":"pa_footwear-337","21":"pa_footwear-336","22":"pa_style-long-narrow","23":"pa_style-long-wide","24":"pa_style-regular-narrow","25":"pa_style-regular-regular","26":"pa_style-short-wide","28":"first","29":"onbackorder","30":"taxable","31":"shipping-taxable","32":"purchasable","33":"product-type-variable","34":"has-default-attributes"},"acf":[],"yoast_head":"<!-- This site is optimized with the Yoast SEO Premium plugin v26.2 (Yoast SEO v27.2) - https:\/\/yoast.com\/product\/yoast-seo-premium-wordpress\/ -->\n<title>Imperial Riding Tall boots Olania Dressage Black Croco | Parima hinnaga ratsavarustuse e-pood<\/title>\n<meta name=\"description\" content=\"Imperial Riding Tall boots Olania Dressage Black Croco\" \/>\n<meta name=\"robots\" content=\"index, follow, max-snippet:-1, max-image-preview:large, max-video-preview:-1\" \/>\n<link rel=\"canonical\" href=\"https:\/\/equidash.eu\/et\/shop\/ratsanik\/imperial-riding-tall-boots-olania-dressage-black-croco\/\" \/>\n<meta property=\"og:locale\" content=\"et_EE\" \/>\n<meta property=\"og:type\" content=\"article\" \/>\n<meta property=\"og:title\" content=\"Imperial Riding Tall boots Olania Dressage Black Croco\" \/>\n<meta property=\"og:description\" content=\"Imperial Riding Tall boots Olania Dressage Black Croco\" \/>\n<meta property=\"og:url\" content=\"https:\/\/equidash.eu\/et\/shop\/ratsanik\/imperial-riding-tall-boots-olania-dressage-black-croco\/\" \/>\n<meta property=\"og:site_name\" content=\"Parima hinnaga ratsavarustuse e-pood\" \/>\n<meta property=\"article:publisher\" content=\"https:\/\/www.facebook.com\/people\/EquiDash\/61560864479586\/\" \/>\n<meta property=\"article:modified_time\" content=\"2025-05-05T22:15:18+00:00\" \/>\n<meta property=\"og:image\" content=\"https:\/\/equidash.eu\/wp-content\/uploads\/2025\/05\/IRH_Riding-Boots_Black-Black-Croco_0.png\" \/>\n\t<meta property=\"og:image:width\" content=\"1080\" \/>\n\t<meta property=\"og:image:height\" content=\"1080\" \/>\n\t<meta property=\"og:image:type\" content=\"image\/png\" \/>\n<meta name=\"twitter:card\" content=\"summary_large_image\" \/>\n<meta name=\"twitter:label1\" content=\"Availability\" \/>\n\t<meta name=\"twitter:data1\" content=\"On backorder\" \/>\n<script type=\"application\/ld+json\" class=\"yoast-schema-graph\">{\"@context\":\"https:\/\/schema.org\",\"@graph\":[{\"@type\":\"WebPage\",\"@id\":\"https:\/\/equidash.eu\/shop\/rider\/imperial-riding-tall-boots-olania-dressage-black-croco\/\",\"url\":\"https:\/\/equidash.eu\/shop\/rider\/imperial-riding-tall-boots-olania-dressage-black-croco\/\",\"name\":\"Imperial Riding Tall boots Olania Dressage Black Croco | Parima hinnaga ratsavarustuse e-pood\",\"isPartOf\":{\"@id\":\"https:\/\/equidash.eu\/#website\"},\"primaryImageOfPage\":{\"@id\":\"https:\/\/equidash.eu\/shop\/rider\/imperial-riding-tall-boots-olania-dressage-black-croco\/#primaryimage\"},\"image\":{\"@id\":\"https:\/\/equidash.eu\/shop\/rider\/imperial-riding-tall-boots-olania-dressage-black-croco\/#primaryimage\"},\"thumbnailUrl\":\"https:\/\/equidash.eu\/wp-content\/uploads\/2025\/05\/IRH_Riding-Boots_Black-Black-Croco_0.png\",\"datePublished\":\"2025-05-05T22:01:51+00:00\",\"dateModified\":\"2025-05-05T22:15:18+00:00\",\"description\":\"Imperial Riding Tall boots Olania Dressage Black Croco\",\"breadcrumb\":{\"@id\":\"https:\/\/equidash.eu\/shop\/rider\/imperial-riding-tall-boots-olania-dressage-black-croco\/#breadcrumb\"},\"inLanguage\":\"et\",\"potentialAction\":[{\"@type\":\"ReadAction\",\"target\":[\"https:\/\/equidash.eu\/shop\/rider\/imperial-riding-tall-boots-olania-dressage-black-croco\/\"]}]},{\"@type\":\"ImageObject\",\"inLanguage\":\"et\",\"@id\":\"https:\/\/equidash.eu\/shop\/rider\/imperial-riding-tall-boots-olania-dressage-black-croco\/#primaryimage\",\"url\":\"https:\/\/equidash.eu\/wp-content\/uploads\/2025\/05\/IRH_Riding-Boots_Black-Black-Croco_0.png\",\"contentUrl\":\"https:\/\/equidash.eu\/wp-content\/uploads\/2025\/05\/IRH_Riding-Boots_Black-Black-Croco_0.png\",\"width\":1080,\"height\":1080},{\"@type\":\"BreadcrumbList\",\"@id\":\"https:\/\/equidash.eu\/shop\/rider\/imperial-riding-tall-boots-olania-dressage-black-croco\/#breadcrumb\",\"itemListElement\":[{\"@type\":\"ListItem\",\"position\":1,\"name\":\"Home\",\"item\":\"https:\/\/equidash.eu\/\"},{\"@type\":\"ListItem\",\"position\":2,\"name\":\"Shop\",\"item\":\"https:\/\/equidash.eu\/shop\/\"},{\"@type\":\"ListItem\",\"position\":3,\"name\":\"Imperial Riding Tall boots Olania Dressage Black Croco\"}]},{\"@type\":\"WebSite\",\"@id\":\"https:\/\/equidash.eu\/#website\",\"url\":\"https:\/\/equidash.eu\/\",\"name\":\"EquiDash\",\"description\":\"Horse Riding Equipment and Accessories\",\"publisher\":{\"@id\":\"https:\/\/equidash.eu\/#organization\"},\"alternateName\":\"EquiDash\",\"potentialAction\":[{\"@type\":\"SearchAction\",\"target\":{\"@type\":\"EntryPoint\",\"urlTemplate\":\"https:\/\/equidash.eu\/?s={search_term_string}\"},\"query-input\":{\"@type\":\"PropertyValueSpecification\",\"valueRequired\":true,\"valueName\":\"search_term_string\"}}],\"inLanguage\":\"et\"},{\"@type\":\"Organization\",\"@id\":\"https:\/\/equidash.eu\/#organization\",\"name\":\"EquiDash\",\"alternateName\":\"EquiDash\",\"url\":\"https:\/\/equidash.eu\/\",\"logo\":{\"@type\":\"ImageObject\",\"inLanguage\":\"et\",\"@id\":\"https:\/\/equidash.eu\/#\/schema\/logo\/image\/\",\"url\":\"https:\/\/equidash.eu\/wp-content\/uploads\/2024\/09\/EQUIDASH_Logo_Raud-1.png\",\"contentUrl\":\"https:\/\/equidash.eu\/wp-content\/uploads\/2024\/09\/EQUIDASH_Logo_Raud-1.png\",\"width\":393,\"height\":422,\"caption\":\"EquiDash\"},\"image\":{\"@id\":\"https:\/\/equidash.eu\/#\/schema\/logo\/image\/\"},\"sameAs\":[\"https:\/\/www.facebook.com\/people\/EquiDash\/61560864479586\/\",\"https:\/\/www.instagram.com\/equidash.eshop\/\"],\"email\":\"info@equidash.eu\",\"telephone\":\"+372 59007334\",\"legalName\":\"Takian Corporation O\u00dc\",\"foundingDate\":\"2020-10-21\",\"vatID\":\"EE102301283\",\"numberOfEmployees\":{\"@type\":\"QuantitativeValue\",\"minValue\":\"1\",\"maxValue\":\"10\"},\"hasMerchantReturnPolicy\":{\"@type\":\"MerchantReturnPolicy\",\"merchantReturnLink\":\"https:\/\/equidash.eu\/et\/return-privacy\/\"}}]}<\/script>\n<meta property=\"product:brand\" content=\"Imperial Riding\" \/>\n<meta property=\"og:availability\" content=\"backorder\" \/>\n<meta property=\"product:availability\" content=\"available for order\" \/>\n<meta property=\"product:retailer_item_id\" content=\"LA80122007\" \/>\n<meta property=\"product:condition\" content=\"new\" \/>\n<!-- \/ Yoast SEO Premium plugin. -->","yoast_head_json":{"title":"Imperial Riding Tall boots Olania Dressage Black Croco | Parima hinnaga ratsavarustuse e-pood","description":"Imperial Riding koolis\u00f5idusaapad Olania Black Croco","robots":{"index":"index","follow":"follow","max-snippet":"max-snippet:-1","max-image-preview":"max-image-preview:large","max-video-preview":"max-video-preview:-1"},"canonical":"https:\/\/equidash.eu\/et\/shop\/ratsanik\/imperial-riding-tall-boots-olania-dressage-black-croco\/","og_locale":"et_EE","og_type":"article","og_title":"Imperial Riding Tall boots Olania Dressage Black Croco","og_description":"Imperial Riding Tall boots Olania Dressage Black Croco","og_url":"https:\/\/equidash.eu\/et\/shop\/ratsanik\/imperial-riding-tall-boots-olania-dressage-black-croco\/","og_site_name":"Parima hinnaga ratsavarustuse e-pood","article_publisher":"https:\/\/www.facebook.com\/people\/EquiDash\/61560864479586\/","article_modified_time":"2025-05-05T22:15:18+00:00","og_image":[{"width":1080,"height":1080,"url":"https:\/\/equidash.eu\/wp-content\/uploads\/2025\/05\/IRH_Riding-Boots_Black-Black-Croco_0.png","type":"image\/png"}],"twitter_card":"summary_large_image","twitter_misc":{"Availability":"On backorder"},"schema":{"@context":"https:\/\/schema.org","@graph":[{"@type":"WebPage","@id":"https:\/\/equidash.eu\/shop\/rider\/imperial-riding-tall-boots-olania-dressage-black-croco\/","url":"https:\/\/equidash.eu\/shop\/rider\/imperial-riding-tall-boots-olania-dressage-black-croco\/","name":"Imperial Riding Tall boots Olania Dressage Black Croco | Parima hinnaga ratsavarustuse e-pood","isPartOf":{"@id":"https:\/\/equidash.eu\/#website"},"primaryImageOfPage":{"@id":"https:\/\/equidash.eu\/shop\/rider\/imperial-riding-tall-boots-olania-dressage-black-croco\/#primaryimage"},"image":{"@id":"https:\/\/equidash.eu\/shop\/rider\/imperial-riding-tall-boots-olania-dressage-black-croco\/#primaryimage"},"thumbnailUrl":"https:\/\/equidash.eu\/wp-content\/uploads\/2025\/05\/IRH_Riding-Boots_Black-Black-Croco_0.png","datePublished":"2025-05-05T22:01:51+00:00","dateModified":"2025-05-05T22:15:18+00:00","description":"Imperial Riding koolis\u00f5idusaapad Olania Black Croco","breadcrumb":{"@id":"https:\/\/equidash.eu\/shop\/rider\/imperial-riding-tall-boots-olania-dressage-black-croco\/#breadcrumb"},"inLanguage":"et","potentialAction":[{"@type":"ReadAction","target":["https:\/\/equidash.eu\/shop\/rider\/imperial-riding-tall-boots-olania-dressage-black-croco\/"]}]},{"@type":"ImageObject","inLanguage":"et","@id":"https:\/\/equidash.eu\/shop\/rider\/imperial-riding-tall-boots-olania-dressage-black-croco\/#primaryimage","url":"https:\/\/equidash.eu\/wp-content\/uploads\/2025\/05\/IRH_Riding-Boots_Black-Black-Croco_0.png","contentUrl":"https:\/\/equidash.eu\/wp-content\/uploads\/2025\/05\/IRH_Riding-Boots_Black-Black-Croco_0.png","width":1080,"height":1080},{"@type":"BreadcrumbList","@id":"https:\/\/equidash.eu\/shop\/rider\/imperial-riding-tall-boots-olania-dressage-black-croco\/#breadcrumb","itemListElement":[{"@type":"ListItem","position":1,"name":"Home","item":"https:\/\/equidash.eu\/"},{"@type":"ListItem","position":2,"name":"Shop","item":"https:\/\/equidash.eu\/shop\/"},{"@type":"ListItem","position":3,"name":"Imperial Riding Tall boots Olania Dressage Black Croco"}]},{"@type":"WebSite","@id":"https:\/\/equidash.eu\/#website","url":"https:\/\/equidash.eu\/","name":"EquiDash","description":"Horse Riding Equipment and Accessories","publisher":{"@id":"https:\/\/equidash.eu\/#organization"},"alternateName":"EquiDash","potentialAction":[{"@type":"SearchAction","target":{"@type":"EntryPoint","urlTemplate":"https:\/\/equidash.eu\/?s={search_term_string}"},"query-input":{"@type":"PropertyValueSpecification","valueRequired":true,"valueName":"search_term_string"}}],"inLanguage":"et"},{"@type":"Organization","@id":"https:\/\/equidash.eu\/#organization","name":"EquiDash","alternateName":"EquiDash","url":"https:\/\/equidash.eu\/","logo":{"@type":"ImageObject","inLanguage":"et","@id":"https:\/\/equidash.eu\/#\/schema\/logo\/image\/","url":"https:\/\/equidash.eu\/wp-content\/uploads\/2024\/09\/EQUIDASH_Logo_Raud-1.png","contentUrl":"https:\/\/equidash.eu\/wp-content\/uploads\/2024\/09\/EQUIDASH_Logo_Raud-1.png","width":393,"height":422,"caption":"EquiDash"},"image":{"@id":"https:\/\/equidash.eu\/#\/schema\/logo\/image\/"},"sameAs":["https:\/\/www.facebook.com\/people\/EquiDash\/61560864479586\/","https:\/\/www.instagram.com\/equidash.eshop\/"],"email":"info@equidash.eu","telephone":"+372 59007334","legalName":"Takian Corporation O\u00dc","foundingDate":"2020-10-21","vatID":"EE102301283","numberOfEmployees":{"@type":"QuantitativeValue","minValue":"1","maxValue":"10"},"hasMerchantReturnPolicy":{"@type":"MerchantReturnPolicy","merchantReturnLink":"https:\/\/equidash.eu\/et\/return-privacy\/"}}]},"product_brand":"Imperial Riding","og_availability":"backorder","product_availability":"available for order","product_retailer_item_id":"LA80122007","product_condition":"new"},"_links":{"self":[{"href":"https:\/\/equidash.eu\/et\/wp-json\/wp\/v2\/product\/4427","targetHints":{"allow":["GET"]}}],"collection":[{"href":"https:\/\/equidash.eu\/et\/wp-json\/wp\/v2\/product"}],"about":[{"href":"https:\/\/equidash.eu\/et\/wp-json\/wp\/v2\/types\/product"}],"wp:featuredmedia":[{"embeddable":true,"href":"https:\/\/equidash.eu\/et\/wp-json\/wp\/v2\/media\/4465"}],"wp:attachment":[{"href":"https:\/\/equidash.eu\/et\/wp-json\/wp\/v2\/media?parent=4427"}],"wp:term":[{"taxonomy":"product_brand","embeddable":true,"href":"https:\/\/equidash.eu\/et\/wp-json\/wp\/v2\/product_brand?post=4427"},{"taxonomy":"product_cat","embeddable":true,"href":"https:\/\/equidash.eu\/et\/wp-json\/wp\/v2\/product_cat?post=4427"},{"taxonomy":"product_tag","embeddable":true,"href":"https:\/\/equidash.eu\/et\/wp-json\/wp\/v2\/product_tag?post=4427"}],"curies":[{"name":"wp","href":"https:\/\/api.w.org\/{rel}","templated":true}]}}