{"id":4582,"date":"2025-07-04T12:05:59","date_gmt":"2025-07-04T10:05:59","guid":{"rendered":"https:\/\/equidash.eu\/?post_type=product&#038;p=4582"},"modified":"2025-07-21T17:16:41","modified_gmt":"2025-07-21T15:16:41","slug":"cowboy-magic-shine-in-yellowout-shampoo","status":"publish","type":"product","link":"https:\/\/equidash.eu\/et\/shop\/horse\/cowboy-magic-shine-in-yellowout-shampoo\/","title":{"rendered":"Cowboy Magic\u00ae valgendav shampoon Yellowout\u2122"},"content":{"rendered":"<p><span style=\"font-size: 100%;\">Cowboy Magic\u00ae Shine In Yellowout neutraliseerib kollased plekid ja muudab igat v\u00e4rvi karva kirkamaks, olgu sinu hobuse v\u00e4rvuseks: must, valge, k\u00f5rb, raudjas, helepruun, h\u00f5bemustjas, palomino v\u00f5i kirju.<\/span><\/p>\n<ul>\n<li><span style=\"font-size: 100%;\"><strong data-redactor-tag=\"strong\">Eelised: <\/strong>Toodet v\u00f5ivad kasutada nii hobused, koerad kui ka inimesed. Shine In Yellowout\u2122 eemaldab isegi k\u00f5ige kangekaelsemad kollased plekid karvast ja annab tuhmile karvale \u2013 olenemata v\u00e4rvist \u2013 s\u00e4ravama l\u00e4ike. See j\u00e4tab karva siidiseks, l\u00e4ikivaks ja meeldivalt l\u00f5hnavaks.<\/span><\/li>\n<li><span style=\"font-size: 100%;\"><strong data-redactor-tag=\"strong\">Kasutamine: <\/strong>Kanna shampoon m\u00e4rjale karvale, masseeri sisse kuni sinine vaht muutub valgeks. Lase m\u00f5juda kaks kuni viis minutit, seej\u00e4rel loputa hoolikalt. Korda vajadusel.<\/span><\/li>\n<\/ul>\n<p><span style=\"font-size: 100%;\"><strong data-redactor-tag=\"strong\">Raskesti eemaldatavad plekid:<\/strong><\/span><\/p>\n<p><span style=\"font-size: 100%;\">Proovi k\u00f5igepealt Cowboy Magic\u00ae toodet <a href=\"https:\/\/equidash.eu\/et\/shop\/hobune\/cowboy-magic-greenspot-remover\/\">Greenspot Remover\u00ae<\/a>plekieemaldajat, seej\u00e4rel kasuta Shine In Yellowout\u2122 shampooni vastavalt juhistele. Kui plekk ei kao, v\u00f5ib see olla p\u00fcsiv, selle jaoks korda sama pesu uuesti, et minimeerida p\u00fcsivat kollakat tooni kuni plekiline ala j\u00f5uab v\u00e4lja kasvada.<\/span><\/p>\n<p><span style=\"font-size: 100%;\"><strong data-redactor-tag=\"strong\">Koostis<\/strong><strong data-redactor-tag=\"strong\">:<\/strong>\u00a0Vesi, naatriumlaur\u00fc\u00fclsulfaat, naatriumlaureetsulfaat, kokamiid MEA, naatriumkloriid, kokamidoprop\u00fc\u00fclbetaiin, aaloe lehe mahl, l\u00f5hnaaine, Ext. Violet #2 (CI 60730), guarh\u00fcdroks\u00fcprop\u00fc\u00fcltrimonioonkloriid, etoks\u00fcleeritud alkohol, steariinhape, h\u00fcdrol\u00fc\u00fcsitud siidiproteiin, tokofer\u00fc\u00fclatsetaat (E-vitamiin), sidrunhape, pantenool, tetrasodium EDTA, sinine v\u00e4rvaine #1 (CI 42090), met\u00fc\u00fclkloroisotiasolinoon \/ met\u00fc\u00fclisotiasolinoon.\nKoos ekstraktidega: kummel (Chamomilla Recutita), harilik varemerohi (Symphytum Officinale), mesi, p\u00f5ldosi (Equisetum Arvense), k\u00f5rven\u00f5ges (Urtica Dioica), aedsalvei (Salvia Officinalis), piparm\u00fcnt (Mentha Piperita), roos (Rosa Centifolia), heks\u00fc\u00fcltsinnamaal.<\/span><\/p>\n<p><iframe loading=\"lazy\" title=\"Cowboy Magic - Shine In\/Yellow Out\" width=\"1020\" height=\"574\" src=\"https:\/\/www.youtube.com\/embed\/PdbuBomDTw4?start=2&#038;feature=oembed&#038;enablejsapi=1&#038;origin=https:\/\/equidash.eu\" frameborder=\"0\" allow=\"accelerometer; autoplay; clipboard-write; encrypted-media; gyroscope; picture-in-picture; web-share\" referrerpolicy=\"strict-origin-when-cross-origin\" allowfullscreen><\/iframe><\/p>","protected":false},"excerpt":{"rendered":"<p><a href=\"https:\/\/equidash.eu\/et\/tootesilt\/cowboy-magic\/\"><img decoding=\"async\" style=\"height: 60px; margin-top: 20px;\" src=\"https:\/\/equidash.eu\/wp-content\/uploads\/2024\/10\/Cowboy-Magic_Logo_Horiz_WEB_1204x630-1.png-1.png\" alt=\"\" \/><\/a><\/p>","protected":false},"featured_media":4590,"template":"","meta":{"_acf_changed":false,"_joinchat":[]},"product_brand":[513],"product_cat":[189,27,245,243],"product_tag":[287,292,682,683],"class_list":{"0":"post-4582","1":"product","2":"type-product","3":"status-publish","4":"has-post-thumbnail","6":"product_brand-cowboy-magic","7":"product_cat-health-care-horse","8":"product_cat-horse","9":"product_cat-shampoos-conditioners","10":"product_cat-skin-mane-care","11":"product_tag-cowboy-magic","12":"product_tag-shampoo","13":"product_tag-whitening-shampoo","14":"product_tag-yellowout","15":"pa_size-473-ml","16":"pa_size-946-ml","18":"first","19":"instock","20":"taxable","21":"shipping-taxable","22":"purchasable","23":"product-type-variable"},"acf":[],"yoast_head":"<!-- This site is optimized with the Yoast SEO Premium plugin v26.2 (Yoast SEO v27.3) - https:\/\/yoast.com\/product\/yoast-seo-premium-wordpress\/ -->\n<title>Cowboy Magic\u00ae Shine In Yellowout\u2122 Shampoo | Parima hinnaga ratsavarustuse e-pood<\/title>\n<meta name=\"description\" content=\"Cowboy Magic\u00ae Shine In Yellowout\u2122 Shampoo\" \/>\n<meta name=\"robots\" content=\"index, follow, max-snippet:-1, max-image-preview:large, max-video-preview:-1\" \/>\n<link rel=\"canonical\" href=\"https:\/\/equidash.eu\/et\/shop\/hobune\/cowboy-magic-shine-in-yellowout-shampoo\/\" \/>\n<meta property=\"og:locale\" content=\"et_EE\" \/>\n<meta property=\"og:type\" content=\"article\" \/>\n<meta property=\"og:title\" content=\"Cowboy Magic\u00ae Shine In Yellowout\u2122 Shampoo\" \/>\n<meta property=\"og:description\" content=\"Cowboy Magic\u00ae Shine In Yellowout\u2122 Shampoo\" \/>\n<meta property=\"og:url\" content=\"https:\/\/equidash.eu\/et\/shop\/hobune\/cowboy-magic-shine-in-yellowout-shampoo\/\" \/>\n<meta property=\"og:site_name\" content=\"Parima hinnaga ratsavarustuse e-pood\" \/>\n<meta property=\"article:publisher\" content=\"https:\/\/www.facebook.com\/people\/EquiDash\/61560864479586\/\" \/>\n<meta property=\"article:modified_time\" content=\"2025-07-21T15:16:41+00:00\" \/>\n<meta property=\"og:image\" content=\"https:\/\/equidash.eu\/wp-content\/uploads\/2025\/07\/CowboyMagic_ShineInYellowShampoo.png\" \/>\n\t<meta property=\"og:image:width\" content=\"1080\" \/>\n\t<meta property=\"og:image:height\" content=\"1080\" \/>\n\t<meta property=\"og:image:type\" content=\"image\/png\" \/>\n<meta name=\"twitter:card\" content=\"summary_large_image\" \/>\n<meta name=\"twitter:label1\" content=\"Availability\" \/>\n\t<meta name=\"twitter:data1\" content=\"In stock\" \/>\n<script type=\"application\/ld+json\" class=\"yoast-schema-graph\">{\"@context\":\"https:\\\/\\\/schema.org\",\"@graph\":[{\"@type\":\"WebPage\",\"@id\":\"https:\\\/\\\/equidash.eu\\\/shop\\\/horse\\\/cowboy-magic-shine-in-yellowout-shampoo\\\/\",\"url\":\"https:\\\/\\\/equidash.eu\\\/shop\\\/horse\\\/cowboy-magic-shine-in-yellowout-shampoo\\\/\",\"name\":\"Cowboy Magic\u00ae Shine In Yellowout\u2122 Shampoo | Parima hinnaga ratsavarustuse e-pood\",\"isPartOf\":{\"@id\":\"https:\\\/\\\/equidash.eu\\\/#website\"},\"primaryImageOfPage\":{\"@id\":\"https:\\\/\\\/equidash.eu\\\/shop\\\/horse\\\/cowboy-magic-shine-in-yellowout-shampoo\\\/#primaryimage\"},\"image\":{\"@id\":\"https:\\\/\\\/equidash.eu\\\/shop\\\/horse\\\/cowboy-magic-shine-in-yellowout-shampoo\\\/#primaryimage\"},\"thumbnailUrl\":\"https:\\\/\\\/equidash.eu\\\/wp-content\\\/uploads\\\/2025\\\/07\\\/CowboyMagic_ShineInYellowShampoo.png\",\"datePublished\":\"2025-07-04T10:05:59+00:00\",\"dateModified\":\"2025-07-21T15:16:41+00:00\",\"description\":\"Cowboy Magic\u00ae Shine In Yellowout\u2122 Shampoo\",\"breadcrumb\":{\"@id\":\"https:\\\/\\\/equidash.eu\\\/shop\\\/horse\\\/cowboy-magic-shine-in-yellowout-shampoo\\\/#breadcrumb\"},\"inLanguage\":\"et\",\"potentialAction\":[{\"@type\":\"ReadAction\",\"target\":[\"https:\\\/\\\/equidash.eu\\\/shop\\\/horse\\\/cowboy-magic-shine-in-yellowout-shampoo\\\/\"]}]},{\"@type\":\"ImageObject\",\"inLanguage\":\"et\",\"@id\":\"https:\\\/\\\/equidash.eu\\\/shop\\\/horse\\\/cowboy-magic-shine-in-yellowout-shampoo\\\/#primaryimage\",\"url\":\"https:\\\/\\\/equidash.eu\\\/wp-content\\\/uploads\\\/2025\\\/07\\\/CowboyMagic_ShineInYellowShampoo.png\",\"contentUrl\":\"https:\\\/\\\/equidash.eu\\\/wp-content\\\/uploads\\\/2025\\\/07\\\/CowboyMagic_ShineInYellowShampoo.png\",\"width\":1080,\"height\":1080},{\"@type\":\"BreadcrumbList\",\"@id\":\"https:\\\/\\\/equidash.eu\\\/shop\\\/horse\\\/cowboy-magic-shine-in-yellowout-shampoo\\\/#breadcrumb\",\"itemListElement\":[{\"@type\":\"ListItem\",\"position\":1,\"name\":\"Home\",\"item\":\"https:\\\/\\\/equidash.eu\\\/\"},{\"@type\":\"ListItem\",\"position\":2,\"name\":\"Shop\",\"item\":\"https:\\\/\\\/equidash.eu\\\/shop\\\/\"},{\"@type\":\"ListItem\",\"position\":3,\"name\":\"Cowboy Magic\u00ae Shine In Yellowout\u2122 Shampoo\"}]},{\"@type\":\"WebSite\",\"@id\":\"https:\\\/\\\/equidash.eu\\\/#website\",\"url\":\"https:\\\/\\\/equidash.eu\\\/\",\"name\":\"EquiDash\",\"description\":\"Horse Riding Equipment and Accessories\",\"publisher\":{\"@id\":\"https:\\\/\\\/equidash.eu\\\/#organization\"},\"alternateName\":\"EquiDash\",\"potentialAction\":[{\"@type\":\"SearchAction\",\"target\":{\"@type\":\"EntryPoint\",\"urlTemplate\":\"https:\\\/\\\/equidash.eu\\\/?s={search_term_string}\"},\"query-input\":{\"@type\":\"PropertyValueSpecification\",\"valueRequired\":true,\"valueName\":\"search_term_string\"}}],\"inLanguage\":\"et\"},{\"@type\":\"Organization\",\"@id\":\"https:\\\/\\\/equidash.eu\\\/#organization\",\"name\":\"EquiDash\",\"alternateName\":\"EquiDash\",\"url\":\"https:\\\/\\\/equidash.eu\\\/\",\"logo\":{\"@type\":\"ImageObject\",\"inLanguage\":\"et\",\"@id\":\"https:\\\/\\\/equidash.eu\\\/#\\\/schema\\\/logo\\\/image\\\/\",\"url\":\"https:\\\/\\\/equidash.eu\\\/wp-content\\\/uploads\\\/2024\\\/09\\\/EQUIDASH_Logo_Raud-1.png\",\"contentUrl\":\"https:\\\/\\\/equidash.eu\\\/wp-content\\\/uploads\\\/2024\\\/09\\\/EQUIDASH_Logo_Raud-1.png\",\"width\":393,\"height\":422,\"caption\":\"EquiDash\"},\"image\":{\"@id\":\"https:\\\/\\\/equidash.eu\\\/#\\\/schema\\\/logo\\\/image\\\/\"},\"sameAs\":[\"https:\\\/\\\/www.facebook.com\\\/people\\\/EquiDash\\\/61560864479586\\\/\",\"https:\\\/\\\/www.instagram.com\\\/equidash.eshop\\\/\"],\"email\":\"info@equidash.eu\",\"telephone\":\"+372 59007334\",\"legalName\":\"Takian Corporation O\u00dc\",\"foundingDate\":\"2020-10-21\",\"vatID\":\"EE102301283\",\"numberOfEmployees\":{\"@type\":\"QuantitativeValue\",\"minValue\":\"1\",\"maxValue\":\"10\"},\"hasMerchantReturnPolicy\":{\"@type\":\"MerchantReturnPolicy\",\"merchantReturnLink\":\"https:\\\/\\\/equidash.eu\\\/et\\\/return-privacy\\\/\"}}]}<\/script>\n<meta property=\"product:brand\" content=\"Cowboy Magic\u00ae\" \/>\n<meta property=\"og:availability\" content=\"instock\" \/>\n<meta property=\"product:availability\" content=\"instock\" \/>\n<meta property=\"product:condition\" content=\"new\" \/>\n<!-- \/ Yoast SEO Premium plugin. -->","yoast_head_json":{"title":"Cowboy Magic\u00ae Shine In Yellowout\u2122 Shampoo | Parima hinnaga ratsavarustuse e-pood","description":"Cowboy Magic\u00ae valgendav shampoon Yellowout\u2122","robots":{"index":"index","follow":"follow","max-snippet":"max-snippet:-1","max-image-preview":"max-image-preview:large","max-video-preview":"max-video-preview:-1"},"canonical":"https:\/\/equidash.eu\/et\/shop\/hobune\/cowboy-magic-shine-in-yellowout-shampoo\/","og_locale":"et_EE","og_type":"article","og_title":"Cowboy Magic\u00ae Shine In Yellowout\u2122 Shampoo","og_description":"Cowboy Magic\u00ae Shine In Yellowout\u2122 Shampoo","og_url":"https:\/\/equidash.eu\/et\/shop\/hobune\/cowboy-magic-shine-in-yellowout-shampoo\/","og_site_name":"Parima hinnaga ratsavarustuse e-pood","article_publisher":"https:\/\/www.facebook.com\/people\/EquiDash\/61560864479586\/","article_modified_time":"2025-07-21T15:16:41+00:00","og_image":[{"width":1080,"height":1080,"url":"https:\/\/equidash.eu\/wp-content\/uploads\/2025\/07\/CowboyMagic_ShineInYellowShampoo.png","type":"image\/png"}],"twitter_card":"summary_large_image","twitter_misc":{"Availability":"In stock"},"schema":{"@context":"https:\/\/schema.org","@graph":[{"@type":"WebPage","@id":"https:\/\/equidash.eu\/shop\/horse\/cowboy-magic-shine-in-yellowout-shampoo\/","url":"https:\/\/equidash.eu\/shop\/horse\/cowboy-magic-shine-in-yellowout-shampoo\/","name":"Cowboy Magic\u00ae Shine In Yellowout\u2122 Shampoo | Parima hinnaga ratsavarustuse e-pood","isPartOf":{"@id":"https:\/\/equidash.eu\/#website"},"primaryImageOfPage":{"@id":"https:\/\/equidash.eu\/shop\/horse\/cowboy-magic-shine-in-yellowout-shampoo\/#primaryimage"},"image":{"@id":"https:\/\/equidash.eu\/shop\/horse\/cowboy-magic-shine-in-yellowout-shampoo\/#primaryimage"},"thumbnailUrl":"https:\/\/equidash.eu\/wp-content\/uploads\/2025\/07\/CowboyMagic_ShineInYellowShampoo.png","datePublished":"2025-07-04T10:05:59+00:00","dateModified":"2025-07-21T15:16:41+00:00","description":"Cowboy Magic\u00ae valgendav shampoon Yellowout\u2122","breadcrumb":{"@id":"https:\/\/equidash.eu\/shop\/horse\/cowboy-magic-shine-in-yellowout-shampoo\/#breadcrumb"},"inLanguage":"et","potentialAction":[{"@type":"ReadAction","target":["https:\/\/equidash.eu\/shop\/horse\/cowboy-magic-shine-in-yellowout-shampoo\/"]}]},{"@type":"ImageObject","inLanguage":"et","@id":"https:\/\/equidash.eu\/shop\/horse\/cowboy-magic-shine-in-yellowout-shampoo\/#primaryimage","url":"https:\/\/equidash.eu\/wp-content\/uploads\/2025\/07\/CowboyMagic_ShineInYellowShampoo.png","contentUrl":"https:\/\/equidash.eu\/wp-content\/uploads\/2025\/07\/CowboyMagic_ShineInYellowShampoo.png","width":1080,"height":1080},{"@type":"BreadcrumbList","@id":"https:\/\/equidash.eu\/shop\/horse\/cowboy-magic-shine-in-yellowout-shampoo\/#breadcrumb","itemListElement":[{"@type":"ListItem","position":1,"name":"Home","item":"https:\/\/equidash.eu\/"},{"@type":"ListItem","position":2,"name":"Shop","item":"https:\/\/equidash.eu\/shop\/"},{"@type":"ListItem","position":3,"name":"Cowboy Magic\u00ae Shine In Yellowout\u2122 Shampoo"}]},{"@type":"WebSite","@id":"https:\/\/equidash.eu\/#website","url":"https:\/\/equidash.eu\/","name":"EquiDash","description":"Horse Riding Equipment and Accessories","publisher":{"@id":"https:\/\/equidash.eu\/#organization"},"alternateName":"EquiDash","potentialAction":[{"@type":"SearchAction","target":{"@type":"EntryPoint","urlTemplate":"https:\/\/equidash.eu\/?s={search_term_string}"},"query-input":{"@type":"PropertyValueSpecification","valueRequired":true,"valueName":"search_term_string"}}],"inLanguage":"et"},{"@type":"Organization","@id":"https:\/\/equidash.eu\/#organization","name":"EquiDash","alternateName":"EquiDash","url":"https:\/\/equidash.eu\/","logo":{"@type":"ImageObject","inLanguage":"et","@id":"https:\/\/equidash.eu\/#\/schema\/logo\/image\/","url":"https:\/\/equidash.eu\/wp-content\/uploads\/2024\/09\/EQUIDASH_Logo_Raud-1.png","contentUrl":"https:\/\/equidash.eu\/wp-content\/uploads\/2024\/09\/EQUIDASH_Logo_Raud-1.png","width":393,"height":422,"caption":"EquiDash"},"image":{"@id":"https:\/\/equidash.eu\/#\/schema\/logo\/image\/"},"sameAs":["https:\/\/www.facebook.com\/people\/EquiDash\/61560864479586\/","https:\/\/www.instagram.com\/equidash.eshop\/"],"email":"info@equidash.eu","telephone":"+372 59007334","legalName":"Takian Corporation O\u00dc","foundingDate":"2020-10-21","vatID":"EE102301283","numberOfEmployees":{"@type":"QuantitativeValue","minValue":"1","maxValue":"10"},"hasMerchantReturnPolicy":{"@type":"MerchantReturnPolicy","merchantReturnLink":"https:\/\/equidash.eu\/et\/return-privacy\/"}}]},"product_brand":"Cowboy Magic\u00ae","og_availability":"instock","product_availability":"instock","product_condition":"new"},"_links":{"self":[{"href":"https:\/\/equidash.eu\/et\/wp-json\/wp\/v2\/product\/4582","targetHints":{"allow":["GET"]}}],"collection":[{"href":"https:\/\/equidash.eu\/et\/wp-json\/wp\/v2\/product"}],"about":[{"href":"https:\/\/equidash.eu\/et\/wp-json\/wp\/v2\/types\/product"}],"wp:featuredmedia":[{"embeddable":true,"href":"https:\/\/equidash.eu\/et\/wp-json\/wp\/v2\/media\/4590"}],"wp:attachment":[{"href":"https:\/\/equidash.eu\/et\/wp-json\/wp\/v2\/media?parent=4582"}],"wp:term":[{"taxonomy":"product_brand","embeddable":true,"href":"https:\/\/equidash.eu\/et\/wp-json\/wp\/v2\/product_brand?post=4582"},{"taxonomy":"product_cat","embeddable":true,"href":"https:\/\/equidash.eu\/et\/wp-json\/wp\/v2\/product_cat?post=4582"},{"taxonomy":"product_tag","embeddable":true,"href":"https:\/\/equidash.eu\/et\/wp-json\/wp\/v2\/product_tag?post=4582"}],"curies":[{"name":"wp","href":"https:\/\/api.w.org\/{rel}","templated":true}]}}