{"id":4598,"date":"2025-07-10T08:12:30","date_gmt":"2025-07-10T06:12:30","guid":{"rendered":"https:\/\/equidash.eu\/?post_type=product&#038;p=4598"},"modified":"2025-10-03T11:20:33","modified_gmt":"2025-10-03T09:20:33","slug":"unika-prequalm-calmer","status":"publish","type":"product","link":"https:\/\/equidash.eu\/et\/shop\/horse\/unika-prequalm-calmer\/","title":{"rendered":"Unika rahustav pasta Prequalm"},"content":{"rendered":"<p>Linea Unika Prequalm on suukaudne rahustav pasta, mis aitab v\u00e4hendada hobuse \u00e4revust ning t\u00f5sta enesekindlust v\u00f5istlustel v\u00f5i muudes stressirohketes olukordades. See s\u00f6\u00f6dalisand toetab sporthobuse rahulikku meelt ka pingelistes tingimustes.<\/p>\n<p><strong>Rahustava pasta Prequalm peamised eelised:<\/strong><\/p>\n<ul>\n<li>Sisaldab suures koguses L-tr\u00fcptofaani, mis muundub serotoniiniks (\u201c\u00f5nnehormooniks\u201d)<\/li>\n<li>Toetab melatoniini tootmist, mis soodustab paremat und ja l\u00f5\u00f5gastust<\/li>\n<li>Aitab reguleerida hobuse k\u00e4itumist ja meeleolu<\/li>\n<li>Varustab organismi olulise aminohappega, mida saab ainult toidu v\u00f5i toidulisandi kaudu<\/li>\n<li>Ei tekita s\u00f5ltuvust \u2013 hobune j\u00e4\u00e4b erksaks ja aktiivseks ka suurema annuse korral<\/li>\n<li>Rikastatud magneesiumtsitraadiga, mis tagab hea imendumise ja t\u00f5hususe<\/li>\n<li>Toetab rahulikkust ilma uimastava toime tekketa<span style=\"color: #555555; font-size: 14.4px;\">.<\/span><\/li>\n<\/ul>\n<p><strong>Koostisosad:<\/strong><\/p>\n<p>L-tr\u00fcptofaan (serotoniini eelaine) ja magneesium \u2013 tuntud oma rahustava toime poolest.<\/p>\n<p><em><strong>Kasutamine:<\/strong><\/em><\/p>\n<p>Anda kogu tuubi sisu v\u00e4hemalt 3 tundi enne v\u00f5istlust v\u00f5i 2 tundi enne transporti.<\/p>\n<p>Netokaal: 100g<\/p>\n<p data-start=\"40\" data-end=\"69\"><strong data-start=\"40\" data-end=\"67\">Analytical Constituents<\/strong><\/p>\n<p data-start=\"71\" data-end=\"160\">Crude protein 20%, crude fibre 2.86%, crude fat 3.48%, crude ash 9.7%, sodium 1.62%<\/p>\n<p data-start=\"162\" data-end=\"236\"><strong data-start=\"162\" data-end=\"188\">Trace elements (mg\/kg)<\/strong><br data-start=\"188\" data-end=\"191\" \/>Copper 25 mg, manganese 96 mg, zinc 72 mg<\/p>\n<p data-start=\"238\" data-end=\"391\"><strong data-start=\"238\" data-end=\"280\">Plant extracts and amino acids (mg\/kg)<\/strong><br data-start=\"280\" data-end=\"283\" \/>Passiflora edulis incarnata extract (CoE 321): 5,500 mg\/kg<br data-start=\"341\" data-end=\"344\" \/>L-tryptophan (E. coli-fermented): 1,850 mg\/kg<\/p>\n<p data-start=\"393\" data-end=\"433\">Product: 100 ml syringe \u2013 single dose.<\/p>\n<p data-start=\"435\" data-end=\"541\" data-is-last-node=\"\" data-is-only-node=\"\">Manufacturer: Cento Fiori S.r.l. \u2013 P.IVA CF IT02697091201 (brand Linea Unika)<br data-start=\"512\" data-end=\"515\" \/>Country of origin: Italy<\/p>\n<p><em>M\u00e4rkus: Iga hobune on erinev \u2013 tutvusta uut toodet j\u00e4rk-j\u00e4rgult, et kontrollida taluvust.<\/em><\/p>","protected":false},"excerpt":{"rendered":"<p><a href=\"https:\/\/equidash.eu\/et\/tootesilt\/unika\/\"><img decoding=\"async\" style=\"height: 60px; margin-top: 20px;\" src=\"https:\/\/equidash.eu\/wp-content\/uploads\/2025\/07\/Unika.png\" alt=\"\" \/><\/a><\/p>","protected":false},"featured_media":4600,"template":"","meta":{"_acf_changed":false,"_joinchat":[]},"product_brand":[685],"product_cat":[709,27,251,405],"product_tag":[528,688,686],"class_list":{"0":"post-4598","1":"product","2":"type-product","3":"status-publish","4":"has-post-thumbnail","6":"product_brand-unika","7":"product_cat-calming","8":"product_cat-horse","9":"product_cat-horse-feed-nutrition","10":"product_cat-supplements","11":"product_tag-calmer","12":"product_tag-paste","13":"product_tag-unika","14":"pa_size-100-g","16":"first","17":"instock","18":"taxable","19":"shipping-taxable","20":"purchasable","21":"product-type-variable","22":"has-default-attributes"},"acf":[],"yoast_head":"<!-- This site is optimized with the Yoast SEO Premium plugin v26.2 (Yoast SEO v27.2) - https:\/\/yoast.com\/product\/yoast-seo-premium-wordpress\/ -->\n<title>Unika Prequalm calmer | Parima hinnaga ratsavarustuse e-pood<\/title>\n<meta name=\"description\" content=\"Unika Prequalm calmer | Rahustav pasta hobustele. Aitab v\u00e4hendada \u00e4revust ja t\u00f5stab hobuse enesekindlust v\u00f5istlustel ja stressiolukorras. 100 g\" \/>\n<meta name=\"robots\" content=\"index, follow, max-snippet:-1, max-image-preview:large, max-video-preview:-1\" \/>\n<link rel=\"canonical\" href=\"https:\/\/equidash.eu\/et\/shop\/hobune\/unika-prequalm-calmer\/\" \/>\n<meta property=\"og:locale\" content=\"et_EE\" \/>\n<meta property=\"og:type\" content=\"article\" \/>\n<meta property=\"og:title\" content=\"Unika Prequalm calmer\" \/>\n<meta property=\"og:description\" content=\"Unika Prequalm calmer | Rahustav pasta hobustele. Aitab v\u00e4hendada \u00e4revust ja t\u00f5stab hobuse enesekindlust v\u00f5istlustel ja stressiolukorras. 100 g\" \/>\n<meta property=\"og:url\" content=\"https:\/\/equidash.eu\/et\/shop\/hobune\/unika-prequalm-calmer\/\" \/>\n<meta property=\"og:site_name\" content=\"Parima hinnaga ratsavarustuse e-pood\" \/>\n<meta property=\"article:publisher\" content=\"https:\/\/www.facebook.com\/people\/EquiDash\/61560864479586\/\" \/>\n<meta property=\"article:modified_time\" content=\"2025-10-03T09:20:33+00:00\" \/>\n<meta property=\"og:image\" content=\"https:\/\/equidash.eu\/wp-content\/uploads\/2025\/07\/att.folif7xJoUoQOkwC7VbvIMdJb8HybBPTJznyNPRFv2g.jpeg\" \/>\n\t<meta property=\"og:image:width\" content=\"1000\" \/>\n\t<meta property=\"og:image:height\" content=\"1000\" \/>\n\t<meta property=\"og:image:type\" content=\"image\/jpeg\" \/>\n<meta name=\"twitter:card\" content=\"summary_large_image\" \/>\n<meta name=\"twitter:label1\" content=\"Availability\" \/>\n\t<meta name=\"twitter:data1\" content=\"In stock\" \/>\n<script type=\"application\/ld+json\" class=\"yoast-schema-graph\">{\"@context\":\"https:\/\/schema.org\",\"@graph\":[{\"@type\":\"WebPage\",\"@id\":\"https:\/\/equidash.eu\/shop\/horse\/unika-prequalm-calmer\/\",\"url\":\"https:\/\/equidash.eu\/shop\/horse\/unika-prequalm-calmer\/\",\"name\":\"Unika Prequalm calmer | Parima hinnaga ratsavarustuse e-pood\",\"isPartOf\":{\"@id\":\"https:\/\/equidash.eu\/#website\"},\"primaryImageOfPage\":{\"@id\":\"https:\/\/equidash.eu\/shop\/horse\/unika-prequalm-calmer\/#primaryimage\"},\"image\":{\"@id\":\"https:\/\/equidash.eu\/shop\/horse\/unika-prequalm-calmer\/#primaryimage\"},\"thumbnailUrl\":\"https:\/\/equidash.eu\/wp-content\/uploads\/2025\/07\/att.folif7xJoUoQOkwC7VbvIMdJb8HybBPTJznyNPRFv2g.jpeg\",\"datePublished\":\"2025-07-10T06:12:30+00:00\",\"dateModified\":\"2025-10-03T09:20:33+00:00\",\"description\":\"Unika Prequalm calmer | Rahustav pasta hobustele. Aitab v\u00e4hendada \u00e4revust ja t\u00f5stab hobuse enesekindlust v\u00f5istlustel ja stressiolukorras. 100 g\",\"breadcrumb\":{\"@id\":\"https:\/\/equidash.eu\/shop\/horse\/unika-prequalm-calmer\/#breadcrumb\"},\"inLanguage\":\"et\",\"potentialAction\":[{\"@type\":\"ReadAction\",\"target\":[\"https:\/\/equidash.eu\/shop\/horse\/unika-prequalm-calmer\/\"]}]},{\"@type\":\"ImageObject\",\"inLanguage\":\"et\",\"@id\":\"https:\/\/equidash.eu\/shop\/horse\/unika-prequalm-calmer\/#primaryimage\",\"url\":\"https:\/\/equidash.eu\/wp-content\/uploads\/2025\/07\/att.folif7xJoUoQOkwC7VbvIMdJb8HybBPTJznyNPRFv2g.jpeg\",\"contentUrl\":\"https:\/\/equidash.eu\/wp-content\/uploads\/2025\/07\/att.folif7xJoUoQOkwC7VbvIMdJb8HybBPTJznyNPRFv2g.jpeg\",\"width\":1000,\"height\":1000},{\"@type\":\"BreadcrumbList\",\"@id\":\"https:\/\/equidash.eu\/shop\/horse\/unika-prequalm-calmer\/#breadcrumb\",\"itemListElement\":[{\"@type\":\"ListItem\",\"position\":1,\"name\":\"Home\",\"item\":\"https:\/\/equidash.eu\/\"},{\"@type\":\"ListItem\",\"position\":2,\"name\":\"Shop\",\"item\":\"https:\/\/equidash.eu\/shop\/\"},{\"@type\":\"ListItem\",\"position\":3,\"name\":\"Unika Prequalm calmer\"}]},{\"@type\":\"WebSite\",\"@id\":\"https:\/\/equidash.eu\/#website\",\"url\":\"https:\/\/equidash.eu\/\",\"name\":\"EquiDash\",\"description\":\"Horse Riding Equipment and Accessories\",\"publisher\":{\"@id\":\"https:\/\/equidash.eu\/#organization\"},\"alternateName\":\"EquiDash\",\"potentialAction\":[{\"@type\":\"SearchAction\",\"target\":{\"@type\":\"EntryPoint\",\"urlTemplate\":\"https:\/\/equidash.eu\/?s={search_term_string}\"},\"query-input\":{\"@type\":\"PropertyValueSpecification\",\"valueRequired\":true,\"valueName\":\"search_term_string\"}}],\"inLanguage\":\"et\"},{\"@type\":\"Organization\",\"@id\":\"https:\/\/equidash.eu\/#organization\",\"name\":\"EquiDash\",\"alternateName\":\"EquiDash\",\"url\":\"https:\/\/equidash.eu\/\",\"logo\":{\"@type\":\"ImageObject\",\"inLanguage\":\"et\",\"@id\":\"https:\/\/equidash.eu\/#\/schema\/logo\/image\/\",\"url\":\"https:\/\/equidash.eu\/wp-content\/uploads\/2024\/09\/EQUIDASH_Logo_Raud-1.png\",\"contentUrl\":\"https:\/\/equidash.eu\/wp-content\/uploads\/2024\/09\/EQUIDASH_Logo_Raud-1.png\",\"width\":393,\"height\":422,\"caption\":\"EquiDash\"},\"image\":{\"@id\":\"https:\/\/equidash.eu\/#\/schema\/logo\/image\/\"},\"sameAs\":[\"https:\/\/www.facebook.com\/people\/EquiDash\/61560864479586\/\",\"https:\/\/www.instagram.com\/equidash.eshop\/\"],\"email\":\"info@equidash.eu\",\"telephone\":\"+372 59007334\",\"legalName\":\"Takian Corporation O\u00dc\",\"foundingDate\":\"2020-10-21\",\"vatID\":\"EE102301283\",\"numberOfEmployees\":{\"@type\":\"QuantitativeValue\",\"minValue\":\"1\",\"maxValue\":\"10\"},\"hasMerchantReturnPolicy\":{\"@type\":\"MerchantReturnPolicy\",\"merchantReturnLink\":\"https:\/\/equidash.eu\/et\/return-privacy\/\"}}]}<\/script>\n<meta property=\"product:brand\" content=\"Unika\" \/>\n<meta property=\"og:availability\" content=\"instock\" \/>\n<meta property=\"product:availability\" content=\"instock\" \/>\n<meta property=\"product:retailer_item_id\" content=\"LU0061\" \/>\n<meta property=\"product:condition\" content=\"new\" \/>\n<!-- \/ Yoast SEO Premium plugin. -->","yoast_head_json":{"title":"Unika Prequalm calmer | Parima hinnaga ratsavarustuse e-pood","description":"Unika Prequalm calmer | Rahustav pasta hobustele. Aitab v\u00e4hendada \u00e4revust ja t\u00f5stab hobuse enesekindlust v\u00f5istlustel ja stressiolukorras. 100 g","robots":{"index":"index","follow":"follow","max-snippet":"max-snippet:-1","max-image-preview":"max-image-preview:large","max-video-preview":"max-video-preview:-1"},"canonical":"https:\/\/equidash.eu\/et\/shop\/hobune\/unika-prequalm-calmer\/","og_locale":"et_EE","og_type":"article","og_title":"Unika Prequalm calmer","og_description":"Unika Prequalm calmer | Rahustav pasta hobustele. Aitab v\u00e4hendada \u00e4revust ja t\u00f5stab hobuse enesekindlust v\u00f5istlustel ja stressiolukorras. 100 g","og_url":"https:\/\/equidash.eu\/et\/shop\/hobune\/unika-prequalm-calmer\/","og_site_name":"Parima hinnaga ratsavarustuse e-pood","article_publisher":"https:\/\/www.facebook.com\/people\/EquiDash\/61560864479586\/","article_modified_time":"2025-10-03T09:20:33+00:00","og_image":[{"width":1000,"height":1000,"url":"https:\/\/equidash.eu\/wp-content\/uploads\/2025\/07\/att.folif7xJoUoQOkwC7VbvIMdJb8HybBPTJznyNPRFv2g.jpeg","type":"image\/jpeg"}],"twitter_card":"summary_large_image","twitter_misc":{"Availability":"In stock"},"schema":{"@context":"https:\/\/schema.org","@graph":[{"@type":"WebPage","@id":"https:\/\/equidash.eu\/shop\/horse\/unika-prequalm-calmer\/","url":"https:\/\/equidash.eu\/shop\/horse\/unika-prequalm-calmer\/","name":"Unika Prequalm calmer | Parima hinnaga ratsavarustuse e-pood","isPartOf":{"@id":"https:\/\/equidash.eu\/#website"},"primaryImageOfPage":{"@id":"https:\/\/equidash.eu\/shop\/horse\/unika-prequalm-calmer\/#primaryimage"},"image":{"@id":"https:\/\/equidash.eu\/shop\/horse\/unika-prequalm-calmer\/#primaryimage"},"thumbnailUrl":"https:\/\/equidash.eu\/wp-content\/uploads\/2025\/07\/att.folif7xJoUoQOkwC7VbvIMdJb8HybBPTJznyNPRFv2g.jpeg","datePublished":"2025-07-10T06:12:30+00:00","dateModified":"2025-10-03T09:20:33+00:00","description":"Unika Prequalm calmer | Rahustav pasta hobustele. Aitab v\u00e4hendada \u00e4revust ja t\u00f5stab hobuse enesekindlust v\u00f5istlustel ja stressiolukorras. 100 g","breadcrumb":{"@id":"https:\/\/equidash.eu\/shop\/horse\/unika-prequalm-calmer\/#breadcrumb"},"inLanguage":"et","potentialAction":[{"@type":"ReadAction","target":["https:\/\/equidash.eu\/shop\/horse\/unika-prequalm-calmer\/"]}]},{"@type":"ImageObject","inLanguage":"et","@id":"https:\/\/equidash.eu\/shop\/horse\/unika-prequalm-calmer\/#primaryimage","url":"https:\/\/equidash.eu\/wp-content\/uploads\/2025\/07\/att.folif7xJoUoQOkwC7VbvIMdJb8HybBPTJznyNPRFv2g.jpeg","contentUrl":"https:\/\/equidash.eu\/wp-content\/uploads\/2025\/07\/att.folif7xJoUoQOkwC7VbvIMdJb8HybBPTJznyNPRFv2g.jpeg","width":1000,"height":1000},{"@type":"BreadcrumbList","@id":"https:\/\/equidash.eu\/shop\/horse\/unika-prequalm-calmer\/#breadcrumb","itemListElement":[{"@type":"ListItem","position":1,"name":"Home","item":"https:\/\/equidash.eu\/"},{"@type":"ListItem","position":2,"name":"Shop","item":"https:\/\/equidash.eu\/shop\/"},{"@type":"ListItem","position":3,"name":"Unika Prequalm calmer"}]},{"@type":"WebSite","@id":"https:\/\/equidash.eu\/#website","url":"https:\/\/equidash.eu\/","name":"EquiDash","description":"Horse Riding Equipment and Accessories","publisher":{"@id":"https:\/\/equidash.eu\/#organization"},"alternateName":"EquiDash","potentialAction":[{"@type":"SearchAction","target":{"@type":"EntryPoint","urlTemplate":"https:\/\/equidash.eu\/?s={search_term_string}"},"query-input":{"@type":"PropertyValueSpecification","valueRequired":true,"valueName":"search_term_string"}}],"inLanguage":"et"},{"@type":"Organization","@id":"https:\/\/equidash.eu\/#organization","name":"EquiDash","alternateName":"EquiDash","url":"https:\/\/equidash.eu\/","logo":{"@type":"ImageObject","inLanguage":"et","@id":"https:\/\/equidash.eu\/#\/schema\/logo\/image\/","url":"https:\/\/equidash.eu\/wp-content\/uploads\/2024\/09\/EQUIDASH_Logo_Raud-1.png","contentUrl":"https:\/\/equidash.eu\/wp-content\/uploads\/2024\/09\/EQUIDASH_Logo_Raud-1.png","width":393,"height":422,"caption":"EquiDash"},"image":{"@id":"https:\/\/equidash.eu\/#\/schema\/logo\/image\/"},"sameAs":["https:\/\/www.facebook.com\/people\/EquiDash\/61560864479586\/","https:\/\/www.instagram.com\/equidash.eshop\/"],"email":"info@equidash.eu","telephone":"+372 59007334","legalName":"Takian Corporation O\u00dc","foundingDate":"2020-10-21","vatID":"EE102301283","numberOfEmployees":{"@type":"QuantitativeValue","minValue":"1","maxValue":"10"},"hasMerchantReturnPolicy":{"@type":"MerchantReturnPolicy","merchantReturnLink":"https:\/\/equidash.eu\/et\/return-privacy\/"}}]},"product_brand":"Unika","og_availability":"instock","product_availability":"instock","product_retailer_item_id":"LU0061","product_condition":"new"},"_links":{"self":[{"href":"https:\/\/equidash.eu\/et\/wp-json\/wp\/v2\/product\/4598","targetHints":{"allow":["GET"]}}],"collection":[{"href":"https:\/\/equidash.eu\/et\/wp-json\/wp\/v2\/product"}],"about":[{"href":"https:\/\/equidash.eu\/et\/wp-json\/wp\/v2\/types\/product"}],"wp:featuredmedia":[{"embeddable":true,"href":"https:\/\/equidash.eu\/et\/wp-json\/wp\/v2\/media\/4600"}],"wp:attachment":[{"href":"https:\/\/equidash.eu\/et\/wp-json\/wp\/v2\/media?parent=4598"}],"wp:term":[{"taxonomy":"product_brand","embeddable":true,"href":"https:\/\/equidash.eu\/et\/wp-json\/wp\/v2\/product_brand?post=4598"},{"taxonomy":"product_cat","embeddable":true,"href":"https:\/\/equidash.eu\/et\/wp-json\/wp\/v2\/product_cat?post=4598"},{"taxonomy":"product_tag","embeddable":true,"href":"https:\/\/equidash.eu\/et\/wp-json\/wp\/v2\/product_tag?post=4598"}],"curies":[{"name":"wp","href":"https:\/\/api.w.org\/{rel}","templated":true}]}}