{"id":463,"date":"2024-11-06T23:10:58","date_gmt":"2024-11-06T21:10:58","guid":{"rendered":"https:\/\/equidash.eu\/?post_type=product&#038;p=463"},"modified":"2025-12-02T15:17:43","modified_gmt":"2025-12-02T13:17:43","slug":"mountain-horse-flash-parka-junior","status":"publish","type":"product","link":"https:\/\/equidash.eu\/et\/shop\/rider\/riding-clothing-rider\/kids-riding-clothing-rider\/coats-jackets\/mountain-horse-flash-parka-junior\/","title":{"rendered":"Mountain Horse laste helkurparka Flash"},"content":{"rendered":"<p><span style=\"color: #333333;\">Mountain Horse laste Flash Parka on helkurjope andes 360-kraadise n\u00e4htavuse. Parka on samuti veekindel ja tuulekindel. Vooderdatud \u00f5hukese ja sooja fliisiga.<\/span><\/p>\n<ul>\n<li><span style=\"color: #333333;\">Jope on valmistatud helkurkangast, et tagada maksimaalne n\u00e4htavus pimedamatel hooaegadel.<\/span><\/li>\n<li><span style=\"color: #333333;\">Kehaosa on vooderdatud sooja \u00f5hukese fliisiga.<\/span><\/li>\n<li><span style=\"color: #333333;\">Ees on t\u00e4ispikkuses kahepoolne t\u00f5mblukk, mida on lihtne reguleerida ka ratsutades.<\/span><\/li>\n<li><span style=\"color: #333333;\">100% vihmakindel.<\/span><\/li>\n<li><span style=\"color: #333333;\">Ees kaks mahukat lukuga taskut.<\/span><\/li>\n<li><span style=\"color: #333333;\">Eemaldatav ja reguleeritav kapuuts.<\/span><\/li>\n<li><span style=\"color: #333333;\">Taga on trukkidega suletav l\u00f5hik ratsutamiseks.<\/span><\/li>\n<li><span style=\"color: #333333;\">Parka sisek\u00fcljel on reguleeritavad aasad jalgadele, et ratsutamise ajal oleksid jalad kaetud.<\/span><\/li>\n<li><span style=\"color: #333333;\">Varruka osal p\u00f6idla auguga poolkinnas.<\/span><\/li>\n<li><span style=\"color: #333333; font-size: 14.4px;\">Mountain Horse logo seljal.<\/span><\/li>\n<\/ul>\n<p><span style=\"color: #333333;\">Rootsi br\u00e4nd Mountain Horse on \u00fcks tuntumaid nimesid ratsutamismaailmas ja on saanud ratsanike seas tohutult populaarseks t\u00e4nu oma funktsionaalsetele disainidele, mis on kohandatud P\u00f5hjamaade kliimatingimustega. J\u00e4tkusuutlikkus on p\u00f5hiprintsiip, mis l\u00e4bib kogu br\u00e4ndi tegevust, nii inimeste kui ka keskkonnam\u00f5jude osas, muutes Mountain Horse\u2019i t\u00e4pselt samamoodi armastatud br\u00e4ndiks t\u00e4na, nagu see oli 30 aastat tagasi.<\/span><\/p>","protected":false},"excerpt":{"rendered":"<p class=\"ai-optimize-22 ai-optimize-introduction\"><a href=\"https:\/\/equidash.eu\/et\/tootesilt\/mountain-horse\/\"><img decoding=\"async\" style=\"height: 60px; margin-top: 20px;\" src=\"https:\/\/equidash.eu\/wp-content\/uploads\/2024\/09\/Mountain-Horse-1.png\" alt=\"\" \/><\/a><\/p>","protected":false},"featured_media":951,"template":"","meta":{"_acf_changed":false,"_joinchat":[]},"product_brand":[505],"product_cat":[205,204,22,203],"product_tag":[85,81,18],"class_list":{"0":"post-463","1":"product","2":"type-product","3":"status-publish","4":"has-post-thumbnail","6":"product_brand-mountain-horse","7":"product_cat-coats-jackets","8":"product_cat-kids-riding-clothing-rider","9":"product_cat-rider","10":"product_cat-riding-clothing-rider","11":"product_tag-flash","12":"product_tag-kids","13":"product_tag-mountain-horse","14":"pa_colors-black","15":"pa_size-73","16":"pa_size-74","17":"pa_size-75","18":"pa_size-76","19":"pa_size-77","20":"pa_size-78","22":"first","23":"onbackorder","24":"sale","25":"taxable","26":"shipping-taxable","27":"purchasable","28":"product-type-variable","29":"has-default-attributes"},"acf":[],"yoast_head":"<!-- This site is optimized with the Yoast SEO Premium plugin v26.2 (Yoast SEO v27.2) - https:\/\/yoast.com\/product\/yoast-seo-premium-wordpress\/ -->\n<title>Mountain Horse Flash Parka Junior | Parima hinnaga ratsavarustuse e-pood<\/title>\n<meta name=\"description\" content=\"Equidash - Ratsavarustuse veebipood Eestis ja Hispaanias. Lai valik erinevaid jopesid ja parkasid lastele. Mountain Horse Flash Parka Junior\" \/>\n<meta name=\"robots\" content=\"index, follow, max-snippet:-1, max-image-preview:large, max-video-preview:-1\" \/>\n<link rel=\"canonical\" href=\"https:\/\/equidash.eu\/et\/shop\/ratsanik\/ratsariided-ratsanik\/lapsed-ratsariided-ratsanik\/joped-mantlid-2\/mountain-horse-flash-parka-junior\/\" \/>\n<meta property=\"og:locale\" content=\"et_EE\" \/>\n<meta property=\"og:type\" content=\"article\" \/>\n<meta property=\"og:title\" content=\"Mountain Horse Flash Parka Junior\" \/>\n<meta property=\"og:description\" content=\"Equidash - Ratsavarustuse veebipood Eestis ja Hispaanias. Lai valik erinevaid jopesid ja parkasid lastele. Mountain Horse Flash Parka Junior\" \/>\n<meta property=\"og:url\" content=\"https:\/\/equidash.eu\/et\/shop\/ratsanik\/ratsariided-ratsanik\/lapsed-ratsariided-ratsanik\/joped-mantlid-2\/mountain-horse-flash-parka-junior\/\" \/>\n<meta property=\"og:site_name\" content=\"Parima hinnaga ratsavarustuse e-pood\" \/>\n<meta property=\"article:publisher\" content=\"https:\/\/www.facebook.com\/people\/EquiDash\/61560864479586\/\" \/>\n<meta property=\"article:modified_time\" content=\"2025-12-02T13:17:43+00:00\" \/>\n<meta property=\"og:image\" content=\"https:\/\/equidash.eu\/wp-content\/uploads\/2024\/11\/MH_Flash-Parka-JR-Black_1-1.png\" \/>\n\t<meta property=\"og:image:width\" content=\"1000\" \/>\n\t<meta property=\"og:image:height\" content=\"1000\" \/>\n\t<meta property=\"og:image:type\" content=\"image\/png\" \/>\n<meta name=\"twitter:card\" content=\"summary_large_image\" \/>\n<meta name=\"twitter:label1\" content=\"Availability\" \/>\n\t<meta name=\"twitter:data1\" content=\"On backorder\" \/>\n<script type=\"application\/ld+json\" class=\"yoast-schema-graph\">{\"@context\":\"https:\/\/schema.org\",\"@graph\":[{\"@type\":\"WebPage\",\"@id\":\"https:\/\/equidash.eu\/shop\/rider\/riding-clothing-rider\/kids-riding-clothing-rider\/coats-jackets\/mountain-horse-flash-parka-junior\/\",\"url\":\"https:\/\/equidash.eu\/shop\/rider\/riding-clothing-rider\/kids-riding-clothing-rider\/coats-jackets\/mountain-horse-flash-parka-junior\/\",\"name\":\"Mountain Horse Flash Parka Junior | Parima hinnaga ratsavarustuse e-pood\",\"isPartOf\":{\"@id\":\"https:\/\/equidash.eu\/#website\"},\"primaryImageOfPage\":{\"@id\":\"https:\/\/equidash.eu\/shop\/rider\/riding-clothing-rider\/kids-riding-clothing-rider\/coats-jackets\/mountain-horse-flash-parka-junior\/#primaryimage\"},\"image\":{\"@id\":\"https:\/\/equidash.eu\/shop\/rider\/riding-clothing-rider\/kids-riding-clothing-rider\/coats-jackets\/mountain-horse-flash-parka-junior\/#primaryimage\"},\"thumbnailUrl\":\"https:\/\/equidash.eu\/wp-content\/uploads\/2024\/11\/MH_Flash-Parka-JR-Black_1-1.png\",\"datePublished\":\"2024-11-06T21:10:58+00:00\",\"dateModified\":\"2025-12-02T13:17:43+00:00\",\"description\":\"Equidash - Ratsavarustuse veebipood Eestis ja Hispaanias. Lai valik erinevaid jopesid ja parkasid lastele. Mountain Horse Flash Parka Junior\",\"breadcrumb\":{\"@id\":\"https:\/\/equidash.eu\/shop\/rider\/riding-clothing-rider\/kids-riding-clothing-rider\/coats-jackets\/mountain-horse-flash-parka-junior\/#breadcrumb\"},\"inLanguage\":\"et\",\"potentialAction\":[{\"@type\":\"ReadAction\",\"target\":[\"https:\/\/equidash.eu\/shop\/rider\/riding-clothing-rider\/kids-riding-clothing-rider\/coats-jackets\/mountain-horse-flash-parka-junior\/\"]}]},{\"@type\":\"ImageObject\",\"inLanguage\":\"et\",\"@id\":\"https:\/\/equidash.eu\/shop\/rider\/riding-clothing-rider\/kids-riding-clothing-rider\/coats-jackets\/mountain-horse-flash-parka-junior\/#primaryimage\",\"url\":\"https:\/\/equidash.eu\/wp-content\/uploads\/2024\/11\/MH_Flash-Parka-JR-Black_1-1.png\",\"contentUrl\":\"https:\/\/equidash.eu\/wp-content\/uploads\/2024\/11\/MH_Flash-Parka-JR-Black_1-1.png\",\"width\":1000,\"height\":1000},{\"@type\":\"BreadcrumbList\",\"@id\":\"https:\/\/equidash.eu\/shop\/rider\/riding-clothing-rider\/kids-riding-clothing-rider\/coats-jackets\/mountain-horse-flash-parka-junior\/#breadcrumb\",\"itemListElement\":[{\"@type\":\"ListItem\",\"position\":1,\"name\":\"Home\",\"item\":\"https:\/\/equidash.eu\/\"},{\"@type\":\"ListItem\",\"position\":2,\"name\":\"Shop\",\"item\":\"https:\/\/equidash.eu\/shop\/\"},{\"@type\":\"ListItem\",\"position\":3,\"name\":\"Mountain Horse Flash Parka Junior\"}]},{\"@type\":\"WebSite\",\"@id\":\"https:\/\/equidash.eu\/#website\",\"url\":\"https:\/\/equidash.eu\/\",\"name\":\"EquiDash\",\"description\":\"Horse Riding Equipment and Accessories\",\"publisher\":{\"@id\":\"https:\/\/equidash.eu\/#organization\"},\"alternateName\":\"EquiDash\",\"potentialAction\":[{\"@type\":\"SearchAction\",\"target\":{\"@type\":\"EntryPoint\",\"urlTemplate\":\"https:\/\/equidash.eu\/?s={search_term_string}\"},\"query-input\":{\"@type\":\"PropertyValueSpecification\",\"valueRequired\":true,\"valueName\":\"search_term_string\"}}],\"inLanguage\":\"et\"},{\"@type\":\"Organization\",\"@id\":\"https:\/\/equidash.eu\/#organization\",\"name\":\"EquiDash\",\"alternateName\":\"EquiDash\",\"url\":\"https:\/\/equidash.eu\/\",\"logo\":{\"@type\":\"ImageObject\",\"inLanguage\":\"et\",\"@id\":\"https:\/\/equidash.eu\/#\/schema\/logo\/image\/\",\"url\":\"https:\/\/equidash.eu\/wp-content\/uploads\/2024\/09\/EQUIDASH_Logo_Raud-1.png\",\"contentUrl\":\"https:\/\/equidash.eu\/wp-content\/uploads\/2024\/09\/EQUIDASH_Logo_Raud-1.png\",\"width\":393,\"height\":422,\"caption\":\"EquiDash\"},\"image\":{\"@id\":\"https:\/\/equidash.eu\/#\/schema\/logo\/image\/\"},\"sameAs\":[\"https:\/\/www.facebook.com\/people\/EquiDash\/61560864479586\/\",\"https:\/\/www.instagram.com\/equidash.eshop\/\"],\"email\":\"info@equidash.eu\",\"telephone\":\"+372 59007334\",\"legalName\":\"Takian Corporation O\u00dc\",\"foundingDate\":\"2020-10-21\",\"vatID\":\"EE102301283\",\"numberOfEmployees\":{\"@type\":\"QuantitativeValue\",\"minValue\":\"1\",\"maxValue\":\"10\"},\"hasMerchantReturnPolicy\":{\"@type\":\"MerchantReturnPolicy\",\"merchantReturnLink\":\"https:\/\/equidash.eu\/et\/return-privacy\/\"}}]}<\/script>\n<meta property=\"product:brand\" content=\"Mountain Horse\" \/>\n<meta property=\"og:availability\" content=\"backorder\" \/>\n<meta property=\"product:availability\" content=\"available for order\" \/>\n<meta property=\"product:condition\" content=\"new\" \/>\n<!-- \/ Yoast SEO Premium plugin. -->","yoast_head_json":{"title":"Mountain Horse Flash Parka Junior | Parima hinnaga ratsavarustuse e-pood","description":"Equidash - Ratsavarustuse veebipood Eestis ja Hispaanias. Lai valik erinevaid jopesid ja parkasid lastele. Mountain Horse Flash Parka Junior","robots":{"index":"index","follow":"follow","max-snippet":"max-snippet:-1","max-image-preview":"max-image-preview:large","max-video-preview":"max-video-preview:-1"},"canonical":"https:\/\/equidash.eu\/et\/shop\/ratsanik\/ratsariided-ratsanik\/lapsed-ratsariided-ratsanik\/joped-mantlid-2\/mountain-horse-flash-parka-junior\/","og_locale":"et_EE","og_type":"article","og_title":"Mountain Horse Flash Parka Junior","og_description":"Equidash - Ratsavarustuse veebipood Eestis ja Hispaanias. Lai valik erinevaid jopesid ja parkasid lastele. Mountain Horse Flash Parka Junior","og_url":"https:\/\/equidash.eu\/et\/shop\/ratsanik\/ratsariided-ratsanik\/lapsed-ratsariided-ratsanik\/joped-mantlid-2\/mountain-horse-flash-parka-junior\/","og_site_name":"Parima hinnaga ratsavarustuse e-pood","article_publisher":"https:\/\/www.facebook.com\/people\/EquiDash\/61560864479586\/","article_modified_time":"2025-12-02T13:17:43+00:00","og_image":[{"width":1000,"height":1000,"url":"https:\/\/equidash.eu\/wp-content\/uploads\/2024\/11\/MH_Flash-Parka-JR-Black_1-1.png","type":"image\/png"}],"twitter_card":"summary_large_image","twitter_misc":{"Availability":"On backorder"},"schema":{"@context":"https:\/\/schema.org","@graph":[{"@type":"WebPage","@id":"https:\/\/equidash.eu\/shop\/rider\/riding-clothing-rider\/kids-riding-clothing-rider\/coats-jackets\/mountain-horse-flash-parka-junior\/","url":"https:\/\/equidash.eu\/shop\/rider\/riding-clothing-rider\/kids-riding-clothing-rider\/coats-jackets\/mountain-horse-flash-parka-junior\/","name":"Mountain Horse Flash Parka Junior | Parima hinnaga ratsavarustuse e-pood","isPartOf":{"@id":"https:\/\/equidash.eu\/#website"},"primaryImageOfPage":{"@id":"https:\/\/equidash.eu\/shop\/rider\/riding-clothing-rider\/kids-riding-clothing-rider\/coats-jackets\/mountain-horse-flash-parka-junior\/#primaryimage"},"image":{"@id":"https:\/\/equidash.eu\/shop\/rider\/riding-clothing-rider\/kids-riding-clothing-rider\/coats-jackets\/mountain-horse-flash-parka-junior\/#primaryimage"},"thumbnailUrl":"https:\/\/equidash.eu\/wp-content\/uploads\/2024\/11\/MH_Flash-Parka-JR-Black_1-1.png","datePublished":"2024-11-06T21:10:58+00:00","dateModified":"2025-12-02T13:17:43+00:00","description":"Equidash - Ratsavarustuse veebipood Eestis ja Hispaanias. Lai valik erinevaid jopesid ja parkasid lastele. Mountain Horse Flash Parka Junior","breadcrumb":{"@id":"https:\/\/equidash.eu\/shop\/rider\/riding-clothing-rider\/kids-riding-clothing-rider\/coats-jackets\/mountain-horse-flash-parka-junior\/#breadcrumb"},"inLanguage":"et","potentialAction":[{"@type":"ReadAction","target":["https:\/\/equidash.eu\/shop\/rider\/riding-clothing-rider\/kids-riding-clothing-rider\/coats-jackets\/mountain-horse-flash-parka-junior\/"]}]},{"@type":"ImageObject","inLanguage":"et","@id":"https:\/\/equidash.eu\/shop\/rider\/riding-clothing-rider\/kids-riding-clothing-rider\/coats-jackets\/mountain-horse-flash-parka-junior\/#primaryimage","url":"https:\/\/equidash.eu\/wp-content\/uploads\/2024\/11\/MH_Flash-Parka-JR-Black_1-1.png","contentUrl":"https:\/\/equidash.eu\/wp-content\/uploads\/2024\/11\/MH_Flash-Parka-JR-Black_1-1.png","width":1000,"height":1000},{"@type":"BreadcrumbList","@id":"https:\/\/equidash.eu\/shop\/rider\/riding-clothing-rider\/kids-riding-clothing-rider\/coats-jackets\/mountain-horse-flash-parka-junior\/#breadcrumb","itemListElement":[{"@type":"ListItem","position":1,"name":"Home","item":"https:\/\/equidash.eu\/"},{"@type":"ListItem","position":2,"name":"Shop","item":"https:\/\/equidash.eu\/shop\/"},{"@type":"ListItem","position":3,"name":"Mountain Horse Flash Parka Junior"}]},{"@type":"WebSite","@id":"https:\/\/equidash.eu\/#website","url":"https:\/\/equidash.eu\/","name":"EquiDash","description":"Horse Riding Equipment and Accessories","publisher":{"@id":"https:\/\/equidash.eu\/#organization"},"alternateName":"EquiDash","potentialAction":[{"@type":"SearchAction","target":{"@type":"EntryPoint","urlTemplate":"https:\/\/equidash.eu\/?s={search_term_string}"},"query-input":{"@type":"PropertyValueSpecification","valueRequired":true,"valueName":"search_term_string"}}],"inLanguage":"et"},{"@type":"Organization","@id":"https:\/\/equidash.eu\/#organization","name":"EquiDash","alternateName":"EquiDash","url":"https:\/\/equidash.eu\/","logo":{"@type":"ImageObject","inLanguage":"et","@id":"https:\/\/equidash.eu\/#\/schema\/logo\/image\/","url":"https:\/\/equidash.eu\/wp-content\/uploads\/2024\/09\/EQUIDASH_Logo_Raud-1.png","contentUrl":"https:\/\/equidash.eu\/wp-content\/uploads\/2024\/09\/EQUIDASH_Logo_Raud-1.png","width":393,"height":422,"caption":"EquiDash"},"image":{"@id":"https:\/\/equidash.eu\/#\/schema\/logo\/image\/"},"sameAs":["https:\/\/www.facebook.com\/people\/EquiDash\/61560864479586\/","https:\/\/www.instagram.com\/equidash.eshop\/"],"email":"info@equidash.eu","telephone":"+372 59007334","legalName":"Takian Corporation O\u00dc","foundingDate":"2020-10-21","vatID":"EE102301283","numberOfEmployees":{"@type":"QuantitativeValue","minValue":"1","maxValue":"10"},"hasMerchantReturnPolicy":{"@type":"MerchantReturnPolicy","merchantReturnLink":"https:\/\/equidash.eu\/et\/return-privacy\/"}}]},"product_brand":"Mountain Horse","og_availability":"backorder","product_availability":"available for order","product_condition":"new"},"_links":{"self":[{"href":"https:\/\/equidash.eu\/et\/wp-json\/wp\/v2\/product\/463","targetHints":{"allow":["GET"]}}],"collection":[{"href":"https:\/\/equidash.eu\/et\/wp-json\/wp\/v2\/product"}],"about":[{"href":"https:\/\/equidash.eu\/et\/wp-json\/wp\/v2\/types\/product"}],"wp:featuredmedia":[{"embeddable":true,"href":"https:\/\/equidash.eu\/et\/wp-json\/wp\/v2\/media\/951"}],"wp:attachment":[{"href":"https:\/\/equidash.eu\/et\/wp-json\/wp\/v2\/media?parent=463"}],"wp:term":[{"taxonomy":"product_brand","embeddable":true,"href":"https:\/\/equidash.eu\/et\/wp-json\/wp\/v2\/product_brand?post=463"},{"taxonomy":"product_cat","embeddable":true,"href":"https:\/\/equidash.eu\/et\/wp-json\/wp\/v2\/product_cat?post=463"},{"taxonomy":"product_tag","embeddable":true,"href":"https:\/\/equidash.eu\/et\/wp-json\/wp\/v2\/product_tag?post=463"}],"curies":[{"name":"wp","href":"https:\/\/api.w.org\/{rel}","templated":true}]}}