{"id":4751,"date":"2025-08-05T11:57:52","date_gmt":"2025-08-05T09:57:52","guid":{"rendered":"https:\/\/equidash.eu\/?post_type=product&#038;p=4751"},"modified":"2025-10-03T11:48:30","modified_gmt":"2025-10-03T09:48:30","slug":"unika-balls-herbs","status":"publish","type":"product","link":"https:\/\/equidash.eu\/et\/shop\/horse\/horse-feed-nutrition\/horse-treats\/unika-balls-herbs\/","title":{"rendered":"Unika n\u00e4rimispall hingamisteedele Herbs"},"content":{"rendered":"<p data-start=\"193\" data-end=\"272\"><strong data-start=\"193\" data-end=\"272\">Tervislik igavusepeletaja hobustele - toeta hingamisteede heaolu ja loomulikku tasakaalu<\/strong><\/p>\n<p data-start=\"274\" data-end=\"577\">Unika Balls \u2013 Herbs on tervislik lakukivi hobustele, mis toetab su hobuse hingamisteede tervist ja pakub samal ajal kaasahaaravat tegevust. See riputatav n\u00e4rimispall sisaldab t\u00fc\u00fcmiani, rosmariini ja piparm\u00fcnti.<\/p>\n<p data-start=\"274\" data-end=\"577\">Unika poolt v\u00e4ljat\u00f6\u00f6tatud ja Itaalias k\u00e4sitsi valmistatud 93% taimset p\u00e4ritolu koostisosadest pallid ei sisalda teravilja ega lisatud suhkrut, mist\u00f5ttu sobivad need ideaalselt tundliku seedimisega hobustele, madala gl\u00fckeemilise dieediga v\u00f5i sporthobustele. Lisaks on need l\u00f5busad ja stimuleerivad su hobust. Neid on lihtne riputada talli v\u00f5i treilerisse.<\/p>\n<p data-start=\"857\" data-end=\"896\"><strong data-start=\"861\" data-end=\"896\">Miks valida Unika pall \u2013 Herbs?<\/strong><\/p>\n<ul>\n<li>\u00dcrtide j\u00f5ud \u2013 sisaldab t\u00fc\u00fcmiani, rosmariini ja piparm\u00fcnti hingamisteede loomulikuks toetuseks<\/li>\n<li>93% taimset p\u00e4ritolu koostisosad \u2013 valmistatud kvaliteetsest riisist ja sojast<\/li>\n<li>Teravilja- ja suhkruvaba \u2013 sobib tundlikele ja sporthobustele<\/li>\n<li>Sobib sporthobustele \u2013 madal suhkrusisaldus aitab v\u00e4hendada piimhappe kogunemist<\/li>\n<li>Valmistatud k\u00e4sit\u00f6\u00f6na Itaalias \u2013 kvaliteetsetest looduslikest koostisosadest<\/li>\n<\/ul>\n<p data-start=\"1327\" data-end=\"1347\"><strong data-start=\"1331\" data-end=\"1347\">Sobib ideaalselt:<\/strong><\/p>\n<p data-start=\"1349\" data-end=\"1507\">\u2714\ufe0f Hobustele, kes vajavad hingamisteede tuge<br data-start=\"1386\" data-end=\"1389\" \/>\u2714\ufe0f Sporthobustele<br data-start=\"1403\" data-end=\"1406\" \/>\u2714\ufe0f Dieeditundlikele hobustele<br data-start=\"1442\" data-end=\"1445\" \/>\u2714\ufe0f Igavlevatele v\u00f5i tallis kinni olevatele hobustele vaimseks stimuleerimiseks<\/p>\n<p data-start=\"1514\" data-end=\"1639\"><strong data-start=\"1514\" data-end=\"1529\">Netokaal: 1.8 kg<\/strong> 1.8 kg<br data-start=\"1536\" data-end=\"1539\" \/><strong data-start=\"1539\" data-end=\"1554\">Kuidas kasutada:<\/strong> Riputa pall talli v\u00f5i treilerisse. Seej\u00e4rel tutvusta seda hobusele j\u00e4rk-j\u00e4rgult ja j\u00e4lgi hobuse reaktsiooni.<\/p>\n<p data-start=\"1641\" data-end=\"1854\"><strong data-start=\"1641\" data-end=\"1657\">Materjal:<\/strong><br data-start=\"1657\" data-end=\"1660\" \/>Sojaoa kook*, maltodekstriin, naatriumkloriid, kaaliumkloriid, jahvatatud riis, rosmariin, magneesiumoksiid, t\u00fc\u00fcmian, piparm\u00fcnt, stevia, kaltsiumkarbonaat<br data-start=\"1814\" data-end=\"1817\" \/>(*GMO sojaoa p\u00e4ritoluga)<\/p>\n<p data-start=\"1856\" data-end=\"2106\"><strong data-start=\"1856\" data-end=\"1888\">Anal\u00fc\u00fctilised koostisosad (%):<\/strong><br data-start=\"1888\" data-end=\"1891\" \/>Toorvalk 17%, toortuhk 10,5%, toorkiud 2,86%, toorrasv 3,48%, naatrium 1,62%<br data-start=\"1975\" data-end=\"1978\" \/><strong data-start=\"1978\" data-end=\"2005\">Mikroelemendid (mg\/kg):<\/strong><br data-start=\"2005\" data-end=\"2008\" \/>Vask 25, Mangaan 96, Tsink 72<br data-start=\"2040\" data-end=\"2043\" \/>T\u00e4rklis: 3,85% | Suhkur: 2,80% (ainult looduslikult esinev)<\/p>\n<p data-start=\"2113\" data-end=\"2220\"><strong data-start=\"2113\" data-end=\"2122\">Pane t\u00e4hele!<\/strong> Pane t\u00e4hele: Iga hobune on ainulaadne. Tutvusta t\u00e4iends\u00f6\u00f6ta j\u00e4rk-j\u00e4rgult ja j\u00e4lgi hobuse reaktsiooni.<\/p>\n<p data-start=\"2113\" data-end=\"2220\">Manufacturer: Cento Fiori S.r.l. \u2013 P.IVA CF IT02697091201<br data-start=\"97\" data-end=\"100\" \/>Via del Broaldo, 2\/3, 40064 \u2013 Ozzano dell\u2019Emilia (BO) (brand Linea Unika)<br data-start=\"173\" data-end=\"176\" data-is-only-node=\"\" \/>Country of origin: Italy<\/p>","protected":false},"excerpt":{"rendered":"<p>Healthy Fun with a Purpose \u2013 Support Respiratory Wellness &amp; Natural Balance Unika Balls \u2013 Herbs are a revolutionary complementary feed designed to provide more than just entertainment. These suspended lick balls not only contain thyme, rosemary, and peppermint to support your horse\u2019s respiratory health, but also provide an engaging experience. Unlike traditional powders or [&#8230;]\n","protected":false},"featured_media":4754,"template":"","meta":{"_acf_changed":false,"_joinchat":[]},"product_brand":[685],"product_cat":[709,27,251,253,405],"product_tag":[714,704,713,628,705],"class_list":{"0":"post-4751","1":"product","2":"type-product","3":"status-publish","4":"has-post-thumbnail","6":"product_brand-unika","7":"product_cat-calming","8":"product_cat-horse","9":"product_cat-horse-feed-nutrition","10":"product_cat-horse-treats","11":"product_cat-supplements","12":"product_tag-breathing","13":"product_tag-linea-unika","14":"product_tag-respiration","15":"product_tag-respiratory-system","16":"product_tag-unika-ball","18":"first","19":"onbackorder","20":"taxable","21":"shipping-taxable","22":"purchasable","23":"product-type-simple"},"acf":[],"yoast_head":"<!-- This site is optimized with the Yoast SEO Premium plugin v26.2 (Yoast SEO v27.2) - https:\/\/yoast.com\/product\/yoast-seo-premium-wordpress\/ -->\n<title>Unika Balls Herbs | Parima hinnaga ratsavarustuse e-pood<\/title>\n<meta name=\"description\" content=\"Unika Balls Herbs | n\u00e4rimispall, mis toetab hobuse hingamisteede tervist ja pakub m\u00f5nusat vaimset stimuleerimist. 100% looduslikud \u00fcrdid.\" \/>\n<meta name=\"robots\" content=\"index, follow, max-snippet:-1, max-image-preview:large, max-video-preview:-1\" \/>\n<link rel=\"canonical\" href=\"https:\/\/equidash.eu\/et\/shop\/hobune\/maiused-lisandid\/hobuste-maiused\/unika-balls-herbs\/\" \/>\n<meta property=\"og:locale\" content=\"et_EE\" \/>\n<meta property=\"og:type\" content=\"article\" \/>\n<meta property=\"og:title\" content=\"Unika Balls Herbs\" \/>\n<meta property=\"og:description\" content=\"Unika Balls Herbs | n\u00e4rimispall, mis toetab hobuse hingamisteede tervist ja pakub m\u00f5nusat vaimset stimuleerimist. 100% looduslikud \u00fcrdid.\" \/>\n<meta property=\"og:url\" content=\"https:\/\/equidash.eu\/et\/shop\/hobune\/maiused-lisandid\/hobuste-maiused\/unika-balls-herbs\/\" \/>\n<meta property=\"og:site_name\" content=\"Parima hinnaga ratsavarustuse e-pood\" \/>\n<meta property=\"article:publisher\" content=\"https:\/\/www.facebook.com\/people\/EquiDash\/61560864479586\/\" \/>\n<meta property=\"article:modified_time\" content=\"2025-10-03T09:48:30+00:00\" \/>\n<meta property=\"og:image\" content=\"https:\/\/equidash.eu\/wp-content\/uploads\/2025\/08\/unika-balls-herbs-respiration.png\" \/>\n\t<meta property=\"og:image:width\" content=\"1000\" \/>\n\t<meta property=\"og:image:height\" content=\"1000\" \/>\n\t<meta property=\"og:image:type\" content=\"image\/png\" \/>\n<meta name=\"twitter:card\" content=\"summary_large_image\" \/>\n<meta name=\"twitter:label1\" content=\"Price\" \/>\n\t<meta name=\"twitter:data1\" content=\"36,00&nbsp;&euro;\" \/>\n\t<meta name=\"twitter:label2\" content=\"Availability\" \/>\n\t<meta name=\"twitter:data2\" content=\"On backorder\" \/>\n<script type=\"application\/ld+json\" class=\"yoast-schema-graph\">{\"@context\":\"https:\/\/schema.org\",\"@graph\":[{\"@type\":\"WebPage\",\"@id\":\"https:\/\/equidash.eu\/shop\/horse\/horse-feed-nutrition\/horse-treats\/unika-balls-herbs\/\",\"url\":\"https:\/\/equidash.eu\/shop\/horse\/horse-feed-nutrition\/horse-treats\/unika-balls-herbs\/\",\"name\":\"Unika Balls Herbs | Parima hinnaga ratsavarustuse e-pood\",\"isPartOf\":{\"@id\":\"https:\/\/equidash.eu\/#website\"},\"primaryImageOfPage\":{\"@id\":\"https:\/\/equidash.eu\/shop\/horse\/horse-feed-nutrition\/horse-treats\/unika-balls-herbs\/#primaryimage\"},\"image\":{\"@id\":\"https:\/\/equidash.eu\/shop\/horse\/horse-feed-nutrition\/horse-treats\/unika-balls-herbs\/#primaryimage\"},\"thumbnailUrl\":\"https:\/\/equidash.eu\/wp-content\/uploads\/2025\/08\/unika-balls-herbs-respiration.png\",\"datePublished\":\"2025-08-05T09:57:52+00:00\",\"dateModified\":\"2025-10-03T09:48:30+00:00\",\"description\":\"Unika Balls Herbs | n\u00e4rimispall, mis toetab hobuse hingamisteede tervist ja pakub m\u00f5nusat vaimset stimuleerimist. 100% looduslikud \u00fcrdid.\",\"breadcrumb\":{\"@id\":\"https:\/\/equidash.eu\/shop\/horse\/horse-feed-nutrition\/horse-treats\/unika-balls-herbs\/#breadcrumb\"},\"inLanguage\":\"et\",\"potentialAction\":[{\"@type\":\"ReadAction\",\"target\":[\"https:\/\/equidash.eu\/shop\/horse\/horse-feed-nutrition\/horse-treats\/unika-balls-herbs\/\"]}]},{\"@type\":\"ImageObject\",\"inLanguage\":\"et\",\"@id\":\"https:\/\/equidash.eu\/shop\/horse\/horse-feed-nutrition\/horse-treats\/unika-balls-herbs\/#primaryimage\",\"url\":\"https:\/\/equidash.eu\/wp-content\/uploads\/2025\/08\/unika-balls-herbs-respiration.png\",\"contentUrl\":\"https:\/\/equidash.eu\/wp-content\/uploads\/2025\/08\/unika-balls-herbs-respiration.png\",\"width\":1000,\"height\":1000,\"caption\":\"Detailvaade Unika Herbs n\u00e4rimispallist \u2013 looduslik ja k\u00e4sit\u00f6\u00f6na valmistatud\"},{\"@type\":\"BreadcrumbList\",\"@id\":\"https:\/\/equidash.eu\/shop\/horse\/horse-feed-nutrition\/horse-treats\/unika-balls-herbs\/#breadcrumb\",\"itemListElement\":[{\"@type\":\"ListItem\",\"position\":1,\"name\":\"Home\",\"item\":\"https:\/\/equidash.eu\/\"},{\"@type\":\"ListItem\",\"position\":2,\"name\":\"Shop\",\"item\":\"https:\/\/equidash.eu\/shop\/\"},{\"@type\":\"ListItem\",\"position\":3,\"name\":\"Unika Balls Herbs\"}]},{\"@type\":\"WebSite\",\"@id\":\"https:\/\/equidash.eu\/#website\",\"url\":\"https:\/\/equidash.eu\/\",\"name\":\"EquiDash\",\"description\":\"Horse Riding Equipment and Accessories\",\"publisher\":{\"@id\":\"https:\/\/equidash.eu\/#organization\"},\"alternateName\":\"EquiDash\",\"potentialAction\":[{\"@type\":\"SearchAction\",\"target\":{\"@type\":\"EntryPoint\",\"urlTemplate\":\"https:\/\/equidash.eu\/?s={search_term_string}\"},\"query-input\":{\"@type\":\"PropertyValueSpecification\",\"valueRequired\":true,\"valueName\":\"search_term_string\"}}],\"inLanguage\":\"et\"},{\"@type\":\"Organization\",\"@id\":\"https:\/\/equidash.eu\/#organization\",\"name\":\"EquiDash\",\"alternateName\":\"EquiDash\",\"url\":\"https:\/\/equidash.eu\/\",\"logo\":{\"@type\":\"ImageObject\",\"inLanguage\":\"et\",\"@id\":\"https:\/\/equidash.eu\/#\/schema\/logo\/image\/\",\"url\":\"https:\/\/equidash.eu\/wp-content\/uploads\/2024\/09\/EQUIDASH_Logo_Raud-1.png\",\"contentUrl\":\"https:\/\/equidash.eu\/wp-content\/uploads\/2024\/09\/EQUIDASH_Logo_Raud-1.png\",\"width\":393,\"height\":422,\"caption\":\"EquiDash\"},\"image\":{\"@id\":\"https:\/\/equidash.eu\/#\/schema\/logo\/image\/\"},\"sameAs\":[\"https:\/\/www.facebook.com\/people\/EquiDash\/61560864479586\/\",\"https:\/\/www.instagram.com\/equidash.eshop\/\"],\"email\":\"info@equidash.eu\",\"telephone\":\"+372 59007334\",\"legalName\":\"Takian Corporation O\u00dc\",\"foundingDate\":\"2020-10-21\",\"vatID\":\"EE102301283\",\"numberOfEmployees\":{\"@type\":\"QuantitativeValue\",\"minValue\":\"1\",\"maxValue\":\"10\"},\"hasMerchantReturnPolicy\":{\"@type\":\"MerchantReturnPolicy\",\"merchantReturnLink\":\"https:\/\/equidash.eu\/et\/return-privacy\/\"}}]}<\/script>\n<meta property=\"product:brand\" content=\"Unika\" \/>\n<meta property=\"product:price:amount\" content=\"36.00\" \/>\n<meta property=\"product:price:currency\" content=\"EUR\" \/>\n<meta property=\"og:availability\" content=\"backorder\" \/>\n<meta property=\"product:availability\" content=\"available for order\" \/>\n<meta property=\"product:condition\" content=\"new\" \/>\n<!-- \/ Yoast SEO Premium plugin. -->","yoast_head_json":{"title":"Unika Balls Herbs | Parima hinnaga ratsavarustuse e-pood","description":"Unika Balls Herbs | n\u00e4rimispall, mis toetab hobuse hingamisteede tervist ja pakub m\u00f5nusat vaimset stimuleerimist. 100% looduslikud \u00fcrdid.","robots":{"index":"index","follow":"follow","max-snippet":"max-snippet:-1","max-image-preview":"max-image-preview:large","max-video-preview":"max-video-preview:-1"},"canonical":"https:\/\/equidash.eu\/et\/shop\/hobune\/maiused-lisandid\/hobuste-maiused\/unika-balls-herbs\/","og_locale":"et_EE","og_type":"article","og_title":"Unika Balls Herbs","og_description":"Unika Balls Herbs | n\u00e4rimispall, mis toetab hobuse hingamisteede tervist ja pakub m\u00f5nusat vaimset stimuleerimist. 100% looduslikud \u00fcrdid.","og_url":"https:\/\/equidash.eu\/et\/shop\/hobune\/maiused-lisandid\/hobuste-maiused\/unika-balls-herbs\/","og_site_name":"Parima hinnaga ratsavarustuse e-pood","article_publisher":"https:\/\/www.facebook.com\/people\/EquiDash\/61560864479586\/","article_modified_time":"2025-10-03T09:48:30+00:00","og_image":[{"width":1000,"height":1000,"url":"https:\/\/equidash.eu\/wp-content\/uploads\/2025\/08\/unika-balls-herbs-respiration.png","type":"image\/png"}],"twitter_card":"summary_large_image","twitter_misc":{"Price":"36,00&nbsp;&euro;","Availability":"On backorder"},"schema":{"@context":"https:\/\/schema.org","@graph":[{"@type":"WebPage","@id":"https:\/\/equidash.eu\/shop\/horse\/horse-feed-nutrition\/horse-treats\/unika-balls-herbs\/","url":"https:\/\/equidash.eu\/shop\/horse\/horse-feed-nutrition\/horse-treats\/unika-balls-herbs\/","name":"Unika Balls Herbs | Parima hinnaga ratsavarustuse e-pood","isPartOf":{"@id":"https:\/\/equidash.eu\/#website"},"primaryImageOfPage":{"@id":"https:\/\/equidash.eu\/shop\/horse\/horse-feed-nutrition\/horse-treats\/unika-balls-herbs\/#primaryimage"},"image":{"@id":"https:\/\/equidash.eu\/shop\/horse\/horse-feed-nutrition\/horse-treats\/unika-balls-herbs\/#primaryimage"},"thumbnailUrl":"https:\/\/equidash.eu\/wp-content\/uploads\/2025\/08\/unika-balls-herbs-respiration.png","datePublished":"2025-08-05T09:57:52+00:00","dateModified":"2025-10-03T09:48:30+00:00","description":"Unika Balls Herbs | n\u00e4rimispall, mis toetab hobuse hingamisteede tervist ja pakub m\u00f5nusat vaimset stimuleerimist. 100% looduslikud \u00fcrdid.","breadcrumb":{"@id":"https:\/\/equidash.eu\/shop\/horse\/horse-feed-nutrition\/horse-treats\/unika-balls-herbs\/#breadcrumb"},"inLanguage":"et","potentialAction":[{"@type":"ReadAction","target":["https:\/\/equidash.eu\/shop\/horse\/horse-feed-nutrition\/horse-treats\/unika-balls-herbs\/"]}]},{"@type":"ImageObject","inLanguage":"et","@id":"https:\/\/equidash.eu\/shop\/horse\/horse-feed-nutrition\/horse-treats\/unika-balls-herbs\/#primaryimage","url":"https:\/\/equidash.eu\/wp-content\/uploads\/2025\/08\/unika-balls-herbs-respiration.png","contentUrl":"https:\/\/equidash.eu\/wp-content\/uploads\/2025\/08\/unika-balls-herbs-respiration.png","width":1000,"height":1000,"caption":"Detailvaade Unika Herbs n\u00e4rimispallist \u2013 looduslik ja k\u00e4sit\u00f6\u00f6na valmistatud"},{"@type":"BreadcrumbList","@id":"https:\/\/equidash.eu\/shop\/horse\/horse-feed-nutrition\/horse-treats\/unika-balls-herbs\/#breadcrumb","itemListElement":[{"@type":"ListItem","position":1,"name":"Home","item":"https:\/\/equidash.eu\/"},{"@type":"ListItem","position":2,"name":"Shop","item":"https:\/\/equidash.eu\/shop\/"},{"@type":"ListItem","position":3,"name":"Unika Balls Herbs"}]},{"@type":"WebSite","@id":"https:\/\/equidash.eu\/#website","url":"https:\/\/equidash.eu\/","name":"EquiDash","description":"Horse Riding Equipment and Accessories","publisher":{"@id":"https:\/\/equidash.eu\/#organization"},"alternateName":"EquiDash","potentialAction":[{"@type":"SearchAction","target":{"@type":"EntryPoint","urlTemplate":"https:\/\/equidash.eu\/?s={search_term_string}"},"query-input":{"@type":"PropertyValueSpecification","valueRequired":true,"valueName":"search_term_string"}}],"inLanguage":"et"},{"@type":"Organization","@id":"https:\/\/equidash.eu\/#organization","name":"EquiDash","alternateName":"EquiDash","url":"https:\/\/equidash.eu\/","logo":{"@type":"ImageObject","inLanguage":"et","@id":"https:\/\/equidash.eu\/#\/schema\/logo\/image\/","url":"https:\/\/equidash.eu\/wp-content\/uploads\/2024\/09\/EQUIDASH_Logo_Raud-1.png","contentUrl":"https:\/\/equidash.eu\/wp-content\/uploads\/2024\/09\/EQUIDASH_Logo_Raud-1.png","width":393,"height":422,"caption":"EquiDash"},"image":{"@id":"https:\/\/equidash.eu\/#\/schema\/logo\/image\/"},"sameAs":["https:\/\/www.facebook.com\/people\/EquiDash\/61560864479586\/","https:\/\/www.instagram.com\/equidash.eshop\/"],"email":"info@equidash.eu","telephone":"+372 59007334","legalName":"Takian Corporation O\u00dc","foundingDate":"2020-10-21","vatID":"EE102301283","numberOfEmployees":{"@type":"QuantitativeValue","minValue":"1","maxValue":"10"},"hasMerchantReturnPolicy":{"@type":"MerchantReturnPolicy","merchantReturnLink":"https:\/\/equidash.eu\/et\/return-privacy\/"}}]},"product_brand":"Unika","product_price_amount":"36.00","product_price_currency":"EUR","og_availability":"backorder","product_availability":"available for order","product_condition":"new"},"_links":{"self":[{"href":"https:\/\/equidash.eu\/et\/wp-json\/wp\/v2\/product\/4751","targetHints":{"allow":["GET"]}}],"collection":[{"href":"https:\/\/equidash.eu\/et\/wp-json\/wp\/v2\/product"}],"about":[{"href":"https:\/\/equidash.eu\/et\/wp-json\/wp\/v2\/types\/product"}],"wp:featuredmedia":[{"embeddable":true,"href":"https:\/\/equidash.eu\/et\/wp-json\/wp\/v2\/media\/4754"}],"wp:attachment":[{"href":"https:\/\/equidash.eu\/et\/wp-json\/wp\/v2\/media?parent=4751"}],"wp:term":[{"taxonomy":"product_brand","embeddable":true,"href":"https:\/\/equidash.eu\/et\/wp-json\/wp\/v2\/product_brand?post=4751"},{"taxonomy":"product_cat","embeddable":true,"href":"https:\/\/equidash.eu\/et\/wp-json\/wp\/v2\/product_cat?post=4751"},{"taxonomy":"product_tag","embeddable":true,"href":"https:\/\/equidash.eu\/et\/wp-json\/wp\/v2\/product_tag?post=4751"}],"curies":[{"name":"wp","href":"https:\/\/api.w.org\/{rel}","templated":true}]}}